{"id":74,"date":"2020-11-30T13:02:26","date_gmt":"2020-11-30T10:02:26","guid":{"rendered":"https:\/\/www.myvize.com.tr\/pakistan\/?page_id=74"},"modified":"2022-04-30T13:22:07","modified_gmt":"2022-04-30T10:22:07","slug":"antalya-konsoloslugu","status":"publish","type":"page","link":"https:\/\/www.myvize.com.tr\/pakistan\/konsolosluklar\/antalya-konsoloslugu\/","title":{"rendered":"Pakistan Antalya Konsoloslu\u011fu"},"content":{"rendered":"<h2><span style=\"font-size: 27px;\"><strong><span style=\"font-family: Roboto;\">Pakistan Antalya Konsoloslu\u011fu Hakk\u0131nda<\/span><\/strong><\/span><\/h2>\n<p><span style=\"font-family: Roboto; font-size: 14px;\"><strong>Pakistan Antalya Konsoloslu\u011fu\u2019nun<\/strong> amac\u0131 T\u00fcrkiye ve Pakistan aras\u0131ndaki ba\u011flar\u0131 geli\u015ftirmeyi ama\u00e7lamaktad\u0131r. Antalya\u2019da bulunan Pakistan Antalya Konsoloslu\u011fu\u2019nun g\u00f6revleri a\u015fa\u011f\u0131da verilmi\u015ftir.<\/span><\/p>\n<ul>\n<li><span style=\"font-family: Roboto; font-size: 14px;\"><strong>Pakistan Antalya Konsoloslu\u011fu<\/strong>, <span style=\"color: #2acec2;\"><strong><a style=\"color: #2acec2;\" href=\"https:\/\/www.myvize.com.tr\/pakistan\/subelerimiz\/ankara\/\" target=\"_blank\" rel=\"noopener\">Ankara<\/a><\/strong><\/span> Pakistan B\u00fcy\u00fckel\u00e7ili\u011fi\u2019ne ba\u011fl\u0131 olarak \u00e7al\u0131\u015fmaktad\u0131r.<\/span><\/li>\n<li><span style=\"font-family: Roboto; font-size: 14px;\">Pakistan\u2019\u0131n Devleti ve Pakistan vatanda\u015flar\u0131n\u0131n haklar\u0131n\u0131 T\u00fcrkiye hukukuna, Pakistan hukukuna ve uluslararas\u0131 hukuka ba\u011fl\u0131 olarak korumaktad\u0131r.<\/span><\/li>\n<li><span style=\"font-family: Roboto; font-size: 14px;\">Antalya\u2019da bulunan <strong>Pakistan Konsoloslu\u011fu<\/strong>, T\u00fcrkiye ile Pakistan aras\u0131ndaki ili\u015fkileri ve m\u00fczakereleri y\u00fcr\u00fctmek ve y\u00f6netmektedir.<\/span><\/li>\n<li><span style=\"font-family: Roboto; font-size: 14px;\">Antalya\u2019daki Pakistan Konsoloslu\u011fu, T\u00fcrkiye ile Pakistan aras\u0131ndaki dostluk ba\u011flar\u0131n\u0131n kurulmas\u0131n\u0131 sa\u011flamaktad\u0131r. Pakistan ile T\u00fcrkiye aras\u0131nda ekonomik ve siyasi ili\u015fkilerin geli\u015ftirilmesinde \u00f6nemli rol oynamaktad\u0131r.<\/span><\/li>\n<li><span style=\"font-family: Roboto; font-size: 14px;\"><strong>Antalya Pakistan Konsoloslu\u011fu,<\/strong> T\u00fcrkiye ya\u015fanan geli\u015fmeleri yak\u0131ndan takip ederek, Pakistan kamuoyunu bilgilendirmektedir. T\u00fcrk kamuoyunu ise Pakistan g\u00fcndemi hakk\u0131nda bilgilendirmektedir.<\/span><\/li>\n<li><span style=\"font-family: Roboto; font-size: 14px;\">T\u00fcrkiye\u2019de bulunan Pakistan vatanda\u015flar\u0131na konsolosluk ve noter hizmeti vermektedir.<\/span><\/li>\n<li><span style=\"font-family: Roboto; font-size: 14px;\">Pakistan\u2019a seyahat etmek isteyen\u00a0T\u00fcrk vatanda\u015flar\u0131na <strong>Pakistan vize hizmeti<\/strong> vermektedir.\u00a0<\/span><\/li>\n<\/ul>\n<p><span style=\"font-family: Roboto; font-size: 22px;\"><strong>Pakistan Antalya Konsoloslu\u011fu<\/strong><strong>\u00a0\u00c7al\u0131\u015fma Saatleri<\/strong><\/span><\/p>\n<p><span style=\"font-family: Roboto; font-size: 14px;\"><strong>Antalya Pakistan Konsoloslu\u011fu<\/strong>, hafta i\u00e7i saat 09.00 ile 16.45 saatleri aras\u0131nda hizmet vermektedir.<\/span><\/p>\n<p><span style=\"font-family: Roboto; font-size: 22px;\"><strong>Pakistan Antalya Konsoloslu\u011fu Adres<\/strong><\/span><\/p>\n<p><span style=\"font-family: Roboto; font-size: 14px;\">Adres: Ye\u015filbah\u00e7e Mahallesi, 1447 Sokak, No: 78, Muratpa\u015fa\/Antalya<\/span><\/p>\n<p><span style=\"font-family: Roboto; font-size: 14px;\"><span style=\"color: #2acec2;\"><a style=\"color: #2acec2;\" href=\"https:\/\/www.myvize.com.tr\/pakistan\/vize-islemleri\/\" target=\"_blank\" rel=\"noopener\"><strong>Pakistan Vize \u0130\u015flemleri<\/strong> <\/a><\/span>ile ilgili bilgi almak i\u00e7in bizi aray\u0131n.<\/span><\/p>\n","protected":false},"excerpt":{"rendered":"<p>Pakistan Antalya Konsoloslu\u011fu Hakk\u0131nda Pakistan Antalya Konsoloslu\u011fu\u2019nun amac\u0131 T\u00fcrkiye ve Pakistan aras\u0131ndaki ba\u011flar\u0131 geli\u015ftirmeyi ama\u00e7lamaktad\u0131r. Antalya\u2019da bulunan Pakistan Antalya Konsoloslu\u011fu\u2019nun g\u00f6revleri a\u015fa\u011f\u0131da verilmi\u015ftir. Pakistan Antalya Konsoloslu\u011fu, Ankara Pakistan B\u00fcy\u00fckel\u00e7ili\u011fi\u2019ne ba\u011fl\u0131 olarak \u00e7al\u0131\u015fmaktad\u0131r. Pakistan\u2019\u0131n Devleti ve Pakistan vatanda\u015flar\u0131n\u0131n haklar\u0131n\u0131 T\u00fcrkiye hukukuna, Pakistan hukukuna ve uluslararas\u0131 hukuka ba\u011fl\u0131 olarak korumaktad\u0131r. Antalya\u2019da bulunan Pakistan Konsoloslu\u011fu, T\u00fcrkiye ile Pakistan<\/p>\n","protected":false},"author":1,"featured_media":0,"parent":69,"menu_order":0,"comment_status":"open","ping_status":"closed","template":"","meta":{"footnotes":""},"class_list":["post-74","page","type-page","status-publish","hentry"],"yoast_head":"<!-- This site is optimized with the Yoast SEO plugin v24.0 - https:\/\/yoast.com\/wordpress\/plugins\/seo\/ -->\n<title>Pakistan Antalya Konsoloslu\u011fu - MyVize Vize Ba\u015fvuru Merkezi<\/title>\n<meta name=\"description\" content=\"Pakistan Konsoloslu\u011fu Antalya \u00e7al\u0131\u015fma saatleri. Pakistan Konsoloslu\u011fu Antalya ula\u015f\u0131m, ileti\u015fim bilgileri ve faaliyet alan\u0131.\" \/>\n<meta name=\"robots\" content=\"index, follow, max-snippet:-1, max-image-preview:large, max-video-preview:-1\" \/>\n<link rel=\"canonical\" href=\"https:\/\/www.myvize.com.tr\/pakistan\/konsolosluklar\/antalya-konsoloslugu\/\" \/>\n<meta property=\"og:locale\" content=\"tr_TR\" \/>\n<meta property=\"og:type\" content=\"article\" \/>\n<meta property=\"og:title\" content=\"Pakistan Antalya Konsoloslu\u011fu - MyVize Vize Ba\u015fvuru Merkezi\" \/>\n<meta property=\"og:description\" content=\"Pakistan Konsoloslu\u011fu Antalya \u00e7al\u0131\u015fma saatleri. Pakistan Konsoloslu\u011fu Antalya ula\u015f\u0131m, ileti\u015fim bilgileri ve faaliyet alan\u0131.\" \/>\n<meta property=\"og:url\" content=\"https:\/\/www.myvize.com.tr\/pakistan\/konsolosluklar\/antalya-konsoloslugu\/\" \/>\n<meta property=\"og:site_name\" content=\"Pakistan Vizesi\" \/>\n<meta property=\"article:modified_time\" content=\"2022-04-30T10:22:07+00:00\" \/>\n<meta name=\"twitter:card\" content=\"summary_large_image\" \/>\n<meta name=\"twitter:label1\" content=\"Tahmini okuma s\u00fcresi\" \/>\n\t<meta name=\"twitter:data1\" content=\"1 dakika\" \/>\n<script type=\"application\/ld+json\" class=\"yoast-schema-graph\">{\"@context\":\"https:\/\/schema.org\",\"@graph\":[{\"@type\":\"WebPage\",\"@id\":\"https:\/\/www.myvize.com.tr\/pakistan\/konsolosluklar\/antalya-konsoloslugu\/\",\"url\":\"https:\/\/www.myvize.com.tr\/pakistan\/konsolosluklar\/antalya-konsoloslugu\/\",\"name\":\"Pakistan Antalya Konsoloslu\u011fu - MyVize Vize Ba\u015fvuru Merkezi\",\"isPartOf\":{\"@id\":\"https:\/\/www.myvize.com.tr\/pakistan\/#website\"},\"datePublished\":\"2020-11-30T10:02:26+00:00\",\"dateModified\":\"2022-04-30T10:22:07+00:00\",\"description\":\"Pakistan Konsoloslu\u011fu Antalya \u00e7al\u0131\u015fma saatleri. Pakistan Konsoloslu\u011fu Antalya ula\u015f\u0131m, ileti\u015fim bilgileri ve faaliyet alan\u0131.\",\"breadcrumb\":{\"@id\":\"https:\/\/www.myvize.com.tr\/pakistan\/konsolosluklar\/antalya-konsoloslugu\/#breadcrumb\"},\"inLanguage\":\"tr\",\"potentialAction\":[{\"@type\":\"ReadAction\",\"target\":[\"https:\/\/www.myvize.com.tr\/pakistan\/konsolosluklar\/antalya-konsoloslugu\/\"]}]},{\"@type\":\"BreadcrumbList\",\"@id\":\"https:\/\/www.myvize.com.tr\/pakistan\/konsolosluklar\/antalya-konsoloslugu\/#breadcrumb\",\"itemListElement\":[{\"@type\":\"ListItem\",\"position\":1,\"name\":\"Anasayfa\",\"item\":\"https:\/\/www.myvize.com.tr\/pakistan\/\"},{\"@type\":\"ListItem\",\"position\":2,\"name\":\"KONSOLOSLUKLAR\",\"item\":\"https:\/\/www.myvize.com.tr\/pakistan\/konsolosluklar\/\"},{\"@type\":\"ListItem\",\"position\":3,\"name\":\"Pakistan Antalya Konsoloslu\u011fu\"}]},{\"@type\":\"WebSite\",\"@id\":\"https:\/\/www.myvize.com.tr\/pakistan\/#website\",\"url\":\"https:\/\/www.myvize.com.tr\/pakistan\/\",\"name\":\"Pakistan Vizesi\",\"description\":\"\",\"potentialAction\":[{\"@type\":\"SearchAction\",\"target\":{\"@type\":\"EntryPoint\",\"urlTemplate\":\"https:\/\/www.myvize.com.tr\/pakistan\/?s={search_term_string}\"},\"query-input\":{\"@type\":\"PropertyValueSpecification\",\"valueRequired\":true,\"valueName\":\"search_term_string\"}}],\"inLanguage\":\"tr\"}]}<\/script>\n<!-- \/ Yoast SEO plugin. -->","yoast_head_json":{"title":"Pakistan Antalya Konsoloslu\u011fu - MyVize Vize Ba\u015fvuru Merkezi","description":"Pakistan Konsoloslu\u011fu Antalya \u00e7al\u0131\u015fma saatleri. Pakistan Konsoloslu\u011fu Antalya ula\u015f\u0131m, ileti\u015fim bilgileri ve faaliyet alan\u0131.","robots":{"index":"index","follow":"follow","max-snippet":"max-snippet:-1","max-image-preview":"max-image-preview:large","max-video-preview":"max-video-preview:-1"},"canonical":"https:\/\/www.myvize.com.tr\/pakistan\/konsolosluklar\/antalya-konsoloslugu\/","og_locale":"tr_TR","og_type":"article","og_title":"Pakistan Antalya Konsoloslu\u011fu - MyVize Vize Ba\u015fvuru Merkezi","og_description":"Pakistan Konsoloslu\u011fu Antalya \u00e7al\u0131\u015fma saatleri. Pakistan Konsoloslu\u011fu Antalya ula\u015f\u0131m, ileti\u015fim bilgileri ve faaliyet alan\u0131.","og_url":"https:\/\/www.myvize.com.tr\/pakistan\/konsolosluklar\/antalya-konsoloslugu\/","og_site_name":"Pakistan Vizesi","article_modified_time":"2022-04-30T10:22:07+00:00","twitter_card":"summary_large_image","twitter_misc":{"Tahmini okuma s\u00fcresi":"1 dakika"},"schema":{"@context":"https:\/\/schema.org","@graph":[{"@type":"WebPage","@id":"https:\/\/www.myvize.com.tr\/pakistan\/konsolosluklar\/antalya-konsoloslugu\/","url":"https:\/\/www.myvize.com.tr\/pakistan\/konsolosluklar\/antalya-konsoloslugu\/","name":"Pakistan Antalya Konsoloslu\u011fu - MyVize Vize Ba\u015fvuru Merkezi","isPartOf":{"@id":"https:\/\/www.myvize.com.tr\/pakistan\/#website"},"datePublished":"2020-11-30T10:02:26+00:00","dateModified":"2022-04-30T10:22:07+00:00","description":"Pakistan Konsoloslu\u011fu Antalya \u00e7al\u0131\u015fma saatleri. Pakistan Konsoloslu\u011fu Antalya ula\u015f\u0131m, ileti\u015fim bilgileri ve faaliyet alan\u0131.","breadcrumb":{"@id":"https:\/\/www.myvize.com.tr\/pakistan\/konsolosluklar\/antalya-konsoloslugu\/#breadcrumb"},"inLanguage":"tr","potentialAction":[{"@type":"ReadAction","target":["https:\/\/www.myvize.com.tr\/pakistan\/konsolosluklar\/antalya-konsoloslugu\/"]}]},{"@type":"BreadcrumbList","@id":"https:\/\/www.myvize.com.tr\/pakistan\/konsolosluklar\/antalya-konsoloslugu\/#breadcrumb","itemListElement":[{"@type":"ListItem","position":1,"name":"Anasayfa","item":"https:\/\/www.myvize.com.tr\/pakistan\/"},{"@type":"ListItem","position":2,"name":"KONSOLOSLUKLAR","item":"https:\/\/www.myvize.com.tr\/pakistan\/konsolosluklar\/"},{"@type":"ListItem","position":3,"name":"Pakistan Antalya Konsoloslu\u011fu"}]},{"@type":"WebSite","@id":"https:\/\/www.myvize.com.tr\/pakistan\/#website","url":"https:\/\/www.myvize.com.tr\/pakistan\/","name":"Pakistan Vizesi","description":"","potentialAction":[{"@type":"SearchAction","target":{"@type":"EntryPoint","urlTemplate":"https:\/\/www.myvize.com.tr\/pakistan\/?s={search_term_string}"},"query-input":{"@type":"PropertyValueSpecification","valueRequired":true,"valueName":"search_term_string"}}],"inLanguage":"tr"}]}},"_links":{"self":[{"href":"https:\/\/www.myvize.com.tr\/pakistan\/wp-json\/wp\/v2\/pages\/74","targetHints":{"allow":["GET"]}}],"collection":[{"href":"https:\/\/www.myvize.com.tr\/pakistan\/wp-json\/wp\/v2\/pages"}],"about":[{"href":"https:\/\/www.myvize.com.tr\/pakistan\/wp-json\/wp\/v2\/types\/page"}],"author":[{"embeddable":true,"href":"https:\/\/www.myvize.com.tr\/pakistan\/wp-json\/wp\/v2\/users\/1"}],"replies":[{"embeddable":true,"href":"https:\/\/www.myvize.com.tr\/pakistan\/wp-json\/wp\/v2\/comments?post=74"}],"version-history":[{"count":3,"href":"https:\/\/www.myvize.com.tr\/pakistan\/wp-json\/wp\/v2\/pages\/74\/revisions"}],"predecessor-version":[{"id":649,"href":"https:\/\/www.myvize.com.tr\/pakistan\/wp-json\/wp\/v2\/pages\/74\/revisions\/649"}],"up":[{"embeddable":true,"href":"https:\/\/www.myvize.com.tr\/pakistan\/wp-json\/wp\/v2\/pages\/69"}],"wp:attachment":[{"href":"https:\/\/www.myvize.com.tr\/pakistan\/wp-json\/wp\/v2\/media?parent=74"}],"curies":[{"name":"wp","href":"https:\/\/api.w.org\/{rel}","templated":true}]}}