{"id":78,"date":"2020-11-30T13:03:47","date_gmt":"2020-11-30T10:03:47","guid":{"rendered":"https:\/\/www.myvize.com.tr\/pakistan\/?page_id=78"},"modified":"2022-04-30T14:37:49","modified_gmt":"2022-04-30T11:37:49","slug":"izmir-baskonsoloslugu","status":"publish","type":"page","link":"https:\/\/www.myvize.com.tr\/pakistan\/konsolosluklar\/izmir-baskonsoloslugu\/","title":{"rendered":"Pakistan \u0130zmir Ba\u015fkonsoloslu\u011fu"},"content":{"rendered":"<p><span style=\"font-family: Roboto;\"><\/span><\/p>\r\n<p><span style=\"font-family: Roboto; font-size: 14px;\">Bu makale de sizlere <strong>Pakistan \u0130zmir Fahri Konsoloslu\u011fu<\/strong> ile ilgili; g\u00f6rev b\u00f6lgesi ve \u00e7al\u0131\u015fma saatleri hakk\u0131nda bilgi verece\u011fiz. Ayn\u0131 zamanda konsoloslu\u011fun\u00a0 ne demek oldu\u011fu ve Pakistan vize gereklilikleri hakk\u0131nda da bilgi verece\u011fiz.<\/span><\/p>\r\n<h2><span style=\"font-size: 27px;\"><strong><span style=\"font-family: Roboto;\">Pakistan \u0130zmir Konsolosluk<\/span><\/strong><\/span><\/h2>\r\n<p><span style=\"font-family: Roboto; font-size: 14px;\">Ba\u011fl\u0131 bulundu\u011fu h\u00fck\u00fcmete siyasal ve ticari bilgileri veren d\u0131\u015f i\u015fleri g\u00f6revlisine konsolosluk ad\u0131 verilir.<\/span><\/p>\r\n<h2><span style=\"font-size: 27px;\"><strong><span style=\"font-family: Roboto;\">Pakistan \u0130zmir Ba\u015fkonsoloslu\u011fu Hakk\u0131nda<\/span><\/strong><\/span><\/h2>\r\n<p><span style=\"font-family: Roboto; font-size: 14px;\">Pakistan\u2019\u0131n \u0130zmir\u2019de bulunan <strong>Pakistan \u0130zmir Ba\u015fkonsoloslu\u011fu<\/strong>, Pakistan\u2019\u0131n T\u00fcrkiye\u2019deki diplomatik temsilciliklerindendir. Pakistan\u2019\u0131n \u0130zmir Ba\u015fkonsoloslu\u011fu\u2019nun g\u00f6revleri a\u015fa\u011f\u0131da verilmi\u015ftir.<\/span><\/p>\r\n<ul>\r\n<li><span style=\"font-family: Roboto; font-size: 14px;\"><strong>Pakistan \u0130zmir Ba\u015fkonsoloslu\u011fu<\/strong>, Pakistan Ankara B\u00fcy\u00fckel\u00e7ili\u011fi\u2019nin verdi\u011fi g\u00f6revleri yerine getirmektedir. Pakistan Ankara B\u00fcy\u00fckel\u00e7ili\u011fi\u2019ne ba\u011fl\u0131 olarak faaliyet g\u00f6stermektedir.<\/span><\/li>\r\n<li><span style=\"font-family: Roboto; font-size: 14px;\"><strong>Pakistan \u0130zmir Ba\u015fkonsoloslu\u011fu<\/strong>, Pakistan\u2019\u0131n ve Pakistan vatanda\u015flar\u0131n\u0131n hak ve \u00e7\u0131karlar\u0131n\u0131 Pakistan hukukuna ve T\u00fcrk hukukuna ba\u011fl\u0131 olarak korumaktad\u0131r.<\/span><\/li>\r\n<li><span style=\"font-family: Roboto; font-size: 14px;\">Pakistan vatanda\u015flar\u0131n\u0131n<span style=\"color: #2acec2;\"><strong><a style=\"color: #2acec2;\" href=\"https:\/\/www.myvize.com.tr\/pakistan\/subelerimiz\/izmir\/\" target=\"_blank\" rel=\"noopener\"> \u0130zmir<\/a><\/strong><\/span> ve \u00e7evresinde bulunan ticari i\u015flerinde destek olmakta, \u0130zmir ve \u00e7evresinde i\u015f kuran Pakistan vatanda\u015flar\u0131na destek olmaktad\u0131r.<\/span><\/li>\r\n<li><span style=\"font-family: Roboto; font-size: 14px;\">\u0130zmir\u2019de bulunan <strong>Pakistan \u0130zmir Ba\u015fkonsoloslu\u011fu<\/strong>, T\u00fcrkiye ile Pakistan aras\u0131ndaki ikili ili\u015fkileri ve m\u00fczakereleri y\u00fcr\u00fctmektedir.<\/span><\/li>\r\n<li><span style=\"font-family: Roboto; font-size: 14px;\">\u0130zmir\u2019de bulunan Pakistan Ba\u015fkonsoloslu\u011fu, T\u00fcrkiye ile Pakistan ba\u011flar\u0131n\u0131n geli\u015fmesine destek olmaktad\u0131r.<\/span><\/li>\r\n<li><span style=\"font-family: Roboto; font-size: 14px;\">Pakistan \u0130zmir Ba\u015fkonsoloslu\u011fu, T\u00fcrkiye\u2019deki ve g\u00f6rev b\u00f6lgesi i\u00e7erisindeki geli\u015fmeleri yak\u0131ndan takip etmekte ve Pakistan kamuoyunu bilgilendirmektedir.<\/span><\/li>\r\n<li><span style=\"font-family: Roboto; font-size: 14px;\">T\u00fcrkiye\u2019deki<strong> Pakistan \u0130zmir Ba\u015fkonsoloslu\u011fu<\/strong>, Pakistan vatanda\u015flar\u0131na konsolosluk hizmeti vermektedir.<\/span><\/li>\r\n<li><span style=\"font-family: Roboto; font-size: 14px;\">Pakistan \u0130zmir Ba\u015fkonsoloslu\u011fu, T\u00fcrkiye Cumhuriyeti vatanda\u015flar\u0131na Pakistan seyahatleri i\u00e7in vize hizmeti vermektedir.<\/span><\/li>\r\n<\/ul>\r\n<p><span style=\"font-family: Roboto; font-size: 20px;\"><strong>Pakistan \u0130zmir Ba\u015fkonsoloslu\u011fu \u00c7al\u0131\u015fma Saatleri\u00a0<\/strong><\/span><\/p>\r\n<p><span style=\"font-family: Roboto; font-size: 14px;\"><strong>Pakistan \u0130zmir Ba\u015fkonsoloslu\u011fu<\/strong> hafta i\u00e7i saat 09.00 ile 17.00 aras\u0131nda hizmet vermektedir.<\/span><\/p>\r\n<p><span style=\"font-family: Roboto; font-size: 20px;\"><strong>Pakistan\u00a0\u0130zmir Ba\u015fkonsoloslu\u011fu \u0130leti\u015fim Bilgileri<\/strong><\/span><\/p>\r\n<p><span style=\"font-family: Roboto; font-size: 14px;\">Adres: Mersinli Mahallesi, 2823. Sokak, 133\/A, PK: 35170 Konak\/\u0130zmir<\/span><\/p>\r\n<p><span style=\"font-family: Roboto; font-size: 14px;\"><span style=\"color: #2acec2;\"><strong><a style=\"color: #2acec2;\" href=\"https:\/\/www.myvize.com.tr\/pakistan\/pakistan-vize-ucreti\/\" target=\"_blank\" rel=\"noopener\">Pakistan Vize \u00dccreti <\/a><\/strong><\/span>ile ilgili bilgi almak i\u00e7in bizi aray\u0131n.<\/span><\/p>\r\n<h2><span style=\"font-family: Roboto; font-size: 27px;\"><strong>Pakistan \u0130zmir Ba\u015fkonsolosu Kimdir?<\/strong><\/span><\/h2>\r\n<p><span style=\"font-family: Roboto; font-size: 14px;\">\u00dclkemizin bir d\u00f6nem ayn\u0131 pakt i\u00e7inde yer ald\u0131\u011f\u0131 Pakistan Asya k\u0131tas\u0131n\u0131n en \u00f6nemli \u00fclkelerinden bir tanesidir. A\u011f\u0131rl\u0131kl\u0131 olarak \u0130slam dini olan Pakistan ile T\u00fcrkiye aras\u0131nda her anlamda \u00e7ok g\u00fc\u00e7l\u00fc ba\u011flar vard\u0131r<strong>.\u00a0<\/strong>\u00dclkemizden hem ticari ama\u00e7l\u0131 olarak, hem gezi ama\u00e7l\u0131 hem de ba\u015fka nedenlerden \u00f6t\u00fcr\u00fc bu \u00fclkeye seyahatler yap\u0131lmaktad\u0131r. \u00d6zellikle \u0130zmir kentinde olanlar vize i\u015flemleri i\u00e7in<strong>\u00a0<\/strong>Pakistan \u0130zmir Ba\u015fkonslu\u011funa gidiyorlar. Bu noktada da insanlar acaba\u00a0<strong>Pakistan \u0130zmir Ba\u015fkonsolosu kimdir\u00a0<\/strong>\u00a0diye merak ediyorlar.Bu sorunun yan\u0131t\u0131 ise \u015f\u00f6yledir: Bu noktada \u00f6ncelikli olarak \u015funu ifade etmek gerekir. \u0130zmir\u2019de olan Pakistan Konsoloslu\u011fu fahri konsolosluktur. Yani g\u00f6n\u00fcll\u00fc olarak faaliyet g\u00f6steren bir ki\u015fidir. Elbette alan\u0131nda uzman ve deneyimli olan bir ki\u015fidir. Lakin Pakistan Konsoloslu\u011fu sitelerinde Pakistan \u0130zmir konsolosunun kim oldu\u011fu konusunda net bir bilgi mevcut de\u011fildir. Bu konuyu merak eden ve tam olarak bilgi almak isteyen ki\u015filer Pakistan \u0130zmir Fahrikonsolu\u011fu\u2019nu arayarak konsolosun ad\u0131n\u0131, kim oldu\u011funu ve di\u011fer t\u00fcm bilgileri alabilirler. Bura ile ilgili yetkili olan ki\u015fi ise Cahit Ya\u015far Eren isimli ki\u015fidir.<\/span><\/p>\r\n<h2><span style=\"font-family: Roboto; font-size: 27px;\"><strong>Pakistan \u0130zmir Ba\u015fkonsoloslu\u011fu Vize \u0130\u015flemleri<\/strong><\/span><\/h2>\r\n<p><span style=\"font-family: Roboto; font-size: 14px;\">Daha \u00f6nce\u00a0 herhangi bir fahri konsolosluktan hizmet alanlar\u0131n \u00e7ok iyi bildi\u011fi gibi bu tarzda hizmet veren kurumlar\u0131n yetki ve kapsama alanlar\u0131 s\u0131n\u0131rl\u0131d\u0131r.\u00a0<strong>Pakistan \u0130zmir Ba\u015fkonsoloslu\u011fu vize i\u015flemleri\u00a0<\/strong>\u015fu \u015fekilde ger\u00e7ekle\u015fir: Bu konsoloslu\u011fun hizmet kapsam\u0131ndan \u00f6ncelikli olarak bahsetmek gerekir ise kapsama alan\u0131 <strong>\u0130zmir ve \u0130zmir \u00e7evresinde<\/strong> olan iller \u00a0ile s\u0131n\u0131rl\u0131d\u0131r. Yani belirlenmi\u015f olan bir b\u00f6lgeye \u00f6zel tatil g\u00fcnleri hari\u00e7 mesai saatleri i\u00e7inde hizmet verirler.\u00a0 Konsolosluklar Pakistan\u2019a gidecek olan T\u00fcrk vatanda\u015flar\u0131 ve Pakistan\u2019l\u0131 olup \u00fclkemizde ya\u015fayan ki\u015filer i\u00e7in hizmet verir. Ayr\u0131ca iki \u00fclke aras\u0131nda k\u00fclt\u00fcrel faaliyetlerin y\u00fcr\u00fct\u00fclmesi noktas\u0131nda da son derece \u00f6nemli i\u015flevleri olan bir kurumdur. Bu noktada da g\u00f6revlerini eksiksiz olarak yaparlar.\u00a0 Pakistan vatanda\u015flar\u0131n\u0131n evrak tasdiki, nikah, do\u011fum belgesi, e\u011fitim belgesi tasdiki, pasaport yenileme gibi i\u015flerini yaparlar. Bu noktada hizmet veren ilgili birimleri vard\u0131r. Pakistan vatanda\u015flar\u0131n\u0131n bu b\u00f6l\u00fcmlere ba\u015fvuru yapmas\u0131 gerekir.<\/span><\/p>\r\n<h3><span style=\"font-family: Roboto; font-size: 24px;\"><strong>Pakistan \u0130zmir Ba\u015fkonsoloslu\u011fu Vize Ba\u015fvurusu<\/strong><\/span><\/h3>\r\n<p><span style=\"font-family: Roboto; font-size: 14px;\"><strong>\u00dcstte verilen bu genel bilgilerden sonra i\u015fin \u00f6z\u00fcnde en \u00e7ok merak edilen olgunun Pakistan\u2019a gidecek olan ki\u015filer i\u00e7in Pakistan vize ba\u015fvurusunun nas\u0131l yap\u0131ld\u0131\u011f\u0131 olgusudur.\u00a0<\/strong><strong>Pakistan \u0130zmir Ba\u015fkonsoloslu\u011fu vize ba\u015fvurusu\u00a0<\/strong>ad\u0131mlar\u0131 i\u00e7in s\u00f6ylenebilecek olanlar ise \u015funlard\u0131r. Pakistan de\u011fi\u015fik t\u00fcrde \u00fclkelerine gidecek olan T\u00fcrk vatanda\u015flar\u0131ndan vize istemektedir. Gezi ama\u00e7l\u0131 olarak gidecek olanlardan turistik vize, i\u015f i\u00e7in gidecek olanlardan ticari vize, e\u011fitim i\u00e7in gidecek olanlardan e\u011fitim vizesi aile ziyaretine gidecek olanlardan aile ziyareti vizesi ve ge\u00e7ici \u00e7al\u0131\u015fmaya gidecek olanlardan \u00e7al\u0131\u015fma vizesi ister. Buna g\u00f6re de istenen evraklar\u0131n haz\u0131rlanmas\u0131 ve ilgili vize t\u00fcr\u00fc i\u00e7in vize \u00fccretinin \u00f6denmesi ve bunlar\u0131n bir dosya haline getirilecek ba\u015fvuru yap\u0131lmas\u0131 gerekir. Ba\u015fvurular i\u00e7in \u00f6nceden randevu al\u0131nmas\u0131 ve randevu g\u00fcn ve saatinde dakik olarak orada olmak gerekir. Eksik evrak ya da zaman\u0131nda gelmeme durumunda vize ba\u015fvurusu reddedilebilir.<\/span><\/p>\r\n<h3><span style=\"font-family: Roboto; font-size: 24px;\"><strong>Pakistan \u0130zmir Ba\u015fkonsoloslu\u011fu Vize Randevusu<\/strong><\/span><\/h3>\r\n<p><span style=\"font-family: Roboto; font-size: 14px;\"><strong>Pakistan \u0130zmir Ba\u015fkonsoloslu\u011fu vize randevusu\u00a0<\/strong>almak i\u00e7in \u00f6ncelikli olarak yap\u0131lmas\u0131 gereken \u015fey ki\u015finin kendi ya\u015fad\u0131\u011f\u0131 kentte veya kentine en yak\u0131n s\u0131n\u0131rlar\u0131 i\u00e7inde <strong>Pakistan B\u00fcy\u00fckel\u00e7ili\u011fi<\/strong> ya da Pakistan Konsolosluklar\u0131na ba\u015fvuru yapmas\u0131 gerekir. Ya da vize i\u015flemleri i\u00e7in yetkilendirilmi\u015f olan akredite olan vize ba\u015fvuru merkezleri \u00fczerinden de i\u015flem yap\u0131labilir. Burada tercih tamamen ki\u015finin kendi tercihine kalm\u0131\u015f durumdad\u0131r. \u015eahsi yap\u0131lacak olan vize ba\u015fvurular\u0131nda konsolosluk do\u011frudan aranarak randevu talebinde bulunmak gerekir. Online olarak internet \u00fczerinden vize randevusu al\u0131nma durumu mevcut de\u011fildir.<span style=\"color: #2acec2;\"><strong><a style=\"color: #2acec2;\" href=\"https:\/\/www.myvize.com.tr\/pakistan\/konsolosluklar\/\" target=\"_blank\" rel=\"noopener\">\u00a0 Pakistan Konsoloslu\u011fu<\/a><\/strong><\/span> bu noktada son derece hassast\u0131r. En ufak bir hataya yer vermez. Pakistan\u2019a yap\u0131lacak seyahatlerde hizmet, diplomatik ya da hususi pasaportu olanlar vize almadan 90 g\u00fcn s\u00fcre ile bu \u00fclkeye gidebilirler. Bu \u00fc\u00e7 kesim d\u0131\u015f\u0131nda muafiyeti olan bir kesim yoktur. Vize randevusu al\u0131nd\u0131ktan sonra yap\u0131lan ba\u015fvurular herhangi eksik bir evrak olmamas\u0131 durumunda 5 i\u015f g\u00fcn\u00fc i\u00e7inde neticelenmektedir.<\/span><\/p>\r\n<p><span style=\"font-family: Roboto; font-size: 14px;\">\r\n\r\n<\/span><\/p>\r\n<p><span style=\"font-family: Roboto; font-size: 14px;\">\r\n\r\n<\/span><\/p>\r\n<h3><strong><span style=\"font-family: Roboto; font-size: 24px;\">Pakistan \u0130zmir Konsoloslu\u011fu G\u00f6rev B\u00f6lgesi<\/span><\/strong><\/h3>\r\n<p><span style=\"font-family: Roboto; font-size: 14px;\">\u00d6ncelikle \u015funu s\u00f6yleyelim <strong>Pakistan b\u00f6lgesel \u015fartlar<\/strong> nedeniyle a\u015f\u0131 kart\u0131 uygulamas\u0131 yap\u0131yor. Yolculu\u011funuz \u00f6ncesi hepatit, tetanos, s\u0131tma, kuduz, sar\u0131humma a\u015f\u0131lar\u0131n\u0131 yapt\u0131rman\u0131z gerekiyor. Zaten Pakistan\u2019a giri\u015f yapt\u0131\u011f\u0131n\u0131zda s\u0131n\u0131r polisi a\u015f\u0131 kart\u0131n\u0131z\u0131 kontrol ediyor. Bir de \u00a0yolculu\u011funuz s\u0131ras\u0131nda otel rezervasyonlar\u0131n\u0131z, davetiyeniz ve u\u00e7ak biletlerinizin de yan\u0131n\u0131zda olmas\u0131 gerekiyor.<\/span><\/p>\r\n<p><span style=\"font-family: Roboto; font-size: 14px;\">\r\n\r\n<\/span><\/p>\r\n<p><span style=\"font-family: Roboto; font-size: 14px;\">Pakistan\u2019a giderseniz, \u00fclkeye giri\u015f yapt\u0131ktan sonra, <strong>T\u00fcrkiye \u0130slamabad B\u00fcy\u00fckel\u00e7ili\u011fi<\/strong> ya da Kara\u00e7i Ba\u015fkonsoloslu\u011fu\u2019na giderek bildirme yapman\u0131z\u00a0gerekiyor. Pakistan ziyaretiniz esnas\u0131nda ya\u015fayabilece\u011finiz sorunlar\u0131n giderilmesinin daha kolay olmas\u0131 i\u00e7in b\u00f6yle bir \u015fey yap\u0131l\u0131yor.<\/span><br \/><span style=\"font-family: Roboto; font-size: 14px;\">T\u00fcrkiye Cumhuriyeti vatanda\u015flar\u0131na konsoloslu\u011fa \u015fahsen gitmenize gerek olmadan ger\u00e7ekle\u015ftirilebilece\u011finiz internet \u00fczerinden ba\u015fvuru\u00a0<\/span><br \/><span style=\"font-family: Roboto; font-size: 14px;\">yapabilece\u011finiz Elektronik Vize Ba\u015fvuru sistemi uyguluyor Pakistan Devleti.<\/span><br \/><span style=\"font-family: Roboto; font-size: 14px;\">Pakistan Elektronik Vize Ba\u015fvuru&#8217;sunu ger\u00e7ekle\u015ftirebilmeniz i\u00e7in haz\u0131rlaman\u0131z laz\u0131m olan evraklar \u015funlard\u0131r;<\/span><br \/><span style=\"font-family: Roboto; font-size: 14px;\">Elektronik ba\u015fvuru yapman\u0131z i\u00e7in gerekenler;\u00a0<\/span><br \/><span style=\"font-family: Roboto; font-size: 14px;\">\u2022 Ba\u015fvuru yapacak ki\u015fiye ait olan ge\u00e7erlili\u011fi devam eden Pasaportun resimli olan sayfas\u0131n\u0131n okunakl\u0131 bir \u015fekilde tarat\u0131lm\u0131\u015f g\u00f6r\u00fcnt\u00fcs\u00fc.\u00a0<\/span><br \/><span style=\"font-family: Roboto; font-size: 14px;\">\u2022 Beyaz Arka Fontu olacak \u015fekilde tarat\u0131lm\u0131\u015f olan bir adet biometrik foto\u011fraf.<\/span><br \/><span style=\"font-family: Roboto; font-size: 14px;\">\u2022 Tam Vukuatl\u0131 bir N\u00fcfus Kay\u0131t \u00d6rne\u011fi.<\/span><br \/><span style=\"font-family: Roboto; font-size: 14px;\">\u2022 E\u011fer var ise Otel veya U\u00e7ak Rezervasyonu ya da Davetiye. \u00a0<\/span><br \/><span style=\"font-family: Roboto; font-size: 14px;\">Yukar\u0131daki s\u00f6yledi\u011fimiz evraklar\u0131 ilgili yerlere ula\u015ft\u0131rd\u0131\u011f\u0131n\u0131zda\u00a0direkt Konsoloslu\u011fa gitmenize gerek olmadan sizin i\u00e7in Pakistan Elektronik Vize Ba\u015fvurunuzu ger\u00e7ekle\u015ftiriyorlar.<\/span><\/p>\r\n<p><span style=\"font-family: Roboto; font-size: 14px;\">\r\n\r\n<\/span><\/p>\r\n<h3><span style=\"font-size: 24px;\"><strong><span style=\"font-family: Roboto;\">Pakistan \u0130zmir Konsoloslu\u011fu \u00c7al\u0131\u015fma Saatleri<\/span><\/strong><\/span><br \/><span style=\"font-family: Roboto; font-size: 14px;\">\u00c7al\u0131\u015fma saatleri a\u015fa\u011f\u0131daki gibidir;<\/span><br \/><span style=\"font-family: Roboto; font-size: 14px;\">Pazartesi \u00a0: 8.30-18.00<\/span><br \/><span style=\"font-family: Roboto; font-size: 14px;\">Sal\u0131\u00a0 \u00a0 \u00a0 \u00a0 \u00a0 \u00a0: 8.30-18.00<\/span><br \/><span style=\"font-family: Roboto; font-size: 14px;\">\u00c7ar\u015famba : 8.30-18.00<\/span><br \/><span style=\"font-family: Roboto; font-size: 14px;\">Per\u015fembe : 8.30-18.00<\/span><br \/><span style=\"font-family: Roboto; font-size: 14px;\">Cuma\u00a0 \u00a0 \u00a0 \u00a0 : 8.30-18.00<\/span><br \/><span style=\"font-family: Roboto; font-size: 14px;\">Cumartesi : 10.00-14.00<\/span><\/h3>\r\n<p><span style=\"font-family: Roboto;\"><\/span><\/p>","protected":false},"excerpt":{"rendered":"<p>Bu makale de sizlere Pakistan \u0130zmir Fahri Konsoloslu\u011fu ile ilgili; g\u00f6rev b\u00f6lgesi ve \u00e7al\u0131\u015fma saatleri hakk\u0131nda bilgi verece\u011fiz. Ayn\u0131 zamanda konsoloslu\u011fun\u00a0 ne demek oldu\u011fu ve Pakistan vize gereklilikleri hakk\u0131nda da bilgi verece\u011fiz. Pakistan \u0130zmir Konsolosluk Ba\u011fl\u0131 bulundu\u011fu h\u00fck\u00fcmete siyasal ve ticari bilgileri veren d\u0131\u015f i\u015fleri g\u00f6revlisine konsolosluk ad\u0131 verilir. Pakistan \u0130zmir Ba\u015fkonsoloslu\u011fu Hakk\u0131nda Pakistan\u2019\u0131n \u0130zmir\u2019de<\/p>\n","protected":false},"author":1,"featured_media":0,"parent":69,"menu_order":0,"comment_status":"open","ping_status":"closed","template":"","meta":{"footnotes":""},"class_list":["post-78","page","type-page","status-publish","hentry"],"yoast_head":"<!-- This site is optimized with the Yoast SEO plugin v24.0 - https:\/\/yoast.com\/wordpress\/plugins\/seo\/ -->\n<title>Pakistan \u0130zmir Ba\u015fkonsoloslu\u011fu - MyVize Vize Ba\u015fvuru Merkezi<\/title>\n<meta name=\"description\" content=\"Pakistan \u0130zmir Ba\u015fkonsoloslu\u011fu \u00e7al\u0131\u015fma saatleri. Pakistan \u0130zmir Ba\u015fkonsoloslu\u011fu ula\u015f\u0131m, ileti\u015fim bilgileri ve faaliyet alan\u0131.\" \/>\n<meta name=\"robots\" content=\"index, follow, max-snippet:-1, max-image-preview:large, max-video-preview:-1\" \/>\n<link rel=\"canonical\" href=\"https:\/\/www.myvize.com.tr\/pakistan\/konsolosluklar\/izmir-baskonsoloslugu\/\" \/>\n<meta property=\"og:locale\" content=\"tr_TR\" \/>\n<meta property=\"og:type\" content=\"article\" \/>\n<meta property=\"og:title\" content=\"Pakistan \u0130zmir Ba\u015fkonsoloslu\u011fu - MyVize Vize Ba\u015fvuru Merkezi\" \/>\n<meta property=\"og:description\" content=\"Pakistan \u0130zmir Ba\u015fkonsoloslu\u011fu \u00e7al\u0131\u015fma saatleri. Pakistan \u0130zmir Ba\u015fkonsoloslu\u011fu ula\u015f\u0131m, ileti\u015fim bilgileri ve faaliyet alan\u0131.\" \/>\n<meta property=\"og:url\" content=\"https:\/\/www.myvize.com.tr\/pakistan\/konsolosluklar\/izmir-baskonsoloslugu\/\" \/>\n<meta property=\"og:site_name\" content=\"Pakistan Vizesi\" \/>\n<meta property=\"article:modified_time\" content=\"2022-04-30T11:37:49+00:00\" \/>\n<meta name=\"twitter:card\" content=\"summary_large_image\" \/>\n<meta name=\"twitter:label1\" content=\"Tahmini okuma s\u00fcresi\" \/>\n\t<meta name=\"twitter:data1\" content=\"5 dakika\" \/>\n<script type=\"application\/ld+json\" class=\"yoast-schema-graph\">{\"@context\":\"https:\/\/schema.org\",\"@graph\":[{\"@type\":\"WebPage\",\"@id\":\"https:\/\/www.myvize.com.tr\/pakistan\/konsolosluklar\/izmir-baskonsoloslugu\/\",\"url\":\"https:\/\/www.myvize.com.tr\/pakistan\/konsolosluklar\/izmir-baskonsoloslugu\/\",\"name\":\"Pakistan \u0130zmir Ba\u015fkonsoloslu\u011fu - MyVize Vize Ba\u015fvuru Merkezi\",\"isPartOf\":{\"@id\":\"https:\/\/www.myvize.com.tr\/pakistan\/#website\"},\"datePublished\":\"2020-11-30T10:03:47+00:00\",\"dateModified\":\"2022-04-30T11:37:49+00:00\",\"description\":\"Pakistan \u0130zmir Ba\u015fkonsoloslu\u011fu \u00e7al\u0131\u015fma saatleri. Pakistan \u0130zmir Ba\u015fkonsoloslu\u011fu ula\u015f\u0131m, ileti\u015fim bilgileri ve faaliyet alan\u0131.\",\"breadcrumb\":{\"@id\":\"https:\/\/www.myvize.com.tr\/pakistan\/konsolosluklar\/izmir-baskonsoloslugu\/#breadcrumb\"},\"inLanguage\":\"tr\",\"potentialAction\":[{\"@type\":\"ReadAction\",\"target\":[\"https:\/\/www.myvize.com.tr\/pakistan\/konsolosluklar\/izmir-baskonsoloslugu\/\"]}]},{\"@type\":\"BreadcrumbList\",\"@id\":\"https:\/\/www.myvize.com.tr\/pakistan\/konsolosluklar\/izmir-baskonsoloslugu\/#breadcrumb\",\"itemListElement\":[{\"@type\":\"ListItem\",\"position\":1,\"name\":\"Anasayfa\",\"item\":\"https:\/\/www.myvize.com.tr\/pakistan\/\"},{\"@type\":\"ListItem\",\"position\":2,\"name\":\"KONSOLOSLUKLAR\",\"item\":\"https:\/\/www.myvize.com.tr\/pakistan\/konsolosluklar\/\"},{\"@type\":\"ListItem\",\"position\":3,\"name\":\"Pakistan \u0130zmir Ba\u015fkonsoloslu\u011fu\"}]},{\"@type\":\"WebSite\",\"@id\":\"https:\/\/www.myvize.com.tr\/pakistan\/#website\",\"url\":\"https:\/\/www.myvize.com.tr\/pakistan\/\",\"name\":\"Pakistan Vizesi\",\"description\":\"\",\"potentialAction\":[{\"@type\":\"SearchAction\",\"target\":{\"@type\":\"EntryPoint\",\"urlTemplate\":\"https:\/\/www.myvize.com.tr\/pakistan\/?s={search_term_string}\"},\"query-input\":{\"@type\":\"PropertyValueSpecification\",\"valueRequired\":true,\"valueName\":\"search_term_string\"}}],\"inLanguage\":\"tr\"}]}<\/script>\n<!-- \/ Yoast SEO plugin. -->","yoast_head_json":{"title":"Pakistan \u0130zmir Ba\u015fkonsoloslu\u011fu - MyVize Vize Ba\u015fvuru Merkezi","description":"Pakistan \u0130zmir Ba\u015fkonsoloslu\u011fu \u00e7al\u0131\u015fma saatleri. Pakistan \u0130zmir Ba\u015fkonsoloslu\u011fu ula\u015f\u0131m, ileti\u015fim bilgileri ve faaliyet alan\u0131.","robots":{"index":"index","follow":"follow","max-snippet":"max-snippet:-1","max-image-preview":"max-image-preview:large","max-video-preview":"max-video-preview:-1"},"canonical":"https:\/\/www.myvize.com.tr\/pakistan\/konsolosluklar\/izmir-baskonsoloslugu\/","og_locale":"tr_TR","og_type":"article","og_title":"Pakistan \u0130zmir Ba\u015fkonsoloslu\u011fu - MyVize Vize Ba\u015fvuru Merkezi","og_description":"Pakistan \u0130zmir Ba\u015fkonsoloslu\u011fu \u00e7al\u0131\u015fma saatleri. Pakistan \u0130zmir Ba\u015fkonsoloslu\u011fu ula\u015f\u0131m, ileti\u015fim bilgileri ve faaliyet alan\u0131.","og_url":"https:\/\/www.myvize.com.tr\/pakistan\/konsolosluklar\/izmir-baskonsoloslugu\/","og_site_name":"Pakistan Vizesi","article_modified_time":"2022-04-30T11:37:49+00:00","twitter_card":"summary_large_image","twitter_misc":{"Tahmini okuma s\u00fcresi":"5 dakika"},"schema":{"@context":"https:\/\/schema.org","@graph":[{"@type":"WebPage","@id":"https:\/\/www.myvize.com.tr\/pakistan\/konsolosluklar\/izmir-baskonsoloslugu\/","url":"https:\/\/www.myvize.com.tr\/pakistan\/konsolosluklar\/izmir-baskonsoloslugu\/","name":"Pakistan \u0130zmir Ba\u015fkonsoloslu\u011fu - MyVize Vize Ba\u015fvuru Merkezi","isPartOf":{"@id":"https:\/\/www.myvize.com.tr\/pakistan\/#website"},"datePublished":"2020-11-30T10:03:47+00:00","dateModified":"2022-04-30T11:37:49+00:00","description":"Pakistan \u0130zmir Ba\u015fkonsoloslu\u011fu \u00e7al\u0131\u015fma saatleri. Pakistan \u0130zmir Ba\u015fkonsoloslu\u011fu ula\u015f\u0131m, ileti\u015fim bilgileri ve faaliyet alan\u0131.","breadcrumb":{"@id":"https:\/\/www.myvize.com.tr\/pakistan\/konsolosluklar\/izmir-baskonsoloslugu\/#breadcrumb"},"inLanguage":"tr","potentialAction":[{"@type":"ReadAction","target":["https:\/\/www.myvize.com.tr\/pakistan\/konsolosluklar\/izmir-baskonsoloslugu\/"]}]},{"@type":"BreadcrumbList","@id":"https:\/\/www.myvize.com.tr\/pakistan\/konsolosluklar\/izmir-baskonsoloslugu\/#breadcrumb","itemListElement":[{"@type":"ListItem","position":1,"name":"Anasayfa","item":"https:\/\/www.myvize.com.tr\/pakistan\/"},{"@type":"ListItem","position":2,"name":"KONSOLOSLUKLAR","item":"https:\/\/www.myvize.com.tr\/pakistan\/konsolosluklar\/"},{"@type":"ListItem","position":3,"name":"Pakistan \u0130zmir Ba\u015fkonsoloslu\u011fu"}]},{"@type":"WebSite","@id":"https:\/\/www.myvize.com.tr\/pakistan\/#website","url":"https:\/\/www.myvize.com.tr\/pakistan\/","name":"Pakistan Vizesi","description":"","potentialAction":[{"@type":"SearchAction","target":{"@type":"EntryPoint","urlTemplate":"https:\/\/www.myvize.com.tr\/pakistan\/?s={search_term_string}"},"query-input":{"@type":"PropertyValueSpecification","valueRequired":true,"valueName":"search_term_string"}}],"inLanguage":"tr"}]}},"_links":{"self":[{"href":"https:\/\/www.myvize.com.tr\/pakistan\/wp-json\/wp\/v2\/pages\/78","targetHints":{"allow":["GET"]}}],"collection":[{"href":"https:\/\/www.myvize.com.tr\/pakistan\/wp-json\/wp\/v2\/pages"}],"about":[{"href":"https:\/\/www.myvize.com.tr\/pakistan\/wp-json\/wp\/v2\/types\/page"}],"author":[{"embeddable":true,"href":"https:\/\/www.myvize.com.tr\/pakistan\/wp-json\/wp\/v2\/users\/1"}],"replies":[{"embeddable":true,"href":"https:\/\/www.myvize.com.tr\/pakistan\/wp-json\/wp\/v2\/comments?post=78"}],"version-history":[{"count":7,"href":"https:\/\/www.myvize.com.tr\/pakistan\/wp-json\/wp\/v2\/pages\/78\/revisions"}],"predecessor-version":[{"id":651,"href":"https:\/\/www.myvize.com.tr\/pakistan\/wp-json\/wp\/v2\/pages\/78\/revisions\/651"}],"up":[{"embeddable":true,"href":"https:\/\/www.myvize.com.tr\/pakistan\/wp-json\/wp\/v2\/pages\/69"}],"wp:attachment":[{"href":"https:\/\/www.myvize.com.tr\/pakistan\/wp-json\/wp\/v2\/media?parent=78"}],"curies":[{"name":"wp","href":"https:\/\/api.w.org\/{rel}","templated":true}]}}