{"id":80,"date":"2020-11-30T13:04:17","date_gmt":"2020-11-30T10:04:17","guid":{"rendered":"https:\/\/www.myvize.com.tr\/pakistan\/?page_id=80"},"modified":"2022-06-15T12:13:32","modified_gmt":"2022-06-15T09:13:32","slug":"kayseri-fahri-konsoloslugu","status":"publish","type":"page","link":"https:\/\/www.myvize.com.tr\/pakistan\/konsolosluklar\/kayseri-fahri-konsoloslugu\/","title":{"rendered":"Pakistan Kayseri Konsoloslu\u011fu"},"content":{"rendered":"<h2><span style=\"font-family: Roboto; font-size: 27px;\"><strong>Pakistan Kayseri Konsoloslu\u011fu Hakk\u0131nda<\/strong><\/span><\/h2>\n<p><span style=\"font-family: Roboto; font-size: 14px;\"><strong>Pakistan Kayseri Fahri Konsoloslu\u011fu<\/strong>, T\u00fcrkiye Cumhuriyeti\u2019nin Kayseri topraklar\u0131 i\u00e7erisinde Pakistan Devleti\u2019nin haklar\u0131n\u0131 korumakta ve g\u00f6rev b\u00f6lgesi i\u00e7erisinde ya\u015fayan Pakistan vatanda\u015flar\u0131na destek olmaktad\u0131r. Pakistan Kayseri Fahri Konsoloslu\u011fu\u2019nun g\u00f6rev ve yetkileri a\u015fa\u011f\u0131da verilmi\u015ftir. \u00a0<\/span><\/p>\n<ul>\n<li><span style=\"font-family: Roboto; font-size: 14px;\">Pakistan Kayseri Fahri Konsoloslu\u011fu\u2019nun diplomatik bir yetkisi bulunmamaktad\u0131r.<\/span><\/li>\n<li><span style=\"font-family: Roboto; font-size: 14px;\"><strong>Pakistan Kayseri Fahri Konsoloslu\u011fu<\/strong>, \u00e7al\u0131\u015fmalar\u0131n\u0131 Pakistan\u2019\u0131n Ankara B\u00fcy\u00fckel\u00e7ili\u011fi\u2019ne ba\u011fl\u0131 olarak Kayseri ve \u00e7evresinde \u00e7al\u0131\u015fma y\u00fcr\u00fctmektedir. Ankara Pakistan B\u00fcy\u00fckel\u00e7ili\u011fi\u2019nin vermi\u015f oldu\u011fu g\u00f6revleri Pakistan ve \u00e7evresinde yerine getirmektedir.<\/span><\/li>\n<li><span style=\"font-family: Roboto; font-size: 14px;\">Pakistan Kayseri Fahri Konsoloslu\u011fu, acil durumlar haricinde <span style=\"color: #2acec2;\"><strong><a style=\"color: #2acec2;\" href=\"https:\/\/www.myvize.com.tr\/pakistan\/subelerimiz\/kayseri\/\" target=\"_blank\" rel=\"noopener\">Kayseri <\/a><\/strong><\/span>ve \u00e7evresinde yar alan Pakistan vatanda\u015flar\u0131na belge tasdiki yapma yetkisi verilmi\u015ftir.<\/span><\/li>\n<li><span style=\"font-family: Roboto; font-size: 14px;\">Pakistan Kayseri Fahri Konsoloslu\u011fu, T\u00fcrk vatanda\u015flar\u0131na vize hizmeti verme yetkisi verilmemi\u015ftir. Pakistan vize ba\u015fvuru\u015flar\u0131n\u0131 de\u011ferlendirme yetkisi Pakistan Ankara B\u00fcy\u00fckel\u00e7ili\u011fi\u2019ne ve Pakistan \u0130stanbul Ba\u015fkonsoloslu\u011fu\u2019na verilmi\u015ftir.<\/span><\/li>\n<li><span style=\"font-family: Roboto; font-size: 14px;\"><strong>Pakistan Kayseri Fahri Konsoloslu\u011fu<\/strong>, Kayseri ve \u00e7evresinde i\u015f kurmu\u015f Pakistan vatanda\u015flar\u0131na ticari destek sa\u011flamaktad\u0131r.<\/span><\/li>\n<li><span style=\"font-family: Roboto; font-size: 14px;\">Pakistan Kayseri Fahri Konsoloslu\u011fu, Pakistan k\u00fclt\u00fcr\u00fcn\u00fc Kayseri ve \u00e7evresinde tan\u0131tmaktad\u0131r.<\/span><\/li>\n<\/ul>\n<p><span style=\"font-family: Roboto; font-size: 20px;\"><strong>Pakistan Kayseri Konsoloslu\u011fu Adresi<\/strong><\/span><\/p>\n<p><span style=\"font-family: Roboto; font-size: 14px;\">Adres: K\u00f6\u015fk Mahallesi, Talas Bulvar\u0131, No: 44, Daire: 3, Melikgazi\/Kayseri<\/span><\/p>\n<p><span style=\"font-family: Roboto; font-size: 14px;\"><span style=\"color: #2acec2;\"><strong><a style=\"color: #2acec2;\" href=\"https:\/\/www.myvize.com.tr\/pakistan\/vize-islemleri\/pakistan-vize-basvuru-formu\/\" target=\"_blank\" rel=\"noopener\">Pakistan Vize Ba\u015fvuru Formu <\/a><\/strong><\/span>ile ilgili bilgi almak i\u00e7in bizi aray\u0131n.<\/span><\/p>\n<h2><strong><span style=\"font-family: Roboto; font-size: 27px;\">Pakistan Kayseri Konsolosu Kimdir?<\/span><\/strong><\/h2>\n<p><span style=\"font-family: Roboto; font-size: 14px;\">T\u00fcrkiye Cumhuriyeti vatanda\u015flar\u0131n\u0131n ve \u00fc\u00e7\u00fcnc\u00fc \u00fclke vatanda\u015fl\u0131\u011f\u0131na sahip olup, T\u00fcrkiye\u2019de oturum iznine sahip olanlar\u0131n<strong> Pakistan vize<\/strong> ba\u015fvurular\u0131n\u0131 kabul eden mercilerden birisi Kayseri Konsoloslu\u011fu\u2019dur. Ancak vize i\u015flemlerini de\u011ferlendirme ve karar verme yetkisi bulunmamaktad\u0131r. B\u00fcy\u00fckel\u00e7ilik ve Konsolosluk mercilerine ula\u015ft\u0131r\u0131lacak olan ba\u015fvurular\u0131n\u0131z i\u00e7in yapaca\u011f\u0131n\u0131z ara\u015ft\u0131rmalarda\u00a0<strong>Pakistan Kayseri Konsolosu Kimdir?<\/strong>\u00a0Vize i\u015flemleri nelerdir? Vize Ba\u015fvurusu Nas\u0131l Yap\u0131l\u0131r? Gibi Pek \u00e7ok soru g\u00fcndeme gelecektir. Buna g\u00f6re sizler de Kayseri ve \u00e7evresinde yapaca\u011f\u0131n\u0131z ba\u015fvurularda en h\u0131zl\u0131 nas\u0131l ad\u0131m ataca\u011f\u0131n\u0131z\u0131 \u00f6\u011frenmek ve sorular\u0131n\u0131za yan\u0131t bulabilmek i\u00e7in ge\u00e7 kalmadan bizleri ziyaret edebilirsiniz.Elektronik vize ba\u015fvurusunda bulunman\u0131za olanak veren Kayseri Fahri Konsoloslu\u011fu hakk\u0131nda detayl\u0131 ve kapsaml\u0131 bilgileri elde etmeniz zor olmayacakt\u0131r.<\/span><\/p>\n<h2><strong><span style=\"font-family: Roboto; font-size: 27px;\">Pakistan Kayseri Konsoloslu\u011fu Vize \u0130\u015flemleri<\/span><\/strong><\/h2>\n<p><span style=\"font-family: Roboto; font-size: 14px;\">Uygun \u015fartlarda haz\u0131rlanan vize dosyan\u0131zla ilgili dan\u0131\u015fmanl\u0131k hizmetlerini almak ve\u00a0<strong>Pakistan Kayseri Konsoloslu\u011fu vize i\u015flemleri<\/strong>\u00a0hakk\u0131nda bilgi sahibi olmak i\u00e7in ge\u00e7 kalmadan bizleri aramaya ba\u015flayabileceksiniz. Buna g\u00f6re ge\u00e7erlili\u011fini koruyan pasaport, foto\u011fraf, aile n\u00fcfus kay\u0131t \u00f6rne\u011fi veya rezervasyon bilgileri gibi baz\u0131 evraklar\u0131 sunman\u0131z istenecektir. Ayr\u0131ca en erken s\u00fcre\u00e7lerde ba\u015flatmak isteyece\u011finiz vize i\u015flemleri i\u00e7in harekete ge\u00e7ebilirsiniz. Buna g\u00f6re vize i\u015flemlerini 1-2 hafta i\u00e7erisinde takip edecek olan ekiplerimizin sonu\u00e7lardan haberdar edece\u011fini belirtmekteyiz. Sizler de Pakistan seyahatleriniz \u00f6ncesinde hangi \u00fccretleri \u00f6deyece\u011finizi \u00f6\u011frenmek ve elektronik ortamlarda vize i\u015flemlerini ba\u015flatabilmek ad\u0131na bizlere ula\u015fabilirsiniz. Bu sayede b\u00fcy\u00fck avantajlar\u0131 elde edece\u011finizin de alt\u0131n\u0131 \u00e7iziyoruz. En kolay, h\u0131zl\u0131 ve kaliteli s\u00fcre\u00e7leri bu sayede yakalayaca\u011f\u0131n\u0131z\u0131 da vurguluyoruz.<\/span><\/p>\n<h2><strong><span style=\"font-family: Roboto; font-size: 27px;\">Pakistan Kayseri Konsoloslu\u011fu Vize Ba\u015fvurusu<\/span><\/strong><\/h2>\n<p><span style=\"font-family: Roboto; font-size: 14px;\">T\u00fcrkiye Cumhuriyeti\u2019nde ya\u015fayan vatanda\u015flar\u0131n\u00a0<strong>Pakistan Kayseri Konsoloslu\u011fu vize ba\u015fvurusu<\/strong>\u00a0hakk\u0131nda merak ettikleri sorular\u0131 yan\u0131tlamaktay\u0131z. Buna g\u00f6re Pakistan Devleti\u2019nin ve vatanda\u015flar\u0131n\u0131n da haklar\u0131n\u0131 korumakla g\u00f6revli olan bu b\u00f6lgede hizmet alaca\u011f\u0131n\u0131z kurumlardan birisidir. Sizler de diplomasi yetkisi bulunmamas\u0131na kar\u015f\u0131n, evlenme, bo\u015fanma, evrak tasdiki gibi \u00e7e\u015fitli alanlarda hizmetlerini s\u00fcrd\u00fcren fahri konsolosluk arac\u0131l\u0131\u011f\u0131yla taleplerinizi iletebilirsiniz. Vize ba\u015fvurular\u0131n\u0131 online olarak yaparken nelere dikkat edece\u011finizi de \u00f6\u011frenebileceksiniz. Buna g\u00f6re ticari destekleri sunan ve k\u00fclt\u00fcrel a\u00e7\u0131dan da zenginlik kazand\u0131ran merci arac\u0131l\u0131\u011f\u0131yla pek \u00e7ok i\u015flemi ger\u00e7ekle\u015ftirmenize olanak verilmektedir. \u015eahsen ba\u015fvurman\u0131z\u0131n zorunlu olmad\u0131\u011f\u0131 durumlarda taleplerinizi internet \u00fczerinden h\u0131zl\u0131ca ger\u00e7ekle\u015ftirebilece\u011finizi de vurguluyoruz. Bekledi\u011finizden daha h\u0131zl\u0131 ve kaliteli \u00e7\u00f6z\u00fcmleri elde edece\u011finiz adreslerimizi hemen arayabilirsiniz.<\/span><\/p>\n<h3><strong><span style=\"font-family: Roboto; font-size: 24px;\">Pakistan Kayseri Konsoloslu\u011fu Vize Randevusu<\/span><\/strong><\/h3>\n<p><span style=\"font-family: Roboto; font-size: 14px;\">Vize ba\u015fvurular\u0131n\u0131 ger\u00e7ekle\u015ftirmek \u00fczere alman\u0131z gereken randevular hakk\u0131nda bilgi sahibi olabilece\u011finizi aktar\u0131yoruz.\u00a0<strong>Pakistan Kayseri Konsoloslu\u011fu vize randevusu<\/strong>\u00a0ile ilgili detaylara eri\u015fmi\u015f olacaks\u0131n\u0131z. Vatanda\u015flara destek olan bu mercinin vize onay\u0131n\u0131 verme yetkisi bulunmamaktad\u0131r. Ancak ki\u015fisel olarak veya yetkilendirilmi\u015f ofisler arac\u0131l\u0131\u011f\u0131yla ger\u00e7ekle\u015ftirmek isteyece\u011finiz ba\u015fvurularda destekleri elde edeceksiniz. Ad\u0131m ad\u0131m nas\u0131l hareket etmeniz gerekti\u011fini \u00f6\u011frenmek ve dikkat edilecek hususlar\u0131 g\u00f6zden ge\u00e7irmek \u00fczere ad\u0131m atabilirsiniz. Vize hizmetini verme yetkisi bulunmamas\u0131na kar\u015f\u0131n, ba\u015fvurular\u0131n\u0131z\u0131 ve randevular\u0131 kabul eden bu merci \u00fczerinden en erken s\u00fcre\u00e7te ad\u0131m atm\u0131\u015f olacaks\u0131n\u0131z. Adres ve telefon bilgilerini \u00f6\u011frenmek i\u00e7in deneyimli dan\u0131\u015fmanlar\u0131m\u0131z\u0131 araman\u0131z\u0131n faydal\u0131 olaca\u011f\u0131n\u0131 da belirtmekteyiz. En kolay ve h\u0131zl\u0131 \u00e7\u00f6z\u00fcmleri elde edece\u011finiz adreslerimizde yaln\u0131z olmad\u0131\u011f\u0131n\u0131z\u0131 vurguluyoruz.<\/span><\/p>\n","protected":false},"excerpt":{"rendered":"<p>Pakistan Kayseri Konsoloslu\u011fu Hakk\u0131nda Pakistan Kayseri Fahri Konsoloslu\u011fu, T\u00fcrkiye Cumhuriyeti\u2019nin Kayseri topraklar\u0131 i\u00e7erisinde Pakistan Devleti\u2019nin haklar\u0131n\u0131 korumakta ve g\u00f6rev b\u00f6lgesi i\u00e7erisinde ya\u015fayan Pakistan vatanda\u015flar\u0131na destek olmaktad\u0131r. Pakistan Kayseri Fahri Konsoloslu\u011fu\u2019nun g\u00f6rev ve yetkileri a\u015fa\u011f\u0131da verilmi\u015ftir. \u00a0 Pakistan Kayseri Fahri Konsoloslu\u011fu\u2019nun diplomatik bir yetkisi bulunmamaktad\u0131r. Pakistan Kayseri Fahri Konsoloslu\u011fu, \u00e7al\u0131\u015fmalar\u0131n\u0131 Pakistan\u2019\u0131n Ankara B\u00fcy\u00fckel\u00e7ili\u011fi\u2019ne ba\u011fl\u0131 olarak Kayseri<\/p>\n","protected":false},"author":1,"featured_media":0,"parent":69,"menu_order":0,"comment_status":"open","ping_status":"closed","template":"","meta":{"footnotes":""},"class_list":["post-80","page","type-page","status-publish","hentry"],"yoast_head":"<!-- This site is optimized with the Yoast SEO plugin v24.0 - https:\/\/yoast.com\/wordpress\/plugins\/seo\/ -->\n<title>Pakistan Kayseri Konsoloslu\u011fu Vize \u0130\u015flemleri - MyVize<\/title>\n<meta name=\"description\" content=\"Pakistan Kayseri Fahri Konsoloslu\u011fu \u00e7al\u0131\u015fma saatleri. Pakistan Kayseri Fahri Konsoloslu\u011fu ula\u015f\u0131m, ileti\u015fim bilgileri ve faaliyet alan\u0131.\" \/>\n<meta name=\"robots\" content=\"index, follow, max-snippet:-1, max-image-preview:large, max-video-preview:-1\" \/>\n<link rel=\"canonical\" href=\"https:\/\/www.myvize.com.tr\/pakistan\/konsolosluklar\/kayseri-fahri-konsoloslugu\/\" \/>\n<meta property=\"og:locale\" content=\"tr_TR\" \/>\n<meta property=\"og:type\" content=\"article\" \/>\n<meta property=\"og:title\" content=\"Pakistan Kayseri Konsoloslu\u011fu Vize \u0130\u015flemleri - MyVize\" \/>\n<meta property=\"og:description\" content=\"Pakistan Kayseri Fahri Konsoloslu\u011fu \u00e7al\u0131\u015fma saatleri. Pakistan Kayseri Fahri Konsoloslu\u011fu ula\u015f\u0131m, ileti\u015fim bilgileri ve faaliyet alan\u0131.\" \/>\n<meta property=\"og:url\" content=\"https:\/\/www.myvize.com.tr\/pakistan\/konsolosluklar\/kayseri-fahri-konsoloslugu\/\" \/>\n<meta property=\"og:site_name\" content=\"Pakistan Vizesi\" \/>\n<meta property=\"article:modified_time\" content=\"2022-06-15T09:13:32+00:00\" \/>\n<meta name=\"twitter:card\" content=\"summary_large_image\" \/>\n<meta name=\"twitter:label1\" content=\"Tahmini okuma s\u00fcresi\" \/>\n\t<meta name=\"twitter:data1\" content=\"3 dakika\" \/>\n<script type=\"application\/ld+json\" class=\"yoast-schema-graph\">{\"@context\":\"https:\/\/schema.org\",\"@graph\":[{\"@type\":\"WebPage\",\"@id\":\"https:\/\/www.myvize.com.tr\/pakistan\/konsolosluklar\/kayseri-fahri-konsoloslugu\/\",\"url\":\"https:\/\/www.myvize.com.tr\/pakistan\/konsolosluklar\/kayseri-fahri-konsoloslugu\/\",\"name\":\"Pakistan Kayseri Konsoloslu\u011fu Vize \u0130\u015flemleri - MyVize\",\"isPartOf\":{\"@id\":\"https:\/\/www.myvize.com.tr\/pakistan\/#website\"},\"datePublished\":\"2020-11-30T10:04:17+00:00\",\"dateModified\":\"2022-06-15T09:13:32+00:00\",\"description\":\"Pakistan Kayseri Fahri Konsoloslu\u011fu \u00e7al\u0131\u015fma saatleri. Pakistan Kayseri Fahri Konsoloslu\u011fu ula\u015f\u0131m, ileti\u015fim bilgileri ve faaliyet alan\u0131.\",\"breadcrumb\":{\"@id\":\"https:\/\/www.myvize.com.tr\/pakistan\/konsolosluklar\/kayseri-fahri-konsoloslugu\/#breadcrumb\"},\"inLanguage\":\"tr\",\"potentialAction\":[{\"@type\":\"ReadAction\",\"target\":[\"https:\/\/www.myvize.com.tr\/pakistan\/konsolosluklar\/kayseri-fahri-konsoloslugu\/\"]}]},{\"@type\":\"BreadcrumbList\",\"@id\":\"https:\/\/www.myvize.com.tr\/pakistan\/konsolosluklar\/kayseri-fahri-konsoloslugu\/#breadcrumb\",\"itemListElement\":[{\"@type\":\"ListItem\",\"position\":1,\"name\":\"Anasayfa\",\"item\":\"https:\/\/www.myvize.com.tr\/pakistan\/\"},{\"@type\":\"ListItem\",\"position\":2,\"name\":\"KONSOLOSLUKLAR\",\"item\":\"https:\/\/www.myvize.com.tr\/pakistan\/konsolosluklar\/\"},{\"@type\":\"ListItem\",\"position\":3,\"name\":\"Pakistan Kayseri Konsoloslu\u011fu\"}]},{\"@type\":\"WebSite\",\"@id\":\"https:\/\/www.myvize.com.tr\/pakistan\/#website\",\"url\":\"https:\/\/www.myvize.com.tr\/pakistan\/\",\"name\":\"Pakistan Vizesi\",\"description\":\"\",\"potentialAction\":[{\"@type\":\"SearchAction\",\"target\":{\"@type\":\"EntryPoint\",\"urlTemplate\":\"https:\/\/www.myvize.com.tr\/pakistan\/?s={search_term_string}\"},\"query-input\":{\"@type\":\"PropertyValueSpecification\",\"valueRequired\":true,\"valueName\":\"search_term_string\"}}],\"inLanguage\":\"tr\"}]}<\/script>\n<!-- \/ Yoast SEO plugin. -->","yoast_head_json":{"title":"Pakistan Kayseri Konsoloslu\u011fu Vize \u0130\u015flemleri - MyVize","description":"Pakistan Kayseri Fahri Konsoloslu\u011fu \u00e7al\u0131\u015fma saatleri. Pakistan Kayseri Fahri Konsoloslu\u011fu ula\u015f\u0131m, ileti\u015fim bilgileri ve faaliyet alan\u0131.","robots":{"index":"index","follow":"follow","max-snippet":"max-snippet:-1","max-image-preview":"max-image-preview:large","max-video-preview":"max-video-preview:-1"},"canonical":"https:\/\/www.myvize.com.tr\/pakistan\/konsolosluklar\/kayseri-fahri-konsoloslugu\/","og_locale":"tr_TR","og_type":"article","og_title":"Pakistan Kayseri Konsoloslu\u011fu Vize \u0130\u015flemleri - MyVize","og_description":"Pakistan Kayseri Fahri Konsoloslu\u011fu \u00e7al\u0131\u015fma saatleri. Pakistan Kayseri Fahri Konsoloslu\u011fu ula\u015f\u0131m, ileti\u015fim bilgileri ve faaliyet alan\u0131.","og_url":"https:\/\/www.myvize.com.tr\/pakistan\/konsolosluklar\/kayseri-fahri-konsoloslugu\/","og_site_name":"Pakistan Vizesi","article_modified_time":"2022-06-15T09:13:32+00:00","twitter_card":"summary_large_image","twitter_misc":{"Tahmini okuma s\u00fcresi":"3 dakika"},"schema":{"@context":"https:\/\/schema.org","@graph":[{"@type":"WebPage","@id":"https:\/\/www.myvize.com.tr\/pakistan\/konsolosluklar\/kayseri-fahri-konsoloslugu\/","url":"https:\/\/www.myvize.com.tr\/pakistan\/konsolosluklar\/kayseri-fahri-konsoloslugu\/","name":"Pakistan Kayseri Konsoloslu\u011fu Vize \u0130\u015flemleri - MyVize","isPartOf":{"@id":"https:\/\/www.myvize.com.tr\/pakistan\/#website"},"datePublished":"2020-11-30T10:04:17+00:00","dateModified":"2022-06-15T09:13:32+00:00","description":"Pakistan Kayseri Fahri Konsoloslu\u011fu \u00e7al\u0131\u015fma saatleri. Pakistan Kayseri Fahri Konsoloslu\u011fu ula\u015f\u0131m, ileti\u015fim bilgileri ve faaliyet alan\u0131.","breadcrumb":{"@id":"https:\/\/www.myvize.com.tr\/pakistan\/konsolosluklar\/kayseri-fahri-konsoloslugu\/#breadcrumb"},"inLanguage":"tr","potentialAction":[{"@type":"ReadAction","target":["https:\/\/www.myvize.com.tr\/pakistan\/konsolosluklar\/kayseri-fahri-konsoloslugu\/"]}]},{"@type":"BreadcrumbList","@id":"https:\/\/www.myvize.com.tr\/pakistan\/konsolosluklar\/kayseri-fahri-konsoloslugu\/#breadcrumb","itemListElement":[{"@type":"ListItem","position":1,"name":"Anasayfa","item":"https:\/\/www.myvize.com.tr\/pakistan\/"},{"@type":"ListItem","position":2,"name":"KONSOLOSLUKLAR","item":"https:\/\/www.myvize.com.tr\/pakistan\/konsolosluklar\/"},{"@type":"ListItem","position":3,"name":"Pakistan Kayseri Konsoloslu\u011fu"}]},{"@type":"WebSite","@id":"https:\/\/www.myvize.com.tr\/pakistan\/#website","url":"https:\/\/www.myvize.com.tr\/pakistan\/","name":"Pakistan Vizesi","description":"","potentialAction":[{"@type":"SearchAction","target":{"@type":"EntryPoint","urlTemplate":"https:\/\/www.myvize.com.tr\/pakistan\/?s={search_term_string}"},"query-input":{"@type":"PropertyValueSpecification","valueRequired":true,"valueName":"search_term_string"}}],"inLanguage":"tr"}]}},"_links":{"self":[{"href":"https:\/\/www.myvize.com.tr\/pakistan\/wp-json\/wp\/v2\/pages\/80","targetHints":{"allow":["GET"]}}],"collection":[{"href":"https:\/\/www.myvize.com.tr\/pakistan\/wp-json\/wp\/v2\/pages"}],"about":[{"href":"https:\/\/www.myvize.com.tr\/pakistan\/wp-json\/wp\/v2\/types\/page"}],"author":[{"embeddable":true,"href":"https:\/\/www.myvize.com.tr\/pakistan\/wp-json\/wp\/v2\/users\/1"}],"replies":[{"embeddable":true,"href":"https:\/\/www.myvize.com.tr\/pakistan\/wp-json\/wp\/v2\/comments?post=80"}],"version-history":[{"count":5,"href":"https:\/\/www.myvize.com.tr\/pakistan\/wp-json\/wp\/v2\/pages\/80\/revisions"}],"predecessor-version":[{"id":668,"href":"https:\/\/www.myvize.com.tr\/pakistan\/wp-json\/wp\/v2\/pages\/80\/revisions\/668"}],"up":[{"embeddable":true,"href":"https:\/\/www.myvize.com.tr\/pakistan\/wp-json\/wp\/v2\/pages\/69"}],"wp:attachment":[{"href":"https:\/\/www.myvize.com.tr\/pakistan\/wp-json\/wp\/v2\/media?parent=80"}],"curies":[{"name":"wp","href":"https:\/\/api.w.org\/{rel}","templated":true}]}}