{"id":161,"date":"2020-12-28T18:03:44","date_gmt":"2020-12-28T15:03:44","guid":{"rendered":"https:\/\/www.myvize.com.tr\/polonya\/?page_id=161"},"modified":"2022-06-07T12:30:28","modified_gmt":"2022-06-07T09:30:28","slug":"oturum-2","status":"publish","type":"page","link":"https:\/\/www.myvize.com.tr\/polonya\/oturum-2\/","title":{"rendered":"OTURUM"},"content":{"rendered":"<p><span style=\"font-family: Roboto;\"><\/span><\/p>\r\n<p><span style=\"font-family: Roboto; font-size: 14px;\">Polonya\u2019da \u00e7e\u015fitli nedenlerle uzun s\u00fcre kalmak isteyen ki\u015filer i\u00e7in <strong>Polonya oturum kart\u0131<\/strong> ya da izni al\u0131nmas\u0131 gerekmektedir. Ancak bu izinin al\u0131nmas\u0131 T\u00fcrkiye\u2019den yap\u0131labilecek bir i\u015flem de\u011fildir. Vize alarak Polonya\u2019ya gitti\u011finizde e\u011fer vizenizin s\u00fcresi dolmaya ba\u015flad\u0131ysa bu kart i\u00e7in ba\u015fvuru yapabilirsiniz. Ancak evlenme ya da aile birle\u015fimi durumu s\u00f6z konusu ise bu durumda farkl\u0131 i\u015flemler yap\u0131lmas\u0131 gerekmektedir.<\/span><\/p>\r\n<p><span style=\"font-family: Roboto; font-size: 14px;\">\r\n\r\n<\/span><\/p>\r\n<p><span style=\"font-family: Roboto; font-size: 14px;\"><strong>Polonya oturum vizesi<\/strong> ald\u0131\u011f\u0131n\u0131z taktirde burada kald\u0131\u011f\u0131n\u0131z s\u00fcre boyunca s\u00fcrekli olarak vize yenilemek zorunda kalmazs\u0131n\u0131z. Bu kart ise 3 aydan bir y\u0131la kadar olan kal\u0131mlar i\u00e7in verilmektedir. <strong>Polonya oturum vizesi<\/strong> ba\u015fvurunuzu vizenizin bitti\u011fi g\u00fcn yapabilirsiniz. Ancak vizenin bitmesine 15 g\u00fcn kala yapmak daha mant\u0131kl\u0131d\u0131r.<\/span><\/p>\r\n<p><span style=\"font-family: Roboto; font-size: 14px;\"> <img decoding=\"async\" src=\"https:\/\/www.myvize.com.tr\/polonya\/wp-content\/uploads\/2021\/10\/45.jpg\" \/> <\/span><\/p>\r\n<h2><span style=\"font-family: Roboto; font-size: 27px;\"><strong>Polonya Oturum \u0130zni Almak<\/strong><\/span><\/h2>\r\n<p><span style=\"font-family: Roboto; font-size: 14px;\">\r\n\r\n<\/span><\/p>\r\n<p><span style=\"font-family: Roboto; font-size: 14px;\"><strong>Polonya oturum kart\u0131<\/strong> ba\u015fvurusunu 3 aydan daha uzun s\u00fcre \u00fclkede kalmay\u0131 planlayan ki\u015filere verilen bir izin t\u00fcr\u00fcd\u00fcr. Bu izin t\u00fcr\u00fcnde mutlaka \u00fclkede kalma amac\u0131n\u0131z\u0131 \u00e7ok iyi ifade etmeniz gerekmektedir. Bu izni alabilmek i\u00e7in birtak\u0131m belgeleri temin etmeniz gereklidir. Bu evraklar i\u00e7erisinde en \u00f6nemli belge ba\u015fvuru formudur. Bu <a href=\"https:\/\/www.myvize.com.tr\/polonya\/form-ve-dilekce\/polonya-vize-basvuru-formu\/\" target=\"_blank\" rel=\"noopener\"><span style=\"color: #2acec2;\"><strong>Polonya Vize ba\u015fvuru formu<\/strong><\/span><\/a> doldururken mutlaka istenilen dilde haz\u0131rlanmas\u0131 gereklidir.<\/span><\/p>\r\n<p><span style=\"font-family: Roboto; font-size: 14px;\">\r\n\r\n<\/span><\/p>\r\n<p><span style=\"font-family: Roboto; font-size: 14px;\">Ba\u015fvuru formunu doldururken yaz\u0131m hatas\u0131 yaparsan\u0131z yap\u0131lan hatan\u0131n \u00fczerini \u00e7izin ve bilginin bulundu\u011fu kutunun sa\u011f taraf\u0131nda paraf at\u0131n. Bu form i\u00e7erisinde sizinle alakal\u0131 olmayan yerlerin bo\u015f b\u0131rak\u0131lmas\u0131 gereklidir. Bu belge \u00fczerinde yetkililerin doldurmas\u0131 gereken k\u0131s\u0131mlar\u0131 da bo\u015f b\u0131rakmal\u0131s\u0131n\u0131z. Polonya\u2019n\u0131n \u015fehirlerinde bu belgenin doldurulmas\u0131 farkl\u0131l\u0131k g\u00f6sterebilmektedir. Bu izin 6 ay s\u00fcre i\u00e7in al\u0131nabilece\u011fi gibi 1 y\u0131la kadar da al\u0131nabilmektedir. E\u011fer kalma s\u00fcreniz uzayacak ise mutlaka uzatman\u0131z gerekir. Ba\u015fvuru i\u00e7in <strong>Polonya Konsoloslu\u011fundan<\/strong> bilgi alabilirsiniz.<\/span><\/p>\r\n<p><span style=\"font-family: Roboto; font-size: 14px;\">\r\n\r\n<\/span><\/p>\r\n<h2><span style=\"font-family: Roboto; font-size: 27px;\"><strong>Polonya Oturma Vize Evraklar\u0131<\/strong><\/span><\/h2>\r\n<p><span style=\"font-family: Roboto; font-size: 14px;\">\r\n\r\n<\/span><\/p>\r\n<p><span style=\"font-family: Roboto; font-size: 14px;\"><strong>Polonya oturma vize<\/strong> evraklar\u0131 i\u00e7erisinde bir\u00e7ok belge vard\u0131r. Bu belgeler i\u00e7erisinde en \u00f6nemlisi m\u00fcracaat formudur. Pasaport ve foto\u011fraf istenilen kriterlerde olmak durumundad\u0131r. Seyahat sigortas\u0131 ve \u00e7al\u0131\u015fma izin belgelerinizin de bulunmas\u0131 \u00f6nemlidir. Dilek\u00e7e haz\u0131rlamal\u0131 ve kalma nedenlerinizi net bir \u015fekilde ifade etmelisiniz.<\/span><\/p>\r\n<p><span style=\"font-family: Roboto; font-size: 14px;\">\r\n\r\n<\/span><\/p>\r\n<p><span style=\"font-family: Roboto; font-size: 14px;\">Diploma, mali kaynak belgeleri, tam vukuatl\u0131 n\u00fcfus kay\u0131t \u00f6rne\u011fi, sab\u0131ka kayd\u0131 gibi belgeleri de bulundurman\u0131z gereklidir. <strong>Oturma izin<\/strong> belgeniz sayesinde bu \u00fclkede belirtilen s\u00fcre kadar rahatl\u0131kla konaklama izni verilmektedir.<\/span><\/p>\r\n<p><img decoding=\"async\" src=\"https:\/\/www.myvize.com.tr\/polonya\/wp-content\/uploads\/2021\/10\/46.jpg\" \/><\/p>\r\n<h2><span style=\"font-family: Roboto; font-size: 27px;\"><strong>Polonya Oturum \u0130zni\u00a0\u00a0<\/strong><\/span><\/h2>\r\n<p><span style=\"font-family: Roboto; font-size: 14px;\">Polonya\u2019da 90 g\u00fcnden fazla s\u00fcreyle ikamet etmek isteyen T\u00fcrkiye vatanda\u015flar\u0131 Polonya oturum iznine sahip olmal\u0131d\u0131rlar.\u00a0<span style=\"color: #2acec2;\"><strong><a style=\"color: #2acec2;\" href=\"https:\/\/www.myvize.com.tr\/polonya\/\" target=\"_blank\" rel=\"noopener\">Polonya<\/a><\/strong><\/span> oturum izni i\u00e7in ki\u015filer gerekli \u015fartlar\u0131 ve evraklar\u0131 sa\u011flayarak \u015fahsen ba\u015fvuruda bulunmal\u0131d\u0131rlar. Ba\u015fvuru sahipleri s\u00fcre\u00e7lerini Polonya Konsoloslu\u011fu ile y\u00fcr\u00fctmelidirler.\u00a0<strong>Polonya oturum\u00a0izni<\/strong>\u00a04\u00a0kategoriden olu\u015fmaktad\u0131r:\u00a0\u00a0\u00a0\u00a0<\/span><\/p>\r\n<ol>\r\n<li><span style=\"font-family: Roboto; font-size: 14px;\">E\u011fitim\u00a0Ama\u00e7l\u0131 Oturum \u0130zni\u00a0<\/span><\/li>\r\n<li><span style=\"font-family: Roboto; font-size: 14px;\">E\u011fitim\u00a0Ama\u00e7l\u0131 Oturma \u0130zni \u2013\u00a0Erasmus\u00a0\u00a0<\/span><\/li>\r\n<li><span style=\"font-family: Roboto; font-size: 14px;\">\u00c7al\u0131\u015fma Ama\u00e7l\u0131\u00a0Oturma \u0130zni\u00a0\u00a0<\/span><\/li>\r\n<li><span style=\"font-family: Roboto; font-size: 14px;\">G\u00f6n\u00fcll\u00fc Servis\u00a0Faaliyetleri\u00a0Ama\u00e7l\u0131\u00a0Oturma \u0130zni\u00a0\u00a0<\/span><\/li>\r\n<\/ol>\r\n<p><span style=\"font-family: Roboto; font-size: 14px;\">Ki\u015filer ki\u015fisel durumlar\u0131n\u0131 g\u00f6z \u00f6n\u00fcne alarak ve kategori i\u00e7in ba\u015fvuracaklar\u0131n\u0131 tespit ederek <strong>oturum izni<\/strong> ba\u015fvurular\u0131n\u0131 yapmal\u0131d\u0131rlar. \u00c7\u00fcnk\u00fc her kategori i\u00e7in farkl\u0131 \u015fartlar ve evraklar prosed\u00fcr\u00fc izlenmektedir.\u00a0<strong>Polonya oturum izni<\/strong> ki\u015filere 3 ay ve 1 y\u0131la kadar verilir.\u00a05 y\u0131l Polonya\u2019da ge\u00e7ici izinle ikamet eden ki\u015filer s\u00fcresiz oturum iznine ba\u015fvurabilirler. Buna ek olarak ki\u015filer Polonya oturum kart\u0131 ile\u00a0Schengen\u00a0b\u00f6lgelerinde vizeden muaf olarak\u00a090 g\u00fcn\u00fc a\u015fmayacak \u015fekilde seyahat hakk\u0131na sahip olurlar.\u00a0\u00a0<\/span><\/p>\r\n<p><span style=\"font-family: Roboto; font-size: 14px;\">Ba\u015fvuru sahiplerinin<strong> Polonya oturum izni<\/strong> i\u00e7in yerine getirmesi gereken \u015fartlar ise \u015f\u00f6yledir:\u00a0\u00a0\u00a0<\/span><\/p>\r\n<ul>\r\n<li><span style=\"font-family: Roboto; font-size: 14px;\">Ki\u015filer <strong>oturum izni<\/strong> ba\u015fvurular\u0131n\u0131 yapmadan 15 g\u00fcn \u00f6nce\u00a0Schengen\u00a0vize ba\u015fvurular\u0131n\u0131 yapmal\u0131d\u0131rlar.\u00a0<\/span><\/li>\r\n<li><span style=\"font-family: Roboto; font-size: 14px;\">Ba\u015fvuru Formu<strong>: Oturum izni<\/strong> i\u00e7in gerekli <strong>ba\u015fvuru formu<\/strong> doldurulup ibraz edilmelidir.\u00a0\u00a0<\/span><\/li>\r\n<li><span style=\"font-family: Roboto; font-size: 14px;\">Pasaport: Ki\u015filerin 10 y\u0131ldan eski olmayan, seyahat bitiminden itibaren minimum 3 ay ge\u00e7erlili\u011fe sahip ve en az 2 sayfas\u0131 bo\u015f pasaporta sahip olmalar\u0131 gerekmektedir.\u00a0\u00a0<\/span><\/li>\r\n<li><span style=\"font-family: Roboto; font-size: 14px;\">Foto\u011fraf: Son\u00a06 ay i\u00e7erisinde \u00e7ekilmi\u015f 2 adet 35mm x 45 mm\u00a0\u00f6l\u00e7\u00fclerinde\u00a0biyometrik\u00a0foto\u011fraf ibraz edilmelidir.\u00a0\u00a0<\/span><\/li>\r\n<li><span style=\"font-family: Roboto; font-size: 14px;\">Ba\u015fvuru sahibi 18 ya\u015f\u0131ndan k\u00fc\u00e7\u00fck ise vasiden al\u0131nm\u0131\u015f\u00a0muvafakatname\u00a0noter onayl\u0131 \u015fekilde\u00a0ibraz edilmelidir.\u00a0\u00a0<\/span><\/li>\r\n<li><span style=\"font-family: Roboto; font-size: 14px;\"><strong>Oturum izni ba\u015fvuru<\/strong> \u00fccretinin \u00f6denmesi ve \u00f6dendi\u011fine dair dekontun ibraz edilmesi gereklidir.\u00a0\u00a0\u00a0<\/span><\/li>\r\n<li><span style=\"font-family: Roboto; font-size: 14px;\">Sa\u011fl\u0131k Sigortas\u0131: Ba\u015fvuru sahibinin seyahat s\u00fcresini kapsayacak \u015fekilde d\u00fczenlenmi\u015f olmal\u0131d\u0131r.\u00a0<\/span><\/li>\r\n<li><span style=\"font-family: Roboto; font-size: 14px;\">Oturum Kart\u0131\u00a0<\/span><\/li>\r\n<li><span style=\"font-family: Roboto; font-size: 14px;\">Seyahat masraflar\u0131n\u0131n nas\u0131l kar\u015f\u0131lanaca\u011f\u0131n\u0131 kan\u0131tlayan belgeler ibraz edilmelidir.\u00a0<\/span><\/li>\r\n<\/ul>\r\n<p><span style=\"font-family: Roboto; font-size: 14px;\">Unutulmamad\u0131r ki ki\u015filerin ba\u015fvuru ama\u00e7lar\u0131na g\u00f6re destekleyici evraklar ba\u015fvuru dosyalar\u0131na eklenecektir.\u00a0\u00a0<\/span><\/p>\r\n<p><span style=\"font-family: Roboto; font-size: 14px;\">\u00a0\u00a0<\/span><\/p>\r\n<p><span style=\"font-family: Roboto;\"><\/span><\/p>","protected":false},"excerpt":{"rendered":"<p>Polonya\u2019da \u00e7e\u015fitli nedenlerle uzun s\u00fcre kalmak isteyen ki\u015filer i\u00e7in Polonya oturum kart\u0131 ya da izni al\u0131nmas\u0131 gerekmektedir. Ancak bu izinin al\u0131nmas\u0131 T\u00fcrkiye\u2019den yap\u0131labilecek bir i\u015flem de\u011fildir. Vize alarak Polonya\u2019ya gitti\u011finizde e\u011fer vizenizin s\u00fcresi dolmaya ba\u015flad\u0131ysa bu kart i\u00e7in ba\u015fvuru yapabilirsiniz. Ancak evlenme ya da aile birle\u015fimi durumu s\u00f6z konusu ise bu durumda farkl\u0131 i\u015flemler yap\u0131lmas\u0131<\/p>\n","protected":false},"author":1,"featured_media":0,"parent":0,"menu_order":0,"comment_status":"open","ping_status":"closed","template":"","meta":{"footnotes":""},"class_list":["post-161","page","type-page","status-publish","hentry"],"yoast_head":"<!-- This site is optimized with the Yoast SEO plugin v24.0 - https:\/\/yoast.com\/wordpress\/plugins\/seo\/ -->\n<title>Polonya Oturum Vizesi - Polonya Vizesi - MyVize<\/title>\n<meta name=\"description\" content=\"Polonya oturum vizesi i\u00e7in gerekli evraklar ve \u015fartlar g\u00fcncel. Polonya oturum vizesi ba\u015fvurusunda dikkat edilmesi gerekenler.\" \/>\n<meta name=\"robots\" content=\"index, follow, max-snippet:-1, max-image-preview:large, max-video-preview:-1\" \/>\n<link rel=\"canonical\" href=\"https:\/\/www.myvize.com.tr\/polonya\/oturum-2\/\" \/>\n<meta property=\"og:locale\" content=\"tr_TR\" \/>\n<meta property=\"og:type\" content=\"article\" \/>\n<meta property=\"og:title\" content=\"Polonya Oturum Vizesi - Polonya Vizesi - MyVize\" \/>\n<meta property=\"og:description\" content=\"Polonya oturum vizesi i\u00e7in gerekli evraklar ve \u015fartlar g\u00fcncel. Polonya oturum vizesi ba\u015fvurusunda dikkat edilmesi gerekenler.\" \/>\n<meta property=\"og:url\" content=\"https:\/\/www.myvize.com.tr\/polonya\/oturum-2\/\" \/>\n<meta property=\"og:site_name\" content=\"Polonya Vizesi &amp; Polonya Vize \u0130\u015flemleri\" \/>\n<meta property=\"article:modified_time\" content=\"2022-06-07T09:30:28+00:00\" \/>\n<meta property=\"og:image\" content=\"https:\/\/www.myvize.com.tr\/polonya\/wp-content\/uploads\/2021\/10\/45.jpg\" \/>\n<meta name=\"twitter:card\" content=\"summary_large_image\" \/>\n<meta name=\"twitter:label1\" content=\"Tahmini okuma s\u00fcresi\" \/>\n\t<meta name=\"twitter:data1\" content=\"3 dakika\" \/>\n<script type=\"application\/ld+json\" class=\"yoast-schema-graph\">{\"@context\":\"https:\/\/schema.org\",\"@graph\":[{\"@type\":\"WebPage\",\"@id\":\"https:\/\/www.myvize.com.tr\/polonya\/oturum-2\/\",\"url\":\"https:\/\/www.myvize.com.tr\/polonya\/oturum-2\/\",\"name\":\"Polonya Oturum Vizesi - Polonya Vizesi - MyVize\",\"isPartOf\":{\"@id\":\"https:\/\/www.myvize.com.tr\/polonya\/#website\"},\"primaryImageOfPage\":{\"@id\":\"https:\/\/www.myvize.com.tr\/polonya\/oturum-2\/#primaryimage\"},\"image\":{\"@id\":\"https:\/\/www.myvize.com.tr\/polonya\/oturum-2\/#primaryimage\"},\"thumbnailUrl\":\"https:\/\/www.myvize.com.tr\/polonya\/wp-content\/uploads\/2021\/10\/45.jpg\",\"datePublished\":\"2020-12-28T15:03:44+00:00\",\"dateModified\":\"2022-06-07T09:30:28+00:00\",\"description\":\"Polonya oturum vizesi i\u00e7in gerekli evraklar ve \u015fartlar g\u00fcncel. Polonya oturum vizesi ba\u015fvurusunda dikkat edilmesi gerekenler.\",\"breadcrumb\":{\"@id\":\"https:\/\/www.myvize.com.tr\/polonya\/oturum-2\/#breadcrumb\"},\"inLanguage\":\"tr\",\"potentialAction\":[{\"@type\":\"ReadAction\",\"target\":[\"https:\/\/www.myvize.com.tr\/polonya\/oturum-2\/\"]}]},{\"@type\":\"ImageObject\",\"inLanguage\":\"tr\",\"@id\":\"https:\/\/www.myvize.com.tr\/polonya\/oturum-2\/#primaryimage\",\"url\":\"https:\/\/www.myvize.com.tr\/polonya\/wp-content\/uploads\/2021\/10\/45.jpg\",\"contentUrl\":\"https:\/\/www.myvize.com.tr\/polonya\/wp-content\/uploads\/2021\/10\/45.jpg\",\"width\":800,\"height\":500,\"caption\":\"Polonya Oturum\"},{\"@type\":\"BreadcrumbList\",\"@id\":\"https:\/\/www.myvize.com.tr\/polonya\/oturum-2\/#breadcrumb\",\"itemListElement\":[{\"@type\":\"ListItem\",\"position\":1,\"name\":\"Anasayfa\",\"item\":\"https:\/\/www.myvize.com.tr\/polonya\/\"},{\"@type\":\"ListItem\",\"position\":2,\"name\":\"OTURUM\"}]},{\"@type\":\"WebSite\",\"@id\":\"https:\/\/www.myvize.com.tr\/polonya\/#website\",\"url\":\"https:\/\/www.myvize.com.tr\/polonya\/\",\"name\":\"Polonya Vizesi &amp; Polonya Vize \u0130\u015flemleri\",\"description\":\"\",\"potentialAction\":[{\"@type\":\"SearchAction\",\"target\":{\"@type\":\"EntryPoint\",\"urlTemplate\":\"https:\/\/www.myvize.com.tr\/polonya\/?s={search_term_string}\"},\"query-input\":{\"@type\":\"PropertyValueSpecification\",\"valueRequired\":true,\"valueName\":\"search_term_string\"}}],\"inLanguage\":\"tr\"}]}<\/script>\n<!-- \/ Yoast SEO plugin. -->","yoast_head_json":{"title":"Polonya Oturum Vizesi - Polonya Vizesi - MyVize","description":"Polonya oturum vizesi i\u00e7in gerekli evraklar ve \u015fartlar g\u00fcncel. Polonya oturum vizesi ba\u015fvurusunda dikkat edilmesi gerekenler.","robots":{"index":"index","follow":"follow","max-snippet":"max-snippet:-1","max-image-preview":"max-image-preview:large","max-video-preview":"max-video-preview:-1"},"canonical":"https:\/\/www.myvize.com.tr\/polonya\/oturum-2\/","og_locale":"tr_TR","og_type":"article","og_title":"Polonya Oturum Vizesi - Polonya Vizesi - MyVize","og_description":"Polonya oturum vizesi i\u00e7in gerekli evraklar ve \u015fartlar g\u00fcncel. Polonya oturum vizesi ba\u015fvurusunda dikkat edilmesi gerekenler.","og_url":"https:\/\/www.myvize.com.tr\/polonya\/oturum-2\/","og_site_name":"Polonya Vizesi &amp; Polonya Vize \u0130\u015flemleri","article_modified_time":"2022-06-07T09:30:28+00:00","og_image":[{"url":"https:\/\/www.myvize.com.tr\/polonya\/wp-content\/uploads\/2021\/10\/45.jpg","type":"","width":"","height":""}],"twitter_card":"summary_large_image","twitter_misc":{"Tahmini okuma s\u00fcresi":"3 dakika"},"schema":{"@context":"https:\/\/schema.org","@graph":[{"@type":"WebPage","@id":"https:\/\/www.myvize.com.tr\/polonya\/oturum-2\/","url":"https:\/\/www.myvize.com.tr\/polonya\/oturum-2\/","name":"Polonya Oturum Vizesi - Polonya Vizesi - MyVize","isPartOf":{"@id":"https:\/\/www.myvize.com.tr\/polonya\/#website"},"primaryImageOfPage":{"@id":"https:\/\/www.myvize.com.tr\/polonya\/oturum-2\/#primaryimage"},"image":{"@id":"https:\/\/www.myvize.com.tr\/polonya\/oturum-2\/#primaryimage"},"thumbnailUrl":"https:\/\/www.myvize.com.tr\/polonya\/wp-content\/uploads\/2021\/10\/45.jpg","datePublished":"2020-12-28T15:03:44+00:00","dateModified":"2022-06-07T09:30:28+00:00","description":"Polonya oturum vizesi i\u00e7in gerekli evraklar ve \u015fartlar g\u00fcncel. Polonya oturum vizesi ba\u015fvurusunda dikkat edilmesi gerekenler.","breadcrumb":{"@id":"https:\/\/www.myvize.com.tr\/polonya\/oturum-2\/#breadcrumb"},"inLanguage":"tr","potentialAction":[{"@type":"ReadAction","target":["https:\/\/www.myvize.com.tr\/polonya\/oturum-2\/"]}]},{"@type":"ImageObject","inLanguage":"tr","@id":"https:\/\/www.myvize.com.tr\/polonya\/oturum-2\/#primaryimage","url":"https:\/\/www.myvize.com.tr\/polonya\/wp-content\/uploads\/2021\/10\/45.jpg","contentUrl":"https:\/\/www.myvize.com.tr\/polonya\/wp-content\/uploads\/2021\/10\/45.jpg","width":800,"height":500,"caption":"Polonya Oturum"},{"@type":"BreadcrumbList","@id":"https:\/\/www.myvize.com.tr\/polonya\/oturum-2\/#breadcrumb","itemListElement":[{"@type":"ListItem","position":1,"name":"Anasayfa","item":"https:\/\/www.myvize.com.tr\/polonya\/"},{"@type":"ListItem","position":2,"name":"OTURUM"}]},{"@type":"WebSite","@id":"https:\/\/www.myvize.com.tr\/polonya\/#website","url":"https:\/\/www.myvize.com.tr\/polonya\/","name":"Polonya Vizesi &amp; Polonya Vize \u0130\u015flemleri","description":"","potentialAction":[{"@type":"SearchAction","target":{"@type":"EntryPoint","urlTemplate":"https:\/\/www.myvize.com.tr\/polonya\/?s={search_term_string}"},"query-input":{"@type":"PropertyValueSpecification","valueRequired":true,"valueName":"search_term_string"}}],"inLanguage":"tr"}]}},"_links":{"self":[{"href":"https:\/\/www.myvize.com.tr\/polonya\/wp-json\/wp\/v2\/pages\/161","targetHints":{"allow":["GET"]}}],"collection":[{"href":"https:\/\/www.myvize.com.tr\/polonya\/wp-json\/wp\/v2\/pages"}],"about":[{"href":"https:\/\/www.myvize.com.tr\/polonya\/wp-json\/wp\/v2\/types\/page"}],"author":[{"embeddable":true,"href":"https:\/\/www.myvize.com.tr\/polonya\/wp-json\/wp\/v2\/users\/1"}],"replies":[{"embeddable":true,"href":"https:\/\/www.myvize.com.tr\/polonya\/wp-json\/wp\/v2\/comments?post=161"}],"version-history":[{"count":6,"href":"https:\/\/www.myvize.com.tr\/polonya\/wp-json\/wp\/v2\/pages\/161\/revisions"}],"predecessor-version":[{"id":994,"href":"https:\/\/www.myvize.com.tr\/polonya\/wp-json\/wp\/v2\/pages\/161\/revisions\/994"}],"wp:attachment":[{"href":"https:\/\/www.myvize.com.tr\/polonya\/wp-json\/wp\/v2\/media?parent=161"}],"curies":[{"name":"wp","href":"https:\/\/api.w.org\/{rel}","templated":true}]}}