{"id":164,"date":"2020-12-28T18:04:03","date_gmt":"2020-12-28T15:04:03","guid":{"rendered":"https:\/\/www.myvize.com.tr\/polonya\/?page_id=164"},"modified":"2022-04-27T13:52:15","modified_gmt":"2022-04-27T10:52:15","slug":"vatandaslik","status":"publish","type":"page","link":"https:\/\/www.myvize.com.tr\/polonya\/vatandaslik\/","title":{"rendered":"VATANDA\u015eLIK"},"content":{"rendered":"<p><span style=\"font-family: Roboto;\"><\/span><\/p>\r\n<h2><span style=\"font-family: Roboto; font-size: 27px;\"><strong>Polonya Vatanda\u015fl\u0131\u011f\u0131 i\u00e7in Yap\u0131lmas\u0131 Gerekenler Nelerdir?<\/strong><\/span><\/h2>\r\n<p><span style=\"font-family: Roboto; font-size: 14px;\">\r\n\r\n<\/span><\/p>\r\n<p><span style=\"font-family: Roboto; font-size: 14px;\">Polonya vatanda\u015fl\u0131\u011f\u0131 i\u00e7in ba\u015fvurular Polonya Cumhuriyeti konsolosluk ofislerine yap\u0131lmaktad\u0131r. Ba\u015fvuru hakk\u0131nda g\u00f6zetimler konsolosluk\u00e7a sa\u011flanmaktad\u0131r. \u00dclkede ya\u015famaya devam eden yabanc\u0131lar ise valilik arac\u0131l\u0131\u011f\u0131 ile ba\u015fvurular\u0131n\u0131 yerine getirebilir. Ba\u015fvurular \u015fahsen yap\u0131lacak oldu\u011fu gibi e-posta kullan\u0131larak da iletilebilmektedir. Ba\u015fvurunun e-posta yolu kullan\u0131larak g\u00f6nderilmesi halinde ise imzan\u0131n \u00f6ncelikle tasdik edilmesi gerekir. 16 ile 18 ya\u015f aras\u0131nda bulunan \u00e7ocuklar ise konsoloslu\u011fa sunaca\u011f\u0131 beyan ekiyle kendileri i\u00e7in Polonya vatanda\u015fl\u0131\u011f\u0131 verilmesi i\u00e7in onaylar\u0131 istenmektedir.<\/span><\/p>\r\n<p><span style=\"font-family: Roboto; font-size: 14px;\">\r\n\r\n<\/span><\/p>\r\n<p><span style=\"font-family: Roboto; font-size: 14px;\">Ba\u015fvuru \u00f6ncesinde e-konsulat sistemi kullan\u0131larak randevu i\u015flemlerini yerine getirilmelisiniz.<\/span><\/p>\r\n<p><span style=\"font-family: Roboto; font-size: 14px;\"> <img decoding=\"async\" src=\"https:\/\/www.myvize.com.tr\/polonya\/wp-content\/uploads\/2021\/10\/52.jpg\" \/> <\/span><\/p>\r\n<h3><span style=\"font-family: Roboto; font-size: 24px;\"><strong>Polonya Vatanda\u015fl\u0131\u011f\u0131 i\u00e7in Gereken Belgeler<\/strong><\/span><\/h3>\r\n<p><span style=\"font-family: Roboto; font-size: 14px;\">\r\n\r\n<\/span><\/p>\r\n<p><span style=\"font-family: Roboto; font-size: 14px;\">l \u00a0<\/span><span style=\"font-family: Roboto; font-size: 14px;\">Polonya vatanda\u015fl\u0131\u011f\u0131 kazan\u0131lmas\u0131na y\u00f6nelik ba\u015fvuru formu,<\/span><\/p>\r\n<p><span style=\"font-family: Roboto; font-size: 14px;\">\r\n\r\n<\/span><\/p>\r\n<p><span style=\"font-family: Roboto; font-size: 14px;\">\r\n\r\n<\/span><\/p>\r\n<p><span style=\"font-family: Roboto; font-size: 14px;\">l \u00a0<\/span><span style=\"font-family: Roboto; font-size: 14px;\">Pasaport kriterlerini sa\u011flayan foto\u011fraf<\/span><\/p>\r\n<p><span style=\"font-family: Roboto; font-size: 14px;\">\r\n\r\n<\/span><\/p>\r\n<p><span style=\"font-family: Roboto; font-size: 14px;\">\r\n\r\n<\/span><\/p>\r\n<p><span style=\"font-family: Roboto; font-size: 14px;\">l \u00a0<\/span><span style=\"font-family: Roboto; font-size: 14px;\">Ba\u015fvuru sahibi yabanc\u0131 ise gelir durumunu g\u00f6steren belgeler<\/span><\/p>\r\n<p><span style=\"font-family: Roboto; font-size: 14px;\">\r\n\r\n<\/span><\/p>\r\n<p><span style=\"font-family: Roboto; font-size: 14px;\">\r\n\r\n<\/span><\/p>\r\n<p><span style=\"font-family: Roboto; font-size: 14px;\">l \u00a0<\/span><span style=\"font-family: Roboto; font-size: 14px;\">Evli olmas\u0131 halinde e\u015f hakk\u0131nda bilgiler<\/span><\/p>\r\n<p><span style=\"font-family: Roboto; font-size: 14px;\">\r\n\r\n<\/span><\/p>\r\n<p><span style=\"font-family: Roboto; font-size: 14px;\">\r\n\r\n<\/span><\/p>\r\n<p><span style=\"font-family: Roboto; font-size: 14px;\">l \u00a0<\/span><span style=\"font-family: Roboto; font-size: 14px;\">\u00c7ocuk sahibiyse \u00e7ocuklar\u0131n hakk\u0131nda bilgiler<\/span><\/p>\r\n<p><span style=\"font-family: Roboto; font-size: 14px;\">\r\n\r\n<\/span><\/p>\r\n<p><span style=\"font-family: Roboto; font-size: 14px;\">\r\n\r\n<\/span><\/p>\r\n<p><span style=\"font-family: Roboto; font-size: 14px;\">l \u00a0<\/span><span style=\"font-family: Roboto; font-size: 14px;\">Polonya vatanda\u015f\u0131 olan ebeveynlerin hakk\u0131nda bilgiler<\/span><\/p>\r\n<p><span style=\"font-family: Roboto; font-size: 14px;\">\r\n\r\n<\/span><\/p>\r\n<p><span style=\"font-family: Roboto; font-size: 14px;\">\r\n\r\n<\/span><\/p>\r\n<p><span style=\"font-family: Roboto; font-size: 14px;\">l \u00a0<\/span><span style=\"font-family: Roboto; font-size: 14px;\">Ba\u015fvuru sahibine ait e\u011fer bulunuyor ise ge\u00e7mi\u015fte yapt\u0131\u011f\u0131 ba\u015fvuru bilgileri<\/span><\/p>\r\n<p><span style=\"font-family: Roboto; font-size: 14px;\">\r\n\r\n<\/span><\/p>\r\n<p><span style=\"font-family: Roboto; font-size: 14px;\">\r\n\r\n<\/span><\/p>\r\n<p><span style=\"font-family: Roboto; font-size: 14px;\">l \u00a0<\/span><span style=\"font-family: Roboto; font-size: 14px;\">Ba\u015fvuru sahibine ait kimlik<\/span><\/p>\r\n<p><span style=\"font-family: Roboto; font-size: 14px;\">\r\n\r\n<\/span><\/p>\r\n<p><span style=\"font-family: Roboto; font-size: 14px;\">\r\n\r\n<\/span><\/p>\r\n<p><span style=\"font-family: Roboto; font-size: 14px;\">l \u00a0<\/span><span style=\"font-family: Roboto; font-size: 14px;\">Polonya Cumhuriyeti topraklar\u0131nda ikamet edilmesine dair izin al\u0131nan belgeler<\/span><\/p>\r\n<p><span style=\"font-family: Roboto; font-size: 14px;\">\r\n\r\n<\/span><\/p>\r\n<p><span style=\"font-family: Roboto; font-size: 14px;\">\r\n\r\n<\/span><\/p>\r\n<p><span style=\"font-family: Roboto; font-size: 14px;\">l \u00a0<\/span><span style=\"font-family: Roboto; font-size: 14px;\">Evli olmas\u0131 durumunda \u00e7ocuklar ve e\u015fler ile ilgili kimlik fotokopileri<\/span><\/p>\r\n<p><span style=\"font-family: Roboto; font-size: 14px;\">\r\n\r\n<\/span><\/p>\r\n<p><span style=\"font-family: Roboto; font-size: 14px;\">\r\n\r\n<\/span><\/p>\r\n<p><span style=\"font-family: Roboto; font-size: 14px;\">l \u00a0<\/span><span style=\"font-family: Roboto; font-size: 14px;\">Ge\u00e7mi\u015f zamanda Polonya vatanda\u015fl\u0131\u011f\u0131 almaya hak kazanm\u0131\u015f ise, bu durumu g\u00f6sterir belgeler.<\/span><\/p>\r\n<p><span style=\"font-family: Roboto; font-size: 14px;\">\r\n\r\n<\/span><\/p>\r\n<p><span style=\"font-family: Roboto; font-size: 14px;\">\r\n\r\n<\/span><\/p>\r\n<p><span style=\"font-family: Roboto; font-size: 14px;\">l \u00a0<\/span><span style=\"font-family: Roboto; font-size: 14px;\">Gelir durumunu kan\u0131tlar belgeler<\/span><\/p>\r\n<p><span style=\"font-family: Roboto; font-size: 14px;\">\r\n\r\n<\/span><\/p>\r\n<p><span style=\"font-family: Roboto; font-size: 14px;\">\r\n\r\n<\/span><\/p>\r\n<p><span style=\"font-family: Roboto; font-size: 14px;\">l \u00a0<\/span><span style=\"font-family: Roboto; font-size: 14px;\">Siyasal, sosyal aktiviteler ve mesleki a\u00e7\u0131dan ba\u015far\u0131lar\u0131n\u0131 g\u00f6sterir belgeler<\/span><\/p>\r\n<p><span style=\"font-family: Roboto; font-size: 14px;\">\r\n\r\n<\/span><\/p>\r\n<p><span style=\"font-family: Roboto; font-size: 14px;\">\r\n\r\n<\/span><\/p>\r\n<h3><span style=\"font-family: Roboto; font-size: 24px;\"><strong>Polonya Vatanda\u015fl\u0131\u011f\u0131 i\u00e7in \u00c7ocuklar Dahil Ediliyor ise;<\/strong><\/span><\/h3>\r\n<p><span style=\"font-family: Roboto; font-size: 14px;\">\r\n\r\n<\/span><\/p>\r\n<p><span style=\"font-family: Roboto; font-size: 14px;\">l \u00a0<\/span><span style=\"font-family: Roboto; font-size: 14px;\">\u00c7ocu\u011fa ait do\u011fum belgesi<\/span><\/p>\r\n<p><span style=\"font-family: Roboto; font-size: 14px;\">\r\n\r\n<\/span><\/p>\r\n<p><span style=\"font-family: Roboto; font-size: 14px;\">\r\n\r\n<\/span><\/p>\r\n<p><span style=\"font-family: Roboto; font-size: 14px;\">l \u00a0<\/span><span style=\"font-family: Roboto; font-size: 14px;\">\u00c7ocu\u011fun vatanda\u015fl\u0131k sahibi olabilmesine ili\u015fkin e\u015f taraf\u0131ndan haz\u0131rlanan muvafakat belgesi<\/span><\/p>\r\n<p><span style=\"font-family: Roboto; font-size: 14px;\">\r\n\r\n<\/span><\/p>\r\n<p><span style=\"font-family: Roboto; font-size: 14px;\">\r\n\r\n<\/span><\/p>\r\n<p><span style=\"font-family: Roboto; font-size: 14px;\">l \u00a0<\/span><span style=\"font-family: Roboto; font-size: 14px;\">Ba\u015fvuru yapacak olan \u00e7ocuk 16 ya\u015f \u00fczerinde ise, Polonya vatanda\u015fl\u0131\u011f\u0131ndan \u00e7\u0131kmas\u0131na y\u00f6nelik \u00e7ocuktan al\u0131nm\u0131\u015f yaz\u0131l\u0131 beyan konsolosluk taraf\u0131ndan talep edilmektedir.<\/span><\/p>\r\n<p><span style=\"font-family: Roboto; font-size: 14px;\">\r\n\r\n<\/span><\/p>\r\n<p><span style=\"font-family: Roboto; font-size: 14px;\">\r\n\r\n<\/span><\/p>\r\n<p><span style=\"font-family: Roboto; font-size: 14px;\">Ba\u015fvuru formu Leh\u00e7e ile doldurulmas\u0131 \u015fart\u0131 aranmaktad\u0131r. Haz\u0131rlanacak olan t\u00fcm belgeler asl\u0131na uygun bir \u015fekilde fotokopi edilmeli ve as\u0131llar\u0131yla birlikte beyan edilmelidir. Yabanc\u0131 dillerde olan belgelerin yeminlik terc\u00fcmanlar taraf\u0131ndan Leh\u00e7e\u2019ye \u00e7evrilmesi \u015fart\u0131 aran\u0131r. Avrupa Birli\u011fi \u00fclkelerinde haz\u0131rlanm\u0131\u015f olan belgeler i\u00e7in ise terc\u00fcmelerin yap\u0131lmas\u0131 yerine 2016\/1191 say\u0131l\u0131 olan t\u00fcz\u00fc\u011fe ba\u011fl\u0131 kalarak makam taraf\u0131ndan yay\u0131nlanan standart form beyan edilebilir. Ba\u015fvurular\u0131n de\u011ferlendirilmesi konusunda net bir s\u00fcre verilebilmesi m\u00fcmk\u00fcn de\u011fildir. Ba\u015fvuru sonucunuz kabul edilmesi halinde belgeler belirtti\u011finiz adrese posta yoluyla g\u00f6nderilebilir ya da bizzat kendiniz gidip teslim alabilirsiniz.<\/span><\/p>\r\n<p><span style=\"font-family: Roboto;\"><\/span><\/p>","protected":false},"excerpt":{"rendered":"<p>Polonya Vatanda\u015fl\u0131\u011f\u0131 i\u00e7in Yap\u0131lmas\u0131 Gerekenler Nelerdir? Polonya vatanda\u015fl\u0131\u011f\u0131 i\u00e7in ba\u015fvurular Polonya Cumhuriyeti konsolosluk ofislerine yap\u0131lmaktad\u0131r. Ba\u015fvuru hakk\u0131nda g\u00f6zetimler konsolosluk\u00e7a sa\u011flanmaktad\u0131r. \u00dclkede ya\u015famaya devam eden yabanc\u0131lar ise valilik arac\u0131l\u0131\u011f\u0131 ile ba\u015fvurular\u0131n\u0131 yerine getirebilir. Ba\u015fvurular \u015fahsen yap\u0131lacak oldu\u011fu gibi e-posta kullan\u0131larak da iletilebilmektedir. Ba\u015fvurunun e-posta yolu kullan\u0131larak g\u00f6nderilmesi halinde ise imzan\u0131n \u00f6ncelikle tasdik edilmesi gerekir. 16 ile<\/p>\n","protected":false},"author":1,"featured_media":0,"parent":0,"menu_order":0,"comment_status":"open","ping_status":"closed","template":"","meta":{"footnotes":""},"class_list":["post-164","page","type-page","status-publish","hentry"],"yoast_head":"<!-- This site is optimized with the Yoast SEO plugin v24.0 - https:\/\/yoast.com\/wordpress\/plugins\/seo\/ -->\n<title>Polonya Vatanda\u015fl\u0131k Almak \u0130\u00e7in \u015eartlar - MyVize<\/title>\n<meta name=\"description\" content=\"Polonya vatanda\u015fl\u0131\u011f\u0131 ba\u015fvuru belgeleri. Polonya vatanda\u015fl\u0131\u011f\u0131 i\u00e7in gerekli \u015fartlar. Polonya vatanda\u015fl\u0131k i\u015flemleri.\" \/>\n<meta name=\"robots\" content=\"index, follow, max-snippet:-1, max-image-preview:large, max-video-preview:-1\" \/>\n<link rel=\"canonical\" href=\"https:\/\/www.myvize.com.tr\/polonya\/vatandaslik\/\" \/>\n<meta property=\"og:locale\" content=\"tr_TR\" \/>\n<meta property=\"og:type\" content=\"article\" \/>\n<meta property=\"og:title\" content=\"Polonya Vatanda\u015fl\u0131k Almak \u0130\u00e7in \u015eartlar - MyVize\" \/>\n<meta property=\"og:description\" content=\"Polonya vatanda\u015fl\u0131\u011f\u0131 ba\u015fvuru belgeleri. Polonya vatanda\u015fl\u0131\u011f\u0131 i\u00e7in gerekli \u015fartlar. Polonya vatanda\u015fl\u0131k i\u015flemleri.\" \/>\n<meta property=\"og:url\" content=\"https:\/\/www.myvize.com.tr\/polonya\/vatandaslik\/\" \/>\n<meta property=\"og:site_name\" content=\"Polonya Vizesi &amp; Polonya Vize \u0130\u015flemleri\" \/>\n<meta property=\"article:modified_time\" content=\"2022-04-27T10:52:15+00:00\" \/>\n<meta property=\"og:image\" content=\"https:\/\/www.myvize.com.tr\/polonya\/wp-content\/uploads\/2021\/10\/52.jpg\" \/>\n<meta name=\"twitter:card\" content=\"summary_large_image\" \/>\n<meta name=\"twitter:label1\" content=\"Tahmini okuma s\u00fcresi\" \/>\n\t<meta name=\"twitter:data1\" content=\"2 dakika\" \/>\n<script type=\"application\/ld+json\" class=\"yoast-schema-graph\">{\"@context\":\"https:\/\/schema.org\",\"@graph\":[{\"@type\":\"WebPage\",\"@id\":\"https:\/\/www.myvize.com.tr\/polonya\/vatandaslik\/\",\"url\":\"https:\/\/www.myvize.com.tr\/polonya\/vatandaslik\/\",\"name\":\"Polonya Vatanda\u015fl\u0131k Almak \u0130\u00e7in \u015eartlar - MyVize\",\"isPartOf\":{\"@id\":\"https:\/\/www.myvize.com.tr\/polonya\/#website\"},\"primaryImageOfPage\":{\"@id\":\"https:\/\/www.myvize.com.tr\/polonya\/vatandaslik\/#primaryimage\"},\"image\":{\"@id\":\"https:\/\/www.myvize.com.tr\/polonya\/vatandaslik\/#primaryimage\"},\"thumbnailUrl\":\"https:\/\/www.myvize.com.tr\/polonya\/wp-content\/uploads\/2021\/10\/52.jpg\",\"datePublished\":\"2020-12-28T15:04:03+00:00\",\"dateModified\":\"2022-04-27T10:52:15+00:00\",\"description\":\"Polonya vatanda\u015fl\u0131\u011f\u0131 ba\u015fvuru belgeleri. Polonya vatanda\u015fl\u0131\u011f\u0131 i\u00e7in gerekli \u015fartlar. Polonya vatanda\u015fl\u0131k i\u015flemleri.\",\"breadcrumb\":{\"@id\":\"https:\/\/www.myvize.com.tr\/polonya\/vatandaslik\/#breadcrumb\"},\"inLanguage\":\"tr\",\"potentialAction\":[{\"@type\":\"ReadAction\",\"target\":[\"https:\/\/www.myvize.com.tr\/polonya\/vatandaslik\/\"]}]},{\"@type\":\"ImageObject\",\"inLanguage\":\"tr\",\"@id\":\"https:\/\/www.myvize.com.tr\/polonya\/vatandaslik\/#primaryimage\",\"url\":\"https:\/\/www.myvize.com.tr\/polonya\/wp-content\/uploads\/2021\/10\/52.jpg\",\"contentUrl\":\"https:\/\/www.myvize.com.tr\/polonya\/wp-content\/uploads\/2021\/10\/52.jpg\",\"width\":800,\"height\":500,\"caption\":\"Polonya Vatanda\u015fl\u0131k\"},{\"@type\":\"BreadcrumbList\",\"@id\":\"https:\/\/www.myvize.com.tr\/polonya\/vatandaslik\/#breadcrumb\",\"itemListElement\":[{\"@type\":\"ListItem\",\"position\":1,\"name\":\"Anasayfa\",\"item\":\"https:\/\/www.myvize.com.tr\/polonya\/\"},{\"@type\":\"ListItem\",\"position\":2,\"name\":\"VATANDA\u015eLIK\"}]},{\"@type\":\"WebSite\",\"@id\":\"https:\/\/www.myvize.com.tr\/polonya\/#website\",\"url\":\"https:\/\/www.myvize.com.tr\/polonya\/\",\"name\":\"Polonya Vizesi &amp; Polonya Vize \u0130\u015flemleri\",\"description\":\"\",\"potentialAction\":[{\"@type\":\"SearchAction\",\"target\":{\"@type\":\"EntryPoint\",\"urlTemplate\":\"https:\/\/www.myvize.com.tr\/polonya\/?s={search_term_string}\"},\"query-input\":{\"@type\":\"PropertyValueSpecification\",\"valueRequired\":true,\"valueName\":\"search_term_string\"}}],\"inLanguage\":\"tr\"}]}<\/script>\n<!-- \/ Yoast SEO plugin. -->","yoast_head_json":{"title":"Polonya Vatanda\u015fl\u0131k Almak \u0130\u00e7in \u015eartlar - MyVize","description":"Polonya vatanda\u015fl\u0131\u011f\u0131 ba\u015fvuru belgeleri. Polonya vatanda\u015fl\u0131\u011f\u0131 i\u00e7in gerekli \u015fartlar. Polonya vatanda\u015fl\u0131k i\u015flemleri.","robots":{"index":"index","follow":"follow","max-snippet":"max-snippet:-1","max-image-preview":"max-image-preview:large","max-video-preview":"max-video-preview:-1"},"canonical":"https:\/\/www.myvize.com.tr\/polonya\/vatandaslik\/","og_locale":"tr_TR","og_type":"article","og_title":"Polonya Vatanda\u015fl\u0131k Almak \u0130\u00e7in \u015eartlar - MyVize","og_description":"Polonya vatanda\u015fl\u0131\u011f\u0131 ba\u015fvuru belgeleri. Polonya vatanda\u015fl\u0131\u011f\u0131 i\u00e7in gerekli \u015fartlar. Polonya vatanda\u015fl\u0131k i\u015flemleri.","og_url":"https:\/\/www.myvize.com.tr\/polonya\/vatandaslik\/","og_site_name":"Polonya Vizesi &amp; Polonya Vize \u0130\u015flemleri","article_modified_time":"2022-04-27T10:52:15+00:00","og_image":[{"url":"https:\/\/www.myvize.com.tr\/polonya\/wp-content\/uploads\/2021\/10\/52.jpg","type":"","width":"","height":""}],"twitter_card":"summary_large_image","twitter_misc":{"Tahmini okuma s\u00fcresi":"2 dakika"},"schema":{"@context":"https:\/\/schema.org","@graph":[{"@type":"WebPage","@id":"https:\/\/www.myvize.com.tr\/polonya\/vatandaslik\/","url":"https:\/\/www.myvize.com.tr\/polonya\/vatandaslik\/","name":"Polonya Vatanda\u015fl\u0131k Almak \u0130\u00e7in \u015eartlar - MyVize","isPartOf":{"@id":"https:\/\/www.myvize.com.tr\/polonya\/#website"},"primaryImageOfPage":{"@id":"https:\/\/www.myvize.com.tr\/polonya\/vatandaslik\/#primaryimage"},"image":{"@id":"https:\/\/www.myvize.com.tr\/polonya\/vatandaslik\/#primaryimage"},"thumbnailUrl":"https:\/\/www.myvize.com.tr\/polonya\/wp-content\/uploads\/2021\/10\/52.jpg","datePublished":"2020-12-28T15:04:03+00:00","dateModified":"2022-04-27T10:52:15+00:00","description":"Polonya vatanda\u015fl\u0131\u011f\u0131 ba\u015fvuru belgeleri. Polonya vatanda\u015fl\u0131\u011f\u0131 i\u00e7in gerekli \u015fartlar. Polonya vatanda\u015fl\u0131k i\u015flemleri.","breadcrumb":{"@id":"https:\/\/www.myvize.com.tr\/polonya\/vatandaslik\/#breadcrumb"},"inLanguage":"tr","potentialAction":[{"@type":"ReadAction","target":["https:\/\/www.myvize.com.tr\/polonya\/vatandaslik\/"]}]},{"@type":"ImageObject","inLanguage":"tr","@id":"https:\/\/www.myvize.com.tr\/polonya\/vatandaslik\/#primaryimage","url":"https:\/\/www.myvize.com.tr\/polonya\/wp-content\/uploads\/2021\/10\/52.jpg","contentUrl":"https:\/\/www.myvize.com.tr\/polonya\/wp-content\/uploads\/2021\/10\/52.jpg","width":800,"height":500,"caption":"Polonya Vatanda\u015fl\u0131k"},{"@type":"BreadcrumbList","@id":"https:\/\/www.myvize.com.tr\/polonya\/vatandaslik\/#breadcrumb","itemListElement":[{"@type":"ListItem","position":1,"name":"Anasayfa","item":"https:\/\/www.myvize.com.tr\/polonya\/"},{"@type":"ListItem","position":2,"name":"VATANDA\u015eLIK"}]},{"@type":"WebSite","@id":"https:\/\/www.myvize.com.tr\/polonya\/#website","url":"https:\/\/www.myvize.com.tr\/polonya\/","name":"Polonya Vizesi &amp; Polonya Vize \u0130\u015flemleri","description":"","potentialAction":[{"@type":"SearchAction","target":{"@type":"EntryPoint","urlTemplate":"https:\/\/www.myvize.com.tr\/polonya\/?s={search_term_string}"},"query-input":{"@type":"PropertyValueSpecification","valueRequired":true,"valueName":"search_term_string"}}],"inLanguage":"tr"}]}},"_links":{"self":[{"href":"https:\/\/www.myvize.com.tr\/polonya\/wp-json\/wp\/v2\/pages\/164","targetHints":{"allow":["GET"]}}],"collection":[{"href":"https:\/\/www.myvize.com.tr\/polonya\/wp-json\/wp\/v2\/pages"}],"about":[{"href":"https:\/\/www.myvize.com.tr\/polonya\/wp-json\/wp\/v2\/types\/page"}],"author":[{"embeddable":true,"href":"https:\/\/www.myvize.com.tr\/polonya\/wp-json\/wp\/v2\/users\/1"}],"replies":[{"embeddable":true,"href":"https:\/\/www.myvize.com.tr\/polonya\/wp-json\/wp\/v2\/comments?post=164"}],"version-history":[{"count":5,"href":"https:\/\/www.myvize.com.tr\/polonya\/wp-json\/wp\/v2\/pages\/164\/revisions"}],"predecessor-version":[{"id":966,"href":"https:\/\/www.myvize.com.tr\/polonya\/wp-json\/wp\/v2\/pages\/164\/revisions\/966"}],"wp:attachment":[{"href":"https:\/\/www.myvize.com.tr\/polonya\/wp-json\/wp\/v2\/media?parent=164"}],"curies":[{"name":"wp","href":"https:\/\/api.w.org\/{rel}","templated":true}]}}