{"id":205,"date":"2020-12-28T18:09:48","date_gmt":"2020-12-28T15:09:48","guid":{"rendered":"https:\/\/www.myvize.com.tr\/polonya\/?page_id=205"},"modified":"2022-08-11T11:38:24","modified_gmt":"2022-08-11T08:38:24","slug":"polonya-ticari-vize-dilekce-ornegi","status":"publish","type":"page","link":"https:\/\/www.myvize.com.tr\/polonya\/form-ve-dilekce\/polonya-ticari-vize-dilekce-ornegi\/","title":{"rendered":"Polonya Ticari Vize Dilek\u00e7e \u00d6rne\u011fi"},"content":{"rendered":"<p><span style=\"font-family: Roboto;\"><\/span><\/p>\r\n<p><span style=\"font-family: Roboto; font-size: 14px;\">Polonya\u2019da 180 g\u00fcn i\u00e7inde maksimum 90 g\u00fcn kalabilmektesiniz. Bunun i\u00e7in ise\u00a0<strong>Polonya ticari vize dilek\u00e7e \u00f6rne\u011fi<\/strong>\u00a0ile ticari vizeye ba\u015fvurup hak etmi\u015f olman\u0131z gerekmektedir.<span style=\"color: #2acec2;\"><strong><a style=\"color: #2acec2;\" href=\"https:\/\/www.myvize.com.tr\/polonya\/vize-islemleri\/polonya-ticari-vize\/\" target=\"_blank\" rel=\"noopener\"> Polonya ticari vize ,<\/a><\/strong><\/span>Schengen Vizesi olarak ge\u00e7mektedir. K\u0131sa s\u00fcrelidir ve C tipi olarak adland\u0131r\u0131lmaktad\u0131r. Bordro pasaportu olan T.C vatanda\u015flar\u0131 ticari ama\u00e7la Polonya\u2019ya seyahat i\u00e7in bu vizeye ba\u015fvurmal\u0131d\u0131r.<\/span><\/p>\r\n<h2><span style=\"font-family: Roboto; font-size: 27px;\"><strong>Polonya Ticari Vize \u0130\u015flemleri<\/strong><\/span><\/h2>\r\n<p><span style=\"font-family: Roboto; font-size: 14px;\"><strong>Polonya ticari vizesi<\/strong> k\u0131sa s\u00fcreli i\u015f seyahatleri i\u00e7in al\u0131nan bir vize t\u00fcr\u00fc olarak bilinir. Ticari vize ile <strong>Polonya\u2019ya seyahat<\/strong> edecek ki\u015fi 180 g\u00fcn i\u00e7erisinde en fazla 90 g\u00fcn Schengen b\u00f6lgesinde kalma olana\u011f\u0131 bulur. Polonya ticari vizesi i\u00e7in Polonya\u2019da bulunan firmadan davetiye al\u0131nmas\u0131 gerekir. Polonya\u2019da d\u00fczenlenecek ticari ama\u00e7l\u0131 fuar ve etkinliklere kat\u0131lacak olan ki\u015fi organizasyonu d\u00fczenleyen firmadan davetiyesini alarak ba\u015fvuruda bulunabilir.<\/span><\/p>\r\n<p><span style=\"font-family: Roboto; font-size: 14px;\">Polonya ticari davetiyesi olmadan ticari vize ba\u015fvurular\u0131 yap\u0131lamaz. \u0130\u015f amac\u0131yla Polonya\u2019ya gidi\u015flerde Polonya\u2019da bulunan firmadan al\u0131nacak davet mektubunu seyahatin amac\u0131, etkinli\u011fin s\u00fcresine ba\u011fl\u0131 olarak seyahatin tarihini kapsamal\u0131d\u0131r. Polonya ticari vize ba\u015fvurusunda bulunmak isteyen ki\u015filer di\u011fer vize ba\u015fvurular\u0131nda oldu\u011fu gibi konsoloslu\u011fa gerekli olan belgelerin teslim edilmesiyle ba\u015flar. \u0130nternet yoluyla ba\u015fvuru yapacak ki\u015filer, online ba\u015fvuru sistemi \u00fczerinden randevu almalar\u0131 gerekecektir. Randevu al\u0131nd\u0131ktan sonra randevu tarihinde ve saatinde konsoloslu\u011fa gerekli evraklar\u0131 vererek ba\u015fvurular yap\u0131lm\u0131\u015f olunur. Polonya ticaret vizesi ba\u015fvurusunda bulunan ki\u015filer Polonya Konsoloslu\u011fu\u2019na parmak izi vermeleri gerekir.<\/span><\/p>\r\n<h2><span style=\"font-family: Roboto; font-size: 27px;\"><strong>Polonya Ticari Vize Dilek\u00e7esi Nas\u0131l Yaz\u0131l\u0131r?<\/strong><\/span><\/h2>\r\n<p><span style=\"font-family: Roboto; font-size: 14px;\"><strong>Polonya vize<\/strong> ba\u015fvurular\u0131nda talep yaz\u0131s\u0131 olu\u015fturulurken dilek\u00e7edeki bilgiler teslim edilen evraklar ile uyumlu olmas\u0131 gerekir. <strong>Polonya vize talep dilek\u00e7esi<\/strong> yaz\u0131l\u0131rken dikkat edilecek hususlar \u015funlard\u0131r.<\/span><\/p>\r\n<ul>\r\n<li><span style=\"font-family: Roboto; font-size: 14px;\">Polonya vize dilek\u00e7esi Polonya dilinde veya \u0130ngilizce olacak \u015fekilde yaz\u0131lmas\u0131 gerekir.<\/span><\/li>\r\n<li><span style=\"font-family: Roboto; font-size: 14px;\">Yaz\u0131lan dilek\u00e7enin tarihi yaz\u0131l\u0131r.<\/span><\/li>\r\n<li><span style=\"font-family: Roboto; font-size: 14px;\">Polonya\u2019n\u0131n hangi temsilcili\u011fine ve hangi b\u00f6l\u00fcm\u00fcne hitap etti\u011finiz mutlaka yaz\u0131lmal\u0131d\u0131r.<\/span><\/li>\r\n<li><span style=\"font-family: Roboto; font-size: 14px;\">\u0130sim, soy isim ve pasaportunuzun numaras\u0131 yaz\u0131lmal\u0131d\u0131r.<\/span><\/li>\r\n<li><span style=\"font-family: Roboto; font-size: 14px;\">Yap\u0131lacak seyahatlerinizin tarihi net olmal\u0131d\u0131r.<\/span><\/li>\r\n<li><span style=\"font-family: Roboto; font-size: 14px;\">Dilek\u00e7enizde belirtilen seyahat tarihlerini ile ba\u015fvuru formu, u\u00e7ak, otel ve seyahat sa\u011fl\u0131k sigortas\u0131 kapsam\u0131 \u00fczerinde yaz\u0131l\u0131 seyahat tarihleri birbirleriyle uyumlu olmas\u0131 gerekir.<\/span><\/li>\r\n<\/ul>\r\n<p><span style=\"font-family: Roboto; font-size: 14px;\">Yap\u0131lacak seyahat planlaman\u0131za dair ayr\u0131nt\u0131lar\u0131 belirtmek gerekir. Bunlar konaklama bilgileri, ula\u015f\u0131m ara\u00e7lar\u0131n\u0131n bilgileri ile ziyaretin ama\u00e7lar\u0131 olmaktad\u0131r. Yap\u0131lacak ziyaret s\u0131ras\u0131nda yap\u0131lacaklardan genel olarak bahsedilmesi gerekir.<\/span><\/p>\r\n<p><span style=\"font-family: Roboto; font-size: 14px;\">Daha \u00f6nce yapm\u0131\u015f oldu\u011funuz seyahatlerinizden, ge\u00e7mi\u015f vize reddi durumlar\u0131ndan bahsetmek gerekir.<\/span><\/p>\r\n<p><span style=\"font-family: Roboto; font-size: 14px;\">Vize talebiniz s\u00fcresine ba\u011fl\u0131 olarak \u00e7ift, tek veya \u00e7ok giri\u015fli se\u00e7eneklerinizi belirtmeniz gerekir.<\/span><\/p>\r\n<p><span style=\"font-family: Roboto; font-size: 14px;\">Mesleki bilgileriniz hakk\u0131nda bilgiler verilmesi gerekir.<\/span><\/p>\r\n<p><span style=\"font-family: Roboto; font-size: 14px;\">\u00c7al\u0131\u015fanlar i\u00e7in, \u015firketin antetli ka\u011f\u0131d\u0131na i\u015fe giri\u015f tarihiniz, i\u015fyerindeki g\u00f6reviniz, ald\u0131\u011f\u0131n\u0131z maa\u015f\u0131n\u0131z net olarak yaz\u0131lmas\u0131 gerekir.<\/span><\/p>\r\n<p><span style=\"font-family: Roboto; font-size: 14px;\">\r\n\r\n<\/span><\/p>\r\n<h2 class=\"wp-block-heading\"><strong><span style=\"font-family: Roboto; font-size: 27px;\">Polonya Ticari Vize Dilek\u00e7esinde Dikkat Edilmesi Gerekenler<\/span><\/strong><\/h2>\r\n<p><span style=\"font-family: Roboto; font-size: 14px;\">\r\n\r\n<\/span><\/p>\r\n<ul class=\"wp-block-list\">\r\n<li><span style=\"font-family: Roboto; font-size: 14px;\"><strong>Polonya ticari vize dilek\u00e7e \u00f6rne\u011fi<\/strong>\u00a0\u00fczerinde mutlaka seyahate \u00e7\u0131kacak ki\u015finin firmadaki g\u00f6rev ve konumu belirtilmelidir.<\/span><\/li>\r\n<\/ul>\r\n<p><span style=\"font-family: Roboto; font-size: 14px;\">\r\n\r\n<\/span><\/p>\r\n<ul class=\"wp-block-list\">\r\n<li><span style=\"font-family: Roboto; font-size: 14px;\"><strong>Polonya vize dilek\u00e7e \u00f6rne\u011fi<\/strong>\u00a0i\u00e7eri\u011finde seyahatin amac\u0131 a\u00e7\u0131k\u00e7a belirtilmelidir. \u00d6rnek \u00fczerinden a\u00e7\u0131klamak gerekirse ki\u015fi i\u015f bir fuara kat\u0131lacaksa kat\u0131l\u0131m evrak\u0131n\u0131n bir \u00f6rne\u011fi de sunulmal\u0131d\u0131r.<\/span><\/li>\r\n<\/ul>\r\n<p><span style=\"font-family: Roboto; font-size: 14px;\">\r\n\r\n<\/span><\/p>\r\n<ul class=\"wp-block-list\">\r\n<li><span style=\"font-family: Roboto; font-size: 14px;\">Seyahat edecek kimsenin seyahat esnas\u0131nda yapaca\u011f\u0131 masraflar\u0131n\u00a0 (hastal\u0131k, kaza, transfer, konaklama gibi) ne \u015fekilde kar\u015f\u0131lanaca\u011f\u0131n\u0131 dilek\u00e7esinde a\u00e7\u0131k\u00e7a belirtmelidir.<\/span><\/li>\r\n<\/ul>\r\n<p><span style=\"font-family: Roboto; font-size: 14px;\">\r\n\r\n<\/span><\/p>\r\n<ul class=\"wp-block-list\">\r\n<li><span style=\"font-family: Roboto; font-size: 14px;\"><strong>Polonya ticari vize<\/strong> dilek\u00e7esinde yer alan bilgiler ile dosyaya konan evraklar aras\u0131nda tutars\u0131zl\u0131k olmamal\u0131d\u0131r.<\/span><\/li>\r\n<\/ul>\r\n<p><span style=\"font-family: Roboto; font-size: 14px;\">\r\n\r\n<\/span><\/p>\r\n<ul class=\"wp-block-list\">\r\n<li><span style=\"font-family: Roboto; font-size: 14px;\">Polonya seyahatini ger\u00e7ekle\u015ftirecek \u015fah\u0131s dilek\u00e7esinde net bir \u015fekilde seyahat ba\u015flang\u0131\u00e7 ve biti\u015f tarihlerini belirtmelidir.<\/span><\/li>\r\n<\/ul>\r\n<p><span style=\"font-family: Roboto; font-size: 14px;\">\r\n\r\n<\/span><\/p>\r\n<ul class=\"wp-block-list\">\r\n<li><span style=\"font-family: Roboto; font-size: 14px;\"><strong>Polonya ticari vize dilek\u00e7e \u00f6rne\u011fi<\/strong>\u00a0ile ba\u015fvuruda bulunacak \u015firket antetli ka\u011f\u0131da dilek\u00e7esini yazmak durumundad\u0131r. Dilek\u00e7e \u0131slak imza ile imzalanmak ve de ka\u015felenmek zorundad\u0131r.<\/span><\/li>\r\n<\/ul>\r\n<p><img decoding=\"async\" src=\"https:\/\/www.myvize.com.tr\/polonya\/wp-content\/uploads\/2021\/10\/59.jpg\" \/><\/p>\r\n<h2><span style=\"font-family: Roboto; font-size: 27px;\"><strong>Polonya Ticari Vize Dilek\u00e7e \u00d6rne\u011fi 2022<\/strong><\/span><\/h2>\r\n<p><span style=\"font-family: Roboto; font-size: 14px;\">Polonya Ticari vize dilek\u00e7e \u00f6rne\u011fi<\/span><\/p>\r\n<p><span style=\"font-family: Roboto; font-size: 14px;\">\u2026\u2026\u2026\u2026\u2026\u2026.Ba\u015fkonsoloslu\u011fu \u0130stanbul<\/span><\/p>\r\n<p><span style=\"font-family: Roboto; font-size: 14px;\">Vize B\u00f6l\u00fcm\u00fc \u015eefi Sn:<\/span><\/p>\r\n<p><span style=\"font-family: Roboto; font-size: 14px;\">Vize Merkezi \u0130stanbul Fatih il\u00e7esinde yerle\u015fik, hizmet sekt\u00f6r\u00fcnde 15 y\u0131ld\u0131r 112 \u00fclkeye vize dan\u0131\u015fmanl\u0131\u011f\u0131 ve turizm organizasyonu yaparak T\u00fcrkiye\u2019de 10 ilde 12 \u015fubesi bulunan kendi sekt\u00f6r\u00fcnde en iyi 2 \u015firketten biridir.<\/span><\/p>\r\n<p><span style=\"font-family: Roboto; font-size: 14px;\">\u00dclkenizde bulunan\u2019\u2019\u2026\u2026\u2026.\u2019\u2019vize dan\u0131\u015fmanl\u0131k sekt\u00f6r\u00fcnde en ba\u015far\u0131l\u0131 firmalar\u0131ndan biridir. 70 \u00fclkeye verdikleri vize hizmeti i\u00e7i, T\u00fcrkiye\u2019de kendimize has geli\u015ftirdi\u011fimiz teknik ve sistemle yakalad\u0131\u011f\u0131m\u0131z ba\u015far\u0131y\u0131\u2019\u2019\u2026\u2026\u2026\u2026..\u2019\u2019\u015firketine ayn\u0131 sistem uygulanacakt\u0131r. \u0130\u015fimizi geli\u015ftirmek i\u00e7in programlar yaz\u0131l\u0131mlar ve i\u015f takip sistemlerinin en iyileriyle \u00e7al\u0131\u015fmam\u0131z gerekece\u011finden s\u00fcrekli toplant\u0131lar, g\u00f6r\u00fc\u015fmeler ve denetlemeler organize edece\u011fiz.<\/span><\/p>\r\n<p><span style=\"font-family: Roboto; font-size: 14px;\">A\u015fa\u011f\u0131da bilgileri bulunan ve \u00f6n g\u00f6r\u00fclen toplant\u0131 tarihlerinde Sn\u2026\u2026\u2026.\u00fclkenizde yapmas\u0131 gereken i\u015f seyahati i\u00e7in kendilerine gerekli olan vizenin verilmesini arz ederiz.<\/span><\/p>\r\n<p><span style=\"font-family: Roboto; font-size: 14px;\">\u0130sim\/soyisim\u00a0 Pas No\u00a0\u00a0 G\u00f6revi<\/span><\/p>\r\n<p><span style=\"font-family: Roboto; font-size: 14px;\">\u2026\u2026\u2026\u2026\u2026\u2026\u2026TR222222245 Yay\u0131n y\u00f6netmeni<\/span><\/p>\r\n<p><span style=\"font-family: Roboto; font-size: 14px;\">Personelimizin\u00a0 Sn\u2026\u2026..bordrosunda g\u00f6rd\u00fc\u011f\u00fcn\u00fcz \u00fczere prim ile beraber \u2026\u2026 EURO kar\u015f\u0131l\u0131\u011f\u0131\u2026\u2026TL almakta olup Kalifikasyon personel kadromuzda 3 y\u0131l\u0131 a\u015fan bir s\u00fcredir ekibimizdedir.<\/span><\/p>\r\n<p><span style=\"font-family: Roboto; font-size: 14px;\">S\u00fcrekli ba\u015fvuruya gelerek, zaman, ka\u011f\u0131t israf\u0131, ar\u015fivlerinizde gereksiz yer i\u015fgal etmeyi istemedi\u011fimizden parmak izini verdikten sonra do\u011fru kullan\u0131lm\u0131\u015f 3 Schengen vizesi bulundu\u011fu Regulation (EC) No 810\/2009 of the European Parliament and of the Council of 13 July 2009 establishing a Cammunity Code on vize kodeksinde multiple-entry visas (MEVs) yazd\u0131\u011f\u0131 gibi uzun s\u00fcreli Schengen vize alma stat\u00fcs\u00fcnde oldu\u011fundan kendilerine uygun g\u00f6rd\u00fc\u011f\u00fcn\u00fcz en uzun s\u00fcreli\u2026\u2026..Schengen vize vermenizi arz ederiz.<\/span><\/p>\r\n<p><span style=\"font-family: Roboto; font-size: 14px;\">Kaza, hastal\u0131k, vb gibi durumlarda maddi manevi b\u00fct\u00fcn sorumluluk \u015firketimize aittir.<\/span><\/p>\r\n<p><span style=\"font-family: Roboto; font-size: 14px;\">\u0130\u00e7indekiler<\/span><\/p>\r\n<p><span style=\"font-family: Roboto; font-size: 14px;\">7 adet \u015firket belgesi<\/span><\/p>\r\n<p><span style=\"font-family: Roboto; font-size: 14px;\">3 ayl\u0131k banka hareketleri<\/span><\/p>\r\n<p><span style=\"font-family: Roboto; font-size: 14px;\">3 Schengen vizesi fotokopisi<\/span><\/p>\r\n<p><span style=\"font-family: Roboto; font-size: 14px;\">Terc\u00fcmesi edilmi\u015f Dilek\u00e7e<\/span><\/p>\r\n<p><span style=\"font-family: Roboto; font-size: 14px;\">2 y\u0131ll\u0131k seyahat sigortas\u0131<\/span><\/p>\r\n<p>&nbsp;<\/p>\r\n<p><span style=\"font-family: Roboto; font-size: 14px;\">Vize Merkezi<\/span><\/p>\r\n<p><span style=\"font-family: Roboto; font-size: 14px;\">\u015eirket Yetkilisi<\/span><\/p>\r\n<p><span style=\"font-family: Roboto; font-size: 14px;\">\u0130mza<\/span><\/p>\r\n<h3><span style=\"font-family: Roboto; font-size: 24px;\"><strong>Polonya Ticari Vize Dilek\u00e7e \u00d6rne\u011fi Hakk\u0131nda<\/strong><\/span><\/h3>\r\n<p><span style=\"font-family: Roboto; font-size: 14px;\"><strong>Polonya Ticari Vize dilek\u00e7e \u00f6rne\u011fi\u00a0<\/strong>i\u00e7erisinde yer almas\u0131 gereken baz\u0131 bilgiler vard\u0131r. Dilek\u00e7enin <strong>Polonya dilinde<\/strong> ya da \u0130ngilizce olarak yaz\u0131lmas\u0131 gerekir. Dilek\u00e7enin tarihinin yaz\u0131lmas\u0131 gerekir. Dilek\u00e7e i\u00e7erisinde hangi temsilcili\u011fe ya da hangi departmana hitap edildi\u011fi kesinlikle belirtilmelidir. Ki\u015finin isim, soy isim ve pasaport bilgilerinin yer almas\u0131 gerekir. Seyahat tarihinin net bir \u015fekilde belirtilmesi gerekir. Dilek\u00e7e \u00fczerinde belirtilen seyahat tarihinin ayn\u0131 zaman da ba\u015fvuru formundaki tarih, otel rezervasyon tarihi, u\u00e7ak rezervasyon tarihi, sa\u011fl\u0131k sigortas\u0131 tarihi\u00a0 ile ayn\u0131 ve bir uyum i\u00e7erisinde olmas\u0131 gerekir. Seyahat plan\u0131 ile ilgili ayr\u0131nt\u0131l\u0131 bilgi verilmelidir. Bu bilgiler ziyaret amac\u0131, nerede konaklanaca\u011f\u0131 ve ula\u015f\u0131m\u0131n hangi yollar ile sa\u011flanaca\u011f\u0131 \u015feklindeki bilgilerdir. Bunun yan\u0131 s\u0131ra seyahat s\u0131ras\u0131nda yap\u0131lacak olanlardan da k\u0131saca bahsedilmesi gerekir. Daha \u00f6nceden yap\u0131lm\u0131\u015f olan seyahatlerden, ge\u00e7mi\u015f olan vize durumlar\u0131ndan da bahsedilmelidir. <strong>Vize talebi<\/strong> s\u0131ras\u0131nda s\u00fcresine ba\u011fl\u0131 olacak \u015fekilde tek giri\u015fli ya da \u00e7ok giri\u015fli olarak da belirtmeniz gerekir. Ayn\u0131 zaman da mesleki bilgilerinde yer almas\u0131 gerekir.\u00a0<\/span><\/p>\r\n<p><span style=\"font-family: Roboto; font-size: 14px;\"><span style=\"color: #2acec2;\"><strong><a style=\"color: #2acec2;\" href=\"https:\/\/www.myvize.com.tr\/polonya\/vize-islemleri\/polonya-vize-reddi\/\" target=\"_blank\" rel=\"noopener\">Polonya Vize Reddi <\/a><\/strong><\/span>ile ilgili bilgi almak i\u00e7in bizi aray\u0131n.<\/span><\/p>\r\n<p><span style=\"font-family: Roboto;\"><\/span><\/p>","protected":false},"excerpt":{"rendered":"<p>Polonya\u2019da 180 g\u00fcn i\u00e7inde maksimum 90 g\u00fcn kalabilmektesiniz. Bunun i\u00e7in ise\u00a0Polonya ticari vize dilek\u00e7e \u00f6rne\u011fi\u00a0ile ticari vizeye ba\u015fvurup hak etmi\u015f olman\u0131z gerekmektedir. Polonya ticari vize ,Schengen Vizesi olarak ge\u00e7mektedir. K\u0131sa s\u00fcrelidir ve C tipi olarak adland\u0131r\u0131lmaktad\u0131r. Bordro pasaportu olan T.C vatanda\u015flar\u0131 ticari ama\u00e7la Polonya\u2019ya seyahat i\u00e7in bu vizeye ba\u015fvurmal\u0131d\u0131r. Polonya Ticari Vize \u0130\u015flemleri Polonya ticari<\/p>\n","protected":false},"author":1,"featured_media":0,"parent":167,"menu_order":0,"comment_status":"open","ping_status":"closed","template":"","meta":{"footnotes":""},"class_list":["post-205","page","type-page","status-publish","hentry"],"yoast_head":"<!-- This site is optimized with the Yoast SEO plugin v24.0 - https:\/\/yoast.com\/wordpress\/plugins\/seo\/ -->\n<title>Polonya Ticari Vize Dilek\u00e7e \u00d6rne\u011fi Nas\u0131l Olur? - MyVize<\/title>\n<meta name=\"description\" content=\"Polonya ticari vize dilek\u00e7e \u00f6rnekleri g\u00fcncel g\u00f6rselleri. Polonya Ticari Vize Dilek\u00e7e \u00d6rne\u011fi nas\u0131l yaz\u0131l\u0131r? Bilgi \u0130\u00e7in Ara: 0850 346 84 93\" \/>\n<meta name=\"robots\" content=\"index, follow, max-snippet:-1, max-image-preview:large, max-video-preview:-1\" \/>\n<link rel=\"canonical\" href=\"https:\/\/www.myvize.com.tr\/polonya\/form-ve-dilekce\/polonya-ticari-vize-dilekce-ornegi\/\" \/>\n<meta property=\"og:locale\" content=\"tr_TR\" \/>\n<meta property=\"og:type\" content=\"article\" \/>\n<meta property=\"og:title\" content=\"Polonya Ticari Vize Dilek\u00e7e \u00d6rne\u011fi Nas\u0131l Olur? - MyVize\" \/>\n<meta property=\"og:description\" content=\"Polonya ticari vize dilek\u00e7e \u00f6rnekleri g\u00fcncel g\u00f6rselleri. Polonya Ticari Vize Dilek\u00e7e \u00d6rne\u011fi nas\u0131l yaz\u0131l\u0131r? Bilgi \u0130\u00e7in Ara: 0850 346 84 93\" \/>\n<meta property=\"og:url\" content=\"https:\/\/www.myvize.com.tr\/polonya\/form-ve-dilekce\/polonya-ticari-vize-dilekce-ornegi\/\" \/>\n<meta property=\"og:site_name\" content=\"Polonya Vizesi &amp; Polonya Vize \u0130\u015flemleri\" \/>\n<meta property=\"article:modified_time\" content=\"2022-08-11T08:38:24+00:00\" \/>\n<meta property=\"og:image\" content=\"https:\/\/www.myvize.com.tr\/polonya\/wp-content\/uploads\/2021\/10\/59.jpg\" \/>\n<meta name=\"twitter:card\" content=\"summary_large_image\" \/>\n<meta name=\"twitter:label1\" content=\"Tahmini okuma s\u00fcresi\" \/>\n\t<meta name=\"twitter:data1\" content=\"5 dakika\" \/>\n<script type=\"application\/ld+json\" class=\"yoast-schema-graph\">{\"@context\":\"https:\/\/schema.org\",\"@graph\":[{\"@type\":\"WebPage\",\"@id\":\"https:\/\/www.myvize.com.tr\/polonya\/form-ve-dilekce\/polonya-ticari-vize-dilekce-ornegi\/\",\"url\":\"https:\/\/www.myvize.com.tr\/polonya\/form-ve-dilekce\/polonya-ticari-vize-dilekce-ornegi\/\",\"name\":\"Polonya Ticari Vize Dilek\u00e7e \u00d6rne\u011fi Nas\u0131l Olur? - MyVize\",\"isPartOf\":{\"@id\":\"https:\/\/www.myvize.com.tr\/polonya\/#website\"},\"primaryImageOfPage\":{\"@id\":\"https:\/\/www.myvize.com.tr\/polonya\/form-ve-dilekce\/polonya-ticari-vize-dilekce-ornegi\/#primaryimage\"},\"image\":{\"@id\":\"https:\/\/www.myvize.com.tr\/polonya\/form-ve-dilekce\/polonya-ticari-vize-dilekce-ornegi\/#primaryimage\"},\"thumbnailUrl\":\"https:\/\/www.myvize.com.tr\/polonya\/wp-content\/uploads\/2021\/10\/59.jpg\",\"datePublished\":\"2020-12-28T15:09:48+00:00\",\"dateModified\":\"2022-08-11T08:38:24+00:00\",\"description\":\"Polonya ticari vize dilek\u00e7e \u00f6rnekleri g\u00fcncel g\u00f6rselleri. Polonya Ticari Vize Dilek\u00e7e \u00d6rne\u011fi nas\u0131l yaz\u0131l\u0131r? Bilgi \u0130\u00e7in Ara: 0850 346 84 93\",\"breadcrumb\":{\"@id\":\"https:\/\/www.myvize.com.tr\/polonya\/form-ve-dilekce\/polonya-ticari-vize-dilekce-ornegi\/#breadcrumb\"},\"inLanguage\":\"tr\",\"potentialAction\":[{\"@type\":\"ReadAction\",\"target\":[\"https:\/\/www.myvize.com.tr\/polonya\/form-ve-dilekce\/polonya-ticari-vize-dilekce-ornegi\/\"]}]},{\"@type\":\"ImageObject\",\"inLanguage\":\"tr\",\"@id\":\"https:\/\/www.myvize.com.tr\/polonya\/form-ve-dilekce\/polonya-ticari-vize-dilekce-ornegi\/#primaryimage\",\"url\":\"https:\/\/www.myvize.com.tr\/polonya\/wp-content\/uploads\/2021\/10\/59.jpg\",\"contentUrl\":\"https:\/\/www.myvize.com.tr\/polonya\/wp-content\/uploads\/2021\/10\/59.jpg\",\"width\":800,\"height\":500,\"caption\":\"Polonya Ticari Vize Dilek\u00e7e \u00d6rne\u011fi\"},{\"@type\":\"BreadcrumbList\",\"@id\":\"https:\/\/www.myvize.com.tr\/polonya\/form-ve-dilekce\/polonya-ticari-vize-dilekce-ornegi\/#breadcrumb\",\"itemListElement\":[{\"@type\":\"ListItem\",\"position\":1,\"name\":\"Anasayfa\",\"item\":\"https:\/\/www.myvize.com.tr\/polonya\/\"},{\"@type\":\"ListItem\",\"position\":2,\"name\":\"FORM VE D\u0130LEK\u00c7E\",\"item\":\"https:\/\/www.myvize.com.tr\/polonya\/form-ve-dilekce\/\"},{\"@type\":\"ListItem\",\"position\":3,\"name\":\"Polonya Ticari Vize Dilek\u00e7e \u00d6rne\u011fi\"}]},{\"@type\":\"WebSite\",\"@id\":\"https:\/\/www.myvize.com.tr\/polonya\/#website\",\"url\":\"https:\/\/www.myvize.com.tr\/polonya\/\",\"name\":\"Polonya Vizesi &amp; Polonya Vize \u0130\u015flemleri\",\"description\":\"\",\"potentialAction\":[{\"@type\":\"SearchAction\",\"target\":{\"@type\":\"EntryPoint\",\"urlTemplate\":\"https:\/\/www.myvize.com.tr\/polonya\/?s={search_term_string}\"},\"query-input\":{\"@type\":\"PropertyValueSpecification\",\"valueRequired\":true,\"valueName\":\"search_term_string\"}}],\"inLanguage\":\"tr\"}]}<\/script>\n<!-- \/ Yoast SEO plugin. -->","yoast_head_json":{"title":"Polonya Ticari Vize Dilek\u00e7e \u00d6rne\u011fi Nas\u0131l Olur? - MyVize","description":"Polonya ticari vize dilek\u00e7e \u00f6rnekleri g\u00fcncel g\u00f6rselleri. Polonya Ticari Vize Dilek\u00e7e \u00d6rne\u011fi nas\u0131l yaz\u0131l\u0131r? Bilgi \u0130\u00e7in Ara: 0850 346 84 93","robots":{"index":"index","follow":"follow","max-snippet":"max-snippet:-1","max-image-preview":"max-image-preview:large","max-video-preview":"max-video-preview:-1"},"canonical":"https:\/\/www.myvize.com.tr\/polonya\/form-ve-dilekce\/polonya-ticari-vize-dilekce-ornegi\/","og_locale":"tr_TR","og_type":"article","og_title":"Polonya Ticari Vize Dilek\u00e7e \u00d6rne\u011fi Nas\u0131l Olur? - MyVize","og_description":"Polonya ticari vize dilek\u00e7e \u00f6rnekleri g\u00fcncel g\u00f6rselleri. Polonya Ticari Vize Dilek\u00e7e \u00d6rne\u011fi nas\u0131l yaz\u0131l\u0131r? Bilgi \u0130\u00e7in Ara: 0850 346 84 93","og_url":"https:\/\/www.myvize.com.tr\/polonya\/form-ve-dilekce\/polonya-ticari-vize-dilekce-ornegi\/","og_site_name":"Polonya Vizesi &amp; Polonya Vize \u0130\u015flemleri","article_modified_time":"2022-08-11T08:38:24+00:00","og_image":[{"url":"https:\/\/www.myvize.com.tr\/polonya\/wp-content\/uploads\/2021\/10\/59.jpg","type":"","width":"","height":""}],"twitter_card":"summary_large_image","twitter_misc":{"Tahmini okuma s\u00fcresi":"5 dakika"},"schema":{"@context":"https:\/\/schema.org","@graph":[{"@type":"WebPage","@id":"https:\/\/www.myvize.com.tr\/polonya\/form-ve-dilekce\/polonya-ticari-vize-dilekce-ornegi\/","url":"https:\/\/www.myvize.com.tr\/polonya\/form-ve-dilekce\/polonya-ticari-vize-dilekce-ornegi\/","name":"Polonya Ticari Vize Dilek\u00e7e \u00d6rne\u011fi Nas\u0131l Olur? - MyVize","isPartOf":{"@id":"https:\/\/www.myvize.com.tr\/polonya\/#website"},"primaryImageOfPage":{"@id":"https:\/\/www.myvize.com.tr\/polonya\/form-ve-dilekce\/polonya-ticari-vize-dilekce-ornegi\/#primaryimage"},"image":{"@id":"https:\/\/www.myvize.com.tr\/polonya\/form-ve-dilekce\/polonya-ticari-vize-dilekce-ornegi\/#primaryimage"},"thumbnailUrl":"https:\/\/www.myvize.com.tr\/polonya\/wp-content\/uploads\/2021\/10\/59.jpg","datePublished":"2020-12-28T15:09:48+00:00","dateModified":"2022-08-11T08:38:24+00:00","description":"Polonya ticari vize dilek\u00e7e \u00f6rnekleri g\u00fcncel g\u00f6rselleri. Polonya Ticari Vize Dilek\u00e7e \u00d6rne\u011fi nas\u0131l yaz\u0131l\u0131r? Bilgi \u0130\u00e7in Ara: 0850 346 84 93","breadcrumb":{"@id":"https:\/\/www.myvize.com.tr\/polonya\/form-ve-dilekce\/polonya-ticari-vize-dilekce-ornegi\/#breadcrumb"},"inLanguage":"tr","potentialAction":[{"@type":"ReadAction","target":["https:\/\/www.myvize.com.tr\/polonya\/form-ve-dilekce\/polonya-ticari-vize-dilekce-ornegi\/"]}]},{"@type":"ImageObject","inLanguage":"tr","@id":"https:\/\/www.myvize.com.tr\/polonya\/form-ve-dilekce\/polonya-ticari-vize-dilekce-ornegi\/#primaryimage","url":"https:\/\/www.myvize.com.tr\/polonya\/wp-content\/uploads\/2021\/10\/59.jpg","contentUrl":"https:\/\/www.myvize.com.tr\/polonya\/wp-content\/uploads\/2021\/10\/59.jpg","width":800,"height":500,"caption":"Polonya Ticari Vize Dilek\u00e7e \u00d6rne\u011fi"},{"@type":"BreadcrumbList","@id":"https:\/\/www.myvize.com.tr\/polonya\/form-ve-dilekce\/polonya-ticari-vize-dilekce-ornegi\/#breadcrumb","itemListElement":[{"@type":"ListItem","position":1,"name":"Anasayfa","item":"https:\/\/www.myvize.com.tr\/polonya\/"},{"@type":"ListItem","position":2,"name":"FORM VE D\u0130LEK\u00c7E","item":"https:\/\/www.myvize.com.tr\/polonya\/form-ve-dilekce\/"},{"@type":"ListItem","position":3,"name":"Polonya Ticari Vize Dilek\u00e7e \u00d6rne\u011fi"}]},{"@type":"WebSite","@id":"https:\/\/www.myvize.com.tr\/polonya\/#website","url":"https:\/\/www.myvize.com.tr\/polonya\/","name":"Polonya Vizesi &amp; Polonya Vize \u0130\u015flemleri","description":"","potentialAction":[{"@type":"SearchAction","target":{"@type":"EntryPoint","urlTemplate":"https:\/\/www.myvize.com.tr\/polonya\/?s={search_term_string}"},"query-input":{"@type":"PropertyValueSpecification","valueRequired":true,"valueName":"search_term_string"}}],"inLanguage":"tr"}]}},"_links":{"self":[{"href":"https:\/\/www.myvize.com.tr\/polonya\/wp-json\/wp\/v2\/pages\/205","targetHints":{"allow":["GET"]}}],"collection":[{"href":"https:\/\/www.myvize.com.tr\/polonya\/wp-json\/wp\/v2\/pages"}],"about":[{"href":"https:\/\/www.myvize.com.tr\/polonya\/wp-json\/wp\/v2\/types\/page"}],"author":[{"embeddable":true,"href":"https:\/\/www.myvize.com.tr\/polonya\/wp-json\/wp\/v2\/users\/1"}],"replies":[{"embeddable":true,"href":"https:\/\/www.myvize.com.tr\/polonya\/wp-json\/wp\/v2\/comments?post=205"}],"version-history":[{"count":7,"href":"https:\/\/www.myvize.com.tr\/polonya\/wp-json\/wp\/v2\/pages\/205\/revisions"}],"predecessor-version":[{"id":1027,"href":"https:\/\/www.myvize.com.tr\/polonya\/wp-json\/wp\/v2\/pages\/205\/revisions\/1027"}],"up":[{"embeddable":true,"href":"https:\/\/www.myvize.com.tr\/polonya\/wp-json\/wp\/v2\/pages\/167"}],"wp:attachment":[{"href":"https:\/\/www.myvize.com.tr\/polonya\/wp-json\/wp\/v2\/media?parent=205"}],"curies":[{"name":"wp","href":"https:\/\/api.w.org\/{rel}","templated":true}]}}