{"id":225,"date":"2020-12-28T18:12:26","date_gmt":"2020-12-28T15:12:26","guid":{"rendered":"https:\/\/www.myvize.com.tr\/polonya\/?page_id=225"},"modified":"2022-04-27T14:59:13","modified_gmt":"2022-04-27T11:59:13","slug":"antalya","status":"publish","type":"page","link":"https:\/\/www.myvize.com.tr\/polonya\/subelerimiz\/antalya\/","title":{"rendered":"Polonya Vizesi , Antalya"},"content":{"rendered":"<h2><span style=\"font-family: Roboto; font-size: 27px;\"><strong>Antalya Polonya Vize Ba\u015fvurusu<\/strong><\/span><\/h2>\n<p><span style=\"font-family: Roboto; font-size: 14px;\">Antalya ve \u00e7evresinde bulunan T\u00fcrk vatanda\u015flar\u0131, k\u0131sa s\u00fcreli Polonya vize ba\u015fvurular\u0131n\u0131 <strong>Polonya vize ba\u015fvuru<\/strong> merkezlerine yapmal\u0131d\u0131r. Uzun s\u00fcreli Polonya vize ba\u015fvurular\u0131 yani <strong>Polonya ulusal vize<\/strong> ba\u015fvurular\u0131 ise Polonya\u2019n\u0131n diplomatik temsilciliklerine yap\u0131lmal\u0131d\u0131r.<\/span><\/p>\n<p><span style=\"font-family: Roboto; font-size: 14px;\">Polonya bir Schengen \u00fclkesidir. Bundan dolay\u0131 Antalya ve \u00e7evresinde <span style=\"color: #2acec2;\"><strong><a style=\"color: #2acec2;\" href=\"https:\/\/www.myvize.com.tr\/polonya\/vize-islemleri\/polonya-vize-basvurusu\/\" target=\"_blank\" rel=\"noopener\">Polonya vize ba\u015fvurusu<\/a><\/strong><\/span> yapacak olan T\u00fcrk vatanda\u015flar\u0131 vize ba\u015fvurular\u0131n\u0131 <strong>Antalya vize ba\u015fvuru<\/strong> merkezine yapmal\u0131d\u0131r. Yani Antalya ve \u00e7evresinde ikamet eden ki\u015filer k\u0131sa s\u00fcreli vize ba\u015fvurular\u0131n\u0131 Polonya\u2019n\u0131n Antalya\u2019da yetkilendirmi\u015f oldu\u011fu vize ba\u015fvuru merkezine yapmal\u0131d\u0131r. Antalya\u2019da yetkilendirilmi\u015f olan <strong>Polonya vize ba\u015fvuru merkezi<\/strong> VFS Global isimli \u015firkettir.<\/span><\/p>\n<p><span style=\"font-family: Roboto; font-size: 14px;\">Antalya ve \u00e7evresinde <strong>Polonya vize ba\u015fvurusu<\/strong> yapacak olan ki\u015filer k\u0131sa s\u00fcreli vize ba\u015fvurular\u0131 i\u00e7in <strong>Antalya Polonya vize ba\u015fvuru<\/strong> merkezinden randevu almal\u0131 ve randevu tarihinde gerekli belgeler ile<strong> Polonya vize ba\u015fvuru<\/strong> merkezinde bulunmal\u0131d\u0131r.<\/span><\/p>\n<p><span style=\"font-family: Roboto; font-size: 14px;\">Antalya ve \u00e7evresinde ikamet eden ve ulusal <span style=\"color: #2acec2;\"><strong><a style=\"color: #2acec2;\" href=\"https:\/\/www.myvize.com.tr\/polonya\/vize-islemleri\/polonya-vizesi\/\" target=\"_blank\" rel=\"noopener\">Polonya vizesi<\/a><\/strong><\/span> almak isteyen T\u00fcrk vatanda\u015flar\u0131, vize ba\u015fvurular\u0131n\u0131 Polonya \u0130stanbul Ba\u015fkonsoloslu\u011fu ya da Antalya B\u00fcy\u00fckel\u00e7ili\u011fi\u2019ne yapmal\u0131d\u0131r.<\/span><\/p>\n<p><span style=\"font-family: Roboto; font-size: 14px;\">K\u0131sacas\u0131 Antalya ve \u00e7evresinde bulunan T\u00fcrk vatanda\u015flar\u0131 k\u0131sa s\u00fcreli vize ba\u015fvurular\u0131n\u0131; Antalya<strong> Polonya vize ba\u015fvuru<\/strong> merkezine yapmal\u0131d\u0131r. Antalya ve \u00e7evresinde yer alan\u00a0 ve <strong>Polonya vizesi<\/strong> alacak olan ki\u015filer vize ba\u015fvurular\u0131, Polonya&#8217;n\u0131n diplomatik temsilcilikleri <span style=\"color: #2acec2;\"><strong><a style=\"color: #2acec2;\" href=\"https:\/\/www.myvize.com.tr\/polonya\/konsolosluklar\/polonya-istanbul-fahri-konsoloslugu\/\" target=\"_blank\" rel=\"noopener\">Polonya \u0130stanbul Ba\u015fkonsoloslu\u011fu<\/a><\/strong><\/span> ve Antalya B\u00fcy\u00fckel\u00e7ili\u011fi\u2019ne yapmal\u0131d\u0131r.<\/span><\/p>\n","protected":false},"excerpt":{"rendered":"<p>Antalya Polonya Vize Ba\u015fvurusu Antalya ve \u00e7evresinde bulunan T\u00fcrk vatanda\u015flar\u0131, k\u0131sa s\u00fcreli Polonya vize ba\u015fvurular\u0131n\u0131 Polonya vize ba\u015fvuru merkezlerine yapmal\u0131d\u0131r. Uzun s\u00fcreli Polonya vize ba\u015fvurular\u0131 yani Polonya ulusal vize ba\u015fvurular\u0131 ise Polonya\u2019n\u0131n diplomatik temsilciliklerine yap\u0131lmal\u0131d\u0131r. Polonya bir Schengen \u00fclkesidir. Bundan dolay\u0131 Antalya ve \u00e7evresinde Polonya vize ba\u015fvurusu yapacak olan T\u00fcrk vatanda\u015flar\u0131 vize ba\u015fvurular\u0131n\u0131 Antalya vize<\/p>\n","protected":false},"author":1,"featured_media":0,"parent":173,"menu_order":0,"comment_status":"open","ping_status":"closed","template":"","meta":{"footnotes":""},"class_list":["post-225","page","type-page","status-publish","hentry"],"yoast_head":"<!-- This site is optimized with the Yoast SEO plugin v24.0 - https:\/\/yoast.com\/wordpress\/plugins\/seo\/ -->\n<title>Polonya Vize Ba\u015fvuru Merkezimiz Antalya - MyVize<\/title>\n<meta name=\"description\" content=\"Polonya vizesi Antalya ofisimiz, hangi \u00fclkeye seyahat etmek isterseniz gerekli b\u00fct\u00fcn bilgilere ula\u015fabilirsiniz: 0850 346 84 93\" \/>\n<meta name=\"robots\" content=\"index, follow, max-snippet:-1, max-image-preview:large, max-video-preview:-1\" \/>\n<link rel=\"canonical\" href=\"https:\/\/www.myvize.com.tr\/polonya\/subelerimiz\/antalya\/\" \/>\n<meta property=\"og:locale\" content=\"tr_TR\" \/>\n<meta property=\"og:type\" content=\"article\" \/>\n<meta property=\"og:title\" content=\"Polonya Vize Ba\u015fvuru Merkezimiz Antalya - MyVize\" \/>\n<meta property=\"og:description\" content=\"Polonya vizesi Antalya ofisimiz, hangi \u00fclkeye seyahat etmek isterseniz gerekli b\u00fct\u00fcn bilgilere ula\u015fabilirsiniz: 0850 346 84 93\" \/>\n<meta property=\"og:url\" content=\"https:\/\/www.myvize.com.tr\/polonya\/subelerimiz\/antalya\/\" \/>\n<meta property=\"og:site_name\" content=\"Polonya Vizesi &amp; Polonya Vize \u0130\u015flemleri\" \/>\n<meta property=\"article:modified_time\" content=\"2022-04-27T11:59:13+00:00\" \/>\n<meta name=\"twitter:card\" content=\"summary_large_image\" \/>\n<meta name=\"twitter:label1\" content=\"Tahmini okuma s\u00fcresi\" \/>\n\t<meta name=\"twitter:data1\" content=\"1 dakika\" \/>\n<script type=\"application\/ld+json\" class=\"yoast-schema-graph\">{\"@context\":\"https:\/\/schema.org\",\"@graph\":[{\"@type\":\"WebPage\",\"@id\":\"https:\/\/www.myvize.com.tr\/polonya\/subelerimiz\/antalya\/\",\"url\":\"https:\/\/www.myvize.com.tr\/polonya\/subelerimiz\/antalya\/\",\"name\":\"Polonya Vize Ba\u015fvuru Merkezimiz Antalya - MyVize\",\"isPartOf\":{\"@id\":\"https:\/\/www.myvize.com.tr\/polonya\/#website\"},\"datePublished\":\"2020-12-28T15:12:26+00:00\",\"dateModified\":\"2022-04-27T11:59:13+00:00\",\"description\":\"Polonya vizesi Antalya ofisimiz, hangi \u00fclkeye seyahat etmek isterseniz gerekli b\u00fct\u00fcn bilgilere ula\u015fabilirsiniz: 0850 346 84 93\",\"breadcrumb\":{\"@id\":\"https:\/\/www.myvize.com.tr\/polonya\/subelerimiz\/antalya\/#breadcrumb\"},\"inLanguage\":\"tr\",\"potentialAction\":[{\"@type\":\"ReadAction\",\"target\":[\"https:\/\/www.myvize.com.tr\/polonya\/subelerimiz\/antalya\/\"]}]},{\"@type\":\"BreadcrumbList\",\"@id\":\"https:\/\/www.myvize.com.tr\/polonya\/subelerimiz\/antalya\/#breadcrumb\",\"itemListElement\":[{\"@type\":\"ListItem\",\"position\":1,\"name\":\"Anasayfa\",\"item\":\"https:\/\/www.myvize.com.tr\/polonya\/\"},{\"@type\":\"ListItem\",\"position\":2,\"name\":\"\u015eUBELER\u0130M\u0130Z\",\"item\":\"https:\/\/www.myvize.com.tr\/polonya\/subelerimiz\/\"},{\"@type\":\"ListItem\",\"position\":3,\"name\":\"Polonya Vizesi , Antalya\"}]},{\"@type\":\"WebSite\",\"@id\":\"https:\/\/www.myvize.com.tr\/polonya\/#website\",\"url\":\"https:\/\/www.myvize.com.tr\/polonya\/\",\"name\":\"Polonya Vizesi &amp; Polonya Vize \u0130\u015flemleri\",\"description\":\"\",\"potentialAction\":[{\"@type\":\"SearchAction\",\"target\":{\"@type\":\"EntryPoint\",\"urlTemplate\":\"https:\/\/www.myvize.com.tr\/polonya\/?s={search_term_string}\"},\"query-input\":{\"@type\":\"PropertyValueSpecification\",\"valueRequired\":true,\"valueName\":\"search_term_string\"}}],\"inLanguage\":\"tr\"}]}<\/script>\n<!-- \/ Yoast SEO plugin. -->","yoast_head_json":{"title":"Polonya Vize Ba\u015fvuru Merkezimiz Antalya - MyVize","description":"Polonya vizesi Antalya ofisimiz, hangi \u00fclkeye seyahat etmek isterseniz gerekli b\u00fct\u00fcn bilgilere ula\u015fabilirsiniz: 0850 346 84 93","robots":{"index":"index","follow":"follow","max-snippet":"max-snippet:-1","max-image-preview":"max-image-preview:large","max-video-preview":"max-video-preview:-1"},"canonical":"https:\/\/www.myvize.com.tr\/polonya\/subelerimiz\/antalya\/","og_locale":"tr_TR","og_type":"article","og_title":"Polonya Vize Ba\u015fvuru Merkezimiz Antalya - MyVize","og_description":"Polonya vizesi Antalya ofisimiz, hangi \u00fclkeye seyahat etmek isterseniz gerekli b\u00fct\u00fcn bilgilere ula\u015fabilirsiniz: 0850 346 84 93","og_url":"https:\/\/www.myvize.com.tr\/polonya\/subelerimiz\/antalya\/","og_site_name":"Polonya Vizesi &amp; Polonya Vize \u0130\u015flemleri","article_modified_time":"2022-04-27T11:59:13+00:00","twitter_card":"summary_large_image","twitter_misc":{"Tahmini okuma s\u00fcresi":"1 dakika"},"schema":{"@context":"https:\/\/schema.org","@graph":[{"@type":"WebPage","@id":"https:\/\/www.myvize.com.tr\/polonya\/subelerimiz\/antalya\/","url":"https:\/\/www.myvize.com.tr\/polonya\/subelerimiz\/antalya\/","name":"Polonya Vize Ba\u015fvuru Merkezimiz Antalya - MyVize","isPartOf":{"@id":"https:\/\/www.myvize.com.tr\/polonya\/#website"},"datePublished":"2020-12-28T15:12:26+00:00","dateModified":"2022-04-27T11:59:13+00:00","description":"Polonya vizesi Antalya ofisimiz, hangi \u00fclkeye seyahat etmek isterseniz gerekli b\u00fct\u00fcn bilgilere ula\u015fabilirsiniz: 0850 346 84 93","breadcrumb":{"@id":"https:\/\/www.myvize.com.tr\/polonya\/subelerimiz\/antalya\/#breadcrumb"},"inLanguage":"tr","potentialAction":[{"@type":"ReadAction","target":["https:\/\/www.myvize.com.tr\/polonya\/subelerimiz\/antalya\/"]}]},{"@type":"BreadcrumbList","@id":"https:\/\/www.myvize.com.tr\/polonya\/subelerimiz\/antalya\/#breadcrumb","itemListElement":[{"@type":"ListItem","position":1,"name":"Anasayfa","item":"https:\/\/www.myvize.com.tr\/polonya\/"},{"@type":"ListItem","position":2,"name":"\u015eUBELER\u0130M\u0130Z","item":"https:\/\/www.myvize.com.tr\/polonya\/subelerimiz\/"},{"@type":"ListItem","position":3,"name":"Polonya Vizesi , Antalya"}]},{"@type":"WebSite","@id":"https:\/\/www.myvize.com.tr\/polonya\/#website","url":"https:\/\/www.myvize.com.tr\/polonya\/","name":"Polonya Vizesi &amp; Polonya Vize \u0130\u015flemleri","description":"","potentialAction":[{"@type":"SearchAction","target":{"@type":"EntryPoint","urlTemplate":"https:\/\/www.myvize.com.tr\/polonya\/?s={search_term_string}"},"query-input":{"@type":"PropertyValueSpecification","valueRequired":true,"valueName":"search_term_string"}}],"inLanguage":"tr"}]}},"_links":{"self":[{"href":"https:\/\/www.myvize.com.tr\/polonya\/wp-json\/wp\/v2\/pages\/225","targetHints":{"allow":["GET"]}}],"collection":[{"href":"https:\/\/www.myvize.com.tr\/polonya\/wp-json\/wp\/v2\/pages"}],"about":[{"href":"https:\/\/www.myvize.com.tr\/polonya\/wp-json\/wp\/v2\/types\/page"}],"author":[{"embeddable":true,"href":"https:\/\/www.myvize.com.tr\/polonya\/wp-json\/wp\/v2\/users\/1"}],"replies":[{"embeddable":true,"href":"https:\/\/www.myvize.com.tr\/polonya\/wp-json\/wp\/v2\/comments?post=225"}],"version-history":[{"count":5,"href":"https:\/\/www.myvize.com.tr\/polonya\/wp-json\/wp\/v2\/pages\/225\/revisions"}],"predecessor-version":[{"id":987,"href":"https:\/\/www.myvize.com.tr\/polonya\/wp-json\/wp\/v2\/pages\/225\/revisions\/987"}],"up":[{"embeddable":true,"href":"https:\/\/www.myvize.com.tr\/polonya\/wp-json\/wp\/v2\/pages\/173"}],"wp:attachment":[{"href":"https:\/\/www.myvize.com.tr\/polonya\/wp-json\/wp\/v2\/media?parent=225"}],"curies":[{"name":"wp","href":"https:\/\/api.w.org\/{rel}","templated":true}]}}