{"id":245,"date":"2020-12-28T18:15:08","date_gmt":"2020-12-28T15:15:08","guid":{"rendered":"https:\/\/www.myvize.com.tr\/polonya\/?page_id=245"},"modified":"2022-04-27T14:18:07","modified_gmt":"2022-04-27T11:18:07","slug":"canakkale","status":"publish","type":"page","link":"https:\/\/www.myvize.com.tr\/polonya\/subelerimiz\/canakkale\/","title":{"rendered":"Polonya Vizesi , \u00c7anakkale"},"content":{"rendered":"<h2><span style=\"font-family: Roboto; font-size: 27px;\"><strong>\u00c7anakkale Polonya Vize Ba\u015fvurusu<\/strong><\/span><\/h2>\n<p><span style=\"font-family: Roboto; font-size: 14px;\">Polonya\u2019ya seyahatte bulunacak olan Umuma Mahsus Pasaport sahibi olan T\u00fcrk vatanda\u015flar\u0131n\u0131n <strong>Polonya vizesi<\/strong> almas\u0131 gerekmektedir. <strong>Polonya vize muafiyeti<\/strong> anla\u015fmas\u0131 olan \u00fclke vatanda\u015flar\u0131, Diplomatik, Hususi ve Hizmet Pasaportu sahipleri Polonya vizesinden muaft\u0131r.<\/span><\/p>\n<p><span style=\"font-family: Roboto; font-size: 14px;\"><strong>Polonya vize ba\u015fvurular\u0131<\/strong> \u015fahsen yap\u0131lmal\u0131d\u0131r. K\u0131sa s\u00fcreli ve uzun s\u00fcreli vize ba\u015fvurular\u0131nda biyometrik veri verilmesi zorunludur. Bundan dolay\u0131 ba\u015fvuru sahibinin ba\u015fvuru s\u0131ras\u0131nda vize ba\u015fvurusu yap\u0131lacak olan yerde bizzat olmas\u0131 gerekmektedir. K\u0131sa s\u00fcreli Polonya vize ba\u015fvurular\u0131 <span style=\"color: #2acec2;\"><strong><a style=\"color: #2acec2;\" href=\"https:\/\/www.myvize.com.tr\/polonya\/vize-islemleri\/polonya-vize-basvurusu\/\" target=\"_blank\" rel=\"noopener\">Polonya vize ba\u015fvurusu<\/a><\/strong><\/span> merkezlerine, uzun S\u00fcreli <strong>Polonya vize ba\u015fvurular\u0131<\/strong> ise Polonya\u2019n\u0131n T\u00fcrkiye\u2019de bulunan diplomatik temsilciliklerine ba\u015fvuruda bulunmal\u0131d\u0131r.<\/span><\/p>\n<p><span style=\"font-family: Roboto; font-size: 14px;\">\u00c7anakkale ve \u00e7evresinde bulunan T\u00fcrk vatanda\u015flar\u0131, k\u0131sa s\u00fcreli vize ba\u015fvurular\u0131n\u0131 Polonya\u2019n\u0131n \u00c7anakkale\u2019de bulunan vize ba\u015fvuru merkezlerine yapabilirler. \u00c7anakkale\u2019de bulunan ve<strong> Polonya Konsoloslu\u011fu<\/strong> taraf\u0131ndan yetkilendirilmi\u015f olan vize ba\u015fvuru merkezi VFS Global isimli \u015firkettir. \u00c7anakkale ve \u00e7evre illerde ikamet eden ki\u015filer Polonya vize ba\u015fvurular\u0131n\u0131 buradan yapabilmektedir.<\/span><\/p>\n<p><span style=\"font-family: Roboto; font-size: 14px;\">\u00c7anakkale ve \u00e7evresinde bulunan ki\u015filer <strong>Polonya ulusal vize<\/strong> ba\u015fvurular\u0131 ise Polonya\u2019n\u0131n diplomatik temsilciliklerine yapmal\u0131d\u0131r. <strong>Polonya ulusal vizesi<\/strong> alacak olan ve \u00c7anakkale \u00e7evresinde bulunan ki\u015filer ba\u015fvurular\u0131n\u0131 Polonya\u2019n\u0131n T\u00fcrkiye&#8217;deki diplomatik temsilciliklerine\u00a0yapmal\u0131d\u0131r.<\/span><\/p>\n","protected":false},"excerpt":{"rendered":"<p>\u00c7anakkale Polonya Vize Ba\u015fvurusu Polonya\u2019ya seyahatte bulunacak olan Umuma Mahsus Pasaport sahibi olan T\u00fcrk vatanda\u015flar\u0131n\u0131n Polonya vizesi almas\u0131 gerekmektedir. Polonya vize muafiyeti anla\u015fmas\u0131 olan \u00fclke vatanda\u015flar\u0131, Diplomatik, Hususi ve Hizmet Pasaportu sahipleri Polonya vizesinden muaft\u0131r. Polonya vize ba\u015fvurular\u0131 \u015fahsen yap\u0131lmal\u0131d\u0131r. K\u0131sa s\u00fcreli ve uzun s\u00fcreli vize ba\u015fvurular\u0131nda biyometrik veri verilmesi zorunludur. Bundan dolay\u0131 ba\u015fvuru sahibinin<\/p>\n","protected":false},"author":1,"featured_media":0,"parent":173,"menu_order":0,"comment_status":"open","ping_status":"closed","template":"","meta":{"footnotes":""},"class_list":["post-245","page","type-page","status-publish","hentry"],"yoast_head":"<!-- This site is optimized with the Yoast SEO plugin v24.0 - https:\/\/yoast.com\/wordpress\/plugins\/seo\/ -->\n<title>Polonya Vize Ba\u015fvuru Merkezi \u00c7anakkale - MyVize<\/title>\n<meta name=\"description\" content=\"Polonya vizesi \u00c7anakkale ofisimiz, hangi \u00fclkeye seyahat etmek isterseniz gerekli b\u00fct\u00fcn bilgilere ula\u015fabilirsiniz: 0850 346 84 93\" \/>\n<meta name=\"robots\" content=\"index, follow, max-snippet:-1, max-image-preview:large, max-video-preview:-1\" \/>\n<link rel=\"canonical\" href=\"https:\/\/www.myvize.com.tr\/polonya\/subelerimiz\/canakkale\/\" \/>\n<meta property=\"og:locale\" content=\"tr_TR\" \/>\n<meta property=\"og:type\" content=\"article\" \/>\n<meta property=\"og:title\" content=\"Polonya Vize Ba\u015fvuru Merkezi \u00c7anakkale - MyVize\" \/>\n<meta property=\"og:description\" content=\"Polonya vizesi \u00c7anakkale ofisimiz, hangi \u00fclkeye seyahat etmek isterseniz gerekli b\u00fct\u00fcn bilgilere ula\u015fabilirsiniz: 0850 346 84 93\" \/>\n<meta property=\"og:url\" content=\"https:\/\/www.myvize.com.tr\/polonya\/subelerimiz\/canakkale\/\" \/>\n<meta property=\"og:site_name\" content=\"Polonya Vizesi &amp; Polonya Vize \u0130\u015flemleri\" \/>\n<meta property=\"article:modified_time\" content=\"2022-04-27T11:18:07+00:00\" \/>\n<meta name=\"twitter:card\" content=\"summary_large_image\" \/>\n<meta name=\"twitter:label1\" content=\"Tahmini okuma s\u00fcresi\" \/>\n\t<meta name=\"twitter:data1\" content=\"1 dakika\" \/>\n<script type=\"application\/ld+json\" class=\"yoast-schema-graph\">{\"@context\":\"https:\/\/schema.org\",\"@graph\":[{\"@type\":\"WebPage\",\"@id\":\"https:\/\/www.myvize.com.tr\/polonya\/subelerimiz\/canakkale\/\",\"url\":\"https:\/\/www.myvize.com.tr\/polonya\/subelerimiz\/canakkale\/\",\"name\":\"Polonya Vize Ba\u015fvuru Merkezi \u00c7anakkale - MyVize\",\"isPartOf\":{\"@id\":\"https:\/\/www.myvize.com.tr\/polonya\/#website\"},\"datePublished\":\"2020-12-28T15:15:08+00:00\",\"dateModified\":\"2022-04-27T11:18:07+00:00\",\"description\":\"Polonya vizesi \u00c7anakkale ofisimiz, hangi \u00fclkeye seyahat etmek isterseniz gerekli b\u00fct\u00fcn bilgilere ula\u015fabilirsiniz: 0850 346 84 93\",\"breadcrumb\":{\"@id\":\"https:\/\/www.myvize.com.tr\/polonya\/subelerimiz\/canakkale\/#breadcrumb\"},\"inLanguage\":\"tr\",\"potentialAction\":[{\"@type\":\"ReadAction\",\"target\":[\"https:\/\/www.myvize.com.tr\/polonya\/subelerimiz\/canakkale\/\"]}]},{\"@type\":\"BreadcrumbList\",\"@id\":\"https:\/\/www.myvize.com.tr\/polonya\/subelerimiz\/canakkale\/#breadcrumb\",\"itemListElement\":[{\"@type\":\"ListItem\",\"position\":1,\"name\":\"Anasayfa\",\"item\":\"https:\/\/www.myvize.com.tr\/polonya\/\"},{\"@type\":\"ListItem\",\"position\":2,\"name\":\"\u015eUBELER\u0130M\u0130Z\",\"item\":\"https:\/\/www.myvize.com.tr\/polonya\/subelerimiz\/\"},{\"@type\":\"ListItem\",\"position\":3,\"name\":\"Polonya Vizesi , \u00c7anakkale\"}]},{\"@type\":\"WebSite\",\"@id\":\"https:\/\/www.myvize.com.tr\/polonya\/#website\",\"url\":\"https:\/\/www.myvize.com.tr\/polonya\/\",\"name\":\"Polonya Vizesi &amp; Polonya Vize \u0130\u015flemleri\",\"description\":\"\",\"potentialAction\":[{\"@type\":\"SearchAction\",\"target\":{\"@type\":\"EntryPoint\",\"urlTemplate\":\"https:\/\/www.myvize.com.tr\/polonya\/?s={search_term_string}\"},\"query-input\":{\"@type\":\"PropertyValueSpecification\",\"valueRequired\":true,\"valueName\":\"search_term_string\"}}],\"inLanguage\":\"tr\"}]}<\/script>\n<!-- \/ Yoast SEO plugin. -->","yoast_head_json":{"title":"Polonya Vize Ba\u015fvuru Merkezi \u00c7anakkale - MyVize","description":"Polonya vizesi \u00c7anakkale ofisimiz, hangi \u00fclkeye seyahat etmek isterseniz gerekli b\u00fct\u00fcn bilgilere ula\u015fabilirsiniz: 0850 346 84 93","robots":{"index":"index","follow":"follow","max-snippet":"max-snippet:-1","max-image-preview":"max-image-preview:large","max-video-preview":"max-video-preview:-1"},"canonical":"https:\/\/www.myvize.com.tr\/polonya\/subelerimiz\/canakkale\/","og_locale":"tr_TR","og_type":"article","og_title":"Polonya Vize Ba\u015fvuru Merkezi \u00c7anakkale - MyVize","og_description":"Polonya vizesi \u00c7anakkale ofisimiz, hangi \u00fclkeye seyahat etmek isterseniz gerekli b\u00fct\u00fcn bilgilere ula\u015fabilirsiniz: 0850 346 84 93","og_url":"https:\/\/www.myvize.com.tr\/polonya\/subelerimiz\/canakkale\/","og_site_name":"Polonya Vizesi &amp; Polonya Vize \u0130\u015flemleri","article_modified_time":"2022-04-27T11:18:07+00:00","twitter_card":"summary_large_image","twitter_misc":{"Tahmini okuma s\u00fcresi":"1 dakika"},"schema":{"@context":"https:\/\/schema.org","@graph":[{"@type":"WebPage","@id":"https:\/\/www.myvize.com.tr\/polonya\/subelerimiz\/canakkale\/","url":"https:\/\/www.myvize.com.tr\/polonya\/subelerimiz\/canakkale\/","name":"Polonya Vize Ba\u015fvuru Merkezi \u00c7anakkale - MyVize","isPartOf":{"@id":"https:\/\/www.myvize.com.tr\/polonya\/#website"},"datePublished":"2020-12-28T15:15:08+00:00","dateModified":"2022-04-27T11:18:07+00:00","description":"Polonya vizesi \u00c7anakkale ofisimiz, hangi \u00fclkeye seyahat etmek isterseniz gerekli b\u00fct\u00fcn bilgilere ula\u015fabilirsiniz: 0850 346 84 93","breadcrumb":{"@id":"https:\/\/www.myvize.com.tr\/polonya\/subelerimiz\/canakkale\/#breadcrumb"},"inLanguage":"tr","potentialAction":[{"@type":"ReadAction","target":["https:\/\/www.myvize.com.tr\/polonya\/subelerimiz\/canakkale\/"]}]},{"@type":"BreadcrumbList","@id":"https:\/\/www.myvize.com.tr\/polonya\/subelerimiz\/canakkale\/#breadcrumb","itemListElement":[{"@type":"ListItem","position":1,"name":"Anasayfa","item":"https:\/\/www.myvize.com.tr\/polonya\/"},{"@type":"ListItem","position":2,"name":"\u015eUBELER\u0130M\u0130Z","item":"https:\/\/www.myvize.com.tr\/polonya\/subelerimiz\/"},{"@type":"ListItem","position":3,"name":"Polonya Vizesi , \u00c7anakkale"}]},{"@type":"WebSite","@id":"https:\/\/www.myvize.com.tr\/polonya\/#website","url":"https:\/\/www.myvize.com.tr\/polonya\/","name":"Polonya Vizesi &amp; Polonya Vize \u0130\u015flemleri","description":"","potentialAction":[{"@type":"SearchAction","target":{"@type":"EntryPoint","urlTemplate":"https:\/\/www.myvize.com.tr\/polonya\/?s={search_term_string}"},"query-input":{"@type":"PropertyValueSpecification","valueRequired":true,"valueName":"search_term_string"}}],"inLanguage":"tr"}]}},"_links":{"self":[{"href":"https:\/\/www.myvize.com.tr\/polonya\/wp-json\/wp\/v2\/pages\/245","targetHints":{"allow":["GET"]}}],"collection":[{"href":"https:\/\/www.myvize.com.tr\/polonya\/wp-json\/wp\/v2\/pages"}],"about":[{"href":"https:\/\/www.myvize.com.tr\/polonya\/wp-json\/wp\/v2\/types\/page"}],"author":[{"embeddable":true,"href":"https:\/\/www.myvize.com.tr\/polonya\/wp-json\/wp\/v2\/users\/1"}],"replies":[{"embeddable":true,"href":"https:\/\/www.myvize.com.tr\/polonya\/wp-json\/wp\/v2\/comments?post=245"}],"version-history":[{"count":5,"href":"https:\/\/www.myvize.com.tr\/polonya\/wp-json\/wp\/v2\/pages\/245\/revisions"}],"predecessor-version":[{"id":977,"href":"https:\/\/www.myvize.com.tr\/polonya\/wp-json\/wp\/v2\/pages\/245\/revisions\/977"}],"up":[{"embeddable":true,"href":"https:\/\/www.myvize.com.tr\/polonya\/wp-json\/wp\/v2\/pages\/173"}],"wp:attachment":[{"href":"https:\/\/www.myvize.com.tr\/polonya\/wp-json\/wp\/v2\/media?parent=245"}],"curies":[{"name":"wp","href":"https:\/\/api.w.org\/{rel}","templated":true}]}}