{"id":419,"date":"2021-08-09T15:53:59","date_gmt":"2021-08-09T12:53:59","guid":{"rendered":"https:\/\/www.myvize.com.tr\/polonya\/?page_id=419"},"modified":"2022-01-19T11:16:22","modified_gmt":"2022-01-19T08:16:22","slug":"polonya-vize-basvurusu","status":"publish","type":"page","link":"https:\/\/www.myvize.com.tr\/polonya\/vize-islemleri\/polonya-vize-basvurusu\/","title":{"rendered":"Polonya Vize Ba\u015fvurusu"},"content":{"rendered":"<h2><strong><span style=\"font-size: 27px; font-family: Roboto;\">Polonya Vize Ba\u015fvurusu Hakk\u0131nda<\/span><\/strong><\/h2>\n<p><span style=\"font-family: Roboto; font-size: 14px;\">Polonya Schengen B\u00f6lgesi\u2019de yer alan \u00fclkelerden biri olarak biliniyor. Bu sebepten dolay\u0131 bu \u00fclkeye seyahat etmek istiyorsan\u0131z ve T\u00fcrkiye Cumhuriyeti vatanda\u015f\u0131ysan\u0131z Polonya Konsoloslu\u011fu\u2019na Schengen vizesi ba\u015fvurunzu yapman\u0131z gerekiyor. <strong>Polonya Konsoloslu\u011fu<\/strong> Polonya vizenizin sonucu hakk\u0131nda karar yetki bulunan tek kurumdur.\u00a0 Bunun yan\u0131nda <span style=\"color: #2acec2;\"><strong><a style=\"color: #2acec2;\" href=\"https:\/\/www.myvize.com.tr\/polonya\/vize-islemleri\/polonya-vizesi\/\" target=\"_blank\" rel=\"noopener\">Polonya vizesi<\/a><\/strong><\/span>\u00a0 ba\u015fvurular\u0131n\u0131z i\u00e7in \u00a0do\u011frudan konsolosluklara gitmeniz gerekmiyor. Polonya Konsoloslu\u011funun akredite etti\u011fi kurumlar sayesinde vize ba\u015fvurular\u0131n\u0131z\u0131 yapabiliyorsunuz ve bu sayede vize ba\u015fvurular\u0131n\u0131z i\u015fleme al\u0131n\u0131yor.<\/span><\/p>\n<p><span style=\"font-family: Roboto; font-size: 14px;\">Schengen vizesi; Avusturya, Bel\u00e7ika, \u00c7ek Cumhuriyeti, Danimarka, Estonya, Finlandiya, Fransa, Almanya, Yunanistan, Macaristan, \u0130zlanda, \u0130talya, Letonya,\u00a0\u00a0Litvanya, L\u00fcksemburg, Malta, Hollanda, Norve\u00e7, Polonya, Portekiz, Slovenya, Slovakya, \u0130spanya, \u0130sve\u00e7 ve \u0130svi\u00e7re\u2019de ge\u00e7erli bir vizedir. Schengen vizesi,\u00a0 seyahat edece\u011finiz Schengen \u00fcyesi \u00fclkelerde en fazla 90 g\u00fcn kalma hakk\u0131n\u0131 size veriyor. Schengen kurallar\u0131 gere\u011fince Schengen vizesi sahibiyseniz, seyahatlerinizi vizesini alm\u0131\u015f\u00a0 oldu\u011fnuz Schengen \u00fclkesinden ba\u015flayarak yapman\u0131z gerekiyor.<\/span><\/p>\n<p><span style=\"font-family: Roboto; font-size: 14px;\">Polonya\u2019ya seyahat edecekseniz vize ba\u015fvurular\u0131n\u0131z\u0131 <strong>Polonya Konsoloslu\u011fu<\/strong>, Polonya B\u00fcy\u00fckel\u00e7ili\u011fi ve Polonya Konsoloslu\u011fu taraf\u0131ndan yetkilendirilen kurumlar ve Vize Ba\u015fvuru Merkezleri ile Turizm ve Seyahat Acenteleri sayesinde yapabiliyorsunuz Polonya Konsoloslu\u011fu k\u0131sa s\u00fcreli seyahat amac\u0131n\u0131z varsa \u00a0Schengen vize\u00a0\u00a0ba\u015fvurular\u0131n\u0131z\u0131 baz\u0131 durumlar haricinde bizzat kabul etmiyor. Ancak uzun s\u00fcreli <strong>Polonya vizesi<\/strong> ba\u015fvurusunda bulunacaksan\u0131z yani oturum izni, \u00e7al\u0131\u015fma vizesi,\u00a0 aile birle\u015fimi vizesi gibi ba\u015fvurular\u0131n\u0131z i\u00e7in ba\u015fvuru yapacaksan\u0131z\u00a0Polonya Konsoloslu\u011fu\u2019na veya Polonya B\u00fcy\u00fckel\u00e7ili\u011fi\u2019ne bizzat ba\u015fvuru yapman\u0131z gerekiyor.<strong> \u00a0Polonya vize<\/strong> ba\u015fvurunuzu, \u00a0arac\u0131 kurumlar sayesinde yapt\u0131ysan\u0131z bile ba\u015fvurular\u0131n\u0131z\u0131n de\u011ferlendirilmesi ve onaylanmas\u0131 bir sonuca ba\u011flanmas\u0131 konusunda yetki sahibi olan tek yer \u00a0Polonya Konsoloslu\u011fu\u2019dur.<\/span><\/p>\n<p><span style=\"font-family: Roboto; font-size: 14px;\">Polonya Konsoloslu\u011fu\u2019na ya da Polonya B\u00fcy\u00fckel\u00e7ili\u011fi\u2019ne vize ba\u015fvurusunda bulunacaksan\u0131z ba\u015fvurular\u0131n\u0131z\u0131 ya\u015fad\u0131\u011f\u0131n\u0131z yerde bulunan ya da bu ile en yak\u0131n olan\u00a0 Polonya Konsoloslu\u011fu\u2019na yapman\u0131z gerekiyor.<\/span><\/p>\n<p><span style=\"font-family: Roboto; font-size: 14px;\">Polonya Konsoloslu\u011fu\u2019na vize ba\u015fvurusu ya da konsolosluk i\u015flemleri ba\u015fvurusu yapacaksan\u0131z ba\u015fvurular\u0131n\u0131 yapmadan \u00f6nce, yapaca\u011f\u0131n\u0131z i\u015flemlerinizin hangi Polonya Konsoloslu\u011fu\u2019nun yetki alan\u0131nda oldu\u011funa dikkat etmeniz olduk\u00e7a \u00f6nemlidir. \u00d6rne\u011fin \u0130stanbul\u2019da ve \u0130stanbul\u2019a yak\u0131n illerde ya\u015f\u0131yorsan\u0131z vize konsolosluk i\u015flemleriniz i\u00e7in Polonya \u0130stanbul Ba\u015fkonsoloslu\u011fu\u2019na ba\u015fvuruda bulunabiliyorsunuz.\u00a0 Ya da Ankara ve Ankara \u00e7evresinde bulunan illerde ya\u015f\u0131yorsan\u0131z vize ve konsolosluk i\u015flemleriniz i\u00e7in Polonya Ankara B\u00fcy\u00fckel\u00e7ili\u011fi\u2019ne ba\u015fvuruda bulnman\u0131z gerekiyor.<\/span><\/p>\n","protected":false},"excerpt":{"rendered":"<p>Polonya Vize Ba\u015fvurusu Hakk\u0131nda Polonya Schengen B\u00f6lgesi\u2019de yer alan \u00fclkelerden biri olarak biliniyor. Bu sebepten dolay\u0131 bu \u00fclkeye seyahat etmek istiyorsan\u0131z ve T\u00fcrkiye Cumhuriyeti vatanda\u015f\u0131ysan\u0131z Polonya Konsoloslu\u011fu\u2019na Schengen vizesi ba\u015fvurunzu yapman\u0131z gerekiyor. Polonya Konsoloslu\u011fu Polonya vizenizin sonucu hakk\u0131nda karar yetki bulunan tek kurumdur.\u00a0 Bunun yan\u0131nda Polonya vizesi\u00a0 ba\u015fvurular\u0131n\u0131z i\u00e7in \u00a0do\u011frudan konsolosluklara gitmeniz gerekmiyor. Polonya Konsoloslu\u011funun<\/p>\n","protected":false},"author":1,"featured_media":0,"parent":18,"menu_order":0,"comment_status":"open","ping_status":"closed","template":"","meta":{"footnotes":""},"class_list":["post-419","page","type-page","status-publish","hentry"],"yoast_head":"<!-- This site is optimized with the Yoast SEO plugin v24.0 - https:\/\/yoast.com\/wordpress\/plugins\/seo\/ -->\n<title>Polonya Vize Ba\u015fvurusu - MyVize<\/title>\n<meta name=\"description\" content=\"Polonya Vize Ba\u015fvurusu nas\u0131l yap\u0131l\u0131r? Polonya Vize Ba\u015fvuru i\u015flemleri nelerdir? Bilgi \u0130\u00e7in Vize Uzmanlar\u0131m\u0131z\u0131 Aray\u0131n: 0850 346 84 93\" \/>\n<meta name=\"robots\" content=\"index, follow, max-snippet:-1, max-image-preview:large, max-video-preview:-1\" \/>\n<link rel=\"canonical\" href=\"https:\/\/www.myvize.com.tr\/polonya\/vize-islemleri\/polonya-vize-basvurusu\/\" \/>\n<meta property=\"og:locale\" content=\"tr_TR\" \/>\n<meta property=\"og:type\" content=\"article\" \/>\n<meta property=\"og:title\" content=\"Polonya Vize Ba\u015fvurusu - MyVize\" \/>\n<meta property=\"og:description\" content=\"Polonya Vize Ba\u015fvurusu nas\u0131l yap\u0131l\u0131r? Polonya Vize Ba\u015fvuru i\u015flemleri nelerdir? Bilgi \u0130\u00e7in Vize Uzmanlar\u0131m\u0131z\u0131 Aray\u0131n: 0850 346 84 93\" \/>\n<meta property=\"og:url\" content=\"https:\/\/www.myvize.com.tr\/polonya\/vize-islemleri\/polonya-vize-basvurusu\/\" \/>\n<meta property=\"og:site_name\" content=\"Polonya Vizesi &amp; Polonya Vize \u0130\u015flemleri\" \/>\n<meta property=\"article:modified_time\" content=\"2022-01-19T08:16:22+00:00\" \/>\n<meta name=\"twitter:card\" content=\"summary_large_image\" \/>\n<meta name=\"twitter:label1\" content=\"Tahmini okuma s\u00fcresi\" \/>\n\t<meta name=\"twitter:data1\" content=\"2 dakika\" \/>\n<script type=\"application\/ld+json\" class=\"yoast-schema-graph\">{\"@context\":\"https:\/\/schema.org\",\"@graph\":[{\"@type\":\"WebPage\",\"@id\":\"https:\/\/www.myvize.com.tr\/polonya\/vize-islemleri\/polonya-vize-basvurusu\/\",\"url\":\"https:\/\/www.myvize.com.tr\/polonya\/vize-islemleri\/polonya-vize-basvurusu\/\",\"name\":\"Polonya Vize Ba\u015fvurusu - MyVize\",\"isPartOf\":{\"@id\":\"https:\/\/www.myvize.com.tr\/polonya\/#website\"},\"datePublished\":\"2021-08-09T12:53:59+00:00\",\"dateModified\":\"2022-01-19T08:16:22+00:00\",\"description\":\"Polonya Vize Ba\u015fvurusu nas\u0131l yap\u0131l\u0131r? Polonya Vize Ba\u015fvuru i\u015flemleri nelerdir? Bilgi \u0130\u00e7in Vize Uzmanlar\u0131m\u0131z\u0131 Aray\u0131n: 0850 346 84 93\",\"breadcrumb\":{\"@id\":\"https:\/\/www.myvize.com.tr\/polonya\/vize-islemleri\/polonya-vize-basvurusu\/#breadcrumb\"},\"inLanguage\":\"tr\",\"potentialAction\":[{\"@type\":\"ReadAction\",\"target\":[\"https:\/\/www.myvize.com.tr\/polonya\/vize-islemleri\/polonya-vize-basvurusu\/\"]}]},{\"@type\":\"BreadcrumbList\",\"@id\":\"https:\/\/www.myvize.com.tr\/polonya\/vize-islemleri\/polonya-vize-basvurusu\/#breadcrumb\",\"itemListElement\":[{\"@type\":\"ListItem\",\"position\":1,\"name\":\"Anasayfa\",\"item\":\"https:\/\/www.myvize.com.tr\/polonya\/\"},{\"@type\":\"ListItem\",\"position\":2,\"name\":\"POLONYA V\u0130ZE \u0130\u015eLEMLER\u0130\",\"item\":\"https:\/\/www.myvize.com.tr\/polonya\/vize-islemleri\/\"},{\"@type\":\"ListItem\",\"position\":3,\"name\":\"Polonya Vize Ba\u015fvurusu\"}]},{\"@type\":\"WebSite\",\"@id\":\"https:\/\/www.myvize.com.tr\/polonya\/#website\",\"url\":\"https:\/\/www.myvize.com.tr\/polonya\/\",\"name\":\"Polonya Vizesi &amp; Polonya Vize \u0130\u015flemleri\",\"description\":\"\",\"potentialAction\":[{\"@type\":\"SearchAction\",\"target\":{\"@type\":\"EntryPoint\",\"urlTemplate\":\"https:\/\/www.myvize.com.tr\/polonya\/?s={search_term_string}\"},\"query-input\":{\"@type\":\"PropertyValueSpecification\",\"valueRequired\":true,\"valueName\":\"search_term_string\"}}],\"inLanguage\":\"tr\"}]}<\/script>\n<!-- \/ Yoast SEO plugin. -->","yoast_head_json":{"title":"Polonya Vize Ba\u015fvurusu - MyVize","description":"Polonya Vize Ba\u015fvurusu nas\u0131l yap\u0131l\u0131r? Polonya Vize Ba\u015fvuru i\u015flemleri nelerdir? Bilgi \u0130\u00e7in Vize Uzmanlar\u0131m\u0131z\u0131 Aray\u0131n: 0850 346 84 93","robots":{"index":"index","follow":"follow","max-snippet":"max-snippet:-1","max-image-preview":"max-image-preview:large","max-video-preview":"max-video-preview:-1"},"canonical":"https:\/\/www.myvize.com.tr\/polonya\/vize-islemleri\/polonya-vize-basvurusu\/","og_locale":"tr_TR","og_type":"article","og_title":"Polonya Vize Ba\u015fvurusu - MyVize","og_description":"Polonya Vize Ba\u015fvurusu nas\u0131l yap\u0131l\u0131r? Polonya Vize Ba\u015fvuru i\u015flemleri nelerdir? Bilgi \u0130\u00e7in Vize Uzmanlar\u0131m\u0131z\u0131 Aray\u0131n: 0850 346 84 93","og_url":"https:\/\/www.myvize.com.tr\/polonya\/vize-islemleri\/polonya-vize-basvurusu\/","og_site_name":"Polonya Vizesi &amp; Polonya Vize \u0130\u015flemleri","article_modified_time":"2022-01-19T08:16:22+00:00","twitter_card":"summary_large_image","twitter_misc":{"Tahmini okuma s\u00fcresi":"2 dakika"},"schema":{"@context":"https:\/\/schema.org","@graph":[{"@type":"WebPage","@id":"https:\/\/www.myvize.com.tr\/polonya\/vize-islemleri\/polonya-vize-basvurusu\/","url":"https:\/\/www.myvize.com.tr\/polonya\/vize-islemleri\/polonya-vize-basvurusu\/","name":"Polonya Vize Ba\u015fvurusu - MyVize","isPartOf":{"@id":"https:\/\/www.myvize.com.tr\/polonya\/#website"},"datePublished":"2021-08-09T12:53:59+00:00","dateModified":"2022-01-19T08:16:22+00:00","description":"Polonya Vize Ba\u015fvurusu nas\u0131l yap\u0131l\u0131r? Polonya Vize Ba\u015fvuru i\u015flemleri nelerdir? Bilgi \u0130\u00e7in Vize Uzmanlar\u0131m\u0131z\u0131 Aray\u0131n: 0850 346 84 93","breadcrumb":{"@id":"https:\/\/www.myvize.com.tr\/polonya\/vize-islemleri\/polonya-vize-basvurusu\/#breadcrumb"},"inLanguage":"tr","potentialAction":[{"@type":"ReadAction","target":["https:\/\/www.myvize.com.tr\/polonya\/vize-islemleri\/polonya-vize-basvurusu\/"]}]},{"@type":"BreadcrumbList","@id":"https:\/\/www.myvize.com.tr\/polonya\/vize-islemleri\/polonya-vize-basvurusu\/#breadcrumb","itemListElement":[{"@type":"ListItem","position":1,"name":"Anasayfa","item":"https:\/\/www.myvize.com.tr\/polonya\/"},{"@type":"ListItem","position":2,"name":"POLONYA V\u0130ZE \u0130\u015eLEMLER\u0130","item":"https:\/\/www.myvize.com.tr\/polonya\/vize-islemleri\/"},{"@type":"ListItem","position":3,"name":"Polonya Vize Ba\u015fvurusu"}]},{"@type":"WebSite","@id":"https:\/\/www.myvize.com.tr\/polonya\/#website","url":"https:\/\/www.myvize.com.tr\/polonya\/","name":"Polonya Vizesi &amp; Polonya Vize \u0130\u015flemleri","description":"","potentialAction":[{"@type":"SearchAction","target":{"@type":"EntryPoint","urlTemplate":"https:\/\/www.myvize.com.tr\/polonya\/?s={search_term_string}"},"query-input":{"@type":"PropertyValueSpecification","valueRequired":true,"valueName":"search_term_string"}}],"inLanguage":"tr"}]}},"_links":{"self":[{"href":"https:\/\/www.myvize.com.tr\/polonya\/wp-json\/wp\/v2\/pages\/419","targetHints":{"allow":["GET"]}}],"collection":[{"href":"https:\/\/www.myvize.com.tr\/polonya\/wp-json\/wp\/v2\/pages"}],"about":[{"href":"https:\/\/www.myvize.com.tr\/polonya\/wp-json\/wp\/v2\/types\/page"}],"author":[{"embeddable":true,"href":"https:\/\/www.myvize.com.tr\/polonya\/wp-json\/wp\/v2\/users\/1"}],"replies":[{"embeddable":true,"href":"https:\/\/www.myvize.com.tr\/polonya\/wp-json\/wp\/v2\/comments?post=419"}],"version-history":[{"count":2,"href":"https:\/\/www.myvize.com.tr\/polonya\/wp-json\/wp\/v2\/pages\/419\/revisions"}],"predecessor-version":[{"id":814,"href":"https:\/\/www.myvize.com.tr\/polonya\/wp-json\/wp\/v2\/pages\/419\/revisions\/814"}],"up":[{"embeddable":true,"href":"https:\/\/www.myvize.com.tr\/polonya\/wp-json\/wp\/v2\/pages\/18"}],"wp:attachment":[{"href":"https:\/\/www.myvize.com.tr\/polonya\/wp-json\/wp\/v2\/media?parent=419"}],"curies":[{"name":"wp","href":"https:\/\/api.w.org\/{rel}","templated":true}]}}