{"id":84,"date":"2020-11-30T13:05:08","date_gmt":"2020-11-30T10:05:08","guid":{"rendered":"https:\/\/www.myvize.com.tr\/polonya\/?page_id=84"},"modified":"2022-08-08T12:30:20","modified_gmt":"2022-08-08T09:30:20","slug":"trabzon-fahri-konsoloslugu","status":"publish","type":"page","link":"https:\/\/www.myvize.com.tr\/polonya\/konsolosluklar\/trabzon-fahri-konsoloslugu\/","title":{"rendered":"Polonya Trabzon Fahri Konsoloslu\u011fu"},"content":{"rendered":"<h2><span style=\"font-family: Roboto; font-size: 27px;\"><strong>Polonya Trabzon Konsoloslu\u011fu<\/strong><\/span><\/h2>\n<p><span style=\"font-family: Roboto; font-size: 14px;\"><strong>Trabzon Fahri Konsoloslu\u011fu <\/strong>sizlere vize ile ilgili ya da dan\u0131\u015fmak istedi\u011finiz di\u011fer her t\u00fcrl\u00fc konuda yard\u0131mc\u0131 olmak amac\u0131 ile hizmet vermektedir. \u0130sterseniz adrese giderek isterseniz telefon numaras\u0131 ile isterseniz de e posta adresini kullanarak rahatl\u0131kla bilgilere ula\u015fma imkan\u0131n\u0131z olur. Konsolosluk \u00f6zellikle de<span style=\"color: #2acec2;\"><strong><a style=\"color: #2acec2;\" href=\"https:\/\/www.myvize.com.tr\/polonya\/vize-islemleri\/\" target=\"_blank\" rel=\"noopener\"> vize i\u015flemleri <\/a><\/strong><\/span>s\u0131ras\u0131nda sa\u011flad\u0131\u011f\u0131 yard\u0131mlar\u0131 ile hem ki\u015filerin<strong> vize i\u015flemlerini<\/strong> daha do\u011fru yapmas\u0131n\u0131 hem de k\u0131sa bir s\u00fcre i\u00e7erisinde i\u015flemlerini tamamlamas\u0131na yard\u0131mc\u0131 olur. \u00dcstelik ba\u015fka bir \u015fehre gitmeden de i\u015flemler olduk\u00e7a rahat bir \u015fekilde yerine getirilmi\u015f olur. B\u00fct\u00fcn i\u015flemlerin yerine getirilmesine yard\u0131mc\u0131 olduktan sonra evraklar\u0131n hepsi konsoloslu\u011fa teslim edilir. <strong>Konsolosluk de\u011ferlendirmesi<\/strong> s\u0131ras\u0131nda takip edilmesini istemeniz durumunda size vize durumunuz ile ilgili bilgi verilir. Bu sayede ba\u015fvuru ile ilgili b\u00fct\u00fcn geli\u015fmelerden hemen haberdar olabilirsiniz. Vize de\u011ferlendirmesinin olumlu olmas\u0131n\u0131n ard\u0131ndan pasaportun teslim edilmesi i\u015flemi yap\u0131l\u0131r. Yetkili de\u011ferlendirmenin bitmesi ile pasaportu alarak sizlere bilgi verir. \u0130sterseniz bizzat giderek alabilirsiniz isterseniz de kargo ile elinize ula\u015fmas\u0131n\u0131 talep edebilirsiniz. Bu durum tamamen size kalm\u0131\u015f olur.\u00a0<\/span><\/p>\n<p><img decoding=\"async\" src=\"https:\/\/www.myvize.com.tr\/polonya\/wp-content\/uploads\/2021\/10\/38.jpg\" \/><\/p>\n","protected":false},"excerpt":{"rendered":"<p>Polonya Trabzon Konsoloslu\u011fu Trabzon Fahri Konsoloslu\u011fu sizlere vize ile ilgili ya da dan\u0131\u015fmak istedi\u011finiz di\u011fer her t\u00fcrl\u00fc konuda yard\u0131mc\u0131 olmak amac\u0131 ile hizmet vermektedir. \u0130sterseniz adrese giderek isterseniz telefon numaras\u0131 ile isterseniz de e posta adresini kullanarak rahatl\u0131kla bilgilere ula\u015fma imkan\u0131n\u0131z olur. Konsolosluk \u00f6zellikle de vize i\u015flemleri s\u0131ras\u0131nda sa\u011flad\u0131\u011f\u0131 yard\u0131mlar\u0131 ile hem ki\u015filerin vize i\u015flemlerini<\/p>\n","protected":false},"author":1,"featured_media":0,"parent":69,"menu_order":0,"comment_status":"open","ping_status":"closed","template":"","meta":{"footnotes":""},"class_list":["post-84","page","type-page","status-publish","hentry"],"yoast_head":"<!-- This site is optimized with the Yoast SEO plugin v24.0 - https:\/\/yoast.com\/wordpress\/plugins\/seo\/ -->\n<title>Polonya Trabzon Konsoloslu\u011fu Vize \u0130\u015flemi - MyVize<\/title>\n<meta name=\"description\" content=\"Polonya Trabzon Fahri Konsoloslu\u011fu \u00e7al\u0131\u015fma saatleri. Polonya Trabzon Fahri Konsoloslu\u011fu ula\u015f\u0131m, ileti\u015fim bilgileri ve faaliyet alan\u0131.\" \/>\n<meta name=\"robots\" content=\"index, follow, max-snippet:-1, max-image-preview:large, max-video-preview:-1\" \/>\n<link rel=\"canonical\" href=\"https:\/\/www.myvize.com.tr\/polonya\/konsolosluklar\/trabzon-fahri-konsoloslugu\/\" \/>\n<meta property=\"og:locale\" content=\"tr_TR\" \/>\n<meta property=\"og:type\" content=\"article\" \/>\n<meta property=\"og:title\" content=\"Polonya Trabzon Konsoloslu\u011fu Vize \u0130\u015flemi - MyVize\" \/>\n<meta property=\"og:description\" content=\"Polonya Trabzon Fahri Konsoloslu\u011fu \u00e7al\u0131\u015fma saatleri. Polonya Trabzon Fahri Konsoloslu\u011fu ula\u015f\u0131m, ileti\u015fim bilgileri ve faaliyet alan\u0131.\" \/>\n<meta property=\"og:url\" content=\"https:\/\/www.myvize.com.tr\/polonya\/konsolosluklar\/trabzon-fahri-konsoloslugu\/\" \/>\n<meta property=\"og:site_name\" content=\"Polonya Vizesi &amp; Polonya Vize \u0130\u015flemleri\" \/>\n<meta property=\"article:modified_time\" content=\"2022-08-08T09:30:20+00:00\" \/>\n<meta property=\"og:image\" content=\"https:\/\/www.myvize.com.tr\/polonya\/wp-content\/uploads\/2021\/10\/38.jpg\" \/>\n<meta name=\"twitter:card\" content=\"summary_large_image\" \/>\n<meta name=\"twitter:label1\" content=\"Tahmini okuma s\u00fcresi\" \/>\n\t<meta name=\"twitter:data1\" content=\"1 dakika\" \/>\n<script type=\"application\/ld+json\" class=\"yoast-schema-graph\">{\"@context\":\"https:\/\/schema.org\",\"@graph\":[{\"@type\":\"WebPage\",\"@id\":\"https:\/\/www.myvize.com.tr\/polonya\/konsolosluklar\/trabzon-fahri-konsoloslugu\/\",\"url\":\"https:\/\/www.myvize.com.tr\/polonya\/konsolosluklar\/trabzon-fahri-konsoloslugu\/\",\"name\":\"Polonya Trabzon Konsoloslu\u011fu Vize \u0130\u015flemi - MyVize\",\"isPartOf\":{\"@id\":\"https:\/\/www.myvize.com.tr\/polonya\/#website\"},\"primaryImageOfPage\":{\"@id\":\"https:\/\/www.myvize.com.tr\/polonya\/konsolosluklar\/trabzon-fahri-konsoloslugu\/#primaryimage\"},\"image\":{\"@id\":\"https:\/\/www.myvize.com.tr\/polonya\/konsolosluklar\/trabzon-fahri-konsoloslugu\/#primaryimage\"},\"thumbnailUrl\":\"https:\/\/www.myvize.com.tr\/polonya\/wp-content\/uploads\/2021\/10\/38.jpg\",\"datePublished\":\"2020-11-30T10:05:08+00:00\",\"dateModified\":\"2022-08-08T09:30:20+00:00\",\"description\":\"Polonya Trabzon Fahri Konsoloslu\u011fu \u00e7al\u0131\u015fma saatleri. Polonya Trabzon Fahri Konsoloslu\u011fu ula\u015f\u0131m, ileti\u015fim bilgileri ve faaliyet alan\u0131.\",\"breadcrumb\":{\"@id\":\"https:\/\/www.myvize.com.tr\/polonya\/konsolosluklar\/trabzon-fahri-konsoloslugu\/#breadcrumb\"},\"inLanguage\":\"tr\",\"potentialAction\":[{\"@type\":\"ReadAction\",\"target\":[\"https:\/\/www.myvize.com.tr\/polonya\/konsolosluklar\/trabzon-fahri-konsoloslugu\/\"]}]},{\"@type\":\"ImageObject\",\"inLanguage\":\"tr\",\"@id\":\"https:\/\/www.myvize.com.tr\/polonya\/konsolosluklar\/trabzon-fahri-konsoloslugu\/#primaryimage\",\"url\":\"https:\/\/www.myvize.com.tr\/polonya\/wp-content\/uploads\/2021\/10\/38.jpg\",\"contentUrl\":\"https:\/\/www.myvize.com.tr\/polonya\/wp-content\/uploads\/2021\/10\/38.jpg\",\"width\":800,\"height\":500,\"caption\":\"Polonya Trabzon Fahri Konsoloslu\u011fu\"},{\"@type\":\"BreadcrumbList\",\"@id\":\"https:\/\/www.myvize.com.tr\/polonya\/konsolosluklar\/trabzon-fahri-konsoloslugu\/#breadcrumb\",\"itemListElement\":[{\"@type\":\"ListItem\",\"position\":1,\"name\":\"Anasayfa\",\"item\":\"https:\/\/www.myvize.com.tr\/polonya\/\"},{\"@type\":\"ListItem\",\"position\":2,\"name\":\"KONSOLOSLUKLAR\",\"item\":\"https:\/\/www.myvize.com.tr\/polonya\/konsolosluklar\/\"},{\"@type\":\"ListItem\",\"position\":3,\"name\":\"Polonya Trabzon Fahri Konsoloslu\u011fu\"}]},{\"@type\":\"WebSite\",\"@id\":\"https:\/\/www.myvize.com.tr\/polonya\/#website\",\"url\":\"https:\/\/www.myvize.com.tr\/polonya\/\",\"name\":\"Polonya Vizesi &amp; Polonya Vize \u0130\u015flemleri\",\"description\":\"\",\"potentialAction\":[{\"@type\":\"SearchAction\",\"target\":{\"@type\":\"EntryPoint\",\"urlTemplate\":\"https:\/\/www.myvize.com.tr\/polonya\/?s={search_term_string}\"},\"query-input\":{\"@type\":\"PropertyValueSpecification\",\"valueRequired\":true,\"valueName\":\"search_term_string\"}}],\"inLanguage\":\"tr\"}]}<\/script>\n<!-- \/ Yoast SEO plugin. -->","yoast_head_json":{"title":"Polonya Trabzon Konsoloslu\u011fu Vize \u0130\u015flemi - MyVize","description":"Polonya Trabzon Fahri Konsoloslu\u011fu \u00e7al\u0131\u015fma saatleri. Polonya Trabzon Fahri Konsoloslu\u011fu ula\u015f\u0131m, ileti\u015fim bilgileri ve faaliyet alan\u0131.","robots":{"index":"index","follow":"follow","max-snippet":"max-snippet:-1","max-image-preview":"max-image-preview:large","max-video-preview":"max-video-preview:-1"},"canonical":"https:\/\/www.myvize.com.tr\/polonya\/konsolosluklar\/trabzon-fahri-konsoloslugu\/","og_locale":"tr_TR","og_type":"article","og_title":"Polonya Trabzon Konsoloslu\u011fu Vize \u0130\u015flemi - MyVize","og_description":"Polonya Trabzon Fahri Konsoloslu\u011fu \u00e7al\u0131\u015fma saatleri. Polonya Trabzon Fahri Konsoloslu\u011fu ula\u015f\u0131m, ileti\u015fim bilgileri ve faaliyet alan\u0131.","og_url":"https:\/\/www.myvize.com.tr\/polonya\/konsolosluklar\/trabzon-fahri-konsoloslugu\/","og_site_name":"Polonya Vizesi &amp; Polonya Vize \u0130\u015flemleri","article_modified_time":"2022-08-08T09:30:20+00:00","og_image":[{"url":"https:\/\/www.myvize.com.tr\/polonya\/wp-content\/uploads\/2021\/10\/38.jpg","type":"","width":"","height":""}],"twitter_card":"summary_large_image","twitter_misc":{"Tahmini okuma s\u00fcresi":"1 dakika"},"schema":{"@context":"https:\/\/schema.org","@graph":[{"@type":"WebPage","@id":"https:\/\/www.myvize.com.tr\/polonya\/konsolosluklar\/trabzon-fahri-konsoloslugu\/","url":"https:\/\/www.myvize.com.tr\/polonya\/konsolosluklar\/trabzon-fahri-konsoloslugu\/","name":"Polonya Trabzon Konsoloslu\u011fu Vize \u0130\u015flemi - MyVize","isPartOf":{"@id":"https:\/\/www.myvize.com.tr\/polonya\/#website"},"primaryImageOfPage":{"@id":"https:\/\/www.myvize.com.tr\/polonya\/konsolosluklar\/trabzon-fahri-konsoloslugu\/#primaryimage"},"image":{"@id":"https:\/\/www.myvize.com.tr\/polonya\/konsolosluklar\/trabzon-fahri-konsoloslugu\/#primaryimage"},"thumbnailUrl":"https:\/\/www.myvize.com.tr\/polonya\/wp-content\/uploads\/2021\/10\/38.jpg","datePublished":"2020-11-30T10:05:08+00:00","dateModified":"2022-08-08T09:30:20+00:00","description":"Polonya Trabzon Fahri Konsoloslu\u011fu \u00e7al\u0131\u015fma saatleri. Polonya Trabzon Fahri Konsoloslu\u011fu ula\u015f\u0131m, ileti\u015fim bilgileri ve faaliyet alan\u0131.","breadcrumb":{"@id":"https:\/\/www.myvize.com.tr\/polonya\/konsolosluklar\/trabzon-fahri-konsoloslugu\/#breadcrumb"},"inLanguage":"tr","potentialAction":[{"@type":"ReadAction","target":["https:\/\/www.myvize.com.tr\/polonya\/konsolosluklar\/trabzon-fahri-konsoloslugu\/"]}]},{"@type":"ImageObject","inLanguage":"tr","@id":"https:\/\/www.myvize.com.tr\/polonya\/konsolosluklar\/trabzon-fahri-konsoloslugu\/#primaryimage","url":"https:\/\/www.myvize.com.tr\/polonya\/wp-content\/uploads\/2021\/10\/38.jpg","contentUrl":"https:\/\/www.myvize.com.tr\/polonya\/wp-content\/uploads\/2021\/10\/38.jpg","width":800,"height":500,"caption":"Polonya Trabzon Fahri Konsoloslu\u011fu"},{"@type":"BreadcrumbList","@id":"https:\/\/www.myvize.com.tr\/polonya\/konsolosluklar\/trabzon-fahri-konsoloslugu\/#breadcrumb","itemListElement":[{"@type":"ListItem","position":1,"name":"Anasayfa","item":"https:\/\/www.myvize.com.tr\/polonya\/"},{"@type":"ListItem","position":2,"name":"KONSOLOSLUKLAR","item":"https:\/\/www.myvize.com.tr\/polonya\/konsolosluklar\/"},{"@type":"ListItem","position":3,"name":"Polonya Trabzon Fahri Konsoloslu\u011fu"}]},{"@type":"WebSite","@id":"https:\/\/www.myvize.com.tr\/polonya\/#website","url":"https:\/\/www.myvize.com.tr\/polonya\/","name":"Polonya Vizesi &amp; Polonya Vize \u0130\u015flemleri","description":"","potentialAction":[{"@type":"SearchAction","target":{"@type":"EntryPoint","urlTemplate":"https:\/\/www.myvize.com.tr\/polonya\/?s={search_term_string}"},"query-input":{"@type":"PropertyValueSpecification","valueRequired":true,"valueName":"search_term_string"}}],"inLanguage":"tr"}]}},"_links":{"self":[{"href":"https:\/\/www.myvize.com.tr\/polonya\/wp-json\/wp\/v2\/pages\/84","targetHints":{"allow":["GET"]}}],"collection":[{"href":"https:\/\/www.myvize.com.tr\/polonya\/wp-json\/wp\/v2\/pages"}],"about":[{"href":"https:\/\/www.myvize.com.tr\/polonya\/wp-json\/wp\/v2\/types\/page"}],"author":[{"embeddable":true,"href":"https:\/\/www.myvize.com.tr\/polonya\/wp-json\/wp\/v2\/users\/1"}],"replies":[{"embeddable":true,"href":"https:\/\/www.myvize.com.tr\/polonya\/wp-json\/wp\/v2\/comments?post=84"}],"version-history":[{"count":6,"href":"https:\/\/www.myvize.com.tr\/polonya\/wp-json\/wp\/v2\/pages\/84\/revisions"}],"predecessor-version":[{"id":1018,"href":"https:\/\/www.myvize.com.tr\/polonya\/wp-json\/wp\/v2\/pages\/84\/revisions\/1018"}],"up":[{"embeddable":true,"href":"https:\/\/www.myvize.com.tr\/polonya\/wp-json\/wp\/v2\/pages\/69"}],"wp:attachment":[{"href":"https:\/\/www.myvize.com.tr\/polonya\/wp-json\/wp\/v2\/media?parent=84"}],"curies":[{"name":"wp","href":"https:\/\/api.w.org\/{rel}","templated":true}]}}