{"id":178,"date":"2020-12-28T18:43:57","date_gmt":"2020-12-28T15:43:57","guid":{"rendered":"https:\/\/www.myvize.com.tr\/portekiz\/?page_id=178"},"modified":"2022-04-27T16:20:03","modified_gmt":"2022-04-27T13:20:03","slug":"vize-basvurusu","status":"publish","type":"page","link":"https:\/\/www.myvize.com.tr\/portekiz\/vize-basvurusu\/","title":{"rendered":"V\u0130ZE BA\u015eVURUSU"},"content":{"rendered":"<p><span style=\"font-family: Roboto; font-size: 14px;\">Avrupa\u2019n\u0131n g\u00fcneybat\u0131s\u0131nda yer alan <strong>Portekiz \u0130ber Yar\u0131madas\u0131<\/strong> \u00fclkelerin aras\u0131nda yer al\u0131yor. <strong>Avrupa K\u0131tas\u0131<\/strong> \u00fczerinde ki en bat\u0131da yer alan bu \u00fclkeye seyahat edebilmek i\u00e7in vize alman\u0131z gerekiyor. Bu \u00fclkeye al\u0131nan vizeler \u00e7al\u0131\u015fan, \u00f6\u011frenci, emekli ve \u015firket sahipleri i\u00e7in ayr\u0131 ayr\u0131 d\u00fczenlenmektedir.\u00a0<span style=\"color: #2acec2;\"><a style=\"color: #2acec2;\" href=\"https:\/\/www.myvize.com.tr\/portekiz\/vize-islemleri\/portekiz-vizesi\/\" target=\"_blank\" rel=\"noopener\"><strong>Portekiz vizesi<\/strong><\/a>\u00a0<\/span>i\u015flemlerine ba\u015fvuracak olan ki\u015filerin mutlaka evraklar\u0131nda gerekli t\u00fcm detaylar\u0131n olmas\u0131na dikkat edilmesi gerekiyor. \u00d6ncelikle pasaportlar\u0131n\u0131z\u0131n 10 y\u0131ldan daha da eski olmamas\u0131na dikkat etmeniz gerekiyor. Bu pasaportlar\u0131n i\u00e7erisinde bo\u015f iki yaprak olmas\u0131 ve okunabilir vaziyette olmas\u0131na dikkat edilmesi gerekmektedir.<strong> Portekiz vizesi<\/strong> alacak olan ki\u015filer \u00f6ncelikle \u015fu belgeleri haz\u0131rlamak durumundad\u0131rlar:<\/span><\/p>\n<ul>\n<li><span style=\"font-family: Roboto; font-size: 14px;\">Pasaportun asl\u0131 ve fotokopileri varsa eski pasaportlar<\/span><\/li>\n<li><span style=\"font-family: Roboto; font-size: 14px;\"><a href=\"https:\/\/www.myvize.com.tr\/portekiz\/form-ve-dilekce\/portekiz-vize-basvuru-formu\/\" target=\"_blank\" rel=\"noopener\"><span style=\"color: #2acec2;\"><strong>Portekiz Vize ba\u015fvuru formu<\/strong><\/span><\/a> ve dilek\u00e7e<\/span><\/li>\n<li><span style=\"font-family: Roboto; font-size: 14px;\">N\u00fcfus c\u00fczdan fotokopisi<\/span><\/li>\n<li><span style=\"font-family: Roboto; font-size: 14px;\">2 tane vesikal\u0131k foto\u011fraf<\/span><\/li>\n<li><span style=\"font-family: Roboto; font-size: 14px;\">Gidi\u015f ve d\u00f6n\u00fc\u015f u\u00e7ak biletleriniz<\/span><\/li>\n<li><span style=\"font-family: Roboto; font-size: 14px;\">Otel rezervasyonlar\u0131n\u0131z<\/span><\/li>\n<li><span style=\"font-family: Roboto; font-size: 14px;\">Vukuatl\u0131 n\u00fcfus kay\u0131t \u00f6rne\u011fi<\/span><\/li>\n<li><span style=\"font-family: Roboto; font-size: 14px;\">Mesleki ve finansal bilgileri i\u00e7eren evraklar<\/span><\/li>\n<\/ul>\n<p><span style=\"font-family: Roboto; font-size: 14px;\"><strong>Portekiz vize ba\u015fvurusu<\/strong>\u00a0yapacaksan\u0131z mutlaka bu belgelerin do\u011fru ve tam olarak sunulmas\u0131na dikkat etmelisiniz. Bu evraklar\u0131 haz\u0131rlad\u0131ktan sonra vize \u00fccretlerini de yat\u0131rman\u0131z gerekiyor. \u00dccretler yat\u0131r\u0131ld\u0131\u011f\u0131nda vize evraklar\u0131n\u0131z\u0131 <strong>Portekiz Konsoloslu\u011fu<\/strong> vize birimine teslim etmelisiniz. <strong>Vize evraklar\u0131<\/strong> detayl\u0131 bir incelemeden sonra sizlere olumlu bir geri d\u00f6n\u00fc\u015f sa\u011flanarak vizeniz verilmektedir. Ancak bu s\u00fcre\u00e7te evraklar\u0131n yenilenmesi ya da eksik evrak tamamlanmas\u0131 gerekebilir. Vize i\u015flemleri s\u0131ras\u0131nda belgelerinizi mutlaka <a href=\"https:\/\/www.myvize.com.tr\/portekiz\/vize-islemleri\/portekiz-vize-randevusu\/\" target=\"_blank\" rel=\"noopener\"><span style=\"color: #2acec2;\"><strong>Portekiz vize randevusu<\/strong><\/span><\/a> tarihinde teslim etmeniz gereklidir.<strong> Vize randevusunu<\/strong> da evraklar\u0131n\u0131z\u0131 haz\u0131rlamaya ba\u015flamadan \u00f6nce alman\u0131z gerekiyor.<\/span><\/p>\n<h2><span style=\"font-family: Roboto; font-size: 27px;\"><strong>Portekiz Vize Ba\u015fvurusu<\/strong><\/span><\/h2>\n<p><span style=\"font-family: Roboto; font-size: 14px;\">Portekiz seyahati ger\u00e7ekle\u015ftirmek isteyen ki\u015filerin vize \u015fartlar\u0131n\u0131 yerine getirmesi gerekiyor.<strong> Vize i\u015flemleri<\/strong> konusunda birtak\u0131m muafiyetler oldu\u011fu i\u00e7in ki\u015filerin kendi pasaport durumlar\u0131na g\u00f6re bu i\u015flemleri yapt\u0131rmas\u0131 isteniyor. Bordo pasaportu olan herkes istisnas\u0131z olarak vize almak zorundad\u0131r. Bunun yan\u0131nda siyah, gri ve ye\u015fil pasaport sahiplerinin 90 g\u00fcn\u00fc a\u015fmayan seyahatleri i\u00e7in\u00a0<strong>Portekiz vizesi\u00a0<\/strong>alma zorunlulu\u011fu yoktur. Ancak bu tarihten daha fazla s\u00fcrede bu \u00fclkede kal\u0131nacak ise mutlaka vize al\u0131nmas\u0131 gerekiyor.<\/span><\/p>\n<p><span style=\"font-family: Roboto; font-size: 14px;\"><strong>Portekiz vize i\u015flemleri<\/strong> s\u0131ras\u0131nda sizlerden belli ba\u015fl\u0131 evraklar istenilmektedir. Ancak bu evraklar\u0131n ba\u015fvuru yapt\u0131\u011f\u0131n\u0131z vize t\u00fcr\u00fcne g\u00f6re haz\u0131rlanmas\u0131 son derece \u00f6nemli bir konudur. Vize evraklar\u0131n\u0131z i\u00e7erisinde yer alan belgelerin g\u00fcncel ve do\u011fru olmas\u0131na dikkat etmeniz gerekiyor. Her belgenin mutlaka eksiksiz olarak haz\u0131rlanarak tek bir dosya halinde\u00a0<strong>Portekiz konsoloslu\u011fu<\/strong>\u00a0vize merkezine teslim edilmesi gerekiyor.<\/span><\/p>\n<p><span style=\"font-family: Roboto; font-size: 14px;\"><strong>Portekiz vize ba\u015fvurusu<\/strong>\u00a0s\u0131ras\u0131nda ise ki\u015filerden birtak\u0131m belgeler istenilmektedir. Bu belgeler i\u00e7erisinde en \u00f6nemlisi pasaport ile ba\u015fvuru formudur. Ba\u015fvuru formunu doldururken sizi ki\u015fisel anlamda tan\u0131tacak t\u00fcm bilgilere detayl\u0131 olarak yer vermeniz gerekiyor. Bu s\u00fcre\u00e7te vize talep dilek\u00e7esinin de uygun ve resmi bir dille yaz\u0131lmas\u0131 vize s\u00fcrecinde \u00f6nemlidir.<\/span><\/p>\n<p><span style=\"font-family: Roboto; font-size: 14px;\">Seyahat sa\u011fl\u0131k sigortas\u0131, ikametg\u00e2h belgesi, kimlik belgesinin fotokopisi, tam vukuatl\u0131 n\u00fcfus kay\u0131t \u00f6rne\u011fi, biyometrik foto\u011fraf standart evraklar aras\u0131nda yer al\u0131yor. Ayn\u0131 zamanda sponsor belgeleri, i\u015f veren belgeleri, e\u011fitim ve finansal durumu g\u00f6steren belgeleri de haz\u0131rlaman\u0131z bu s\u00fcre\u00e7te \u00f6nemlidir.<\/span><\/p>\n","protected":false},"excerpt":{"rendered":"<p>Avrupa\u2019n\u0131n g\u00fcneybat\u0131s\u0131nda yer alan Portekiz \u0130ber Yar\u0131madas\u0131 \u00fclkelerin aras\u0131nda yer al\u0131yor. Avrupa K\u0131tas\u0131 \u00fczerinde ki en bat\u0131da yer alan bu \u00fclkeye seyahat edebilmek i\u00e7in vize alman\u0131z gerekiyor. Bu \u00fclkeye al\u0131nan vizeler \u00e7al\u0131\u015fan, \u00f6\u011frenci, emekli ve \u015firket sahipleri i\u00e7in ayr\u0131 ayr\u0131 d\u00fczenlenmektedir.\u00a0Portekiz vizesi\u00a0i\u015flemlerine ba\u015fvuracak olan ki\u015filerin mutlaka evraklar\u0131nda gerekli t\u00fcm detaylar\u0131n olmas\u0131na dikkat edilmesi gerekiyor. \u00d6ncelikle<\/p>\n","protected":false},"author":1,"featured_media":0,"parent":0,"menu_order":0,"comment_status":"open","ping_status":"closed","template":"","meta":{"footnotes":""},"class_list":["post-178","page","type-page","status-publish","hentry"],"yoast_head":"<!-- This site is optimized with the Yoast SEO plugin v24.0 - https:\/\/yoast.com\/wordpress\/plugins\/seo\/ -->\n<title>Portekiz Vize Ba\u015fvurusu - Portekiz Vize \u0130\u015flem - MyVize<\/title>\n<meta name=\"description\" content=\"Portekiz vize ba\u015fvurusu hakk\u0131nda g\u00fcncel bilgiler. Portekiz vize ba\u015fvurusunda gerekli \u015fartlar ve i\u015flem s\u00fcrecine dair her \u015fey.\" \/>\n<meta name=\"robots\" content=\"index, follow, max-snippet:-1, max-image-preview:large, max-video-preview:-1\" \/>\n<link rel=\"canonical\" href=\"https:\/\/www.myvize.com.tr\/portekiz\/vize-basvurusu\/\" \/>\n<meta property=\"og:locale\" content=\"tr_TR\" \/>\n<meta property=\"og:type\" content=\"article\" \/>\n<meta property=\"og:title\" content=\"Portekiz Vize Ba\u015fvurusu - Portekiz Vize \u0130\u015flem - MyVize\" \/>\n<meta property=\"og:description\" content=\"Portekiz vize ba\u015fvurusu hakk\u0131nda g\u00fcncel bilgiler. Portekiz vize ba\u015fvurusunda gerekli \u015fartlar ve i\u015flem s\u00fcrecine dair her \u015fey.\" \/>\n<meta property=\"og:url\" content=\"https:\/\/www.myvize.com.tr\/portekiz\/vize-basvurusu\/\" \/>\n<meta property=\"og:site_name\" content=\"Portekiz Vize \u0130\u015flemleri &amp; Portekiz Vize Ba\u015fvurusu\" \/>\n<meta property=\"article:modified_time\" content=\"2022-04-27T13:20:03+00:00\" \/>\n<meta name=\"twitter:card\" content=\"summary_large_image\" \/>\n<meta name=\"twitter:label1\" content=\"Tahmini okuma s\u00fcresi\" \/>\n\t<meta name=\"twitter:data1\" content=\"2 dakika\" \/>\n<script type=\"application\/ld+json\" class=\"yoast-schema-graph\">{\"@context\":\"https:\/\/schema.org\",\"@graph\":[{\"@type\":\"WebPage\",\"@id\":\"https:\/\/www.myvize.com.tr\/portekiz\/vize-basvurusu\/\",\"url\":\"https:\/\/www.myvize.com.tr\/portekiz\/vize-basvurusu\/\",\"name\":\"Portekiz Vize Ba\u015fvurusu - Portekiz Vize \u0130\u015flem - MyVize\",\"isPartOf\":{\"@id\":\"https:\/\/www.myvize.com.tr\/portekiz\/#website\"},\"datePublished\":\"2020-12-28T15:43:57+00:00\",\"dateModified\":\"2022-04-27T13:20:03+00:00\",\"description\":\"Portekiz vize ba\u015fvurusu hakk\u0131nda g\u00fcncel bilgiler. Portekiz vize ba\u015fvurusunda gerekli \u015fartlar ve i\u015flem s\u00fcrecine dair her \u015fey.\",\"breadcrumb\":{\"@id\":\"https:\/\/www.myvize.com.tr\/portekiz\/vize-basvurusu\/#breadcrumb\"},\"inLanguage\":\"tr\",\"potentialAction\":[{\"@type\":\"ReadAction\",\"target\":[\"https:\/\/www.myvize.com.tr\/portekiz\/vize-basvurusu\/\"]}]},{\"@type\":\"BreadcrumbList\",\"@id\":\"https:\/\/www.myvize.com.tr\/portekiz\/vize-basvurusu\/#breadcrumb\",\"itemListElement\":[{\"@type\":\"ListItem\",\"position\":1,\"name\":\"Anasayfa\",\"item\":\"https:\/\/www.myvize.com.tr\/portekiz\/\"},{\"@type\":\"ListItem\",\"position\":2,\"name\":\"V\u0130ZE BA\u015eVURUSU\"}]},{\"@type\":\"WebSite\",\"@id\":\"https:\/\/www.myvize.com.tr\/portekiz\/#website\",\"url\":\"https:\/\/www.myvize.com.tr\/portekiz\/\",\"name\":\"Portekiz Vize \u0130\u015flemleri &amp; Portekiz Vize Ba\u015fvurusu\",\"description\":\"\",\"potentialAction\":[{\"@type\":\"SearchAction\",\"target\":{\"@type\":\"EntryPoint\",\"urlTemplate\":\"https:\/\/www.myvize.com.tr\/portekiz\/?s={search_term_string}\"},\"query-input\":{\"@type\":\"PropertyValueSpecification\",\"valueRequired\":true,\"valueName\":\"search_term_string\"}}],\"inLanguage\":\"tr\"}]}<\/script>\n<!-- \/ Yoast SEO plugin. -->","yoast_head_json":{"title":"Portekiz Vize Ba\u015fvurusu - Portekiz Vize \u0130\u015flem - MyVize","description":"Portekiz vize ba\u015fvurusu hakk\u0131nda g\u00fcncel bilgiler. Portekiz vize ba\u015fvurusunda gerekli \u015fartlar ve i\u015flem s\u00fcrecine dair her \u015fey.","robots":{"index":"index","follow":"follow","max-snippet":"max-snippet:-1","max-image-preview":"max-image-preview:large","max-video-preview":"max-video-preview:-1"},"canonical":"https:\/\/www.myvize.com.tr\/portekiz\/vize-basvurusu\/","og_locale":"tr_TR","og_type":"article","og_title":"Portekiz Vize Ba\u015fvurusu - Portekiz Vize \u0130\u015flem - MyVize","og_description":"Portekiz vize ba\u015fvurusu hakk\u0131nda g\u00fcncel bilgiler. Portekiz vize ba\u015fvurusunda gerekli \u015fartlar ve i\u015flem s\u00fcrecine dair her \u015fey.","og_url":"https:\/\/www.myvize.com.tr\/portekiz\/vize-basvurusu\/","og_site_name":"Portekiz Vize \u0130\u015flemleri &amp; Portekiz Vize Ba\u015fvurusu","article_modified_time":"2022-04-27T13:20:03+00:00","twitter_card":"summary_large_image","twitter_misc":{"Tahmini okuma s\u00fcresi":"2 dakika"},"schema":{"@context":"https:\/\/schema.org","@graph":[{"@type":"WebPage","@id":"https:\/\/www.myvize.com.tr\/portekiz\/vize-basvurusu\/","url":"https:\/\/www.myvize.com.tr\/portekiz\/vize-basvurusu\/","name":"Portekiz Vize Ba\u015fvurusu - Portekiz Vize \u0130\u015flem - MyVize","isPartOf":{"@id":"https:\/\/www.myvize.com.tr\/portekiz\/#website"},"datePublished":"2020-12-28T15:43:57+00:00","dateModified":"2022-04-27T13:20:03+00:00","description":"Portekiz vize ba\u015fvurusu hakk\u0131nda g\u00fcncel bilgiler. Portekiz vize ba\u015fvurusunda gerekli \u015fartlar ve i\u015flem s\u00fcrecine dair her \u015fey.","breadcrumb":{"@id":"https:\/\/www.myvize.com.tr\/portekiz\/vize-basvurusu\/#breadcrumb"},"inLanguage":"tr","potentialAction":[{"@type":"ReadAction","target":["https:\/\/www.myvize.com.tr\/portekiz\/vize-basvurusu\/"]}]},{"@type":"BreadcrumbList","@id":"https:\/\/www.myvize.com.tr\/portekiz\/vize-basvurusu\/#breadcrumb","itemListElement":[{"@type":"ListItem","position":1,"name":"Anasayfa","item":"https:\/\/www.myvize.com.tr\/portekiz\/"},{"@type":"ListItem","position":2,"name":"V\u0130ZE BA\u015eVURUSU"}]},{"@type":"WebSite","@id":"https:\/\/www.myvize.com.tr\/portekiz\/#website","url":"https:\/\/www.myvize.com.tr\/portekiz\/","name":"Portekiz Vize \u0130\u015flemleri &amp; Portekiz Vize Ba\u015fvurusu","description":"","potentialAction":[{"@type":"SearchAction","target":{"@type":"EntryPoint","urlTemplate":"https:\/\/www.myvize.com.tr\/portekiz\/?s={search_term_string}"},"query-input":{"@type":"PropertyValueSpecification","valueRequired":true,"valueName":"search_term_string"}}],"inLanguage":"tr"}]}},"_links":{"self":[{"href":"https:\/\/www.myvize.com.tr\/portekiz\/wp-json\/wp\/v2\/pages\/178","targetHints":{"allow":["GET"]}}],"collection":[{"href":"https:\/\/www.myvize.com.tr\/portekiz\/wp-json\/wp\/v2\/pages"}],"about":[{"href":"https:\/\/www.myvize.com.tr\/portekiz\/wp-json\/wp\/v2\/types\/page"}],"author":[{"embeddable":true,"href":"https:\/\/www.myvize.com.tr\/portekiz\/wp-json\/wp\/v2\/users\/1"}],"replies":[{"embeddable":true,"href":"https:\/\/www.myvize.com.tr\/portekiz\/wp-json\/wp\/v2\/comments?post=178"}],"version-history":[{"count":5,"href":"https:\/\/www.myvize.com.tr\/portekiz\/wp-json\/wp\/v2\/pages\/178\/revisions"}],"predecessor-version":[{"id":738,"href":"https:\/\/www.myvize.com.tr\/portekiz\/wp-json\/wp\/v2\/pages\/178\/revisions\/738"}],"wp:attachment":[{"href":"https:\/\/www.myvize.com.tr\/portekiz\/wp-json\/wp\/v2\/media?parent=178"}],"curies":[{"name":"wp","href":"https:\/\/api.w.org\/{rel}","templated":true}]}}