{"id":183,"date":"2020-12-28T18:44:40","date_gmt":"2020-12-28T15:44:40","guid":{"rendered":"https:\/\/www.myvize.com.tr\/portekiz\/?page_id=183"},"modified":"2022-08-25T13:30:23","modified_gmt":"2022-08-25T10:30:23","slug":"calisma-vizesi","status":"publish","type":"page","link":"https:\/\/www.myvize.com.tr\/portekiz\/oturum-2\/calisma-vizesi\/","title":{"rendered":"Portekiz \u00c7al\u0131\u015fma Vizesi"},"content":{"rendered":"<h2><strong><span style=\"font-size: 27px; font-family: Roboto;\">Portekiz \u00c7al\u0131\u015fma Vizesi Hakk\u0131nda<\/span><\/strong><\/h2>\n","protected":false},"excerpt":{"rendered":"<p>Portekiz \u00c7al\u0131\u015fma Vizesi Hakk\u0131nda<\/p>\n","protected":false},"author":1,"featured_media":0,"parent":163,"menu_order":0,"comment_status":"open","ping_status":"closed","template":"","meta":{"footnotes":""},"class_list":["post-183","page","type-page","status-publish","hentry"],"yoast_head":"<!-- This site is optimized with the Yoast SEO plugin v24.0 - https:\/\/yoast.com\/wordpress\/plugins\/seo\/ -->\n<title>Portekiz \u00c7al\u0131\u015fma Vizesi - Portekiz Vize \u0130\u015flemi - MyVize<\/title>\n<meta name=\"description\" content=\"Portekiz \u00e7al\u0131\u015fma vizesi evraklar\u0131nda olmas\u0131 gereken belgeler. Portekiz \u00e7al\u0131\u015fma vizesi gerekli \u015fartlar nelerdir?\" \/>\n<meta name=\"robots\" content=\"index, follow, max-snippet:-1, max-image-preview:large, max-video-preview:-1\" \/>\n<link rel=\"canonical\" href=\"https:\/\/www.myvize.com.tr\/portekiz\/oturum-2\/calisma-vizesi\/\" \/>\n<meta property=\"og:locale\" content=\"tr_TR\" \/>\n<meta property=\"og:type\" content=\"article\" \/>\n<meta property=\"og:title\" content=\"Portekiz \u00c7al\u0131\u015fma Vizesi - Portekiz Vize \u0130\u015flemi - MyVize\" \/>\n<meta property=\"og:description\" content=\"Portekiz \u00e7al\u0131\u015fma vizesi evraklar\u0131nda olmas\u0131 gereken belgeler. Portekiz \u00e7al\u0131\u015fma vizesi gerekli \u015fartlar nelerdir?\" \/>\n<meta property=\"og:url\" content=\"https:\/\/www.myvize.com.tr\/portekiz\/oturum-2\/calisma-vizesi\/\" \/>\n<meta property=\"og:site_name\" content=\"Portekiz Vize \u0130\u015flemleri &amp; Portekiz Vize Ba\u015fvurusu\" \/>\n<meta property=\"article:modified_time\" content=\"2022-08-25T10:30:23+00:00\" \/>\n<meta name=\"twitter:card\" content=\"summary_large_image\" \/>\n<meta name=\"twitter:label1\" content=\"Tahmini okuma s\u00fcresi\" \/>\n\t<meta name=\"twitter:data1\" content=\"1 dakika\" \/>\n<script type=\"application\/ld+json\" class=\"yoast-schema-graph\">{\"@context\":\"https:\/\/schema.org\",\"@graph\":[{\"@type\":\"WebPage\",\"@id\":\"https:\/\/www.myvize.com.tr\/portekiz\/oturum-2\/calisma-vizesi\/\",\"url\":\"https:\/\/www.myvize.com.tr\/portekiz\/oturum-2\/calisma-vizesi\/\",\"name\":\"Portekiz \u00c7al\u0131\u015fma Vizesi - Portekiz Vize \u0130\u015flemi - MyVize\",\"isPartOf\":{\"@id\":\"https:\/\/www.myvize.com.tr\/portekiz\/#website\"},\"datePublished\":\"2020-12-28T15:44:40+00:00\",\"dateModified\":\"2022-08-25T10:30:23+00:00\",\"description\":\"Portekiz \u00e7al\u0131\u015fma vizesi evraklar\u0131nda olmas\u0131 gereken belgeler. Portekiz \u00e7al\u0131\u015fma vizesi gerekli \u015fartlar nelerdir?\",\"breadcrumb\":{\"@id\":\"https:\/\/www.myvize.com.tr\/portekiz\/oturum-2\/calisma-vizesi\/#breadcrumb\"},\"inLanguage\":\"tr\",\"potentialAction\":[{\"@type\":\"ReadAction\",\"target\":[\"https:\/\/www.myvize.com.tr\/portekiz\/oturum-2\/calisma-vizesi\/\"]}]},{\"@type\":\"BreadcrumbList\",\"@id\":\"https:\/\/www.myvize.com.tr\/portekiz\/oturum-2\/calisma-vizesi\/#breadcrumb\",\"itemListElement\":[{\"@type\":\"ListItem\",\"position\":1,\"name\":\"Anasayfa\",\"item\":\"https:\/\/www.myvize.com.tr\/portekiz\/\"},{\"@type\":\"ListItem\",\"position\":2,\"name\":\"OTURUM\",\"item\":\"https:\/\/www.myvize.com.tr\/portekiz\/oturum-2\/\"},{\"@type\":\"ListItem\",\"position\":3,\"name\":\"Portekiz \u00c7al\u0131\u015fma Vizesi\"}]},{\"@type\":\"WebSite\",\"@id\":\"https:\/\/www.myvize.com.tr\/portekiz\/#website\",\"url\":\"https:\/\/www.myvize.com.tr\/portekiz\/\",\"name\":\"Portekiz Vize \u0130\u015flemleri &amp; Portekiz Vize Ba\u015fvurusu\",\"description\":\"\",\"potentialAction\":[{\"@type\":\"SearchAction\",\"target\":{\"@type\":\"EntryPoint\",\"urlTemplate\":\"https:\/\/www.myvize.com.tr\/portekiz\/?s={search_term_string}\"},\"query-input\":{\"@type\":\"PropertyValueSpecification\",\"valueRequired\":true,\"valueName\":\"search_term_string\"}}],\"inLanguage\":\"tr\"}]}<\/script>\n<!-- \/ Yoast SEO plugin. -->","yoast_head_json":{"title":"Portekiz \u00c7al\u0131\u015fma Vizesi - Portekiz Vize \u0130\u015flemi - MyVize","description":"Portekiz \u00e7al\u0131\u015fma vizesi evraklar\u0131nda olmas\u0131 gereken belgeler. Portekiz \u00e7al\u0131\u015fma vizesi gerekli \u015fartlar nelerdir?","robots":{"index":"index","follow":"follow","max-snippet":"max-snippet:-1","max-image-preview":"max-image-preview:large","max-video-preview":"max-video-preview:-1"},"canonical":"https:\/\/www.myvize.com.tr\/portekiz\/oturum-2\/calisma-vizesi\/","og_locale":"tr_TR","og_type":"article","og_title":"Portekiz \u00c7al\u0131\u015fma Vizesi - Portekiz Vize \u0130\u015flemi - MyVize","og_description":"Portekiz \u00e7al\u0131\u015fma vizesi evraklar\u0131nda olmas\u0131 gereken belgeler. Portekiz \u00e7al\u0131\u015fma vizesi gerekli \u015fartlar nelerdir?","og_url":"https:\/\/www.myvize.com.tr\/portekiz\/oturum-2\/calisma-vizesi\/","og_site_name":"Portekiz Vize \u0130\u015flemleri &amp; Portekiz Vize Ba\u015fvurusu","article_modified_time":"2022-08-25T10:30:23+00:00","twitter_card":"summary_large_image","twitter_misc":{"Tahmini okuma s\u00fcresi":"1 dakika"},"schema":{"@context":"https:\/\/schema.org","@graph":[{"@type":"WebPage","@id":"https:\/\/www.myvize.com.tr\/portekiz\/oturum-2\/calisma-vizesi\/","url":"https:\/\/www.myvize.com.tr\/portekiz\/oturum-2\/calisma-vizesi\/","name":"Portekiz \u00c7al\u0131\u015fma Vizesi - Portekiz Vize \u0130\u015flemi - MyVize","isPartOf":{"@id":"https:\/\/www.myvize.com.tr\/portekiz\/#website"},"datePublished":"2020-12-28T15:44:40+00:00","dateModified":"2022-08-25T10:30:23+00:00","description":"Portekiz \u00e7al\u0131\u015fma vizesi evraklar\u0131nda olmas\u0131 gereken belgeler. Portekiz \u00e7al\u0131\u015fma vizesi gerekli \u015fartlar nelerdir?","breadcrumb":{"@id":"https:\/\/www.myvize.com.tr\/portekiz\/oturum-2\/calisma-vizesi\/#breadcrumb"},"inLanguage":"tr","potentialAction":[{"@type":"ReadAction","target":["https:\/\/www.myvize.com.tr\/portekiz\/oturum-2\/calisma-vizesi\/"]}]},{"@type":"BreadcrumbList","@id":"https:\/\/www.myvize.com.tr\/portekiz\/oturum-2\/calisma-vizesi\/#breadcrumb","itemListElement":[{"@type":"ListItem","position":1,"name":"Anasayfa","item":"https:\/\/www.myvize.com.tr\/portekiz\/"},{"@type":"ListItem","position":2,"name":"OTURUM","item":"https:\/\/www.myvize.com.tr\/portekiz\/oturum-2\/"},{"@type":"ListItem","position":3,"name":"Portekiz \u00c7al\u0131\u015fma Vizesi"}]},{"@type":"WebSite","@id":"https:\/\/www.myvize.com.tr\/portekiz\/#website","url":"https:\/\/www.myvize.com.tr\/portekiz\/","name":"Portekiz Vize \u0130\u015flemleri &amp; Portekiz Vize Ba\u015fvurusu","description":"","potentialAction":[{"@type":"SearchAction","target":{"@type":"EntryPoint","urlTemplate":"https:\/\/www.myvize.com.tr\/portekiz\/?s={search_term_string}"},"query-input":{"@type":"PropertyValueSpecification","valueRequired":true,"valueName":"search_term_string"}}],"inLanguage":"tr"}]}},"_links":{"self":[{"href":"https:\/\/www.myvize.com.tr\/portekiz\/wp-json\/wp\/v2\/pages\/183","targetHints":{"allow":["GET"]}}],"collection":[{"href":"https:\/\/www.myvize.com.tr\/portekiz\/wp-json\/wp\/v2\/pages"}],"about":[{"href":"https:\/\/www.myvize.com.tr\/portekiz\/wp-json\/wp\/v2\/types\/page"}],"author":[{"embeddable":true,"href":"https:\/\/www.myvize.com.tr\/portekiz\/wp-json\/wp\/v2\/users\/1"}],"replies":[{"embeddable":true,"href":"https:\/\/www.myvize.com.tr\/portekiz\/wp-json\/wp\/v2\/comments?post=183"}],"version-history":[{"count":4,"href":"https:\/\/www.myvize.com.tr\/portekiz\/wp-json\/wp\/v2\/pages\/183\/revisions"}],"predecessor-version":[{"id":821,"href":"https:\/\/www.myvize.com.tr\/portekiz\/wp-json\/wp\/v2\/pages\/183\/revisions\/821"}],"up":[{"embeddable":true,"href":"https:\/\/www.myvize.com.tr\/portekiz\/wp-json\/wp\/v2\/pages\/163"}],"wp:attachment":[{"href":"https:\/\/www.myvize.com.tr\/portekiz\/wp-json\/wp\/v2\/media?parent=183"}],"curies":[{"name":"wp","href":"https:\/\/api.w.org\/{rel}","templated":true}]}}