{"id":185,"date":"2020-12-28T18:44:57","date_gmt":"2020-12-28T15:44:57","guid":{"rendered":"https:\/\/www.myvize.com.tr\/portekiz\/?page_id=185"},"modified":"2022-08-16T12:21:25","modified_gmt":"2022-08-16T09:21:25","slug":"aile-birlesimi","status":"publish","type":"page","link":"https:\/\/www.myvize.com.tr\/portekiz\/oturum-2\/aile-birlesimi\/","title":{"rendered":"Portekiz Aile Birle\u015fimi"},"content":{"rendered":"<h2><span style=\"font-family: Roboto; font-size: 27px;\"><strong>Portekiz Aile Birle\u015fimi Vizesi<\/strong><\/span><\/h2>\n<p><span style=\"font-family: Roboto; font-size: 14px;\">Portekiz\u2019de ya\u015fayan ki\u015filer kendi aile \u00fcyelerini yanlar\u0131na ald\u0131rabilmek i\u00e7in aile birle\u015fim vizesine ba\u015fvurmak durumundad\u0131r.\u00a0<span style=\"color: #2acec2;\"><strong><a style=\"color: #2acec2;\" href=\"https:\/\/www.myvize.com.tr\/portekiz\/vize-islemleri\/portekiz-vizesi\/\" target=\"_blank\" rel=\"noopener\">Portekiz vizesi<\/a><\/strong><\/span>\u00a0i\u015flemleri i\u00e7in ba\u015fvurular\u0131n\u0131z\u0131 seyahat tarihlerinden bir ay \u00f6ncesinden ba\u015flatman\u0131z gerekmektedir. Ba\u015fvuru i\u015flemleri i\u00e7in ki\u015filerin birtak\u0131m vize prosed\u00fcrlerine uymas\u0131 gerekiyor. Vize i\u015flemleri s\u0131ras\u0131nda pasaportun g\u00fcncel olmas\u0131 en \u00e7ok dikkat etmeniz gereken konulardand\u0131r. Bu \u00fclkede ya\u015fayan e\u015finiz ya da \u00e7ocu\u011funuz varsa <strong>aile birle\u015fimi vizesi<\/strong> alabilirsiniz. Ayn\u0131 zamanda <strong>Portekiz vatanda\u015f\u0131<\/strong> olan biriyle evliyseniz de yine aile birle\u015fim vizesi alabilme \u015fans\u0131n\u0131z bulunmaktad\u0131r.<span style=\"color: #2acec2;\"><strong><a style=\"color: #2acec2;\" href=\"https:\/\/www.myvize.com.tr\/portekiz\/vize-basvurusu\/\" target=\"_blank\" rel=\"noopener\"> Portekiz vize ba\u015fvurusu<\/a><\/strong><\/span> s\u0131ras\u0131nda aile birle\u015fimi i\u00e7in haz\u0131rlanmas\u0131 gereken belgeler aras\u0131nda \u015funlar bulunuyor:<\/span><\/p>\n<ul>\n<li><span style=\"font-family: Roboto; font-size: 14px;\">Vize talep dilek\u00e7esi<\/span><\/li>\n<li><span style=\"font-family: Roboto; font-size: 14px;\">Pasaport<\/span><\/li>\n<li><span style=\"font-family: Roboto; font-size: 14px;\">Hem sizin hem de e\u015finizin uluslararas\u0131 do\u011fum kay\u0131t \u00f6rne\u011fi<\/span><\/li>\n<li><span style=\"font-family: Roboto; font-size: 14px;\">Sab\u0131ka kayd\u0131<\/span><\/li>\n<li><span style=\"font-family: Roboto; font-size: 14px;\">\u0130ki tane biyometrik foto\u011fraf<\/span><\/li>\n<li><span style=\"font-family: Roboto; font-size: 14px;\">Uluslararas\u0131 alanda ge\u00e7erli evlenme belgesi<\/span><\/li>\n<li><span style=\"font-family: Roboto; font-size: 14px;\">Tam vukuatl\u0131 n\u00fcfus kay\u0131t \u00f6rne\u011fi<\/span><\/li>\n<li><span style=\"font-family: Roboto; font-size: 14px;\">Evlenme c\u00fczdan\u0131n\u0131n hem asl\u0131 hem de fotokopisi<\/span><\/li>\n<li><span style=\"font-family: Roboto; font-size: 14px;\">Seyahat sa\u011fl\u0131k sigortas\u0131<\/span><\/li>\n<li><span style=\"font-family: Roboto; font-size: 14px;\">Finansal durumu g\u00f6steren belgeler<\/span><\/li>\n<li><span style=\"font-family: Roboto; font-size: 14px;\">Portekiz dilini bildi\u011finizi g\u00f6steren s\u0131nav belgeleri<\/span><\/li>\n<\/ul>\n<p><span style=\"font-family: Roboto; font-size: 14px;\">Bunlar\u0131n yan\u0131nda Portekiz vatanda\u015f\u0131 e\u015finizin maa\u015f bordrosu da istenilen evraklar aras\u0131nda yer almaktad\u0131r. T\u00fcm evraklar tamamland\u0131ktan sonra\u00a0<strong>Portekiz Konsoloslu\u011fu<\/strong> vize birimlerine teslim edebilirsiniz. Vizenizi alman\u0131z 15 i\u015f g\u00fcn\u00fc s\u00fcrmektedir. Duruma g\u00f6re sizlerden ek evrak talebinde bulunduklar\u0131nda yine bu s\u00fcre\u00e7te biraz uzama olabiliyor. Vize evraklar\u0131n\u0131z\u0131n eksiksiz olarak tamamlanmas\u0131 i\u00e7in gereken durumlarda vize dan\u0131\u015fmanl\u0131k hizmeti alabilirsiniz. \u00c7\u00fcnk\u00fc <span style=\"color: #2acec2;\"><strong><a style=\"color: #2acec2;\" href=\"https:\/\/www.myvize.com.tr\/portekiz\/vize-islemleri\/portekiz-vize-reddi\/\" target=\"_blank\" rel=\"noopener\">Portekiz vize reddi<\/a><\/strong><\/span> kar\u015f\u0131s\u0131nda ki\u015filere <strong>vize \u00fccretleri<\/strong> iade edilmemektedir. <strong>Aile birle\u015fim vizesi<\/strong> s\u0131ras\u0131nda mutlaka \u015fahsen ba\u015fvuru yap\u0131lmal\u0131d\u0131r.<\/span><\/p>\n","protected":false},"excerpt":{"rendered":"<p>Portekiz Aile Birle\u015fimi Vizesi Portekiz\u2019de ya\u015fayan ki\u015filer kendi aile \u00fcyelerini yanlar\u0131na ald\u0131rabilmek i\u00e7in aile birle\u015fim vizesine ba\u015fvurmak durumundad\u0131r.\u00a0Portekiz vizesi\u00a0i\u015flemleri i\u00e7in ba\u015fvurular\u0131n\u0131z\u0131 seyahat tarihlerinden bir ay \u00f6ncesinden ba\u015flatman\u0131z gerekmektedir. Ba\u015fvuru i\u015flemleri i\u00e7in ki\u015filerin birtak\u0131m vize prosed\u00fcrlerine uymas\u0131 gerekiyor. Vize i\u015flemleri s\u0131ras\u0131nda pasaportun g\u00fcncel olmas\u0131 en \u00e7ok dikkat etmeniz gereken konulardand\u0131r. Bu \u00fclkede ya\u015fayan e\u015finiz ya da<\/p>\n","protected":false},"author":1,"featured_media":0,"parent":163,"menu_order":0,"comment_status":"open","ping_status":"closed","template":"","meta":{"footnotes":""},"class_list":["post-185","page","type-page","status-publish","hentry"],"yoast_head":"<!-- This site is optimized with the Yoast SEO plugin v24.0 - https:\/\/yoast.com\/wordpress\/plugins\/seo\/ -->\n<title>Portekiz Aile Birle\u015fimi Vize \u0130\u015flemi - Portekiz Vize - MyVize<\/title>\n<meta name=\"description\" content=\"Portekiz aile birle\u015fimi gerekli evrak listesi. Portekiz aile birle\u015fimi gerekli \u015fartlar 2022. Portekiz aile birle\u015fimi i\u00e7in g\u00f6rsel anlat\u0131m.\" \/>\n<meta name=\"robots\" content=\"index, follow, max-snippet:-1, max-image-preview:large, max-video-preview:-1\" \/>\n<link rel=\"canonical\" href=\"https:\/\/www.myvize.com.tr\/portekiz\/oturum-2\/aile-birlesimi\/\" \/>\n<meta property=\"og:locale\" content=\"tr_TR\" \/>\n<meta property=\"og:type\" content=\"article\" \/>\n<meta property=\"og:title\" content=\"Portekiz Aile Birle\u015fimi Vize \u0130\u015flemi - Portekiz Vize - MyVize\" \/>\n<meta property=\"og:description\" content=\"Portekiz aile birle\u015fimi gerekli evrak listesi. Portekiz aile birle\u015fimi gerekli \u015fartlar 2022. Portekiz aile birle\u015fimi i\u00e7in g\u00f6rsel anlat\u0131m.\" \/>\n<meta property=\"og:url\" content=\"https:\/\/www.myvize.com.tr\/portekiz\/oturum-2\/aile-birlesimi\/\" \/>\n<meta property=\"og:site_name\" content=\"Portekiz Vize \u0130\u015flemleri &amp; Portekiz Vize Ba\u015fvurusu\" \/>\n<meta property=\"article:modified_time\" content=\"2022-08-16T09:21:25+00:00\" \/>\n<meta name=\"twitter:card\" content=\"summary_large_image\" \/>\n<meta name=\"twitter:label1\" content=\"Tahmini okuma s\u00fcresi\" \/>\n\t<meta name=\"twitter:data1\" content=\"1 dakika\" \/>\n<script type=\"application\/ld+json\" class=\"yoast-schema-graph\">{\"@context\":\"https:\/\/schema.org\",\"@graph\":[{\"@type\":\"WebPage\",\"@id\":\"https:\/\/www.myvize.com.tr\/portekiz\/oturum-2\/aile-birlesimi\/\",\"url\":\"https:\/\/www.myvize.com.tr\/portekiz\/oturum-2\/aile-birlesimi\/\",\"name\":\"Portekiz Aile Birle\u015fimi Vize \u0130\u015flemi - Portekiz Vize - MyVize\",\"isPartOf\":{\"@id\":\"https:\/\/www.myvize.com.tr\/portekiz\/#website\"},\"datePublished\":\"2020-12-28T15:44:57+00:00\",\"dateModified\":\"2022-08-16T09:21:25+00:00\",\"description\":\"Portekiz aile birle\u015fimi gerekli evrak listesi. Portekiz aile birle\u015fimi gerekli \u015fartlar 2022. Portekiz aile birle\u015fimi i\u00e7in g\u00f6rsel anlat\u0131m.\",\"breadcrumb\":{\"@id\":\"https:\/\/www.myvize.com.tr\/portekiz\/oturum-2\/aile-birlesimi\/#breadcrumb\"},\"inLanguage\":\"tr\",\"potentialAction\":[{\"@type\":\"ReadAction\",\"target\":[\"https:\/\/www.myvize.com.tr\/portekiz\/oturum-2\/aile-birlesimi\/\"]}]},{\"@type\":\"BreadcrumbList\",\"@id\":\"https:\/\/www.myvize.com.tr\/portekiz\/oturum-2\/aile-birlesimi\/#breadcrumb\",\"itemListElement\":[{\"@type\":\"ListItem\",\"position\":1,\"name\":\"Anasayfa\",\"item\":\"https:\/\/www.myvize.com.tr\/portekiz\/\"},{\"@type\":\"ListItem\",\"position\":2,\"name\":\"OTURUM\",\"item\":\"https:\/\/www.myvize.com.tr\/portekiz\/oturum-2\/\"},{\"@type\":\"ListItem\",\"position\":3,\"name\":\"Portekiz Aile Birle\u015fimi\"}]},{\"@type\":\"WebSite\",\"@id\":\"https:\/\/www.myvize.com.tr\/portekiz\/#website\",\"url\":\"https:\/\/www.myvize.com.tr\/portekiz\/\",\"name\":\"Portekiz Vize \u0130\u015flemleri &amp; Portekiz Vize Ba\u015fvurusu\",\"description\":\"\",\"potentialAction\":[{\"@type\":\"SearchAction\",\"target\":{\"@type\":\"EntryPoint\",\"urlTemplate\":\"https:\/\/www.myvize.com.tr\/portekiz\/?s={search_term_string}\"},\"query-input\":{\"@type\":\"PropertyValueSpecification\",\"valueRequired\":true,\"valueName\":\"search_term_string\"}}],\"inLanguage\":\"tr\"}]}<\/script>\n<!-- \/ Yoast SEO plugin. -->","yoast_head_json":{"title":"Portekiz Aile Birle\u015fimi Vize \u0130\u015flemi - Portekiz Vize - MyVize","description":"Portekiz aile birle\u015fimi gerekli evrak listesi. Portekiz aile birle\u015fimi gerekli \u015fartlar 2022. Portekiz aile birle\u015fimi i\u00e7in g\u00f6rsel anlat\u0131m.","robots":{"index":"index","follow":"follow","max-snippet":"max-snippet:-1","max-image-preview":"max-image-preview:large","max-video-preview":"max-video-preview:-1"},"canonical":"https:\/\/www.myvize.com.tr\/portekiz\/oturum-2\/aile-birlesimi\/","og_locale":"tr_TR","og_type":"article","og_title":"Portekiz Aile Birle\u015fimi Vize \u0130\u015flemi - Portekiz Vize - MyVize","og_description":"Portekiz aile birle\u015fimi gerekli evrak listesi. Portekiz aile birle\u015fimi gerekli \u015fartlar 2022. Portekiz aile birle\u015fimi i\u00e7in g\u00f6rsel anlat\u0131m.","og_url":"https:\/\/www.myvize.com.tr\/portekiz\/oturum-2\/aile-birlesimi\/","og_site_name":"Portekiz Vize \u0130\u015flemleri &amp; Portekiz Vize Ba\u015fvurusu","article_modified_time":"2022-08-16T09:21:25+00:00","twitter_card":"summary_large_image","twitter_misc":{"Tahmini okuma s\u00fcresi":"1 dakika"},"schema":{"@context":"https:\/\/schema.org","@graph":[{"@type":"WebPage","@id":"https:\/\/www.myvize.com.tr\/portekiz\/oturum-2\/aile-birlesimi\/","url":"https:\/\/www.myvize.com.tr\/portekiz\/oturum-2\/aile-birlesimi\/","name":"Portekiz Aile Birle\u015fimi Vize \u0130\u015flemi - Portekiz Vize - MyVize","isPartOf":{"@id":"https:\/\/www.myvize.com.tr\/portekiz\/#website"},"datePublished":"2020-12-28T15:44:57+00:00","dateModified":"2022-08-16T09:21:25+00:00","description":"Portekiz aile birle\u015fimi gerekli evrak listesi. Portekiz aile birle\u015fimi gerekli \u015fartlar 2022. Portekiz aile birle\u015fimi i\u00e7in g\u00f6rsel anlat\u0131m.","breadcrumb":{"@id":"https:\/\/www.myvize.com.tr\/portekiz\/oturum-2\/aile-birlesimi\/#breadcrumb"},"inLanguage":"tr","potentialAction":[{"@type":"ReadAction","target":["https:\/\/www.myvize.com.tr\/portekiz\/oturum-2\/aile-birlesimi\/"]}]},{"@type":"BreadcrumbList","@id":"https:\/\/www.myvize.com.tr\/portekiz\/oturum-2\/aile-birlesimi\/#breadcrumb","itemListElement":[{"@type":"ListItem","position":1,"name":"Anasayfa","item":"https:\/\/www.myvize.com.tr\/portekiz\/"},{"@type":"ListItem","position":2,"name":"OTURUM","item":"https:\/\/www.myvize.com.tr\/portekiz\/oturum-2\/"},{"@type":"ListItem","position":3,"name":"Portekiz Aile Birle\u015fimi"}]},{"@type":"WebSite","@id":"https:\/\/www.myvize.com.tr\/portekiz\/#website","url":"https:\/\/www.myvize.com.tr\/portekiz\/","name":"Portekiz Vize \u0130\u015flemleri &amp; Portekiz Vize Ba\u015fvurusu","description":"","potentialAction":[{"@type":"SearchAction","target":{"@type":"EntryPoint","urlTemplate":"https:\/\/www.myvize.com.tr\/portekiz\/?s={search_term_string}"},"query-input":{"@type":"PropertyValueSpecification","valueRequired":true,"valueName":"search_term_string"}}],"inLanguage":"tr"}]}},"_links":{"self":[{"href":"https:\/\/www.myvize.com.tr\/portekiz\/wp-json\/wp\/v2\/pages\/185","targetHints":{"allow":["GET"]}}],"collection":[{"href":"https:\/\/www.myvize.com.tr\/portekiz\/wp-json\/wp\/v2\/pages"}],"about":[{"href":"https:\/\/www.myvize.com.tr\/portekiz\/wp-json\/wp\/v2\/types\/page"}],"author":[{"embeddable":true,"href":"https:\/\/www.myvize.com.tr\/portekiz\/wp-json\/wp\/v2\/users\/1"}],"replies":[{"embeddable":true,"href":"https:\/\/www.myvize.com.tr\/portekiz\/wp-json\/wp\/v2\/comments?post=185"}],"version-history":[{"count":5,"href":"https:\/\/www.myvize.com.tr\/portekiz\/wp-json\/wp\/v2\/pages\/185\/revisions"}],"predecessor-version":[{"id":817,"href":"https:\/\/www.myvize.com.tr\/portekiz\/wp-json\/wp\/v2\/pages\/185\/revisions\/817"}],"up":[{"embeddable":true,"href":"https:\/\/www.myvize.com.tr\/portekiz\/wp-json\/wp\/v2\/pages\/163"}],"wp:attachment":[{"href":"https:\/\/www.myvize.com.tr\/portekiz\/wp-json\/wp\/v2\/media?parent=185"}],"curies":[{"name":"wp","href":"https:\/\/api.w.org\/{rel}","templated":true}]}}