{"id":205,"date":"2020-12-28T18:48:56","date_gmt":"2020-12-28T15:48:56","guid":{"rendered":"https:\/\/www.myvize.com.tr\/portekiz\/?page_id=205"},"modified":"2022-04-27T16:41:04","modified_gmt":"2022-04-27T13:41:04","slug":"portekiz-vize-basvuru-formu","status":"publish","type":"page","link":"https:\/\/www.myvize.com.tr\/portekiz\/form-ve-dilekce\/portekiz-vize-basvuru-formu\/","title":{"rendered":"Portekiz Vize Ba\u015fvuru Formu"},"content":{"rendered":"<p><span style=\"font-family: Roboto;\"><\/span><\/p>\r\n<p><span style=\"font-family: Roboto; font-size: 14px;\">Portekiz \u00fclkesine vize almak i\u00e7in yap\u0131lmas\u0131 gereken ilk i\u015f\u00a0<strong>Portekiz Vize Ba\u015fvuru Formu\u00a0<\/strong>ile ilgili kuruma m\u00fcracaat etmektir.\u00a0 Vize s\u00fcrecinin ba\u015flamas\u0131 bu belgenin do\u011fru bir \u015fekilde beyan\u0131 ile m\u00fcmk\u00fcn hale gelmektedir.\u00a0<strong>Portekiz Vize Ba\u015fvuru Formu\u00a0<\/strong>ki\u015fisel bilgilerin yan\u0131 s\u0131ra seyahatinize dair birtak\u0131m bilgileri de i\u00e7ermektedir. Ancak forum haz\u0131rlan\u0131rken \u00e7ok dikkat edilmesi gerekir. Bir harf hatas\u0131 dahi\u00a0<strong>Portekiz Vize Ba\u015fvuru Formu\u00a0<\/strong>\u00fczerinde olumsuz etki uyand\u0131racakt\u0131r.\u00a0 Ba\u015fvurununuz kabul edilip ileme konulabilmesi i\u00e7in s\u0131f\u0131r hata ile haz\u0131rlanmas\u0131 gerekir.\u00a0<strong>Portekiz Vize Ba\u015fvuru Formu\u00a0<\/strong>seyahat edebilmeniz i\u00e7in yapm\u0131\u015f oldu\u011funuz bir m\u00fcracaatt\u0131r. Ba\u015fvuru belgeniz ve evrak dizisinde \u00e7\u0131kabilecek uyumsuzluklar s\u00fcrecinizi olumsuz olarak etkileyecektir.<\/span><\/p>\r\n<p><span style=\"font-family: Roboto; font-size: 14px;\">\r\n\r\n<\/span><\/p>\r\n<p><span style=\"font-family: Roboto; font-size: 14px;\"><strong>Portekiz Vize Ba\u015fvuru Formu\u00a0<\/strong>do\u011frulu\u011fundan emin verilerle doldurulmal\u0131d\u0131r. E\u011fer doldurmaya \u00e7ekindi\u011finiz tamamlanmas\u0131 gereken eksikler varsa fikir alarak bunlar\u0131 d\u00fczenleyin. Bir\u00e7ok ki\u015fi olu\u015fabilecek hatalar\u0131 engellemek amac\u0131 ile vize dan\u0131\u015fmanlar\u0131ndan yard\u0131m almaktad\u0131r. Bu \u00e7ok ak\u0131ll\u0131ca bir davran\u0131\u015f bi\u00e7imidir.\u00a0<strong>Portekiz Vize Ba\u015fvuru Formu\u00a0<\/strong>en dikkat edilmesi gereken belgedir.\u00a0 Sonu\u00e7ta bu belge sayesinde \u00fclke giri\u015fine onay sa\u011flayacak vizenin \u00e7\u0131kmas\u0131na neden oluyorsunuz. Vize alman\u0131n kural\u0131 ger\u00e7ek beyanlar\u0131n verilmesidir.\u00a0<strong>Portekiz Vize Ba\u015fvuru Formu\u00a0<\/strong>\u0130ngilizce, T\u00fcrk\u00e7e ve Macar dili ile d\u00fczenlenebilmektedir. \u0130nternet arac\u0131l\u0131\u011f\u0131 ile ba\u015fvuru formunun \u00e7\u0131kt\u0131s\u0131n\u0131 alabilirsiniz. Formu t\u00fckenmez kalem kullanarak okunakl\u0131 yaz\u0131 ile haz\u0131rlaman\u0131z k\u0131ymetlidir. Vize s\u00fcrecinin sa\u011fl\u0131kl\u0131 i\u015flemesi ve onay al\u0131nmas\u0131 ba\u015fvuru belgesi ile yak\u0131ndan ba\u011flant\u0131l\u0131d\u0131r.<\/span><\/p>\r\n<h2><span style=\"font-family: Roboto; font-size: 27px;\"><strong>Portekiz Vize Ba\u015fvuru Formu Doldurulurken Dikkat Edilmesi Gerekenler<\/strong><\/span><\/h2>\r\n<p><span style=\"font-family: Roboto; font-size: 14px;\"><span style=\"color: #2acec2;\"><strong><a style=\"color: #2acec2;\" href=\"https:\/\/www.myvize.com.tr\/portekiz\/vize-basvurusu\/\" target=\"_blank\" rel=\"noopener\">Portekiz vize ba\u015fvurusu<\/a><\/strong><\/span>\u00a0i\u00e7in birtak\u0131m evraklar\u0131 zaman\u0131nda ve eksiksiz olarak haz\u0131rlaman\u0131z gerekiyor. Bu evraklar i\u00e7erisinde en \u00f6nemli belge ba\u015fvuru formudur. Ba\u015fvuru formu doldurulurken dikkat edilmesi gereken \u00f6nemli detaylar vard\u0131r. Bu detaylar \u015fu \u015fekilde s\u0131ralanabilir:<\/span><\/p>\r\n<ul>\r\n<li><span style=\"font-family: Roboto; font-size: 14px;\">Ba\u015fvuru formunun mutlaka g\u00fcncel olmas\u0131na dikkat etmelisiniz.<\/span><\/li>\r\n<li><span style=\"font-family: Roboto; font-size: 14px;\">Konsolosluklar\u0131n web sitesinden bu formlar\u0131 temin edebilirsiniz.<\/span><\/li>\r\n<li><span style=\"font-family: Roboto; font-size: 14px;\">Ba\u015fvuru formu doldurulurken mutlaka ilk olarak vize t\u00fcr\u00fcn\u00fc i\u015faretlemeniz gerekiyor.<\/span><\/li>\r\n<li><span style=\"font-family: Roboto; font-size: 14px;\">Ba\u015fvuru formu \u00fczerinde ki di\u011fer bilgileri de vize t\u00fcr\u00fcne uygun olarak doldurmal\u0131s\u0131n\u0131z.<\/span><\/li>\r\n<li><span style=\"font-family: Roboto; font-size: 14px;\"><strong>Portekiz Konsoloslu\u011fu<\/strong>\u00a0bu formun doldurulmas\u0131nda \u00f6zel bir dil \u015fart\u0131 arayabilir. Bu nedenle \u0130ngilizce doldurulup doldurulmamas\u0131na da ayr\u0131ca dikkat etmeniz gerekiyor.<\/span><\/li>\r\n<li><span style=\"font-family: Roboto; font-size: 14px;\">Ba\u015fvuru formunda ibraz\u0131 zorunlu olan alanlar\u0131 bo\u015f b\u0131rakmaman\u0131z gereklidir.<\/span><\/li>\r\n<li><span style=\"font-family: Roboto; font-size: 14px;\">Form ve dilek\u00e7elerde ki tarih aral\u0131klar\u0131n\u0131 mutlaka geri d\u00f6n\u00fc\u015fl\u00fc olarak doldurmal\u0131s\u0131n\u0131z.<\/span><\/li>\r\n<li><span style=\"font-family: Roboto; font-size: 14px;\">Vize ba\u015fvuru formu b\u00fcy\u00fck harflerle doldurulmal\u0131d\u0131r. Okunakl\u0131 olmas\u0131 son derece \u00f6nemlidir.<\/span><\/li>\r\n<li><span style=\"font-family: Roboto; font-size: 14px;\">Dilek\u00e7enizde verdi\u011finiz bilgilerle ba\u015fvuru formunda ki bilgilerin tutarl\u0131 olmas\u0131na dikkat etmelisiniz.<\/span><\/li>\r\n<li><span style=\"font-family: Roboto; font-size: 14px;\">Bir sponsorunuz varsa sponsor k\u0131sm\u0131ndaki bilgileri doldurman\u0131z b\u00fcy\u00fck \u00f6nem ta\u015f\u0131yor.<\/span><\/li>\r\n<li><span style=\"font-family: Roboto; font-size: 14px;\">Bu formu doldururken her bilginin g\u00fcncel ve eksiksiz olmas\u0131 \u00f6nem ta\u015f\u0131maktad\u0131r.<\/span><\/li>\r\n<\/ul>\r\n<p><span style=\"font-family: Roboto; font-size: 14px;\">T\u00fcm bu bilgiler \u0131\u015f\u0131\u011f\u0131nda ba\u015fvuru formunu doldururken gereken titizli\u011fi g\u00f6stermelisiniz. Ba\u015fvuru formunu doldururken yap\u0131lan en ufak bir aksakl\u0131k nedeniyle ki\u015filer\u00a0<span style=\"color: #2acec2;\"><strong><a style=\"color: #2acec2;\" href=\"https:\/\/www.myvize.com.tr\/portekiz\/vize-islemleri\/portekiz-vizesi\/\" target=\"_blank\" rel=\"noopener\">Portekiz vizesi<\/a><\/strong><\/span>\u00a0reddi ile kar\u015f\u0131la\u015f\u0131labilirler. Vize reddi konusunda ki\u015filer yat\u0131rd\u0131klar\u0131 \u00fccreti iade alamazlar. Bu nedenle \u00f6zellikle \u0130ngilizce olarak doldurulmas\u0131 gereken formun profesyonellerin yard\u0131m\u0131 al\u0131narak doldurulmas\u0131 gerekir.<\/span><\/p>\r\n<p><span style=\"font-family: Roboto;\"><\/span><\/p>","protected":false},"excerpt":{"rendered":"<p>Portekiz \u00fclkesine vize almak i\u00e7in yap\u0131lmas\u0131 gereken ilk i\u015f\u00a0Portekiz Vize Ba\u015fvuru Formu\u00a0ile ilgili kuruma m\u00fcracaat etmektir.\u00a0 Vize s\u00fcrecinin ba\u015flamas\u0131 bu belgenin do\u011fru bir \u015fekilde beyan\u0131 ile m\u00fcmk\u00fcn hale gelmektedir.\u00a0Portekiz Vize Ba\u015fvuru Formu\u00a0ki\u015fisel bilgilerin yan\u0131 s\u0131ra seyahatinize dair birtak\u0131m bilgileri de i\u00e7ermektedir. Ancak forum haz\u0131rlan\u0131rken \u00e7ok dikkat edilmesi gerekir. Bir harf hatas\u0131 dahi\u00a0Portekiz Vize Ba\u015fvuru Formu\u00a0\u00fczerinde<\/p>\n","protected":false},"author":1,"featured_media":0,"parent":169,"menu_order":0,"comment_status":"open","ping_status":"closed","template":"","meta":{"footnotes":""},"class_list":["post-205","page","type-page","status-publish","hentry"],"yoast_head":"<!-- This site is optimized with the Yoast SEO plugin v24.0 - https:\/\/yoast.com\/wordpress\/plugins\/seo\/ -->\n<title>Portekiz Vize Ba\u015fvuru Formu - Portekiz Vizesi - MyVize<\/title>\n<meta name=\"description\" content=\"Portekiz vize ba\u015fvuru formu g\u00fcncel verileri. Portekiz vize ba\u015fvuru formu g\u00f6rsel anlat\u0131m. Portekiz vize ba\u015fvuru formu i\u00e7in ileti\u015fime ge\u00e7in.\" \/>\n<meta name=\"robots\" content=\"index, follow, max-snippet:-1, max-image-preview:large, max-video-preview:-1\" \/>\n<link rel=\"canonical\" href=\"https:\/\/www.myvize.com.tr\/portekiz\/form-ve-dilekce\/portekiz-vize-basvuru-formu\/\" \/>\n<meta property=\"og:locale\" content=\"tr_TR\" \/>\n<meta property=\"og:type\" content=\"article\" \/>\n<meta property=\"og:title\" content=\"Portekiz Vize Ba\u015fvuru Formu - Portekiz Vizesi - MyVize\" \/>\n<meta property=\"og:description\" content=\"Portekiz vize ba\u015fvuru formu g\u00fcncel verileri. Portekiz vize ba\u015fvuru formu g\u00f6rsel anlat\u0131m. Portekiz vize ba\u015fvuru formu i\u00e7in ileti\u015fime ge\u00e7in.\" \/>\n<meta property=\"og:url\" content=\"https:\/\/www.myvize.com.tr\/portekiz\/form-ve-dilekce\/portekiz-vize-basvuru-formu\/\" \/>\n<meta property=\"og:site_name\" content=\"Portekiz Vize \u0130\u015flemleri &amp; Portekiz Vize Ba\u015fvurusu\" \/>\n<meta property=\"article:modified_time\" content=\"2022-04-27T13:41:04+00:00\" \/>\n<meta name=\"twitter:card\" content=\"summary_large_image\" \/>\n<meta name=\"twitter:label1\" content=\"Tahmini okuma s\u00fcresi\" \/>\n\t<meta name=\"twitter:data1\" content=\"2 dakika\" \/>\n<script type=\"application\/ld+json\" class=\"yoast-schema-graph\">{\"@context\":\"https:\/\/schema.org\",\"@graph\":[{\"@type\":\"WebPage\",\"@id\":\"https:\/\/www.myvize.com.tr\/portekiz\/form-ve-dilekce\/portekiz-vize-basvuru-formu\/\",\"url\":\"https:\/\/www.myvize.com.tr\/portekiz\/form-ve-dilekce\/portekiz-vize-basvuru-formu\/\",\"name\":\"Portekiz Vize Ba\u015fvuru Formu - Portekiz Vizesi - MyVize\",\"isPartOf\":{\"@id\":\"https:\/\/www.myvize.com.tr\/portekiz\/#website\"},\"datePublished\":\"2020-12-28T15:48:56+00:00\",\"dateModified\":\"2022-04-27T13:41:04+00:00\",\"description\":\"Portekiz vize ba\u015fvuru formu g\u00fcncel verileri. Portekiz vize ba\u015fvuru formu g\u00f6rsel anlat\u0131m. Portekiz vize ba\u015fvuru formu i\u00e7in ileti\u015fime ge\u00e7in.\",\"breadcrumb\":{\"@id\":\"https:\/\/www.myvize.com.tr\/portekiz\/form-ve-dilekce\/portekiz-vize-basvuru-formu\/#breadcrumb\"},\"inLanguage\":\"tr\",\"potentialAction\":[{\"@type\":\"ReadAction\",\"target\":[\"https:\/\/www.myvize.com.tr\/portekiz\/form-ve-dilekce\/portekiz-vize-basvuru-formu\/\"]}]},{\"@type\":\"BreadcrumbList\",\"@id\":\"https:\/\/www.myvize.com.tr\/portekiz\/form-ve-dilekce\/portekiz-vize-basvuru-formu\/#breadcrumb\",\"itemListElement\":[{\"@type\":\"ListItem\",\"position\":1,\"name\":\"Anasayfa\",\"item\":\"https:\/\/www.myvize.com.tr\/portekiz\/\"},{\"@type\":\"ListItem\",\"position\":2,\"name\":\"FORM VE D\u0130LEK\u00c7E\",\"item\":\"https:\/\/www.myvize.com.tr\/portekiz\/form-ve-dilekce\/\"},{\"@type\":\"ListItem\",\"position\":3,\"name\":\"Portekiz Vize Ba\u015fvuru Formu\"}]},{\"@type\":\"WebSite\",\"@id\":\"https:\/\/www.myvize.com.tr\/portekiz\/#website\",\"url\":\"https:\/\/www.myvize.com.tr\/portekiz\/\",\"name\":\"Portekiz Vize \u0130\u015flemleri &amp; Portekiz Vize Ba\u015fvurusu\",\"description\":\"\",\"potentialAction\":[{\"@type\":\"SearchAction\",\"target\":{\"@type\":\"EntryPoint\",\"urlTemplate\":\"https:\/\/www.myvize.com.tr\/portekiz\/?s={search_term_string}\"},\"query-input\":{\"@type\":\"PropertyValueSpecification\",\"valueRequired\":true,\"valueName\":\"search_term_string\"}}],\"inLanguage\":\"tr\"}]}<\/script>\n<!-- \/ Yoast SEO plugin. -->","yoast_head_json":{"title":"Portekiz Vize Ba\u015fvuru Formu - Portekiz Vizesi - MyVize","description":"Portekiz vize ba\u015fvuru formu g\u00fcncel verileri. Portekiz vize ba\u015fvuru formu g\u00f6rsel anlat\u0131m. Portekiz vize ba\u015fvuru formu i\u00e7in ileti\u015fime ge\u00e7in.","robots":{"index":"index","follow":"follow","max-snippet":"max-snippet:-1","max-image-preview":"max-image-preview:large","max-video-preview":"max-video-preview:-1"},"canonical":"https:\/\/www.myvize.com.tr\/portekiz\/form-ve-dilekce\/portekiz-vize-basvuru-formu\/","og_locale":"tr_TR","og_type":"article","og_title":"Portekiz Vize Ba\u015fvuru Formu - Portekiz Vizesi - MyVize","og_description":"Portekiz vize ba\u015fvuru formu g\u00fcncel verileri. Portekiz vize ba\u015fvuru formu g\u00f6rsel anlat\u0131m. Portekiz vize ba\u015fvuru formu i\u00e7in ileti\u015fime ge\u00e7in.","og_url":"https:\/\/www.myvize.com.tr\/portekiz\/form-ve-dilekce\/portekiz-vize-basvuru-formu\/","og_site_name":"Portekiz Vize \u0130\u015flemleri &amp; Portekiz Vize Ba\u015fvurusu","article_modified_time":"2022-04-27T13:41:04+00:00","twitter_card":"summary_large_image","twitter_misc":{"Tahmini okuma s\u00fcresi":"2 dakika"},"schema":{"@context":"https:\/\/schema.org","@graph":[{"@type":"WebPage","@id":"https:\/\/www.myvize.com.tr\/portekiz\/form-ve-dilekce\/portekiz-vize-basvuru-formu\/","url":"https:\/\/www.myvize.com.tr\/portekiz\/form-ve-dilekce\/portekiz-vize-basvuru-formu\/","name":"Portekiz Vize Ba\u015fvuru Formu - Portekiz Vizesi - MyVize","isPartOf":{"@id":"https:\/\/www.myvize.com.tr\/portekiz\/#website"},"datePublished":"2020-12-28T15:48:56+00:00","dateModified":"2022-04-27T13:41:04+00:00","description":"Portekiz vize ba\u015fvuru formu g\u00fcncel verileri. Portekiz vize ba\u015fvuru formu g\u00f6rsel anlat\u0131m. Portekiz vize ba\u015fvuru formu i\u00e7in ileti\u015fime ge\u00e7in.","breadcrumb":{"@id":"https:\/\/www.myvize.com.tr\/portekiz\/form-ve-dilekce\/portekiz-vize-basvuru-formu\/#breadcrumb"},"inLanguage":"tr","potentialAction":[{"@type":"ReadAction","target":["https:\/\/www.myvize.com.tr\/portekiz\/form-ve-dilekce\/portekiz-vize-basvuru-formu\/"]}]},{"@type":"BreadcrumbList","@id":"https:\/\/www.myvize.com.tr\/portekiz\/form-ve-dilekce\/portekiz-vize-basvuru-formu\/#breadcrumb","itemListElement":[{"@type":"ListItem","position":1,"name":"Anasayfa","item":"https:\/\/www.myvize.com.tr\/portekiz\/"},{"@type":"ListItem","position":2,"name":"FORM VE D\u0130LEK\u00c7E","item":"https:\/\/www.myvize.com.tr\/portekiz\/form-ve-dilekce\/"},{"@type":"ListItem","position":3,"name":"Portekiz Vize Ba\u015fvuru Formu"}]},{"@type":"WebSite","@id":"https:\/\/www.myvize.com.tr\/portekiz\/#website","url":"https:\/\/www.myvize.com.tr\/portekiz\/","name":"Portekiz Vize \u0130\u015flemleri &amp; Portekiz Vize Ba\u015fvurusu","description":"","potentialAction":[{"@type":"SearchAction","target":{"@type":"EntryPoint","urlTemplate":"https:\/\/www.myvize.com.tr\/portekiz\/?s={search_term_string}"},"query-input":{"@type":"PropertyValueSpecification","valueRequired":true,"valueName":"search_term_string"}}],"inLanguage":"tr"}]}},"_links":{"self":[{"href":"https:\/\/www.myvize.com.tr\/portekiz\/wp-json\/wp\/v2\/pages\/205","targetHints":{"allow":["GET"]}}],"collection":[{"href":"https:\/\/www.myvize.com.tr\/portekiz\/wp-json\/wp\/v2\/pages"}],"about":[{"href":"https:\/\/www.myvize.com.tr\/portekiz\/wp-json\/wp\/v2\/types\/page"}],"author":[{"embeddable":true,"href":"https:\/\/www.myvize.com.tr\/portekiz\/wp-json\/wp\/v2\/users\/1"}],"replies":[{"embeddable":true,"href":"https:\/\/www.myvize.com.tr\/portekiz\/wp-json\/wp\/v2\/comments?post=205"}],"version-history":[{"count":6,"href":"https:\/\/www.myvize.com.tr\/portekiz\/wp-json\/wp\/v2\/pages\/205\/revisions"}],"predecessor-version":[{"id":746,"href":"https:\/\/www.myvize.com.tr\/portekiz\/wp-json\/wp\/v2\/pages\/205\/revisions\/746"}],"up":[{"embeddable":true,"href":"https:\/\/www.myvize.com.tr\/portekiz\/wp-json\/wp\/v2\/pages\/169"}],"wp:attachment":[{"href":"https:\/\/www.myvize.com.tr\/portekiz\/wp-json\/wp\/v2\/media?parent=205"}],"curies":[{"name":"wp","href":"https:\/\/api.w.org\/{rel}","templated":true}]}}