{"id":33,"date":"2020-11-30T12:42:19","date_gmt":"2020-11-30T09:42:19","guid":{"rendered":"https:\/\/www.myvize.com.tr\/portekiz\/?page_id=33"},"modified":"2022-07-07T13:05:49","modified_gmt":"2022-07-07T10:05:49","slug":"portekiz-aile-ziyareti-vizesi","status":"publish","type":"page","link":"https:\/\/www.myvize.com.tr\/portekiz\/vize-islemleri\/portekiz-aile-ziyareti-vizesi\/","title":{"rendered":"Portekiz Aile Ziyareti Vizesi"},"content":{"rendered":"<h2><strong><span style=\"font-size: 27px; font-family: Roboto;\">Portekiz Aile Ziyareti Vizesi Hakk\u0131nda<\/span><\/strong><\/h2>\n<p><span style=\"font-family: Roboto; font-size: 14px;\">Aile \u00fcyeleriniz Portekiz\u2019de ikamet ediyor ise onlar\u0131 ziyaret etmek i\u00e7in vize alabilirsiniz.\u00a0<strong>Portekiz vizesi<\/strong>\u00a0t\u00fcrleri i\u00e7erisinde yer alan<strong> aile ziyareti vizesi<\/strong> ki\u015filerin aile ve arkada\u015f ziyareti i\u00e7in almalar\u0131 gereken vize t\u00fcr\u00fcd\u00fcr. Bu vize t\u00fcr\u00fcne ba\u015fvuru yapabilmek i\u00e7in t\u00fcm belgelerinizi eksiksiz bir \u015fekilde haz\u0131rlam\u0131\u015f olman\u0131z gereklidir.<strong> Vize evraklar\u0131<\/strong> i\u00e7erisinde hem ki\u015fisel evraklar hem i\u015f hem de finansal evraklar\u0131n bulunmas\u0131 zorunlulu\u011fu bulunmaktad\u0131r.<\/span><\/p>\n<p><span style=\"font-family: Roboto; font-size: 14px;\"><strong>Portekiz vize ba\u015fvurusu<\/strong>\u00a0yapaca\u011f\u0131n\u0131z zaman mutlaka uzun s\u00fcreli ve k\u0131sa s\u00fcreli vize t\u00fcrlerinden hangisini tercih edece\u011finize karar vermeniz gerekiyor.<strong> Aile vizesi<\/strong> ki\u015filere 90 g\u00fcnl\u00fck bir konaklama s\u00fcresi tan\u0131yor. Bu s\u00fcrede \u00fclke i\u00e7erisinde rahatl\u0131kla aile \u00fcyelerinizi ziyaret edebilirsiniz.<\/span><\/p>\n<p><span style=\"font-family: Roboto; font-size: 14px;\"><strong>Aile vizesi<\/strong> i\u00e7in pasaportunuzun mutlaka uygun olmas\u0131 gerekiyor. Bu pasaportun 10 y\u0131l s\u00fcreden daha eski olmamas\u0131na dikkat edilmelidir. Bunun yan\u0131nda en az 3 ay daha ge\u00e7erli olmas\u0131na dikkat edilmelidir. <span style=\"color: #2acec2;\"><strong><a style=\"color: #2acec2;\" href=\"https:\/\/www.myvize.com.tr\/portekiz\/vize-islemleri\/portekiz-vizesi\/\" target=\"_blank\" rel=\"noopener\">Portekiz vizesi<\/a><\/strong><\/span> i\u00e7in kimlik belgenizin arkal\u0131 \u00f6nl\u00fc fotokopisinin \u00e7ekilmesi gerekiyor. Ayn\u0131 zamanda n\u00fcfus c\u00fczdan\u0131n\u0131z\u0131n da 10 y\u0131ldan daha da eski olmamas\u0131 gerekiyor. Belgelerinizin i\u00e7ersinde bulunan ba\u015fvuru formunun vize t\u00fcr\u00fcne uygun tamamlanmas\u0131 gerekiyor. Islak imza olmal\u0131 ve okunakl\u0131 bir \u015fekilde doldurulmal\u0131d\u0131r. Hem ev adresi hem de e posta bilgilerine yer verilmelidir.<\/span><\/p>\n<p><span style=\"font-family: Roboto; font-size: 14px;\">Bu formu mutlaka siyah ya da mavi kalem ile doldurman\u0131z gerekiyor. 18 ya\u015f alt\u0131 olan ki\u015filerin ba\u015fvuru evraklar\u0131n\u0131n aileleri taraf\u0131ndan imzalanmas\u0131 gereklidir. Belgeleriniz i\u00e7erisinde ki\u015fisel, mesleki ve finansal durumu g\u00f6steren t\u00fcm evraklar\u0131n olmas\u0131 gereklidir.<span style=\"color: #2acec2;\"><strong><a style=\"color: #2acec2;\" href=\"https:\/\/www.myvize.com.tr\/portekiz\/vize-islemleri\/\" target=\"_blank\" rel=\"noopener\"> Portekiz Vize i\u015flemleri <\/a><\/strong><\/span>en ge\u00e7 15 i\u015f g\u00fcn\u00fc i\u00e7erisinde sonu\u00e7lanmaktad\u0131r.<\/span><\/p>\n<p><img decoding=\"async\" src=\"https:\/\/www.myvize.com.tr\/portekiz\/wp-content\/uploads\/2021\/10\/11.jpg\" \/><\/p>\n<h2><strong><span style=\"font-family: Roboto; font-size: 27px;\">Portekiz Aile Ziyareti Vizesi Nedir?<\/span><\/strong><\/h2>\n<p><span style=\"font-family: Roboto; font-size: 14px;\">Portekiz\u2019de bulunan aile \u00fcyesini veya arkada\u015f\u0131n\u0131 ziyaret etmeyi isteyenler Portekiz aile ziyareti vizesini almal\u0131d\u0131r. Portekiz aile ziyareti vize ba\u015fvurular\u0131 i\u00e7in Schengen vize ba\u015fvurusunda bulunulmal\u0131. Portekiz\u2019e seyahat edecek olan Husus, Diplomat ve Hizmet Pasaport hamilinin seyahati 90 g\u00fcn\u00fc ge\u00e7meyecekse <strong>Portekiz aile ziyareti<\/strong> vizesinden muaft\u0131r. Ba\u015fvuru Portekiz vizesi ba\u015fvuru merkezine yap\u0131lmal\u0131d\u0131r. Portekiz aile ziyareti vize ba\u015fvurusunda buluncak olan ki\u015fi, Portekiz\u2019de ziyaret edecekleri ki\u015fiden davetiye almal\u0131. Ayr\u0131ca Portekiz\u2019de ziyaret edecek ki\u015finin kimlik ile adresi bilgisi de teslim edilmeli. Ayr\u0131ca ziyaret edece\u011fi ki\u015finin Portekiz vatanda\u015flar\u0131 ya da<a href=\"https:\/\/portekizkonsoloslugu.org\/portekiz-oturum-izni\/\">\u00a0<span style=\"color: #2acec2;\"><strong>Portekiz oturma izni<\/strong><\/span><\/a>\u00a0olmas\u0131 gerekmekte. Portekiz vizesi ba\u015fvurusunda bulunacak olan \u00f6ncelikle Portekiz vizesi ba\u015fvuru formu doldurmas\u0131 ve Portekiz vize ba\u015fvuru merkezlerinden randevu almal\u0131. Randevuya kadar gerekli belgeyi haz\u0131rlamal\u0131d\u0131r. Bu belge randevu tarihlerinde Portekiz vizesi ba\u015fvuru merkezlerine verilmelidir. Portekiz vizesi ba\u015fvuru merkezleri taraf\u0131ndan ba\u015fvuru kabul edildikten sonra Portekiz Konsoloslu\u011funa incelemesi i\u00e7in iletilmektedir.\u00a0<\/span><\/p>\n<h2><strong><span style=\"font-family: Roboto; font-size: 27px;\">Portekiz Aile Ziyareti Vizesi Nas\u0131l Al\u0131n\u0131r?<\/span><\/strong><\/h2>\n<p><span style=\"font-family: Roboto; font-size: 14px;\"><strong>Portekiz vizesi<\/strong> ba\u015fvurusunda bulunacak olan \u00f6ncelikle<strong> Portekiz vizesi ba\u015fvuru formu<\/strong> doldurmas\u0131 ve Portekiz vize ba\u015fvuru merkezlerinden randevu almal\u0131. Randevuya kadar gerekli belgeyi haz\u0131rlamal\u0131d\u0131r. Bu belge randevu tarihlerinde Portekiz vizesi ba\u015fvuru merkezlerine verilmelidir. Portekiz vizesi ba\u015fvuru merkezleri taraf\u0131ndan ba\u015fvuru kabul edildikten sonra Portekiz Konsoloslu\u011funa incelemesi i\u00e7in iletilmektedir. Portekiz aile ziyareti vize almak i\u00e7in gerekli olan evrak\u0131n haz\u0131rlamas\u0131 ile vatanda\u015f ilgili yere ba\u015fvuruda bulunarak bu vizelere sahi olabilir. Portekiz\u2019e giri\u015f vize i\u00e7in istenilen evrak \u015fu \u015fekildedir;<\/span><\/p>\n<ul>\n<li><span style=\"font-family: Roboto; font-size: 14px;\">Vize talebi ba\u015fvurusu,<\/span><\/li>\n<li><span style=\"font-family: Roboto; font-size: 14px;\">Pasaport asl\u0131 ile fotokopisi,<\/span><\/li>\n<li><span style=\"font-family: Roboto; font-size: 14px;\">\u00dclkeye davet eden ki\u015filerin pasaport fotokopisi,<\/span><\/li>\n<li><span style=\"font-family: Roboto; font-size: 14px;\">2 adet biyometri foto\u011fraf,<\/span><\/li>\n<li><span style=\"font-family: Roboto; font-size: 14px;\">Vize talebi dilek\u00e7esi,<\/span><\/li>\n<li><span style=\"font-family: Roboto; font-size: 14px;\">SGK i\u015f giri\u015f bildirgesi,<\/span><\/li>\n<li><span style=\"font-family: Roboto; font-size: 14px;\">Banka hesab\u0131 \u00f6zeti,<\/span><\/li>\n<li><span style=\"font-family: Roboto; font-size: 14px;\">Ki\u015finin aile ile akrabal\u0131\u011f\u0131 kan\u0131tlayacak olan belge,<\/span><\/li>\n<li><span style=\"font-family: Roboto; font-size: 14px;\">Kimlik fotokopi,<\/span><\/li>\n<li><span style=\"font-family: Roboto; font-size: 14px;\">\u00c7al\u0131\u015ft\u0131\u011f\u0131 yerlere ait \u015firket evrak\u0131,<\/span><\/li>\n<li><span style=\"font-family: Roboto; font-size: 14px;\">Davet mektuplar\u0131.<\/span><\/li>\n<\/ul>\n<h2><strong><span style=\"font-family: Roboto; font-size: 27px;\">Portekiz Aile Ziyareti Vizesi Nereden Al\u0131n\u0131r?<\/span><\/strong><\/h2>\n<p><span style=\"font-family: Roboto; font-size: 14px;\"><strong>Portekiz aile ziyareti vize almak<\/strong> i\u00e7in gerekli olacak ba\u015fvurunun resm\u00ee vize i\u015flemleri ger\u00e7ekle\u015ftiren acente ile kolay bir \u015fekilde yap\u0131labilir. Evrak\u0131n haz\u0131rl\u0131k a\u015famas\u0131 ard\u0131ndan onay ile izinin al\u0131nmas\u0131 ile beraber \u00fclkeye giri\u015fler de m\u00fcmk\u00fcn olabilmektedir. Portekiz vizesi ba\u015fvurusunda bulunacak olan \u00f6ncelikle Portekiz vizesi ba\u015fvuru formu doldurmas\u0131 ve Portekiz vize ba\u015fvuru merkezlerinden randevu almal\u0131. Randevuya kadar gerekli belgeyi haz\u0131rlamal\u0131d\u0131r. Bu belge randevu tarihlerinde Portekiz vizesi ba\u015fvuru merkezlerine verilmelidir. Portekiz vizesi ba\u015fvuru merkezleri taraf\u0131ndan ba\u015fvuru kabul edildikten sonra Portekiz Konsoloslu\u011funa incelemesi i\u00e7in iletilmektedir. Portekiz aile ziyareti vize almak i\u00e7in gerekli olan evrak\u0131n haz\u0131rlamas\u0131 ile vatanda\u015f ilgili yere ba\u015fvuruda bulunarak bu vizelere sahi olabilir. <strong>Portekiz vizesi ba\u015fvuru<\/strong> merkezleri taraf\u0131ndan ba\u015fvuru kabul edildikten sonra Portekiz Konsoloslu\u011funa incelemesi i\u00e7in iletilmektedir. Portekiz aile ziyaret vizesi ortalama olarak yedi g\u00fcn i\u00e7ine sonu\u00e7lanacakt\u0131r.<\/span><\/p>\n<h3><strong><span style=\"font-family: Roboto; font-size: 24px;\">Portekiz Aile Ziyareti Vizesi Ka\u00e7 G\u00fcnde \u00c7\u0131kar?<\/span><\/strong><\/h3>\n<p><span style=\"font-family: Roboto; font-size: 14px;\">Portekiz vizesi ba\u015fvuru merkezleri taraf\u0131ndan ba\u015fvuru kabul edildikten sonra Portekiz Konsoloslu\u011funa incelemesi i\u00e7in iletilmektedir. Portekiz aile ziyaret vizesi ortalama olarak yedi g\u00fcn i\u00e7ine sonu\u00e7lanacakt\u0131r. Portekiz\u2019de bulunan aile \u00fcyesini veya arkada\u015f\u0131n\u0131 ziyaret etmeyi isteyenler Portekiz aile ziyareti vizesini almal\u0131d\u0131r. Portekiz aile ziyareti vize almak i\u00e7in gerekli olacak ba\u015fvurunun resm\u00ee vize i\u015flemleri ger\u00e7ekle\u015ftiren acente ile kolay bir \u015fekilde yap\u0131labilir. Evrak\u0131n haz\u0131rl\u0131k a\u015famas\u0131 ard\u0131ndan onay ile izinin al\u0131nmas\u0131 ile beraber \u00fclkeye giri\u015fler de m\u00fcmk\u00fcn olabilmektedir. \u00a0Portekiz aile ziyareti vize ba\u015fvurular\u0131 i\u00e7in Schengen vize ba\u015fvurusunda bulunulmal\u0131. Portekiz\u2019e seyahat edecek olan Husus, Diplomat ve Hizmet Pasaport hamilinin seyahati 90 g\u00fcn\u00fc ge\u00e7meyecekse Portekiz aile ziyareti vizesinden muaft\u0131r. Ba\u015fvuru<strong> Portekiz vizesi<\/strong> ba\u015fvuru merkezine yap\u0131lmal\u0131d\u0131r. Portekiz aile ziyareti vize ba\u015fvurusunda buluncak olan ki\u015fi, Portekiz\u2019de ziyaret edecekleri ki\u015fiden davetiye almal\u0131.\u00a0<\/span><\/p>\n","protected":false},"excerpt":{"rendered":"<p>Portekiz Aile Ziyareti Vizesi Hakk\u0131nda Aile \u00fcyeleriniz Portekiz\u2019de ikamet ediyor ise onlar\u0131 ziyaret etmek i\u00e7in vize alabilirsiniz.\u00a0Portekiz vizesi\u00a0t\u00fcrleri i\u00e7erisinde yer alan aile ziyareti vizesi ki\u015filerin aile ve arkada\u015f ziyareti i\u00e7in almalar\u0131 gereken vize t\u00fcr\u00fcd\u00fcr. Bu vize t\u00fcr\u00fcne ba\u015fvuru yapabilmek i\u00e7in t\u00fcm belgelerinizi eksiksiz bir \u015fekilde haz\u0131rlam\u0131\u015f olman\u0131z gereklidir. Vize evraklar\u0131 i\u00e7erisinde hem ki\u015fisel evraklar hem<\/p>\n","protected":false},"author":1,"featured_media":0,"parent":18,"menu_order":0,"comment_status":"open","ping_status":"closed","template":"","meta":{"footnotes":""},"class_list":["post-33","page","type-page","status-publish","hentry"],"yoast_head":"<!-- This site is optimized with the Yoast SEO plugin v24.0 - https:\/\/yoast.com\/wordpress\/plugins\/seo\/ -->\n<title>Portekiz Aile Ziyareti Vizesi - MyVize Vize Ba\u015fvuru Merkezi<\/title>\n<meta name=\"description\" content=\"Portekiz aile ziyareti vizesi i\u00e7in gerekli evraklar. Portekiz aile ziyaret vizesi i\u015flem s\u00fcrecinde dikkat edilmesi gerekenler.\" \/>\n<meta name=\"robots\" content=\"index, follow, max-snippet:-1, max-image-preview:large, max-video-preview:-1\" \/>\n<link rel=\"canonical\" href=\"https:\/\/www.myvize.com.tr\/portekiz\/vize-islemleri\/portekiz-aile-ziyareti-vizesi\/\" \/>\n<meta property=\"og:locale\" content=\"tr_TR\" \/>\n<meta property=\"og:type\" content=\"article\" \/>\n<meta property=\"og:title\" content=\"Portekiz Aile Ziyareti Vizesi - MyVize Vize Ba\u015fvuru Merkezi\" \/>\n<meta property=\"og:description\" content=\"Portekiz aile ziyareti vizesi i\u00e7in gerekli evraklar. Portekiz aile ziyaret vizesi i\u015flem s\u00fcrecinde dikkat edilmesi gerekenler.\" \/>\n<meta property=\"og:url\" content=\"https:\/\/www.myvize.com.tr\/portekiz\/vize-islemleri\/portekiz-aile-ziyareti-vizesi\/\" \/>\n<meta property=\"og:site_name\" content=\"Portekiz Vize \u0130\u015flemleri &amp; Portekiz Vize Ba\u015fvurusu\" \/>\n<meta property=\"article:modified_time\" content=\"2022-07-07T10:05:49+00:00\" \/>\n<meta property=\"og:image\" content=\"https:\/\/www.myvize.com.tr\/portekiz\/wp-content\/uploads\/2021\/10\/11.jpg\" \/>\n<meta name=\"twitter:card\" content=\"summary_large_image\" \/>\n<meta name=\"twitter:label1\" content=\"Tahmini okuma s\u00fcresi\" \/>\n\t<meta name=\"twitter:data1\" content=\"4 dakika\" \/>\n<script type=\"application\/ld+json\" class=\"yoast-schema-graph\">{\"@context\":\"https:\/\/schema.org\",\"@graph\":[{\"@type\":\"WebPage\",\"@id\":\"https:\/\/www.myvize.com.tr\/portekiz\/vize-islemleri\/portekiz-aile-ziyareti-vizesi\/\",\"url\":\"https:\/\/www.myvize.com.tr\/portekiz\/vize-islemleri\/portekiz-aile-ziyareti-vizesi\/\",\"name\":\"Portekiz Aile Ziyareti Vizesi - MyVize Vize Ba\u015fvuru Merkezi\",\"isPartOf\":{\"@id\":\"https:\/\/www.myvize.com.tr\/portekiz\/#website\"},\"primaryImageOfPage\":{\"@id\":\"https:\/\/www.myvize.com.tr\/portekiz\/vize-islemleri\/portekiz-aile-ziyareti-vizesi\/#primaryimage\"},\"image\":{\"@id\":\"https:\/\/www.myvize.com.tr\/portekiz\/vize-islemleri\/portekiz-aile-ziyareti-vizesi\/#primaryimage\"},\"thumbnailUrl\":\"https:\/\/www.myvize.com.tr\/portekiz\/wp-content\/uploads\/2021\/10\/11.jpg\",\"datePublished\":\"2020-11-30T09:42:19+00:00\",\"dateModified\":\"2022-07-07T10:05:49+00:00\",\"description\":\"Portekiz aile ziyareti vizesi i\u00e7in gerekli evraklar. Portekiz aile ziyaret vizesi i\u015flem s\u00fcrecinde dikkat edilmesi gerekenler.\",\"breadcrumb\":{\"@id\":\"https:\/\/www.myvize.com.tr\/portekiz\/vize-islemleri\/portekiz-aile-ziyareti-vizesi\/#breadcrumb\"},\"inLanguage\":\"tr\",\"potentialAction\":[{\"@type\":\"ReadAction\",\"target\":[\"https:\/\/www.myvize.com.tr\/portekiz\/vize-islemleri\/portekiz-aile-ziyareti-vizesi\/\"]}]},{\"@type\":\"ImageObject\",\"inLanguage\":\"tr\",\"@id\":\"https:\/\/www.myvize.com.tr\/portekiz\/vize-islemleri\/portekiz-aile-ziyareti-vizesi\/#primaryimage\",\"url\":\"https:\/\/www.myvize.com.tr\/portekiz\/wp-content\/uploads\/2021\/10\/11.jpg\",\"contentUrl\":\"https:\/\/www.myvize.com.tr\/portekiz\/wp-content\/uploads\/2021\/10\/11.jpg\",\"width\":800,\"height\":500,\"caption\":\"Portekiz Aile Ziyareti Vizesi\"},{\"@type\":\"BreadcrumbList\",\"@id\":\"https:\/\/www.myvize.com.tr\/portekiz\/vize-islemleri\/portekiz-aile-ziyareti-vizesi\/#breadcrumb\",\"itemListElement\":[{\"@type\":\"ListItem\",\"position\":1,\"name\":\"Anasayfa\",\"item\":\"https:\/\/www.myvize.com.tr\/portekiz\/\"},{\"@type\":\"ListItem\",\"position\":2,\"name\":\"PORTEK\u0130Z V\u0130ZE \u0130\u015eLEMLER\u0130\",\"item\":\"https:\/\/www.myvize.com.tr\/portekiz\/vize-islemleri\/\"},{\"@type\":\"ListItem\",\"position\":3,\"name\":\"Portekiz Aile Ziyareti Vizesi\"}]},{\"@type\":\"WebSite\",\"@id\":\"https:\/\/www.myvize.com.tr\/portekiz\/#website\",\"url\":\"https:\/\/www.myvize.com.tr\/portekiz\/\",\"name\":\"Portekiz Vize \u0130\u015flemleri &amp; Portekiz Vize Ba\u015fvurusu\",\"description\":\"\",\"potentialAction\":[{\"@type\":\"SearchAction\",\"target\":{\"@type\":\"EntryPoint\",\"urlTemplate\":\"https:\/\/www.myvize.com.tr\/portekiz\/?s={search_term_string}\"},\"query-input\":{\"@type\":\"PropertyValueSpecification\",\"valueRequired\":true,\"valueName\":\"search_term_string\"}}],\"inLanguage\":\"tr\"}]}<\/script>\n<!-- \/ Yoast SEO plugin. -->","yoast_head_json":{"title":"Portekiz Aile Ziyareti Vizesi - MyVize Vize Ba\u015fvuru Merkezi","description":"Portekiz aile ziyareti vizesi i\u00e7in gerekli evraklar. Portekiz aile ziyaret vizesi i\u015flem s\u00fcrecinde dikkat edilmesi gerekenler.","robots":{"index":"index","follow":"follow","max-snippet":"max-snippet:-1","max-image-preview":"max-image-preview:large","max-video-preview":"max-video-preview:-1"},"canonical":"https:\/\/www.myvize.com.tr\/portekiz\/vize-islemleri\/portekiz-aile-ziyareti-vizesi\/","og_locale":"tr_TR","og_type":"article","og_title":"Portekiz Aile Ziyareti Vizesi - MyVize Vize Ba\u015fvuru Merkezi","og_description":"Portekiz aile ziyareti vizesi i\u00e7in gerekli evraklar. Portekiz aile ziyaret vizesi i\u015flem s\u00fcrecinde dikkat edilmesi gerekenler.","og_url":"https:\/\/www.myvize.com.tr\/portekiz\/vize-islemleri\/portekiz-aile-ziyareti-vizesi\/","og_site_name":"Portekiz Vize \u0130\u015flemleri &amp; Portekiz Vize Ba\u015fvurusu","article_modified_time":"2022-07-07T10:05:49+00:00","og_image":[{"url":"https:\/\/www.myvize.com.tr\/portekiz\/wp-content\/uploads\/2021\/10\/11.jpg","type":"","width":"","height":""}],"twitter_card":"summary_large_image","twitter_misc":{"Tahmini okuma s\u00fcresi":"4 dakika"},"schema":{"@context":"https:\/\/schema.org","@graph":[{"@type":"WebPage","@id":"https:\/\/www.myvize.com.tr\/portekiz\/vize-islemleri\/portekiz-aile-ziyareti-vizesi\/","url":"https:\/\/www.myvize.com.tr\/portekiz\/vize-islemleri\/portekiz-aile-ziyareti-vizesi\/","name":"Portekiz Aile Ziyareti Vizesi - MyVize Vize Ba\u015fvuru Merkezi","isPartOf":{"@id":"https:\/\/www.myvize.com.tr\/portekiz\/#website"},"primaryImageOfPage":{"@id":"https:\/\/www.myvize.com.tr\/portekiz\/vize-islemleri\/portekiz-aile-ziyareti-vizesi\/#primaryimage"},"image":{"@id":"https:\/\/www.myvize.com.tr\/portekiz\/vize-islemleri\/portekiz-aile-ziyareti-vizesi\/#primaryimage"},"thumbnailUrl":"https:\/\/www.myvize.com.tr\/portekiz\/wp-content\/uploads\/2021\/10\/11.jpg","datePublished":"2020-11-30T09:42:19+00:00","dateModified":"2022-07-07T10:05:49+00:00","description":"Portekiz aile ziyareti vizesi i\u00e7in gerekli evraklar. Portekiz aile ziyaret vizesi i\u015flem s\u00fcrecinde dikkat edilmesi gerekenler.","breadcrumb":{"@id":"https:\/\/www.myvize.com.tr\/portekiz\/vize-islemleri\/portekiz-aile-ziyareti-vizesi\/#breadcrumb"},"inLanguage":"tr","potentialAction":[{"@type":"ReadAction","target":["https:\/\/www.myvize.com.tr\/portekiz\/vize-islemleri\/portekiz-aile-ziyareti-vizesi\/"]}]},{"@type":"ImageObject","inLanguage":"tr","@id":"https:\/\/www.myvize.com.tr\/portekiz\/vize-islemleri\/portekiz-aile-ziyareti-vizesi\/#primaryimage","url":"https:\/\/www.myvize.com.tr\/portekiz\/wp-content\/uploads\/2021\/10\/11.jpg","contentUrl":"https:\/\/www.myvize.com.tr\/portekiz\/wp-content\/uploads\/2021\/10\/11.jpg","width":800,"height":500,"caption":"Portekiz Aile Ziyareti Vizesi"},{"@type":"BreadcrumbList","@id":"https:\/\/www.myvize.com.tr\/portekiz\/vize-islemleri\/portekiz-aile-ziyareti-vizesi\/#breadcrumb","itemListElement":[{"@type":"ListItem","position":1,"name":"Anasayfa","item":"https:\/\/www.myvize.com.tr\/portekiz\/"},{"@type":"ListItem","position":2,"name":"PORTEK\u0130Z V\u0130ZE \u0130\u015eLEMLER\u0130","item":"https:\/\/www.myvize.com.tr\/portekiz\/vize-islemleri\/"},{"@type":"ListItem","position":3,"name":"Portekiz Aile Ziyareti Vizesi"}]},{"@type":"WebSite","@id":"https:\/\/www.myvize.com.tr\/portekiz\/#website","url":"https:\/\/www.myvize.com.tr\/portekiz\/","name":"Portekiz Vize \u0130\u015flemleri &amp; Portekiz Vize Ba\u015fvurusu","description":"","potentialAction":[{"@type":"SearchAction","target":{"@type":"EntryPoint","urlTemplate":"https:\/\/www.myvize.com.tr\/portekiz\/?s={search_term_string}"},"query-input":{"@type":"PropertyValueSpecification","valueRequired":true,"valueName":"search_term_string"}}],"inLanguage":"tr"}]}},"_links":{"self":[{"href":"https:\/\/www.myvize.com.tr\/portekiz\/wp-json\/wp\/v2\/pages\/33","targetHints":{"allow":["GET"]}}],"collection":[{"href":"https:\/\/www.myvize.com.tr\/portekiz\/wp-json\/wp\/v2\/pages"}],"about":[{"href":"https:\/\/www.myvize.com.tr\/portekiz\/wp-json\/wp\/v2\/types\/page"}],"author":[{"embeddable":true,"href":"https:\/\/www.myvize.com.tr\/portekiz\/wp-json\/wp\/v2\/users\/1"}],"replies":[{"embeddable":true,"href":"https:\/\/www.myvize.com.tr\/portekiz\/wp-json\/wp\/v2\/comments?post=33"}],"version-history":[{"count":7,"href":"https:\/\/www.myvize.com.tr\/portekiz\/wp-json\/wp\/v2\/pages\/33\/revisions"}],"predecessor-version":[{"id":800,"href":"https:\/\/www.myvize.com.tr\/portekiz\/wp-json\/wp\/v2\/pages\/33\/revisions\/800"}],"up":[{"embeddable":true,"href":"https:\/\/www.myvize.com.tr\/portekiz\/wp-json\/wp\/v2\/pages\/18"}],"wp:attachment":[{"href":"https:\/\/www.myvize.com.tr\/portekiz\/wp-json\/wp\/v2\/media?parent=33"}],"curies":[{"name":"wp","href":"https:\/\/api.w.org\/{rel}","templated":true}]}}