{"id":349,"date":"2021-09-15T16:38:37","date_gmt":"2021-09-15T13:38:37","guid":{"rendered":"https:\/\/www.myvize.com.tr\/portekiz\/?page_id=349"},"modified":"2022-06-23T12:15:44","modified_gmt":"2022-06-23T09:15:44","slug":"portekiz-ticari-vize-basvuru-formu","status":"publish","type":"page","link":"https:\/\/www.myvize.com.tr\/portekiz\/portekiz-ticari-vize-basvuru-formu\/","title":{"rendered":"Portekiz Ticari Vize Ba\u015fvuru Formu"},"content":{"rendered":"<h2><strong><span style=\"font-family: Roboto; font-size: 27px;\">Portekiz Ticari Vizesi Ba\u015fvuru Formu<\/span><\/strong><\/h2>\n<p><span style=\"font-family: Roboto; font-size: 14px;\">Portekiz&#8217;e ticaret amac\u0131yla seyahat eden ki\u015filerin yapacaklar\u0131 seyahat ile ilgili Portekiz \u0130stanbul Ba\u015fkonsoloslu\u011funa, <span style=\"color: #2acec2;\"><strong><a style=\"color: #2acec2;\" href=\"https:\/\/www.myvize.com.tr\/portekiz\/vize-islemleri\/portekiz-ticari-vize\/\" target=\"_blank\" rel=\"noopener\">Portekiz Ticari Vize<\/a><\/strong><\/span> talep dilek\u00e7esini sunmas\u0131 gereklidir.<strong> Portekiz Ticari vize talep dilek\u00e7esi<\/strong> yaz\u0131l\u0131rken a\u015fa\u011f\u0131daki hususa dikkat edilmelidir. Portekiz Ticari Vize talep dilek\u00e7esi personeli i\u015f seyahatine g\u00f6nderecek \u015firketin yetkilisi taraf\u0131ndan \u015firketin antet ka\u011f\u0131d\u0131na yaz\u0131lmal\u0131 ve \u015firket yetkilisi ka\u015fesini ve imzas\u0131n\u0131 ta\u015f\u0131mal\u0131d\u0131r. Portekiz Ticari Vize talep dilek\u00e7esinde seyahatin amac\u0131 a\u00e7\u0131k\u00e7a yaz\u0131lmal\u0131d\u0131r. Portekiz\u00a0 Ticari Vizesi talep dilek\u00e7esine seyahate \u00e7\u0131kacak ki\u015filerin firmadaki g\u00f6revleri a\u00e7\u0131k\u00e7a ifade edilmelidir. <strong>Portekiz&#8217;e seyahat<\/strong> edecek ki\u015filerin seyahatin ba\u015flang\u0131\u00e7 ve biti\u015f tarihi ile varsa ek seyahatleri hakk\u0131nda Portekiz\u00a0 Ticari Vizesi talep dilek\u00e7esine net bilgiler verilmelidir. Portekiz Konsoloslu\u011funa Ticari Vize, talep dilek\u00e7esi haz\u0131rlan\u0131rken seyahat edecek ki\u015filerin seyahat s\u00fcresince olu\u015facak masraf\u0131n\u0131n nas\u0131l kar\u015f\u0131lanaca\u011f\u0131 bilgileri yer almal\u0131d\u0131r. Portekiz Ticari Vize talep dilek\u00e7esinde yer alan bilgiler dosyaya konulan evraklarla desteklenmelidir.<\/span><\/p>\n<h2><strong><span style=\"font-family: Roboto; font-size: 27px;\">Portekiz Ticari Vize Ba\u015fvuru Formu Nas\u0131l Doldurulur?<\/span><\/strong><\/h2>\n<p><span style=\"font-family: Roboto; font-size: 14px;\"><strong>Portekiz ticari\u00a0 vize ba\u015fvuru formu<\/strong> T\u00fcrk\u00e7e olarak\u00a0 doldurabilirsiniz. Doldurma i\u015flemleri s\u0131ras\u0131nda t\u00fckenmez kalem, b\u00fcy\u00fck harf ile ba\u015fvuru evrak\u0131nda verecek oldu\u011fu bilgileri destekleyecek \u015fekilde doldurmaya \u00f6zen g\u00f6stermelisiniz. ticari\u00a0 vize ba\u015fvuru formu en alt k\u00f6\u015fesinde bulunan b\u00f6l\u00fcme imza at\u0131larak ba\u015fvuru formunu doldurma i\u015flemlerini tamamlam\u0131\u015f olursunuz. Atacak oldu\u011funuz imzan\u0131n pasaportta bulunan imza ile ayn\u0131 olmas\u0131 <strong>Portekiz Konsoloslu\u011fu<\/strong> g\u00f6z \u00f6n\u00fcnde bulunduracakt\u0131r. Portekiz ticari vize ba\u015fvuru formu uluslararas\u0131 prosed\u00fcr de kullan\u0131lan resm\u00ee bir evrakt\u0131r. Amac\u0131na ve ger\u00e7e\u011fe uygun bir bi\u00e7imde doldurmalar\u0131 gerekirken verilen sahte bilginin su\u00e7 unsuru ta\u015f\u0131d\u0131\u011f\u0131 bilmelisiniz. Portekiz ticari\u00a0 vize ba\u015fvuru formu beyan\u0131 edilen as\u0131ls\u0131z ile eksik bilgiler vize i\u015flemlerinizin yanmas\u0131na sebep olurken, ayn\u0131 zamanda da ceza alman\u0131za yol a\u00e7acakt\u0131r. Ayr\u0131ca Portekiz ticari vize ba\u015fvuru formunu doldurup imzalaman\u0131z halinde, vize s\u00fcresi sonunda \u00fclkeyi terk edece\u011finiz, vize alm\u0131\u015f olman\u0131z Portekiz&#8217;e giri\u015finizi garanti etmeyece\u011fi, \u00fclkeye giri\u015fin Portekiz s\u0131n\u0131r g\u00f6revlilerinin sorumlulu\u011fu oldu\u011funu ba\u015ftan kabul etti\u011finize dair bir i\u00e7erik de ta\u015f\u0131maktad\u0131r.<\/span><\/p>\n<h2><strong><span style=\"font-family: Roboto; font-size: 27px;\">Portekiz Ticari Vize Ba\u015fvuru Formu Ne \u0130\u015fe Yarar?<\/span><\/strong><\/h2>\n<p><span style=\"font-family: Roboto; font-size: 14px;\">Portekiz ticari vize ba\u015fvuru form uluslararas\u0131 prosed\u00fcr de kullan\u0131lan resm\u00ee bir belgedir. Ama\u00e7lar\u0131na ve ger\u00e7e\u011fe uygun bir \u015fekilde doldurulmas\u0131 verilen sahte bilgilerin su\u00e7 unsuru ta\u015f\u0131yaca\u011f\u0131n\u0131 g\u00f6z \u00f6n\u00fcnde bulundurulmal\u0131d\u0131r. Portekiz ticari vize ba\u015fvuru formunda beyan edilen as\u0131ls\u0131z ile eksik bilgiler Portekiz vize i\u015fleminizin yanmas\u0131na sebep olurken,, ayn\u0131 zamanda da ceza alman\u0131za yol a\u00e7acakt\u0131r. Portekiz ticari\u00a0 vize ba\u015fvuru formuna yap\u0131lan usuls\u00fczl\u00fck ile ticari\u00a0 vizesi ba\u015fvurunuzun yanmas\u0131 durumunda, \u00fclkeye giri\u015f \u00e7\u0131k\u0131\u015f\u0131n\u0131z\u0131n zorla\u015fmas\u0131 ile para cezas\u0131 almak gibi muhtemel olan cezayla kar\u015f\u0131la\u015f\u0131labilirsiniz. Ayr\u0131ca Portekiz ticari\u00a0 vizesi ba\u015fvuru formunu doldurulup imzalamas\u0131 halinde, vize s\u00fcresi sonunda \u00fclkeyi terk edece\u011finiz, vize alm\u0131\u015f olman\u0131z Portekiz&#8217;e giri\u015finizi garanti etmeyece\u011fi, \u00fclkeye giri\u015fin Portekiz s\u0131n\u0131r g\u00f6revlilerinin sorumlulu\u011fu oldu\u011funu ba\u015ftan kabul etti\u011finize dair bir i\u00e7erik de ta\u015f\u0131maktad\u0131r.<\/span><\/p>\n<h2><strong><span style=\"font-family: Roboto; font-size: 27px;\">Portekiz Ticari Vize Ba\u015fvuru Formu Nereden Al\u0131n\u0131r?<\/span><\/strong><\/h2>\n<p><span style=\"font-family: Roboto; font-size: 14px;\"><strong>Portekiz vizesi ba\u015fvuru formu<\/strong>, Portekiz Konsoloslu\u011fun internet \u00fczerindeki adresine, konsoloslu\u011fun kendisinden yahut dan\u0131\u015fmanl\u0131\u011f\u0131n\u0131 yapmakta olan vize merkezinden temin edebilirsiniz. <strong>Portekiz vize<\/strong> talebinizin resmi belgesidir. Doldurmas\u0131 zorunlu olan bu belge ba\u015fvuru i\u015fleminizin resm\u00ee ilk ad\u0131m\u0131d\u0131r. Portekiz Konsoloslu\u011fu, Portekiz ticari\u00a0 vize ba\u015fvuru sahibi hakk\u0131nda ki kapsaml\u0131 bilgiye bu form arac\u0131l\u0131\u011f\u0131 ile ula\u015f\u0131rken, <strong>Portekiz vizesi ba\u015fvuru formu<\/strong> eksiksiz ve ger\u00e7ekli\u011fe uygun \u015fekilde doldurulmal\u0131d\u0131r. Ticari\u00a0 vizesi ba\u015fvuru formu verdi\u011finiz bilgilerinizin, ba\u015fvuru evrak\u0131nda bulunan bilginizi desteklemesi ise Portekiz Konsoloslu\u011funun g\u00f6z \u00f6n\u00fcne bulunduraca\u011f\u0131 bir konudur. <strong>Portekiz Konsoloslu\u011fu ba\u015fvuru formu<\/strong> ve ba\u015fvuru evrak\u0131 aras\u0131nda beyan etti\u011fi bilgileri dikkate al\u0131n\u0131rken, uyumsuz ve ger\u00e7e\u011fe uygun olmayan bilgiler sebebi ile ticari\u00a0 vize ba\u015fvuru i\u015fleminiz reddedilecektir. Portekiz ticari\u00a0 vizesi ba\u015fvuru formu uluslararas\u0131 prosed\u00fcr de kullan\u0131lan resm\u00ee bir evrakt\u0131r.\u00a0<\/span><\/p>\n<p><img decoding=\"async\" src=\"https:\/\/www.myvize.com.tr\/portekiz\/wp-content\/uploads\/2021\/10\/27.jpg\" \/><\/p>\n","protected":false},"excerpt":{"rendered":"<p>Portekiz Ticari Vizesi Ba\u015fvuru Formu Portekiz&#8217;e ticaret amac\u0131yla seyahat eden ki\u015filerin yapacaklar\u0131 seyahat ile ilgili Portekiz \u0130stanbul Ba\u015fkonsoloslu\u011funa, Portekiz Ticari Vize talep dilek\u00e7esini sunmas\u0131 gereklidir. Portekiz Ticari vize talep dilek\u00e7esi yaz\u0131l\u0131rken a\u015fa\u011f\u0131daki hususa dikkat edilmelidir. Portekiz Ticari Vize talep dilek\u00e7esi personeli i\u015f seyahatine g\u00f6nderecek \u015firketin yetkilisi taraf\u0131ndan \u015firketin antet ka\u011f\u0131d\u0131na yaz\u0131lmal\u0131 ve \u015firket yetkilisi ka\u015fesini<\/p>\n","protected":false},"author":1,"featured_media":0,"parent":0,"menu_order":0,"comment_status":"open","ping_status":"closed","template":"","meta":{"footnotes":""},"class_list":["post-349","page","type-page","status-publish","hentry"],"yoast_head":"<!-- This site is optimized with the Yoast SEO plugin v24.0 - https:\/\/yoast.com\/wordpress\/plugins\/seo\/ -->\n<title>Portekiz Ticari Vize Ba\u015fvuru Formu - Portekiz Vize - MyVize<\/title>\n<meta name=\"description\" content=\"Portekiz Ticari Vize Ba\u015fvuru Formu Nas\u0131l Doldurulur? Portekiz Ticari Vize Ba\u015fvuru Formu \u00f6rne\u011fi 2022. Bilgi \u0130\u00e7in Hemen Aray\u0131n: 0850 346 84 93\" \/>\n<meta name=\"robots\" content=\"index, follow, max-snippet:-1, max-image-preview:large, max-video-preview:-1\" \/>\n<link rel=\"canonical\" href=\"https:\/\/www.myvize.com.tr\/portekiz\/portekiz-ticari-vize-basvuru-formu\/\" \/>\n<meta property=\"og:locale\" content=\"tr_TR\" \/>\n<meta property=\"og:type\" content=\"article\" \/>\n<meta property=\"og:title\" content=\"Portekiz Ticari Vize Ba\u015fvuru Formu - Portekiz Vize - MyVize\" \/>\n<meta property=\"og:description\" content=\"Portekiz Ticari Vize Ba\u015fvuru Formu Nas\u0131l Doldurulur? Portekiz Ticari Vize Ba\u015fvuru Formu \u00f6rne\u011fi 2022. Bilgi \u0130\u00e7in Hemen Aray\u0131n: 0850 346 84 93\" \/>\n<meta property=\"og:url\" content=\"https:\/\/www.myvize.com.tr\/portekiz\/portekiz-ticari-vize-basvuru-formu\/\" \/>\n<meta property=\"og:site_name\" content=\"Portekiz Vize \u0130\u015flemleri &amp; Portekiz Vize Ba\u015fvurusu\" \/>\n<meta property=\"article:modified_time\" content=\"2022-06-23T09:15:44+00:00\" \/>\n<meta property=\"og:image\" content=\"https:\/\/www.myvize.com.tr\/portekiz\/wp-content\/uploads\/2021\/10\/27.jpg\" \/>\n<meta name=\"twitter:card\" content=\"summary_large_image\" \/>\n<meta name=\"twitter:label1\" content=\"Tahmini okuma s\u00fcresi\" \/>\n\t<meta name=\"twitter:data1\" content=\"3 dakika\" \/>\n<script type=\"application\/ld+json\" class=\"yoast-schema-graph\">{\"@context\":\"https:\/\/schema.org\",\"@graph\":[{\"@type\":\"WebPage\",\"@id\":\"https:\/\/www.myvize.com.tr\/portekiz\/portekiz-ticari-vize-basvuru-formu\/\",\"url\":\"https:\/\/www.myvize.com.tr\/portekiz\/portekiz-ticari-vize-basvuru-formu\/\",\"name\":\"Portekiz Ticari Vize Ba\u015fvuru Formu - Portekiz Vize - MyVize\",\"isPartOf\":{\"@id\":\"https:\/\/www.myvize.com.tr\/portekiz\/#website\"},\"primaryImageOfPage\":{\"@id\":\"https:\/\/www.myvize.com.tr\/portekiz\/portekiz-ticari-vize-basvuru-formu\/#primaryimage\"},\"image\":{\"@id\":\"https:\/\/www.myvize.com.tr\/portekiz\/portekiz-ticari-vize-basvuru-formu\/#primaryimage\"},\"thumbnailUrl\":\"https:\/\/www.myvize.com.tr\/portekiz\/wp-content\/uploads\/2021\/10\/27.jpg\",\"datePublished\":\"2021-09-15T13:38:37+00:00\",\"dateModified\":\"2022-06-23T09:15:44+00:00\",\"description\":\"Portekiz Ticari Vize Ba\u015fvuru Formu Nas\u0131l Doldurulur? Portekiz Ticari Vize Ba\u015fvuru Formu \u00f6rne\u011fi 2022. Bilgi \u0130\u00e7in Hemen Aray\u0131n: 0850 346 84 93\",\"breadcrumb\":{\"@id\":\"https:\/\/www.myvize.com.tr\/portekiz\/portekiz-ticari-vize-basvuru-formu\/#breadcrumb\"},\"inLanguage\":\"tr\",\"potentialAction\":[{\"@type\":\"ReadAction\",\"target\":[\"https:\/\/www.myvize.com.tr\/portekiz\/portekiz-ticari-vize-basvuru-formu\/\"]}]},{\"@type\":\"ImageObject\",\"inLanguage\":\"tr\",\"@id\":\"https:\/\/www.myvize.com.tr\/portekiz\/portekiz-ticari-vize-basvuru-formu\/#primaryimage\",\"url\":\"https:\/\/www.myvize.com.tr\/portekiz\/wp-content\/uploads\/2021\/10\/27.jpg\",\"contentUrl\":\"https:\/\/www.myvize.com.tr\/portekiz\/wp-content\/uploads\/2021\/10\/27.jpg\",\"width\":800,\"height\":500,\"caption\":\"Portekiz Ticari Vize Ba\u015fvuru Formu\"},{\"@type\":\"BreadcrumbList\",\"@id\":\"https:\/\/www.myvize.com.tr\/portekiz\/portekiz-ticari-vize-basvuru-formu\/#breadcrumb\",\"itemListElement\":[{\"@type\":\"ListItem\",\"position\":1,\"name\":\"Anasayfa\",\"item\":\"https:\/\/www.myvize.com.tr\/portekiz\/\"},{\"@type\":\"ListItem\",\"position\":2,\"name\":\"Portekiz Ticari Vize Ba\u015fvuru Formu\"}]},{\"@type\":\"WebSite\",\"@id\":\"https:\/\/www.myvize.com.tr\/portekiz\/#website\",\"url\":\"https:\/\/www.myvize.com.tr\/portekiz\/\",\"name\":\"Portekiz Vize \u0130\u015flemleri &amp; Portekiz Vize Ba\u015fvurusu\",\"description\":\"\",\"potentialAction\":[{\"@type\":\"SearchAction\",\"target\":{\"@type\":\"EntryPoint\",\"urlTemplate\":\"https:\/\/www.myvize.com.tr\/portekiz\/?s={search_term_string}\"},\"query-input\":{\"@type\":\"PropertyValueSpecification\",\"valueRequired\":true,\"valueName\":\"search_term_string\"}}],\"inLanguage\":\"tr\"}]}<\/script>\n<!-- \/ Yoast SEO plugin. -->","yoast_head_json":{"title":"Portekiz Ticari Vize Ba\u015fvuru Formu - Portekiz Vize - MyVize","description":"Portekiz Ticari Vize Ba\u015fvuru Formu Nas\u0131l Doldurulur? Portekiz Ticari Vize Ba\u015fvuru Formu \u00f6rne\u011fi 2022. Bilgi \u0130\u00e7in Hemen Aray\u0131n: 0850 346 84 93","robots":{"index":"index","follow":"follow","max-snippet":"max-snippet:-1","max-image-preview":"max-image-preview:large","max-video-preview":"max-video-preview:-1"},"canonical":"https:\/\/www.myvize.com.tr\/portekiz\/portekiz-ticari-vize-basvuru-formu\/","og_locale":"tr_TR","og_type":"article","og_title":"Portekiz Ticari Vize Ba\u015fvuru Formu - Portekiz Vize - MyVize","og_description":"Portekiz Ticari Vize Ba\u015fvuru Formu Nas\u0131l Doldurulur? Portekiz Ticari Vize Ba\u015fvuru Formu \u00f6rne\u011fi 2022. Bilgi \u0130\u00e7in Hemen Aray\u0131n: 0850 346 84 93","og_url":"https:\/\/www.myvize.com.tr\/portekiz\/portekiz-ticari-vize-basvuru-formu\/","og_site_name":"Portekiz Vize \u0130\u015flemleri &amp; Portekiz Vize Ba\u015fvurusu","article_modified_time":"2022-06-23T09:15:44+00:00","og_image":[{"url":"https:\/\/www.myvize.com.tr\/portekiz\/wp-content\/uploads\/2021\/10\/27.jpg","type":"","width":"","height":""}],"twitter_card":"summary_large_image","twitter_misc":{"Tahmini okuma s\u00fcresi":"3 dakika"},"schema":{"@context":"https:\/\/schema.org","@graph":[{"@type":"WebPage","@id":"https:\/\/www.myvize.com.tr\/portekiz\/portekiz-ticari-vize-basvuru-formu\/","url":"https:\/\/www.myvize.com.tr\/portekiz\/portekiz-ticari-vize-basvuru-formu\/","name":"Portekiz Ticari Vize Ba\u015fvuru Formu - Portekiz Vize - MyVize","isPartOf":{"@id":"https:\/\/www.myvize.com.tr\/portekiz\/#website"},"primaryImageOfPage":{"@id":"https:\/\/www.myvize.com.tr\/portekiz\/portekiz-ticari-vize-basvuru-formu\/#primaryimage"},"image":{"@id":"https:\/\/www.myvize.com.tr\/portekiz\/portekiz-ticari-vize-basvuru-formu\/#primaryimage"},"thumbnailUrl":"https:\/\/www.myvize.com.tr\/portekiz\/wp-content\/uploads\/2021\/10\/27.jpg","datePublished":"2021-09-15T13:38:37+00:00","dateModified":"2022-06-23T09:15:44+00:00","description":"Portekiz Ticari Vize Ba\u015fvuru Formu Nas\u0131l Doldurulur? Portekiz Ticari Vize Ba\u015fvuru Formu \u00f6rne\u011fi 2022. Bilgi \u0130\u00e7in Hemen Aray\u0131n: 0850 346 84 93","breadcrumb":{"@id":"https:\/\/www.myvize.com.tr\/portekiz\/portekiz-ticari-vize-basvuru-formu\/#breadcrumb"},"inLanguage":"tr","potentialAction":[{"@type":"ReadAction","target":["https:\/\/www.myvize.com.tr\/portekiz\/portekiz-ticari-vize-basvuru-formu\/"]}]},{"@type":"ImageObject","inLanguage":"tr","@id":"https:\/\/www.myvize.com.tr\/portekiz\/portekiz-ticari-vize-basvuru-formu\/#primaryimage","url":"https:\/\/www.myvize.com.tr\/portekiz\/wp-content\/uploads\/2021\/10\/27.jpg","contentUrl":"https:\/\/www.myvize.com.tr\/portekiz\/wp-content\/uploads\/2021\/10\/27.jpg","width":800,"height":500,"caption":"Portekiz Ticari Vize Ba\u015fvuru Formu"},{"@type":"BreadcrumbList","@id":"https:\/\/www.myvize.com.tr\/portekiz\/portekiz-ticari-vize-basvuru-formu\/#breadcrumb","itemListElement":[{"@type":"ListItem","position":1,"name":"Anasayfa","item":"https:\/\/www.myvize.com.tr\/portekiz\/"},{"@type":"ListItem","position":2,"name":"Portekiz Ticari Vize Ba\u015fvuru Formu"}]},{"@type":"WebSite","@id":"https:\/\/www.myvize.com.tr\/portekiz\/#website","url":"https:\/\/www.myvize.com.tr\/portekiz\/","name":"Portekiz Vize \u0130\u015flemleri &amp; Portekiz Vize Ba\u015fvurusu","description":"","potentialAction":[{"@type":"SearchAction","target":{"@type":"EntryPoint","urlTemplate":"https:\/\/www.myvize.com.tr\/portekiz\/?s={search_term_string}"},"query-input":{"@type":"PropertyValueSpecification","valueRequired":true,"valueName":"search_term_string"}}],"inLanguage":"tr"}]}},"_links":{"self":[{"href":"https:\/\/www.myvize.com.tr\/portekiz\/wp-json\/wp\/v2\/pages\/349","targetHints":{"allow":["GET"]}}],"collection":[{"href":"https:\/\/www.myvize.com.tr\/portekiz\/wp-json\/wp\/v2\/pages"}],"about":[{"href":"https:\/\/www.myvize.com.tr\/portekiz\/wp-json\/wp\/v2\/types\/page"}],"author":[{"embeddable":true,"href":"https:\/\/www.myvize.com.tr\/portekiz\/wp-json\/wp\/v2\/users\/1"}],"replies":[{"embeddable":true,"href":"https:\/\/www.myvize.com.tr\/portekiz\/wp-json\/wp\/v2\/comments?post=349"}],"version-history":[{"count":6,"href":"https:\/\/www.myvize.com.tr\/portekiz\/wp-json\/wp\/v2\/pages\/349\/revisions"}],"predecessor-version":[{"id":791,"href":"https:\/\/www.myvize.com.tr\/portekiz\/wp-json\/wp\/v2\/pages\/349\/revisions\/791"}],"wp:attachment":[{"href":"https:\/\/www.myvize.com.tr\/portekiz\/wp-json\/wp\/v2\/media?parent=349"}],"curies":[{"name":"wp","href":"https:\/\/api.w.org\/{rel}","templated":true}]}}