{"id":53,"date":"2020-11-30T12:50:00","date_gmt":"2020-11-30T09:50:00","guid":{"rendered":"https:\/\/www.myvize.com.tr\/portekiz\/?page_id=53"},"modified":"2022-07-07T13:09:30","modified_gmt":"2022-07-07T10:09:30","slug":"portekiz-universite-egitimi","status":"publish","type":"page","link":"https:\/\/www.myvize.com.tr\/portekiz\/vize-islemleri\/portekiz-universite-egitimi\/","title":{"rendered":"Portekiz \u00dcniversite E\u011fitimi"},"content":{"rendered":"<p><span style=\"font-family: Roboto; font-size: 14px;\"><strong>\u00dcniversite e\u011fitimi<\/strong> almak isteyenler, bunun i\u00e7in \u00e7ok fazla se\u00e7ene\u011fi de\u011ferlendirebilirler. Portekiz\u2019de \u00fcniversite e\u011fitimi almak isteyenler i\u00e7in \u00e7ok uygun imk\u00e2nlar sunar. Portekiz\u2019in e\u011fitim sistemi son derece kaliteli olup, k\u00f6kl\u00fc bir ge\u00e7mi\u015fe sahiptir. Portekiz\u2019de e\u011fitim almak isteyenler bununla farkl\u0131 bir hayata ad\u0131m atarlar.<\/span><\/p>\n<p><span style=\"font-family: Roboto; font-size: 14px;\">Sosyal \u00e7evresi, ya\u015fam standard\u0131 a\u00e7\u0131s\u0131ndan en uygun \u00fclkeler aras\u0131nda yer al\u0131r.\u00a0<span style=\"color: #2acec2;\"><strong><a style=\"color: #2acec2;\" href=\"https:\/\/www.myvize.com.tr\/portekiz\/vize-islemleri\/portekiz-vizesi\/\" target=\"_blank\" rel=\"noopener\">Portekiz vizesi\u00a0<\/a><\/strong><\/span>i\u015flemleri yap\u0131larak ki\u015filer bu \u00fclkede e\u011fitimlere k\u0131sa s\u00fcrede kat\u0131lma \u015fans\u0131 elde edebilirler. Buradan al\u0131nan e\u011fitim sonunda pek fazla \u00fclkede \u00e7al\u0131\u015fabilmek i\u00e7in de avantaj sa\u011flanabilir. Portekiz \u00fczerinden al\u0131nan diplomalar uluslararas\u0131 olup pek \u00e7ok \u00fclkede ge\u00e7erlili\u011fe sahiptir.<\/span><\/p>\n<p><span style=\"font-family: Roboto; font-size: 14px;\"><span style=\"color: #2acec2;\"><strong><a style=\"color: #2acec2;\" href=\"https:\/\/www.myvize.com.tr\/portekiz\/vize-basvurusu\/\" target=\"_blank\" rel=\"noopener\">Portekiz vize ba\u015fvurusu<\/a><\/strong><\/span>\u00a0yaparak \u00fclkede yer almak isteyenler, farkl\u0131 \u00fcniversitelerden e\u011fitim alma \u015fans\u0131n\u0131 yakalayabilirler. Bu \u00fclkede \u00fcniversite e\u011fitimi i\u00e7in mutlaka okullardan kabul mektubu al\u0131nmas\u0131 gereklidir. Portekiz\u2019de e\u011fitim alabilmek i\u00e7in farkl\u0131 \u00fcniversite se\u00e7enekleri mevcuttur. Oporto, Coimbra, gibi \u00fcniversitelerde e\u011fitim alanlar, farkl\u0131 bir hayata ad\u0131m atabilmek i\u00e7in ilk ad\u0131m\u0131 atabilirler.\u00a0<strong>Portekiz Konsoloslu\u011fu\u00a0<\/strong>vize merkezlerine <strong>e\u011fitim vizesi<\/strong> i\u00e7in gerekli evraklar\u0131 teslim etmeniz vize i\u015flemlerini ba\u015flatman\u0131z i\u00e7in yeterli olmaktad\u0131r.<\/span><\/p>\n<p><span style=\"font-family: Roboto; font-size: 14px;\">Eski binalar, g\u00fczel manzara ve heyecan veren ya\u015fam\u0131, Portekiz\u2019de okuyanlar\u0131n e\u011flenceli bir ya\u015fama sahip olmas\u0131n\u0131 sa\u011flar. \u0130ber Yar\u0131madas\u0131\u2019nda yer alan \u0130spanya \u00fclkesi G\u00fcney Avrupa\u2019dad\u0131r. \u00c7ok k\u00fclt\u00fcrl\u00fc bir \u00fclke olan Portekiz\u2019de \u00e7ok fazla ki\u015fi e\u011fitim alma hayali kurar. Bunun i\u00e7in \u00f6nemli olan karar verilebilmesidir. Bu s\u00fcre\u00e7ten sonra e\u011fitime hak kazan\u0131l\u0131r ve gelecekle alakal\u0131 \u00e7ok fazla avantaja sahip olunur. Gelece\u011fiyle alakal\u0131 e\u011fitim planlar\u0131 kuranlar ald\u0131klar\u0131 e\u011fitimden sonra mutlaka memnun kal\u0131rlar.<\/span><\/p>\n<p><img decoding=\"async\" src=\"https:\/\/www.myvize.com.tr\/portekiz\/wp-content\/uploads\/2021\/10\/25.jpg\" \/><\/p>\n","protected":false},"excerpt":{"rendered":"<p>\u00dcniversite e\u011fitimi almak isteyenler, bunun i\u00e7in \u00e7ok fazla se\u00e7ene\u011fi de\u011ferlendirebilirler. Portekiz\u2019de \u00fcniversite e\u011fitimi almak isteyenler i\u00e7in \u00e7ok uygun imk\u00e2nlar sunar. Portekiz\u2019in e\u011fitim sistemi son derece kaliteli olup, k\u00f6kl\u00fc bir ge\u00e7mi\u015fe sahiptir. Portekiz\u2019de e\u011fitim almak isteyenler bununla farkl\u0131 bir hayata ad\u0131m atarlar. Sosyal \u00e7evresi, ya\u015fam standard\u0131 a\u00e7\u0131s\u0131ndan en uygun \u00fclkeler aras\u0131nda yer al\u0131r.\u00a0Portekiz vizesi\u00a0i\u015flemleri yap\u0131larak ki\u015filer<\/p>\n","protected":false},"author":1,"featured_media":0,"parent":18,"menu_order":0,"comment_status":"open","ping_status":"closed","template":"","meta":{"footnotes":""},"class_list":["post-53","page","type-page","status-publish","hentry"],"yoast_head":"<!-- This site is optimized with the Yoast SEO plugin v24.0 - https:\/\/yoast.com\/wordpress\/plugins\/seo\/ -->\n<title>Portekiz \u00dcniversite E\u011fitim Vizesi - MyVize<\/title>\n<meta name=\"description\" content=\"Portekiz \u00fcniversite e\u011fitim vize ba\u015fvurusu evrak listesi. Portekiz \u00fcniversite e\u011fitim belgeleri ve \u015fartlar\u0131 i\u00e7in ileti\u015fime ge\u00e7ebilirsiniz.\" \/>\n<meta name=\"robots\" content=\"index, follow, max-snippet:-1, max-image-preview:large, max-video-preview:-1\" \/>\n<link rel=\"canonical\" href=\"https:\/\/www.myvize.com.tr\/portekiz\/vize-islemleri\/portekiz-universite-egitimi\/\" \/>\n<meta property=\"og:locale\" content=\"tr_TR\" \/>\n<meta property=\"og:type\" content=\"article\" \/>\n<meta property=\"og:title\" content=\"Portekiz \u00dcniversite E\u011fitim Vizesi - MyVize\" \/>\n<meta property=\"og:description\" content=\"Portekiz \u00fcniversite e\u011fitim vize ba\u015fvurusu evrak listesi. Portekiz \u00fcniversite e\u011fitim belgeleri ve \u015fartlar\u0131 i\u00e7in ileti\u015fime ge\u00e7ebilirsiniz.\" \/>\n<meta property=\"og:url\" content=\"https:\/\/www.myvize.com.tr\/portekiz\/vize-islemleri\/portekiz-universite-egitimi\/\" \/>\n<meta property=\"og:site_name\" content=\"Portekiz Vize \u0130\u015flemleri &amp; Portekiz Vize Ba\u015fvurusu\" \/>\n<meta property=\"article:modified_time\" content=\"2022-07-07T10:09:30+00:00\" \/>\n<meta property=\"og:image\" content=\"https:\/\/www.myvize.com.tr\/portekiz\/wp-content\/uploads\/2021\/10\/25.jpg\" \/>\n<meta name=\"twitter:card\" content=\"summary_large_image\" \/>\n<meta name=\"twitter:label1\" content=\"Tahmini okuma s\u00fcresi\" \/>\n\t<meta name=\"twitter:data1\" content=\"2 dakika\" \/>\n<script type=\"application\/ld+json\" class=\"yoast-schema-graph\">{\"@context\":\"https:\/\/schema.org\",\"@graph\":[{\"@type\":\"WebPage\",\"@id\":\"https:\/\/www.myvize.com.tr\/portekiz\/vize-islemleri\/portekiz-universite-egitimi\/\",\"url\":\"https:\/\/www.myvize.com.tr\/portekiz\/vize-islemleri\/portekiz-universite-egitimi\/\",\"name\":\"Portekiz \u00dcniversite E\u011fitim Vizesi - MyVize\",\"isPartOf\":{\"@id\":\"https:\/\/www.myvize.com.tr\/portekiz\/#website\"},\"primaryImageOfPage\":{\"@id\":\"https:\/\/www.myvize.com.tr\/portekiz\/vize-islemleri\/portekiz-universite-egitimi\/#primaryimage\"},\"image\":{\"@id\":\"https:\/\/www.myvize.com.tr\/portekiz\/vize-islemleri\/portekiz-universite-egitimi\/#primaryimage\"},\"thumbnailUrl\":\"https:\/\/www.myvize.com.tr\/portekiz\/wp-content\/uploads\/2021\/10\/25.jpg\",\"datePublished\":\"2020-11-30T09:50:00+00:00\",\"dateModified\":\"2022-07-07T10:09:30+00:00\",\"description\":\"Portekiz \u00fcniversite e\u011fitim vize ba\u015fvurusu evrak listesi. Portekiz \u00fcniversite e\u011fitim belgeleri ve \u015fartlar\u0131 i\u00e7in ileti\u015fime ge\u00e7ebilirsiniz.\",\"breadcrumb\":{\"@id\":\"https:\/\/www.myvize.com.tr\/portekiz\/vize-islemleri\/portekiz-universite-egitimi\/#breadcrumb\"},\"inLanguage\":\"tr\",\"potentialAction\":[{\"@type\":\"ReadAction\",\"target\":[\"https:\/\/www.myvize.com.tr\/portekiz\/vize-islemleri\/portekiz-universite-egitimi\/\"]}]},{\"@type\":\"ImageObject\",\"inLanguage\":\"tr\",\"@id\":\"https:\/\/www.myvize.com.tr\/portekiz\/vize-islemleri\/portekiz-universite-egitimi\/#primaryimage\",\"url\":\"https:\/\/www.myvize.com.tr\/portekiz\/wp-content\/uploads\/2021\/10\/25.jpg\",\"contentUrl\":\"https:\/\/www.myvize.com.tr\/portekiz\/wp-content\/uploads\/2021\/10\/25.jpg\",\"width\":800,\"height\":500,\"caption\":\"Portekiz \u00dcniversite E\u011fitimi\"},{\"@type\":\"BreadcrumbList\",\"@id\":\"https:\/\/www.myvize.com.tr\/portekiz\/vize-islemleri\/portekiz-universite-egitimi\/#breadcrumb\",\"itemListElement\":[{\"@type\":\"ListItem\",\"position\":1,\"name\":\"Anasayfa\",\"item\":\"https:\/\/www.myvize.com.tr\/portekiz\/\"},{\"@type\":\"ListItem\",\"position\":2,\"name\":\"PORTEK\u0130Z V\u0130ZE \u0130\u015eLEMLER\u0130\",\"item\":\"https:\/\/www.myvize.com.tr\/portekiz\/vize-islemleri\/\"},{\"@type\":\"ListItem\",\"position\":3,\"name\":\"Portekiz \u00dcniversite E\u011fitimi\"}]},{\"@type\":\"WebSite\",\"@id\":\"https:\/\/www.myvize.com.tr\/portekiz\/#website\",\"url\":\"https:\/\/www.myvize.com.tr\/portekiz\/\",\"name\":\"Portekiz Vize \u0130\u015flemleri &amp; Portekiz Vize Ba\u015fvurusu\",\"description\":\"\",\"potentialAction\":[{\"@type\":\"SearchAction\",\"target\":{\"@type\":\"EntryPoint\",\"urlTemplate\":\"https:\/\/www.myvize.com.tr\/portekiz\/?s={search_term_string}\"},\"query-input\":{\"@type\":\"PropertyValueSpecification\",\"valueRequired\":true,\"valueName\":\"search_term_string\"}}],\"inLanguage\":\"tr\"}]}<\/script>\n<!-- \/ Yoast SEO plugin. -->","yoast_head_json":{"title":"Portekiz \u00dcniversite E\u011fitim Vizesi - MyVize","description":"Portekiz \u00fcniversite e\u011fitim vize ba\u015fvurusu evrak listesi. Portekiz \u00fcniversite e\u011fitim belgeleri ve \u015fartlar\u0131 i\u00e7in ileti\u015fime ge\u00e7ebilirsiniz.","robots":{"index":"index","follow":"follow","max-snippet":"max-snippet:-1","max-image-preview":"max-image-preview:large","max-video-preview":"max-video-preview:-1"},"canonical":"https:\/\/www.myvize.com.tr\/portekiz\/vize-islemleri\/portekiz-universite-egitimi\/","og_locale":"tr_TR","og_type":"article","og_title":"Portekiz \u00dcniversite E\u011fitim Vizesi - MyVize","og_description":"Portekiz \u00fcniversite e\u011fitim vize ba\u015fvurusu evrak listesi. Portekiz \u00fcniversite e\u011fitim belgeleri ve \u015fartlar\u0131 i\u00e7in ileti\u015fime ge\u00e7ebilirsiniz.","og_url":"https:\/\/www.myvize.com.tr\/portekiz\/vize-islemleri\/portekiz-universite-egitimi\/","og_site_name":"Portekiz Vize \u0130\u015flemleri &amp; Portekiz Vize Ba\u015fvurusu","article_modified_time":"2022-07-07T10:09:30+00:00","og_image":[{"url":"https:\/\/www.myvize.com.tr\/portekiz\/wp-content\/uploads\/2021\/10\/25.jpg","type":"","width":"","height":""}],"twitter_card":"summary_large_image","twitter_misc":{"Tahmini okuma s\u00fcresi":"2 dakika"},"schema":{"@context":"https:\/\/schema.org","@graph":[{"@type":"WebPage","@id":"https:\/\/www.myvize.com.tr\/portekiz\/vize-islemleri\/portekiz-universite-egitimi\/","url":"https:\/\/www.myvize.com.tr\/portekiz\/vize-islemleri\/portekiz-universite-egitimi\/","name":"Portekiz \u00dcniversite E\u011fitim Vizesi - MyVize","isPartOf":{"@id":"https:\/\/www.myvize.com.tr\/portekiz\/#website"},"primaryImageOfPage":{"@id":"https:\/\/www.myvize.com.tr\/portekiz\/vize-islemleri\/portekiz-universite-egitimi\/#primaryimage"},"image":{"@id":"https:\/\/www.myvize.com.tr\/portekiz\/vize-islemleri\/portekiz-universite-egitimi\/#primaryimage"},"thumbnailUrl":"https:\/\/www.myvize.com.tr\/portekiz\/wp-content\/uploads\/2021\/10\/25.jpg","datePublished":"2020-11-30T09:50:00+00:00","dateModified":"2022-07-07T10:09:30+00:00","description":"Portekiz \u00fcniversite e\u011fitim vize ba\u015fvurusu evrak listesi. Portekiz \u00fcniversite e\u011fitim belgeleri ve \u015fartlar\u0131 i\u00e7in ileti\u015fime ge\u00e7ebilirsiniz.","breadcrumb":{"@id":"https:\/\/www.myvize.com.tr\/portekiz\/vize-islemleri\/portekiz-universite-egitimi\/#breadcrumb"},"inLanguage":"tr","potentialAction":[{"@type":"ReadAction","target":["https:\/\/www.myvize.com.tr\/portekiz\/vize-islemleri\/portekiz-universite-egitimi\/"]}]},{"@type":"ImageObject","inLanguage":"tr","@id":"https:\/\/www.myvize.com.tr\/portekiz\/vize-islemleri\/portekiz-universite-egitimi\/#primaryimage","url":"https:\/\/www.myvize.com.tr\/portekiz\/wp-content\/uploads\/2021\/10\/25.jpg","contentUrl":"https:\/\/www.myvize.com.tr\/portekiz\/wp-content\/uploads\/2021\/10\/25.jpg","width":800,"height":500,"caption":"Portekiz \u00dcniversite E\u011fitimi"},{"@type":"BreadcrumbList","@id":"https:\/\/www.myvize.com.tr\/portekiz\/vize-islemleri\/portekiz-universite-egitimi\/#breadcrumb","itemListElement":[{"@type":"ListItem","position":1,"name":"Anasayfa","item":"https:\/\/www.myvize.com.tr\/portekiz\/"},{"@type":"ListItem","position":2,"name":"PORTEK\u0130Z V\u0130ZE \u0130\u015eLEMLER\u0130","item":"https:\/\/www.myvize.com.tr\/portekiz\/vize-islemleri\/"},{"@type":"ListItem","position":3,"name":"Portekiz \u00dcniversite E\u011fitimi"}]},{"@type":"WebSite","@id":"https:\/\/www.myvize.com.tr\/portekiz\/#website","url":"https:\/\/www.myvize.com.tr\/portekiz\/","name":"Portekiz Vize \u0130\u015flemleri &amp; Portekiz Vize Ba\u015fvurusu","description":"","potentialAction":[{"@type":"SearchAction","target":{"@type":"EntryPoint","urlTemplate":"https:\/\/www.myvize.com.tr\/portekiz\/?s={search_term_string}"},"query-input":{"@type":"PropertyValueSpecification","valueRequired":true,"valueName":"search_term_string"}}],"inLanguage":"tr"}]}},"_links":{"self":[{"href":"https:\/\/www.myvize.com.tr\/portekiz\/wp-json\/wp\/v2\/pages\/53","targetHints":{"allow":["GET"]}}],"collection":[{"href":"https:\/\/www.myvize.com.tr\/portekiz\/wp-json\/wp\/v2\/pages"}],"about":[{"href":"https:\/\/www.myvize.com.tr\/portekiz\/wp-json\/wp\/v2\/types\/page"}],"author":[{"embeddable":true,"href":"https:\/\/www.myvize.com.tr\/portekiz\/wp-json\/wp\/v2\/users\/1"}],"replies":[{"embeddable":true,"href":"https:\/\/www.myvize.com.tr\/portekiz\/wp-json\/wp\/v2\/comments?post=53"}],"version-history":[{"count":6,"href":"https:\/\/www.myvize.com.tr\/portekiz\/wp-json\/wp\/v2\/pages\/53\/revisions"}],"predecessor-version":[{"id":801,"href":"https:\/\/www.myvize.com.tr\/portekiz\/wp-json\/wp\/v2\/pages\/53\/revisions\/801"}],"up":[{"embeddable":true,"href":"https:\/\/www.myvize.com.tr\/portekiz\/wp-json\/wp\/v2\/pages\/18"}],"wp:attachment":[{"href":"https:\/\/www.myvize.com.tr\/portekiz\/wp-json\/wp\/v2\/media?parent=53"}],"curies":[{"name":"wp","href":"https:\/\/api.w.org\/{rel}","templated":true}]}}