{"id":55,"date":"2020-11-30T12:50:43","date_gmt":"2020-11-30T09:50:43","guid":{"rendered":"https:\/\/www.myvize.com.tr\/portekiz\/?page_id=55"},"modified":"2022-04-27T16:19:40","modified_gmt":"2022-04-27T13:19:40","slug":"turkiyede-oturum-ve-calisma-izni","status":"publish","type":"page","link":"https:\/\/www.myvize.com.tr\/portekiz\/vize-islemleri\/turkiyede-oturum-ve-calisma-izni\/","title":{"rendered":"Portekiz T\u00fcrkiye&#8217;de Oturum ve \u00c7al\u0131\u015fma \u0130zni"},"content":{"rendered":"<h2><strong><span style=\"font-size: 27px; font-family: Roboto;\">Portekiz T\u00fcrkiye&#8217;de Oturum ve \u00c7al\u0131\u015fma \u0130zni Hakk\u0131nda<\/span><\/strong><\/h2>\n<p><span style=\"font-family: Roboto; font-size: 14px;\">Portekiz\u2019de ya\u015famak ya da \u00e7al\u0131\u015fmak pek \u00e7ok insan\u0131n hayalleri aras\u0131nda yer al\u0131r. Bu hayalleri olan ki\u015filer, bunun i\u00e7in<strong> oturum ve \u00e7al\u0131\u015fma izni<\/strong> almal\u0131d\u0131r. B\u00f6ylece Portekiz\u2019de oturmak hayalden \u00f6te bir hal al\u0131r. 90 g\u00fcn\u00fcn \u00fczerindeki ikametler i\u00e7in, mutlaka oturum izni al\u0131nmas\u0131 gerekir. Oturum izninin al\u0131nabilmesi pek \u00e7ok vize arac\u0131l\u0131\u011f\u0131yla sa\u011flanabilir.<\/span><\/p>\n<p><span style=\"font-family: Roboto; font-size: 14px;\">Bunun i\u00e7in dan\u0131\u015fmanl\u0131k hizmeti veren yerlerden de yard\u0131m al\u0131nabilir. Bu \u015fekilde vize alma ve oturum s\u00fcreci gibi durumlar daha h\u0131zl\u0131 sonu\u00e7land\u0131r\u0131l\u0131r. Portekiz\u2019de <strong>oturum ve \u00e7al\u0131\u015fma izni<\/strong> olmayanlar su\u00e7 i\u015flemi\u015f olarak kabul g\u00f6r\u00fcr. Bu nedenle <strong>oturum ve \u00e7al\u0131\u015fma izni<\/strong> belgesi \u00e7ok \u00f6nemlidir. Mutlaka al\u0131nmas\u0131 gerekir.\u00a0<span style=\"color: #2acec2;\"><strong><a style=\"color: #2acec2;\" href=\"https:\/\/www.myvize.com.tr\/portekiz\/vize-islemleri\/portekiz-vizesi\/\" target=\"_blank\" rel=\"noopener\">Portekiz vizesi\u00a0<\/a><\/strong><\/span>almadan bu izinle de \u00fclkede bulunulabilir.<\/span><\/p>\n<p><span style=\"font-family: Roboto; font-size: 14px;\"><strong>Portekiz vatanda\u015f\u0131<\/strong> olup T\u00fcrkiye\u2019de oturmak isteyen vatanda\u015flar, \u00c7al\u0131\u015fma ve Sosyal G\u00fcvenlik Bakanl\u0131\u011f\u0131na ba\u015fvurmal\u0131d\u0131r. Portekiz uyruklu olanlar ba\u015fvurular\u0131n\u0131 kendi \u00fclkesinden yapacaksa, bunun i\u00e7inde T\u00fcrkiye Konsoloslu\u011funa ba\u015fvurmal\u0131d\u0131r.\u00a0<strong>Portekiz Konsoloslu\u011fu\u00a0<\/strong>gibi T\u00fcrk Konsoloslu\u011fu da bu konuda \u00e7ok titiz \u00e7al\u0131\u015f\u0131r.<\/span><\/p>\n<p><span style=\"font-family: Roboto; font-size: 14px;\">Gerekli belgelerin haz\u0131rlanmas\u0131 ve yetkili mercilere verilmesi yeterlidir. B\u00f6ylelikle ilk ad\u0131m at\u0131lm\u0131\u015f olur.\u00a0<strong>Portekiz vize ba\u015fvurusu<\/strong> di\u011fer vize t\u00fcrleri i\u00e7in ge\u00e7erli olup, istenen vize t\u00fcr\u00fcne uygun olan evraklar\u0131n haz\u0131rlanmas\u0131 gerekir. Evraklar eksiksiz ve do\u011fru bir \u015fekilde haz\u0131rland\u0131\u011f\u0131 zaman vize almak daha da kolayla\u015f\u0131r. <span style=\"color: #2acec2;\"><strong><a style=\"color: #2acec2;\" href=\"https:\/\/www.myvize.com.tr\/portekiz\/vize-islemleri\/portekiz-vize-randevusu\/\" target=\"_blank\" rel=\"noopener\">Portekiz Vize randevusu<\/a><\/strong><\/span> ya da vize reddi gibi durumlar, vize s\u00fcrecinde olan ki\u015filerin en s\u0131k kar\u015f\u0131la\u015fabilece\u011fi durumlar aras\u0131nda yer al\u0131r.<\/span><\/p>\n<p><img decoding=\"async\" src=\"https:\/\/www.myvize.com.tr\/portekiz\/wp-content\/uploads\/2021\/10\/26.jpg\" \/><\/p>\n","protected":false},"excerpt":{"rendered":"<p>Portekiz T\u00fcrkiye&#8217;de Oturum ve \u00c7al\u0131\u015fma \u0130zni Hakk\u0131nda Portekiz\u2019de ya\u015famak ya da \u00e7al\u0131\u015fmak pek \u00e7ok insan\u0131n hayalleri aras\u0131nda yer al\u0131r. Bu hayalleri olan ki\u015filer, bunun i\u00e7in oturum ve \u00e7al\u0131\u015fma izni almal\u0131d\u0131r. B\u00f6ylece Portekiz\u2019de oturmak hayalden \u00f6te bir hal al\u0131r. 90 g\u00fcn\u00fcn \u00fczerindeki ikametler i\u00e7in, mutlaka oturum izni al\u0131nmas\u0131 gerekir. Oturum izninin al\u0131nabilmesi pek \u00e7ok vize arac\u0131l\u0131\u011f\u0131yla<\/p>\n","protected":false},"author":1,"featured_media":0,"parent":18,"menu_order":0,"comment_status":"open","ping_status":"closed","template":"","meta":{"footnotes":""},"class_list":["post-55","page","type-page","status-publish","hentry"],"yoast_head":"<!-- This site is optimized with the Yoast SEO plugin v24.0 - https:\/\/yoast.com\/wordpress\/plugins\/seo\/ -->\n<title>Portekiz T\u00fcrkiye&#039; de Oturum ve \u00c7al\u0131\u015fma \u0130zni- MyVize<\/title>\n<meta name=\"description\" content=\"Portekiz T\u00fcrkiye&#039; de oturum ve \u00e7al\u0131\u015fma izni vizesi i\u00e7in ofislerimizi ara. T\u00fcrkiye&#039;de oturum ve \u00e7al\u0131\u015fma vizesi i\u00e7in evrak listesi g\u00fcncel.\" \/>\n<meta name=\"robots\" content=\"index, follow, max-snippet:-1, max-image-preview:large, max-video-preview:-1\" \/>\n<link rel=\"canonical\" href=\"https:\/\/www.myvize.com.tr\/portekiz\/vize-islemleri\/turkiyede-oturum-ve-calisma-izni\/\" \/>\n<meta property=\"og:locale\" content=\"tr_TR\" \/>\n<meta property=\"og:type\" content=\"article\" \/>\n<meta property=\"og:title\" content=\"Portekiz T\u00fcrkiye&#039; de Oturum ve \u00c7al\u0131\u015fma \u0130zni- MyVize\" \/>\n<meta property=\"og:description\" content=\"Portekiz T\u00fcrkiye&#039; de oturum ve \u00e7al\u0131\u015fma izni vizesi i\u00e7in ofislerimizi ara. T\u00fcrkiye&#039;de oturum ve \u00e7al\u0131\u015fma vizesi i\u00e7in evrak listesi g\u00fcncel.\" \/>\n<meta property=\"og:url\" content=\"https:\/\/www.myvize.com.tr\/portekiz\/vize-islemleri\/turkiyede-oturum-ve-calisma-izni\/\" \/>\n<meta property=\"og:site_name\" content=\"Portekiz Vize \u0130\u015flemleri &amp; Portekiz Vize Ba\u015fvurusu\" \/>\n<meta property=\"article:modified_time\" content=\"2022-04-27T13:19:40+00:00\" \/>\n<meta property=\"og:image\" content=\"https:\/\/www.myvize.com.tr\/portekiz\/wp-content\/uploads\/2021\/10\/26.jpg\" \/>\n<meta name=\"twitter:card\" content=\"summary_large_image\" \/>\n<meta name=\"twitter:label1\" content=\"Tahmini okuma s\u00fcresi\" \/>\n\t<meta name=\"twitter:data1\" content=\"2 dakika\" \/>\n<script type=\"application\/ld+json\" class=\"yoast-schema-graph\">{\"@context\":\"https:\/\/schema.org\",\"@graph\":[{\"@type\":\"WebPage\",\"@id\":\"https:\/\/www.myvize.com.tr\/portekiz\/vize-islemleri\/turkiyede-oturum-ve-calisma-izni\/\",\"url\":\"https:\/\/www.myvize.com.tr\/portekiz\/vize-islemleri\/turkiyede-oturum-ve-calisma-izni\/\",\"name\":\"Portekiz T\u00fcrkiye' de Oturum ve \u00c7al\u0131\u015fma \u0130zni- MyVize\",\"isPartOf\":{\"@id\":\"https:\/\/www.myvize.com.tr\/portekiz\/#website\"},\"primaryImageOfPage\":{\"@id\":\"https:\/\/www.myvize.com.tr\/portekiz\/vize-islemleri\/turkiyede-oturum-ve-calisma-izni\/#primaryimage\"},\"image\":{\"@id\":\"https:\/\/www.myvize.com.tr\/portekiz\/vize-islemleri\/turkiyede-oturum-ve-calisma-izni\/#primaryimage\"},\"thumbnailUrl\":\"https:\/\/www.myvize.com.tr\/portekiz\/wp-content\/uploads\/2021\/10\/26.jpg\",\"datePublished\":\"2020-11-30T09:50:43+00:00\",\"dateModified\":\"2022-04-27T13:19:40+00:00\",\"description\":\"Portekiz T\u00fcrkiye' de oturum ve \u00e7al\u0131\u015fma izni vizesi i\u00e7in ofislerimizi ara. T\u00fcrkiye'de oturum ve \u00e7al\u0131\u015fma vizesi i\u00e7in evrak listesi g\u00fcncel.\",\"breadcrumb\":{\"@id\":\"https:\/\/www.myvize.com.tr\/portekiz\/vize-islemleri\/turkiyede-oturum-ve-calisma-izni\/#breadcrumb\"},\"inLanguage\":\"tr\",\"potentialAction\":[{\"@type\":\"ReadAction\",\"target\":[\"https:\/\/www.myvize.com.tr\/portekiz\/vize-islemleri\/turkiyede-oturum-ve-calisma-izni\/\"]}]},{\"@type\":\"ImageObject\",\"inLanguage\":\"tr\",\"@id\":\"https:\/\/www.myvize.com.tr\/portekiz\/vize-islemleri\/turkiyede-oturum-ve-calisma-izni\/#primaryimage\",\"url\":\"https:\/\/www.myvize.com.tr\/portekiz\/wp-content\/uploads\/2021\/10\/26.jpg\",\"contentUrl\":\"https:\/\/www.myvize.com.tr\/portekiz\/wp-content\/uploads\/2021\/10\/26.jpg\",\"width\":800,\"height\":500,\"caption\":\"Portekiz T\u00fcrkiye'de Oturum ve \u00c7al\u0131\u015fma \u0130zni\"},{\"@type\":\"BreadcrumbList\",\"@id\":\"https:\/\/www.myvize.com.tr\/portekiz\/vize-islemleri\/turkiyede-oturum-ve-calisma-izni\/#breadcrumb\",\"itemListElement\":[{\"@type\":\"ListItem\",\"position\":1,\"name\":\"Anasayfa\",\"item\":\"https:\/\/www.myvize.com.tr\/portekiz\/\"},{\"@type\":\"ListItem\",\"position\":2,\"name\":\"PORTEK\u0130Z V\u0130ZE \u0130\u015eLEMLER\u0130\",\"item\":\"https:\/\/www.myvize.com.tr\/portekiz\/vize-islemleri\/\"},{\"@type\":\"ListItem\",\"position\":3,\"name\":\"Portekiz T\u00fcrkiye&#8217;de Oturum ve \u00c7al\u0131\u015fma \u0130zni\"}]},{\"@type\":\"WebSite\",\"@id\":\"https:\/\/www.myvize.com.tr\/portekiz\/#website\",\"url\":\"https:\/\/www.myvize.com.tr\/portekiz\/\",\"name\":\"Portekiz Vize \u0130\u015flemleri &amp; Portekiz Vize Ba\u015fvurusu\",\"description\":\"\",\"potentialAction\":[{\"@type\":\"SearchAction\",\"target\":{\"@type\":\"EntryPoint\",\"urlTemplate\":\"https:\/\/www.myvize.com.tr\/portekiz\/?s={search_term_string}\"},\"query-input\":{\"@type\":\"PropertyValueSpecification\",\"valueRequired\":true,\"valueName\":\"search_term_string\"}}],\"inLanguage\":\"tr\"}]}<\/script>\n<!-- \/ Yoast SEO plugin. -->","yoast_head_json":{"title":"Portekiz T\u00fcrkiye' de Oturum ve \u00c7al\u0131\u015fma \u0130zni- MyVize","description":"Portekiz T\u00fcrkiye' de oturum ve \u00e7al\u0131\u015fma izni vizesi i\u00e7in ofislerimizi ara. T\u00fcrkiye'de oturum ve \u00e7al\u0131\u015fma vizesi i\u00e7in evrak listesi g\u00fcncel.","robots":{"index":"index","follow":"follow","max-snippet":"max-snippet:-1","max-image-preview":"max-image-preview:large","max-video-preview":"max-video-preview:-1"},"canonical":"https:\/\/www.myvize.com.tr\/portekiz\/vize-islemleri\/turkiyede-oturum-ve-calisma-izni\/","og_locale":"tr_TR","og_type":"article","og_title":"Portekiz T\u00fcrkiye' de Oturum ve \u00c7al\u0131\u015fma \u0130zni- MyVize","og_description":"Portekiz T\u00fcrkiye' de oturum ve \u00e7al\u0131\u015fma izni vizesi i\u00e7in ofislerimizi ara. T\u00fcrkiye'de oturum ve \u00e7al\u0131\u015fma vizesi i\u00e7in evrak listesi g\u00fcncel.","og_url":"https:\/\/www.myvize.com.tr\/portekiz\/vize-islemleri\/turkiyede-oturum-ve-calisma-izni\/","og_site_name":"Portekiz Vize \u0130\u015flemleri &amp; Portekiz Vize Ba\u015fvurusu","article_modified_time":"2022-04-27T13:19:40+00:00","og_image":[{"url":"https:\/\/www.myvize.com.tr\/portekiz\/wp-content\/uploads\/2021\/10\/26.jpg","type":"","width":"","height":""}],"twitter_card":"summary_large_image","twitter_misc":{"Tahmini okuma s\u00fcresi":"2 dakika"},"schema":{"@context":"https:\/\/schema.org","@graph":[{"@type":"WebPage","@id":"https:\/\/www.myvize.com.tr\/portekiz\/vize-islemleri\/turkiyede-oturum-ve-calisma-izni\/","url":"https:\/\/www.myvize.com.tr\/portekiz\/vize-islemleri\/turkiyede-oturum-ve-calisma-izni\/","name":"Portekiz T\u00fcrkiye' de Oturum ve \u00c7al\u0131\u015fma \u0130zni- MyVize","isPartOf":{"@id":"https:\/\/www.myvize.com.tr\/portekiz\/#website"},"primaryImageOfPage":{"@id":"https:\/\/www.myvize.com.tr\/portekiz\/vize-islemleri\/turkiyede-oturum-ve-calisma-izni\/#primaryimage"},"image":{"@id":"https:\/\/www.myvize.com.tr\/portekiz\/vize-islemleri\/turkiyede-oturum-ve-calisma-izni\/#primaryimage"},"thumbnailUrl":"https:\/\/www.myvize.com.tr\/portekiz\/wp-content\/uploads\/2021\/10\/26.jpg","datePublished":"2020-11-30T09:50:43+00:00","dateModified":"2022-04-27T13:19:40+00:00","description":"Portekiz T\u00fcrkiye' de oturum ve \u00e7al\u0131\u015fma izni vizesi i\u00e7in ofislerimizi ara. T\u00fcrkiye'de oturum ve \u00e7al\u0131\u015fma vizesi i\u00e7in evrak listesi g\u00fcncel.","breadcrumb":{"@id":"https:\/\/www.myvize.com.tr\/portekiz\/vize-islemleri\/turkiyede-oturum-ve-calisma-izni\/#breadcrumb"},"inLanguage":"tr","potentialAction":[{"@type":"ReadAction","target":["https:\/\/www.myvize.com.tr\/portekiz\/vize-islemleri\/turkiyede-oturum-ve-calisma-izni\/"]}]},{"@type":"ImageObject","inLanguage":"tr","@id":"https:\/\/www.myvize.com.tr\/portekiz\/vize-islemleri\/turkiyede-oturum-ve-calisma-izni\/#primaryimage","url":"https:\/\/www.myvize.com.tr\/portekiz\/wp-content\/uploads\/2021\/10\/26.jpg","contentUrl":"https:\/\/www.myvize.com.tr\/portekiz\/wp-content\/uploads\/2021\/10\/26.jpg","width":800,"height":500,"caption":"Portekiz T\u00fcrkiye'de Oturum ve \u00c7al\u0131\u015fma \u0130zni"},{"@type":"BreadcrumbList","@id":"https:\/\/www.myvize.com.tr\/portekiz\/vize-islemleri\/turkiyede-oturum-ve-calisma-izni\/#breadcrumb","itemListElement":[{"@type":"ListItem","position":1,"name":"Anasayfa","item":"https:\/\/www.myvize.com.tr\/portekiz\/"},{"@type":"ListItem","position":2,"name":"PORTEK\u0130Z V\u0130ZE \u0130\u015eLEMLER\u0130","item":"https:\/\/www.myvize.com.tr\/portekiz\/vize-islemleri\/"},{"@type":"ListItem","position":3,"name":"Portekiz T\u00fcrkiye&#8217;de Oturum ve \u00c7al\u0131\u015fma \u0130zni"}]},{"@type":"WebSite","@id":"https:\/\/www.myvize.com.tr\/portekiz\/#website","url":"https:\/\/www.myvize.com.tr\/portekiz\/","name":"Portekiz Vize \u0130\u015flemleri &amp; Portekiz Vize Ba\u015fvurusu","description":"","potentialAction":[{"@type":"SearchAction","target":{"@type":"EntryPoint","urlTemplate":"https:\/\/www.myvize.com.tr\/portekiz\/?s={search_term_string}"},"query-input":{"@type":"PropertyValueSpecification","valueRequired":true,"valueName":"search_term_string"}}],"inLanguage":"tr"}]}},"_links":{"self":[{"href":"https:\/\/www.myvize.com.tr\/portekiz\/wp-json\/wp\/v2\/pages\/55","targetHints":{"allow":["GET"]}}],"collection":[{"href":"https:\/\/www.myvize.com.tr\/portekiz\/wp-json\/wp\/v2\/pages"}],"about":[{"href":"https:\/\/www.myvize.com.tr\/portekiz\/wp-json\/wp\/v2\/types\/page"}],"author":[{"embeddable":true,"href":"https:\/\/www.myvize.com.tr\/portekiz\/wp-json\/wp\/v2\/users\/1"}],"replies":[{"embeddable":true,"href":"https:\/\/www.myvize.com.tr\/portekiz\/wp-json\/wp\/v2\/comments?post=55"}],"version-history":[{"count":5,"href":"https:\/\/www.myvize.com.tr\/portekiz\/wp-json\/wp\/v2\/pages\/55\/revisions"}],"predecessor-version":[{"id":737,"href":"https:\/\/www.myvize.com.tr\/portekiz\/wp-json\/wp\/v2\/pages\/55\/revisions\/737"}],"up":[{"embeddable":true,"href":"https:\/\/www.myvize.com.tr\/portekiz\/wp-json\/wp\/v2\/pages\/18"}],"wp:attachment":[{"href":"https:\/\/www.myvize.com.tr\/portekiz\/wp-json\/wp\/v2\/media?parent=55"}],"curies":[{"name":"wp","href":"https:\/\/api.w.org\/{rel}","templated":true}]}}