{"id":1162,"date":"2022-05-16T12:51:21","date_gmt":"2022-05-16T09:51:21","guid":{"rendered":"https:\/\/www.myvize.com.tr\/romanya\/?page_id=1162"},"modified":"2022-05-16T12:51:32","modified_gmt":"2022-05-16T09:51:32","slug":"romanya-ticari-vize-basvuru-formu","status":"publish","type":"page","link":"https:\/\/www.myvize.com.tr\/romanya\/romanya-ticari-vize-basvuru-formu\/","title":{"rendered":"Romanya Ticari Vize Ba\u015fvuru Formu"},"content":{"rendered":"<h2><strong><span style=\"font-family: Roboto; font-size: 27px;\">Romanya Ticari Vize \u0130\u015flemleri\u00a0<\/span><\/strong><\/h2>\n<p><span style=\"font-family: Roboto; font-size: 14px;\">Romanya&#8217;ya i\u015f toplant\u0131s\u0131n\u0131 ya da i\u015f nedeniyle konferans\u0131, fuar ya da sekt\u00f6rel seminere kan\u0131t\u0131m amac\u0131yla seyahat edecek Umum Pasaport hamilleri T\u00fcrkiye Cumhuriyeti vatanda\u015f\u0131 Romanya Konsoloslu\u011funa, Romanya ticari vize i\u00e7in gerekli belge sunulmas\u0131d\u0131r. <strong>Romanya Konsoloslu\u011fu<\/strong> taraf\u0131nda belirlenen bu belgelerin g\u00fcncel olmas\u0131na dikkat edilmeli. Baz\u0131 evraklar\u0131n orijinal olmas\u0131 zorunlulu\u011fu var. <span style=\"color: #2acec2;\"><strong><a style=\"color: #2acec2;\" href=\"https:\/\/www.myvize.com.tr\/romanya\/vize-islemleri\/romanya-ticari-vize\/\" target=\"_blank\" rel=\"noopener\">Romanya ticari vize<\/a><\/strong><\/span> i\u00e7in gerekli evrak, Romanya&#8217;ya gidi\u015f amac\u0131na uygun haz\u0131rlan\u0131p Romanya Konsoloslu\u011funa sunulmal\u0131. <strong>Romanya vize i\u00e7in gerekli evrak<\/strong> yapacak oldu\u011fu seyahatlerinizin i\u00e7eri\u011fine g\u00f6re de\u011fi\u015fikli\u011fe g\u00f6sterecektir.<strong> Romanya Konsoloslu\u011fu<\/strong> yetkilendirmi\u015f oldu\u011fu vize merkezinden Romanya ticari vizesi i\u00e7in gerekli evraklar\u0131 \u00f6\u011frenebilir ve vize ba\u015fvuru i\u015flemlerinde bulunabilirsiniz. Ayr\u0131ca Romanya vizesi i\u015flemi i\u00e7in gerekli olan evrak Romanya Konsoloslu\u011funun ek evrak isteme taleplerine g\u00f6re de \u015fekillenebilecek. <strong>Romanya ticari vizesi<\/strong> ak\u0131beti dair karar veren kurulu\u015f sadece Romanya Konsoloslu\u011fu, Romanya Ba\u015fkonsoloslu\u011funu ve Romanya B\u00fcy\u00fckel\u00e7ili\u011fi.\u00a0<\/span><\/p>\n<h2><strong><span style=\"font-family: Roboto; font-size: 27px;\">Romanya Ticari Vize Dilek\u00e7esi Nas\u0131l Doldurulur?<\/span><\/strong><\/h2>\n<p><span style=\"font-family: Roboto; font-size: 14px;\">Romanya&#8217;ya Ticari ama\u00e7la seyahat eden ki\u015filerin yapaca\u011f\u0131 seyahat ve ilgili Romanya \u0130stanbul Ba\u015fkonsoloslu\u011funa hitaben Romanya Ticari Vizesi talep dilek\u00e7esi sunmas\u0131 gerekli. Romanya Ticari vizesi talep dilek\u00e7eleri yaz\u0131l\u0131rken a\u015fa\u011f\u0131da ki hususa dikkat edilmelidr.<\/span><br \/>\n<span style=\"font-family: Roboto; font-size: 14px;\"><strong>Romanya Ticari Vizesi<\/strong> talep dilek\u00e7esi personeli i\u015f seyahatine g\u00f6nderecek \u015firketin yetkilisi taraf\u0131ndan \u015firket antet ka\u011f\u0131d\u0131na yazmas\u0131 ve \u015firket yetkilisi ka\u015fesi ve imzas\u0131n\u0131 ta\u015f\u0131mal\u0131d\u0131r. Romanya Ticari Vizesi talep dilek\u00e7esine seyahatin ama\u00e7lar\u0131 a\u00e7\u0131k\u00e7a yaz\u0131lmal\u0131d\u0131r. Ticari Vize talep dilek\u00e7esine seyahate \u00e7\u0131kacak ki\u015filerin firmada ki g\u00f6revi a\u00e7\u0131k\u00e7a ifade edilmelidir. <strong>Romanya&#8217;ya seyahat<\/strong> edecek ki\u015filerin seyahatinin ba\u015flang\u0131\u00e7 ve biti\u015f tarihi ile varsa ek seyahatleri hakk\u0131nda Romanya Ticari Vizesi talep dilek\u00e7esi net bilgi verilmelidir.<\/span><br \/>\n<span style=\"font-family: Roboto; font-size: 14px;\">Romanya Konsoloslu\u011funa Ticari Vize talep dilek\u00e7esi haz\u0131rlan\u0131rken seyahat edecek ki\u015filerin seyahat s\u00fcresine olu\u015facak masraflar\u0131n nas\u0131l kar\u015f\u0131lanaca\u011f\u0131 bilgisi yer almal\u0131d\u0131r.<\/span><br \/>\n<span style=\"font-family: Roboto; font-size: 14px;\">Romanya Ticari Vizesi talep dilek\u00e7eleri yer alan bilgi dosyalara konulan evrak desteklenmelidir. Ama\u00e7lar\u0131na ve ger\u00e7e\u011fe uygun bir bi\u00e7imde doldurmas\u0131 verilen sahte bilginin su\u00e7 unsuru ta\u015f\u0131yaca\u011f\u0131 g\u00f6z \u00f6n\u00fcne bulundurulmal\u0131d\u0131r.<\/span><\/p>\n<h2><strong><span style=\"font-family: Roboto; font-size: 27px;\">Romanya Ticari Vize Ba\u015fvuru Formu Doldurulurken Dikkat Edilmesi Gerekenler\u00a0<\/span><\/strong><\/h2>\n<p><span style=\"font-family: Roboto; font-size: 14px;\">Romanya\u2019ya ticaret i\u015f toplant\u0131s\u0131, konferans\u0131, alan ara\u015ft\u0131rma vs. ama\u00e7la seyahat eden ki\u015finin yapaca\u011f\u0131 seyahatler ile ilgili Romanya \u0130stanbul Ba\u015fkonsoloslu\u011funa hitaben Romanya Ticari Vize talep dilek\u00e7esi sunmas\u0131 gereklidir. <strong>Romanya Ticari vize talep dilek\u00e7eleri<\/strong> yaz\u0131l\u0131rken a\u015fa\u011f\u0131da ki hususa dikkat edilmelidir.<\/span><br \/>\n<span style=\"font-family: Roboto; font-size: 14px;\">Romanya Ticari Vize talep dilek\u00e7esi personelleri i\u015f seyahatine g\u00f6nderecek \u015firket yetkilisi taraf\u0131nda \u015firket antet ka\u011f\u0131d\u0131na yaz\u0131lmal\u0131 ve \u015firket yetkilileri ka\u015fesi ve imzas\u0131 ta\u015f\u0131mal\u0131d\u0131r.<\/span><br \/>\n<span style=\"font-family: Roboto; font-size: 14px;\">Romanya Ticari Vize talep dilek\u00e7esine seyahatlerin amac\u0131 a\u00e7\u0131k\u00e7a yaz\u0131lmal\u0131. \u00d6rne\u011fin; ki\u015fi \u015firketi i\u015f orta\u011f\u0131n\u0131 ba\u015fka bir \u015firkete toplant\u0131 yapmak \u00fczere seyahat edilecekse Romanya\u2019daki \u015firketle ilgili bilgisi yer verilmelidir. Ki\u015fi i\u015f konferans\u0131 kat\u0131lacaksa Romanya Ticari Vize talep dilek\u00e7esine konferans ile ilgili bilgi olmal\u0131d\u0131r.<\/span><br \/>\n<span style=\"font-family: Roboto; font-size: 14px;\">Romanya Ticari Vize talep dilek\u00e7esinde seyahatlere \u00e7\u0131kacak ki\u015filerin firmada ki g\u00f6revi \u00a0a\u00e7\u0131k\u00e7a ifade edilmelidr. <strong>Romanya&#8217;ya seyaha<\/strong>t edecek ki\u015filerin seyahatlerini ba\u015flang\u0131\u00e7 ve biti\u015f tarihi ile varsa ek seyahati hakk\u0131nda Romanya Ticari Vize talep dilek\u00e7elerine net bilgi vermelidir.<\/span><\/p>\n<h2><strong><span style=\"font-family: Roboto; font-size: 27px;\">Romanya Ticari Vizesi Ba\u015fvuru Form \u00d6rne\u011fi<\/span><\/strong><\/h2>\n<p><span style=\"font-family: Roboto; font-size: 27px;\">\u00a0<\/span><span style=\"font-family: Roboto; font-size: 14px;\">..\/..\/..\/\u2026<\/span><br \/>\n<span style=\"font-family: Roboto; font-size: 14px;\">\u2026\u2026\u2026 Ba\u015fkonsoloslu\u011fu Ankara<\/span><br \/>\n<span style=\"font-family: Roboto; font-size: 14px;\">Vize B\u00f6l\u00fcm\u00fc \u015eef Sn:<\/span><br \/>\n<span style=\"font-family: Roboto; font-size: 14px;\">T\u0130CARET YAPILAN F\u0130RMALAR VE KURUM HAKKINDA B\u0130LG\u0130LER\u0130 VERMES\u0130 GEREKEN B\u00d6L\u00dcM \u2026\u2026\u2026 \u2026\u2026\u2026 \u2026\u2026\u2026\u2026\u2026 \u2026\u2026 \u2026\u2026\u2026 \u2026\u2026\u2026\u2026 \u2026\u2026&#8230;<\/span><br \/>\n<span style=\"font-family: Roboto; font-size: 14px;\">\u00a0\u0130\u015fimizi geli\u015ftirmek i\u00e7in program yaz\u0131l\u0131m ve i\u015f<\/span><br \/>\n<span style=\"font-family: Roboto; font-size: 14px;\">takip sistemlerinin en iyisiyle \u00e7al\u0131\u015fmam\u0131z gerekece\u011finde s\u00fcrekli toplant\u0131, g\u00f6r\u00fc\u015fme ve denetleme organize edece\u011fiz.<\/span><br \/>\n<span style=\"font-family: Roboto; font-size: 14px;\">A\u015fa\u011f\u0131da bilgileri bulunan ve \u00f6ng\u00f6r\u00fclen toplant\u0131 tarihinde Sn: \u2026.. \u00fclkenize yapmas\u0131 gerekli i\u015f seyahatleri i\u00e7in kendisine gerekli olan vizesinin verilmesini arz ederiz..<\/span><br \/>\n<span style=\"font-family: Roboto; font-size: 14px;\">\u0130sim \/ soy ismi Pas No G\u00f6revi\u00a0<\/span><\/p>\n","protected":false},"excerpt":{"rendered":"<p>Romanya Ticari Vize \u0130\u015flemleri\u00a0 Romanya&#8217;ya i\u015f toplant\u0131s\u0131n\u0131 ya da i\u015f nedeniyle konferans\u0131, fuar ya da sekt\u00f6rel seminere kan\u0131t\u0131m amac\u0131yla seyahat edecek Umum Pasaport hamilleri T\u00fcrkiye Cumhuriyeti vatanda\u015f\u0131 Romanya Konsoloslu\u011funa, Romanya ticari vize i\u00e7in gerekli belge sunulmas\u0131d\u0131r. Romanya Konsoloslu\u011fu taraf\u0131nda belirlenen bu belgelerin g\u00fcncel olmas\u0131na dikkat edilmeli. Baz\u0131 evraklar\u0131n orijinal olmas\u0131 zorunlulu\u011fu var. Romanya ticari vize<\/p>\n","protected":false},"author":1,"featured_media":0,"parent":0,"menu_order":0,"comment_status":"closed","ping_status":"closed","template":"","meta":{"footnotes":""},"class_list":["post-1162","page","type-page","status-publish","hentry"],"yoast_head":"<!-- This site is optimized with the Yoast SEO plugin v26.8 - https:\/\/yoast.com\/product\/yoast-seo-wordpress\/ -->\n<title>Romanya Ticari Vize Ba\u015fvuru Formu - MyVize<\/title>\n<meta name=\"description\" content=\"Romanya Ticari Vize Ba\u015fvuru Formu nas\u0131l doldurulur? Romanya Ticari Vize Ba\u015fvuru Formu \u00f6rne\u011fi. Romanya Ticari Vize \u0130\u015flemleri.\" \/>\n<meta name=\"robots\" content=\"index, follow, max-snippet:-1, max-image-preview:large, max-video-preview:-1\" \/>\n<link rel=\"canonical\" href=\"https:\/\/www.myvize.com.tr\/romanya\/romanya-ticari-vize-basvuru-formu\/\" \/>\n<meta property=\"og:locale\" content=\"tr_TR\" \/>\n<meta property=\"og:type\" content=\"article\" \/>\n<meta property=\"og:title\" content=\"Romanya Ticari Vize Ba\u015fvuru Formu - MyVize\" \/>\n<meta property=\"og:description\" content=\"Romanya Ticari Vize Ba\u015fvuru Formu nas\u0131l doldurulur? Romanya Ticari Vize Ba\u015fvuru Formu \u00f6rne\u011fi. Romanya Ticari Vize \u0130\u015flemleri.\" \/>\n<meta property=\"og:url\" content=\"https:\/\/www.myvize.com.tr\/romanya\/romanya-ticari-vize-basvuru-formu\/\" \/>\n<meta property=\"og:site_name\" content=\"Romanya Vize Dan\u0131\u015fmanl\u0131k | MyVize\" \/>\n<meta property=\"article:modified_time\" content=\"2022-05-16T09:51:32+00:00\" \/>\n<meta name=\"twitter:card\" content=\"summary_large_image\" \/>\n<meta name=\"twitter:label1\" content=\"Tahmini okuma s\u00fcresi\" \/>\n\t<meta name=\"twitter:data1\" content=\"4 dakika\" \/>\n<script type=\"application\/ld+json\" class=\"yoast-schema-graph\">{\"@context\":\"https:\/\/schema.org\",\"@graph\":[{\"@type\":\"WebPage\",\"@id\":\"https:\/\/www.myvize.com.tr\/romanya\/romanya-ticari-vize-basvuru-formu\/\",\"url\":\"https:\/\/www.myvize.com.tr\/romanya\/romanya-ticari-vize-basvuru-formu\/\",\"name\":\"Romanya Ticari Vize Ba\u015fvuru Formu - MyVize\",\"isPartOf\":{\"@id\":\"https:\/\/www.myvize.com.tr\/romanya\/#website\"},\"datePublished\":\"2022-05-16T09:51:21+00:00\",\"dateModified\":\"2022-05-16T09:51:32+00:00\",\"description\":\"Romanya Ticari Vize Ba\u015fvuru Formu nas\u0131l doldurulur? Romanya Ticari Vize Ba\u015fvuru Formu \u00f6rne\u011fi. Romanya Ticari Vize \u0130\u015flemleri.\",\"breadcrumb\":{\"@id\":\"https:\/\/www.myvize.com.tr\/romanya\/romanya-ticari-vize-basvuru-formu\/#breadcrumb\"},\"inLanguage\":\"tr\",\"potentialAction\":[{\"@type\":\"ReadAction\",\"target\":[\"https:\/\/www.myvize.com.tr\/romanya\/romanya-ticari-vize-basvuru-formu\/\"]}]},{\"@type\":\"BreadcrumbList\",\"@id\":\"https:\/\/www.myvize.com.tr\/romanya\/romanya-ticari-vize-basvuru-formu\/#breadcrumb\",\"itemListElement\":[{\"@type\":\"ListItem\",\"position\":1,\"name\":\"Anasayfa\",\"item\":\"https:\/\/www.myvize.com.tr\/romanya\/\"},{\"@type\":\"ListItem\",\"position\":2,\"name\":\"Romanya Ticari Vize Ba\u015fvuru Formu\"}]},{\"@type\":\"WebSite\",\"@id\":\"https:\/\/www.myvize.com.tr\/romanya\/#website\",\"url\":\"https:\/\/www.myvize.com.tr\/romanya\/\",\"name\":\"Romanya Vize Dan\u0131\u015fmanl\u0131k | MyVize\",\"description\":\"\",\"potentialAction\":[{\"@type\":\"SearchAction\",\"target\":{\"@type\":\"EntryPoint\",\"urlTemplate\":\"https:\/\/www.myvize.com.tr\/romanya\/?s={search_term_string}\"},\"query-input\":{\"@type\":\"PropertyValueSpecification\",\"valueRequired\":true,\"valueName\":\"search_term_string\"}}],\"inLanguage\":\"tr\"}]}<\/script>\n<!-- \/ Yoast SEO plugin. -->","yoast_head_json":{"title":"Romanya Ticari Vize Ba\u015fvuru Formu - MyVize","description":"Romanya Ticari Vize Ba\u015fvuru Formu nas\u0131l doldurulur? Romanya Ticari Vize Ba\u015fvuru Formu \u00f6rne\u011fi. Romanya Ticari Vize \u0130\u015flemleri.","robots":{"index":"index","follow":"follow","max-snippet":"max-snippet:-1","max-image-preview":"max-image-preview:large","max-video-preview":"max-video-preview:-1"},"canonical":"https:\/\/www.myvize.com.tr\/romanya\/romanya-ticari-vize-basvuru-formu\/","og_locale":"tr_TR","og_type":"article","og_title":"Romanya Ticari Vize Ba\u015fvuru Formu - MyVize","og_description":"Romanya Ticari Vize Ba\u015fvuru Formu nas\u0131l doldurulur? Romanya Ticari Vize Ba\u015fvuru Formu \u00f6rne\u011fi. Romanya Ticari Vize \u0130\u015flemleri.","og_url":"https:\/\/www.myvize.com.tr\/romanya\/romanya-ticari-vize-basvuru-formu\/","og_site_name":"Romanya Vize Dan\u0131\u015fmanl\u0131k | MyVize","article_modified_time":"2022-05-16T09:51:32+00:00","twitter_card":"summary_large_image","twitter_misc":{"Tahmini okuma s\u00fcresi":"4 dakika"},"schema":{"@context":"https:\/\/schema.org","@graph":[{"@type":"WebPage","@id":"https:\/\/www.myvize.com.tr\/romanya\/romanya-ticari-vize-basvuru-formu\/","url":"https:\/\/www.myvize.com.tr\/romanya\/romanya-ticari-vize-basvuru-formu\/","name":"Romanya Ticari Vize Ba\u015fvuru Formu - MyVize","isPartOf":{"@id":"https:\/\/www.myvize.com.tr\/romanya\/#website"},"datePublished":"2022-05-16T09:51:21+00:00","dateModified":"2022-05-16T09:51:32+00:00","description":"Romanya Ticari Vize Ba\u015fvuru Formu nas\u0131l doldurulur? Romanya Ticari Vize Ba\u015fvuru Formu \u00f6rne\u011fi. Romanya Ticari Vize \u0130\u015flemleri.","breadcrumb":{"@id":"https:\/\/www.myvize.com.tr\/romanya\/romanya-ticari-vize-basvuru-formu\/#breadcrumb"},"inLanguage":"tr","potentialAction":[{"@type":"ReadAction","target":["https:\/\/www.myvize.com.tr\/romanya\/romanya-ticari-vize-basvuru-formu\/"]}]},{"@type":"BreadcrumbList","@id":"https:\/\/www.myvize.com.tr\/romanya\/romanya-ticari-vize-basvuru-formu\/#breadcrumb","itemListElement":[{"@type":"ListItem","position":1,"name":"Anasayfa","item":"https:\/\/www.myvize.com.tr\/romanya\/"},{"@type":"ListItem","position":2,"name":"Romanya Ticari Vize Ba\u015fvuru Formu"}]},{"@type":"WebSite","@id":"https:\/\/www.myvize.com.tr\/romanya\/#website","url":"https:\/\/www.myvize.com.tr\/romanya\/","name":"Romanya Vize Dan\u0131\u015fmanl\u0131k | MyVize","description":"","potentialAction":[{"@type":"SearchAction","target":{"@type":"EntryPoint","urlTemplate":"https:\/\/www.myvize.com.tr\/romanya\/?s={search_term_string}"},"query-input":{"@type":"PropertyValueSpecification","valueRequired":true,"valueName":"search_term_string"}}],"inLanguage":"tr"}]}},"_links":{"self":[{"href":"https:\/\/www.myvize.com.tr\/romanya\/wp-json\/wp\/v2\/pages\/1162","targetHints":{"allow":["GET"]}}],"collection":[{"href":"https:\/\/www.myvize.com.tr\/romanya\/wp-json\/wp\/v2\/pages"}],"about":[{"href":"https:\/\/www.myvize.com.tr\/romanya\/wp-json\/wp\/v2\/types\/page"}],"author":[{"embeddable":true,"href":"https:\/\/www.myvize.com.tr\/romanya\/wp-json\/wp\/v2\/users\/1"}],"replies":[{"embeddable":true,"href":"https:\/\/www.myvize.com.tr\/romanya\/wp-json\/wp\/v2\/comments?post=1162"}],"version-history":[{"count":1,"href":"https:\/\/www.myvize.com.tr\/romanya\/wp-json\/wp\/v2\/pages\/1162\/revisions"}],"predecessor-version":[{"id":1164,"href":"https:\/\/www.myvize.com.tr\/romanya\/wp-json\/wp\/v2\/pages\/1162\/revisions\/1164"}],"wp:attachment":[{"href":"https:\/\/www.myvize.com.tr\/romanya\/wp-json\/wp\/v2\/media?parent=1162"}],"curies":[{"name":"wp","href":"https:\/\/api.w.org\/{rel}","templated":true}]}}