{"id":173,"date":"2020-12-22T14:53:10","date_gmt":"2020-12-22T11:53:10","guid":{"rendered":"https:\/\/www.myvize.com.tr\/romanya\/?page_id=173"},"modified":"2022-08-03T15:14:03","modified_gmt":"2022-08-03T12:14:03","slug":"romanyada-egitim-gorenlere","status":"publish","type":"page","link":"https:\/\/www.myvize.com.tr\/romanya\/oturum-2\/romanyada-egitim-gorenlere\/","title":{"rendered":"Romanyada E\u011fitim G\u00f6renlere"},"content":{"rendered":"<h2><span style=\"font-family: Roboto; font-size: 27px;\"><b>Romanya \u00dclkesinde E\u011fitim G\u00f6renler<\/b><\/span><\/h2>\n<p><span style=\"font-family: Roboto; font-size: 14px;\"><strong>Romanya\u2019da e\u011fitim g\u00f6ren\u00a0<\/strong>ki\u015filerin, <strong>vize ba\u015fvurusu<\/strong> nas\u0131l yap\u0131lmal\u0131d\u0131r? Romanya\u2019da ikametgah etmek isteyen ve\u00a0<strong>Erasmus \u00f6\u011frencilerinin\u00a0<\/strong>gereksinimleri neler olmal\u0131d\u0131r? Sorular\u0131n\u0131n yan\u0131tlar\u0131n\u0131 bu yaz\u0131m\u0131zda bulabilirsiniz. Uzun d\u00f6nem ve Erasmus yapan \u00f6\u011frencilerin, e\u011fitimlerini ger\u00e7ekle\u015ftirebilmeleri i\u00e7in, vize ve pasaport durumlar\u0131na dikkat etmeleri gerekmektedir. Pasaport durumlar\u0131n\u0131n, Romanya\u2019dan ayr\u0131l\u0131\u015f tarihinden sonra pasaport tarihinizin en az 3 ay daha olmas\u0131 istenilmektedir. Uzun d\u00f6nem vize ba\u015fvuru formunda ise, Erasmus program\u0131yla \u00fclkede ikametgah edecek \u00f6\u011frencilerin, tek s\u00f6mestr ile ba\u015fvuru yapaca\u011f\u0131 ya da 180 g\u00fcn\u00fc a\u015fk\u0131n bir zamandan fazla bir s\u00fcrede ikametgah edecek olan ki\u015filerin ba\u015fvuru yapmas\u0131 gereken formdur. Uzun d\u00f6nem <strong>vize ba\u015fvuru formu<\/strong> \u00f6\u011frenciler i\u00e7in m\u00fchim bir belgedir. Sizden istenilen 3 adet biyometrik foto\u011fraf\u0131n ise, do\u011fru ve d\u00fczg\u00fcn bir \u015fekilde tamamlaman\u0131z gerekmektedir. Bu durumlar\u0131 da hallettikten sonra, size kabul mektubu gelmektedir. Kabul mektubunda, \u0131slak imza ve <strong>Romanya konsoloslu\u011funa<\/strong> dair <strong>Rumence<\/strong> gelmi\u015f olmal\u0131d\u0131r. Kontrat \u015feklinde gelen bu mektubu imzalaman\u0131z gerekmektedir. Vize ba\u015fvurunuz onayland\u0131ktan sonra ise, sa\u011fl\u0131k sigortan\u0131z\u0131 kesinlikle yapt\u0131rmay\u0131 unutmaman\u0131z gerekiyor. Bu evrak ise, vize ba\u015fvuru formunuzun kabul\u00fcnden sonra yapt\u0131r\u0131lmas\u0131 gerekmektedir.<\/span><\/p>\n<p><span style=\"font-family: Roboto; font-size: 14px;\"><span style=\"color: #2acec2;\"><strong><a style=\"color: #2acec2;\" href=\"https:\/\/www.myvize.com.tr\/romanya\/vize-islemleri\/romanya-erasmus-vizesi\/\" target=\"_blank\" rel=\"noopener\">Romanya Erasmus Vizesi <\/a><\/strong><\/span>ile ilgili bilgi almak i\u00e7in bizi aray\u0131n.<\/span><\/p>\n<p><span style=\"font-family: Roboto; font-size: 14px;\"><img decoding=\"async\" src=\"https:\/\/www.myvize.com.tr\/romanya\/wp-content\/uploads\/2021\/09\/49.jpg\" \/><\/span><\/p>\n<h2><span style=\"font-family: Roboto; font-size: 27px;\"><strong>Romanya \u00dclkesinde E\u011fitim G\u00f6renlere Oturum<\/strong><\/span><\/h2>\n<p><span style=\"font-family: Roboto; font-size: 14px;\">Romanya \u00fclkesinde e\u011fitim g\u00f6renlere oturum konulu yaz\u0131m\u0131zla kar\u015f\u0131n\u0131za gelmi\u015f bulunuyoruz. Siz de d\u00fc\u015f\u00fcn\u00fcp ta\u015f\u0131n\u0131p bundan b\u00f6yle \u00fcniversite e\u011fitiminize Romanya \u00fclkesinde devam etme karar\u0131 alm\u0131\u015f olabilirsiniz. Romanya \u00fclkesinde doksan g\u00fcn\u00fc ge\u00e7kin e\u011fitim almak i\u00e7in kalacak olan \u00f6\u011frenci bireylerin Romanya oturum izni almas\u0131 zorunludur. <strong>Romanya oturum izni<\/strong> olan \u00f6teki \u00fclkelerin vatanda\u015f\u0131 bireyler, <span style=\"color: #2acec2;\"><strong><a style=\"color: #2acec2;\" href=\"https:\/\/www.myvize.com.tr\/romanya\/vize-islemleri\/romanya-calisma-izni\/\" target=\"_blank\" rel=\"noopener\">Romanya \u00e7al\u0131\u015fma izni <\/a><\/strong><\/span>sahibi olmadan da yar\u0131 zamanl\u0131 yani part time \u015fekilde \u00e7al\u0131\u015fabilir. \u00d6\u011frenciler g\u00fcnde yaln\u0131zca d\u00f6rt saat s\u00fcresince \u00e7al\u0131\u015fabilirler. Daha uzun s\u00fcreler \u00e7al\u0131\u015famazlar. \u00c7al\u0131\u015fmak istedikleri takdirde de mutlaka \u00e7al\u0131\u015fma izni almalar\u0131 gerekir. Aksi halde bu bir su\u00e7 say\u0131lacak demektir. Bir\u00e7ok a\u00e7\u0131dan geli\u015fmi\u015f halde olan Romanya \u00fclkesinde \u00fcniversite e\u011fitimi almak bir hayli yararl\u0131d\u0131r. \u00c7\u00fcnk\u00fc buras\u0131 e\u011fitim sekt\u00f6r\u00fcn\u00fcn \u00f6nde gelen \u00fclkelerinden biri haline gelmi\u015ftir. Bu da tamamen \u00f6\u011frencilerin ve akademisyenlerin yarar\u0131n\u0131 g\u00f6zeten bir durum olmu\u015ftur. Sizin de b\u00f6yle bir plan\u0131n\u0131z varsa muhakkak uygulamal\u0131s\u0131n\u0131z diye d\u00fc\u015f\u00fcn\u00fcyoruz.<\/span><\/p>\n<h2><span style=\"font-family: Roboto; font-size: 27px;\"><strong>Romanya \u00dclkesinde E\u011fitim G\u00f6renlere Oturum Vizesi Nas\u0131l Al\u0131n\u0131r?<\/strong><\/span><\/h2>\n<p><span style=\"font-family: Roboto; font-size: 14px;\">Romanya \u00fclkesinde e\u011fitim g\u00f6renlere oturum vizesi nas\u0131l al\u0131n\u0131r konulu yaz\u0131m\u0131zla gelmi\u015f bulunuyoruz. Romanya \u00fclkesinde \u00fcniversite e\u011fitimi alacaksan\u0131z oturum vizesi alman\u0131z gerekir. Fakat e\u011fitiminiz 90 g\u00fcn\u00fc ge\u00e7meyecekse oturum izni alman\u0131z gerekmez. Romanya\u2019da \u00f6\u011frenci olan ki\u015filer i\u00e7in olu\u015fturulan vize t\u00fcr\u00fc e\u011fitim vizesi olarak kabul g\u00f6r\u00fcr. Siz de e\u011fitim vizesi alarak e\u011fitim g\u00f6rmeye ba\u015flayabilirsiniz.<strong> Romanya\u2019ya e\u011fitim<\/strong> i\u00e7in gidecekler alt\u0131 ayl\u0131k zaman zarf\u0131 i\u00e7erisinde doksan g\u00fcnden daha az konaklayacaksa C tipi yani k\u0131sa zamanl\u0131 vize almal\u0131d\u0131r. Uzun zamanl\u0131 konaklamalar i\u00e7in ise D tipi yani uzun s\u00fcreli bir \u00f6\u011frenci vizesine ba\u015fvurulmas\u0131 son derece \u00f6nemlidir. Sonu\u00e7 olarak <strong>Romanya\u2019da \u00f6\u011frenci<\/strong> olacak ki\u015filerin hi\u00e7bir zaman oturum izni almas\u0131na gerek yoktur. \u00d6\u011frenci vizesi zaten oturum izni yerine ge\u00e7ecektir. Bu sayede de \u00f6\u011frenciler rahatl\u0131kla Romanya s\u0131n\u0131rlar\u0131 i\u00e7erisinde e\u011fitim s\u00fcreleri boyunca keyifli halde konaklayabilirler. Herhangi bir a\u00e7\u0131dan da sorun ya\u015famam\u0131\u015f olurlar. Romanya\u2019da e\u011fitim g\u00f6rmek sahiden bir ba\u015fkad\u0131r.<\/span><\/p>\n<h3><span style=\"font-family: Roboto; font-size: 24px;\"><strong>Romanya \u00dclkesinde E\u011fitim G\u00f6renlere Oturum \u015eartlar\u0131<\/strong><\/span><\/h3>\n<p><span style=\"font-family: Roboto; font-size: 14px;\"><strong>Romanya \u00fclkesinde e\u011fitim<\/strong> g\u00f6renlere oturum \u015fartlar\u0131 konusunda bilgi sunmak istedik. Siz de \u00fcniversite e\u011fitiminizin tamam\u0131n\u0131 ya da belli bir k\u0131sm\u0131n\u0131 Romanya \u00fclkesinde devam ettirmek istiyorsan\u0131z mutlaka bu yaz\u0131m\u0131z\u0131 incelemelisiniz diye d\u00fc\u015f\u00fcn\u00fcyoruz. Romanya \u00fclkesinde e\u011fitim g\u00f6rme karar\u0131 ald\u0131ysan\u0131z bilmeniz gereken birtak\u0131m \u015fartlar da olacakt\u0131r. \u00d6ncelikle burada e\u011fitim g\u00f6r\u00fcrken \u00e7al\u0131\u015fmak istiyorsan\u0131z bunu \u00e7al\u0131\u015fma izni almadan sadece part time bi\u00e7imde yapabilece\u011finizi bilmelisiniz. Hi\u00e7bir yerde tam zamanl\u0131 \u00e7al\u0131\u015fma izniniz yoktur. Sadece d\u00f6rt saatlik \u00e7al\u0131\u015fma izniniz olacakt\u0131r. E\u011fer siz de bu d\u00f6rt saatlik \u00e7al\u0131\u015fma izninden yararlanmak istiyorsan\u0131z hemen oraya gider gitmez kafe, resepsiyon gibi belli yerlerde \u00e7al\u0131\u015fmak i\u00e7in ba\u015fvuruda bulunabilece\u011finizi bilmelisiniz. Ayr\u0131ca e\u011fitim vizesi alman\u0131z \u015fartt\u0131r. E\u011fitim vizesi alaca\u011f\u0131n\u0131z zaman sizden istenecek olan belgelerin her birini de eksiksiz halde teslim etmeniz gerekti\u011fini biliyor olmal\u0131s\u0131n\u0131z. Herhangi bir dosyan\u0131n eksik olmas\u0131 demek <strong>Romanya e\u011fitim vizesi reddi<\/strong> alaca\u011f\u0131n\u0131z manas\u0131n\u0131 ta\u015f\u0131r. Dikkatli olun deriz, kolay gelsin.<\/span><\/p>\n","protected":false},"excerpt":{"rendered":"<p>Romanya \u00dclkesinde E\u011fitim G\u00f6renler Romanya\u2019da e\u011fitim g\u00f6ren\u00a0ki\u015filerin, vize ba\u015fvurusu nas\u0131l yap\u0131lmal\u0131d\u0131r? Romanya\u2019da ikametgah etmek isteyen ve\u00a0Erasmus \u00f6\u011frencilerinin\u00a0gereksinimleri neler olmal\u0131d\u0131r? Sorular\u0131n\u0131n yan\u0131tlar\u0131n\u0131 bu yaz\u0131m\u0131zda bulabilirsiniz. Uzun d\u00f6nem ve Erasmus yapan \u00f6\u011frencilerin, e\u011fitimlerini ger\u00e7ekle\u015ftirebilmeleri i\u00e7in, vize ve pasaport durumlar\u0131na dikkat etmeleri gerekmektedir. Pasaport durumlar\u0131n\u0131n, Romanya\u2019dan ayr\u0131l\u0131\u015f tarihinden sonra pasaport tarihinizin en az 3 ay daha olmas\u0131 istenilmektedir.<\/p>\n","protected":false},"author":1,"featured_media":0,"parent":164,"menu_order":0,"comment_status":"open","ping_status":"closed","template":"","meta":{"footnotes":""},"class_list":["post-173","page","type-page","status-publish","hentry"],"yoast_head":"<!-- This site is optimized with the Yoast SEO plugin v26.8 - https:\/\/yoast.com\/product\/yoast-seo-wordpress\/ -->\n<title>Romanyada E\u011fitim G\u00f6renlere - MyVize Vize Ba\u015fvuru Merkezi<\/title>\n<meta name=\"description\" content=\"Romanyada E\u011fitim G\u00f6renlere nas\u0131l bir e\u011fitim verilir? Romanyada E\u011fitim G\u00f6renler vatanda\u015fl\u0131\u011f\u0131 nas\u0131l al\u0131r? Bilgi \u0130\u00e7in Aray\u0131n: 0850 346 84 93\" \/>\n<meta name=\"robots\" content=\"index, follow, max-snippet:-1, max-image-preview:large, max-video-preview:-1\" \/>\n<link rel=\"canonical\" href=\"https:\/\/www.myvize.com.tr\/romanya\/oturum-2\/romanyada-egitim-gorenlere\/\" \/>\n<meta property=\"og:locale\" content=\"tr_TR\" \/>\n<meta property=\"og:type\" content=\"article\" \/>\n<meta property=\"og:title\" content=\"Romanyada E\u011fitim G\u00f6renlere - MyVize Vize Ba\u015fvuru Merkezi\" \/>\n<meta property=\"og:description\" content=\"Romanyada E\u011fitim G\u00f6renlere nas\u0131l bir e\u011fitim verilir? Romanyada E\u011fitim G\u00f6renler vatanda\u015fl\u0131\u011f\u0131 nas\u0131l al\u0131r? Bilgi \u0130\u00e7in Aray\u0131n: 0850 346 84 93\" \/>\n<meta property=\"og:url\" content=\"https:\/\/www.myvize.com.tr\/romanya\/oturum-2\/romanyada-egitim-gorenlere\/\" \/>\n<meta property=\"og:site_name\" content=\"Romanya Vize Dan\u0131\u015fmanl\u0131k | MyVize\" \/>\n<meta property=\"article:modified_time\" content=\"2022-08-03T12:14:03+00:00\" \/>\n<meta property=\"og:image\" content=\"https:\/\/www.myvize.com.tr\/romanya\/wp-content\/uploads\/2021\/09\/49.jpg\" \/>\n<meta name=\"twitter:card\" content=\"summary_large_image\" \/>\n<meta name=\"twitter:label1\" content=\"Tahmini okuma s\u00fcresi\" \/>\n\t<meta name=\"twitter:data1\" content=\"4 dakika\" \/>\n<script type=\"application\/ld+json\" class=\"yoast-schema-graph\">{\"@context\":\"https:\/\/schema.org\",\"@graph\":[{\"@type\":\"WebPage\",\"@id\":\"https:\/\/www.myvize.com.tr\/romanya\/oturum-2\/romanyada-egitim-gorenlere\/\",\"url\":\"https:\/\/www.myvize.com.tr\/romanya\/oturum-2\/romanyada-egitim-gorenlere\/\",\"name\":\"Romanyada E\u011fitim G\u00f6renlere - MyVize Vize Ba\u015fvuru Merkezi\",\"isPartOf\":{\"@id\":\"https:\/\/www.myvize.com.tr\/romanya\/#website\"},\"primaryImageOfPage\":{\"@id\":\"https:\/\/www.myvize.com.tr\/romanya\/oturum-2\/romanyada-egitim-gorenlere\/#primaryimage\"},\"image\":{\"@id\":\"https:\/\/www.myvize.com.tr\/romanya\/oturum-2\/romanyada-egitim-gorenlere\/#primaryimage\"},\"thumbnailUrl\":\"https:\/\/www.myvize.com.tr\/romanya\/wp-content\/uploads\/2021\/09\/49.jpg\",\"datePublished\":\"2020-12-22T11:53:10+00:00\",\"dateModified\":\"2022-08-03T12:14:03+00:00\",\"description\":\"Romanyada E\u011fitim G\u00f6renlere nas\u0131l bir e\u011fitim verilir? Romanyada E\u011fitim G\u00f6renler vatanda\u015fl\u0131\u011f\u0131 nas\u0131l al\u0131r? Bilgi \u0130\u00e7in Aray\u0131n: 0850 346 84 93\",\"breadcrumb\":{\"@id\":\"https:\/\/www.myvize.com.tr\/romanya\/oturum-2\/romanyada-egitim-gorenlere\/#breadcrumb\"},\"inLanguage\":\"tr\",\"potentialAction\":[{\"@type\":\"ReadAction\",\"target\":[\"https:\/\/www.myvize.com.tr\/romanya\/oturum-2\/romanyada-egitim-gorenlere\/\"]}]},{\"@type\":\"ImageObject\",\"inLanguage\":\"tr\",\"@id\":\"https:\/\/www.myvize.com.tr\/romanya\/oturum-2\/romanyada-egitim-gorenlere\/#primaryimage\",\"url\":\"https:\/\/www.myvize.com.tr\/romanya\/wp-content\/uploads\/2021\/09\/49.jpg\",\"contentUrl\":\"https:\/\/www.myvize.com.tr\/romanya\/wp-content\/uploads\/2021\/09\/49.jpg\",\"width\":800,\"height\":500,\"caption\":\"Romanya'da E\u011fitim G\u00f6renlere\"},{\"@type\":\"BreadcrumbList\",\"@id\":\"https:\/\/www.myvize.com.tr\/romanya\/oturum-2\/romanyada-egitim-gorenlere\/#breadcrumb\",\"itemListElement\":[{\"@type\":\"ListItem\",\"position\":1,\"name\":\"Anasayfa\",\"item\":\"https:\/\/www.myvize.com.tr\/romanya\/\"},{\"@type\":\"ListItem\",\"position\":2,\"name\":\"ROMANYA OTURUM KARTI\",\"item\":\"https:\/\/www.myvize.com.tr\/romanya\/oturum-2\/\"},{\"@type\":\"ListItem\",\"position\":3,\"name\":\"Romanyada E\u011fitim G\u00f6renlere\"}]},{\"@type\":\"WebSite\",\"@id\":\"https:\/\/www.myvize.com.tr\/romanya\/#website\",\"url\":\"https:\/\/www.myvize.com.tr\/romanya\/\",\"name\":\"Romanya Vize Dan\u0131\u015fmanl\u0131k | MyVize\",\"description\":\"\",\"potentialAction\":[{\"@type\":\"SearchAction\",\"target\":{\"@type\":\"EntryPoint\",\"urlTemplate\":\"https:\/\/www.myvize.com.tr\/romanya\/?s={search_term_string}\"},\"query-input\":{\"@type\":\"PropertyValueSpecification\",\"valueRequired\":true,\"valueName\":\"search_term_string\"}}],\"inLanguage\":\"tr\"}]}<\/script>\n<!-- \/ Yoast SEO plugin. -->","yoast_head_json":{"title":"Romanyada E\u011fitim G\u00f6renlere - MyVize Vize Ba\u015fvuru Merkezi","description":"Romanyada E\u011fitim G\u00f6renlere nas\u0131l bir e\u011fitim verilir? Romanyada E\u011fitim G\u00f6renler vatanda\u015fl\u0131\u011f\u0131 nas\u0131l al\u0131r? Bilgi \u0130\u00e7in Aray\u0131n: 0850 346 84 93","robots":{"index":"index","follow":"follow","max-snippet":"max-snippet:-1","max-image-preview":"max-image-preview:large","max-video-preview":"max-video-preview:-1"},"canonical":"https:\/\/www.myvize.com.tr\/romanya\/oturum-2\/romanyada-egitim-gorenlere\/","og_locale":"tr_TR","og_type":"article","og_title":"Romanyada E\u011fitim G\u00f6renlere - MyVize Vize Ba\u015fvuru Merkezi","og_description":"Romanyada E\u011fitim G\u00f6renlere nas\u0131l bir e\u011fitim verilir? Romanyada E\u011fitim G\u00f6renler vatanda\u015fl\u0131\u011f\u0131 nas\u0131l al\u0131r? Bilgi \u0130\u00e7in Aray\u0131n: 0850 346 84 93","og_url":"https:\/\/www.myvize.com.tr\/romanya\/oturum-2\/romanyada-egitim-gorenlere\/","og_site_name":"Romanya Vize Dan\u0131\u015fmanl\u0131k | MyVize","article_modified_time":"2022-08-03T12:14:03+00:00","og_image":[{"url":"https:\/\/www.myvize.com.tr\/romanya\/wp-content\/uploads\/2021\/09\/49.jpg","type":"","width":"","height":""}],"twitter_card":"summary_large_image","twitter_misc":{"Tahmini okuma s\u00fcresi":"4 dakika"},"schema":{"@context":"https:\/\/schema.org","@graph":[{"@type":"WebPage","@id":"https:\/\/www.myvize.com.tr\/romanya\/oturum-2\/romanyada-egitim-gorenlere\/","url":"https:\/\/www.myvize.com.tr\/romanya\/oturum-2\/romanyada-egitim-gorenlere\/","name":"Romanyada E\u011fitim G\u00f6renlere - MyVize Vize Ba\u015fvuru Merkezi","isPartOf":{"@id":"https:\/\/www.myvize.com.tr\/romanya\/#website"},"primaryImageOfPage":{"@id":"https:\/\/www.myvize.com.tr\/romanya\/oturum-2\/romanyada-egitim-gorenlere\/#primaryimage"},"image":{"@id":"https:\/\/www.myvize.com.tr\/romanya\/oturum-2\/romanyada-egitim-gorenlere\/#primaryimage"},"thumbnailUrl":"https:\/\/www.myvize.com.tr\/romanya\/wp-content\/uploads\/2021\/09\/49.jpg","datePublished":"2020-12-22T11:53:10+00:00","dateModified":"2022-08-03T12:14:03+00:00","description":"Romanyada E\u011fitim G\u00f6renlere nas\u0131l bir e\u011fitim verilir? Romanyada E\u011fitim G\u00f6renler vatanda\u015fl\u0131\u011f\u0131 nas\u0131l al\u0131r? Bilgi \u0130\u00e7in Aray\u0131n: 0850 346 84 93","breadcrumb":{"@id":"https:\/\/www.myvize.com.tr\/romanya\/oturum-2\/romanyada-egitim-gorenlere\/#breadcrumb"},"inLanguage":"tr","potentialAction":[{"@type":"ReadAction","target":["https:\/\/www.myvize.com.tr\/romanya\/oturum-2\/romanyada-egitim-gorenlere\/"]}]},{"@type":"ImageObject","inLanguage":"tr","@id":"https:\/\/www.myvize.com.tr\/romanya\/oturum-2\/romanyada-egitim-gorenlere\/#primaryimage","url":"https:\/\/www.myvize.com.tr\/romanya\/wp-content\/uploads\/2021\/09\/49.jpg","contentUrl":"https:\/\/www.myvize.com.tr\/romanya\/wp-content\/uploads\/2021\/09\/49.jpg","width":800,"height":500,"caption":"Romanya'da E\u011fitim G\u00f6renlere"},{"@type":"BreadcrumbList","@id":"https:\/\/www.myvize.com.tr\/romanya\/oturum-2\/romanyada-egitim-gorenlere\/#breadcrumb","itemListElement":[{"@type":"ListItem","position":1,"name":"Anasayfa","item":"https:\/\/www.myvize.com.tr\/romanya\/"},{"@type":"ListItem","position":2,"name":"ROMANYA OTURUM KARTI","item":"https:\/\/www.myvize.com.tr\/romanya\/oturum-2\/"},{"@type":"ListItem","position":3,"name":"Romanyada E\u011fitim G\u00f6renlere"}]},{"@type":"WebSite","@id":"https:\/\/www.myvize.com.tr\/romanya\/#website","url":"https:\/\/www.myvize.com.tr\/romanya\/","name":"Romanya Vize Dan\u0131\u015fmanl\u0131k | MyVize","description":"","potentialAction":[{"@type":"SearchAction","target":{"@type":"EntryPoint","urlTemplate":"https:\/\/www.myvize.com.tr\/romanya\/?s={search_term_string}"},"query-input":{"@type":"PropertyValueSpecification","valueRequired":true,"valueName":"search_term_string"}}],"inLanguage":"tr"}]}},"_links":{"self":[{"href":"https:\/\/www.myvize.com.tr\/romanya\/wp-json\/wp\/v2\/pages\/173","targetHints":{"allow":["GET"]}}],"collection":[{"href":"https:\/\/www.myvize.com.tr\/romanya\/wp-json\/wp\/v2\/pages"}],"about":[{"href":"https:\/\/www.myvize.com.tr\/romanya\/wp-json\/wp\/v2\/types\/page"}],"author":[{"embeddable":true,"href":"https:\/\/www.myvize.com.tr\/romanya\/wp-json\/wp\/v2\/users\/1"}],"replies":[{"embeddable":true,"href":"https:\/\/www.myvize.com.tr\/romanya\/wp-json\/wp\/v2\/comments?post=173"}],"version-history":[{"count":6,"href":"https:\/\/www.myvize.com.tr\/romanya\/wp-json\/wp\/v2\/pages\/173\/revisions"}],"predecessor-version":[{"id":1257,"href":"https:\/\/www.myvize.com.tr\/romanya\/wp-json\/wp\/v2\/pages\/173\/revisions\/1257"}],"up":[{"embeddable":true,"href":"https:\/\/www.myvize.com.tr\/romanya\/wp-json\/wp\/v2\/pages\/164"}],"wp:attachment":[{"href":"https:\/\/www.myvize.com.tr\/romanya\/wp-json\/wp\/v2\/media?parent=173"}],"curies":[{"name":"wp","href":"https:\/\/api.w.org\/{rel}","templated":true}]}}