{"id":175,"date":"2020-12-22T14:53:46","date_gmt":"2020-12-22T11:53:46","guid":{"rendered":"https:\/\/www.myvize.com.tr\/romanya\/?page_id=175"},"modified":"2023-02-21T12:16:10","modified_gmt":"2023-02-21T09:16:10","slug":"yatirimcilara-romanya-vatandasligi","status":"publish","type":"page","link":"https:\/\/www.myvize.com.tr\/romanya\/vatandaslik\/yatirimcilara-romanya-vatandasligi\/","title":{"rendered":"Yat\u0131r\u0131mc\u0131lara Romanya Vatanda\u015fl\u0131\u011f\u0131"},"content":{"rendered":"<h2><span style=\"font-family: Roboto; font-size: 27px;\"><b>Yat\u0131r\u0131mc\u0131lara Romanya Vatanda\u015fl\u0131\u011f\u0131 Hakk\u0131nda<\/b><\/span><\/h2>\n<p><span style=\"font-family: Roboto; font-size: 14px;\"><strong>Romanya konsolosluklar\u0131na<\/strong>, pasaport, pasaport yenileme, pasaport s\u00fcresini uzatma,<span style=\"color: #2acec2;\"><strong><a style=\"color: #2acec2;\" href=\"https:\/\/www.myvize.com.tr\/romanya\/vize-islemleri\/\" target=\"_blank\" rel=\"noopener\"> vize i\u015flemleri<\/a><\/strong><\/span>, <span style=\"color: #2acec2;\"><strong><a style=\"color: #2acec2;\" href=\"https:\/\/www.myvize.com.tr\/romanya\/vize-islemleri\/romanya-vize-basvurusu\/\" target=\"_blank\" rel=\"noopener\">Romanya vize ba\u015fvurusu<\/a><\/strong><\/span>, evlilik, nikah, vergi, miras, sosyal g\u00fcvenlik, evrak i\u015flemleri, evlatl\u0131k edinme ve <strong>vatanda\u015fl\u0131k i\u015flemleri\u00a0<\/strong>yap\u0131lmaktad\u0131r. Romanya \u00fclkesi, 2007 y\u0131l\u0131nda Avrupa birli\u011finde bulunmaya ba\u015flad\u0131\u011f\u0131 andan itibaren, di\u011fer \u00fclkelerden\u00a0<strong>vatanda\u015fl\u0131k\u00a0<\/strong>i\u00e7in ba\u015fvurular\u0131 konsolosluklara a\u00e7m\u0131\u015ft\u0131r. Hangi \u015fehirde ikametgah edece\u011finize karar verebilece\u011finize bile izin verilmeye ba\u015flam\u0131\u015ft\u0131r. Romanya d\u0131\u015f\u0131nda bulunan yat\u0131r\u0131mc\u0131lara, vatanda\u015fl\u0131k verilme durumu ise, biraz daha kolayla\u015ft\u0131r\u0131lm\u0131\u015ft\u0131r. Bu yat\u0131r\u0131mc\u0131lar\u0131 ilk olarak denetleme alt\u0131na alan,<strong> Romanya konsolosluklar\u0131<\/strong>, noterle, \u00e7evirilerle alakal\u0131 masraflar\u0131n\u0131 ve harcamalar\u0131n\u0131 da kontrol etmektedirler.\u00a0<strong>Yat\u0131r\u0131mc\u0131lar\u00a0<\/strong>i\u00e7in istenilen gerekli evraklar bulunmaktad\u0131r; bu evraklar\u0131n incelenmesi ve olduk\u00e7a yeterli olmas\u0131 halinde vatanda\u015fl\u0131k almalar\u0131 do\u011fal bir durum olarak kabul edilebilir.\u00a0<strong>Vatanda\u015fl\u0131k durumunda<\/strong>, bir sene i\u00e7erisinde, herhangi bir su\u00e7 i\u015fleme ve kanunlar\u0131n d\u0131\u015f\u0131na \u00e7\u0131kma durumunda bir daha \u00fclkeye al\u0131nmaks\u0131z\u0131n d\u0131\u015far\u0131 sevki verilir. Yat\u0131r\u0131mc\u0131lar\u0131n, <strong>Romanya vatanda\u015fl\u0131\u011f\u0131<\/strong> almalar\u0131ndaki baz\u0131 hususlardan birisi ise, Romanya\u2019n\u0131n bir <strong>Avrupa birli\u011fi \u00fclkesi<\/strong> olmas\u0131d\u0131r. Romanya vatanda\u015fl\u0131\u011f\u0131na sahip bir ki\u015finin, di\u011fer Avrupa birli\u011fi \u00fclkelerine de gitmesi normal bir durum olacakt\u0131r.<\/span><\/p>\n<p><span style=\"font-family: Roboto; font-size: 14px;\"><img decoding=\"async\" src=\"https:\/\/www.myvize.com.tr\/romanya\/wp-content\/uploads\/2021\/09\/51.jpg\" \/><\/span><\/p>\n","protected":false},"excerpt":{"rendered":"<p>Yat\u0131r\u0131mc\u0131lara Romanya Vatanda\u015fl\u0131\u011f\u0131 Hakk\u0131nda Romanya konsolosluklar\u0131na, pasaport, pasaport yenileme, pasaport s\u00fcresini uzatma, vize i\u015flemleri, Romanya vize ba\u015fvurusu, evlilik, nikah, vergi, miras, sosyal g\u00fcvenlik, evrak i\u015flemleri, evlatl\u0131k edinme ve vatanda\u015fl\u0131k i\u015flemleri\u00a0yap\u0131lmaktad\u0131r. Romanya \u00fclkesi, 2007 y\u0131l\u0131nda Avrupa birli\u011finde bulunmaya ba\u015flad\u0131\u011f\u0131 andan itibaren, di\u011fer \u00fclkelerden\u00a0vatanda\u015fl\u0131k\u00a0i\u00e7in ba\u015fvurular\u0131 konsolosluklara a\u00e7m\u0131\u015ft\u0131r. Hangi \u015fehirde ikametgah edece\u011finize karar verebilece\u011finize bile izin verilmeye ba\u015flam\u0131\u015ft\u0131r.<\/p>\n","protected":false},"author":1,"featured_media":0,"parent":167,"menu_order":0,"comment_status":"open","ping_status":"closed","template":"","meta":{"footnotes":""},"class_list":["post-175","page","type-page","status-publish","hentry"],"yoast_head":"<!-- This site is optimized with the Yoast SEO plugin v26.8 - https:\/\/yoast.com\/product\/yoast-seo-wordpress\/ -->\n<title>Yat\u0131r\u0131mc\u0131lara Romanya Vatanda\u015fl\u0131\u011f\u0131 - MyVize<\/title>\n<meta name=\"description\" content=\"Yat\u0131r\u0131mc\u0131lara Romanya Vatanda\u015fl\u0131\u011f\u0131 nas\u0131l al\u0131n\u0131r? Yat\u0131r\u0131mc\u0131lara Romanya Vatanda\u015fl\u0131k \u015fartlar\u0131 nelerdir? Yat\u0131r\u0131mc\u0131lara Romanya Vatanda\u015fl\u0131\u011f\u0131 2022\" \/>\n<meta name=\"robots\" content=\"index, follow, max-snippet:-1, max-image-preview:large, max-video-preview:-1\" \/>\n<link rel=\"canonical\" href=\"https:\/\/www.myvize.com.tr\/romanya\/vatandaslik\/yatirimcilara-romanya-vatandasligi\/\" \/>\n<meta property=\"og:locale\" content=\"tr_TR\" \/>\n<meta property=\"og:type\" content=\"article\" \/>\n<meta property=\"og:title\" content=\"Yat\u0131r\u0131mc\u0131lara Romanya Vatanda\u015fl\u0131\u011f\u0131 - MyVize\" \/>\n<meta property=\"og:description\" content=\"Yat\u0131r\u0131mc\u0131lara Romanya Vatanda\u015fl\u0131\u011f\u0131 nas\u0131l al\u0131n\u0131r? Yat\u0131r\u0131mc\u0131lara Romanya Vatanda\u015fl\u0131k \u015fartlar\u0131 nelerdir? Yat\u0131r\u0131mc\u0131lara Romanya Vatanda\u015fl\u0131\u011f\u0131 2022\" \/>\n<meta property=\"og:url\" content=\"https:\/\/www.myvize.com.tr\/romanya\/vatandaslik\/yatirimcilara-romanya-vatandasligi\/\" \/>\n<meta property=\"og:site_name\" content=\"Romanya Vize Dan\u0131\u015fmanl\u0131k | MyVize\" \/>\n<meta property=\"article:modified_time\" content=\"2023-02-21T09:16:10+00:00\" \/>\n<meta property=\"og:image\" content=\"https:\/\/www.myvize.com.tr\/romanya\/wp-content\/uploads\/2021\/09\/51.jpg\" \/>\n<meta name=\"twitter:card\" content=\"summary_large_image\" \/>\n<meta name=\"twitter:label1\" content=\"Tahmini okuma s\u00fcresi\" \/>\n\t<meta name=\"twitter:data1\" content=\"1 dakika\" \/>\n<script type=\"application\/ld+json\" class=\"yoast-schema-graph\">{\"@context\":\"https:\/\/schema.org\",\"@graph\":[{\"@type\":\"WebPage\",\"@id\":\"https:\/\/www.myvize.com.tr\/romanya\/vatandaslik\/yatirimcilara-romanya-vatandasligi\/\",\"url\":\"https:\/\/www.myvize.com.tr\/romanya\/vatandaslik\/yatirimcilara-romanya-vatandasligi\/\",\"name\":\"Yat\u0131r\u0131mc\u0131lara Romanya Vatanda\u015fl\u0131\u011f\u0131 - MyVize\",\"isPartOf\":{\"@id\":\"https:\/\/www.myvize.com.tr\/romanya\/#website\"},\"primaryImageOfPage\":{\"@id\":\"https:\/\/www.myvize.com.tr\/romanya\/vatandaslik\/yatirimcilara-romanya-vatandasligi\/#primaryimage\"},\"image\":{\"@id\":\"https:\/\/www.myvize.com.tr\/romanya\/vatandaslik\/yatirimcilara-romanya-vatandasligi\/#primaryimage\"},\"thumbnailUrl\":\"https:\/\/www.myvize.com.tr\/romanya\/wp-content\/uploads\/2021\/09\/51.jpg\",\"datePublished\":\"2020-12-22T11:53:46+00:00\",\"dateModified\":\"2023-02-21T09:16:10+00:00\",\"description\":\"Yat\u0131r\u0131mc\u0131lara Romanya Vatanda\u015fl\u0131\u011f\u0131 nas\u0131l al\u0131n\u0131r? Yat\u0131r\u0131mc\u0131lara Romanya Vatanda\u015fl\u0131k \u015fartlar\u0131 nelerdir? Yat\u0131r\u0131mc\u0131lara Romanya Vatanda\u015fl\u0131\u011f\u0131 2022\",\"breadcrumb\":{\"@id\":\"https:\/\/www.myvize.com.tr\/romanya\/vatandaslik\/yatirimcilara-romanya-vatandasligi\/#breadcrumb\"},\"inLanguage\":\"tr\",\"potentialAction\":[{\"@type\":\"ReadAction\",\"target\":[\"https:\/\/www.myvize.com.tr\/romanya\/vatandaslik\/yatirimcilara-romanya-vatandasligi\/\"]}]},{\"@type\":\"ImageObject\",\"inLanguage\":\"tr\",\"@id\":\"https:\/\/www.myvize.com.tr\/romanya\/vatandaslik\/yatirimcilara-romanya-vatandasligi\/#primaryimage\",\"url\":\"https:\/\/www.myvize.com.tr\/romanya\/wp-content\/uploads\/2021\/09\/51.jpg\",\"contentUrl\":\"https:\/\/www.myvize.com.tr\/romanya\/wp-content\/uploads\/2021\/09\/51.jpg\",\"width\":800,\"height\":500,\"caption\":\"Yat\u0131r\u0131mc\u0131lara Romanya Vatanda\u015fl\u0131\u011f\u0131\"},{\"@type\":\"BreadcrumbList\",\"@id\":\"https:\/\/www.myvize.com.tr\/romanya\/vatandaslik\/yatirimcilara-romanya-vatandasligi\/#breadcrumb\",\"itemListElement\":[{\"@type\":\"ListItem\",\"position\":1,\"name\":\"Anasayfa\",\"item\":\"https:\/\/www.myvize.com.tr\/romanya\/\"},{\"@type\":\"ListItem\",\"position\":2,\"name\":\"VATANDA\u015eLIK\",\"item\":\"https:\/\/www.myvize.com.tr\/romanya\/vatandaslik\/\"},{\"@type\":\"ListItem\",\"position\":3,\"name\":\"Yat\u0131r\u0131mc\u0131lara Romanya Vatanda\u015fl\u0131\u011f\u0131\"}]},{\"@type\":\"WebSite\",\"@id\":\"https:\/\/www.myvize.com.tr\/romanya\/#website\",\"url\":\"https:\/\/www.myvize.com.tr\/romanya\/\",\"name\":\"Romanya Vize Dan\u0131\u015fmanl\u0131k | MyVize\",\"description\":\"\",\"potentialAction\":[{\"@type\":\"SearchAction\",\"target\":{\"@type\":\"EntryPoint\",\"urlTemplate\":\"https:\/\/www.myvize.com.tr\/romanya\/?s={search_term_string}\"},\"query-input\":{\"@type\":\"PropertyValueSpecification\",\"valueRequired\":true,\"valueName\":\"search_term_string\"}}],\"inLanguage\":\"tr\"}]}<\/script>\n<!-- \/ Yoast SEO plugin. -->","yoast_head_json":{"title":"Yat\u0131r\u0131mc\u0131lara Romanya Vatanda\u015fl\u0131\u011f\u0131 - MyVize","description":"Yat\u0131r\u0131mc\u0131lara Romanya Vatanda\u015fl\u0131\u011f\u0131 nas\u0131l al\u0131n\u0131r? Yat\u0131r\u0131mc\u0131lara Romanya Vatanda\u015fl\u0131k \u015fartlar\u0131 nelerdir? Yat\u0131r\u0131mc\u0131lara Romanya Vatanda\u015fl\u0131\u011f\u0131 2022","robots":{"index":"index","follow":"follow","max-snippet":"max-snippet:-1","max-image-preview":"max-image-preview:large","max-video-preview":"max-video-preview:-1"},"canonical":"https:\/\/www.myvize.com.tr\/romanya\/vatandaslik\/yatirimcilara-romanya-vatandasligi\/","og_locale":"tr_TR","og_type":"article","og_title":"Yat\u0131r\u0131mc\u0131lara Romanya Vatanda\u015fl\u0131\u011f\u0131 - MyVize","og_description":"Yat\u0131r\u0131mc\u0131lara Romanya Vatanda\u015fl\u0131\u011f\u0131 nas\u0131l al\u0131n\u0131r? Yat\u0131r\u0131mc\u0131lara Romanya Vatanda\u015fl\u0131k \u015fartlar\u0131 nelerdir? Yat\u0131r\u0131mc\u0131lara Romanya Vatanda\u015fl\u0131\u011f\u0131 2022","og_url":"https:\/\/www.myvize.com.tr\/romanya\/vatandaslik\/yatirimcilara-romanya-vatandasligi\/","og_site_name":"Romanya Vize Dan\u0131\u015fmanl\u0131k | MyVize","article_modified_time":"2023-02-21T09:16:10+00:00","og_image":[{"url":"https:\/\/www.myvize.com.tr\/romanya\/wp-content\/uploads\/2021\/09\/51.jpg","type":"","width":"","height":""}],"twitter_card":"summary_large_image","twitter_misc":{"Tahmini okuma s\u00fcresi":"1 dakika"},"schema":{"@context":"https:\/\/schema.org","@graph":[{"@type":"WebPage","@id":"https:\/\/www.myvize.com.tr\/romanya\/vatandaslik\/yatirimcilara-romanya-vatandasligi\/","url":"https:\/\/www.myvize.com.tr\/romanya\/vatandaslik\/yatirimcilara-romanya-vatandasligi\/","name":"Yat\u0131r\u0131mc\u0131lara Romanya Vatanda\u015fl\u0131\u011f\u0131 - MyVize","isPartOf":{"@id":"https:\/\/www.myvize.com.tr\/romanya\/#website"},"primaryImageOfPage":{"@id":"https:\/\/www.myvize.com.tr\/romanya\/vatandaslik\/yatirimcilara-romanya-vatandasligi\/#primaryimage"},"image":{"@id":"https:\/\/www.myvize.com.tr\/romanya\/vatandaslik\/yatirimcilara-romanya-vatandasligi\/#primaryimage"},"thumbnailUrl":"https:\/\/www.myvize.com.tr\/romanya\/wp-content\/uploads\/2021\/09\/51.jpg","datePublished":"2020-12-22T11:53:46+00:00","dateModified":"2023-02-21T09:16:10+00:00","description":"Yat\u0131r\u0131mc\u0131lara Romanya Vatanda\u015fl\u0131\u011f\u0131 nas\u0131l al\u0131n\u0131r? Yat\u0131r\u0131mc\u0131lara Romanya Vatanda\u015fl\u0131k \u015fartlar\u0131 nelerdir? Yat\u0131r\u0131mc\u0131lara Romanya Vatanda\u015fl\u0131\u011f\u0131 2022","breadcrumb":{"@id":"https:\/\/www.myvize.com.tr\/romanya\/vatandaslik\/yatirimcilara-romanya-vatandasligi\/#breadcrumb"},"inLanguage":"tr","potentialAction":[{"@type":"ReadAction","target":["https:\/\/www.myvize.com.tr\/romanya\/vatandaslik\/yatirimcilara-romanya-vatandasligi\/"]}]},{"@type":"ImageObject","inLanguage":"tr","@id":"https:\/\/www.myvize.com.tr\/romanya\/vatandaslik\/yatirimcilara-romanya-vatandasligi\/#primaryimage","url":"https:\/\/www.myvize.com.tr\/romanya\/wp-content\/uploads\/2021\/09\/51.jpg","contentUrl":"https:\/\/www.myvize.com.tr\/romanya\/wp-content\/uploads\/2021\/09\/51.jpg","width":800,"height":500,"caption":"Yat\u0131r\u0131mc\u0131lara Romanya Vatanda\u015fl\u0131\u011f\u0131"},{"@type":"BreadcrumbList","@id":"https:\/\/www.myvize.com.tr\/romanya\/vatandaslik\/yatirimcilara-romanya-vatandasligi\/#breadcrumb","itemListElement":[{"@type":"ListItem","position":1,"name":"Anasayfa","item":"https:\/\/www.myvize.com.tr\/romanya\/"},{"@type":"ListItem","position":2,"name":"VATANDA\u015eLIK","item":"https:\/\/www.myvize.com.tr\/romanya\/vatandaslik\/"},{"@type":"ListItem","position":3,"name":"Yat\u0131r\u0131mc\u0131lara Romanya Vatanda\u015fl\u0131\u011f\u0131"}]},{"@type":"WebSite","@id":"https:\/\/www.myvize.com.tr\/romanya\/#website","url":"https:\/\/www.myvize.com.tr\/romanya\/","name":"Romanya Vize Dan\u0131\u015fmanl\u0131k | MyVize","description":"","potentialAction":[{"@type":"SearchAction","target":{"@type":"EntryPoint","urlTemplate":"https:\/\/www.myvize.com.tr\/romanya\/?s={search_term_string}"},"query-input":{"@type":"PropertyValueSpecification","valueRequired":true,"valueName":"search_term_string"}}],"inLanguage":"tr"}]}},"_links":{"self":[{"href":"https:\/\/www.myvize.com.tr\/romanya\/wp-json\/wp\/v2\/pages\/175","targetHints":{"allow":["GET"]}}],"collection":[{"href":"https:\/\/www.myvize.com.tr\/romanya\/wp-json\/wp\/v2\/pages"}],"about":[{"href":"https:\/\/www.myvize.com.tr\/romanya\/wp-json\/wp\/v2\/types\/page"}],"author":[{"embeddable":true,"href":"https:\/\/www.myvize.com.tr\/romanya\/wp-json\/wp\/v2\/users\/1"}],"replies":[{"embeddable":true,"href":"https:\/\/www.myvize.com.tr\/romanya\/wp-json\/wp\/v2\/comments?post=175"}],"version-history":[{"count":5,"href":"https:\/\/www.myvize.com.tr\/romanya\/wp-json\/wp\/v2\/pages\/175\/revisions"}],"predecessor-version":[{"id":1300,"href":"https:\/\/www.myvize.com.tr\/romanya\/wp-json\/wp\/v2\/pages\/175\/revisions\/1300"}],"up":[{"embeddable":true,"href":"https:\/\/www.myvize.com.tr\/romanya\/wp-json\/wp\/v2\/pages\/167"}],"wp:attachment":[{"href":"https:\/\/www.myvize.com.tr\/romanya\/wp-json\/wp\/v2\/media?parent=175"}],"curies":[{"name":"wp","href":"https:\/\/api.w.org\/{rel}","templated":true}]}}