{"id":177,"date":"2020-12-22T14:54:17","date_gmt":"2020-12-22T11:54:17","guid":{"rendered":"https:\/\/www.myvize.com.tr\/romanya\/?page_id=177"},"modified":"2022-07-19T13:41:26","modified_gmt":"2022-07-19T10:41:26","slug":"romanya-vize-basvuru-formu","status":"publish","type":"page","link":"https:\/\/www.myvize.com.tr\/romanya\/form-ve-dilekce\/romanya-vize-basvuru-formu\/","title":{"rendered":"Romanya Vize Ba\u015fvuru Formu"},"content":{"rendered":"<p><span style=\"font-family: Roboto;\"><\/span><\/p>\r\n<h2><strong><span style=\"font-size: 27px; font-family: Roboto;\">Romanya Vize Ba\u015fvuru Formu Hakk\u0131nda<\/span><\/strong><\/h2>\r\n<p><span style=\"font-family: Roboto; font-size: 14px;\">Romanya vize i\u015flemlerini titizlikle yapan\u00fclkeler aras\u0131nda yer almaktad\u0131r.<strong>\u00a0Romanya<\/strong><strong>\u00a0Vize Ba\u015fvuru Formu<\/strong>\u00a0\u00fclkeden vize alabilmeniz i\u00e7in doldurulmas\u0131 gereken \u00f6nemli bir belgedir. Bu belge ile \u00fclkeye gitme iste\u011finiziniz beyan etmi\u015f olursunuz.\u00a0 Vize alabilmeniz a\u00e7\u0131s\u0131ndan bu ba\u015fvuru formunun eksiksiz ve itina ile doldurulmas\u0131 gerekir. E\u011fer bu ba\u015fvuruda noksanl\u0131k tespit edilirse vize ba\u015fvurunuz olumsuz olarak taraf\u0131n\u0131za d\u00f6necektir.\u00a0<strong>Romanya Vize Ba\u015fvuru Formu\u00a0<\/strong>internet \u00fczerinden \u00e7ok kolay bir \u015fekilde i\u015fleme sokulmaktad\u0131r. Ancak bu belge doldurulurken vize sa\u011flayaca\u011f\u0131n\u0131z \u015firketle g\u00f6r\u00fc\u015fmek sa\u011fl\u0131kl\u0131 bir beyan vermeniz a\u00e7\u0131s\u0131ndan \u00f6nemlidir.\u00a0<strong>Romanya<\/strong><strong>\u00a0Vize Ba\u015fvuru Formu\u00a0<\/strong>i\u00e7eri\u011findeki ilk on bir madde kimlik bilgilerinin verilmesine dayan\u0131r. On ikinci ve on alt\u0131nc\u0131 maddede ise pasaport bilgilerinizin teyit edilmesi ile alakal\u0131d\u0131r.<\/span><\/p>\r\n<p><span style=\"font-family: Roboto; font-size: 14px;\"><\/span><\/p>\r\n<p><span style=\"font-family: Roboto; font-size: 14px;\"><img decoding=\"async\" src=\"https:\/\/www.myvize.com.tr\/romanya\/wp-content\/uploads\/2021\/09\/53.jpg\" \/><\/span><\/p>\r\n<p><span style=\"font-family: Roboto; font-size: 14px;\"><\/span><\/p>\r\n<p><span style=\"font-family: Roboto; font-size: 14px;\"><strong>Romanya Vize Ba\u015fvuru Formu\u00a0<\/strong>\u00e7al\u0131\u015fan ki\u015filerin i\u015f bilgilerini, \u00f6\u011frenci konumundaki ki\u015filerin ise \u00f6\u011frenim durumu ile alakal\u0131 bilgilendirme talep eder.\u00a0<strong>Romanya\u00a0Vize Ba\u015fvuru Formu<\/strong>\u00a0\u00f6ncesinde yap\u0131lan seyahat i\u00e7erikleri \u00f6nemlidir. Buna dair parmak izi ve vize kodlar\u0131 mutlaka ba\u015fvuruda belirtilmelidir. Seyahat esnas\u0131nda yap\u0131lan harcamalar, konaklamalara dair bilgilendirme yap\u0131lmal\u0131d\u0131r.<strong>\u00a0Romanya Vize Ba\u015fvuru Formu<\/strong>\u00a0arac\u0131l\u0131\u011f\u0131 ile AB, AET veya \u0130svi\u00e7re vatanda\u015f\u0131 olan ki\u015filerle akrabal\u0131k ba\u011f\u0131 varsa mutlaka beyan edilmelidir. Ba\u015fvuruya ili\u015fkin tarih ve mek\u00e2n taraf\u0131n\u0131zca belirtilmeli ayr\u0131ca imza ile onaylanmal\u0131d\u0131r.<strong>\u00a0Romanya Vize Ba\u015fvuru Formu\u00a0<\/strong>amaca uygun ticari ya da turistlik vizenin belgelerini, maddi ve manevi yeterlili\u011finizin tespit edilmesini de de\u011ferlendirir. Ba\u015fvuru ile birlikte gerekli evraklarla s\u00fcre\u00e7 ba\u015flat\u0131l\u0131r.,<\/span><\/p>\r\n<p><span style=\"font-family: Roboto; font-size: 14px;\">\r\n\r\n<\/span><\/p>\r\n<div class=\"wp-block-group\"><div class=\"wp-block-group__inner-container\">\r\n<div class=\"wp-block-group__inner-container is-layout-flow wp-block-group-is-layout-flow\"><span style=\"font-family: Roboto; font-size: 14px;\"><\/span>\r\n<div class=\"wp-block-columns is-layout-flex wp-container-core-columns-is-layout-1 wp-block-columns-is-layout-flex\"><span style=\"font-family: Roboto; font-size: 14px;\"><\/span>\r\n<div class=\"wp-block-column is-layout-flow wp-block-column-is-layout-flow\"><span style=\"font-family: Roboto; font-size: 14px;\"><\/span>\r\n<p><span style=\"font-family: Roboto; font-size: 14px;\"><img loading=\"lazy\" decoding=\"async\" src=\"https:\/\/www.myvize.com.tr\/romanya\/wp-content\/uploads\/2021\/07\/aDOBE-LOGO-1.png\" width=\"75\" height=\"75\" \/><a href=\"https:\/\/www.myvize.com.tr\/romanya\/wp-content\/uploads\/2021\/07\/romanya-vize-basvuru-formu.pdf\" target=\"_blank\" rel=\"noreferrer noopener\"> <span style=\"color: blue;\">Ba\u015fvuru Formunu \u0130ndirmek \u0130\u00e7in T\u0131klay\u0131n\u0131z!!<\/span><br \/><\/a><\/span><\/p>\r\n<span style=\"font-family: Roboto; font-size: 14px;\"><\/span><\/div>\r\n<span style=\"font-family: Roboto; font-size: 14px;\"><\/span><\/div>\r\n<span style=\"font-family: Roboto; font-size: 14px;\"><\/span><\/div>\r\n<\/div><\/div>\r\n<p><span style=\"font-family: Roboto; font-size: 14px;\">\r\n\r\n<\/span><\/p>\r\n<p>&nbsp;<\/p>\r\n<p><span style=\"font-family: Roboto;\"><\/span><\/p>","protected":false},"excerpt":{"rendered":"<p>Romanya Vize Ba\u015fvuru Formu Hakk\u0131nda Romanya vize i\u015flemlerini titizlikle yapan\u00fclkeler aras\u0131nda yer almaktad\u0131r.\u00a0Romanya\u00a0Vize Ba\u015fvuru Formu\u00a0\u00fclkeden vize alabilmeniz i\u00e7in doldurulmas\u0131 gereken \u00f6nemli bir belgedir. Bu belge ile \u00fclkeye gitme iste\u011finiziniz beyan etmi\u015f olursunuz.\u00a0 Vize alabilmeniz a\u00e7\u0131s\u0131ndan bu ba\u015fvuru formunun eksiksiz ve itina ile doldurulmas\u0131 gerekir. E\u011fer bu ba\u015fvuruda noksanl\u0131k tespit edilirse vize ba\u015fvurunuz olumsuz olarak taraf\u0131n\u0131za<\/p>\n","protected":false},"author":1,"featured_media":0,"parent":170,"menu_order":0,"comment_status":"open","ping_status":"closed","template":"","meta":{"footnotes":""},"class_list":["post-177","page","type-page","status-publish","hentry"],"yoast_head":"<!-- This site is optimized with the Yoast SEO plugin v26.8 - https:\/\/yoast.com\/product\/yoast-seo-wordpress\/ -->\n<title>Romanya Vize Ba\u015fvuru Formu Hakk\u0131nda - MyVize<\/title>\n<meta name=\"description\" content=\"Romanya Vize Ba\u015fvuru Formu nas\u0131l doldurulur? Romanya Vize Ba\u015fvurusu nas\u0131l yap\u0131l\u0131r? Bilgi \u0130\u00e7in Vize Uzmanlar\u0131m\u0131z\u0131 Aray\u0131n: 0850 346 84 93\" \/>\n<meta name=\"robots\" content=\"index, follow, max-snippet:-1, max-image-preview:large, max-video-preview:-1\" \/>\n<link rel=\"canonical\" href=\"https:\/\/www.myvize.com.tr\/romanya\/form-ve-dilekce\/romanya-vize-basvuru-formu\/\" \/>\n<meta property=\"og:locale\" content=\"tr_TR\" \/>\n<meta property=\"og:type\" content=\"article\" \/>\n<meta property=\"og:title\" content=\"Romanya Vize Ba\u015fvuru Formu Hakk\u0131nda - MyVize\" \/>\n<meta property=\"og:description\" content=\"Romanya Vize Ba\u015fvuru Formu nas\u0131l doldurulur? Romanya Vize Ba\u015fvurusu nas\u0131l yap\u0131l\u0131r? Bilgi \u0130\u00e7in Vize Uzmanlar\u0131m\u0131z\u0131 Aray\u0131n: 0850 346 84 93\" \/>\n<meta property=\"og:url\" content=\"https:\/\/www.myvize.com.tr\/romanya\/form-ve-dilekce\/romanya-vize-basvuru-formu\/\" \/>\n<meta property=\"og:site_name\" content=\"Romanya Vize Dan\u0131\u015fmanl\u0131k | MyVize\" \/>\n<meta property=\"article:modified_time\" content=\"2022-07-19T10:41:26+00:00\" \/>\n<meta property=\"og:image\" content=\"https:\/\/www.myvize.com.tr\/romanya\/wp-content\/uploads\/2021\/09\/53.jpg\" \/>\n<meta name=\"twitter:card\" content=\"summary_large_image\" \/>\n<meta name=\"twitter:label1\" content=\"Tahmini okuma s\u00fcresi\" \/>\n\t<meta name=\"twitter:data1\" content=\"2 dakika\" \/>\n<script type=\"application\/ld+json\" class=\"yoast-schema-graph\">{\"@context\":\"https:\/\/schema.org\",\"@graph\":[{\"@type\":\"WebPage\",\"@id\":\"https:\/\/www.myvize.com.tr\/romanya\/form-ve-dilekce\/romanya-vize-basvuru-formu\/\",\"url\":\"https:\/\/www.myvize.com.tr\/romanya\/form-ve-dilekce\/romanya-vize-basvuru-formu\/\",\"name\":\"Romanya Vize Ba\u015fvuru Formu Hakk\u0131nda - MyVize\",\"isPartOf\":{\"@id\":\"https:\/\/www.myvize.com.tr\/romanya\/#website\"},\"primaryImageOfPage\":{\"@id\":\"https:\/\/www.myvize.com.tr\/romanya\/form-ve-dilekce\/romanya-vize-basvuru-formu\/#primaryimage\"},\"image\":{\"@id\":\"https:\/\/www.myvize.com.tr\/romanya\/form-ve-dilekce\/romanya-vize-basvuru-formu\/#primaryimage\"},\"thumbnailUrl\":\"https:\/\/www.myvize.com.tr\/romanya\/wp-content\/uploads\/2021\/09\/53.jpg\",\"datePublished\":\"2020-12-22T11:54:17+00:00\",\"dateModified\":\"2022-07-19T10:41:26+00:00\",\"description\":\"Romanya Vize Ba\u015fvuru Formu nas\u0131l doldurulur? Romanya Vize Ba\u015fvurusu nas\u0131l yap\u0131l\u0131r? Bilgi \u0130\u00e7in Vize Uzmanlar\u0131m\u0131z\u0131 Aray\u0131n: 0850 346 84 93\",\"breadcrumb\":{\"@id\":\"https:\/\/www.myvize.com.tr\/romanya\/form-ve-dilekce\/romanya-vize-basvuru-formu\/#breadcrumb\"},\"inLanguage\":\"tr\",\"potentialAction\":[{\"@type\":\"ReadAction\",\"target\":[\"https:\/\/www.myvize.com.tr\/romanya\/form-ve-dilekce\/romanya-vize-basvuru-formu\/\"]}]},{\"@type\":\"ImageObject\",\"inLanguage\":\"tr\",\"@id\":\"https:\/\/www.myvize.com.tr\/romanya\/form-ve-dilekce\/romanya-vize-basvuru-formu\/#primaryimage\",\"url\":\"https:\/\/www.myvize.com.tr\/romanya\/wp-content\/uploads\/2021\/09\/53.jpg\",\"contentUrl\":\"https:\/\/www.myvize.com.tr\/romanya\/wp-content\/uploads\/2021\/09\/53.jpg\",\"width\":800,\"height\":500,\"caption\":\"Romanya Vize Ba\u015fvuru Formu\"},{\"@type\":\"BreadcrumbList\",\"@id\":\"https:\/\/www.myvize.com.tr\/romanya\/form-ve-dilekce\/romanya-vize-basvuru-formu\/#breadcrumb\",\"itemListElement\":[{\"@type\":\"ListItem\",\"position\":1,\"name\":\"Anasayfa\",\"item\":\"https:\/\/www.myvize.com.tr\/romanya\/\"},{\"@type\":\"ListItem\",\"position\":2,\"name\":\"FORM VE D\u0130LEK\u00c7E\",\"item\":\"https:\/\/www.myvize.com.tr\/romanya\/form-ve-dilekce\/\"},{\"@type\":\"ListItem\",\"position\":3,\"name\":\"Romanya Vize Ba\u015fvuru Formu\"}]},{\"@type\":\"WebSite\",\"@id\":\"https:\/\/www.myvize.com.tr\/romanya\/#website\",\"url\":\"https:\/\/www.myvize.com.tr\/romanya\/\",\"name\":\"Romanya Vize Dan\u0131\u015fmanl\u0131k | MyVize\",\"description\":\"\",\"potentialAction\":[{\"@type\":\"SearchAction\",\"target\":{\"@type\":\"EntryPoint\",\"urlTemplate\":\"https:\/\/www.myvize.com.tr\/romanya\/?s={search_term_string}\"},\"query-input\":{\"@type\":\"PropertyValueSpecification\",\"valueRequired\":true,\"valueName\":\"search_term_string\"}}],\"inLanguage\":\"tr\"}]}<\/script>\n<!-- \/ Yoast SEO plugin. -->","yoast_head_json":{"title":"Romanya Vize Ba\u015fvuru Formu Hakk\u0131nda - MyVize","description":"Romanya Vize Ba\u015fvuru Formu nas\u0131l doldurulur? Romanya Vize Ba\u015fvurusu nas\u0131l yap\u0131l\u0131r? Bilgi \u0130\u00e7in Vize Uzmanlar\u0131m\u0131z\u0131 Aray\u0131n: 0850 346 84 93","robots":{"index":"index","follow":"follow","max-snippet":"max-snippet:-1","max-image-preview":"max-image-preview:large","max-video-preview":"max-video-preview:-1"},"canonical":"https:\/\/www.myvize.com.tr\/romanya\/form-ve-dilekce\/romanya-vize-basvuru-formu\/","og_locale":"tr_TR","og_type":"article","og_title":"Romanya Vize Ba\u015fvuru Formu Hakk\u0131nda - MyVize","og_description":"Romanya Vize Ba\u015fvuru Formu nas\u0131l doldurulur? Romanya Vize Ba\u015fvurusu nas\u0131l yap\u0131l\u0131r? Bilgi \u0130\u00e7in Vize Uzmanlar\u0131m\u0131z\u0131 Aray\u0131n: 0850 346 84 93","og_url":"https:\/\/www.myvize.com.tr\/romanya\/form-ve-dilekce\/romanya-vize-basvuru-formu\/","og_site_name":"Romanya Vize Dan\u0131\u015fmanl\u0131k | MyVize","article_modified_time":"2022-07-19T10:41:26+00:00","og_image":[{"url":"https:\/\/www.myvize.com.tr\/romanya\/wp-content\/uploads\/2021\/09\/53.jpg","type":"","width":"","height":""}],"twitter_card":"summary_large_image","twitter_misc":{"Tahmini okuma s\u00fcresi":"2 dakika"},"schema":{"@context":"https:\/\/schema.org","@graph":[{"@type":"WebPage","@id":"https:\/\/www.myvize.com.tr\/romanya\/form-ve-dilekce\/romanya-vize-basvuru-formu\/","url":"https:\/\/www.myvize.com.tr\/romanya\/form-ve-dilekce\/romanya-vize-basvuru-formu\/","name":"Romanya Vize Ba\u015fvuru Formu Hakk\u0131nda - MyVize","isPartOf":{"@id":"https:\/\/www.myvize.com.tr\/romanya\/#website"},"primaryImageOfPage":{"@id":"https:\/\/www.myvize.com.tr\/romanya\/form-ve-dilekce\/romanya-vize-basvuru-formu\/#primaryimage"},"image":{"@id":"https:\/\/www.myvize.com.tr\/romanya\/form-ve-dilekce\/romanya-vize-basvuru-formu\/#primaryimage"},"thumbnailUrl":"https:\/\/www.myvize.com.tr\/romanya\/wp-content\/uploads\/2021\/09\/53.jpg","datePublished":"2020-12-22T11:54:17+00:00","dateModified":"2022-07-19T10:41:26+00:00","description":"Romanya Vize Ba\u015fvuru Formu nas\u0131l doldurulur? Romanya Vize Ba\u015fvurusu nas\u0131l yap\u0131l\u0131r? Bilgi \u0130\u00e7in Vize Uzmanlar\u0131m\u0131z\u0131 Aray\u0131n: 0850 346 84 93","breadcrumb":{"@id":"https:\/\/www.myvize.com.tr\/romanya\/form-ve-dilekce\/romanya-vize-basvuru-formu\/#breadcrumb"},"inLanguage":"tr","potentialAction":[{"@type":"ReadAction","target":["https:\/\/www.myvize.com.tr\/romanya\/form-ve-dilekce\/romanya-vize-basvuru-formu\/"]}]},{"@type":"ImageObject","inLanguage":"tr","@id":"https:\/\/www.myvize.com.tr\/romanya\/form-ve-dilekce\/romanya-vize-basvuru-formu\/#primaryimage","url":"https:\/\/www.myvize.com.tr\/romanya\/wp-content\/uploads\/2021\/09\/53.jpg","contentUrl":"https:\/\/www.myvize.com.tr\/romanya\/wp-content\/uploads\/2021\/09\/53.jpg","width":800,"height":500,"caption":"Romanya Vize Ba\u015fvuru Formu"},{"@type":"BreadcrumbList","@id":"https:\/\/www.myvize.com.tr\/romanya\/form-ve-dilekce\/romanya-vize-basvuru-formu\/#breadcrumb","itemListElement":[{"@type":"ListItem","position":1,"name":"Anasayfa","item":"https:\/\/www.myvize.com.tr\/romanya\/"},{"@type":"ListItem","position":2,"name":"FORM VE D\u0130LEK\u00c7E","item":"https:\/\/www.myvize.com.tr\/romanya\/form-ve-dilekce\/"},{"@type":"ListItem","position":3,"name":"Romanya Vize Ba\u015fvuru Formu"}]},{"@type":"WebSite","@id":"https:\/\/www.myvize.com.tr\/romanya\/#website","url":"https:\/\/www.myvize.com.tr\/romanya\/","name":"Romanya Vize Dan\u0131\u015fmanl\u0131k | MyVize","description":"","potentialAction":[{"@type":"SearchAction","target":{"@type":"EntryPoint","urlTemplate":"https:\/\/www.myvize.com.tr\/romanya\/?s={search_term_string}"},"query-input":{"@type":"PropertyValueSpecification","valueRequired":true,"valueName":"search_term_string"}}],"inLanguage":"tr"}]}},"_links":{"self":[{"href":"https:\/\/www.myvize.com.tr\/romanya\/wp-json\/wp\/v2\/pages\/177","targetHints":{"allow":["GET"]}}],"collection":[{"href":"https:\/\/www.myvize.com.tr\/romanya\/wp-json\/wp\/v2\/pages"}],"about":[{"href":"https:\/\/www.myvize.com.tr\/romanya\/wp-json\/wp\/v2\/types\/page"}],"author":[{"embeddable":true,"href":"https:\/\/www.myvize.com.tr\/romanya\/wp-json\/wp\/v2\/users\/1"}],"replies":[{"embeddable":true,"href":"https:\/\/www.myvize.com.tr\/romanya\/wp-json\/wp\/v2\/comments?post=177"}],"version-history":[{"count":5,"href":"https:\/\/www.myvize.com.tr\/romanya\/wp-json\/wp\/v2\/pages\/177\/revisions"}],"predecessor-version":[{"id":1246,"href":"https:\/\/www.myvize.com.tr\/romanya\/wp-json\/wp\/v2\/pages\/177\/revisions\/1246"}],"up":[{"embeddable":true,"href":"https:\/\/www.myvize.com.tr\/romanya\/wp-json\/wp\/v2\/pages\/170"}],"wp:attachment":[{"href":"https:\/\/www.myvize.com.tr\/romanya\/wp-json\/wp\/v2\/media?parent=177"}],"curies":[{"name":"wp","href":"https:\/\/api.w.org\/{rel}","templated":true}]}}