{"id":185,"date":"2020-12-22T14:55:50","date_gmt":"2020-12-22T11:55:50","guid":{"rendered":"https:\/\/www.myvize.com.tr\/romanya\/?page_id=185"},"modified":"2022-03-21T15:16:16","modified_gmt":"2022-03-21T12:16:16","slug":"romanya-ticari-vize-dilekce-ornegi","status":"publish","type":"page","link":"https:\/\/www.myvize.com.tr\/romanya\/form-ve-dilekce\/romanya-ticari-vize-dilekce-ornegi\/","title":{"rendered":"Romanya Ticari Vize Dilek\u00e7e \u00d6rne\u011fi"},"content":{"rendered":"<p><span style=\"font-family: Roboto;\"><\/span><\/p>\r\n<p><span style=\"font-family: Roboto; font-size: 14px;\"><strong>Romanya ticari vize dilek\u00e7e \u00f6rne\u011fi<\/strong>, Romanya\u2019ya i\u015f gezisi, fuar kat\u0131l\u0131m\u0131 gibi durumlarda ihtiyac\u0131m\u0131z olan evrakt\u0131r. <strong>Romanya ticari vizesi<\/strong>, C tipi vize tipine d\u00e2hil olan gruptand\u0131r.<\/span><\/p>\r\n<p><span style=\"font-family: Roboto; font-size: 14px;\">\r\n\r\n<\/span><\/p>\r\n<p><span style=\"font-family: Roboto; font-size: 14px;\"><strong>Romanya ticari vize ba\u015fvurular\u0131<\/strong> ikametin ba\u011fl\u0131 oldu\u011fu konsoloslu\u011fa yap\u0131lmal\u0131d\u0131r. <span style=\"color: #2acec2;\"><strong><a style=\"color: #2acec2;\" href=\"https:\/\/www.myvize.com.tr\/romanya\/vize-islemleri\/romanya-ticari-vize\/\" target=\"_blank\" rel=\"noopener\">Romanya ticari vize<\/a><\/strong><\/span> ba\u015fvurusu e-vize sistemi \u00fczerinden yap\u0131labilmektedir. Sistemin verdi\u011fi randevu tarihinde ilgili konsoloslu\u011fa gidilerek i\u015flemler tamamlanmal\u0131d\u0131r.<\/span><\/p>\r\n<h2><strong><span style=\"font-family: Roboto; font-size: 27px;\">Romanya Ticari Vizesi<\/span><\/strong><\/h2>\r\n<p><span style=\"font-family: Roboto; font-size: 14px;\"><strong>Romanya Ticari Vizesi <\/strong>Romanya&#8217;ya gitme sebebi i\u015f gezisi, fuar kat\u0131l\u0131m\u0131 gibi sebeplerden olan ki\u015filerin almas\u0131 gereken vize t\u00fcr\u00fcd\u00fcr. Romanyaya bu sebeplerden dolay\u0131 seyahat edecek olan T\u00fcrkiye Cumhuriyeti vatanda\u015flar\u0131 <strong>Romanya Ticari Vizesi<\/strong> almak zorundad\u0131r ve bu vize C tipi vize kategorisine girmektedir. Umuma Mahsus yani bordo pasaport sahibi olan T\u00fcrkiye Cumhuriyeti vatanda\u015flar\u0131, ticari sebeplerden dolay\u0131 yapacaklar\u0131 <strong>Romanya seyahatleri<\/strong> i\u00e7in vize almak zorundad\u0131r. Hizmet pasaportu, hususi pasaport ve diplomatik pasaport sahibi olan ki\u015filer ise 6 ayl\u0131k s\u00fcre i\u00e7erisinde 90 g\u00fcn\u00fc ge\u00e7meyecek kadar s\u00fcre ile yapacaklar\u0131 ticari seyahat i\u00e7in vize alma mecburiyetinde tutulmamaktad\u0131r. Romanya konsolosluklar\u0131 i\u00e7in b\u00f6lge ayr\u0131m\u0131 bulunmaktad\u0131r. Bu sebepten dolay\u0131 da her Romanya vizesinin gereklili\u011fi gibi <strong>Romanya Ticari Vizesi<\/strong> i\u00e7in de ba\u015fvuru sahipleri bulunduklar\u0131 b\u00f6lgeye ba\u011fl\u0131 olan konsoloslu\u011fa ba\u015fvuru yapmal\u0131d\u0131r m. Romanya Ticari Vizesi i\u00e7in yap\u0131lacak olan ba\u015fvurular <strong>E-vize sistemi<\/strong> \u00fczerinden yap\u0131lmaktad\u0131r ve ba\u015fvur sahibi olan ki\u015filer E-vize i\u015flemlerini\u00a0 ger\u00e7ekle\u015ftirdikleri esnada sistem taraf\u0131ndan otomatik olarak verilen randevu tarihinde konsoloslu\u011fa gidip ba\u015fvuru i\u015flemlerini tamamlamak zorundad\u0131r.<\/span><\/p>\r\n<h2><strong><span style=\"font-family: Roboto; font-size: 27px;\">Romanya Ticari Vizesi Dilek\u00e7e Yazarken Dikkat Edilmesi Gerekenler<\/span><\/strong><\/h2>\r\n<p><span style=\"font-family: Roboto; font-size: 14px;\"><span style=\"color: #2acec2;\"><strong><a style=\"color: #2acec2;\" href=\"https:\/\/www.myvize.com.tr\/romanya\/vize-islemleri\/romanya-vize-basvurusu\/\" target=\"_blank\" rel=\"noopener\">Romanya vize ba\u015fvurusu<\/a><\/strong><\/span> i\u00e7in talep yaz\u0131n\u0131z\u0131 olu\u015fturdu\u011funuz esnada dilek\u00e7eniz sundu\u011funuz evraklar ile uyum i\u00e7erisinde olmal\u0131d\u0131r ve do\u011fru bilgiler i\u00e7ermelidir.\u00a0<\/span><br \/><br \/><span style=\"font-family: Roboto; font-size: 14px;\">&#8211;<strong>Romanya ticari vize dilek\u00e7esi<\/strong> yazarken Ingilizce dilini kullanabilirsiniz.<\/span><br \/><span style=\"font-family: Roboto; font-size: 14px;\">-Dilek\u00e7enin tarihinin yaz\u0131lmas\u0131 \u00f6nemlidir.<\/span><br \/><span style=\"font-family: Roboto; font-size: 14px;\">-Romanya&#8217;n\u0131n hangi temsilcili\u011fine ve hangi departman\u0131na hitap ederek dilek\u00e7e yazd\u0131\u011f\u0131n\u0131za dikkat etmeniz gerekmektedir ve bu belirtilmelidir.<\/span><br \/><span style=\"font-family: Roboto; font-size: 14px;\">-\u0130sim, soy isim ve pasaport numaran\u0131z mutlaka bulunmal\u0131d\u0131r.<\/span><br \/><span style=\"font-family: Roboto; font-size: 14px;\">-Seyahat tarihleri net olarak belirtilmelidir.<\/span><br \/><span style=\"font-family: Roboto; font-size: 14px;\">-Dilek\u00e7ede belirtilen seyahat tarihleri ile<\/span><br \/><span style=\"font-family: Roboto; font-size: 14px;\">ba\u015fvuru formu, otel, u\u00e7ak \u00a0ve seyahat sa\u011fl\u0131k sigortas\u0131 kapsam\u0131 gibi durumlar birbiri ile uyum i\u00e7erisinde olmal\u0131d\u0131r.<\/span><br \/><span style=\"font-family: Roboto; font-size: 14px;\">-Seyahat pl\u00e2nlaman\u0131z hakk\u0131nda gerekli detaylar\u0131 vermeniz gerekir. Bunlar\u0131n aras\u0131nda ula\u015f\u0131m ara\u00e7lar\u0131, konaklama bilgileri ve ziyaretin ama\u00e7lar\u0131 da yer almal\u0131d\u0131r.<\/span><br \/><span style=\"font-family: Roboto; font-size: 14px;\">-Ge\u00e7mi\u015f ziyaretlerinizden ya da vize reddinizden bahsetmeniz olumlu olacakt\u0131r.\u00a0<\/span><br \/><span style=\"font-family: Roboto; font-size: 14px;\">-Vize talebinizin s\u00fcresine g\u00f6re tek, \u00e7ift veya \u00e7ok giri\u015fli se\u00e7eneklerini belirtmelisiniz.<\/span><br \/><span style=\"font-family: Roboto; font-size: 14px;\">-Mesleki bilgilerinizin yer almas\u0131 gerekmektedir. -Banka gelirleriniz hakk\u0131nda ve y\u00fcksek veya anla\u015f\u0131lmas\u0131 g\u00fc\u00e7 durumlar i\u00e7in yapt\u0131\u011f\u0131n\u0131z i\u015f hakk\u0131nda detayl\u0131 bilgi vermeniz de yararl\u0131 olacakt\u0131r.<\/span><br \/><span style=\"font-family: Roboto; font-size: 14px;\">-Romanya&#8217;ya yapaca\u011f\u0131n\u0131z seyahat i\u00e7in masraflar\u0131n\u0131z\u0131 kimin ve nas\u0131l kar\u015f\u0131layaca\u011f\u0131n\u0131\u00a0 belirtmeniz gerekmektedir.<\/span><br \/><span style=\"font-family: Roboto; font-size: 14px;\">-Seyahatinizin ard\u0131ndan verilen vize s\u00fcresi s\u0131n\u0131rlar\u0131 i\u00e7erisinde ikamet etti\u011finiz \u00fclkenize geri d\u00f6nece\u011finizi dair taahh\u00fct vermeniz gerekmektedir.<\/span><\/p>\r\n<h2><span style=\"font-size: 27px;\"><strong><span style=\"font-family: Roboto;\">Romanya Ticari Vize Dilek\u00e7esinde Dikkat Edilmesi Gereken Unsurlar<\/span><\/strong><\/span><\/h2>\r\n<p><span style=\"font-family: Roboto; font-size: 14px;\">\r\n\r\n<\/span><\/p>\r\n<ul class=\"wp-block-list\">\r\n<li><span style=\"font-family: Roboto; font-size: 14px;\">Romanya\u2019da ili\u015fikte olunan ticari firmadan ba\u015fvuru sahibine g\u00f6nderilmi\u015f \u0131slak imzal\u0131 ve ka\u015feli davet mektubu bulunmal\u0131d\u0131r. Romanya\u2019da ger\u00e7ekle\u015ftirece\u011finiz ticari olay anlat\u0131lmal\u0131d\u0131r. Davet sahibine ait ki\u015fisel bilgiler ve evraklar da dosyaya ili\u015ftirilmelidir. Davette bulunan \u015firkete ait Registration Certificate evrak\u0131 da dosyan\u0131zda bulunmal\u0131d\u0131r.<\/span><\/li>\r\n<li><span style=\"font-family: Roboto; font-size: 14px;\">Planlanan seyahat s\u00fcrecinden 6 ay sonras\u0131n\u0131 kapsayan ge\u00e7erlili\u011fe sahip pasaportunuz olmal\u0131d\u0131r. Ayr\u0131ca 2 sayfas\u0131 vize bas\u0131m\u0131 i\u00e7in haz\u0131r bulunmal\u0131d\u0131r.<\/span><\/li>\r\n<li><span style=\"font-family: Roboto; font-size: 14px;\"><strong>Romanya ticari vize dilek\u00e7e<\/strong> \u00f6rne\u011fi i\u00e7erisinde ba\u015fvuru sahibine g\u00f6nderilmi\u015f davetiyenin \u0131slak imzal\u0131 olmamas\u0131 durumunda Romanya Konsoloslu\u011fu vize ba\u015fvurusunu reddedebilir.<\/span><\/li>\r\n<\/ul>\r\n<p><span style=\"font-family: Roboto; font-size: 14px;\"><\/span><\/p>\r\n<h3><span style=\"font-size: 24px;\"><strong><span style=\"font-family: Roboto;\">Romanya Ticari Vize Dilek\u00e7esi \u00d6rne\u011fi<\/span><\/strong><\/span><\/h3>\r\n<p><span style=\"font-family: Roboto; font-size: 14px;\">Romanyaya yapaca\u011f\u0131n\u0131z seyahat i\u00e7in <strong>Romanya Ticari vize<\/strong> ba\u015fvurular\u0131nda, konsolosluklar\u0131n<\/span><br \/><span style=\"font-family: Roboto; font-size: 14px;\">yetki b\u00f6lgelerinde ayr\u0131m bulundu\u011funu daha \u00f6nce s\u00f6ylemi\u015ftik. Ba\u015fvuru sahipleri hangi ilde ikamet ediyorsa o b\u00f6lgenin yetki kapsam\u0131ndaki konsoloslu\u011fa ba\u015fvuruda bulunmas\u0131 gerekmektedir. Ki\u015filer m\u00fclakata \u00e7a\u011fr\u0131laca\u011f\u0131 zaman bu durum kolayl\u0131k sa\u011flayacakt\u0131r.<\/span><br \/><br \/><span style=\"font-family: Roboto; font-size: 14px;\"><span style=\"color: #2acec2;\"><strong><a style=\"color: #2acec2;\" href=\"https:\/\/www.myvize.com.tr\/romanya\/konsolosluklar\/romanya-istanbul-fahri-konsoloslugu\/\" target=\"_blank\" rel=\"noopener\">Romanya \u0130stanbul Ba\u015fkonsoloslu\u011fu<\/a><\/strong><\/span>:\u00a0Bart\u0131n, D\u00fczce, \u0130stanbul, Kocaeli, K\u0131rklareli, Tekirda\u011f, Yalova, Sakarya, Bilecik, K\u00fctahya, Bolu, Zonguldak, Karab\u00fck b\u00f6lgelerinde ya\u015fayan ki\u015filer Romanya vize i\u015flemlerini \u0130stanbul Ba\u015fkonsoloslu\u011fundan ger\u00e7ekle\u015ftirebilirler.<\/span><br \/><br \/><span style=\"font-family: Roboto; font-size: 14px;\"><strong>Romanya Ankara B\u00fcy\u00fckel\u00e7ili\u011fi<\/strong>:\u00a0Adana, Antalya, Bursa, \u00c7ank\u0131r\u0131, \u00c7orum, Erzurum, Erzincan, Edirne, G\u00fcm\u00fc\u015fhane, Giresun, Hatay, Hakkari, Kastamonu, Kars, Mardin, Mu\u015f, Ni\u011fde, Nev\u015fehir, Ordu, Rize, Sivas, Samsun, Sinop, \u015e\u0131rnak, Tokat, Van, Zonguldak illerinde ikamet eden T\u00fcrk vatanda\u015flar\u0131 <strong>Romanya vize<\/strong> ba\u015fvurular\u0131n\u0131 Ankara B\u00fcy\u00fckel\u00e7ili\u011finden yapabilirler.<\/span><br \/><br \/><span style=\"font-family: Roboto; font-size: 14px;\"><strong>Romanya \u0130zmir Ba\u015fkonsoloslu\u011fu<\/strong>:\u00a0\u0130zmir, \u00c7anakkale, Bal\u0131kesir, Manisa, Ayd\u0131n, Mu\u011fla, U\u015fak, Denizli Burdur, Isparta, Afyon, Mersin \u015fehirlerinde ya\u015fayan ki\u015filer Romanya \u0130zmir Ba\u015fkonsoloslu\u011fu arac\u0131l\u0131\u011f\u0131yla Romanya vize i\u015flemlerini yapabilirler.<\/span><br \/><br \/><strong><span style=\"font-family: Roboto; font-size: 14px;\">Romanya Ticari Vize Dilek\u00e7e \u00d6rne\u011fi \u015f\u00f6yledir;\u00a0<\/span><\/strong><img decoding=\"async\" src=\"https:\/\/encrypted-tbn0.gstatic.com\/images?q=tbn:ANd9GcTyo1-iI9Ytd1fOT8hkoEJrT526wX0lsK2rdQ&amp;usqp=CAU\" alt=\"\" \/><\/p>\r\n<p><span style=\"font-family: Roboto; font-size: 14px;\"><!-- \/wp:paragraph --><\/span><\/p>\r\n<p><span style=\"font-family: Roboto; font-size: 14px;\"><img decoding=\"async\" src=\"https:\/\/www.myvize.com.tr\/romanya\/wp-content\/uploads\/2021\/09\/64.jpg\" \/><\/span><\/p>\r\n<p><span style=\"font-family: Roboto; font-size: 14px;\"><!-- wp:heading --><\/span><\/p>\r\n<h3><span style=\"font-family: Roboto; font-size: 24px;\"><b>Romanya Ticari Vize Dilek\u00e7e \u00d6rne\u011fi 2022<\/b><\/span><\/h3>\r\n<p><span style=\"font-family: Roboto; font-size: 14px;\">Romanya\u2019ya ticari ama\u00e7la seyahatte bulunmak isteyen ki\u015filerin, yapmalar\u0131 gereken baz\u0131 durumlardan birisi de <strong>ticari dilek\u00e7e<\/strong> vermektir. <strong>Ticari vizesi<\/strong> talep dilek\u00e7esinde bulunacak ki\u015filerin, bu dilek\u00e7eyi g\u00fczel ve \u00f6zenli bir \u015fekilde yazmalar\u0131 onlar\u0131n ba\u015fvurular\u0131n\u0131 olduk\u00e7a kolayla\u015ft\u0131r\u0131r. Bu dilek\u00e7eyi yazarken dikkat edilmesi gereken bir\u00e7ok husus vard\u0131r. \u015eirketinizin, ka\u015fesi ve m\u00fchr\u00fcne olduk\u00e7a dikkat g\u00f6steren <strong>Romanya \u00fclkesi<\/strong>, \u00f6zellikle kontrol etmektedir. Seyahatinizin amac\u0131n\u0131 gerekti\u011fi gibi yazmal\u0131 ve a\u00e7\u0131klamal\u0131s\u0131n\u0131z. Ticari bir \u015fekilde yola \u00e7\u0131kt\u0131\u011f\u0131n\u0131z\u0131 belirtti\u011finiz i\u00e7in, ne t\u00fcr bir ticarette bulunaca\u011f\u0131n\u0131z\u0131 da belirtmeniz isteniyor. Bu durumlardan sonra ise, seyahat edece\u011finiz tarih ve seyahati sonland\u0131raca\u011f\u0131n\u0131z tarihte sizden istenmektedir. Bu durumlar\u0131 da anlatt\u0131ktan sonra, <strong>ticari vizesi dilek\u00e7e<\/strong> \u00f6rne\u011fini verebiliriz.<\/span><\/p>\r\n<p><span style=\"font-family: Roboto; font-size: 14px;\">\u2026\u2026\u2026\u2026\u2026. BA\u015eKONSOLOSLU\u011eU<\/span><\/p>\r\n<p><span style=\"font-family: Roboto; font-size: 14px;\">V\u0130ZE B\u00d6L\u00dcM\u00dc<\/span><\/p>\r\n<p><span style=\"font-family: Roboto; font-size: 14px;\">\u0130STANBUL<\/span><\/p>\r\n<p>&nbsp;<\/p>\r\n<p><span style=\"font-family: Roboto; font-size: 14px;\">\u015eirketimizde veya kurumumuzda\u00a0 \u2026\/\u2026\/\u2026 tarihinden itibaren \u2026\u2026.. g\u00f6rev yapma durumunda olacak ki\u015fi Say\u0131n Ad \u2013 Soyad\u0131 \u00dclkenizde var olan \u2026\u2026\u2026.. firmas\u0131 ile \u015firketimiz ad\u0131na 00.00.2017 \u2013 00.00.2017 tarihleri aralar\u0131nda i\u015f g\u00f6r\u00fc\u015fmesi bulunmak i\u00e7in ticari seyahatte bulunacakt\u0131r.<\/span><\/p>\r\n<p><span style=\"font-family: Roboto; font-size: 14px;\">Seyahati boyunca t\u00fcm masraflar \u015firketimiz ve bulundu\u011fumuz kurum taraf\u0131ndan derhal kar\u015f\u0131lanacakt\u0131r. Kendisinin vize bitiminden \u00f6nce d\u00f6nece\u011fini garanti etmekle birlikte ta\u015fk\u0131nl\u0131k yapmayaca\u011f\u0131 konusunda da garanti veririz. Vize s\u00fcresinin bitmesinin ard\u0131ndan \u00fclkenizi terk edece\u011fini taahh\u00fct ederiz.<\/span><\/p>\r\n<p><span style=\"font-family: Roboto; font-size: 14px;\">\u00c7al\u0131\u015fan\u0131m\u0131z\u0131n Romanya \u00dclkelerine seyahatte bulunaca\u011f\u0131ndan dolay\u0131 uzun s\u00fcreli (1 YIL) vize verilmesini taraf\u0131n\u0131zdan arz ederiz.<\/span><\/p>\r\n<p>&nbsp;<\/p>\r\n<p><span style=\"font-family: Roboto; font-size: 14px;\">\u00a0\u00a0\u00a0\u00a0 \u0130sim Soy \u0130sim \/ G\u00f6revi \/\u015eirket Ka\u015fesi<\/span><\/p>\r\n<p><span style=\"font-family: Roboto; font-size: 14px;\">\u0130mza<\/span><\/p>","protected":false},"excerpt":{"rendered":"<p>Romanya ticari vize dilek\u00e7e \u00f6rne\u011fi, Romanya\u2019ya i\u015f gezisi, fuar kat\u0131l\u0131m\u0131 gibi durumlarda ihtiyac\u0131m\u0131z olan evrakt\u0131r. Romanya ticari vizesi, C tipi vize tipine d\u00e2hil olan gruptand\u0131r. Romanya ticari vize ba\u015fvurular\u0131 ikametin ba\u011fl\u0131 oldu\u011fu konsoloslu\u011fa yap\u0131lmal\u0131d\u0131r. Romanya ticari vize ba\u015fvurusu e-vize sistemi \u00fczerinden yap\u0131labilmektedir. Sistemin verdi\u011fi randevu tarihinde ilgili konsoloslu\u011fa gidilerek i\u015flemler tamamlanmal\u0131d\u0131r. Romanya Ticari Vizesi Romanya<\/p>\n","protected":false},"author":1,"featured_media":0,"parent":170,"menu_order":0,"comment_status":"open","ping_status":"closed","template":"","meta":{"footnotes":""},"class_list":["post-185","page","type-page","status-publish","hentry"],"yoast_head":"<!-- This site is optimized with the Yoast SEO plugin v26.8 - https:\/\/yoast.com\/product\/yoast-seo-wordpress\/ -->\n<title>Romanya Ticari Vize Dilek\u00e7e \u00d6rne\u011fi - MyVize<\/title>\n<meta name=\"description\" content=\"Romanya Ticari Vize Dilek\u00e7e \u00d6rne\u011fi Nas\u0131l Yaz\u0131l\u0131r? Romanya Ticari Vize Dilek\u00e7esi nas\u0131l olmal\u0131d\u0131r? Bilgi \u0130\u00e7in Hemen Aray\u0131n: 0850 346 84 93\" \/>\n<meta name=\"robots\" content=\"index, follow, max-snippet:-1, max-image-preview:large, max-video-preview:-1\" \/>\n<link rel=\"canonical\" href=\"https:\/\/www.myvize.com.tr\/romanya\/form-ve-dilekce\/romanya-ticari-vize-dilekce-ornegi\/\" \/>\n<meta property=\"og:locale\" content=\"tr_TR\" \/>\n<meta property=\"og:type\" content=\"article\" \/>\n<meta property=\"og:title\" content=\"Romanya Ticari Vize Dilek\u00e7e \u00d6rne\u011fi - MyVize\" \/>\n<meta property=\"og:description\" content=\"Romanya Ticari Vize Dilek\u00e7e \u00d6rne\u011fi Nas\u0131l Yaz\u0131l\u0131r? Romanya Ticari Vize Dilek\u00e7esi nas\u0131l olmal\u0131d\u0131r? Bilgi \u0130\u00e7in Hemen Aray\u0131n: 0850 346 84 93\" \/>\n<meta property=\"og:url\" content=\"https:\/\/www.myvize.com.tr\/romanya\/form-ve-dilekce\/romanya-ticari-vize-dilekce-ornegi\/\" \/>\n<meta property=\"og:site_name\" content=\"Romanya Vize Dan\u0131\u015fmanl\u0131k | MyVize\" \/>\n<meta property=\"article:modified_time\" content=\"2022-03-21T12:16:16+00:00\" \/>\n<meta property=\"og:image\" content=\"https:\/\/encrypted-tbn0.gstatic.com\/images?q=tbn:ANd9GcTyo1-iI9Ytd1fOT8hkoEJrT526wX0lsK2rdQ&amp;usqp=CAU\" \/>\n<meta name=\"twitter:card\" content=\"summary_large_image\" \/>\n<meta name=\"twitter:label1\" content=\"Tahmini okuma s\u00fcresi\" \/>\n\t<meta name=\"twitter:data1\" content=\"6 dakika\" \/>\n<script type=\"application\/ld+json\" class=\"yoast-schema-graph\">{\"@context\":\"https:\/\/schema.org\",\"@graph\":[{\"@type\":\"WebPage\",\"@id\":\"https:\/\/www.myvize.com.tr\/romanya\/form-ve-dilekce\/romanya-ticari-vize-dilekce-ornegi\/\",\"url\":\"https:\/\/www.myvize.com.tr\/romanya\/form-ve-dilekce\/romanya-ticari-vize-dilekce-ornegi\/\",\"name\":\"Romanya Ticari Vize Dilek\u00e7e \u00d6rne\u011fi - MyVize\",\"isPartOf\":{\"@id\":\"https:\/\/www.myvize.com.tr\/romanya\/#website\"},\"primaryImageOfPage\":{\"@id\":\"https:\/\/www.myvize.com.tr\/romanya\/form-ve-dilekce\/romanya-ticari-vize-dilekce-ornegi\/#primaryimage\"},\"image\":{\"@id\":\"https:\/\/www.myvize.com.tr\/romanya\/form-ve-dilekce\/romanya-ticari-vize-dilekce-ornegi\/#primaryimage\"},\"thumbnailUrl\":\"https:\/\/encrypted-tbn0.gstatic.com\/images?q=tbn:ANd9GcTyo1-iI9Ytd1fOT8hkoEJrT526wX0lsK2rdQ&amp;usqp=CAU\",\"datePublished\":\"2020-12-22T11:55:50+00:00\",\"dateModified\":\"2022-03-21T12:16:16+00:00\",\"description\":\"Romanya Ticari Vize Dilek\u00e7e \u00d6rne\u011fi Nas\u0131l Yaz\u0131l\u0131r? Romanya Ticari Vize Dilek\u00e7esi nas\u0131l olmal\u0131d\u0131r? Bilgi \u0130\u00e7in Hemen Aray\u0131n: 0850 346 84 93\",\"breadcrumb\":{\"@id\":\"https:\/\/www.myvize.com.tr\/romanya\/form-ve-dilekce\/romanya-ticari-vize-dilekce-ornegi\/#breadcrumb\"},\"inLanguage\":\"tr\",\"potentialAction\":[{\"@type\":\"ReadAction\",\"target\":[\"https:\/\/www.myvize.com.tr\/romanya\/form-ve-dilekce\/romanya-ticari-vize-dilekce-ornegi\/\"]}]},{\"@type\":\"ImageObject\",\"inLanguage\":\"tr\",\"@id\":\"https:\/\/www.myvize.com.tr\/romanya\/form-ve-dilekce\/romanya-ticari-vize-dilekce-ornegi\/#primaryimage\",\"url\":\"https:\/\/encrypted-tbn0.gstatic.com\/images?q=tbn:ANd9GcTyo1-iI9Ytd1fOT8hkoEJrT526wX0lsK2rdQ&amp;usqp=CAU\",\"contentUrl\":\"https:\/\/encrypted-tbn0.gstatic.com\/images?q=tbn:ANd9GcTyo1-iI9Ytd1fOT8hkoEJrT526wX0lsK2rdQ&amp;usqp=CAU\"},{\"@type\":\"BreadcrumbList\",\"@id\":\"https:\/\/www.myvize.com.tr\/romanya\/form-ve-dilekce\/romanya-ticari-vize-dilekce-ornegi\/#breadcrumb\",\"itemListElement\":[{\"@type\":\"ListItem\",\"position\":1,\"name\":\"Anasayfa\",\"item\":\"https:\/\/www.myvize.com.tr\/romanya\/\"},{\"@type\":\"ListItem\",\"position\":2,\"name\":\"FORM VE D\u0130LEK\u00c7E\",\"item\":\"https:\/\/www.myvize.com.tr\/romanya\/form-ve-dilekce\/\"},{\"@type\":\"ListItem\",\"position\":3,\"name\":\"Romanya Ticari Vize Dilek\u00e7e \u00d6rne\u011fi\"}]},{\"@type\":\"WebSite\",\"@id\":\"https:\/\/www.myvize.com.tr\/romanya\/#website\",\"url\":\"https:\/\/www.myvize.com.tr\/romanya\/\",\"name\":\"Romanya Vize Dan\u0131\u015fmanl\u0131k | MyVize\",\"description\":\"\",\"potentialAction\":[{\"@type\":\"SearchAction\",\"target\":{\"@type\":\"EntryPoint\",\"urlTemplate\":\"https:\/\/www.myvize.com.tr\/romanya\/?s={search_term_string}\"},\"query-input\":{\"@type\":\"PropertyValueSpecification\",\"valueRequired\":true,\"valueName\":\"search_term_string\"}}],\"inLanguage\":\"tr\"}]}<\/script>\n<!-- \/ Yoast SEO plugin. -->","yoast_head_json":{"title":"Romanya Ticari Vize Dilek\u00e7e \u00d6rne\u011fi - MyVize","description":"Romanya Ticari Vize Dilek\u00e7e \u00d6rne\u011fi Nas\u0131l Yaz\u0131l\u0131r? Romanya Ticari Vize Dilek\u00e7esi nas\u0131l olmal\u0131d\u0131r? Bilgi \u0130\u00e7in Hemen Aray\u0131n: 0850 346 84 93","robots":{"index":"index","follow":"follow","max-snippet":"max-snippet:-1","max-image-preview":"max-image-preview:large","max-video-preview":"max-video-preview:-1"},"canonical":"https:\/\/www.myvize.com.tr\/romanya\/form-ve-dilekce\/romanya-ticari-vize-dilekce-ornegi\/","og_locale":"tr_TR","og_type":"article","og_title":"Romanya Ticari Vize Dilek\u00e7e \u00d6rne\u011fi - MyVize","og_description":"Romanya Ticari Vize Dilek\u00e7e \u00d6rne\u011fi Nas\u0131l Yaz\u0131l\u0131r? Romanya Ticari Vize Dilek\u00e7esi nas\u0131l olmal\u0131d\u0131r? Bilgi \u0130\u00e7in Hemen Aray\u0131n: 0850 346 84 93","og_url":"https:\/\/www.myvize.com.tr\/romanya\/form-ve-dilekce\/romanya-ticari-vize-dilekce-ornegi\/","og_site_name":"Romanya Vize Dan\u0131\u015fmanl\u0131k | MyVize","article_modified_time":"2022-03-21T12:16:16+00:00","og_image":[{"url":"https:\/\/encrypted-tbn0.gstatic.com\/images?q=tbn:ANd9GcTyo1-iI9Ytd1fOT8hkoEJrT526wX0lsK2rdQ&amp;usqp=CAU","type":"","width":"","height":""}],"twitter_card":"summary_large_image","twitter_misc":{"Tahmini okuma s\u00fcresi":"6 dakika"},"schema":{"@context":"https:\/\/schema.org","@graph":[{"@type":"WebPage","@id":"https:\/\/www.myvize.com.tr\/romanya\/form-ve-dilekce\/romanya-ticari-vize-dilekce-ornegi\/","url":"https:\/\/www.myvize.com.tr\/romanya\/form-ve-dilekce\/romanya-ticari-vize-dilekce-ornegi\/","name":"Romanya Ticari Vize Dilek\u00e7e \u00d6rne\u011fi - MyVize","isPartOf":{"@id":"https:\/\/www.myvize.com.tr\/romanya\/#website"},"primaryImageOfPage":{"@id":"https:\/\/www.myvize.com.tr\/romanya\/form-ve-dilekce\/romanya-ticari-vize-dilekce-ornegi\/#primaryimage"},"image":{"@id":"https:\/\/www.myvize.com.tr\/romanya\/form-ve-dilekce\/romanya-ticari-vize-dilekce-ornegi\/#primaryimage"},"thumbnailUrl":"https:\/\/encrypted-tbn0.gstatic.com\/images?q=tbn:ANd9GcTyo1-iI9Ytd1fOT8hkoEJrT526wX0lsK2rdQ&amp;usqp=CAU","datePublished":"2020-12-22T11:55:50+00:00","dateModified":"2022-03-21T12:16:16+00:00","description":"Romanya Ticari Vize Dilek\u00e7e \u00d6rne\u011fi Nas\u0131l Yaz\u0131l\u0131r? Romanya Ticari Vize Dilek\u00e7esi nas\u0131l olmal\u0131d\u0131r? Bilgi \u0130\u00e7in Hemen Aray\u0131n: 0850 346 84 93","breadcrumb":{"@id":"https:\/\/www.myvize.com.tr\/romanya\/form-ve-dilekce\/romanya-ticari-vize-dilekce-ornegi\/#breadcrumb"},"inLanguage":"tr","potentialAction":[{"@type":"ReadAction","target":["https:\/\/www.myvize.com.tr\/romanya\/form-ve-dilekce\/romanya-ticari-vize-dilekce-ornegi\/"]}]},{"@type":"ImageObject","inLanguage":"tr","@id":"https:\/\/www.myvize.com.tr\/romanya\/form-ve-dilekce\/romanya-ticari-vize-dilekce-ornegi\/#primaryimage","url":"https:\/\/encrypted-tbn0.gstatic.com\/images?q=tbn:ANd9GcTyo1-iI9Ytd1fOT8hkoEJrT526wX0lsK2rdQ&amp;usqp=CAU","contentUrl":"https:\/\/encrypted-tbn0.gstatic.com\/images?q=tbn:ANd9GcTyo1-iI9Ytd1fOT8hkoEJrT526wX0lsK2rdQ&amp;usqp=CAU"},{"@type":"BreadcrumbList","@id":"https:\/\/www.myvize.com.tr\/romanya\/form-ve-dilekce\/romanya-ticari-vize-dilekce-ornegi\/#breadcrumb","itemListElement":[{"@type":"ListItem","position":1,"name":"Anasayfa","item":"https:\/\/www.myvize.com.tr\/romanya\/"},{"@type":"ListItem","position":2,"name":"FORM VE D\u0130LEK\u00c7E","item":"https:\/\/www.myvize.com.tr\/romanya\/form-ve-dilekce\/"},{"@type":"ListItem","position":3,"name":"Romanya Ticari Vize Dilek\u00e7e \u00d6rne\u011fi"}]},{"@type":"WebSite","@id":"https:\/\/www.myvize.com.tr\/romanya\/#website","url":"https:\/\/www.myvize.com.tr\/romanya\/","name":"Romanya Vize Dan\u0131\u015fmanl\u0131k | MyVize","description":"","potentialAction":[{"@type":"SearchAction","target":{"@type":"EntryPoint","urlTemplate":"https:\/\/www.myvize.com.tr\/romanya\/?s={search_term_string}"},"query-input":{"@type":"PropertyValueSpecification","valueRequired":true,"valueName":"search_term_string"}}],"inLanguage":"tr"}]}},"_links":{"self":[{"href":"https:\/\/www.myvize.com.tr\/romanya\/wp-json\/wp\/v2\/pages\/185","targetHints":{"allow":["GET"]}}],"collection":[{"href":"https:\/\/www.myvize.com.tr\/romanya\/wp-json\/wp\/v2\/pages"}],"about":[{"href":"https:\/\/www.myvize.com.tr\/romanya\/wp-json\/wp\/v2\/types\/page"}],"author":[{"embeddable":true,"href":"https:\/\/www.myvize.com.tr\/romanya\/wp-json\/wp\/v2\/users\/1"}],"replies":[{"embeddable":true,"href":"https:\/\/www.myvize.com.tr\/romanya\/wp-json\/wp\/v2\/comments?post=185"}],"version-history":[{"count":11,"href":"https:\/\/www.myvize.com.tr\/romanya\/wp-json\/wp\/v2\/pages\/185\/revisions"}],"predecessor-version":[{"id":1119,"href":"https:\/\/www.myvize.com.tr\/romanya\/wp-json\/wp\/v2\/pages\/185\/revisions\/1119"}],"up":[{"embeddable":true,"href":"https:\/\/www.myvize.com.tr\/romanya\/wp-json\/wp\/v2\/pages\/170"}],"wp:attachment":[{"href":"https:\/\/www.myvize.com.tr\/romanya\/wp-json\/wp\/v2\/media?parent=185"}],"curies":[{"name":"wp","href":"https:\/\/api.w.org\/{rel}","templated":true}]}}