{"id":224,"date":"2020-12-28T12:33:39","date_gmt":"2020-12-28T09:33:39","guid":{"rendered":"https:\/\/www.myvize.com.tr\/romanya\/?page_id=224"},"modified":"2022-03-21T16:26:53","modified_gmt":"2022-03-21T13:26:53","slug":"altunizade","status":"publish","type":"page","link":"https:\/\/www.myvize.com.tr\/romanya\/subelerimiz\/altunizade\/","title":{"rendered":"Altunizade"},"content":{"rendered":"<h2><span style=\"font-family: Roboto; font-size: 27px;\"><b>Altunizade Romanya Vize Ba\u015fvurusu<\/b><\/span><\/h2>\n<p><span style=\"font-family: Roboto; font-size: 14px;\"><strong>\u00a0Altunizade Romanya konsoloslu\u011fu,<\/strong> \u0130stanbul\u2019da var olan bir <strong>Romanya temsilcili\u011fi<\/strong> olarak bilinmektedir. Bu konsoloslu\u011fun yegane belirledi\u011fi ama\u00e7lardan baz\u0131lar\u0131, iki \u00fclke aras\u0131nda anla\u015fmalar, siyasi ve sosyal durumlar\u0131 s\u0131k\u0131 tutmak ve g\u00fc\u00e7 katmak i\u00e7in kurulan \u0130stanbul\u2019da bulunan bir Romanya temsilcili\u011fidir. Bu konsoloslukta, Romanya vatanda\u015flar\u0131n\u0131n haklar\u0131n\u0131, sosyal g\u00fcvenliklerini ve gerekli resmi i\u015flemlerinin yan\u0131 s\u0131ra,<strong> T\u00fcrkiye Cumhuriyeti Devleti<\/strong> vatanda\u015fl\u0131\u011f\u0131na mensup T\u00fcrk vatanda\u015flar\u0131n, vize ba\u015fvurular\u0131, pasaport ve pasaport yenileme i\u015flemleri g\u00f6r\u00fclmektedir. <strong>Altunizade Romanya Konsoloslu\u011fu\u2019nun<\/strong> g\u00f6rev b\u00f6lgesi, \u0130stanbul\u2019da ikametgah eden vatanda\u015flar ve \u0130stanbul \u00e7evresi illerde bulunan vatanda\u015flar i\u00e7in hizmet vermektedir. Diplomatik bir yetkiye sahip olmamas\u0131n\u0131n yan\u0131 s\u0131ra, yap\u0131lan ba\u015fvurularda bir aksakl\u0131k olma durumu s\u00f6z konusu bile olmam\u0131\u015ft\u0131r. Bu konsoloslu\u011fa elektronik bir \u015fekilde, vize ba\u015fvurusunda bulunabilirsiniz.<strong> Vize ba\u015fvurusunda<\/strong> bulunma durumunuzda, ki\u015filerin dikkat etmesi gereken hususlar bulunmaktad\u0131r. Bu konsoloslu\u011fun hafta i\u00e7i 8:30 ila 5:30 saatleri aras\u0131nda hizmet verdi\u011fi bilinmelidir. Hafta sonlar\u0131 ve resmi tatiller harici, hafta i\u00e7i bu saatler aras\u0131nda vize ba\u015fvurular\u0131 yap\u0131lmal\u0131d\u0131r. Vize ba\u015fvurusunda bulunan formda, ki\u015fisel bilgilerinizi ve gerekli ayr\u0131nt\u0131l\u0131 bilgilerinizi doldurduktan sonra beklemeye ba\u015flayabilirsiniz. Ba\u015fvurunuzu bekleme s\u00fcreciniz ise, konsoloslu\u011fun 5 ila 7 i\u015f g\u00fcn\u00fcd\u00fcr. \u00a0<\/span><\/p>\n<p><span style=\"font-family: Roboto; font-size: 14px;\"><span style=\"color: #2acec2;\"><strong><a style=\"color: #2acec2;\" href=\"https:\/\/www.myvize.com.tr\/romanya\/romanya-vize-ucreti\/\" target=\"_blank\" rel=\"noopener\">Romanya Vize \u00dccreti<\/a><\/strong><\/span> ile ilgili bilgi almak i\u00e7in bizi aray\u0131n.<\/span><\/p>\n<p><span style=\"font-family: Roboto; font-size: 14px;\"><img decoding=\"async\" src=\"https:\/\/www.myvize.com.tr\/romanya\/wp-content\/uploads\/2021\/09\/2-7.jpg\" \/><\/span><\/p>\n","protected":false},"excerpt":{"rendered":"<p>Altunizade Romanya Vize Ba\u015fvurusu \u00a0Altunizade Romanya konsoloslu\u011fu, \u0130stanbul\u2019da var olan bir Romanya temsilcili\u011fi olarak bilinmektedir. Bu konsoloslu\u011fun yegane belirledi\u011fi ama\u00e7lardan baz\u0131lar\u0131, iki \u00fclke aras\u0131nda anla\u015fmalar, siyasi ve sosyal durumlar\u0131 s\u0131k\u0131 tutmak ve g\u00fc\u00e7 katmak i\u00e7in kurulan \u0130stanbul\u2019da bulunan bir Romanya temsilcili\u011fidir. Bu konsoloslukta, Romanya vatanda\u015flar\u0131n\u0131n haklar\u0131n\u0131, sosyal g\u00fcvenliklerini ve gerekli resmi i\u015flemlerinin yan\u0131 s\u0131ra, T\u00fcrkiye<\/p>\n","protected":false},"author":1,"featured_media":0,"parent":219,"menu_order":0,"comment_status":"open","ping_status":"closed","template":"","meta":{"footnotes":""},"class_list":["post-224","page","type-page","status-publish","hentry"],"yoast_head":"<!-- This site is optimized with the Yoast SEO plugin v26.8 - https:\/\/yoast.com\/product\/yoast-seo-wordpress\/ -->\n<title>Romanya Vize Ba\u015fvuru \u015eubesi Altunizade - MyVize<\/title>\n<meta name=\"description\" content=\"Romanya Vizesi Altunizade Vize Ba\u015fvuru Merkezi. Romanya Vizesi Nas\u0131l Al\u0131n\u0131r? Ba\u015fvuru Yapmak \u0130\u00e7in Altunizade \u015eubemizi Aray\u0131n: 0850 346 84 93\" \/>\n<meta name=\"robots\" content=\"index, follow, max-snippet:-1, max-image-preview:large, max-video-preview:-1\" \/>\n<link rel=\"canonical\" href=\"https:\/\/www.myvize.com.tr\/romanya\/subelerimiz\/altunizade\/\" \/>\n<meta property=\"og:locale\" content=\"tr_TR\" \/>\n<meta property=\"og:type\" content=\"article\" \/>\n<meta property=\"og:title\" content=\"Romanya Vize Ba\u015fvuru \u015eubesi Altunizade - MyVize\" \/>\n<meta property=\"og:description\" content=\"Romanya Vizesi Altunizade Vize Ba\u015fvuru Merkezi. Romanya Vizesi Nas\u0131l Al\u0131n\u0131r? Ba\u015fvuru Yapmak \u0130\u00e7in Altunizade \u015eubemizi Aray\u0131n: 0850 346 84 93\" \/>\n<meta property=\"og:url\" content=\"https:\/\/www.myvize.com.tr\/romanya\/subelerimiz\/altunizade\/\" \/>\n<meta property=\"og:site_name\" content=\"Romanya Vize Dan\u0131\u015fmanl\u0131k | MyVize\" \/>\n<meta property=\"article:modified_time\" content=\"2022-03-21T13:26:53+00:00\" \/>\n<meta property=\"og:image\" content=\"https:\/\/www.myvize.com.tr\/romanya\/wp-content\/uploads\/2021\/09\/2-7.jpg\" \/>\n<meta name=\"twitter:card\" content=\"summary_large_image\" \/>\n<meta name=\"twitter:label1\" content=\"Tahmini okuma s\u00fcresi\" \/>\n\t<meta name=\"twitter:data1\" content=\"1 dakika\" \/>\n<script type=\"application\/ld+json\" class=\"yoast-schema-graph\">{\"@context\":\"https:\/\/schema.org\",\"@graph\":[{\"@type\":\"WebPage\",\"@id\":\"https:\/\/www.myvize.com.tr\/romanya\/subelerimiz\/altunizade\/\",\"url\":\"https:\/\/www.myvize.com.tr\/romanya\/subelerimiz\/altunizade\/\",\"name\":\"Romanya Vize Ba\u015fvuru \u015eubesi Altunizade - MyVize\",\"isPartOf\":{\"@id\":\"https:\/\/www.myvize.com.tr\/romanya\/#website\"},\"primaryImageOfPage\":{\"@id\":\"https:\/\/www.myvize.com.tr\/romanya\/subelerimiz\/altunizade\/#primaryimage\"},\"image\":{\"@id\":\"https:\/\/www.myvize.com.tr\/romanya\/subelerimiz\/altunizade\/#primaryimage\"},\"thumbnailUrl\":\"https:\/\/www.myvize.com.tr\/romanya\/wp-content\/uploads\/2021\/09\/2-7.jpg\",\"datePublished\":\"2020-12-28T09:33:39+00:00\",\"dateModified\":\"2022-03-21T13:26:53+00:00\",\"description\":\"Romanya Vizesi Altunizade Vize Ba\u015fvuru Merkezi. Romanya Vizesi Nas\u0131l Al\u0131n\u0131r? Ba\u015fvuru Yapmak \u0130\u00e7in Altunizade \u015eubemizi Aray\u0131n: 0850 346 84 93\",\"breadcrumb\":{\"@id\":\"https:\/\/www.myvize.com.tr\/romanya\/subelerimiz\/altunizade\/#breadcrumb\"},\"inLanguage\":\"tr\",\"potentialAction\":[{\"@type\":\"ReadAction\",\"target\":[\"https:\/\/www.myvize.com.tr\/romanya\/subelerimiz\/altunizade\/\"]}]},{\"@type\":\"ImageObject\",\"inLanguage\":\"tr\",\"@id\":\"https:\/\/www.myvize.com.tr\/romanya\/subelerimiz\/altunizade\/#primaryimage\",\"url\":\"https:\/\/www.myvize.com.tr\/romanya\/wp-content\/uploads\/2021\/09\/2-7.jpg\",\"contentUrl\":\"https:\/\/www.myvize.com.tr\/romanya\/wp-content\/uploads\/2021\/09\/2-7.jpg\",\"width\":800,\"height\":500,\"caption\":\"Romanya \u015eubelerimiz Altunizade\"},{\"@type\":\"BreadcrumbList\",\"@id\":\"https:\/\/www.myvize.com.tr\/romanya\/subelerimiz\/altunizade\/#breadcrumb\",\"itemListElement\":[{\"@type\":\"ListItem\",\"position\":1,\"name\":\"Anasayfa\",\"item\":\"https:\/\/www.myvize.com.tr\/romanya\/\"},{\"@type\":\"ListItem\",\"position\":2,\"name\":\"\u015eUBELER\u0130M\u0130Z\",\"item\":\"https:\/\/www.myvize.com.tr\/romanya\/subelerimiz\/\"},{\"@type\":\"ListItem\",\"position\":3,\"name\":\"Altunizade\"}]},{\"@type\":\"WebSite\",\"@id\":\"https:\/\/www.myvize.com.tr\/romanya\/#website\",\"url\":\"https:\/\/www.myvize.com.tr\/romanya\/\",\"name\":\"Romanya Vize Dan\u0131\u015fmanl\u0131k | MyVize\",\"description\":\"\",\"potentialAction\":[{\"@type\":\"SearchAction\",\"target\":{\"@type\":\"EntryPoint\",\"urlTemplate\":\"https:\/\/www.myvize.com.tr\/romanya\/?s={search_term_string}\"},\"query-input\":{\"@type\":\"PropertyValueSpecification\",\"valueRequired\":true,\"valueName\":\"search_term_string\"}}],\"inLanguage\":\"tr\"}]}<\/script>\n<!-- \/ Yoast SEO plugin. -->","yoast_head_json":{"title":"Romanya Vize Ba\u015fvuru \u015eubesi Altunizade - MyVize","description":"Romanya Vizesi Altunizade Vize Ba\u015fvuru Merkezi. Romanya Vizesi Nas\u0131l Al\u0131n\u0131r? Ba\u015fvuru Yapmak \u0130\u00e7in Altunizade \u015eubemizi Aray\u0131n: 0850 346 84 93","robots":{"index":"index","follow":"follow","max-snippet":"max-snippet:-1","max-image-preview":"max-image-preview:large","max-video-preview":"max-video-preview:-1"},"canonical":"https:\/\/www.myvize.com.tr\/romanya\/subelerimiz\/altunizade\/","og_locale":"tr_TR","og_type":"article","og_title":"Romanya Vize Ba\u015fvuru \u015eubesi Altunizade - MyVize","og_description":"Romanya Vizesi Altunizade Vize Ba\u015fvuru Merkezi. Romanya Vizesi Nas\u0131l Al\u0131n\u0131r? Ba\u015fvuru Yapmak \u0130\u00e7in Altunizade \u015eubemizi Aray\u0131n: 0850 346 84 93","og_url":"https:\/\/www.myvize.com.tr\/romanya\/subelerimiz\/altunizade\/","og_site_name":"Romanya Vize Dan\u0131\u015fmanl\u0131k | MyVize","article_modified_time":"2022-03-21T13:26:53+00:00","og_image":[{"url":"https:\/\/www.myvize.com.tr\/romanya\/wp-content\/uploads\/2021\/09\/2-7.jpg","type":"","width":"","height":""}],"twitter_card":"summary_large_image","twitter_misc":{"Tahmini okuma s\u00fcresi":"1 dakika"},"schema":{"@context":"https:\/\/schema.org","@graph":[{"@type":"WebPage","@id":"https:\/\/www.myvize.com.tr\/romanya\/subelerimiz\/altunizade\/","url":"https:\/\/www.myvize.com.tr\/romanya\/subelerimiz\/altunizade\/","name":"Romanya Vize Ba\u015fvuru \u015eubesi Altunizade - MyVize","isPartOf":{"@id":"https:\/\/www.myvize.com.tr\/romanya\/#website"},"primaryImageOfPage":{"@id":"https:\/\/www.myvize.com.tr\/romanya\/subelerimiz\/altunizade\/#primaryimage"},"image":{"@id":"https:\/\/www.myvize.com.tr\/romanya\/subelerimiz\/altunizade\/#primaryimage"},"thumbnailUrl":"https:\/\/www.myvize.com.tr\/romanya\/wp-content\/uploads\/2021\/09\/2-7.jpg","datePublished":"2020-12-28T09:33:39+00:00","dateModified":"2022-03-21T13:26:53+00:00","description":"Romanya Vizesi Altunizade Vize Ba\u015fvuru Merkezi. Romanya Vizesi Nas\u0131l Al\u0131n\u0131r? Ba\u015fvuru Yapmak \u0130\u00e7in Altunizade \u015eubemizi Aray\u0131n: 0850 346 84 93","breadcrumb":{"@id":"https:\/\/www.myvize.com.tr\/romanya\/subelerimiz\/altunizade\/#breadcrumb"},"inLanguage":"tr","potentialAction":[{"@type":"ReadAction","target":["https:\/\/www.myvize.com.tr\/romanya\/subelerimiz\/altunizade\/"]}]},{"@type":"ImageObject","inLanguage":"tr","@id":"https:\/\/www.myvize.com.tr\/romanya\/subelerimiz\/altunizade\/#primaryimage","url":"https:\/\/www.myvize.com.tr\/romanya\/wp-content\/uploads\/2021\/09\/2-7.jpg","contentUrl":"https:\/\/www.myvize.com.tr\/romanya\/wp-content\/uploads\/2021\/09\/2-7.jpg","width":800,"height":500,"caption":"Romanya \u015eubelerimiz Altunizade"},{"@type":"BreadcrumbList","@id":"https:\/\/www.myvize.com.tr\/romanya\/subelerimiz\/altunizade\/#breadcrumb","itemListElement":[{"@type":"ListItem","position":1,"name":"Anasayfa","item":"https:\/\/www.myvize.com.tr\/romanya\/"},{"@type":"ListItem","position":2,"name":"\u015eUBELER\u0130M\u0130Z","item":"https:\/\/www.myvize.com.tr\/romanya\/subelerimiz\/"},{"@type":"ListItem","position":3,"name":"Altunizade"}]},{"@type":"WebSite","@id":"https:\/\/www.myvize.com.tr\/romanya\/#website","url":"https:\/\/www.myvize.com.tr\/romanya\/","name":"Romanya Vize Dan\u0131\u015fmanl\u0131k | MyVize","description":"","potentialAction":[{"@type":"SearchAction","target":{"@type":"EntryPoint","urlTemplate":"https:\/\/www.myvize.com.tr\/romanya\/?s={search_term_string}"},"query-input":{"@type":"PropertyValueSpecification","valueRequired":true,"valueName":"search_term_string"}}],"inLanguage":"tr"}]}},"_links":{"self":[{"href":"https:\/\/www.myvize.com.tr\/romanya\/wp-json\/wp\/v2\/pages\/224","targetHints":{"allow":["GET"]}}],"collection":[{"href":"https:\/\/www.myvize.com.tr\/romanya\/wp-json\/wp\/v2\/pages"}],"about":[{"href":"https:\/\/www.myvize.com.tr\/romanya\/wp-json\/wp\/v2\/types\/page"}],"author":[{"embeddable":true,"href":"https:\/\/www.myvize.com.tr\/romanya\/wp-json\/wp\/v2\/users\/1"}],"replies":[{"embeddable":true,"href":"https:\/\/www.myvize.com.tr\/romanya\/wp-json\/wp\/v2\/comments?post=224"}],"version-history":[{"count":5,"href":"https:\/\/www.myvize.com.tr\/romanya\/wp-json\/wp\/v2\/pages\/224\/revisions"}],"predecessor-version":[{"id":1139,"href":"https:\/\/www.myvize.com.tr\/romanya\/wp-json\/wp\/v2\/pages\/224\/revisions\/1139"}],"up":[{"embeddable":true,"href":"https:\/\/www.myvize.com.tr\/romanya\/wp-json\/wp\/v2\/pages\/219"}],"wp:attachment":[{"href":"https:\/\/www.myvize.com.tr\/romanya\/wp-json\/wp\/v2\/media?parent=224"}],"curies":[{"name":"wp","href":"https:\/\/api.w.org\/{rel}","templated":true}]}}