{"id":226,"date":"2020-12-28T12:33:57","date_gmt":"2020-12-28T09:33:57","guid":{"rendered":"https:\/\/www.myvize.com.tr\/romanya\/?page_id=226"},"modified":"2022-06-27T12:23:32","modified_gmt":"2022-06-27T09:23:32","slug":"canakkale","status":"publish","type":"page","link":"https:\/\/www.myvize.com.tr\/romanya\/subelerimiz\/canakkale\/","title":{"rendered":"\u00c7anakkale"},"content":{"rendered":"<h2><span style=\"font-family: Roboto; font-size: 27px;\"><b>\u00c7anakkale Romanya Vize Ba\u015fvurusu<\/b><\/span><\/h2>\n<p><span style=\"font-family: Roboto; font-size: 14px;\">\u00c7anakkale\u2019de bulunan, \u00fclkeler aras\u0131 birlikteli\u011fi ve ticari y\u00f6ndeki art\u0131\u015flar\u0131 tazelemeyi, g\u00fc\u00e7lendirmeyi kendine bir ama\u00e7 bilmi\u015f konsolosluklardan birisi de <strong>\u00c7anakkale Romanya Konsoloslu\u011fu<\/strong>\u2019dur. Bu konsoloslukta, yurt d\u0131\u015f\u0131na \u00e7\u0131kmas\u0131 gereken vatanda\u015flar\u0131n, yurt d\u0131\u015f\u0131na seyahat etmek isteyen ve gerekli ticari i\u015flemler nedeniyle yurt d\u0131\u015f\u0131na ta\u015f\u0131nmak zorunda kalan<strong> T\u00fcrkiye Cumhuriyeti<\/strong> Vatanda\u015flar\u0131n\u0131n, <span style=\"color: #2acec2;\"><strong><a style=\"color: #2acec2;\" href=\"https:\/\/www.myvize.com.tr\/romanya\/vize-islemleri\/romanya-vize-basvurusu\/\" target=\"_blank\" rel=\"noopener\">Romanya vize\u00a0ba\u015fvurusu<\/a><\/strong><\/span>\u00a0ve vize i\u015flemleri yap\u0131lmaktad\u0131r. Vize ba\u015fvurusundan harici yap\u0131lan i\u015flemler ise, pasaport, pasaport yenileme, evlilik, miras, vatanda\u015fl\u0131k ve gerekli di\u011fer resmi i\u015flemlerdir. Kendi vatanda\u015flar\u0131na da ayr\u0131 resmi i\u015flemleri, haklar\u0131 ve sorunlar\u0131 hakk\u0131nda da yard\u0131mc\u0131 olabilmektedirler. \u00c7anakkale Romanya Konsoloslu\u011fu, <strong>vize ba\u015fvurusu<\/strong> alma konusunda olduk\u00e7a yetkili bir temsilciliktir. Bu temsilcili\u011fe\u00a0<strong>vize<\/strong>\u00a0<strong>ba\u015fvurusunda<\/strong>\u00a0bulunan bir\u00e7ok T\u00fcrk vatanda\u015f bulunmaktad\u0131r. Web sitesi arac\u0131l\u0131\u011f\u0131yla ba\u015fvuruda bulunabilece\u011finiz, bu temsilcili\u011fin, sizlerden istedi\u011fi evraklar ve bilgiler bulunmaktad\u0131r.\u00a0<strong>Vize<\/strong>\u00a0<strong>ba\u015fvurusu<\/strong> i\u00e7in \u00f6ncelikle, web sitesinde var olan, <span style=\"color: #2acec2;\"><strong><a style=\"color: #2acec2;\" href=\"https:\/\/www.myvize.com.tr\/romanya\/form-ve-dilekce\/romanya-vize-basvuru-formu\/\" target=\"_blank\" rel=\"noopener\">Romanya vize ba\u015fvuru formu<\/a><\/strong><\/span>\u00a0doldurman\u0131z gerekmektedir. Ba\u015fvuru formunda sizden istedikleri, ki\u015fisel bilgileriniz, seyahat bilgileriniz, gerekli evraklar ve adresinizdir. Bu formu eksiksiz bir \u015fekilde tamamlad\u0131ktan sonra, onay butonuna basman\u0131z gerekmektedir; e\u011fer butona basmazsan\u0131z i\u015fleminiz ger\u00e7ekle\u015fmemektedir. Bilgilerinizi ve evraklar\u0131n\u0131z\u0131 eksiksiz bir \u015fekilde tamamlad\u0131ktan sonra ba\u015fvurunuzun sonucunu 3 ila 5 g\u00fcn i\u00e7erisinde \u00f6\u011frenebilirsiniz.<\/span><\/p>\n<p><span style=\"font-family: Roboto; font-size: 14px;\"><img decoding=\"async\" src=\"https:\/\/www.myvize.com.tr\/romanya\/wp-content\/uploads\/2021\/09\/2-9.jpg\" \/><\/span><\/p>\n","protected":false},"excerpt":{"rendered":"<p>\u00c7anakkale Romanya Vize Ba\u015fvurusu \u00c7anakkale\u2019de bulunan, \u00fclkeler aras\u0131 birlikteli\u011fi ve ticari y\u00f6ndeki art\u0131\u015flar\u0131 tazelemeyi, g\u00fc\u00e7lendirmeyi kendine bir ama\u00e7 bilmi\u015f konsolosluklardan birisi de \u00c7anakkale Romanya Konsoloslu\u011fu\u2019dur. Bu konsoloslukta, yurt d\u0131\u015f\u0131na \u00e7\u0131kmas\u0131 gereken vatanda\u015flar\u0131n, yurt d\u0131\u015f\u0131na seyahat etmek isteyen ve gerekli ticari i\u015flemler nedeniyle yurt d\u0131\u015f\u0131na ta\u015f\u0131nmak zorunda kalan T\u00fcrkiye Cumhuriyeti Vatanda\u015flar\u0131n\u0131n, Romanya vize\u00a0ba\u015fvurusu\u00a0ve vize i\u015flemleri yap\u0131lmaktad\u0131r.<\/p>\n","protected":false},"author":1,"featured_media":0,"parent":219,"menu_order":0,"comment_status":"open","ping_status":"closed","template":"","meta":{"footnotes":""},"class_list":["post-226","page","type-page","status-publish","hentry"],"yoast_head":"<!-- This site is optimized with the Yoast SEO plugin v26.8 - https:\/\/yoast.com\/product\/yoast-seo-wordpress\/ -->\n<title>Romanya Vize Ba\u015fvuru \u015eubesi \u00c7anakkale - MyVize<\/title>\n<meta name=\"description\" content=\"Romanya Vizesi \u00c7anakkale Vize Ba\u015fvuru Merkezi. Romanya Vizesi Nas\u0131l Al\u0131n\u0131r? Ba\u015fvuru Yapmak \u0130\u00e7in \u00c7anakkale \u015eubemizi Aray\u0131n: 0850 346 84 93\" \/>\n<meta name=\"robots\" content=\"index, follow, max-snippet:-1, max-image-preview:large, max-video-preview:-1\" \/>\n<link rel=\"canonical\" href=\"https:\/\/www.myvize.com.tr\/romanya\/subelerimiz\/canakkale\/\" \/>\n<meta property=\"og:locale\" content=\"tr_TR\" \/>\n<meta property=\"og:type\" content=\"article\" \/>\n<meta property=\"og:title\" content=\"Romanya Vize Ba\u015fvuru \u015eubesi \u00c7anakkale - MyVize\" \/>\n<meta property=\"og:description\" content=\"Romanya Vizesi \u00c7anakkale Vize Ba\u015fvuru Merkezi. Romanya Vizesi Nas\u0131l Al\u0131n\u0131r? Ba\u015fvuru Yapmak \u0130\u00e7in \u00c7anakkale \u015eubemizi Aray\u0131n: 0850 346 84 93\" \/>\n<meta property=\"og:url\" content=\"https:\/\/www.myvize.com.tr\/romanya\/subelerimiz\/canakkale\/\" \/>\n<meta property=\"og:site_name\" content=\"Romanya Vize Dan\u0131\u015fmanl\u0131k | MyVize\" \/>\n<meta property=\"article:modified_time\" content=\"2022-06-27T09:23:32+00:00\" \/>\n<meta property=\"og:image\" content=\"https:\/\/www.myvize.com.tr\/romanya\/wp-content\/uploads\/2021\/09\/2-9.jpg\" \/>\n<meta name=\"twitter:card\" content=\"summary_large_image\" \/>\n<meta name=\"twitter:label1\" content=\"Tahmini okuma s\u00fcresi\" \/>\n\t<meta name=\"twitter:data1\" content=\"1 dakika\" \/>\n<script type=\"application\/ld+json\" class=\"yoast-schema-graph\">{\"@context\":\"https:\/\/schema.org\",\"@graph\":[{\"@type\":\"WebPage\",\"@id\":\"https:\/\/www.myvize.com.tr\/romanya\/subelerimiz\/canakkale\/\",\"url\":\"https:\/\/www.myvize.com.tr\/romanya\/subelerimiz\/canakkale\/\",\"name\":\"Romanya Vize Ba\u015fvuru \u015eubesi \u00c7anakkale - MyVize\",\"isPartOf\":{\"@id\":\"https:\/\/www.myvize.com.tr\/romanya\/#website\"},\"primaryImageOfPage\":{\"@id\":\"https:\/\/www.myvize.com.tr\/romanya\/subelerimiz\/canakkale\/#primaryimage\"},\"image\":{\"@id\":\"https:\/\/www.myvize.com.tr\/romanya\/subelerimiz\/canakkale\/#primaryimage\"},\"thumbnailUrl\":\"https:\/\/www.myvize.com.tr\/romanya\/wp-content\/uploads\/2021\/09\/2-9.jpg\",\"datePublished\":\"2020-12-28T09:33:57+00:00\",\"dateModified\":\"2022-06-27T09:23:32+00:00\",\"description\":\"Romanya Vizesi \u00c7anakkale Vize Ba\u015fvuru Merkezi. Romanya Vizesi Nas\u0131l Al\u0131n\u0131r? Ba\u015fvuru Yapmak \u0130\u00e7in \u00c7anakkale \u015eubemizi Aray\u0131n: 0850 346 84 93\",\"breadcrumb\":{\"@id\":\"https:\/\/www.myvize.com.tr\/romanya\/subelerimiz\/canakkale\/#breadcrumb\"},\"inLanguage\":\"tr\",\"potentialAction\":[{\"@type\":\"ReadAction\",\"target\":[\"https:\/\/www.myvize.com.tr\/romanya\/subelerimiz\/canakkale\/\"]}]},{\"@type\":\"ImageObject\",\"inLanguage\":\"tr\",\"@id\":\"https:\/\/www.myvize.com.tr\/romanya\/subelerimiz\/canakkale\/#primaryimage\",\"url\":\"https:\/\/www.myvize.com.tr\/romanya\/wp-content\/uploads\/2021\/09\/2-9.jpg\",\"contentUrl\":\"https:\/\/www.myvize.com.tr\/romanya\/wp-content\/uploads\/2021\/09\/2-9.jpg\",\"width\":800,\"height\":500,\"caption\":\"Romanya \u015eubelerimiz \u00c7anakkale\"},{\"@type\":\"BreadcrumbList\",\"@id\":\"https:\/\/www.myvize.com.tr\/romanya\/subelerimiz\/canakkale\/#breadcrumb\",\"itemListElement\":[{\"@type\":\"ListItem\",\"position\":1,\"name\":\"Anasayfa\",\"item\":\"https:\/\/www.myvize.com.tr\/romanya\/\"},{\"@type\":\"ListItem\",\"position\":2,\"name\":\"\u015eUBELER\u0130M\u0130Z\",\"item\":\"https:\/\/www.myvize.com.tr\/romanya\/subelerimiz\/\"},{\"@type\":\"ListItem\",\"position\":3,\"name\":\"\u00c7anakkale\"}]},{\"@type\":\"WebSite\",\"@id\":\"https:\/\/www.myvize.com.tr\/romanya\/#website\",\"url\":\"https:\/\/www.myvize.com.tr\/romanya\/\",\"name\":\"Romanya Vize Dan\u0131\u015fmanl\u0131k | MyVize\",\"description\":\"\",\"potentialAction\":[{\"@type\":\"SearchAction\",\"target\":{\"@type\":\"EntryPoint\",\"urlTemplate\":\"https:\/\/www.myvize.com.tr\/romanya\/?s={search_term_string}\"},\"query-input\":{\"@type\":\"PropertyValueSpecification\",\"valueRequired\":true,\"valueName\":\"search_term_string\"}}],\"inLanguage\":\"tr\"}]}<\/script>\n<!-- \/ Yoast SEO plugin. -->","yoast_head_json":{"title":"Romanya Vize Ba\u015fvuru \u015eubesi \u00c7anakkale - MyVize","description":"Romanya Vizesi \u00c7anakkale Vize Ba\u015fvuru Merkezi. Romanya Vizesi Nas\u0131l Al\u0131n\u0131r? Ba\u015fvuru Yapmak \u0130\u00e7in \u00c7anakkale \u015eubemizi Aray\u0131n: 0850 346 84 93","robots":{"index":"index","follow":"follow","max-snippet":"max-snippet:-1","max-image-preview":"max-image-preview:large","max-video-preview":"max-video-preview:-1"},"canonical":"https:\/\/www.myvize.com.tr\/romanya\/subelerimiz\/canakkale\/","og_locale":"tr_TR","og_type":"article","og_title":"Romanya Vize Ba\u015fvuru \u015eubesi \u00c7anakkale - MyVize","og_description":"Romanya Vizesi \u00c7anakkale Vize Ba\u015fvuru Merkezi. Romanya Vizesi Nas\u0131l Al\u0131n\u0131r? Ba\u015fvuru Yapmak \u0130\u00e7in \u00c7anakkale \u015eubemizi Aray\u0131n: 0850 346 84 93","og_url":"https:\/\/www.myvize.com.tr\/romanya\/subelerimiz\/canakkale\/","og_site_name":"Romanya Vize Dan\u0131\u015fmanl\u0131k | MyVize","article_modified_time":"2022-06-27T09:23:32+00:00","og_image":[{"url":"https:\/\/www.myvize.com.tr\/romanya\/wp-content\/uploads\/2021\/09\/2-9.jpg","type":"","width":"","height":""}],"twitter_card":"summary_large_image","twitter_misc":{"Tahmini okuma s\u00fcresi":"1 dakika"},"schema":{"@context":"https:\/\/schema.org","@graph":[{"@type":"WebPage","@id":"https:\/\/www.myvize.com.tr\/romanya\/subelerimiz\/canakkale\/","url":"https:\/\/www.myvize.com.tr\/romanya\/subelerimiz\/canakkale\/","name":"Romanya Vize Ba\u015fvuru \u015eubesi \u00c7anakkale - MyVize","isPartOf":{"@id":"https:\/\/www.myvize.com.tr\/romanya\/#website"},"primaryImageOfPage":{"@id":"https:\/\/www.myvize.com.tr\/romanya\/subelerimiz\/canakkale\/#primaryimage"},"image":{"@id":"https:\/\/www.myvize.com.tr\/romanya\/subelerimiz\/canakkale\/#primaryimage"},"thumbnailUrl":"https:\/\/www.myvize.com.tr\/romanya\/wp-content\/uploads\/2021\/09\/2-9.jpg","datePublished":"2020-12-28T09:33:57+00:00","dateModified":"2022-06-27T09:23:32+00:00","description":"Romanya Vizesi \u00c7anakkale Vize Ba\u015fvuru Merkezi. Romanya Vizesi Nas\u0131l Al\u0131n\u0131r? Ba\u015fvuru Yapmak \u0130\u00e7in \u00c7anakkale \u015eubemizi Aray\u0131n: 0850 346 84 93","breadcrumb":{"@id":"https:\/\/www.myvize.com.tr\/romanya\/subelerimiz\/canakkale\/#breadcrumb"},"inLanguage":"tr","potentialAction":[{"@type":"ReadAction","target":["https:\/\/www.myvize.com.tr\/romanya\/subelerimiz\/canakkale\/"]}]},{"@type":"ImageObject","inLanguage":"tr","@id":"https:\/\/www.myvize.com.tr\/romanya\/subelerimiz\/canakkale\/#primaryimage","url":"https:\/\/www.myvize.com.tr\/romanya\/wp-content\/uploads\/2021\/09\/2-9.jpg","contentUrl":"https:\/\/www.myvize.com.tr\/romanya\/wp-content\/uploads\/2021\/09\/2-9.jpg","width":800,"height":500,"caption":"Romanya \u015eubelerimiz \u00c7anakkale"},{"@type":"BreadcrumbList","@id":"https:\/\/www.myvize.com.tr\/romanya\/subelerimiz\/canakkale\/#breadcrumb","itemListElement":[{"@type":"ListItem","position":1,"name":"Anasayfa","item":"https:\/\/www.myvize.com.tr\/romanya\/"},{"@type":"ListItem","position":2,"name":"\u015eUBELER\u0130M\u0130Z","item":"https:\/\/www.myvize.com.tr\/romanya\/subelerimiz\/"},{"@type":"ListItem","position":3,"name":"\u00c7anakkale"}]},{"@type":"WebSite","@id":"https:\/\/www.myvize.com.tr\/romanya\/#website","url":"https:\/\/www.myvize.com.tr\/romanya\/","name":"Romanya Vize Dan\u0131\u015fmanl\u0131k | MyVize","description":"","potentialAction":[{"@type":"SearchAction","target":{"@type":"EntryPoint","urlTemplate":"https:\/\/www.myvize.com.tr\/romanya\/?s={search_term_string}"},"query-input":{"@type":"PropertyValueSpecification","valueRequired":true,"valueName":"search_term_string"}}],"inLanguage":"tr"}]}},"_links":{"self":[{"href":"https:\/\/www.myvize.com.tr\/romanya\/wp-json\/wp\/v2\/pages\/226","targetHints":{"allow":["GET"]}}],"collection":[{"href":"https:\/\/www.myvize.com.tr\/romanya\/wp-json\/wp\/v2\/pages"}],"about":[{"href":"https:\/\/www.myvize.com.tr\/romanya\/wp-json\/wp\/v2\/types\/page"}],"author":[{"embeddable":true,"href":"https:\/\/www.myvize.com.tr\/romanya\/wp-json\/wp\/v2\/users\/1"}],"replies":[{"embeddable":true,"href":"https:\/\/www.myvize.com.tr\/romanya\/wp-json\/wp\/v2\/comments?post=226"}],"version-history":[{"count":5,"href":"https:\/\/www.myvize.com.tr\/romanya\/wp-json\/wp\/v2\/pages\/226\/revisions"}],"predecessor-version":[{"id":1186,"href":"https:\/\/www.myvize.com.tr\/romanya\/wp-json\/wp\/v2\/pages\/226\/revisions\/1186"}],"up":[{"embeddable":true,"href":"https:\/\/www.myvize.com.tr\/romanya\/wp-json\/wp\/v2\/pages\/219"}],"wp:attachment":[{"href":"https:\/\/www.myvize.com.tr\/romanya\/wp-json\/wp\/v2\/media?parent=226"}],"curies":[{"name":"wp","href":"https:\/\/api.w.org\/{rel}","templated":true}]}}