{"id":232,"date":"2020-12-28T12:34:51","date_gmt":"2020-12-28T09:34:51","guid":{"rendered":"https:\/\/www.myvize.com.tr\/romanya\/?page_id=232"},"modified":"2022-03-21T16:34:29","modified_gmt":"2022-03-21T13:34:29","slug":"bursa","status":"publish","type":"page","link":"https:\/\/www.myvize.com.tr\/romanya\/subelerimiz\/bursa\/","title":{"rendered":"Bursa"},"content":{"rendered":"<h2><span style=\"font-family: Roboto; font-size: 27px;\"><b>Bursa Romanya Vize Ba\u015fvurusu<\/b><\/span><\/h2>\n<p><span style=\"font-family: Roboto; font-size: 14px;\">Konsolosluklarda yap\u0131lan i\u015flemlerin \u00e7o\u011funun ba\u015f\u0131nda gelen,\u00a0<strong>vize<\/strong>\u00a0<strong>ba\u015fvurusu<\/strong>\u00a0i\u015flemi, \u00e7o\u011fu konsoloslukta olduk\u00e7a s\u0131k g\u00f6r\u00fclmektedir. Bursa Romanya konsoloslu\u011funda da olduk\u00e7a fazla <strong>vize ba\u015fvurusu<\/strong> kay\u0131tlar\u0131 bulunmaktad\u0131r. Bu konsoloslu\u011fun\u00a0<strong>vize<\/strong>\u00a0<strong>ba\u015fvurusunun<\/strong>\u00a0yan\u0131nda di\u011fer i\u015flemlerle de ilgilendi\u011fi bilinmektedir. Pasaport, pasaport yenileme, nikah, evlilik, miras ve di\u011fer resmi i\u015flemlerle de ilgilenmektedirler. Romanya vatanda\u015flar\u0131n\u0131n da haklar\u0131n\u0131, hukuksal a\u00e7\u0131dan evrak i\u015flemlerini ve di\u011fer evrak i\u015flemlerini tamamlamak i\u00e7in g\u00f6rev yapmaktad\u0131rlar. <strong>Bursa Romanya konsoloslu\u011fu<\/strong> T\u00fcrkiye ile Romanya aras\u0131nda birli\u011fin, huzurun, ticaretin, sosyal durumlar\u0131n in\u015fas\u0131nda da ba\u015froldedir. Bursa Romanya konsoloslu\u011fu vize ba\u015fvurusu nas\u0131l yap\u0131l\u0131r?<span style=\"color: #2acec2;\"><strong><a style=\"color: #2acec2;\" href=\"https:\/\/www.myvize.com.tr\/romanya\/vize-islemleri\/romanya-vize-basvurusu\/\" target=\"_blank\" rel=\"noopener\"> Romanya Vize\u00a0ba\u015fvurusu<\/a><\/strong><\/span>\u00a0ne zaman sonu\u00e7lan\u0131r? Sorular\u0131n\u0131n cevaplar\u0131n\u0131 verece\u011fimiz bu yaz\u0131m\u0131zda, akl\u0131n\u0131z\u0131 kurcalayan bir\u00e7ok meseleden kurtulmu\u015f olacaks\u0131n\u0131z. Bursa Romanya konsoloslu\u011funun web sitesinden, elektronik bir \u015fekilde vize ba\u015fvurusunu yapman\u0131z gerekmektedir. Web sitesinde,\u00a0<strong>vize<\/strong>\u00a0<strong>ba\u015fvuru<\/strong>\u00a0formu olan k\u0131sma t\u0131klad\u0131\u011f\u0131n\u0131zda, \u00f6n\u00fcn\u00fcze \u00e7\u0131kan ba\u015fvuru formunu doldurman\u0131z gerekmektedir. Ki\u015fisel bilgileriniz, seyahat ve resmi evrak bilgileriniz, adresiniz, kredi kart\u0131 numaran\u0131z, hangi \u015fekilde ba\u015fvuruda bulundu\u011funuzu belirledikten ve sisteme girdikten sonra, onaylay\u0131p sisteme g\u00f6nderiniz. Ba\u015fvuru s\u00fcreciniz b\u00f6ylelikle ger\u00e7ekle\u015fmeye ba\u015flayacakt\u0131r; ayr\u0131ca ba\u015fvuru sonucunuzun \u00e7\u0131kma g\u00fcn\u00fc ise, 5 ila 7 g\u00fcn aras\u0131nda de\u011fi\u015fkenlik g\u00f6stermektedir.<\/span><\/p>\n<p><span style=\"font-family: Roboto; font-size: 14px;\"><span style=\"color: #2acec2;\"><strong><a style=\"color: #2acec2;\" href=\"https:\/\/www.myvize.com.tr\/romanya\/vize-islemleri\/romanya-vize-randevusu\/\" target=\"_blank\" rel=\"noopener\">Romanya Vize Randevusu<\/a><\/strong><\/span> ile ilgili bilgi almak i\u00e7in bizi aray\u0131n\u0131z.<\/span><\/p>\n<p><span style=\"font-family: Roboto; font-size: 14px;\"><img decoding=\"async\" src=\"https:\/\/www.myvize.com.tr\/romanya\/wp-content\/uploads\/2021\/09\/2-4.jpg\" \/><\/span><\/p>\n","protected":false},"excerpt":{"rendered":"<p>Bursa Romanya Vize Ba\u015fvurusu Konsolosluklarda yap\u0131lan i\u015flemlerin \u00e7o\u011funun ba\u015f\u0131nda gelen,\u00a0vize\u00a0ba\u015fvurusu\u00a0i\u015flemi, \u00e7o\u011fu konsoloslukta olduk\u00e7a s\u0131k g\u00f6r\u00fclmektedir. Bursa Romanya konsoloslu\u011funda da olduk\u00e7a fazla vize ba\u015fvurusu kay\u0131tlar\u0131 bulunmaktad\u0131r. Bu konsoloslu\u011fun\u00a0vize\u00a0ba\u015fvurusunun\u00a0yan\u0131nda di\u011fer i\u015flemlerle de ilgilendi\u011fi bilinmektedir. Pasaport, pasaport yenileme, nikah, evlilik, miras ve di\u011fer resmi i\u015flemlerle de ilgilenmektedirler. Romanya vatanda\u015flar\u0131n\u0131n da haklar\u0131n\u0131, hukuksal a\u00e7\u0131dan evrak i\u015flemlerini ve di\u011fer evrak<\/p>\n","protected":false},"author":1,"featured_media":0,"parent":219,"menu_order":0,"comment_status":"open","ping_status":"closed","template":"","meta":{"footnotes":""},"class_list":["post-232","page","type-page","status-publish","hentry"],"yoast_head":"<!-- This site is optimized with the Yoast SEO plugin v26.8 - https:\/\/yoast.com\/product\/yoast-seo-wordpress\/ -->\n<title>Romanya Vize Ba\u015fvuru \u015eubesi Bursa - MyVize<\/title>\n<meta name=\"description\" content=\"Romanya Vizesi Bursa Vize Ba\u015fvuru Merkezi. Romanya Vizesi Nas\u0131l Al\u0131n\u0131r? Ba\u015fvuru Yapmak \u0130\u00e7in Bursa \u015eubemizi Aray\u0131n: 0850 346 84 93\" \/>\n<meta name=\"robots\" content=\"index, follow, max-snippet:-1, max-image-preview:large, max-video-preview:-1\" \/>\n<link rel=\"canonical\" href=\"https:\/\/www.myvize.com.tr\/romanya\/subelerimiz\/bursa\/\" \/>\n<meta property=\"og:locale\" content=\"tr_TR\" \/>\n<meta property=\"og:type\" content=\"article\" \/>\n<meta property=\"og:title\" content=\"Romanya Vize Ba\u015fvuru \u015eubesi Bursa - MyVize\" \/>\n<meta property=\"og:description\" content=\"Romanya Vizesi Bursa Vize Ba\u015fvuru Merkezi. Romanya Vizesi Nas\u0131l Al\u0131n\u0131r? Ba\u015fvuru Yapmak \u0130\u00e7in Bursa \u015eubemizi Aray\u0131n: 0850 346 84 93\" \/>\n<meta property=\"og:url\" content=\"https:\/\/www.myvize.com.tr\/romanya\/subelerimiz\/bursa\/\" \/>\n<meta property=\"og:site_name\" content=\"Romanya Vize Dan\u0131\u015fmanl\u0131k | MyVize\" \/>\n<meta property=\"article:modified_time\" content=\"2022-03-21T13:34:29+00:00\" \/>\n<meta property=\"og:image\" content=\"https:\/\/www.myvize.com.tr\/romanya\/wp-content\/uploads\/2021\/09\/2-4.jpg\" \/>\n<meta name=\"twitter:card\" content=\"summary_large_image\" \/>\n<meta name=\"twitter:label1\" content=\"Tahmini okuma s\u00fcresi\" \/>\n\t<meta name=\"twitter:data1\" content=\"1 dakika\" \/>\n<script type=\"application\/ld+json\" class=\"yoast-schema-graph\">{\"@context\":\"https:\/\/schema.org\",\"@graph\":[{\"@type\":\"WebPage\",\"@id\":\"https:\/\/www.myvize.com.tr\/romanya\/subelerimiz\/bursa\/\",\"url\":\"https:\/\/www.myvize.com.tr\/romanya\/subelerimiz\/bursa\/\",\"name\":\"Romanya Vize Ba\u015fvuru \u015eubesi Bursa - MyVize\",\"isPartOf\":{\"@id\":\"https:\/\/www.myvize.com.tr\/romanya\/#website\"},\"primaryImageOfPage\":{\"@id\":\"https:\/\/www.myvize.com.tr\/romanya\/subelerimiz\/bursa\/#primaryimage\"},\"image\":{\"@id\":\"https:\/\/www.myvize.com.tr\/romanya\/subelerimiz\/bursa\/#primaryimage\"},\"thumbnailUrl\":\"https:\/\/www.myvize.com.tr\/romanya\/wp-content\/uploads\/2021\/09\/2-4.jpg\",\"datePublished\":\"2020-12-28T09:34:51+00:00\",\"dateModified\":\"2022-03-21T13:34:29+00:00\",\"description\":\"Romanya Vizesi Bursa Vize Ba\u015fvuru Merkezi. Romanya Vizesi Nas\u0131l Al\u0131n\u0131r? Ba\u015fvuru Yapmak \u0130\u00e7in Bursa \u015eubemizi Aray\u0131n: 0850 346 84 93\",\"breadcrumb\":{\"@id\":\"https:\/\/www.myvize.com.tr\/romanya\/subelerimiz\/bursa\/#breadcrumb\"},\"inLanguage\":\"tr\",\"potentialAction\":[{\"@type\":\"ReadAction\",\"target\":[\"https:\/\/www.myvize.com.tr\/romanya\/subelerimiz\/bursa\/\"]}]},{\"@type\":\"ImageObject\",\"inLanguage\":\"tr\",\"@id\":\"https:\/\/www.myvize.com.tr\/romanya\/subelerimiz\/bursa\/#primaryimage\",\"url\":\"https:\/\/www.myvize.com.tr\/romanya\/wp-content\/uploads\/2021\/09\/2-4.jpg\",\"contentUrl\":\"https:\/\/www.myvize.com.tr\/romanya\/wp-content\/uploads\/2021\/09\/2-4.jpg\",\"width\":800,\"height\":500,\"caption\":\"Romanya \u015eubelerimiz Bursa\"},{\"@type\":\"BreadcrumbList\",\"@id\":\"https:\/\/www.myvize.com.tr\/romanya\/subelerimiz\/bursa\/#breadcrumb\",\"itemListElement\":[{\"@type\":\"ListItem\",\"position\":1,\"name\":\"Anasayfa\",\"item\":\"https:\/\/www.myvize.com.tr\/romanya\/\"},{\"@type\":\"ListItem\",\"position\":2,\"name\":\"\u015eUBELER\u0130M\u0130Z\",\"item\":\"https:\/\/www.myvize.com.tr\/romanya\/subelerimiz\/\"},{\"@type\":\"ListItem\",\"position\":3,\"name\":\"Bursa\"}]},{\"@type\":\"WebSite\",\"@id\":\"https:\/\/www.myvize.com.tr\/romanya\/#website\",\"url\":\"https:\/\/www.myvize.com.tr\/romanya\/\",\"name\":\"Romanya Vize Dan\u0131\u015fmanl\u0131k | MyVize\",\"description\":\"\",\"potentialAction\":[{\"@type\":\"SearchAction\",\"target\":{\"@type\":\"EntryPoint\",\"urlTemplate\":\"https:\/\/www.myvize.com.tr\/romanya\/?s={search_term_string}\"},\"query-input\":{\"@type\":\"PropertyValueSpecification\",\"valueRequired\":true,\"valueName\":\"search_term_string\"}}],\"inLanguage\":\"tr\"}]}<\/script>\n<!-- \/ Yoast SEO plugin. -->","yoast_head_json":{"title":"Romanya Vize Ba\u015fvuru \u015eubesi Bursa - MyVize","description":"Romanya Vizesi Bursa Vize Ba\u015fvuru Merkezi. Romanya Vizesi Nas\u0131l Al\u0131n\u0131r? Ba\u015fvuru Yapmak \u0130\u00e7in Bursa \u015eubemizi Aray\u0131n: 0850 346 84 93","robots":{"index":"index","follow":"follow","max-snippet":"max-snippet:-1","max-image-preview":"max-image-preview:large","max-video-preview":"max-video-preview:-1"},"canonical":"https:\/\/www.myvize.com.tr\/romanya\/subelerimiz\/bursa\/","og_locale":"tr_TR","og_type":"article","og_title":"Romanya Vize Ba\u015fvuru \u015eubesi Bursa - MyVize","og_description":"Romanya Vizesi Bursa Vize Ba\u015fvuru Merkezi. Romanya Vizesi Nas\u0131l Al\u0131n\u0131r? Ba\u015fvuru Yapmak \u0130\u00e7in Bursa \u015eubemizi Aray\u0131n: 0850 346 84 93","og_url":"https:\/\/www.myvize.com.tr\/romanya\/subelerimiz\/bursa\/","og_site_name":"Romanya Vize Dan\u0131\u015fmanl\u0131k | MyVize","article_modified_time":"2022-03-21T13:34:29+00:00","og_image":[{"url":"https:\/\/www.myvize.com.tr\/romanya\/wp-content\/uploads\/2021\/09\/2-4.jpg","type":"","width":"","height":""}],"twitter_card":"summary_large_image","twitter_misc":{"Tahmini okuma s\u00fcresi":"1 dakika"},"schema":{"@context":"https:\/\/schema.org","@graph":[{"@type":"WebPage","@id":"https:\/\/www.myvize.com.tr\/romanya\/subelerimiz\/bursa\/","url":"https:\/\/www.myvize.com.tr\/romanya\/subelerimiz\/bursa\/","name":"Romanya Vize Ba\u015fvuru \u015eubesi Bursa - MyVize","isPartOf":{"@id":"https:\/\/www.myvize.com.tr\/romanya\/#website"},"primaryImageOfPage":{"@id":"https:\/\/www.myvize.com.tr\/romanya\/subelerimiz\/bursa\/#primaryimage"},"image":{"@id":"https:\/\/www.myvize.com.tr\/romanya\/subelerimiz\/bursa\/#primaryimage"},"thumbnailUrl":"https:\/\/www.myvize.com.tr\/romanya\/wp-content\/uploads\/2021\/09\/2-4.jpg","datePublished":"2020-12-28T09:34:51+00:00","dateModified":"2022-03-21T13:34:29+00:00","description":"Romanya Vizesi Bursa Vize Ba\u015fvuru Merkezi. Romanya Vizesi Nas\u0131l Al\u0131n\u0131r? Ba\u015fvuru Yapmak \u0130\u00e7in Bursa \u015eubemizi Aray\u0131n: 0850 346 84 93","breadcrumb":{"@id":"https:\/\/www.myvize.com.tr\/romanya\/subelerimiz\/bursa\/#breadcrumb"},"inLanguage":"tr","potentialAction":[{"@type":"ReadAction","target":["https:\/\/www.myvize.com.tr\/romanya\/subelerimiz\/bursa\/"]}]},{"@type":"ImageObject","inLanguage":"tr","@id":"https:\/\/www.myvize.com.tr\/romanya\/subelerimiz\/bursa\/#primaryimage","url":"https:\/\/www.myvize.com.tr\/romanya\/wp-content\/uploads\/2021\/09\/2-4.jpg","contentUrl":"https:\/\/www.myvize.com.tr\/romanya\/wp-content\/uploads\/2021\/09\/2-4.jpg","width":800,"height":500,"caption":"Romanya \u015eubelerimiz Bursa"},{"@type":"BreadcrumbList","@id":"https:\/\/www.myvize.com.tr\/romanya\/subelerimiz\/bursa\/#breadcrumb","itemListElement":[{"@type":"ListItem","position":1,"name":"Anasayfa","item":"https:\/\/www.myvize.com.tr\/romanya\/"},{"@type":"ListItem","position":2,"name":"\u015eUBELER\u0130M\u0130Z","item":"https:\/\/www.myvize.com.tr\/romanya\/subelerimiz\/"},{"@type":"ListItem","position":3,"name":"Bursa"}]},{"@type":"WebSite","@id":"https:\/\/www.myvize.com.tr\/romanya\/#website","url":"https:\/\/www.myvize.com.tr\/romanya\/","name":"Romanya Vize Dan\u0131\u015fmanl\u0131k | MyVize","description":"","potentialAction":[{"@type":"SearchAction","target":{"@type":"EntryPoint","urlTemplate":"https:\/\/www.myvize.com.tr\/romanya\/?s={search_term_string}"},"query-input":{"@type":"PropertyValueSpecification","valueRequired":true,"valueName":"search_term_string"}}],"inLanguage":"tr"}]}},"_links":{"self":[{"href":"https:\/\/www.myvize.com.tr\/romanya\/wp-json\/wp\/v2\/pages\/232","targetHints":{"allow":["GET"]}}],"collection":[{"href":"https:\/\/www.myvize.com.tr\/romanya\/wp-json\/wp\/v2\/pages"}],"about":[{"href":"https:\/\/www.myvize.com.tr\/romanya\/wp-json\/wp\/v2\/types\/page"}],"author":[{"embeddable":true,"href":"https:\/\/www.myvize.com.tr\/romanya\/wp-json\/wp\/v2\/users\/1"}],"replies":[{"embeddable":true,"href":"https:\/\/www.myvize.com.tr\/romanya\/wp-json\/wp\/v2\/comments?post=232"}],"version-history":[{"count":6,"href":"https:\/\/www.myvize.com.tr\/romanya\/wp-json\/wp\/v2\/pages\/232\/revisions"}],"predecessor-version":[{"id":1142,"href":"https:\/\/www.myvize.com.tr\/romanya\/wp-json\/wp\/v2\/pages\/232\/revisions\/1142"}],"up":[{"embeddable":true,"href":"https:\/\/www.myvize.com.tr\/romanya\/wp-json\/wp\/v2\/pages\/219"}],"wp:attachment":[{"href":"https:\/\/www.myvize.com.tr\/romanya\/wp-json\/wp\/v2\/media?parent=232"}],"curies":[{"name":"wp","href":"https:\/\/api.w.org\/{rel}","templated":true}]}}