{"id":234,"date":"2020-12-28T12:35:12","date_gmt":"2020-12-28T09:35:12","guid":{"rendered":"https:\/\/www.myvize.com.tr\/romanya\/?page_id=234"},"modified":"2022-06-23T11:56:53","modified_gmt":"2022-06-23T08:56:53","slug":"ankara","status":"publish","type":"page","link":"https:\/\/www.myvize.com.tr\/romanya\/subelerimiz\/ankara\/","title":{"rendered":"Ankara"},"content":{"rendered":"<p><span style=\"font-family: Roboto;\"><\/span><\/p>\r\n<p><span style=\"font-family: Roboto; font-size: 14px;\"><strong>Romanya Ankara vize merkezi\u00a0<\/strong>ofisimize ho\u015f geldiniz.<\/span><\/p>\r\n<p><span style=\"font-family: Roboto; font-size: 14px;\">\r\n\r\n<\/span><\/p>\r\n<p><span style=\"font-family: Roboto; font-size: 14px;\">De\u011ferli ziyaret\u00e7imiz incelemi\u015f oldu\u011funuz\u00a0<strong>Romanya Ankara vize merkezi\u00a0<\/strong>internet sitemiz size vize hakk\u0131nda detayl\u0131 bilgi verebilmemiz i\u00e7in olu\u015fturulmu\u015ftur. Sizden ricam\u0131z internet sitemizi detayl\u0131 bir \u015fekilde incelemeniz ve akl\u0131n\u0131za tak\u0131lan bir sorunuz oldu\u011fun da\u00a0<strong>Romanya Ankara vize merkezi\u00a0<\/strong>ofisimizdeki dan\u0131\u015fman arkada\u015flar\u0131m\u0131z\u0131 arayarak detayl\u0131 bilgi edinmeniz.<\/span><\/p>\r\n<p><span style=\"font-family: Roboto; font-size: 14px;\">\r\n\r\n<\/span><\/p>\r\n<p><span style=\"font-family: Roboto; font-size: 14px;\"><strong>Romanya Ankara vize merkezi\u00a0<\/strong>olarak vize i\u015flemlerindeki prosed\u00fcrlerin t\u00fcm detaylar\u0131na olduk\u00e7a hakimiz ve siz de\u011ferli ziyaret\u00e7ilerimize en g\u00fcvenli ve iyi bir hizmet sunmak i\u00e7in \u00e7al\u0131\u015f\u0131r\u0131z. Romanya vizenizi hemen almak i\u00e7in Ankara merkez ofisimizden yard\u0131m alabilirsiniz. Ankara\u2019n\u0131n il\u00e7elerine ve Ankara\u2019ya yak\u0131n illere hizmet sa\u011flayan ekip arkada\u015flar\u0131m\u0131zla k\u0131sa s\u00fcrede h\u0131zl\u0131 bir \u015fekilde vize i\u015flemlerinizi halledebilirsiniz.<\/span><\/p>\r\n<p><span style=\"font-family: Roboto; font-size: 14px;\"><\/span><\/p>\r\n<p><span style=\"font-family: Roboto; font-size: 14px;\"><img decoding=\"async\" src=\"https:\/\/www.myvize.com.tr\/romanya\/wp-content\/uploads\/2021\/09\/2-3.jpg\" \/><\/span><\/p>\r\n<p><span style=\"font-family: Roboto; font-size: 14px;\"><\/span><\/p>\r\n<p><span style=\"font-family: Roboto; font-size: 27px;\"><strong>Romanya Vize \u0130\u015flemleri<\/strong><\/span><\/p>\r\n<p><span style=\"font-family: Roboto; font-size: 14px;\">\r\n\r\n<\/span><\/p>\r\n<p><span style=\"font-family: Roboto; font-size: 14px;\"><strong>Romanya Ankara vize merkezi\u00a0<\/strong>ekibimiz sizin ad\u0131n\u0131za ba\u015fvuruyu yaparak b\u00fct\u00fcn i\u015flemlerinizin a\u015famalar\u0131n\u0131 yak\u0131ndan takip ederler. <strong>Romanya Avrupa Birli\u011fi<\/strong>\u2019ne \u00fcye olan \u00fclkelerin aras\u0131nda bulundu\u011fu i\u00e7in seyahat etmek isterseniz vize almak zorundas\u0131n\u0131z. Sahip oldu\u011funuz pasaportun rengine g\u00f6re vize i\u015flemleri de\u011fi\u015fmektedir.<\/span><\/p>\r\n<p><span style=\"font-family: Roboto; font-size: 14px;\">\r\n\r\n<\/span><\/p>\r\n<p><span style=\"font-family: Roboto; font-size: 14px;\">Siyah, ye\u015fil ve gri pasaporta sahip olan ki\u015filerin Romanya i\u00e7in 90 g\u00fcn seyahatlerinde vize almalar\u0131na gerek yoktur. E\u011fer bu seyahat 90 g\u00fcnden uzun s\u00fcrecekse e\u011fer vize almalar\u0131 gerekmektedir. Bordo renk pasaporta sahip olan bireyler ise k\u0131sa s\u00fcreli ya da uzun s\u00fcreli fark etmeden seyahatleri i\u00e7in vize almak zorundad\u0131rlar.<\/span><\/p>\r\n<p><span style=\"font-family: Roboto; font-size: 14px;\">\r\n\r\n<\/span><\/p>\r\n<p><span style=\"font-family: Roboto; font-size: 14px;\">Vize merkezimiz size<strong><span style=\"color: #2acec2;\"><a style=\"color: #2acec2;\" href=\"https:\/\/www.myvize.com.tr\/romanya\/vize-islemleri\/\" target=\"_blank\" rel=\"noopener\"> Romanya vize i\u015flemleri<\/a><\/span> <\/strong>konusunda yard\u0131mc\u0131 olarak detayl\u0131 bilgi aktaracakt\u0131r. Ofisimizi arayarak ve e posta g\u00f6ndererek detayl\u0131 bilgi elde edebilirsiniz. \u0130sterseniz hafta i\u00e7i 08.30 \/ 18.30 ve cumartesi 10.00 \/ 14.00 saatleri aras\u0131nda ofisimizi ziyaret ederek detayl\u0131 bilgi alabilirsiniz.<\/span><\/p>\r\n<h2><span style=\"font-size: 27px; font-family: Roboto;\"><b>Ankara Romanya Vize Ba\u015fvurusu<\/b><\/span><\/h2>\r\n<p><span style=\"font-family: Roboto; font-size: 14px;\">Diplomatik a\u00e7\u0131dan en yetkili ve en \u00e7ok ba\u015fvuru g\u00f6ren konsolosluk Ankara B\u00fcy\u00fckel\u00e7ili\u011fidir. Bu el\u00e7ilikte hizmette bulunulan i\u015flemler ise \u015funlard\u0131r; Pasaport i\u015flemleri, pasaport yenileme durumu, <strong><span style=\"color: #2acec2;\"><a style=\"color: #2acec2;\" href=\"https:\/\/www.myvize.com.tr\/romanya\/form-ve-dilekce\/romanya-vize-basvuru-formu\/\" target=\"_blank\" rel=\"noopener\">Romanya vize\u00a0ba\u015fvuru\u00a0formu<\/a><\/span><\/strong>, vize i\u015flemleri, evlilik ve nikah, miras, vergi, vatanda\u015fl\u0131k, evlatl\u0131k edinme ve bunun yan\u0131nda bir\u00e7ok di\u011fer resmi i\u015flemleri yapmakla m\u00fckelleflerdir. Ankara B\u00fcy\u00fckel\u00e7ili\u011fine vize ba\u015fvurusunda bulunmak i\u00e7in, web sitesinde bulunan\u00a0<strong>vize<\/strong>\u00a0<strong>ba\u015fvuru<\/strong>\u00a0<strong>formu<\/strong>\u00a0se\u00e7ene\u011fine t\u0131klay\u0131p, \u00f6n\u00fcn\u00fcze gelen sayfaya olduk\u00e7a \u00f6nemli bilgileri ve evraklar\u0131 g\u00f6stermek ve girmek zorundas\u0131n\u0131z.\u00a0<strong>Vize<\/strong>\u00a0<strong>ba\u015fvuru<\/strong> formunda sizden istenilen bir\u00e7ok bilgi ve evrak bulunuyor. \u0130lk olarak ki\u015fisel bilgilerinizle ba\u015flayaca\u011f\u0131n\u0131z forma, ad\u0131n\u0131z\u0131 soyad\u0131n\u0131z\u0131, kimlik numaran\u0131z\u0131, telefon numaran\u0131z\u0131 ve di\u011fer bilgilerinizi girmelisiniz. Do\u011fru ve eksiksiz bir \u015fekilde girdi\u011finiz ki\u015fisel bilgilerinizin ard\u0131ndan, sizden istenilen evrak bilgilerini ve evraklar\u0131 <strong>Romanya Ankara B\u00fcy\u00fckel\u00e7ili\u011fi<\/strong>nin E-mail hesab\u0131na yollamal\u0131s\u0131n\u0131z. Bunun ard\u0131ndan seyahat bilgilerinizin detayl\u0131 ayr\u0131nt\u0131lar\u0131yla birlikte bir\u00e7ok bilgi girmeniz isteniliyor. U\u00e7ak biletinizin ka\u00e7 tane oldu\u011fu, konaklayaca\u011f\u0131n\u0131z yer, ka\u00e7 g\u00fcn kalaca\u011f\u0131n\u0131z gibi ayr\u0131nt\u0131l\u0131 bilgilere de yer vermek zorundas\u0131n\u0131z. Evraklar\u0131 konsoloslu\u011fun E-mailine g\u00f6nderdikten sonra vize ba\u015fvurunuzun s\u00fcrecini ba\u015flatm\u0131\u015f olacaks\u0131n\u0131z. Vize ba\u015fvurunuzun sonucu ise, 4 ila 6 g\u00fcn i\u00e7erisinde sonu\u00e7lanmaktad\u0131r.<\/span><\/p>\r\n<p><span style=\"font-family: Roboto;\"><\/span><\/p>","protected":false},"excerpt":{"rendered":"<p>Romanya Ankara vize merkezi\u00a0ofisimize ho\u015f geldiniz. De\u011ferli ziyaret\u00e7imiz incelemi\u015f oldu\u011funuz\u00a0Romanya Ankara vize merkezi\u00a0internet sitemiz size vize hakk\u0131nda detayl\u0131 bilgi verebilmemiz i\u00e7in olu\u015fturulmu\u015ftur. Sizden ricam\u0131z internet sitemizi detayl\u0131 bir \u015fekilde incelemeniz ve akl\u0131n\u0131za tak\u0131lan bir sorunuz oldu\u011fun da\u00a0Romanya Ankara vize merkezi\u00a0ofisimizdeki dan\u0131\u015fman arkada\u015flar\u0131m\u0131z\u0131 arayarak detayl\u0131 bilgi edinmeniz. Romanya Ankara vize merkezi\u00a0olarak vize i\u015flemlerindeki prosed\u00fcrlerin t\u00fcm detaylar\u0131na<\/p>\n","protected":false},"author":1,"featured_media":0,"parent":219,"menu_order":0,"comment_status":"open","ping_status":"closed","template":"","meta":{"footnotes":""},"class_list":["post-234","page","type-page","status-publish","hentry"],"yoast_head":"<!-- This site is optimized with the Yoast SEO plugin v26.8 - https:\/\/yoast.com\/product\/yoast-seo-wordpress\/ -->\n<title>Romanya Vize Ba\u015fvuru \u015eubesi Ankara - MyVize<\/title>\n<meta name=\"description\" content=\"Romanya Vizesi Ankara Vize Ba\u015fvuru Merkezi. Romanya Vizesi Nas\u0131l Al\u0131n\u0131r? Ba\u015fvuru Yapmak \u0130\u00e7in Ankara \u015eubemizi Aray\u0131n: 0850 346 84 93\" \/>\n<meta name=\"robots\" content=\"index, follow, max-snippet:-1, max-image-preview:large, max-video-preview:-1\" \/>\n<link rel=\"canonical\" href=\"https:\/\/www.myvize.com.tr\/romanya\/subelerimiz\/ankara\/\" \/>\n<meta property=\"og:locale\" content=\"tr_TR\" \/>\n<meta property=\"og:type\" content=\"article\" \/>\n<meta property=\"og:title\" content=\"Romanya Vize Ba\u015fvuru \u015eubesi Ankara - MyVize\" \/>\n<meta property=\"og:description\" content=\"Romanya Vizesi Ankara Vize Ba\u015fvuru Merkezi. Romanya Vizesi Nas\u0131l Al\u0131n\u0131r? Ba\u015fvuru Yapmak \u0130\u00e7in Ankara \u015eubemizi Aray\u0131n: 0850 346 84 93\" \/>\n<meta property=\"og:url\" content=\"https:\/\/www.myvize.com.tr\/romanya\/subelerimiz\/ankara\/\" \/>\n<meta property=\"og:site_name\" content=\"Romanya Vize Dan\u0131\u015fmanl\u0131k | MyVize\" \/>\n<meta property=\"article:modified_time\" content=\"2022-06-23T08:56:53+00:00\" \/>\n<meta property=\"og:image\" content=\"https:\/\/www.myvize.com.tr\/romanya\/wp-content\/uploads\/2021\/09\/2-3.jpg\" \/>\n<meta name=\"twitter:card\" content=\"summary_large_image\" \/>\n<meta name=\"twitter:label1\" content=\"Tahmini okuma s\u00fcresi\" \/>\n\t<meta name=\"twitter:data1\" content=\"2 dakika\" \/>\n<script type=\"application\/ld+json\" class=\"yoast-schema-graph\">{\"@context\":\"https:\/\/schema.org\",\"@graph\":[{\"@type\":\"WebPage\",\"@id\":\"https:\/\/www.myvize.com.tr\/romanya\/subelerimiz\/ankara\/\",\"url\":\"https:\/\/www.myvize.com.tr\/romanya\/subelerimiz\/ankara\/\",\"name\":\"Romanya Vize Ba\u015fvuru \u015eubesi Ankara - MyVize\",\"isPartOf\":{\"@id\":\"https:\/\/www.myvize.com.tr\/romanya\/#website\"},\"primaryImageOfPage\":{\"@id\":\"https:\/\/www.myvize.com.tr\/romanya\/subelerimiz\/ankara\/#primaryimage\"},\"image\":{\"@id\":\"https:\/\/www.myvize.com.tr\/romanya\/subelerimiz\/ankara\/#primaryimage\"},\"thumbnailUrl\":\"https:\/\/www.myvize.com.tr\/romanya\/wp-content\/uploads\/2021\/09\/2-3.jpg\",\"datePublished\":\"2020-12-28T09:35:12+00:00\",\"dateModified\":\"2022-06-23T08:56:53+00:00\",\"description\":\"Romanya Vizesi Ankara Vize Ba\u015fvuru Merkezi. Romanya Vizesi Nas\u0131l Al\u0131n\u0131r? Ba\u015fvuru Yapmak \u0130\u00e7in Ankara \u015eubemizi Aray\u0131n: 0850 346 84 93\",\"breadcrumb\":{\"@id\":\"https:\/\/www.myvize.com.tr\/romanya\/subelerimiz\/ankara\/#breadcrumb\"},\"inLanguage\":\"tr\",\"potentialAction\":[{\"@type\":\"ReadAction\",\"target\":[\"https:\/\/www.myvize.com.tr\/romanya\/subelerimiz\/ankara\/\"]}]},{\"@type\":\"ImageObject\",\"inLanguage\":\"tr\",\"@id\":\"https:\/\/www.myvize.com.tr\/romanya\/subelerimiz\/ankara\/#primaryimage\",\"url\":\"https:\/\/www.myvize.com.tr\/romanya\/wp-content\/uploads\/2021\/09\/2-3.jpg\",\"contentUrl\":\"https:\/\/www.myvize.com.tr\/romanya\/wp-content\/uploads\/2021\/09\/2-3.jpg\",\"width\":800,\"height\":500,\"caption\":\"Romanya \u015eubelerimiz Ankara\"},{\"@type\":\"BreadcrumbList\",\"@id\":\"https:\/\/www.myvize.com.tr\/romanya\/subelerimiz\/ankara\/#breadcrumb\",\"itemListElement\":[{\"@type\":\"ListItem\",\"position\":1,\"name\":\"Anasayfa\",\"item\":\"https:\/\/www.myvize.com.tr\/romanya\/\"},{\"@type\":\"ListItem\",\"position\":2,\"name\":\"\u015eUBELER\u0130M\u0130Z\",\"item\":\"https:\/\/www.myvize.com.tr\/romanya\/subelerimiz\/\"},{\"@type\":\"ListItem\",\"position\":3,\"name\":\"Ankara\"}]},{\"@type\":\"WebSite\",\"@id\":\"https:\/\/www.myvize.com.tr\/romanya\/#website\",\"url\":\"https:\/\/www.myvize.com.tr\/romanya\/\",\"name\":\"Romanya Vize Dan\u0131\u015fmanl\u0131k | MyVize\",\"description\":\"\",\"potentialAction\":[{\"@type\":\"SearchAction\",\"target\":{\"@type\":\"EntryPoint\",\"urlTemplate\":\"https:\/\/www.myvize.com.tr\/romanya\/?s={search_term_string}\"},\"query-input\":{\"@type\":\"PropertyValueSpecification\",\"valueRequired\":true,\"valueName\":\"search_term_string\"}}],\"inLanguage\":\"tr\"}]}<\/script>\n<!-- \/ Yoast SEO plugin. -->","yoast_head_json":{"title":"Romanya Vize Ba\u015fvuru \u015eubesi Ankara - MyVize","description":"Romanya Vizesi Ankara Vize Ba\u015fvuru Merkezi. Romanya Vizesi Nas\u0131l Al\u0131n\u0131r? Ba\u015fvuru Yapmak \u0130\u00e7in Ankara \u015eubemizi Aray\u0131n: 0850 346 84 93","robots":{"index":"index","follow":"follow","max-snippet":"max-snippet:-1","max-image-preview":"max-image-preview:large","max-video-preview":"max-video-preview:-1"},"canonical":"https:\/\/www.myvize.com.tr\/romanya\/subelerimiz\/ankara\/","og_locale":"tr_TR","og_type":"article","og_title":"Romanya Vize Ba\u015fvuru \u015eubesi Ankara - MyVize","og_description":"Romanya Vizesi Ankara Vize Ba\u015fvuru Merkezi. Romanya Vizesi Nas\u0131l Al\u0131n\u0131r? Ba\u015fvuru Yapmak \u0130\u00e7in Ankara \u015eubemizi Aray\u0131n: 0850 346 84 93","og_url":"https:\/\/www.myvize.com.tr\/romanya\/subelerimiz\/ankara\/","og_site_name":"Romanya Vize Dan\u0131\u015fmanl\u0131k | MyVize","article_modified_time":"2022-06-23T08:56:53+00:00","og_image":[{"url":"https:\/\/www.myvize.com.tr\/romanya\/wp-content\/uploads\/2021\/09\/2-3.jpg","type":"","width":"","height":""}],"twitter_card":"summary_large_image","twitter_misc":{"Tahmini okuma s\u00fcresi":"2 dakika"},"schema":{"@context":"https:\/\/schema.org","@graph":[{"@type":"WebPage","@id":"https:\/\/www.myvize.com.tr\/romanya\/subelerimiz\/ankara\/","url":"https:\/\/www.myvize.com.tr\/romanya\/subelerimiz\/ankara\/","name":"Romanya Vize Ba\u015fvuru \u015eubesi Ankara - MyVize","isPartOf":{"@id":"https:\/\/www.myvize.com.tr\/romanya\/#website"},"primaryImageOfPage":{"@id":"https:\/\/www.myvize.com.tr\/romanya\/subelerimiz\/ankara\/#primaryimage"},"image":{"@id":"https:\/\/www.myvize.com.tr\/romanya\/subelerimiz\/ankara\/#primaryimage"},"thumbnailUrl":"https:\/\/www.myvize.com.tr\/romanya\/wp-content\/uploads\/2021\/09\/2-3.jpg","datePublished":"2020-12-28T09:35:12+00:00","dateModified":"2022-06-23T08:56:53+00:00","description":"Romanya Vizesi Ankara Vize Ba\u015fvuru Merkezi. Romanya Vizesi Nas\u0131l Al\u0131n\u0131r? Ba\u015fvuru Yapmak \u0130\u00e7in Ankara \u015eubemizi Aray\u0131n: 0850 346 84 93","breadcrumb":{"@id":"https:\/\/www.myvize.com.tr\/romanya\/subelerimiz\/ankara\/#breadcrumb"},"inLanguage":"tr","potentialAction":[{"@type":"ReadAction","target":["https:\/\/www.myvize.com.tr\/romanya\/subelerimiz\/ankara\/"]}]},{"@type":"ImageObject","inLanguage":"tr","@id":"https:\/\/www.myvize.com.tr\/romanya\/subelerimiz\/ankara\/#primaryimage","url":"https:\/\/www.myvize.com.tr\/romanya\/wp-content\/uploads\/2021\/09\/2-3.jpg","contentUrl":"https:\/\/www.myvize.com.tr\/romanya\/wp-content\/uploads\/2021\/09\/2-3.jpg","width":800,"height":500,"caption":"Romanya \u015eubelerimiz Ankara"},{"@type":"BreadcrumbList","@id":"https:\/\/www.myvize.com.tr\/romanya\/subelerimiz\/ankara\/#breadcrumb","itemListElement":[{"@type":"ListItem","position":1,"name":"Anasayfa","item":"https:\/\/www.myvize.com.tr\/romanya\/"},{"@type":"ListItem","position":2,"name":"\u015eUBELER\u0130M\u0130Z","item":"https:\/\/www.myvize.com.tr\/romanya\/subelerimiz\/"},{"@type":"ListItem","position":3,"name":"Ankara"}]},{"@type":"WebSite","@id":"https:\/\/www.myvize.com.tr\/romanya\/#website","url":"https:\/\/www.myvize.com.tr\/romanya\/","name":"Romanya Vize Dan\u0131\u015fmanl\u0131k | MyVize","description":"","potentialAction":[{"@type":"SearchAction","target":{"@type":"EntryPoint","urlTemplate":"https:\/\/www.myvize.com.tr\/romanya\/?s={search_term_string}"},"query-input":{"@type":"PropertyValueSpecification","valueRequired":true,"valueName":"search_term_string"}}],"inLanguage":"tr"}]}},"_links":{"self":[{"href":"https:\/\/www.myvize.com.tr\/romanya\/wp-json\/wp\/v2\/pages\/234","targetHints":{"allow":["GET"]}}],"collection":[{"href":"https:\/\/www.myvize.com.tr\/romanya\/wp-json\/wp\/v2\/pages"}],"about":[{"href":"https:\/\/www.myvize.com.tr\/romanya\/wp-json\/wp\/v2\/types\/page"}],"author":[{"embeddable":true,"href":"https:\/\/www.myvize.com.tr\/romanya\/wp-json\/wp\/v2\/users\/1"}],"replies":[{"embeddable":true,"href":"https:\/\/www.myvize.com.tr\/romanya\/wp-json\/wp\/v2\/comments?post=234"}],"version-history":[{"count":6,"href":"https:\/\/www.myvize.com.tr\/romanya\/wp-json\/wp\/v2\/pages\/234\/revisions"}],"predecessor-version":[{"id":1181,"href":"https:\/\/www.myvize.com.tr\/romanya\/wp-json\/wp\/v2\/pages\/234\/revisions\/1181"}],"up":[{"embeddable":true,"href":"https:\/\/www.myvize.com.tr\/romanya\/wp-json\/wp\/v2\/pages\/219"}],"wp:attachment":[{"href":"https:\/\/www.myvize.com.tr\/romanya\/wp-json\/wp\/v2\/media?parent=234"}],"curies":[{"name":"wp","href":"https:\/\/api.w.org\/{rel}","templated":true}]}}