{"id":236,"date":"2020-12-28T12:35:31","date_gmt":"2020-12-28T09:35:31","guid":{"rendered":"https:\/\/www.myvize.com.tr\/romanya\/?page_id=236"},"modified":"2022-03-21T16:38:38","modified_gmt":"2022-03-21T13:38:38","slug":"konya","status":"publish","type":"page","link":"https:\/\/www.myvize.com.tr\/romanya\/subelerimiz\/konya\/","title":{"rendered":"Konya"},"content":{"rendered":"<h2><span style=\"font-family: Roboto; font-size: 27px;\"><b>Konya Romanya Vize Ba\u015fvurusu<\/b><\/span><\/h2>\n<p><span style=\"font-family: Roboto; font-size: 14px;\"><strong>Konya Romanya Konsoloslu\u011fu<\/strong>,\u00a0<strong>vize<\/strong>\u00a0<strong>ba\u015fvurusu<\/strong>\u00a0yap\u0131lan \u015fehirler aras\u0131nda \u00fcst s\u0131ralarda bulunan bir temsilciliktir.\u00a0<strong>Vize<\/strong>\u00a0<strong>ba\u015fvurusunun<\/strong>\u00a0yan\u0131nda bulunan ayr\u0131 i\u015flemlerse ise, pasaport, pasaport yenileme, pasaport alma, evlilik ve nikah, vergi i\u015flemleri, miras, evlatl\u0131k edinme, <span style=\"color: #2acec2;\"><strong><a style=\"color: #2acec2;\" href=\"https:\/\/www.myvize.com.tr\/romanya\/vatandaslik\/\" target=\"_blank\" rel=\"noopener\">vatanda\u015fl\u0131k<\/a><\/strong><\/span> alma gibi i\u015flemlerde <strong>Konya Romanya Konsoloslu\u011funda<\/strong> ger\u00e7ekle\u015ftirebilece\u011finiz i\u015flemler aras\u0131nda yer almaktad\u0131r.\u00a0<strong>Vize<\/strong>\u00a0<strong>ba\u015fvurusunda<\/strong>\u00a0bulunurken dikkat edilmesi gerekenler nelerdir? Vize ba\u015fvuru formunda neler bulunuyor? Sorular\u0131n\u0131n cevaplar\u0131n\u0131 basit bir \u015fekilde vermek m\u00fcmk\u00fcn. Bu temsilcilikte \u00f6ncelikle bilmeniz gereken durum, vize ba\u015fvurusunun elektronik halde yap\u0131ld\u0131\u011f\u0131d\u0131r. Elektronik olarak, konsoloslu\u011fun resmi web sitesinden,\u00a0<strong>vize<\/strong>\u00a0<strong>ba\u015fvurusunda<\/strong> bulunabilirsiniz. <span style=\"color: #2acec2;\"><strong><a style=\"color: #2acec2;\" href=\"https:\/\/www.myvize.com.tr\/romanya\/form-ve-dilekce\/romanya-vize-basvuru-formu\/\" target=\"_blank\" rel=\"noopener\">Romanya vize ba\u015fvuru formu<\/a><\/strong><\/span> se\u00e7ene\u011fini sitede se\u00e7tikten sonra, \u00f6n\u00fcn\u00fcze bir form gelecektir. Formun i\u00e7inde bulunan, ki\u015fisel bilgiler, seyahat bilgileri, evraklar ve adres k\u0131s\u0131mlar\u0131n\u0131 \u00f6zenerek, d\u00fczg\u00fcn ve hatas\u0131z bir \u015fekilde doldurmak zorundas\u0131n\u0131z. Bu bilgileri doldurduktan sonra, konsoloslu\u011fun istedi\u011fi gerekli evraklar\u0131 konsoloslu\u011fun mail adresine g\u00f6ndermeniz istenmektedir. Bu i\u015flemi de ger\u00e7ekle\u015ftirdikten sonra, basit bir \u015fekilde vize ba\u015fvurusu s\u00fcrecinizi ba\u015flatm\u0131\u015f olacaks\u0131n\u0131z.<strong> Vize ba\u015fvuru<\/strong> s\u00fcrecinizin tamamlanmas\u0131 ise, konsoloslu\u011fun i\u015f g\u00fcnleri i\u00e7erisinde 5 ila 7 g\u00fcn civar\u0131d\u0131r.<\/span><\/p>\n<p><span style=\"font-family: Roboto; font-size: 14px;\"><img decoding=\"async\" src=\"https:\/\/www.myvize.com.tr\/romanya\/wp-content\/uploads\/2021\/09\/2-5.jpg\" \/><\/span><\/p>\n","protected":false},"excerpt":{"rendered":"<p>Konya Romanya Vize Ba\u015fvurusu Konya Romanya Konsoloslu\u011fu,\u00a0vize\u00a0ba\u015fvurusu\u00a0yap\u0131lan \u015fehirler aras\u0131nda \u00fcst s\u0131ralarda bulunan bir temsilciliktir.\u00a0Vize\u00a0ba\u015fvurusunun\u00a0yan\u0131nda bulunan ayr\u0131 i\u015flemlerse ise, pasaport, pasaport yenileme, pasaport alma, evlilik ve nikah, vergi i\u015flemleri, miras, evlatl\u0131k edinme, vatanda\u015fl\u0131k alma gibi i\u015flemlerde Konya Romanya Konsoloslu\u011funda ger\u00e7ekle\u015ftirebilece\u011finiz i\u015flemler aras\u0131nda yer almaktad\u0131r.\u00a0Vize\u00a0ba\u015fvurusunda\u00a0bulunurken dikkat edilmesi gerekenler nelerdir? Vize ba\u015fvuru formunda neler bulunuyor? Sorular\u0131n\u0131n cevaplar\u0131n\u0131 basit<\/p>\n","protected":false},"author":1,"featured_media":0,"parent":219,"menu_order":0,"comment_status":"open","ping_status":"closed","template":"","meta":{"footnotes":""},"class_list":["post-236","page","type-page","status-publish","hentry"],"yoast_head":"<!-- This site is optimized with the Yoast SEO plugin v26.8 - https:\/\/yoast.com\/product\/yoast-seo-wordpress\/ -->\n<title>Romanya Vize Ba\u015fvuru \u015eubesi Konya - MyVize<\/title>\n<meta name=\"description\" content=\"Romanya Vizesi Konya Vize Ba\u015fvuru Merkezi. Romanya Vizesi Nas\u0131l Al\u0131n\u0131r? Ba\u015fvuru Yapmak \u0130\u00e7in Konya \u015eubemizi Aray\u0131n: 0850 346 84 93\" \/>\n<meta name=\"robots\" content=\"index, follow, max-snippet:-1, max-image-preview:large, max-video-preview:-1\" \/>\n<link rel=\"canonical\" href=\"https:\/\/www.myvize.com.tr\/romanya\/subelerimiz\/konya\/\" \/>\n<meta property=\"og:locale\" content=\"tr_TR\" \/>\n<meta property=\"og:type\" content=\"article\" \/>\n<meta property=\"og:title\" content=\"Romanya Vize Ba\u015fvuru \u015eubesi Konya - MyVize\" \/>\n<meta property=\"og:description\" content=\"Romanya Vizesi Konya Vize Ba\u015fvuru Merkezi. Romanya Vizesi Nas\u0131l Al\u0131n\u0131r? Ba\u015fvuru Yapmak \u0130\u00e7in Konya \u015eubemizi Aray\u0131n: 0850 346 84 93\" \/>\n<meta property=\"og:url\" content=\"https:\/\/www.myvize.com.tr\/romanya\/subelerimiz\/konya\/\" \/>\n<meta property=\"og:site_name\" content=\"Romanya Vize Dan\u0131\u015fmanl\u0131k | MyVize\" \/>\n<meta property=\"article:modified_time\" content=\"2022-03-21T13:38:38+00:00\" \/>\n<meta property=\"og:image\" content=\"https:\/\/www.myvize.com.tr\/romanya\/wp-content\/uploads\/2021\/09\/2-5.jpg\" \/>\n<meta name=\"twitter:card\" content=\"summary_large_image\" \/>\n<meta name=\"twitter:label1\" content=\"Tahmini okuma s\u00fcresi\" \/>\n\t<meta name=\"twitter:data1\" content=\"1 dakika\" \/>\n<script type=\"application\/ld+json\" class=\"yoast-schema-graph\">{\"@context\":\"https:\/\/schema.org\",\"@graph\":[{\"@type\":\"WebPage\",\"@id\":\"https:\/\/www.myvize.com.tr\/romanya\/subelerimiz\/konya\/\",\"url\":\"https:\/\/www.myvize.com.tr\/romanya\/subelerimiz\/konya\/\",\"name\":\"Romanya Vize Ba\u015fvuru \u015eubesi Konya - MyVize\",\"isPartOf\":{\"@id\":\"https:\/\/www.myvize.com.tr\/romanya\/#website\"},\"primaryImageOfPage\":{\"@id\":\"https:\/\/www.myvize.com.tr\/romanya\/subelerimiz\/konya\/#primaryimage\"},\"image\":{\"@id\":\"https:\/\/www.myvize.com.tr\/romanya\/subelerimiz\/konya\/#primaryimage\"},\"thumbnailUrl\":\"https:\/\/www.myvize.com.tr\/romanya\/wp-content\/uploads\/2021\/09\/2-5.jpg\",\"datePublished\":\"2020-12-28T09:35:31+00:00\",\"dateModified\":\"2022-03-21T13:38:38+00:00\",\"description\":\"Romanya Vizesi Konya Vize Ba\u015fvuru Merkezi. Romanya Vizesi Nas\u0131l Al\u0131n\u0131r? Ba\u015fvuru Yapmak \u0130\u00e7in Konya \u015eubemizi Aray\u0131n: 0850 346 84 93\",\"breadcrumb\":{\"@id\":\"https:\/\/www.myvize.com.tr\/romanya\/subelerimiz\/konya\/#breadcrumb\"},\"inLanguage\":\"tr\",\"potentialAction\":[{\"@type\":\"ReadAction\",\"target\":[\"https:\/\/www.myvize.com.tr\/romanya\/subelerimiz\/konya\/\"]}]},{\"@type\":\"ImageObject\",\"inLanguage\":\"tr\",\"@id\":\"https:\/\/www.myvize.com.tr\/romanya\/subelerimiz\/konya\/#primaryimage\",\"url\":\"https:\/\/www.myvize.com.tr\/romanya\/wp-content\/uploads\/2021\/09\/2-5.jpg\",\"contentUrl\":\"https:\/\/www.myvize.com.tr\/romanya\/wp-content\/uploads\/2021\/09\/2-5.jpg\",\"width\":800,\"height\":500,\"caption\":\"Romanya \u015eubelerimiz Konya\"},{\"@type\":\"BreadcrumbList\",\"@id\":\"https:\/\/www.myvize.com.tr\/romanya\/subelerimiz\/konya\/#breadcrumb\",\"itemListElement\":[{\"@type\":\"ListItem\",\"position\":1,\"name\":\"Anasayfa\",\"item\":\"https:\/\/www.myvize.com.tr\/romanya\/\"},{\"@type\":\"ListItem\",\"position\":2,\"name\":\"\u015eUBELER\u0130M\u0130Z\",\"item\":\"https:\/\/www.myvize.com.tr\/romanya\/subelerimiz\/\"},{\"@type\":\"ListItem\",\"position\":3,\"name\":\"Konya\"}]},{\"@type\":\"WebSite\",\"@id\":\"https:\/\/www.myvize.com.tr\/romanya\/#website\",\"url\":\"https:\/\/www.myvize.com.tr\/romanya\/\",\"name\":\"Romanya Vize Dan\u0131\u015fmanl\u0131k | MyVize\",\"description\":\"\",\"potentialAction\":[{\"@type\":\"SearchAction\",\"target\":{\"@type\":\"EntryPoint\",\"urlTemplate\":\"https:\/\/www.myvize.com.tr\/romanya\/?s={search_term_string}\"},\"query-input\":{\"@type\":\"PropertyValueSpecification\",\"valueRequired\":true,\"valueName\":\"search_term_string\"}}],\"inLanguage\":\"tr\"}]}<\/script>\n<!-- \/ Yoast SEO plugin. -->","yoast_head_json":{"title":"Romanya Vize Ba\u015fvuru \u015eubesi Konya - MyVize","description":"Romanya Vizesi Konya Vize Ba\u015fvuru Merkezi. Romanya Vizesi Nas\u0131l Al\u0131n\u0131r? Ba\u015fvuru Yapmak \u0130\u00e7in Konya \u015eubemizi Aray\u0131n: 0850 346 84 93","robots":{"index":"index","follow":"follow","max-snippet":"max-snippet:-1","max-image-preview":"max-image-preview:large","max-video-preview":"max-video-preview:-1"},"canonical":"https:\/\/www.myvize.com.tr\/romanya\/subelerimiz\/konya\/","og_locale":"tr_TR","og_type":"article","og_title":"Romanya Vize Ba\u015fvuru \u015eubesi Konya - MyVize","og_description":"Romanya Vizesi Konya Vize Ba\u015fvuru Merkezi. Romanya Vizesi Nas\u0131l Al\u0131n\u0131r? Ba\u015fvuru Yapmak \u0130\u00e7in Konya \u015eubemizi Aray\u0131n: 0850 346 84 93","og_url":"https:\/\/www.myvize.com.tr\/romanya\/subelerimiz\/konya\/","og_site_name":"Romanya Vize Dan\u0131\u015fmanl\u0131k | MyVize","article_modified_time":"2022-03-21T13:38:38+00:00","og_image":[{"url":"https:\/\/www.myvize.com.tr\/romanya\/wp-content\/uploads\/2021\/09\/2-5.jpg","type":"","width":"","height":""}],"twitter_card":"summary_large_image","twitter_misc":{"Tahmini okuma s\u00fcresi":"1 dakika"},"schema":{"@context":"https:\/\/schema.org","@graph":[{"@type":"WebPage","@id":"https:\/\/www.myvize.com.tr\/romanya\/subelerimiz\/konya\/","url":"https:\/\/www.myvize.com.tr\/romanya\/subelerimiz\/konya\/","name":"Romanya Vize Ba\u015fvuru \u015eubesi Konya - MyVize","isPartOf":{"@id":"https:\/\/www.myvize.com.tr\/romanya\/#website"},"primaryImageOfPage":{"@id":"https:\/\/www.myvize.com.tr\/romanya\/subelerimiz\/konya\/#primaryimage"},"image":{"@id":"https:\/\/www.myvize.com.tr\/romanya\/subelerimiz\/konya\/#primaryimage"},"thumbnailUrl":"https:\/\/www.myvize.com.tr\/romanya\/wp-content\/uploads\/2021\/09\/2-5.jpg","datePublished":"2020-12-28T09:35:31+00:00","dateModified":"2022-03-21T13:38:38+00:00","description":"Romanya Vizesi Konya Vize Ba\u015fvuru Merkezi. Romanya Vizesi Nas\u0131l Al\u0131n\u0131r? Ba\u015fvuru Yapmak \u0130\u00e7in Konya \u015eubemizi Aray\u0131n: 0850 346 84 93","breadcrumb":{"@id":"https:\/\/www.myvize.com.tr\/romanya\/subelerimiz\/konya\/#breadcrumb"},"inLanguage":"tr","potentialAction":[{"@type":"ReadAction","target":["https:\/\/www.myvize.com.tr\/romanya\/subelerimiz\/konya\/"]}]},{"@type":"ImageObject","inLanguage":"tr","@id":"https:\/\/www.myvize.com.tr\/romanya\/subelerimiz\/konya\/#primaryimage","url":"https:\/\/www.myvize.com.tr\/romanya\/wp-content\/uploads\/2021\/09\/2-5.jpg","contentUrl":"https:\/\/www.myvize.com.tr\/romanya\/wp-content\/uploads\/2021\/09\/2-5.jpg","width":800,"height":500,"caption":"Romanya \u015eubelerimiz Konya"},{"@type":"BreadcrumbList","@id":"https:\/\/www.myvize.com.tr\/romanya\/subelerimiz\/konya\/#breadcrumb","itemListElement":[{"@type":"ListItem","position":1,"name":"Anasayfa","item":"https:\/\/www.myvize.com.tr\/romanya\/"},{"@type":"ListItem","position":2,"name":"\u015eUBELER\u0130M\u0130Z","item":"https:\/\/www.myvize.com.tr\/romanya\/subelerimiz\/"},{"@type":"ListItem","position":3,"name":"Konya"}]},{"@type":"WebSite","@id":"https:\/\/www.myvize.com.tr\/romanya\/#website","url":"https:\/\/www.myvize.com.tr\/romanya\/","name":"Romanya Vize Dan\u0131\u015fmanl\u0131k | MyVize","description":"","potentialAction":[{"@type":"SearchAction","target":{"@type":"EntryPoint","urlTemplate":"https:\/\/www.myvize.com.tr\/romanya\/?s={search_term_string}"},"query-input":{"@type":"PropertyValueSpecification","valueRequired":true,"valueName":"search_term_string"}}],"inLanguage":"tr"}]}},"_links":{"self":[{"href":"https:\/\/www.myvize.com.tr\/romanya\/wp-json\/wp\/v2\/pages\/236","targetHints":{"allow":["GET"]}}],"collection":[{"href":"https:\/\/www.myvize.com.tr\/romanya\/wp-json\/wp\/v2\/pages"}],"about":[{"href":"https:\/\/www.myvize.com.tr\/romanya\/wp-json\/wp\/v2\/types\/page"}],"author":[{"embeddable":true,"href":"https:\/\/www.myvize.com.tr\/romanya\/wp-json\/wp\/v2\/users\/1"}],"replies":[{"embeddable":true,"href":"https:\/\/www.myvize.com.tr\/romanya\/wp-json\/wp\/v2\/comments?post=236"}],"version-history":[{"count":5,"href":"https:\/\/www.myvize.com.tr\/romanya\/wp-json\/wp\/v2\/pages\/236\/revisions"}],"predecessor-version":[{"id":1145,"href":"https:\/\/www.myvize.com.tr\/romanya\/wp-json\/wp\/v2\/pages\/236\/revisions\/1145"}],"up":[{"embeddable":true,"href":"https:\/\/www.myvize.com.tr\/romanya\/wp-json\/wp\/v2\/pages\/219"}],"wp:attachment":[{"href":"https:\/\/www.myvize.com.tr\/romanya\/wp-json\/wp\/v2\/media?parent=236"}],"curies":[{"name":"wp","href":"https:\/\/api.w.org\/{rel}","templated":true}]}}