{"id":248,"date":"2020-12-28T12:37:32","date_gmt":"2020-12-28T09:37:32","guid":{"rendered":"https:\/\/www.myvize.com.tr\/romanya\/?page_id=248"},"modified":"2022-03-31T17:14:39","modified_gmt":"2022-03-31T14:14:39","slug":"gaziantep","status":"publish","type":"page","link":"https:\/\/www.myvize.com.tr\/romanya\/subelerimiz\/gaziantep\/","title":{"rendered":"Gaziantep"},"content":{"rendered":"<h2><span style=\"font-family: Roboto; font-size: 27px;\"><b>Gaziantep Romanya Vize Ba\u015fvurusu<\/b><\/span><\/h2>\n<p><span style=\"font-family: Roboto; font-size: 14px;\"><strong>Vize<\/strong>\u00a0<strong>ba\u015fvurular\u0131<\/strong>, pasaport, pasaport i\u015flemleri geriye kalan di\u011fer resmi i\u015flemlerinizi konsolosluklarda yap\u0131lmaktad\u0131r. Konsolosluklar \u00fclkenin, ticari, sosyal, ekonomik, siyasi anlamda geli\u015fmesini sa\u011flamaktad\u0131r; T\u00fcrkiye\u2019de bulunan <strong>Romanya konsolosluklar\u0131<\/strong>, T\u00fcrkiye Cumhuriyeti Devleti vatanda\u015fl\u0131\u011f\u0131na mensup insanlardan, vize ba\u015fvurular\u0131 almaktad\u0131r. Bu yaz\u0131m\u0131zda, Gaziantep Romanya Vize Ba\u015fvurusu nas\u0131l yap\u0131l\u0131r?\u00a0<strong>Vize ba\u015fvurusu\u00a0<\/strong>sonucunun \u00e7\u0131kma s\u00fcreci ne kadard\u0131r? Sorular\u0131n\u0131 yan\u0131tlayaca\u011f\u0131n\u0131z. <strong>Gaziantep Romanya konsoloslu\u011funa<\/strong> vize ba\u015fvurusunda bulunmak isteyen ki\u015filer \u00f6ncelikle ba\u015fvurunun elektronik sistemden oldu\u011funu bilmeleri gerekir. Bu ba\u015fvurunun yap\u0131lmas\u0131 olduk\u00e7a basit ve kolayd\u0131r; <strong>Gaziantep Romanya konsoloslu\u011funun<\/strong>, resmi sitesine giri\u015f yap\u0131p,\u00a0<strong>vize ba\u015fvuru formu\u00a0<\/strong>k\u0131sm\u0131n\u0131 doldurman\u0131z gerekmektedir. Vize ba\u015fvuru formunun i\u00e7inde bulunan k\u0131s\u0131mlar ise, ki\u015fisel bilgileriniz, adres bilgileriniz, seyahat bilgileriniz ve gerekli evraklar olmak \u00fczere ayr\u0131l\u0131yor. Bu k\u0131s\u0131mda yapman\u0131z gereken, do\u011fru ve eksiksiz bir \u015fekilde formu doldurmakt\u0131r. Formu ki\u015fisel bilgilerinizden ba\u015flamak \u00fczere doldurmaya ba\u015flars\u0131n\u0131z ve son olarak adresinizi yaz\u0131p onaylars\u0131n\u0131z. \u0130stenilen evraklar\u0131 ise, sitenin E-mailine g\u00f6ndermeniz gerekmektedir. Evraklar\u0131 g\u00f6nderdikten sonra, ba\u015fvuru s\u00fcrecinizi ba\u015flatm\u0131\u015f olursunuz. Sonu\u00e7lar\u0131n\u0131z\u0131n \u00e7\u0131kmas\u0131 ise, konsoloslu\u011fun i\u015f g\u00fcnleri aras\u0131nda 4 ila 6 g\u00fcnd\u00fcr.<\/span><\/p>\n<p><span style=\"font-family: Roboto; font-size: 14px;\"><span style=\"color: #2acec2;\"><strong><a style=\"color: #2acec2;\" href=\"https:\/\/www.myvize.com.tr\/romanya\/vize-islemleri\/romanya-vize-randevusu\/\" target=\"_blank\" rel=\"noopener\">Romanya Vize Randevusu<\/a><\/strong><\/span> ile ilgili bilgi almak i\u00e7in bizi aray\u0131n.<\/span><\/p>\n<p><span style=\"font-family: Roboto; font-size: 14px;\"><img decoding=\"async\" src=\"https:\/\/www.myvize.com.tr\/romanya\/wp-content\/uploads\/2021\/09\/2-12.jpg&quot;&quot;\" \/><\/span><\/p>\n","protected":false},"excerpt":{"rendered":"<p>Gaziantep Romanya Vize Ba\u015fvurusu Vize\u00a0ba\u015fvurular\u0131, pasaport, pasaport i\u015flemleri geriye kalan di\u011fer resmi i\u015flemlerinizi konsolosluklarda yap\u0131lmaktad\u0131r. Konsolosluklar \u00fclkenin, ticari, sosyal, ekonomik, siyasi anlamda geli\u015fmesini sa\u011flamaktad\u0131r; T\u00fcrkiye\u2019de bulunan Romanya konsolosluklar\u0131, T\u00fcrkiye Cumhuriyeti Devleti vatanda\u015fl\u0131\u011f\u0131na mensup insanlardan, vize ba\u015fvurular\u0131 almaktad\u0131r. Bu yaz\u0131m\u0131zda, Gaziantep Romanya Vize Ba\u015fvurusu nas\u0131l yap\u0131l\u0131r?\u00a0Vize ba\u015fvurusu\u00a0sonucunun \u00e7\u0131kma s\u00fcreci ne kadard\u0131r? Sorular\u0131n\u0131 yan\u0131tlayaca\u011f\u0131n\u0131z. Gaziantep Romanya konsoloslu\u011funa<\/p>\n","protected":false},"author":1,"featured_media":0,"parent":219,"menu_order":0,"comment_status":"open","ping_status":"closed","template":"","meta":{"footnotes":""},"class_list":["post-248","page","type-page","status-publish","hentry"],"yoast_head":"<!-- This site is optimized with the Yoast SEO plugin v26.8 - https:\/\/yoast.com\/product\/yoast-seo-wordpress\/ -->\n<title>Romanya Vize Ba\u015fvuru \u015eubesi Gaziantep - MyVize<\/title>\n<meta name=\"description\" content=\"Romanya Vizesi Gaziantep Vize Ba\u015fvuru Merkezi. Romanya Vizesi Nas\u0131l Al\u0131n\u0131r? Ba\u015fvuru Yapmak \u0130\u00e7in Gaziantep \u015eubemizi Aray\u0131n: 0850 346 84 93\" \/>\n<meta name=\"robots\" content=\"index, follow, max-snippet:-1, max-image-preview:large, max-video-preview:-1\" \/>\n<link rel=\"canonical\" href=\"https:\/\/www.myvize.com.tr\/romanya\/subelerimiz\/gaziantep\/\" \/>\n<meta property=\"og:locale\" content=\"tr_TR\" \/>\n<meta property=\"og:type\" content=\"article\" \/>\n<meta property=\"og:title\" content=\"Romanya Vize Ba\u015fvuru \u015eubesi Gaziantep - MyVize\" \/>\n<meta property=\"og:description\" content=\"Romanya Vizesi Gaziantep Vize Ba\u015fvuru Merkezi. Romanya Vizesi Nas\u0131l Al\u0131n\u0131r? Ba\u015fvuru Yapmak \u0130\u00e7in Gaziantep \u015eubemizi Aray\u0131n: 0850 346 84 93\" \/>\n<meta property=\"og:url\" content=\"https:\/\/www.myvize.com.tr\/romanya\/subelerimiz\/gaziantep\/\" \/>\n<meta property=\"og:site_name\" content=\"Romanya Vize Dan\u0131\u015fmanl\u0131k | MyVize\" \/>\n<meta property=\"article:modified_time\" content=\"2022-03-31T14:14:39+00:00\" \/>\n<meta property=\"og:image\" content=\"https:\/\/www.myvize.com.tr\/romanya\/wp-content\/uploads\/2021\/09\/2-12.jpg&quot;&quot;\" \/>\n<meta name=\"twitter:card\" content=\"summary_large_image\" \/>\n<meta name=\"twitter:label1\" content=\"Tahmini okuma s\u00fcresi\" \/>\n\t<meta name=\"twitter:data1\" content=\"1 dakika\" \/>\n<script type=\"application\/ld+json\" class=\"yoast-schema-graph\">{\"@context\":\"https:\/\/schema.org\",\"@graph\":[{\"@type\":\"WebPage\",\"@id\":\"https:\/\/www.myvize.com.tr\/romanya\/subelerimiz\/gaziantep\/\",\"url\":\"https:\/\/www.myvize.com.tr\/romanya\/subelerimiz\/gaziantep\/\",\"name\":\"Romanya Vize Ba\u015fvuru \u015eubesi Gaziantep - MyVize\",\"isPartOf\":{\"@id\":\"https:\/\/www.myvize.com.tr\/romanya\/#website\"},\"primaryImageOfPage\":{\"@id\":\"https:\/\/www.myvize.com.tr\/romanya\/subelerimiz\/gaziantep\/#primaryimage\"},\"image\":{\"@id\":\"https:\/\/www.myvize.com.tr\/romanya\/subelerimiz\/gaziantep\/#primaryimage\"},\"thumbnailUrl\":\"https:\/\/www.myvize.com.tr\/romanya\/wp-content\/uploads\/2021\/09\/2-12.jpg&quot;&quot;\",\"datePublished\":\"2020-12-28T09:37:32+00:00\",\"dateModified\":\"2022-03-31T14:14:39+00:00\",\"description\":\"Romanya Vizesi Gaziantep Vize Ba\u015fvuru Merkezi. Romanya Vizesi Nas\u0131l Al\u0131n\u0131r? Ba\u015fvuru Yapmak \u0130\u00e7in Gaziantep \u015eubemizi Aray\u0131n: 0850 346 84 93\",\"breadcrumb\":{\"@id\":\"https:\/\/www.myvize.com.tr\/romanya\/subelerimiz\/gaziantep\/#breadcrumb\"},\"inLanguage\":\"tr\",\"potentialAction\":[{\"@type\":\"ReadAction\",\"target\":[\"https:\/\/www.myvize.com.tr\/romanya\/subelerimiz\/gaziantep\/\"]}]},{\"@type\":\"ImageObject\",\"inLanguage\":\"tr\",\"@id\":\"https:\/\/www.myvize.com.tr\/romanya\/subelerimiz\/gaziantep\/#primaryimage\",\"url\":\"https:\/\/www.myvize.com.tr\/romanya\/wp-content\/uploads\/2021\/09\/2-12.jpg&quot;&quot;\",\"contentUrl\":\"https:\/\/www.myvize.com.tr\/romanya\/wp-content\/uploads\/2021\/09\/2-12.jpg&quot;&quot;\"},{\"@type\":\"BreadcrumbList\",\"@id\":\"https:\/\/www.myvize.com.tr\/romanya\/subelerimiz\/gaziantep\/#breadcrumb\",\"itemListElement\":[{\"@type\":\"ListItem\",\"position\":1,\"name\":\"Anasayfa\",\"item\":\"https:\/\/www.myvize.com.tr\/romanya\/\"},{\"@type\":\"ListItem\",\"position\":2,\"name\":\"\u015eUBELER\u0130M\u0130Z\",\"item\":\"https:\/\/www.myvize.com.tr\/romanya\/subelerimiz\/\"},{\"@type\":\"ListItem\",\"position\":3,\"name\":\"Gaziantep\"}]},{\"@type\":\"WebSite\",\"@id\":\"https:\/\/www.myvize.com.tr\/romanya\/#website\",\"url\":\"https:\/\/www.myvize.com.tr\/romanya\/\",\"name\":\"Romanya Vize Dan\u0131\u015fmanl\u0131k | MyVize\",\"description\":\"\",\"potentialAction\":[{\"@type\":\"SearchAction\",\"target\":{\"@type\":\"EntryPoint\",\"urlTemplate\":\"https:\/\/www.myvize.com.tr\/romanya\/?s={search_term_string}\"},\"query-input\":{\"@type\":\"PropertyValueSpecification\",\"valueRequired\":true,\"valueName\":\"search_term_string\"}}],\"inLanguage\":\"tr\"}]}<\/script>\n<!-- \/ Yoast SEO plugin. -->","yoast_head_json":{"title":"Romanya Vize Ba\u015fvuru \u015eubesi Gaziantep - MyVize","description":"Romanya Vizesi Gaziantep Vize Ba\u015fvuru Merkezi. Romanya Vizesi Nas\u0131l Al\u0131n\u0131r? Ba\u015fvuru Yapmak \u0130\u00e7in Gaziantep \u015eubemizi Aray\u0131n: 0850 346 84 93","robots":{"index":"index","follow":"follow","max-snippet":"max-snippet:-1","max-image-preview":"max-image-preview:large","max-video-preview":"max-video-preview:-1"},"canonical":"https:\/\/www.myvize.com.tr\/romanya\/subelerimiz\/gaziantep\/","og_locale":"tr_TR","og_type":"article","og_title":"Romanya Vize Ba\u015fvuru \u015eubesi Gaziantep - MyVize","og_description":"Romanya Vizesi Gaziantep Vize Ba\u015fvuru Merkezi. Romanya Vizesi Nas\u0131l Al\u0131n\u0131r? Ba\u015fvuru Yapmak \u0130\u00e7in Gaziantep \u015eubemizi Aray\u0131n: 0850 346 84 93","og_url":"https:\/\/www.myvize.com.tr\/romanya\/subelerimiz\/gaziantep\/","og_site_name":"Romanya Vize Dan\u0131\u015fmanl\u0131k | MyVize","article_modified_time":"2022-03-31T14:14:39+00:00","og_image":[{"url":"https:\/\/www.myvize.com.tr\/romanya\/wp-content\/uploads\/2021\/09\/2-12.jpg&quot;&quot;","type":"","width":"","height":""}],"twitter_card":"summary_large_image","twitter_misc":{"Tahmini okuma s\u00fcresi":"1 dakika"},"schema":{"@context":"https:\/\/schema.org","@graph":[{"@type":"WebPage","@id":"https:\/\/www.myvize.com.tr\/romanya\/subelerimiz\/gaziantep\/","url":"https:\/\/www.myvize.com.tr\/romanya\/subelerimiz\/gaziantep\/","name":"Romanya Vize Ba\u015fvuru \u015eubesi Gaziantep - MyVize","isPartOf":{"@id":"https:\/\/www.myvize.com.tr\/romanya\/#website"},"primaryImageOfPage":{"@id":"https:\/\/www.myvize.com.tr\/romanya\/subelerimiz\/gaziantep\/#primaryimage"},"image":{"@id":"https:\/\/www.myvize.com.tr\/romanya\/subelerimiz\/gaziantep\/#primaryimage"},"thumbnailUrl":"https:\/\/www.myvize.com.tr\/romanya\/wp-content\/uploads\/2021\/09\/2-12.jpg&quot;&quot;","datePublished":"2020-12-28T09:37:32+00:00","dateModified":"2022-03-31T14:14:39+00:00","description":"Romanya Vizesi Gaziantep Vize Ba\u015fvuru Merkezi. Romanya Vizesi Nas\u0131l Al\u0131n\u0131r? Ba\u015fvuru Yapmak \u0130\u00e7in Gaziantep \u015eubemizi Aray\u0131n: 0850 346 84 93","breadcrumb":{"@id":"https:\/\/www.myvize.com.tr\/romanya\/subelerimiz\/gaziantep\/#breadcrumb"},"inLanguage":"tr","potentialAction":[{"@type":"ReadAction","target":["https:\/\/www.myvize.com.tr\/romanya\/subelerimiz\/gaziantep\/"]}]},{"@type":"ImageObject","inLanguage":"tr","@id":"https:\/\/www.myvize.com.tr\/romanya\/subelerimiz\/gaziantep\/#primaryimage","url":"https:\/\/www.myvize.com.tr\/romanya\/wp-content\/uploads\/2021\/09\/2-12.jpg&quot;&quot;","contentUrl":"https:\/\/www.myvize.com.tr\/romanya\/wp-content\/uploads\/2021\/09\/2-12.jpg&quot;&quot;"},{"@type":"BreadcrumbList","@id":"https:\/\/www.myvize.com.tr\/romanya\/subelerimiz\/gaziantep\/#breadcrumb","itemListElement":[{"@type":"ListItem","position":1,"name":"Anasayfa","item":"https:\/\/www.myvize.com.tr\/romanya\/"},{"@type":"ListItem","position":2,"name":"\u015eUBELER\u0130M\u0130Z","item":"https:\/\/www.myvize.com.tr\/romanya\/subelerimiz\/"},{"@type":"ListItem","position":3,"name":"Gaziantep"}]},{"@type":"WebSite","@id":"https:\/\/www.myvize.com.tr\/romanya\/#website","url":"https:\/\/www.myvize.com.tr\/romanya\/","name":"Romanya Vize Dan\u0131\u015fmanl\u0131k | MyVize","description":"","potentialAction":[{"@type":"SearchAction","target":{"@type":"EntryPoint","urlTemplate":"https:\/\/www.myvize.com.tr\/romanya\/?s={search_term_string}"},"query-input":{"@type":"PropertyValueSpecification","valueRequired":true,"valueName":"search_term_string"}}],"inLanguage":"tr"}]}},"_links":{"self":[{"href":"https:\/\/www.myvize.com.tr\/romanya\/wp-json\/wp\/v2\/pages\/248","targetHints":{"allow":["GET"]}}],"collection":[{"href":"https:\/\/www.myvize.com.tr\/romanya\/wp-json\/wp\/v2\/pages"}],"about":[{"href":"https:\/\/www.myvize.com.tr\/romanya\/wp-json\/wp\/v2\/types\/page"}],"author":[{"embeddable":true,"href":"https:\/\/www.myvize.com.tr\/romanya\/wp-json\/wp\/v2\/users\/1"}],"replies":[{"embeddable":true,"href":"https:\/\/www.myvize.com.tr\/romanya\/wp-json\/wp\/v2\/comments?post=248"}],"version-history":[{"count":6,"href":"https:\/\/www.myvize.com.tr\/romanya\/wp-json\/wp\/v2\/pages\/248\/revisions"}],"predecessor-version":[{"id":1157,"href":"https:\/\/www.myvize.com.tr\/romanya\/wp-json\/wp\/v2\/pages\/248\/revisions\/1157"}],"up":[{"embeddable":true,"href":"https:\/\/www.myvize.com.tr\/romanya\/wp-json\/wp\/v2\/pages\/219"}],"wp:attachment":[{"href":"https:\/\/www.myvize.com.tr\/romanya\/wp-json\/wp\/v2\/media?parent=248"}],"curies":[{"name":"wp","href":"https:\/\/api.w.org\/{rel}","templated":true}]}}