{"id":321,"date":"2021-06-17T12:51:40","date_gmt":"2021-06-17T09:51:40","guid":{"rendered":"https:\/\/www.myvize.com.tr\/romanya\/?page_id=321"},"modified":"2023-02-05T19:34:15","modified_gmt":"2023-02-05T16:34:15","slug":"romanya-transit-vize","status":"publish","type":"page","link":"https:\/\/www.myvize.com.tr\/romanya\/romanya-transit-vize\/","title":{"rendered":"Romanya Transit Vize"},"content":{"rendered":"\r\n<p><strong>\u00a0Romanya transit vize\u00a0<\/strong>sayesinde \u00fclkeye transit ge\u00e7me hakk\u0131 tan\u0131yor. Bu haktan yararlanabilmek i\u00e7in baz\u0131 yollar izlemeniz ve baz\u0131 evraklar toplaman\u0131z gerekiyor. \u0130lk olarak, Romanya konsoloslu\u011fundan seyahatten en az 15 g\u00fcn \u00f6nce randevu talebi olu\u015fturman\u0131z gerekmektedir. Ard\u0131ndan\u00a0<strong>Romanya transit vize<\/strong>\u00a0i\u015flemleri i\u00e7in gerekli evraklar\u0131 toplamal\u0131s\u0131n\u0131z. Randevunuzda kesinlikle ba\u015fvuru yapan \u015fahs\u0131n konsoloslukta bulunmas\u0131 gerekmektedir. Bu evraklar, orijinal pasaport, ba\u015fvuru formu, son 6 ay i\u00e7erisinde \u00e7ektirilmi\u015f bir biyometrik foto\u011fraf, n\u00fcfus c\u00fczdan\u0131 ve pasaport fotokopileri, tam vukuatl\u0131 n\u00fcfus kay\u0131t \u00f6rne\u011fi, banka d\u00f6k\u00fcmleri. E\u011fer \u00e7al\u0131\u015fansan\u0131z, i\u015f yeri izni, maa\u015f bordrosu, SGK giri\u015f belgesi ve \u015firket evraklar\u0131 bulundurman\u0131z gerekmektedir. Ekstra istenilen belgeleri konsoloslu\u011fu arayarak ve ki\u015fisel detaylar\u0131n\u0131z\u0131 vererek \u00f6\u011frenebilirsiniz. Bunun yan\u0131 s\u0131ra sadece konsolosluk de\u011fil tur ve rehberlik ofislerinden de bu bilgilere ula\u015fman\u0131z m\u00fcmk\u00fcn. E\u011fer\u00a0<strong>Romanya transit vize<\/strong>\u00a0i\u015flemleri yapt\u0131rman\u0131z\u0131n ard\u0131ndan ba\u015fka \u00fclkeleri de ziyaret edecekseniz dilek\u00e7enizde bunu net bir \u015fekilde belirtmeniz gerekmektedir. Evlendikten sonra pasaportunuzdaki k\u0131zl\u0131k soyad\u0131n\u0131z\u0131 de\u011fi\u015ftirmeniz gerekmektedir. Bu \u015fart\u0131 yerine getirmeyen kad\u0131n vatanda\u015flar i\u00e7in vize i\u015flemleri yap\u0131lmamaktad\u0131r. Birlikte seyahat edece\u011finiz ki\u015fi ya da ki\u015filerin de pasaport bilgilerine ihtiya\u00e7 vard\u0131r. E\u011fer ye\u015fil pasaport sahibi iseniz\u00a0<strong>Romanya transit vize<\/strong>\u00a0ge\u00e7i\u015flerinde sadece pasaport fotokopisi yeterli olacakt\u0131r. Seyahat edece\u011finiz ara\u00e7 yani genellikle u\u00e7ak ve benzeri biletlerin de erkenden al\u0131nmas\u0131 ve belgeler aras\u0131na kat\u0131lmas\u0131 vize i\u015flemlerine yard\u0131mc\u0131 olacak bir fakt\u00f6rd\u00fcr.<\/p>\r\n\r\n<p><img decoding=\"async\" src=\"https:\/\/www.myvize.com.tr\/romanya\/wp-content\/uploads\/2021\/09\/29.jpg\" \/><\/p>","protected":false},"excerpt":{"rendered":"<p>\u00a0Romanya transit vize\u00a0sayesinde \u00fclkeye transit ge\u00e7me hakk\u0131 tan\u0131yor. Bu haktan yararlanabilmek i\u00e7in baz\u0131 yollar izlemeniz ve baz\u0131 evraklar toplaman\u0131z gerekiyor. \u0130lk olarak, Romanya konsoloslu\u011fundan seyahatten en az 15 g\u00fcn \u00f6nce randevu talebi olu\u015fturman\u0131z gerekmektedir. Ard\u0131ndan\u00a0Romanya transit vize\u00a0i\u015flemleri i\u00e7in gerekli evraklar\u0131 toplamal\u0131s\u0131n\u0131z. Randevunuzda kesinlikle ba\u015fvuru yapan \u015fahs\u0131n konsoloslukta bulunmas\u0131 gerekmektedir. Bu evraklar, orijinal pasaport, ba\u015fvuru formu,<\/p>\n","protected":false},"author":1,"featured_media":0,"parent":0,"menu_order":0,"comment_status":"open","ping_status":"closed","template":"","meta":{"footnotes":""},"class_list":["post-321","page","type-page","status-publish","hentry"],"yoast_head":"<!-- This site is optimized with the Yoast SEO plugin v26.8 - https:\/\/yoast.com\/product\/yoast-seo-wordpress\/ -->\n<title>Romanya Transit Vize Nas\u0131l Al\u0131n\u0131r? - MyVize<\/title>\n<meta name=\"description\" content=\"Romanya Transit Vizesi almak i\u00e7in gerekli t\u00fcm evraklar listesi 2022 hemen t\u0131kla! Romanya Vize Randevusu i\u00e7in hemen ara!\" \/>\n<meta name=\"robots\" content=\"index, follow, max-snippet:-1, max-image-preview:large, max-video-preview:-1\" \/>\n<link rel=\"canonical\" href=\"https:\/\/www.myvize.com.tr\/romanya\/romanya-transit-vize\/\" \/>\n<meta property=\"og:locale\" content=\"tr_TR\" \/>\n<meta property=\"og:type\" content=\"article\" \/>\n<meta property=\"og:title\" content=\"Romanya Transit Vize Nas\u0131l Al\u0131n\u0131r? - MyVize\" \/>\n<meta property=\"og:description\" content=\"Romanya Transit Vizesi almak i\u00e7in gerekli t\u00fcm evraklar listesi 2022 hemen t\u0131kla! Romanya Vize Randevusu i\u00e7in hemen ara!\" \/>\n<meta property=\"og:url\" content=\"https:\/\/www.myvize.com.tr\/romanya\/romanya-transit-vize\/\" \/>\n<meta property=\"og:site_name\" content=\"Romanya Vize Dan\u0131\u015fmanl\u0131k | MyVize\" \/>\n<meta property=\"article:modified_time\" content=\"2023-02-05T16:34:15+00:00\" \/>\n<meta property=\"og:image\" content=\"https:\/\/www.myvize.com.tr\/romanya\/wp-content\/uploads\/2021\/09\/29.jpg\" \/>\n<meta name=\"twitter:card\" content=\"summary_large_image\" \/>\n<meta name=\"twitter:label1\" content=\"Tahmini okuma s\u00fcresi\" \/>\n\t<meta name=\"twitter:data1\" content=\"2 dakika\" \/>\n<script type=\"application\/ld+json\" class=\"yoast-schema-graph\">{\"@context\":\"https:\/\/schema.org\",\"@graph\":[{\"@type\":\"WebPage\",\"@id\":\"https:\/\/www.myvize.com.tr\/romanya\/romanya-transit-vize\/\",\"url\":\"https:\/\/www.myvize.com.tr\/romanya\/romanya-transit-vize\/\",\"name\":\"Romanya Transit Vize Nas\u0131l Al\u0131n\u0131r? - MyVize\",\"isPartOf\":{\"@id\":\"https:\/\/www.myvize.com.tr\/romanya\/#website\"},\"primaryImageOfPage\":{\"@id\":\"https:\/\/www.myvize.com.tr\/romanya\/romanya-transit-vize\/#primaryimage\"},\"image\":{\"@id\":\"https:\/\/www.myvize.com.tr\/romanya\/romanya-transit-vize\/#primaryimage\"},\"thumbnailUrl\":\"https:\/\/www.myvize.com.tr\/romanya\/wp-content\/uploads\/2021\/09\/29.jpg\",\"datePublished\":\"2021-06-17T09:51:40+00:00\",\"dateModified\":\"2023-02-05T16:34:15+00:00\",\"description\":\"Romanya Transit Vizesi almak i\u00e7in gerekli t\u00fcm evraklar listesi 2022 hemen t\u0131kla! Romanya Vize Randevusu i\u00e7in hemen ara!\",\"breadcrumb\":{\"@id\":\"https:\/\/www.myvize.com.tr\/romanya\/romanya-transit-vize\/#breadcrumb\"},\"inLanguage\":\"tr\",\"potentialAction\":[{\"@type\":\"ReadAction\",\"target\":[\"https:\/\/www.myvize.com.tr\/romanya\/romanya-transit-vize\/\"]}]},{\"@type\":\"ImageObject\",\"inLanguage\":\"tr\",\"@id\":\"https:\/\/www.myvize.com.tr\/romanya\/romanya-transit-vize\/#primaryimage\",\"url\":\"https:\/\/www.myvize.com.tr\/romanya\/wp-content\/uploads\/2021\/09\/29.jpg\",\"contentUrl\":\"https:\/\/www.myvize.com.tr\/romanya\/wp-content\/uploads\/2021\/09\/29.jpg\",\"width\":800,\"height\":500,\"caption\":\"Romanya Turistik Vize\"},{\"@type\":\"BreadcrumbList\",\"@id\":\"https:\/\/www.myvize.com.tr\/romanya\/romanya-transit-vize\/#breadcrumb\",\"itemListElement\":[{\"@type\":\"ListItem\",\"position\":1,\"name\":\"Anasayfa\",\"item\":\"https:\/\/www.myvize.com.tr\/romanya\/\"},{\"@type\":\"ListItem\",\"position\":2,\"name\":\"Romanya Transit Vize\"}]},{\"@type\":\"WebSite\",\"@id\":\"https:\/\/www.myvize.com.tr\/romanya\/#website\",\"url\":\"https:\/\/www.myvize.com.tr\/romanya\/\",\"name\":\"Romanya Vize Dan\u0131\u015fmanl\u0131k | MyVize\",\"description\":\"\",\"potentialAction\":[{\"@type\":\"SearchAction\",\"target\":{\"@type\":\"EntryPoint\",\"urlTemplate\":\"https:\/\/www.myvize.com.tr\/romanya\/?s={search_term_string}\"},\"query-input\":{\"@type\":\"PropertyValueSpecification\",\"valueRequired\":true,\"valueName\":\"search_term_string\"}}],\"inLanguage\":\"tr\"}]}<\/script>\n<!-- \/ Yoast SEO plugin. -->","yoast_head_json":{"title":"Romanya Transit Vize Nas\u0131l Al\u0131n\u0131r? - MyVize","description":"Romanya Transit Vizesi almak i\u00e7in gerekli t\u00fcm evraklar listesi 2022 hemen t\u0131kla! Romanya Vize Randevusu i\u00e7in hemen ara!","robots":{"index":"index","follow":"follow","max-snippet":"max-snippet:-1","max-image-preview":"max-image-preview:large","max-video-preview":"max-video-preview:-1"},"canonical":"https:\/\/www.myvize.com.tr\/romanya\/romanya-transit-vize\/","og_locale":"tr_TR","og_type":"article","og_title":"Romanya Transit Vize Nas\u0131l Al\u0131n\u0131r? - MyVize","og_description":"Romanya Transit Vizesi almak i\u00e7in gerekli t\u00fcm evraklar listesi 2022 hemen t\u0131kla! Romanya Vize Randevusu i\u00e7in hemen ara!","og_url":"https:\/\/www.myvize.com.tr\/romanya\/romanya-transit-vize\/","og_site_name":"Romanya Vize Dan\u0131\u015fmanl\u0131k | MyVize","article_modified_time":"2023-02-05T16:34:15+00:00","og_image":[{"url":"https:\/\/www.myvize.com.tr\/romanya\/wp-content\/uploads\/2021\/09\/29.jpg","type":"","width":"","height":""}],"twitter_card":"summary_large_image","twitter_misc":{"Tahmini okuma s\u00fcresi":"2 dakika"},"schema":{"@context":"https:\/\/schema.org","@graph":[{"@type":"WebPage","@id":"https:\/\/www.myvize.com.tr\/romanya\/romanya-transit-vize\/","url":"https:\/\/www.myvize.com.tr\/romanya\/romanya-transit-vize\/","name":"Romanya Transit Vize Nas\u0131l Al\u0131n\u0131r? - MyVize","isPartOf":{"@id":"https:\/\/www.myvize.com.tr\/romanya\/#website"},"primaryImageOfPage":{"@id":"https:\/\/www.myvize.com.tr\/romanya\/romanya-transit-vize\/#primaryimage"},"image":{"@id":"https:\/\/www.myvize.com.tr\/romanya\/romanya-transit-vize\/#primaryimage"},"thumbnailUrl":"https:\/\/www.myvize.com.tr\/romanya\/wp-content\/uploads\/2021\/09\/29.jpg","datePublished":"2021-06-17T09:51:40+00:00","dateModified":"2023-02-05T16:34:15+00:00","description":"Romanya Transit Vizesi almak i\u00e7in gerekli t\u00fcm evraklar listesi 2022 hemen t\u0131kla! Romanya Vize Randevusu i\u00e7in hemen ara!","breadcrumb":{"@id":"https:\/\/www.myvize.com.tr\/romanya\/romanya-transit-vize\/#breadcrumb"},"inLanguage":"tr","potentialAction":[{"@type":"ReadAction","target":["https:\/\/www.myvize.com.tr\/romanya\/romanya-transit-vize\/"]}]},{"@type":"ImageObject","inLanguage":"tr","@id":"https:\/\/www.myvize.com.tr\/romanya\/romanya-transit-vize\/#primaryimage","url":"https:\/\/www.myvize.com.tr\/romanya\/wp-content\/uploads\/2021\/09\/29.jpg","contentUrl":"https:\/\/www.myvize.com.tr\/romanya\/wp-content\/uploads\/2021\/09\/29.jpg","width":800,"height":500,"caption":"Romanya Turistik Vize"},{"@type":"BreadcrumbList","@id":"https:\/\/www.myvize.com.tr\/romanya\/romanya-transit-vize\/#breadcrumb","itemListElement":[{"@type":"ListItem","position":1,"name":"Anasayfa","item":"https:\/\/www.myvize.com.tr\/romanya\/"},{"@type":"ListItem","position":2,"name":"Romanya Transit Vize"}]},{"@type":"WebSite","@id":"https:\/\/www.myvize.com.tr\/romanya\/#website","url":"https:\/\/www.myvize.com.tr\/romanya\/","name":"Romanya Vize Dan\u0131\u015fmanl\u0131k | MyVize","description":"","potentialAction":[{"@type":"SearchAction","target":{"@type":"EntryPoint","urlTemplate":"https:\/\/www.myvize.com.tr\/romanya\/?s={search_term_string}"},"query-input":{"@type":"PropertyValueSpecification","valueRequired":true,"valueName":"search_term_string"}}],"inLanguage":"tr"}]}},"_links":{"self":[{"href":"https:\/\/www.myvize.com.tr\/romanya\/wp-json\/wp\/v2\/pages\/321","targetHints":{"allow":["GET"]}}],"collection":[{"href":"https:\/\/www.myvize.com.tr\/romanya\/wp-json\/wp\/v2\/pages"}],"about":[{"href":"https:\/\/www.myvize.com.tr\/romanya\/wp-json\/wp\/v2\/types\/page"}],"author":[{"embeddable":true,"href":"https:\/\/www.myvize.com.tr\/romanya\/wp-json\/wp\/v2\/users\/1"}],"replies":[{"embeddable":true,"href":"https:\/\/www.myvize.com.tr\/romanya\/wp-json\/wp\/v2\/comments?post=321"}],"version-history":[{"count":5,"href":"https:\/\/www.myvize.com.tr\/romanya\/wp-json\/wp\/v2\/pages\/321\/revisions"}],"predecessor-version":[{"id":1295,"href":"https:\/\/www.myvize.com.tr\/romanya\/wp-json\/wp\/v2\/pages\/321\/revisions\/1295"}],"wp:attachment":[{"href":"https:\/\/www.myvize.com.tr\/romanya\/wp-json\/wp\/v2\/media?parent=321"}],"curies":[{"name":"wp","href":"https:\/\/api.w.org\/{rel}","templated":true}]}}