{"id":344,"date":"2021-06-28T21:39:50","date_gmt":"2021-06-28T18:39:50","guid":{"rendered":"https:\/\/www.myvize.com.tr\/romanya\/?page_id=344"},"modified":"2022-06-06T13:03:50","modified_gmt":"2022-06-06T10:03:50","slug":"romanya-schengen-vizesi-basvurusu","status":"publish","type":"page","link":"https:\/\/www.myvize.com.tr\/romanya\/romanya-schengen-vizesi-basvurusu\/","title":{"rendered":"Romanya Schengen Vizesi Ba\u015fvurusu"},"content":{"rendered":"<p><span style=\"font-family: Roboto;\"><\/span><\/p>\r\n<p style=\"font-size: 14px;\"><span style=\"font-family: Roboto;\">Schengen \u015fartlar\u0131na sahip olmayan<a href=\"https:\/\/www.myvize.com.tr\/romanya\/vize-islemleri\/romanya-vizesi\/\" target=\"_blank\" rel=\"noreferrer noopener\"> <strong><span class=\"has-inline-color\" style=\"color: #2acec2;\">Romanya vizesi<\/span><\/strong><\/a>, Avrupa Birli\u011fi \u00fcyesidir. Yaln\u0131z \u00fcye olmas\u0131na ra\u011fmen bu b\u00f6lgeye yani Schengen b\u00f6lgesine ait \u00fclkeler aras\u0131nda de\u011fildir. Romanya H\u00fck\u00fcmeti&#8217;nin bu g\u00f6rev i\u00e7in atam\u0131\u015f oldu\u011fu resmi temsilcileri \u00fczerinden al\u0131nmakta olan <strong>Romanya vizesi <\/strong>\u00fczerinde Schengen b\u00f6lgelerine ait \u00fclkelere girmek b\u00fcy\u00fck engel ta\u015f\u0131makta ve giri\u015flerin yasak oldu\u011fu bildirilmektedir. Ama bunu belirtmekte kesinlikle \u00e7ok ama \u00e7ok \u00f6nemli ki i\u015finizin kolayca g\u00f6r\u00fclmesi i\u00e7in bu \u015fekilde yapabilirsiniz. \u00d6ncelikle bahsetti\u011fimiz gibi Schengen \u00fclkeleri var ve bu \u00fclkeler taraf\u0131ndan vize ba\u015fvurusunda bulunursan\u0131z ve bu \u00fclkeler size multiple dedi\u011fimiz t\u00fcrden bir vize verir ise siz bu multiple vize ile (ki \u00f6nemli bir \u015fart \u015fudur ki ilk \u00f6nce vizeyi ald\u0131\u011f\u0131n\u0131z \u00fclkeye girmek zorundas\u0131n\u0131z) Romanya ve daha da fazla \u00fclkelere gidebilirsin \u00f6rne\u011fin Avrupa birli\u011finin \u00fcyesi olan t\u00fcm \u00fclkelere kolayl\u0131kla giderek giri\u015f yapabilirsiniz. <strong>Romanya<\/strong> <strong>Schengen vizesi<\/strong> ba\u015fvurusu hakk\u0131nda yazd\u0131klar\u0131m\u0131z ve dolayl\u0131 yoldan nas\u0131l Romanya ya bir ba\u015fka \u00fclkeden ald\u0131\u011f\u0131m\u0131z Schengen vizesiyle girebilirim ya da ba\u015fka \u00fclkeden al\u0131nm\u0131\u015f Schengen vizesiyle Romanya dahil di\u011fer Avrupa birli\u011fi \u00fclkelerine nas\u0131l giderim gibi sorular\u0131n\u0131z\u0131 yan\u0131tlayabilmi\u015fizdir umar\u0131m.<\/span><\/p>\r\n<p><span style=\"font-family: Roboto;\">\r\n\r\n<\/span><\/p>\r\n<h2 class=\"wp-block-heading\" style=\"font-size: 27px;\"><span style=\"font-family: Roboto;\">R<strong>omanya Schengen Vizesine Nas\u0131l Ba\u015fvurulur?<\/strong><\/span><\/h2>\r\n<p><span style=\"font-family: Roboto;\">\r\n\r\n<\/span><\/p>\r\n<p style=\"font-size: 14px;\"><span style=\"font-family: Roboto;\">Romanya\u2019ya farkl\u0131 ama\u00e7lar ile seyahat etmek isteyen ki\u015filer i\u00e7in farkl\u0131 t\u00fcrlerde vize \u00e7e\u015fitleri bulunmaktad\u0131r.\u00a0<strong>Romanya schengen vizesi<\/strong>\u00a0kendi i\u00e7erisinde kategorilere ayr\u0131lm\u0131\u015ft\u0131r. A tipi vize, B tipi vize, C ve D tipi vize olmak \u00fczere d\u00f6rt tanedir. \u00dclkeye gidi\u015f sebebinize g\u00f6re kendinize uygun vize t\u00fcr\u00fcne ba\u015fvurman\u0131z gerekmektedir.<\/span><\/p>\r\n<p><span style=\"font-family: Roboto;\"><\/span><\/p>\r\n<p><span style=\"font-family: Roboto;\"><img decoding=\"async\" src=\"https:\/\/www.myvize.com.tr\/romanya\/wp-content\/uploads\/2021\/09\/37.jpg\" \/><\/span><\/p>\r\n<p><span style=\"font-family: Roboto;\"><\/span><\/p>\r\n<p style=\"font-size: 14px;\"><span style=\"font-family: Roboto;\"><strong>Romanya vizesi<\/strong>\u00a0i\u00e7in gereken evraklar \u015fu \u015fekildedir;<\/span><\/p>\r\n<p><span style=\"font-family: Roboto;\">\r\n\r\n<\/span><\/p>\r\n<ul class=\"wp-block-list\" style=\"font-size: 14px;\">\r\n<li><span style=\"font-family: Roboto;\">Pasaport ve pasaportun fotokopisi<\/span><\/li>\r\n<li><span style=\"font-family: Roboto;\">N\u00fcfus c\u00fczdan\u0131 fotokopisi<\/span><\/li>\r\n<li><span style=\"font-family: Roboto;\">Romanya Ba\u015fkonsoloslu\u011fu&#8217;na yaz\u0131lm\u0131\u015f, seyahat amac\u0131n\u0131 belirten \u015fahsi dilek\u00e7e<\/span><\/li>\r\n<li><span style=\"font-family: Roboto;\">2 adet foto\u011fraf (Arka fonu beyaz ve yeni \u00e7ekilmi\u015f olacak)<\/span><\/li>\r\n<li><span style=\"font-family: Roboto;\"><a href=\"https:\/\/www.myvize.com.tr\/romanya\/form-ve-dilekce\/romanya-vize-basvuru-formu\/\" target=\"_blank\" rel=\"noreferrer noopener\"><strong><span class=\"has-inline-color\" style=\"color: #2acec2;\">Romanya Vize ba\u015fvuru formu<\/span><\/strong><\/a> ve taahh\u00fctname<\/span><\/li>\r\n<li><span style=\"font-family: Roboto;\">Vukuatl\u0131 n\u00fcfus kay\u0131t \u00f6rne\u011fi<\/span><\/li>\r\n<li><span style=\"font-family: Roboto;\">Seyahat sa\u011fl\u0131k sigortas\u0131 poli\u00e7esi<\/span><\/li>\r\n<li><span style=\"font-family: Roboto;\">Mesleki belgeler<\/span><\/li>\r\n<li><span style=\"font-family: Roboto;\">Seyahat masraflar\u0131n\u0131 g\u00f6steren belgeler<\/span><\/li>\r\n<li><span style=\"font-family: Roboto;\">Gidi\u015f-D\u00f6n\u00fc\u015f u\u00e7ak ve otel rezervasyonu bilgileri<\/span><\/li>\r\n<\/ul>\r\n<p><span style=\"font-family: Roboto;\">\r\n\r\n<\/span><\/p>\r\n<p style=\"font-size: 14px;\"><span style=\"font-family: Roboto;\">Bunlar\u0131n d\u0131\u015f\u0131nda banka hesab\u0131n\u0131zda, seyahat i\u00e7in gitti\u011finiz s\u00fcre zarf\u0131n\u0131n her g\u00fcn\u00fc i\u00e7in 100 Euro bulunmas\u0131 gerekmektedir<strong>. Romanya vize ba\u015fvurusu<\/strong>\u00a0yapacak ki\u015filerin bu t\u00fcr \u00f6nemli hususlar\u0131 dikkate almas\u0131 gerekmektedir. Umuma mahsus bordo pasaport sahibi T.C Vatanda\u015flar\u0131n\u0131n Romanya\u2019ya seyahat edebilmeleri i\u00e7in <strong>Romanya Konsoloslu\u011funa<\/strong> ba\u015fvuru yapmas\u0131 gerekmektedir. Hususi (ye\u015fil) pasaport, diplomatik (gri) pasaport sahibi vatanda\u015flar\u0131n 180 \u00fcn i\u00e7erisinde 90 g\u00fcn\u00fc a\u015fmayacak \u015feklindeki seyahatleri i\u00e7in <strong>Romanya Konsoloslu\u011funa <\/strong>ba\u015fvuru yapmak gibi bir zorunluluklar\u0131 yoktur. Uzun s\u00fcreli oturma izni almak isteyen ki\u015filerin ise konsoloslu\u011fa yap\u0131lan vize m\u00fcracaat\u0131 \u00f6ncesinde Romanya G\u00f6\u00e7men B\u00fcrosu ve Romanya \u0130\u00e7i\u015fleri Bakanl\u0131\u011f\u0131\u2019na ba\u015fvurmalar\u0131 gerekmekte olup, i\u015flemler i\u00e7in \u00f6n onay\u0131n al\u0131nmas\u0131 \u015fartt\u0131r.<\/span><\/p>\r\n<p><span style=\"font-family: Roboto; font-size: 27px;\"><strong>Romanya Schengen Vize Ba\u015fvurusu Nereden Yap\u0131l\u0131r?<\/strong><\/span><\/p>\r\n<p><span style=\"font-family: Roboto; font-size: 14px;\">Orta Avrupa\u2019da yer alan \u00fclkelerden bir tanesi da ba\u015fl\u0131 ba\u015f\u0131na kendisine has karakteristik bir yap\u0131s\u0131 olan Romanya isimli \u00fclkedir. Nitekim T\u00fcrkiye ile Romanya aras\u0131nda gerek kamu baz\u0131nda, gerek i\u015f baz\u0131nda, gerek \u00f6zel sekt\u00f6r baz\u0131nda ciddi ba\u011flant\u0131lar vard\u0131r. \u00dclkemizden Romanya\u2019ya gidecek olan T\u00fcrk vatanda\u015flar\u0131n\u0131n bu \u00fclkeye hangi ama\u00e7la gidecek olursa olsun diplomatik bir g\u00f6revleri yok ise o zaman gidecekleri amaca uygun olarak vize almas\u0131 gerekir. Bu da beraberinde \u015fu soruyu getirir. Acaba\u00a0<strong>Romanya Schengen Vize Ba\u015fvurusu nereden yap\u0131l\u0131r <\/strong>bi\u00e7imindedir. \u0130\u015fte T\u00fcrk vatanda\u015flar\u0131 Romanya\u2019ya gidecek olduklar\u0131 zaman kendilerinin ba\u011fl\u0131 oldu\u011fu ilde olan Romanya B\u00fcy\u00fckel\u00e7ili\u011fi, Romanya Ba\u015fkonsolu\u011fu, Romanya Konsoloslu\u011fu ya da Romanya Fahri Konsolosluklar\u0131na ba\u015fvuru yaparak vize alabilirler. Bunun d\u0131\u015f\u0131nda bir di\u011fer y\u00f6ntem ise Romanya H\u00fck\u00fcmeti taraf\u0131ndan yetkilendirilmi\u015f olan akredite olmu\u015f, onayl\u0131 Romanya vize ba\u015fvuru merkezlerine ba\u015fvuru yapmalar\u0131d\u0131r. T\u00fcm bu y\u00f6ntemlerden istenen y\u00f6ntem se\u00e7ilerek vize ba\u015fvurusu yap\u0131labilir. Burada tercih tamamen ki\u015finin kendisine kalm\u0131\u015f durumdad\u0131r. Bu ba\u015fvurular t\u00fcm vize t\u00fcrleri i\u00e7in ge\u00e7erlidir. De\u011fi\u015fmez.<\/span><\/p>\r\n<h2><span style=\"font-family: Roboto; font-size: 27px;\"><strong>Romanya Schengen Vize Ba\u015fvurusu \u0130\u00e7in Gerekli Evraklar<\/strong><\/span><\/h2>\r\n<p><span style=\"font-family: Roboto; font-size: 14px;\">\u00dcstte verilen t\u00fcm bu bilgilerden sonra \u015fimdi de art\u0131k\u00a0<strong>Romanya Schengen Vize Ba\u015fvurusu i\u00e7in gerekli evraklar\u00a0<\/strong>hakk\u0131nda bilgi vermek gerekir ise o noktada da \u015fu bilgiler verilebilir: \u00d6ncelikli olarak son alt\u0131 i\u00e7inde \u00e7ekilen 35*45 cm ebatlar\u0131nda olan 2 adet \u00a0biometrik foto\u011fraf. En az alt\u0131 ay ge\u00e7erlili\u011fi olan son 3 sayfas\u0131 bo\u015f pasaport. Kalaca\u011f\u0131 otel rezervasyon bilgileri. U\u00e7u\u015f bilgileri. En az 30 bin Euro tutar\u0131nda <strong>seyahat sa\u011fl\u0131k sigortas\u0131<\/strong>. Romanya Schengen vize ba\u015fvuru \u00fccreti \u00f6demesi dekontu.\u00a0 Romanya Schengen vize ba\u015fvuru dilek\u00e7esi. \u00a0Bu dilek\u00e7e \u0130ngilizce dilinde yaz\u0131lm\u0131\u015f olmal\u0131d\u0131r.Banka hesap hareketleri ve mevcut gelirini g\u00f6steren t\u00fcm finansal kay\u0131tlar. G\u00fcncel kredi kart\u0131 ekstresi ve fotokopisi.\u00a0 E-devletten al\u0131nan ikametgah. Kimlik fotokopisi. Adli sicil kayd\u0131.\u00a0 Tam vukuatl\u0131 e devletten al\u0131nan n\u00fcfus kay\u0131t \u00f6rne\u011fi. Kimlik ve kimlik fotokopisi. Ki\u015fi e\u011fer evli ise e\u015finin kimlik fotokopisi Romanya Schengen vizesi i\u00e7in istenmekte olan evraklard\u0131r. Bunlar d\u0131\u015f\u0131nda gerekir ise ekstra evraklar \u00f6zel durumlarda istenebilmektedir.<\/span><\/p>\r\n<h2><span style=\"font-family: Roboto; font-size: 27px;\"><strong>Romanya Schengen Vizesi Ba\u015fvuru \u00dccreti<\/strong><\/span><\/h2>\r\n<p><span style=\"font-family: Roboto; font-size: 14px;\"><strong>Romanya Schengen vizesi<\/strong> di\u011fer Schengen vize t\u00fcrleri gibi 90 g\u00fcn s\u00fcreli olan yani k\u0131sa s\u00fcreli olan Romanya\u2019ya turistik gezi k\u0131sa s\u00fcreli e\u011fitim vb. nedenlerden \u00f6t\u00fcr\u00fc gidecek olanlar\u0131n almas\u0131 gereken bir vize t\u00fcr\u00fcd\u00fcr. Tam da bu noktada da en \u00e7ok merak edilenlerden bir tanesi\u00a0<strong>Romanya Schengen Vizesi Ba\u015fvuru \u00fccreti\u00a0<\/strong>nedir onu s\u00f6yleyelim. Burada hemen \u015funu ifade edelim vize t\u00fcrlerine g\u00f6re \u00fccretler de\u011fi\u015fir. Yani konuyu biraz daha a\u00e7mak ister ise k\u0131sa s\u00fcreli olan vize \u00fccretleri ile uzun s\u00fcreli olan vize \u00fccretlerinin fiyatlar\u0131 de\u011fi\u015fir. B\u00fcy\u00fckler i\u00e7in olan Schengen vizesinin 2022 senesi i\u00e7in olan \u00fccreti 80 Euro de\u011ferindedir. Yine Romanya Schen vize \u00fccreti i\u00e7in 18 ya\u015f\u0131n alt\u0131nda olan \u00e7ocuklar i\u00e7in 40 Euro de\u011ferindedir. <strong>Romanya Schengen vize \u00fccreti<\/strong> Romanya B\u00fcy\u00fckel\u00e7ili\u011finin belirtmi\u015f oldu\u011fu hesap numaras\u0131na belirlenen Euro olarak \u00f6denir. \u00d6demenin Euro\u2019n\u0131n T\u00fcrk Lira kar\u015f\u0131l\u0131\u011f\u0131 olarak \u00f6denmesi m\u00fcmk\u00fcn de\u011fildir. Vize ba\u015fvurusunun tamamlanmas\u0131 i\u00e7in randevu al\u0131nmadan \u00f6nce mutlaka Romanya Schengen vize \u00fccreti \u00f6demesi tamamlanm\u0131\u015f olmal\u0131d\u0131r. Aksi halde ba\u015fvuru kabul edilmez.<\/span><\/p>\r\n<p><span style=\"font-family: Roboto;\"><\/span><\/p>","protected":false},"excerpt":{"rendered":"<p>Schengen \u015fartlar\u0131na sahip olmayan Romanya vizesi, Avrupa Birli\u011fi \u00fcyesidir. Yaln\u0131z \u00fcye olmas\u0131na ra\u011fmen bu b\u00f6lgeye yani Schengen b\u00f6lgesine ait \u00fclkeler aras\u0131nda de\u011fildir. Romanya H\u00fck\u00fcmeti&#8217;nin bu g\u00f6rev i\u00e7in atam\u0131\u015f oldu\u011fu resmi temsilcileri \u00fczerinden al\u0131nmakta olan Romanya vizesi \u00fczerinde Schengen b\u00f6lgelerine ait \u00fclkelere girmek b\u00fcy\u00fck engel ta\u015f\u0131makta ve giri\u015flerin yasak oldu\u011fu bildirilmektedir. Ama bunu belirtmekte kesinlikle \u00e7ok<\/p>\n","protected":false},"author":1,"featured_media":0,"parent":0,"menu_order":0,"comment_status":"open","ping_status":"closed","template":"","meta":{"footnotes":""},"class_list":["post-344","page","type-page","status-publish","hentry"],"yoast_head":"<!-- This site is optimized with the Yoast SEO plugin v26.8 - https:\/\/yoast.com\/product\/yoast-seo-wordpress\/ -->\n<title>Romanya Schengen Vize Ba\u015fvurusu - MyVize<\/title>\n<meta name=\"description\" content=\"Romanya Schengen Vize Ba\u015fvurusu Nas\u0131l Yap\u0131l\u0131r? Romanya Schengen Vize Ba\u015fvuru \u015eartlar\u0131 Nelerdir? Romanya Schengen Vizesi.\" \/>\n<meta name=\"robots\" content=\"index, follow, max-snippet:-1, max-image-preview:large, max-video-preview:-1\" \/>\n<link rel=\"canonical\" href=\"https:\/\/www.myvize.com.tr\/romanya\/romanya-schengen-vizesi-basvurusu\/\" \/>\n<meta property=\"og:locale\" content=\"tr_TR\" \/>\n<meta property=\"og:type\" content=\"article\" \/>\n<meta property=\"og:title\" content=\"Romanya Schengen Vize Ba\u015fvurusu - MyVize\" \/>\n<meta property=\"og:description\" content=\"Romanya Schengen Vize Ba\u015fvurusu Nas\u0131l Yap\u0131l\u0131r? Romanya Schengen Vize Ba\u015fvuru \u015eartlar\u0131 Nelerdir? Romanya Schengen Vizesi.\" \/>\n<meta property=\"og:url\" content=\"https:\/\/www.myvize.com.tr\/romanya\/romanya-schengen-vizesi-basvurusu\/\" \/>\n<meta property=\"og:site_name\" content=\"Romanya Vize Dan\u0131\u015fmanl\u0131k | MyVize\" \/>\n<meta property=\"article:modified_time\" content=\"2022-06-06T10:03:50+00:00\" \/>\n<meta property=\"og:image\" content=\"https:\/\/www.myvize.com.tr\/romanya\/wp-content\/uploads\/2021\/09\/37.jpg\" \/>\n<meta name=\"twitter:card\" content=\"summary_large_image\" \/>\n<meta name=\"twitter:label1\" content=\"Tahmini okuma s\u00fcresi\" \/>\n\t<meta name=\"twitter:data1\" content=\"6 dakika\" \/>\n<script type=\"application\/ld+json\" class=\"yoast-schema-graph\">{\"@context\":\"https:\/\/schema.org\",\"@graph\":[{\"@type\":\"WebPage\",\"@id\":\"https:\/\/www.myvize.com.tr\/romanya\/romanya-schengen-vizesi-basvurusu\/\",\"url\":\"https:\/\/www.myvize.com.tr\/romanya\/romanya-schengen-vizesi-basvurusu\/\",\"name\":\"Romanya Schengen Vize Ba\u015fvurusu - MyVize\",\"isPartOf\":{\"@id\":\"https:\/\/www.myvize.com.tr\/romanya\/#website\"},\"primaryImageOfPage\":{\"@id\":\"https:\/\/www.myvize.com.tr\/romanya\/romanya-schengen-vizesi-basvurusu\/#primaryimage\"},\"image\":{\"@id\":\"https:\/\/www.myvize.com.tr\/romanya\/romanya-schengen-vizesi-basvurusu\/#primaryimage\"},\"thumbnailUrl\":\"https:\/\/www.myvize.com.tr\/romanya\/wp-content\/uploads\/2021\/09\/37.jpg\",\"datePublished\":\"2021-06-28T18:39:50+00:00\",\"dateModified\":\"2022-06-06T10:03:50+00:00\",\"description\":\"Romanya Schengen Vize Ba\u015fvurusu Nas\u0131l Yap\u0131l\u0131r? Romanya Schengen Vize Ba\u015fvuru \u015eartlar\u0131 Nelerdir? Romanya Schengen Vizesi.\",\"breadcrumb\":{\"@id\":\"https:\/\/www.myvize.com.tr\/romanya\/romanya-schengen-vizesi-basvurusu\/#breadcrumb\"},\"inLanguage\":\"tr\",\"potentialAction\":[{\"@type\":\"ReadAction\",\"target\":[\"https:\/\/www.myvize.com.tr\/romanya\/romanya-schengen-vizesi-basvurusu\/\"]}]},{\"@type\":\"ImageObject\",\"inLanguage\":\"tr\",\"@id\":\"https:\/\/www.myvize.com.tr\/romanya\/romanya-schengen-vizesi-basvurusu\/#primaryimage\",\"url\":\"https:\/\/www.myvize.com.tr\/romanya\/wp-content\/uploads\/2021\/09\/37.jpg\",\"contentUrl\":\"https:\/\/www.myvize.com.tr\/romanya\/wp-content\/uploads\/2021\/09\/37.jpg\",\"width\":800,\"height\":500,\"caption\":\"Romanya Schengen Vizesi Ba\u015fvurusu\"},{\"@type\":\"BreadcrumbList\",\"@id\":\"https:\/\/www.myvize.com.tr\/romanya\/romanya-schengen-vizesi-basvurusu\/#breadcrumb\",\"itemListElement\":[{\"@type\":\"ListItem\",\"position\":1,\"name\":\"Anasayfa\",\"item\":\"https:\/\/www.myvize.com.tr\/romanya\/\"},{\"@type\":\"ListItem\",\"position\":2,\"name\":\"Romanya Schengen Vizesi Ba\u015fvurusu\"}]},{\"@type\":\"WebSite\",\"@id\":\"https:\/\/www.myvize.com.tr\/romanya\/#website\",\"url\":\"https:\/\/www.myvize.com.tr\/romanya\/\",\"name\":\"Romanya Vize Dan\u0131\u015fmanl\u0131k | MyVize\",\"description\":\"\",\"potentialAction\":[{\"@type\":\"SearchAction\",\"target\":{\"@type\":\"EntryPoint\",\"urlTemplate\":\"https:\/\/www.myvize.com.tr\/romanya\/?s={search_term_string}\"},\"query-input\":{\"@type\":\"PropertyValueSpecification\",\"valueRequired\":true,\"valueName\":\"search_term_string\"}}],\"inLanguage\":\"tr\"}]}<\/script>\n<!-- \/ Yoast SEO plugin. -->","yoast_head_json":{"title":"Romanya Schengen Vize Ba\u015fvurusu - MyVize","description":"Romanya Schengen Vize Ba\u015fvurusu Nas\u0131l Yap\u0131l\u0131r? Romanya Schengen Vize Ba\u015fvuru \u015eartlar\u0131 Nelerdir? Romanya Schengen Vizesi.","robots":{"index":"index","follow":"follow","max-snippet":"max-snippet:-1","max-image-preview":"max-image-preview:large","max-video-preview":"max-video-preview:-1"},"canonical":"https:\/\/www.myvize.com.tr\/romanya\/romanya-schengen-vizesi-basvurusu\/","og_locale":"tr_TR","og_type":"article","og_title":"Romanya Schengen Vize Ba\u015fvurusu - MyVize","og_description":"Romanya Schengen Vize Ba\u015fvurusu Nas\u0131l Yap\u0131l\u0131r? Romanya Schengen Vize Ba\u015fvuru \u015eartlar\u0131 Nelerdir? Romanya Schengen Vizesi.","og_url":"https:\/\/www.myvize.com.tr\/romanya\/romanya-schengen-vizesi-basvurusu\/","og_site_name":"Romanya Vize Dan\u0131\u015fmanl\u0131k | MyVize","article_modified_time":"2022-06-06T10:03:50+00:00","og_image":[{"url":"https:\/\/www.myvize.com.tr\/romanya\/wp-content\/uploads\/2021\/09\/37.jpg","type":"","width":"","height":""}],"twitter_card":"summary_large_image","twitter_misc":{"Tahmini okuma s\u00fcresi":"6 dakika"},"schema":{"@context":"https:\/\/schema.org","@graph":[{"@type":"WebPage","@id":"https:\/\/www.myvize.com.tr\/romanya\/romanya-schengen-vizesi-basvurusu\/","url":"https:\/\/www.myvize.com.tr\/romanya\/romanya-schengen-vizesi-basvurusu\/","name":"Romanya Schengen Vize Ba\u015fvurusu - MyVize","isPartOf":{"@id":"https:\/\/www.myvize.com.tr\/romanya\/#website"},"primaryImageOfPage":{"@id":"https:\/\/www.myvize.com.tr\/romanya\/romanya-schengen-vizesi-basvurusu\/#primaryimage"},"image":{"@id":"https:\/\/www.myvize.com.tr\/romanya\/romanya-schengen-vizesi-basvurusu\/#primaryimage"},"thumbnailUrl":"https:\/\/www.myvize.com.tr\/romanya\/wp-content\/uploads\/2021\/09\/37.jpg","datePublished":"2021-06-28T18:39:50+00:00","dateModified":"2022-06-06T10:03:50+00:00","description":"Romanya Schengen Vize Ba\u015fvurusu Nas\u0131l Yap\u0131l\u0131r? Romanya Schengen Vize Ba\u015fvuru \u015eartlar\u0131 Nelerdir? Romanya Schengen Vizesi.","breadcrumb":{"@id":"https:\/\/www.myvize.com.tr\/romanya\/romanya-schengen-vizesi-basvurusu\/#breadcrumb"},"inLanguage":"tr","potentialAction":[{"@type":"ReadAction","target":["https:\/\/www.myvize.com.tr\/romanya\/romanya-schengen-vizesi-basvurusu\/"]}]},{"@type":"ImageObject","inLanguage":"tr","@id":"https:\/\/www.myvize.com.tr\/romanya\/romanya-schengen-vizesi-basvurusu\/#primaryimage","url":"https:\/\/www.myvize.com.tr\/romanya\/wp-content\/uploads\/2021\/09\/37.jpg","contentUrl":"https:\/\/www.myvize.com.tr\/romanya\/wp-content\/uploads\/2021\/09\/37.jpg","width":800,"height":500,"caption":"Romanya Schengen Vizesi Ba\u015fvurusu"},{"@type":"BreadcrumbList","@id":"https:\/\/www.myvize.com.tr\/romanya\/romanya-schengen-vizesi-basvurusu\/#breadcrumb","itemListElement":[{"@type":"ListItem","position":1,"name":"Anasayfa","item":"https:\/\/www.myvize.com.tr\/romanya\/"},{"@type":"ListItem","position":2,"name":"Romanya Schengen Vizesi Ba\u015fvurusu"}]},{"@type":"WebSite","@id":"https:\/\/www.myvize.com.tr\/romanya\/#website","url":"https:\/\/www.myvize.com.tr\/romanya\/","name":"Romanya Vize Dan\u0131\u015fmanl\u0131k | MyVize","description":"","potentialAction":[{"@type":"SearchAction","target":{"@type":"EntryPoint","urlTemplate":"https:\/\/www.myvize.com.tr\/romanya\/?s={search_term_string}"},"query-input":{"@type":"PropertyValueSpecification","valueRequired":true,"valueName":"search_term_string"}}],"inLanguage":"tr"}]}},"_links":{"self":[{"href":"https:\/\/www.myvize.com.tr\/romanya\/wp-json\/wp\/v2\/pages\/344","targetHints":{"allow":["GET"]}}],"collection":[{"href":"https:\/\/www.myvize.com.tr\/romanya\/wp-json\/wp\/v2\/pages"}],"about":[{"href":"https:\/\/www.myvize.com.tr\/romanya\/wp-json\/wp\/v2\/types\/page"}],"author":[{"embeddable":true,"href":"https:\/\/www.myvize.com.tr\/romanya\/wp-json\/wp\/v2\/users\/1"}],"replies":[{"embeddable":true,"href":"https:\/\/www.myvize.com.tr\/romanya\/wp-json\/wp\/v2\/comments?post=344"}],"version-history":[{"count":8,"href":"https:\/\/www.myvize.com.tr\/romanya\/wp-json\/wp\/v2\/pages\/344\/revisions"}],"predecessor-version":[{"id":1174,"href":"https:\/\/www.myvize.com.tr\/romanya\/wp-json\/wp\/v2\/pages\/344\/revisions\/1174"}],"wp:attachment":[{"href":"https:\/\/www.myvize.com.tr\/romanya\/wp-json\/wp\/v2\/media?parent=344"}],"curies":[{"name":"wp","href":"https:\/\/api.w.org\/{rel}","templated":true}]}}