{"id":53,"date":"2020-11-30T12:50:00","date_gmt":"2020-11-30T09:50:00","guid":{"rendered":"https:\/\/www.myvize.com.tr\/romanya\/?page_id=53"},"modified":"2022-06-27T21:16:37","modified_gmt":"2022-06-27T18:16:37","slug":"romanya-universite-egitimi","status":"publish","type":"page","link":"https:\/\/www.myvize.com.tr\/romanya\/vize-islemleri\/romanya-universite-egitimi\/","title":{"rendered":"Romanya \u00dcniversite E\u011fitimi"},"content":{"rendered":"\r\n<p>Romanya\u2019da \u00fcniversite e\u011fitimi almak isteyen T\u00fcrkiye Cumhuriyeti vatanda\u015flar\u0131 Romanya e\u011fitim vizesi almal\u0131d\u0131r. Romanya\u2019da \u00fcniversite e\u011fitimi g\u00f6rmek i\u00e7in \u00fcniversite s\u0131nav\u0131nda bir yeri kazanma \u015fart\u0131 aranmamaktad\u0131r. Romanya\u2019da bir \u00fcniversiteye kay\u0131t olmak i\u00e7in aranan tek \u015fart lise mezunu olmakt\u0131r. \u00dcniversiteye kabul edildikten sonra y\u0131ll\u0131k har\u00e7 \u00fccreti \u00f6denmeli ve vize ba\u015fvurusu yap\u0131lmal\u0131d\u0131r.<\/p>\r\n\r\n\r\n\r\n<p>Romanya\u2019da isteyen lise mezunu istedi\u011fi b\u00f6l\u00fcme kay\u0131t yapt\u0131rabilir. Bunun i\u00e7in say\u0131sal, s\u00f6zel ya da e\u015fit a\u011f\u0131rl\u0131k mezunu olup olmaman\u0131z fark etmez. S\u00f6zel bir \u00f6\u011frenci m\u00fchendislik fak\u00fcltesine kaydolabilirken, say\u0131sal bir \u00f6\u011frenci ise edebiyat fak\u00fcltesine kay\u0131t olabilir.<\/p>\r\n\r\n\r\n\r\n<p>Romanya\u2019da lisans e\u011fitimi 3 y\u0131ld\u0131r. Bu durum baz\u0131 m\u00fchendislik b\u00f6l\u00fcmleri i\u00e7in \u00fc\u00e7 bu\u00e7uk y\u0131ld\u0131r. Master e\u011fitimi 2 y\u0131l, t\u0131p e\u011fitimi 6 y\u0131l, di\u015f hekimli\u011fi ve eczac\u0131l\u0131k e\u011fitimi ise 5 y\u0131ld\u0131r. Romanya\u2019da \u00fcniversitede okuyabilmek yeterli seviyede Romence bilmelisiniz. Ancak topluma ayak uydurmak i\u00e7in Romence bilmelisiniz. Romence dil e\u011fitimi almas\u0131 gereken \u00f6\u011frenciler i\u00e7in ilk y\u0131l B\u00fckre\u015f \u00dcniversitesi\u2019nde dil haz\u0131rl\u0131k program\u0131 verilmektedir. Dil e\u011fitimi tamamland\u0131ktan sonra okunacak olan b\u00f6l\u00fcme ba\u015flan\u0131r. Romanya\u2019da \u0130ngilizce haz\u0131rl\u0131k bulunmamaktad\u0131r. Romence T\u0131p e\u011fitimi almak isteyenler i\u00e7in bir avantajd\u0131r. T\u0131p okuyan \u00f6\u011frenciler 3. Y\u0131llar\u0131ndan itibaren hastanede aktif olarak e\u011fitim alaca\u011f\u0131ndan Romence bilmelidir.<\/p>\r\n\r\n<p><img decoding=\"async\" src=\"https:\/\/www.myvize.com.tr\/romanya\/wp-content\/uploads\/2021\/09\/46.jpg\" \/><\/p>\r\n\r\n<p>Romanya\u2019da \u00fcniversite kay\u0131tlar\u0131 her y\u0131l May\u0131s ay\u0131nda ba\u015flamaktad\u0131r. T\u0131p fak\u00fcltelerinde e\u011fitim almak isteyenlerin belgelerini Temmuz ay\u0131n\u0131n ortas\u0131na kadar teslim etmesi gerekmektedir. \u0130lk \u00f6nce dil e\u011fitimi alacaklar ise kay\u0131t i\u015flemlerini A\u011fustos ay\u0131na kadar yapt\u0131rmas\u0131 gerekmektedir.<\/p>\r\n\r\n\r\n\r\n<p>Romanya\u2019da \u00fcniversite \u00fccretleri devlet kontrol\u00fcndedir. \u00dcniversiteleri y\u0131ll\u0131k har\u00e7 \u00fccretleri b\u00f6l\u00fcmlere g\u00f6re farkl\u0131l\u0131k g\u00f6stermektedir. Har\u00e7 \u00fccretleri sosyal bilimler ve m\u00fchendislik fak\u00fclteleri i\u00e7in y\u0131ll\u0131k ortalama 2500 Euro iken, T\u0131p, di\u015f hekimli\u011fi ve eczac\u0131l\u0131k b\u00f6l\u00fcm\u00fc i\u00e7in ortalama 4000 Euro\u2019dur. Bu \u00fccretler \u00fcniversitelere g\u00f6re farkl\u0131l\u0131k g\u00f6stermektedir. Ortalama bir \u00fccret verilmi\u015ftir.<\/p>\r\n\r\n\r\n\r\n<p>Romanya\u2019da bulunan baz\u0131 \u00fcniversiteler;<\/p>\r\n\r\n\r\n\r\n<ul class=\"wp-block-list\">\r\n<li>B\u00fckre\u015f \u00dcniversitesi<\/li>\r\n<li>Spiru Haret \u00dcniversitesi<\/li>\r\n<li>Babes-Bolyai \u00dcniversitesi<\/li>\r\n<li>B\u00fckre\u015f Ekonomik Ara\u015ft\u0131rmalar \u00dcniversitesi<\/li>\r\n<li>B\u00fckre\u015f Politeknik \u00dcniversitesi<\/li>\r\n<li>Alexandru loan Cuza \u00dcniversitesi<\/li>\r\n<li>Timi\u015foara Bat\u0131 \u00dcniversitesi<\/li>\r\n<li>Bra\u015fov Transilvanya \u00dcniversitesi<\/li>\r\n<li>Carol Davila T\u0131p ve Eczac\u0131l\u0131k \u00dcniversitesi<\/li>\r\n<li>Oradea \u00dcniversitesi<\/li>\r\n<li>Pitesti \u00dcniversitesi<\/li>\r\n<\/ul>\r\n","protected":false},"excerpt":{"rendered":"<p>Romanya\u2019da \u00fcniversite e\u011fitimi almak isteyen T\u00fcrkiye Cumhuriyeti vatanda\u015flar\u0131 Romanya e\u011fitim vizesi almal\u0131d\u0131r. Romanya\u2019da \u00fcniversite e\u011fitimi g\u00f6rmek i\u00e7in \u00fcniversite s\u0131nav\u0131nda bir yeri kazanma \u015fart\u0131 aranmamaktad\u0131r. Romanya\u2019da bir \u00fcniversiteye kay\u0131t olmak i\u00e7in aranan tek \u015fart lise mezunu olmakt\u0131r. \u00dcniversiteye kabul edildikten sonra y\u0131ll\u0131k har\u00e7 \u00fccreti \u00f6denmeli ve vize ba\u015fvurusu yap\u0131lmal\u0131d\u0131r. Romanya\u2019da isteyen lise mezunu istedi\u011fi b\u00f6l\u00fcme kay\u0131t<\/p>\n","protected":false},"author":1,"featured_media":0,"parent":18,"menu_order":0,"comment_status":"open","ping_status":"closed","template":"","meta":{"footnotes":""},"class_list":["post-53","page","type-page","status-publish","hentry"],"yoast_head":"<!-- This site is optimized with the Yoast SEO plugin v26.8 - https:\/\/yoast.com\/product\/yoast-seo-wordpress\/ -->\n<title>Romanya \u00dcniversite E\u011fitimi Ba\u015fvurusu - MyVize<\/title>\n<meta name=\"description\" content=\"Romanya \u00dcniversite E\u011fitimi Ba\u015fvurusu \u0130\u00e7in Gerekli T\u00fcm Evraklar Listesi 2021 Hemen T\u0131kla! \u00dccretsiz Romanya Vize Randevusu i\u00e7in hemen ara!\" \/>\n<meta name=\"robots\" content=\"index, follow, max-snippet:-1, max-image-preview:large, max-video-preview:-1\" \/>\n<link rel=\"canonical\" href=\"https:\/\/www.myvize.com.tr\/romanya\/vize-islemleri\/romanya-universite-egitimi\/\" \/>\n<meta property=\"og:locale\" content=\"tr_TR\" \/>\n<meta property=\"og:type\" content=\"article\" \/>\n<meta property=\"og:title\" content=\"Romanya \u00dcniversite E\u011fitimi Ba\u015fvurusu - MyVize\" \/>\n<meta property=\"og:description\" content=\"Romanya \u00dcniversite E\u011fitimi Ba\u015fvurusu \u0130\u00e7in Gerekli T\u00fcm Evraklar Listesi 2021 Hemen T\u0131kla! \u00dccretsiz Romanya Vize Randevusu i\u00e7in hemen ara!\" \/>\n<meta property=\"og:url\" content=\"https:\/\/www.myvize.com.tr\/romanya\/vize-islemleri\/romanya-universite-egitimi\/\" \/>\n<meta property=\"og:site_name\" content=\"Romanya Vize Dan\u0131\u015fmanl\u0131k | MyVize\" \/>\n<meta property=\"article:modified_time\" content=\"2022-06-27T18:16:37+00:00\" \/>\n<meta property=\"og:image\" content=\"https:\/\/www.myvize.com.tr\/romanya\/wp-content\/uploads\/2021\/09\/46.jpg\" \/>\n<meta name=\"twitter:card\" content=\"summary_large_image\" \/>\n<meta name=\"twitter:label1\" content=\"Tahmini okuma s\u00fcresi\" \/>\n\t<meta name=\"twitter:data1\" content=\"2 dakika\" \/>\n<script type=\"application\/ld+json\" class=\"yoast-schema-graph\">{\"@context\":\"https:\/\/schema.org\",\"@graph\":[{\"@type\":\"WebPage\",\"@id\":\"https:\/\/www.myvize.com.tr\/romanya\/vize-islemleri\/romanya-universite-egitimi\/\",\"url\":\"https:\/\/www.myvize.com.tr\/romanya\/vize-islemleri\/romanya-universite-egitimi\/\",\"name\":\"Romanya \u00dcniversite E\u011fitimi Ba\u015fvurusu - MyVize\",\"isPartOf\":{\"@id\":\"https:\/\/www.myvize.com.tr\/romanya\/#website\"},\"primaryImageOfPage\":{\"@id\":\"https:\/\/www.myvize.com.tr\/romanya\/vize-islemleri\/romanya-universite-egitimi\/#primaryimage\"},\"image\":{\"@id\":\"https:\/\/www.myvize.com.tr\/romanya\/vize-islemleri\/romanya-universite-egitimi\/#primaryimage\"},\"thumbnailUrl\":\"https:\/\/www.myvize.com.tr\/romanya\/wp-content\/uploads\/2021\/09\/46.jpg\",\"datePublished\":\"2020-11-30T09:50:00+00:00\",\"dateModified\":\"2022-06-27T18:16:37+00:00\",\"description\":\"Romanya \u00dcniversite E\u011fitimi Ba\u015fvurusu \u0130\u00e7in Gerekli T\u00fcm Evraklar Listesi 2021 Hemen T\u0131kla! \u00dccretsiz Romanya Vize Randevusu i\u00e7in hemen ara!\",\"breadcrumb\":{\"@id\":\"https:\/\/www.myvize.com.tr\/romanya\/vize-islemleri\/romanya-universite-egitimi\/#breadcrumb\"},\"inLanguage\":\"tr\",\"potentialAction\":[{\"@type\":\"ReadAction\",\"target\":[\"https:\/\/www.myvize.com.tr\/romanya\/vize-islemleri\/romanya-universite-egitimi\/\"]}]},{\"@type\":\"ImageObject\",\"inLanguage\":\"tr\",\"@id\":\"https:\/\/www.myvize.com.tr\/romanya\/vize-islemleri\/romanya-universite-egitimi\/#primaryimage\",\"url\":\"https:\/\/www.myvize.com.tr\/romanya\/wp-content\/uploads\/2021\/09\/46.jpg\",\"contentUrl\":\"https:\/\/www.myvize.com.tr\/romanya\/wp-content\/uploads\/2021\/09\/46.jpg\",\"width\":800,\"height\":500,\"caption\":\"Romanya \u00dcniversite E\u011fitimi\"},{\"@type\":\"BreadcrumbList\",\"@id\":\"https:\/\/www.myvize.com.tr\/romanya\/vize-islemleri\/romanya-universite-egitimi\/#breadcrumb\",\"itemListElement\":[{\"@type\":\"ListItem\",\"position\":1,\"name\":\"Anasayfa\",\"item\":\"https:\/\/www.myvize.com.tr\/romanya\/\"},{\"@type\":\"ListItem\",\"position\":2,\"name\":\"ROMANYA V\u0130ZE \u0130\u015eLEMLER\u0130\",\"item\":\"https:\/\/www.myvize.com.tr\/romanya\/vize-islemleri\/\"},{\"@type\":\"ListItem\",\"position\":3,\"name\":\"Romanya \u00dcniversite E\u011fitimi\"}]},{\"@type\":\"WebSite\",\"@id\":\"https:\/\/www.myvize.com.tr\/romanya\/#website\",\"url\":\"https:\/\/www.myvize.com.tr\/romanya\/\",\"name\":\"Romanya Vize Dan\u0131\u015fmanl\u0131k | MyVize\",\"description\":\"\",\"potentialAction\":[{\"@type\":\"SearchAction\",\"target\":{\"@type\":\"EntryPoint\",\"urlTemplate\":\"https:\/\/www.myvize.com.tr\/romanya\/?s={search_term_string}\"},\"query-input\":{\"@type\":\"PropertyValueSpecification\",\"valueRequired\":true,\"valueName\":\"search_term_string\"}}],\"inLanguage\":\"tr\"}]}<\/script>\n<!-- \/ Yoast SEO plugin. -->","yoast_head_json":{"title":"Romanya \u00dcniversite E\u011fitimi Ba\u015fvurusu - MyVize","description":"Romanya \u00dcniversite E\u011fitimi Ba\u015fvurusu \u0130\u00e7in Gerekli T\u00fcm Evraklar Listesi 2021 Hemen T\u0131kla! \u00dccretsiz Romanya Vize Randevusu i\u00e7in hemen ara!","robots":{"index":"index","follow":"follow","max-snippet":"max-snippet:-1","max-image-preview":"max-image-preview:large","max-video-preview":"max-video-preview:-1"},"canonical":"https:\/\/www.myvize.com.tr\/romanya\/vize-islemleri\/romanya-universite-egitimi\/","og_locale":"tr_TR","og_type":"article","og_title":"Romanya \u00dcniversite E\u011fitimi Ba\u015fvurusu - MyVize","og_description":"Romanya \u00dcniversite E\u011fitimi Ba\u015fvurusu \u0130\u00e7in Gerekli T\u00fcm Evraklar Listesi 2021 Hemen T\u0131kla! \u00dccretsiz Romanya Vize Randevusu i\u00e7in hemen ara!","og_url":"https:\/\/www.myvize.com.tr\/romanya\/vize-islemleri\/romanya-universite-egitimi\/","og_site_name":"Romanya Vize Dan\u0131\u015fmanl\u0131k | MyVize","article_modified_time":"2022-06-27T18:16:37+00:00","og_image":[{"url":"https:\/\/www.myvize.com.tr\/romanya\/wp-content\/uploads\/2021\/09\/46.jpg","type":"","width":"","height":""}],"twitter_card":"summary_large_image","twitter_misc":{"Tahmini okuma s\u00fcresi":"2 dakika"},"schema":{"@context":"https:\/\/schema.org","@graph":[{"@type":"WebPage","@id":"https:\/\/www.myvize.com.tr\/romanya\/vize-islemleri\/romanya-universite-egitimi\/","url":"https:\/\/www.myvize.com.tr\/romanya\/vize-islemleri\/romanya-universite-egitimi\/","name":"Romanya \u00dcniversite E\u011fitimi Ba\u015fvurusu - MyVize","isPartOf":{"@id":"https:\/\/www.myvize.com.tr\/romanya\/#website"},"primaryImageOfPage":{"@id":"https:\/\/www.myvize.com.tr\/romanya\/vize-islemleri\/romanya-universite-egitimi\/#primaryimage"},"image":{"@id":"https:\/\/www.myvize.com.tr\/romanya\/vize-islemleri\/romanya-universite-egitimi\/#primaryimage"},"thumbnailUrl":"https:\/\/www.myvize.com.tr\/romanya\/wp-content\/uploads\/2021\/09\/46.jpg","datePublished":"2020-11-30T09:50:00+00:00","dateModified":"2022-06-27T18:16:37+00:00","description":"Romanya \u00dcniversite E\u011fitimi Ba\u015fvurusu \u0130\u00e7in Gerekli T\u00fcm Evraklar Listesi 2021 Hemen T\u0131kla! \u00dccretsiz Romanya Vize Randevusu i\u00e7in hemen ara!","breadcrumb":{"@id":"https:\/\/www.myvize.com.tr\/romanya\/vize-islemleri\/romanya-universite-egitimi\/#breadcrumb"},"inLanguage":"tr","potentialAction":[{"@type":"ReadAction","target":["https:\/\/www.myvize.com.tr\/romanya\/vize-islemleri\/romanya-universite-egitimi\/"]}]},{"@type":"ImageObject","inLanguage":"tr","@id":"https:\/\/www.myvize.com.tr\/romanya\/vize-islemleri\/romanya-universite-egitimi\/#primaryimage","url":"https:\/\/www.myvize.com.tr\/romanya\/wp-content\/uploads\/2021\/09\/46.jpg","contentUrl":"https:\/\/www.myvize.com.tr\/romanya\/wp-content\/uploads\/2021\/09\/46.jpg","width":800,"height":500,"caption":"Romanya \u00dcniversite E\u011fitimi"},{"@type":"BreadcrumbList","@id":"https:\/\/www.myvize.com.tr\/romanya\/vize-islemleri\/romanya-universite-egitimi\/#breadcrumb","itemListElement":[{"@type":"ListItem","position":1,"name":"Anasayfa","item":"https:\/\/www.myvize.com.tr\/romanya\/"},{"@type":"ListItem","position":2,"name":"ROMANYA V\u0130ZE \u0130\u015eLEMLER\u0130","item":"https:\/\/www.myvize.com.tr\/romanya\/vize-islemleri\/"},{"@type":"ListItem","position":3,"name":"Romanya \u00dcniversite E\u011fitimi"}]},{"@type":"WebSite","@id":"https:\/\/www.myvize.com.tr\/romanya\/#website","url":"https:\/\/www.myvize.com.tr\/romanya\/","name":"Romanya Vize Dan\u0131\u015fmanl\u0131k | MyVize","description":"","potentialAction":[{"@type":"SearchAction","target":{"@type":"EntryPoint","urlTemplate":"https:\/\/www.myvize.com.tr\/romanya\/?s={search_term_string}"},"query-input":{"@type":"PropertyValueSpecification","valueRequired":true,"valueName":"search_term_string"}}],"inLanguage":"tr"}]}},"_links":{"self":[{"href":"https:\/\/www.myvize.com.tr\/romanya\/wp-json\/wp\/v2\/pages\/53","targetHints":{"allow":["GET"]}}],"collection":[{"href":"https:\/\/www.myvize.com.tr\/romanya\/wp-json\/wp\/v2\/pages"}],"about":[{"href":"https:\/\/www.myvize.com.tr\/romanya\/wp-json\/wp\/v2\/types\/page"}],"author":[{"embeddable":true,"href":"https:\/\/www.myvize.com.tr\/romanya\/wp-json\/wp\/v2\/users\/1"}],"replies":[{"embeddable":true,"href":"https:\/\/www.myvize.com.tr\/romanya\/wp-json\/wp\/v2\/comments?post=53"}],"version-history":[{"count":6,"href":"https:\/\/www.myvize.com.tr\/romanya\/wp-json\/wp\/v2\/pages\/53\/revisions"}],"predecessor-version":[{"id":1238,"href":"https:\/\/www.myvize.com.tr\/romanya\/wp-json\/wp\/v2\/pages\/53\/revisions\/1238"}],"up":[{"embeddable":true,"href":"https:\/\/www.myvize.com.tr\/romanya\/wp-json\/wp\/v2\/pages\/18"}],"wp:attachment":[{"href":"https:\/\/www.myvize.com.tr\/romanya\/wp-json\/wp\/v2\/media?parent=53"}],"curies":[{"name":"wp","href":"https:\/\/api.w.org\/{rel}","templated":true}]}}