{"id":92,"date":"2020-11-30T13:07:02","date_gmt":"2020-11-30T10:07:02","guid":{"rendered":"https:\/\/www.myvize.com.tr\/romanya\/?page_id=92"},"modified":"2022-06-27T12:12:18","modified_gmt":"2022-06-27T09:12:18","slug":"romanya-konsolosluk-islemleri","status":"publish","type":"page","link":"https:\/\/www.myvize.com.tr\/romanya\/konsolosluklar\/romanya-konsolosluk-islemleri\/","title":{"rendered":"Romanya Konsolosluk \u0130\u015flemleri"},"content":{"rendered":"<h2><span style=\"font-family: Roboto; font-size: 27px;\"><strong>Romanya Konsolosluk Departmanlar\u0131<\/strong><\/span><\/h2>\n<p><span style=\"font-family: Roboto; font-size: 14px;\"><span style=\"color: #2acec2;\"><strong><a style=\"color: #2acec2;\" href=\"https:\/\/www.myvize.com.tr\/romanya\/konsolosluklar\/romanya-istanbul-fahri-konsoloslugu\/\" target=\"_blank\" rel=\"noopener\">Romanya \u0130stanbul Ba\u015fkonsoloslu\u011fu<\/a><\/strong><\/span> T\u00fcrkiye Cumhuriyeti s\u0131n\u0131rlar\u0131nda ya\u015fayan Romanya vatanda\u015flar\u0131na resmi s\u00fcre\u00e7lerde destek olmak ile birlikte, T\u00fcrkiye Cumhuriyeti ile Romanya aras\u0131nda geli\u015fen ticari ili\u015fkileri d\u00fczenlemek ve T\u00fcrk vatanda\u015flara vize verme hizmeti sunmaktad\u0131r.<strong> Romanya Konsoloslu\u011fu<\/strong>, Ba\u015fkonsoloslu\u011fu ve B\u00fcy\u00fckel\u00e7ili\u011fi b\u00fcnyesinde Romanya vatanda\u015flar\u0131na hizmet verebilecek bir\u00e7ok departman bulunmaktad\u0131r. Romanya Ba\u015fkonsolosluk departmanlar\u0131 a\u015fa\u011f\u0131da s\u0131ralanm\u0131\u015ft\u0131r:<\/span><\/p>\n<ul>\n<li><span style=\"font-family: Roboto; font-size: 14px;\">Y\u00f6netim B\u00f6l\u00fcm\u00fcnde Romanya Konsoloslu\u011fu\u2019nun y\u00f6netimi ele al\u0131nmakta.<\/span><\/li>\n<li><span style=\"font-family: Roboto; font-size: 14px;\">Sekreterlik B\u00f6l\u00fcm\u00fc b\u00fct\u00fcn resmi yaz\u0131\u015fmalar\u0131n y\u00fcr\u00fct\u00fcld\u00fc\u011f\u00fc b\u00f6l\u00fcmd\u00fcr.<\/span><\/li>\n<li><span style=\"font-family: Roboto; font-size: 14px;\">Konsolosluk \u0130\u015fleri B\u00f6l\u00fcm\u00fc ise Romanya vatanda\u015flar\u0131ndan yasal olarak T\u00fcrkiye\u2019de ikamet edenlerin konsolosluk i\u015flemleri y\u00fcr\u00fct\u00fcl\u00fcr.<\/span><\/li>\n<li><span style=\"font-family: Roboto; font-size: 14px;\">Ticaret B\u00f6l\u00fcm\u00fcnde ise Romanya ve T\u00fcrkiye aras\u0131ndaki ticari anla\u015fmalar\u0131 ve ili\u015fkileri geli\u015ftirmek ama\u00e7lan\u0131r.<\/span><\/li>\n<li><span style=\"font-family: Roboto; font-size: 14px;\">Vize B\u00f6l\u00fcm\u00fcnde T\u00fcrk vatanda\u015flar\u0131ndan Romanya\u2019ya ziyaret etmek isteyen ve T\u00fcrkiye\u2019de oturum izni olan di\u011fer yabanc\u0131 \u00fclke vatanda\u015flar\u0131na y\u00f6nelik, seyahatleri i\u00e7in vize verme hizmeti sunulur.<\/span><\/li>\n<li><span style=\"font-family: Roboto; font-size: 14px;\">Siyaset B\u00f6l\u00fcm\u00fcnde ise <strong>Romanya ve T\u00fcrkiye<\/strong> aras\u0131ndaki diplomatik ve siyasi ili\u015fkiler d\u00fczenlenir.<\/span><\/li>\n<\/ul>\n<h2><span style=\"font-family: Roboto; font-size: 27px;\"><strong>Romanya Konsoloslu\u011fu&#8217;nda Hangi \u0130\u015flemler Yap\u0131l\u0131r?<\/strong><\/span><\/h2>\n<p><span style=\"font-family: Roboto; font-size: 14px;\">Romanya Konsoloslu\u011funa bizzat giderek ya da internet sitesi \u00fczerinden giri\u015f yaparak, Romanya ile ilgili genel bilgiler \u00f6\u011frenebilirsiniz. Internet sitesinde geni\u015f bilgiler yer veren <strong>Romanya Konsoloslu\u011fu<\/strong>, bir\u00e7ok konuya de\u011fin a\u00e7\u0131klamalar\u0131n\u0131 internet sitesi arac\u0131l\u0131\u011f\u0131 ile yay\u0131mlamaktad\u0131r.<\/span><\/p>\n<p><span style=\"font-family: Roboto; font-size: 14px;\">Romanya\u2019ya ait genel bilgilerin yer ald\u0131\u011f\u0131 resmi internet sitesinde; Romanya Konsoloslu\u011fu, Hakk\u0131m\u0131zda, Romanya Hakk\u0131nda ve Duyurular sekmelerine giri\u015f yaparak bilgi alabilirsiniz.<\/span><\/p>\n<p><span style=\"font-family: Roboto; font-size: 14px;\"><span style=\"color: #2acec2;\"><strong><a style=\"color: #2acec2;\" href=\"https:\/\/www.myvize.com.tr\/romanya\/vize-islemleri\/\" target=\"_blank\" rel=\"noopener\">Romanya vize i\u015flemleri<\/a><\/strong><\/span> ger\u00e7ekle\u015ftirmek isteyen vatanda\u015flar i\u00e7in de <strong>Romanya Vizesi<\/strong> ve t\u00fcrleri hakk\u0131nda a\u00e7\u0131klamalar yer almaktad\u0131r. Vatanda\u015flar\u0131n ba\u015fvuru yapabilece\u011fi vize t\u00fcrleri:<\/span><\/p>\n<ul>\n<li><span style=\"font-family: Roboto; font-size: 14px;\">Romanya Ticari Vize<\/span><\/li>\n<li><span style=\"font-family: Roboto; font-size: 14px;\">Romanya Turistik Vize<\/span><\/li>\n<li><span style=\"font-family: Roboto; font-size: 14px;\">Romanya Erasmus Vize<\/span><\/li>\n<li><span style=\"font-family: Roboto; font-size: 14px;\">Romanya \u015eof\u00f6r Vizesi<\/span><\/li>\n<li><span style=\"font-family: Roboto; font-size: 14px;\">Romanya Aile Birle\u015fimi Vizesi<\/span><\/li>\n<li><span style=\"font-family: Roboto; font-size: 14px;\">Romanya Transit Vize<\/span><\/li>\n<li><span style=\"font-family: Roboto; font-size: 14px;\">Romanya Dil Okulu Vizesi<\/span><\/li>\n<li><span style=\"font-family: Roboto; font-size: 14px;\">Romanya Aile Ziyareti Vizesi<\/span><\/li>\n<li><span style=\"font-family: Roboto; font-size: 14px;\">Romanya \u00c7al\u0131\u015fma \u0130zni<\/span><\/li>\n<li><span style=\"font-family: Roboto; font-size: 14px;\">Romanya Oturum \u0130zni<\/span><\/li>\n<\/ul>\n<p><span style=\"font-family: Roboto; font-size: 14px;\">Romanya\u2019y\u0131 ziyaret etmek isteyen vatanda\u015flardan vize talep eden<strong> Romanya Konsoloslu\u011fu<\/strong>, Vize Ba\u015fvuru Formunu sitesinde yay\u0131mlam\u0131\u015ft\u0131r.<\/span><\/p>\n<h2><span style=\"font-family: Roboto; font-size: 27px;\"><strong>Romanya Konsoloslu\u011fu Vize \u0130\u015flemleri<\/strong><\/span><\/h2>\n<p><span style=\"font-family: Roboto; font-size: 14px;\">Romanya konsoloslu\u011fundan vize i\u015flemleri yapmak isten vatanda\u015flar\u0131n \u00f6ncelikle pasaporta sahip olmas\u0131 gerekmektedir. \u0130htiyaca ve seyahat plan\u0131na uygun olan vize t\u00fcr\u00fcne karar verdikten hemen sonras\u0131nda Romanya Konsoloslu\u011funa ait resm\u00ee sitesinde yer alan Vize Ba\u015fvuru Formunu doldurmalar\u0131 beklenir.<\/span><\/p>\n<p><span style=\"font-family: Roboto; font-size: 14px;\">Gerekli vize har\u00e7 bedelini belirtilen hesaba yat\u0131rd\u0131ktan sonra vize randevusu alan vatanda\u015flar\u0131n istenen belgeleri iletmesi halinde di\u011fer bir ad\u0131m olan onay alma s\u00fcreci ba\u015flamaktad\u0131r. \u015eartlara uygun olmas\u0131 dahilinde ba\u015fvurular\u0131n vize onay\u0131 almas\u0131 beklenir. Romanya Vize Reddi, <strong>Romanya Vatanda\u015fl\u0131k \u0130\u015flemleri<\/strong>, <strong>Romanya Vize Randevusu<\/strong> hakk\u0131nda ayr\u0131nt\u0131l\u0131 bilgiye de siteden ula\u015fabilirler.<\/span><\/p>\n<p><span style=\"font-family: Roboto; font-size: 14px;\">T\u00fcrkiye\u2019de yer alan resmi Romanya Konsolosluklar\u0131:<\/span><\/p>\n<ul>\n<li><strong><span style=\"font-family: Roboto; font-size: 14px;\">Romanya Ankara B\u00fcy\u00fckel\u00e7ili\u011fi<\/span><\/strong><\/li>\n<li><span style=\"font-family: Roboto; font-size: 14px;\">Romanya Antalya Konsoloslu\u011fu<\/span><\/li>\n<li><span style=\"font-family: Roboto; font-size: 14px;\">Romanya \u0130stanbul Ba\u015fkonsoloslu\u011fu<\/span><\/li>\n<li><span style=\"font-family: Roboto; font-size: 14px;\">Romanya \u0130zmir Ba\u015fkonsoloslu\u011fu<\/span><\/li>\n<li><span style=\"font-family: Roboto; font-size: 14px;\">Romanya Kayseri Fahri Konsoloslu\u011fu<\/span><\/li>\n<li><span style=\"color: #2acec2;\"><strong><a style=\"color: #2acec2;\" href=\"https:\/\/www.myvize.com.tr\/romanya\/konsolosluklar\/bursa-fahri-konsoloslugu\/\" target=\"_blank\" rel=\"noopener\"><span style=\"font-family: Roboto; font-size: 14px;\">Romanya Bursa Fahri Konsoloslu\u011fu<\/span><\/a><\/strong><\/span><\/li>\n<li><span style=\"font-family: Roboto; font-size: 14px;\">Romanya Trabzon Fahri Konsoloslu\u011fu<\/span><\/li>\n<li><span style=\"font-family: Roboto; font-size: 14px;\">Romanya Edirne Fahri Konsoloslu\u011fu<\/span><\/li>\n<li><span style=\"font-family: Roboto; font-size: 14px;\">Romanya Bodrum Fahri Konsoloslu\u011fu<\/span><\/li>\n<li><span style=\"font-family: Roboto; font-size: 14px;\">Romanya Gaziantep Fahri Konsoloslu\u011fu<\/span><\/li>\n<\/ul>\n<h3><span style=\"font-family: Roboto; font-size: 24px;\"><strong>Romanya Konsoloslu\u011fu Pasaport \u0130\u015flemleri<\/strong><\/span><\/h3>\n<p><span style=\"font-family: Roboto; font-size: 14px;\"><strong>Romen vatanda\u015flar\u0131<\/strong> i\u00e7in sunulan konsolosluk hizmetlerinden biri de pasaport i\u015flemleridir.<\/span><\/p>\n<p><span style=\"font-family: Roboto; font-size: 14px;\">Romanya vatanda\u015flar\u0131n\u0131n ba\u015fvurular\u0131na istinaden, ge\u00e7ici olarak haz\u0131rlana seyahat evraklar\u0131; seyahat belgesi ya da ge\u00e7ici pasaport gibi evraklar d\u00fczenlenmekte ya da s\u00fcresi dolan evraklar\u0131n tekrar yenilmesi hususunda yard\u0131mc\u0131 olunmaktad\u0131r.<\/span><\/p>\n<p><span style=\"font-family: Roboto; font-size: 14px;\">Yine <strong>Romen vatanda\u015flar<\/strong> i\u00e7in medeni haline de\u011fin evraklar\u0131n haz\u0131rlanmas\u0131 hususunda yard\u0131m ediliyor, bu evraklar aras\u0131nda; do\u011fum belgesi, evlilik belgesi ya da \u00f6l\u00fcm sertifikalar\u0131 gibi evraklar yer al\u0131yor.<\/span><\/p>\n<p><span style=\"font-family: Roboto; font-size: 14px;\">Romanya Ba\u015fkonsoloslu\u011funa ait yap\u0131lan i\u015flemler hakk\u0131nda bilgi almak i\u00e7in resmi makamlar\u0131 ya da resmi internet sitelerini ziyaret edebilirsiniz.<\/span><\/p>\n<p><span style=\"font-family: Roboto; font-size: 14px;\">Adres: Etiler, Yanarsu Sk. Narin Sitesi No:42, 34437 Be\u015fikta\u015f\/\u0130stanbul<\/span><\/p>\n<p><span style=\"font-family: Roboto; font-size: 14px;\">Telefon Numaras\u0131: 0850 346 84 93<\/span><\/p>\n<p><span style=\"font-family: Roboto; font-size: 14px;\">Hafta sonlar\u0131 kapal\u0131 olan konsolosluk, hafta i\u00e7i t\u00fcm g\u00fcnler i\u00e7in saat 09:00 ile 15:00 aras\u0131nda hizmet vermektedir. Romanya ve T\u00fcrkiye\u2019 de ge\u00e7erli olan resmi tatillerde i\u015flem yap\u0131lamamaktad\u0131r.<\/span><\/p>\n<p><span style=\"font-family: Roboto; font-size: 14px;\"><img decoding=\"async\" src=\"https:\/\/www.myvize.com.tr\/romanya\/wp-content\/uploads\/2021\/09\/82.jpg\" \/><\/span><\/p>\n<h3><strong><span style=\"font-family: Roboto; font-size: 24px;\">Romanya Vize Randevusu Nas\u0131l Al\u0131n\u0131r?<\/span><\/strong><\/h3>\n<p><span style=\"font-family: Roboto; font-size: 14px;\"><strong>Romanya vize randevular\u0131<\/strong> en ge\u00e7 iki hafta sonras\u0131 i\u00e7in verilmektedir. Romanya vize randevusu Romanya vize ba\u015fvurusu kabul eden vize servis arac\u0131l\u0131\u011f\u0131yla almaktad\u0131r. Romanya&#8217;ya seyahat etmeyi isteyen Umuma Mahsus\u00a0\u00a0pasaporta hamil T\u00fcrkiye Cumhuriyeti vatanda\u015flar\u0131 bu \u00fclkeye girebilmek i\u00e7in Romanya vizesini almakla sorumludur. Dolay\u0131s\u0131yla <strong>Romanya&#8217;ya seyahat<\/strong> edecek Umum Mahsus hamili ki\u015fi k\u0131sa s\u00fcreli (90 g\u00fcne kadar) olan seyahatler i\u00e7in Romanya vizesine ba\u015fvurmal\u0131d\u0131r. \u00a0\u00a0Hususi, Diplomat veya\u00a0\u00a0Hizmet Pasaportu hamili T\u00fcrkiye Cumhuriyeti vatanda\u015flar\u0131, 180 g\u00fcn i\u00e7erisinde 90 g\u00fcn a\u015fmayan seyahatler i\u00e7in Romanya vizesinden muaf tutulmakta. Buna ek\u00a0\u00a0ara\u00e7 firma hizmeti \u00fccreti talep etmektedir. Romanya vizesi de i\u015flemleri h\u0131zland\u0131rmak ve \u00f6zel servisten dolay\u0131 ek servisler \u00fccreti talep edilmektedir. Romanya vizesi \u00fccretleri nakit olarak \u00f6denmektedir ve i\u015flemin iptal edilmesi ya da vize ba\u015fvurusunun reddedilmesi durumunda \u00fccret iadeleri bulunmamaktad\u0131r.<\/span><\/p>\n<h3><strong><span style=\"font-family: Roboto; font-size: 24px;\">Romanya Vize Randevu Tarihi De\u011fi\u015ftirme Nas\u0131l Yap\u0131l\u0131r?<\/span><\/strong><\/h3>\n<p><span style=\"font-family: Roboto; font-size: 14px;\">Romanya \u00fclkesine seyahat etmek i\u00e7in randevu al\u0131nd\u0131ktan sonra ki\u015fi randevusunun tarihini de\u011fi\u015ftirmek zorunda kalabilmektedir. B\u00f6yle bir duruma kar\u015f\u0131la\u015fan birey randevu tarihlerini nas\u0131l de\u011fi\u015ftirebilirim konusunda ara\u015ft\u0131rma yapmaktad\u0131r. Randevu tarihlerini de\u011fi\u015ftirmek olduk\u00e7a kolay bir i\u015flemdir. Ancak randevu tarihleri de\u011fi\u015ftiremeyen birey sistemi \u00fczerinden \u00f6nce randevu iptal ederek tekrardan yeni bir randevu sistemini olu\u015fturabilmektedir. Her \u015fekilde randevu tarihleri de\u011fi\u015ftirmek m\u00fcmk\u00fcnd\u00fcr. Ancak \u00f6nemli olan randevu tarihini ve saatinde konsoloslukta bulunmakt\u0131r. Bundan dolay\u0131 da randevu tarihleri al\u0131nmas\u0131 s\u0131ras\u0131nda dikkat etmesi gerekmektedir. Genellikle <strong>Romanya konsoloslu\u011fu<\/strong> taraf\u0131ndan vize randevusunu\u00a0\u00a0en ge\u00e7 14 g\u00fcn sonra i\u00e7erisinde vermektedir. Bundan dolay\u0131 birey planlad\u0131\u011f\u0131 g\u00fcnlerde Romanya \u00fclkesinde yer alabilmek i\u00e7in randevu tarihleri planlayarak almas\u0131 gerekmekte. Ayr\u0131ca\u00a0\u00a0vize randevusunu 14 g\u00fcn sonras\u0131 i\u00e7in verilmesi de birey i\u00e7in avantajd\u0131r. \u00a0<\/span><\/p>\n<h3><strong><span style=\"font-family: Roboto; font-size: 24px;\">Romanya Konsolosluk \u0130\u015flemleri Ne Kadar S\u00fcrer?<\/span><\/strong><\/h3>\n<p><span style=\"font-family: Roboto; font-size: 14px;\"><strong>Romanya vizesi<\/strong> i\u00e7in gerekli belgenin haz\u0131rlanmas\u0131 ve konsoloslu\u011fa beyan etmesiyle, ba\u015fvuru de\u011ferlendirmesi ve onay s\u00fcre\u00e7leri ba\u015flar. Ba\u015fvuru onay s\u00fcre\u00e7leri yakla\u015f\u0131k olarak 4 ve 15 g\u00fcn aras\u0131 sonu\u00e7lanmaktad\u0131r. \u00d6n g\u00f6r\u00fclen bu zaman, baz\u0131 etmene ba\u011fl\u0131 olarak de\u011fi\u015fiklik g\u00f6stermekte. Konsoloslu\u011fa sunulan belgede yanl\u0131\u015fl\u0131k olmas\u0131, beyan edilen belge ile Romanya vize ba\u015fvuru formunda ki bilgilerin birbirini tutmamalar\u0131, konsolosluk resmi tatil g\u00fcn\u00fcne denk gelen ba\u015fvuru, Romanya konsoloslu\u011funu ba\u015fvuru sahibinden ek olarak yeni belge istemesi gibi sebep, ba\u015fvuru de\u011ferlendirme s\u00fcre\u00e7lerini uzat\u0131r. Romanya vize ba\u015fvurusu, online bir E-vize sistemleri \u00fczerinden yap\u0131l\u0131r. Ba\u015fvuru dosyas\u0131 sisteme girilip, <strong>Romanya vize ba\u015fvuru formu<\/strong> doldurulduktan sonra, E-vize sistemleri, ba\u015fvuru sahiplerine bir konsolosluk randevusunu tan\u0131mlar. Sistem \u00fczerinden al\u0131nan randevu tarihlerinde konsoloslu\u011fa giderek, sunmas\u0131 gereken belge sunulur ve ba\u015fvuru sahipleri bir m\u00fclakata girer. Konsolosluk, ba\u015fvuru sahiplerinin ge\u00e7irdi\u011fi prosed\u00fcr\u00fc olumlu de\u011ferlendirirse, <strong>Romanya vizesi ba\u015fvurusu<\/strong> onaylan\u0131r. \u00a0<\/span><\/p>\n<h3><strong><span style=\"font-family: Roboto; font-size: 24px;\">Romanya Vize Randevu \u0130ptali<\/span><\/strong><\/h3>\n<p><span style=\"font-family: Roboto; font-size: 14px;\">Romanya \u00fclkesine gitmek i\u00e7in vize randevusunu alan ki\u015fi, randevu s\u00fcresi i\u00e7erisinde fikrini de\u011fi\u015ftirebilmektedir. Baz\u0131 nedenlerden dolay\u0131 \u00fclkeye ziyaret etmekten vazge\u00e7en ki\u015filer vize randevular\u0131n\u0131 iptal etmek istemektedir. Bundan dolay\u0131 da internet \u00fczerinde vize randevusunu nas\u0131l iptal edilir sorusu \u00e7ok fazla ara\u015ft\u0131r\u0131lmaktad\u0131r. Asl\u0131nda vize randevusunu iptali olduk\u00e7a kolay ve k\u0131sa s\u00fcren bir i\u015flemdir. Romanya \u00fclkesine ait konsoloslu\u011fu internet sitesi \u00fczerinden vize randevusunun iptal ger\u00e7ekle\u015ftirilmektedir. Vize randevusunun iptal i\u015flemleri s\u0131ras\u0131nda baz\u0131 sorular y\u00f6netilmektedir. \u00a0\u00a0Romanya \u00fclkesine seyahat etmek i\u00e7in randevu al\u0131nd\u0131ktan sonra ki\u015filer randevunun tarihlerini de\u011fi\u015ftirmek zorunda kalabilmektedir. Ancak Randevu tarihleri de\u011fi\u015ftiremeyen birey sistemi \u00fczerinden \u00f6nce randevu iptal edilerek tekrardan yeni bir randevu sistemi olu\u015fturabilmektedir. Her \u015fekilde randevu tarihlerini de\u011fi\u015ftirmek m\u00fcmk\u00fcnd\u00fcr. Ancak \u00f6nemli olan randevu tarihi ve saati konsoloslu\u011funda bulunmakt\u0131r. Bundan dolay\u0131 da randevu tarihleri al\u0131nmas\u0131 s\u0131ras\u0131nda dikkat edilmesi gerekmektedir.<\/span><\/p>\n","protected":false},"excerpt":{"rendered":"<p>Romanya Konsolosluk Departmanlar\u0131 Romanya \u0130stanbul Ba\u015fkonsoloslu\u011fu T\u00fcrkiye Cumhuriyeti s\u0131n\u0131rlar\u0131nda ya\u015fayan Romanya vatanda\u015flar\u0131na resmi s\u00fcre\u00e7lerde destek olmak ile birlikte, T\u00fcrkiye Cumhuriyeti ile Romanya aras\u0131nda geli\u015fen ticari ili\u015fkileri d\u00fczenlemek ve T\u00fcrk vatanda\u015flara vize verme hizmeti sunmaktad\u0131r. Romanya Konsoloslu\u011fu, Ba\u015fkonsoloslu\u011fu ve B\u00fcy\u00fckel\u00e7ili\u011fi b\u00fcnyesinde Romanya vatanda\u015flar\u0131na hizmet verebilecek bir\u00e7ok departman bulunmaktad\u0131r. Romanya Ba\u015fkonsolosluk departmanlar\u0131 a\u015fa\u011f\u0131da s\u0131ralanm\u0131\u015ft\u0131r: Y\u00f6netim B\u00f6l\u00fcm\u00fcnde Romanya<\/p>\n","protected":false},"author":1,"featured_media":0,"parent":69,"menu_order":0,"comment_status":"open","ping_status":"closed","template":"","meta":{"footnotes":""},"class_list":["post-92","page","type-page","status-publish","hentry"],"yoast_head":"<!-- This site is optimized with the Yoast SEO plugin v26.8 - https:\/\/yoast.com\/product\/yoast-seo-wordpress\/ -->\n<title>Romanya Konsolosluk \u0130\u015flemleri - MyVize Vize Ba\u015fvuru Merkezi<\/title>\n<meta name=\"description\" content=\"Romanya Konsolosluk \u0130\u015flemleri nas\u0131l yap\u0131l\u0131r? Romanya Konsolosluk \u0130\u015flemleri nelerdir? Romanya Konsolosluk ileti\u015fim bilgileri nelerdir?\" \/>\n<meta name=\"robots\" content=\"index, follow, max-snippet:-1, max-image-preview:large, max-video-preview:-1\" \/>\n<link rel=\"canonical\" href=\"https:\/\/www.myvize.com.tr\/romanya\/konsolosluklar\/romanya-konsolosluk-islemleri\/\" \/>\n<meta property=\"og:locale\" content=\"tr_TR\" \/>\n<meta property=\"og:type\" content=\"article\" \/>\n<meta property=\"og:title\" content=\"Romanya Konsolosluk \u0130\u015flemleri - MyVize Vize Ba\u015fvuru Merkezi\" \/>\n<meta property=\"og:description\" content=\"Romanya Konsolosluk \u0130\u015flemleri nas\u0131l yap\u0131l\u0131r? Romanya Konsolosluk \u0130\u015flemleri nelerdir? Romanya Konsolosluk ileti\u015fim bilgileri nelerdir?\" \/>\n<meta property=\"og:url\" content=\"https:\/\/www.myvize.com.tr\/romanya\/konsolosluklar\/romanya-konsolosluk-islemleri\/\" \/>\n<meta property=\"og:site_name\" content=\"Romanya Vize Dan\u0131\u015fmanl\u0131k | MyVize\" \/>\n<meta property=\"article:modified_time\" content=\"2022-06-27T09:12:18+00:00\" \/>\n<meta property=\"og:image\" content=\"https:\/\/www.myvize.com.tr\/romanya\/wp-content\/uploads\/2021\/09\/82.jpg\" \/>\n<meta name=\"twitter:card\" content=\"summary_large_image\" \/>\n<meta name=\"twitter:label1\" content=\"Tahmini okuma s\u00fcresi\" \/>\n\t<meta name=\"twitter:data1\" content=\"7 dakika\" \/>\n<script type=\"application\/ld+json\" class=\"yoast-schema-graph\">{\"@context\":\"https:\/\/schema.org\",\"@graph\":[{\"@type\":\"WebPage\",\"@id\":\"https:\/\/www.myvize.com.tr\/romanya\/konsolosluklar\/romanya-konsolosluk-islemleri\/\",\"url\":\"https:\/\/www.myvize.com.tr\/romanya\/konsolosluklar\/romanya-konsolosluk-islemleri\/\",\"name\":\"Romanya Konsolosluk \u0130\u015flemleri - MyVize Vize Ba\u015fvuru Merkezi\",\"isPartOf\":{\"@id\":\"https:\/\/www.myvize.com.tr\/romanya\/#website\"},\"primaryImageOfPage\":{\"@id\":\"https:\/\/www.myvize.com.tr\/romanya\/konsolosluklar\/romanya-konsolosluk-islemleri\/#primaryimage\"},\"image\":{\"@id\":\"https:\/\/www.myvize.com.tr\/romanya\/konsolosluklar\/romanya-konsolosluk-islemleri\/#primaryimage\"},\"thumbnailUrl\":\"https:\/\/www.myvize.com.tr\/romanya\/wp-content\/uploads\/2021\/09\/82.jpg\",\"datePublished\":\"2020-11-30T10:07:02+00:00\",\"dateModified\":\"2022-06-27T09:12:18+00:00\",\"description\":\"Romanya Konsolosluk \u0130\u015flemleri nas\u0131l yap\u0131l\u0131r? Romanya Konsolosluk \u0130\u015flemleri nelerdir? Romanya Konsolosluk ileti\u015fim bilgileri nelerdir?\",\"breadcrumb\":{\"@id\":\"https:\/\/www.myvize.com.tr\/romanya\/konsolosluklar\/romanya-konsolosluk-islemleri\/#breadcrumb\"},\"inLanguage\":\"tr\",\"potentialAction\":[{\"@type\":\"ReadAction\",\"target\":[\"https:\/\/www.myvize.com.tr\/romanya\/konsolosluklar\/romanya-konsolosluk-islemleri\/\"]}]},{\"@type\":\"ImageObject\",\"inLanguage\":\"tr\",\"@id\":\"https:\/\/www.myvize.com.tr\/romanya\/konsolosluklar\/romanya-konsolosluk-islemleri\/#primaryimage\",\"url\":\"https:\/\/www.myvize.com.tr\/romanya\/wp-content\/uploads\/2021\/09\/82.jpg\",\"contentUrl\":\"https:\/\/www.myvize.com.tr\/romanya\/wp-content\/uploads\/2021\/09\/82.jpg\",\"width\":800,\"height\":500,\"caption\":\"Romanya Konsolosluk \u0130\u015flemleri\"},{\"@type\":\"BreadcrumbList\",\"@id\":\"https:\/\/www.myvize.com.tr\/romanya\/konsolosluklar\/romanya-konsolosluk-islemleri\/#breadcrumb\",\"itemListElement\":[{\"@type\":\"ListItem\",\"position\":1,\"name\":\"Anasayfa\",\"item\":\"https:\/\/www.myvize.com.tr\/romanya\/\"},{\"@type\":\"ListItem\",\"position\":2,\"name\":\"KONSOLOSLUKLAR\",\"item\":\"https:\/\/www.myvize.com.tr\/romanya\/konsolosluklar\/\"},{\"@type\":\"ListItem\",\"position\":3,\"name\":\"Romanya Konsolosluk \u0130\u015flemleri\"}]},{\"@type\":\"WebSite\",\"@id\":\"https:\/\/www.myvize.com.tr\/romanya\/#website\",\"url\":\"https:\/\/www.myvize.com.tr\/romanya\/\",\"name\":\"Romanya Vize Dan\u0131\u015fmanl\u0131k | MyVize\",\"description\":\"\",\"potentialAction\":[{\"@type\":\"SearchAction\",\"target\":{\"@type\":\"EntryPoint\",\"urlTemplate\":\"https:\/\/www.myvize.com.tr\/romanya\/?s={search_term_string}\"},\"query-input\":{\"@type\":\"PropertyValueSpecification\",\"valueRequired\":true,\"valueName\":\"search_term_string\"}}],\"inLanguage\":\"tr\"}]}<\/script>\n<!-- \/ Yoast SEO plugin. -->","yoast_head_json":{"title":"Romanya Konsolosluk \u0130\u015flemleri - MyVize Vize Ba\u015fvuru Merkezi","description":"Romanya Konsolosluk \u0130\u015flemleri nas\u0131l yap\u0131l\u0131r? Romanya Konsolosluk \u0130\u015flemleri nelerdir? Romanya Konsolosluk ileti\u015fim bilgileri nelerdir?","robots":{"index":"index","follow":"follow","max-snippet":"max-snippet:-1","max-image-preview":"max-image-preview:large","max-video-preview":"max-video-preview:-1"},"canonical":"https:\/\/www.myvize.com.tr\/romanya\/konsolosluklar\/romanya-konsolosluk-islemleri\/","og_locale":"tr_TR","og_type":"article","og_title":"Romanya Konsolosluk \u0130\u015flemleri - MyVize Vize Ba\u015fvuru Merkezi","og_description":"Romanya Konsolosluk \u0130\u015flemleri nas\u0131l yap\u0131l\u0131r? Romanya Konsolosluk \u0130\u015flemleri nelerdir? Romanya Konsolosluk ileti\u015fim bilgileri nelerdir?","og_url":"https:\/\/www.myvize.com.tr\/romanya\/konsolosluklar\/romanya-konsolosluk-islemleri\/","og_site_name":"Romanya Vize Dan\u0131\u015fmanl\u0131k | MyVize","article_modified_time":"2022-06-27T09:12:18+00:00","og_image":[{"url":"https:\/\/www.myvize.com.tr\/romanya\/wp-content\/uploads\/2021\/09\/82.jpg","type":"","width":"","height":""}],"twitter_card":"summary_large_image","twitter_misc":{"Tahmini okuma s\u00fcresi":"7 dakika"},"schema":{"@context":"https:\/\/schema.org","@graph":[{"@type":"WebPage","@id":"https:\/\/www.myvize.com.tr\/romanya\/konsolosluklar\/romanya-konsolosluk-islemleri\/","url":"https:\/\/www.myvize.com.tr\/romanya\/konsolosluklar\/romanya-konsolosluk-islemleri\/","name":"Romanya Konsolosluk \u0130\u015flemleri - MyVize Vize Ba\u015fvuru Merkezi","isPartOf":{"@id":"https:\/\/www.myvize.com.tr\/romanya\/#website"},"primaryImageOfPage":{"@id":"https:\/\/www.myvize.com.tr\/romanya\/konsolosluklar\/romanya-konsolosluk-islemleri\/#primaryimage"},"image":{"@id":"https:\/\/www.myvize.com.tr\/romanya\/konsolosluklar\/romanya-konsolosluk-islemleri\/#primaryimage"},"thumbnailUrl":"https:\/\/www.myvize.com.tr\/romanya\/wp-content\/uploads\/2021\/09\/82.jpg","datePublished":"2020-11-30T10:07:02+00:00","dateModified":"2022-06-27T09:12:18+00:00","description":"Romanya Konsolosluk \u0130\u015flemleri nas\u0131l yap\u0131l\u0131r? Romanya Konsolosluk \u0130\u015flemleri nelerdir? Romanya Konsolosluk ileti\u015fim bilgileri nelerdir?","breadcrumb":{"@id":"https:\/\/www.myvize.com.tr\/romanya\/konsolosluklar\/romanya-konsolosluk-islemleri\/#breadcrumb"},"inLanguage":"tr","potentialAction":[{"@type":"ReadAction","target":["https:\/\/www.myvize.com.tr\/romanya\/konsolosluklar\/romanya-konsolosluk-islemleri\/"]}]},{"@type":"ImageObject","inLanguage":"tr","@id":"https:\/\/www.myvize.com.tr\/romanya\/konsolosluklar\/romanya-konsolosluk-islemleri\/#primaryimage","url":"https:\/\/www.myvize.com.tr\/romanya\/wp-content\/uploads\/2021\/09\/82.jpg","contentUrl":"https:\/\/www.myvize.com.tr\/romanya\/wp-content\/uploads\/2021\/09\/82.jpg","width":800,"height":500,"caption":"Romanya Konsolosluk \u0130\u015flemleri"},{"@type":"BreadcrumbList","@id":"https:\/\/www.myvize.com.tr\/romanya\/konsolosluklar\/romanya-konsolosluk-islemleri\/#breadcrumb","itemListElement":[{"@type":"ListItem","position":1,"name":"Anasayfa","item":"https:\/\/www.myvize.com.tr\/romanya\/"},{"@type":"ListItem","position":2,"name":"KONSOLOSLUKLAR","item":"https:\/\/www.myvize.com.tr\/romanya\/konsolosluklar\/"},{"@type":"ListItem","position":3,"name":"Romanya Konsolosluk \u0130\u015flemleri"}]},{"@type":"WebSite","@id":"https:\/\/www.myvize.com.tr\/romanya\/#website","url":"https:\/\/www.myvize.com.tr\/romanya\/","name":"Romanya Vize Dan\u0131\u015fmanl\u0131k | MyVize","description":"","potentialAction":[{"@type":"SearchAction","target":{"@type":"EntryPoint","urlTemplate":"https:\/\/www.myvize.com.tr\/romanya\/?s={search_term_string}"},"query-input":{"@type":"PropertyValueSpecification","valueRequired":true,"valueName":"search_term_string"}}],"inLanguage":"tr"}]}},"_links":{"self":[{"href":"https:\/\/www.myvize.com.tr\/romanya\/wp-json\/wp\/v2\/pages\/92","targetHints":{"allow":["GET"]}}],"collection":[{"href":"https:\/\/www.myvize.com.tr\/romanya\/wp-json\/wp\/v2\/pages"}],"about":[{"href":"https:\/\/www.myvize.com.tr\/romanya\/wp-json\/wp\/v2\/types\/page"}],"author":[{"embeddable":true,"href":"https:\/\/www.myvize.com.tr\/romanya\/wp-json\/wp\/v2\/users\/1"}],"replies":[{"embeddable":true,"href":"https:\/\/www.myvize.com.tr\/romanya\/wp-json\/wp\/v2\/comments?post=92"}],"version-history":[{"count":8,"href":"https:\/\/www.myvize.com.tr\/romanya\/wp-json\/wp\/v2\/pages\/92\/revisions"}],"predecessor-version":[{"id":1183,"href":"https:\/\/www.myvize.com.tr\/romanya\/wp-json\/wp\/v2\/pages\/92\/revisions\/1183"}],"up":[{"embeddable":true,"href":"https:\/\/www.myvize.com.tr\/romanya\/wp-json\/wp\/v2\/pages\/69"}],"wp:attachment":[{"href":"https:\/\/www.myvize.com.tr\/romanya\/wp-json\/wp\/v2\/media?parent=92"}],"curies":[{"name":"wp","href":"https:\/\/api.w.org\/{rel}","templated":true}]}}