{"id":170,"date":"2020-12-22T13:34:07","date_gmt":"2020-12-22T10:34:07","guid":{"rendered":"https:\/\/www.myvize.com.tr\/rusya\/?page_id=170"},"modified":"2022-04-29T16:27:57","modified_gmt":"2022-04-29T13:27:57","slug":"form-ve-dilekce","status":"publish","type":"page","link":"https:\/\/www.myvize.com.tr\/rusya\/form-ve-dilekce\/","title":{"rendered":"FORM VE D\u0130LEK\u00c7E"},"content":{"rendered":"","protected":false},"excerpt":{"rendered":"","protected":false},"author":1,"featured_media":0,"parent":0,"menu_order":0,"comment_status":"closed","ping_status":"closed","template":"","meta":{"footnotes":""},"class_list":["post-170","page","type-page","status-publish","hentry"],"yoast_head":"<!-- This site is optimized with the Yoast SEO plugin v24.0 - https:\/\/yoast.com\/wordpress\/plugins\/seo\/ -->\n<title>Rusya Vizesi Form ve Dilek\u00e7e \u00d6rnekleri Nelerdir? - MyVize<\/title>\n<meta name=\"description\" content=\"Rusya Vizesi Form ve Dilek\u00e7e Nas\u0131l Haz\u0131rlan\u0131r? Rusya Vize Form ve Dilek\u00e7e \u00d6rnekleri. Bilgi \u0130\u00e7in Vize Uzmanlar\u0131m\u0131z\u0131 Aray\u0131n: 0850 346 84 93\" \/>\n<meta name=\"robots\" content=\"index, follow, max-snippet:-1, max-image-preview:large, max-video-preview:-1\" \/>\n<link rel=\"canonical\" href=\"https:\/\/www.myvize.com.tr\/rusya\/form-ve-dilekce\/\" \/>\n<meta property=\"og:locale\" content=\"tr_TR\" \/>\n<meta property=\"og:type\" content=\"article\" \/>\n<meta property=\"og:title\" content=\"Rusya Vizesi Form ve Dilek\u00e7e \u00d6rnekleri Nelerdir? - MyVize\" \/>\n<meta property=\"og:description\" content=\"Rusya Vizesi Form ve Dilek\u00e7e Nas\u0131l Haz\u0131rlan\u0131r? Rusya Vize Form ve Dilek\u00e7e \u00d6rnekleri. Bilgi \u0130\u00e7in Vize Uzmanlar\u0131m\u0131z\u0131 Aray\u0131n: 0850 346 84 93\" \/>\n<meta property=\"og:url\" content=\"https:\/\/www.myvize.com.tr\/rusya\/form-ve-dilekce\/\" \/>\n<meta property=\"og:site_name\" content=\"Rusya Vize\" \/>\n<meta property=\"article:modified_time\" content=\"2022-04-29T13:27:57+00:00\" \/>\n<meta name=\"twitter:card\" content=\"summary_large_image\" \/>\n<script type=\"application\/ld+json\" class=\"yoast-schema-graph\">{\"@context\":\"https:\/\/schema.org\",\"@graph\":[{\"@type\":\"WebPage\",\"@id\":\"https:\/\/www.myvize.com.tr\/rusya\/form-ve-dilekce\/\",\"url\":\"https:\/\/www.myvize.com.tr\/rusya\/form-ve-dilekce\/\",\"name\":\"Rusya Vizesi Form ve Dilek\u00e7e \u00d6rnekleri Nelerdir? - MyVize\",\"isPartOf\":{\"@id\":\"https:\/\/www.myvize.com.tr\/rusya\/#website\"},\"datePublished\":\"2020-12-22T10:34:07+00:00\",\"dateModified\":\"2022-04-29T13:27:57+00:00\",\"description\":\"Rusya Vizesi Form ve Dilek\u00e7e Nas\u0131l Haz\u0131rlan\u0131r? Rusya Vize Form ve Dilek\u00e7e \u00d6rnekleri. Bilgi \u0130\u00e7in Vize Uzmanlar\u0131m\u0131z\u0131 Aray\u0131n: 0850 346 84 93\",\"breadcrumb\":{\"@id\":\"https:\/\/www.myvize.com.tr\/rusya\/form-ve-dilekce\/#breadcrumb\"},\"inLanguage\":\"tr\",\"potentialAction\":[{\"@type\":\"ReadAction\",\"target\":[\"https:\/\/www.myvize.com.tr\/rusya\/form-ve-dilekce\/\"]}]},{\"@type\":\"BreadcrumbList\",\"@id\":\"https:\/\/www.myvize.com.tr\/rusya\/form-ve-dilekce\/#breadcrumb\",\"itemListElement\":[{\"@type\":\"ListItem\",\"position\":1,\"name\":\"Anasayfa\",\"item\":\"https:\/\/www.myvize.com.tr\/rusya\/\"},{\"@type\":\"ListItem\",\"position\":2,\"name\":\"FORM VE D\u0130LEK\u00c7E\"}]},{\"@type\":\"WebSite\",\"@id\":\"https:\/\/www.myvize.com.tr\/rusya\/#website\",\"url\":\"https:\/\/www.myvize.com.tr\/rusya\/\",\"name\":\"Rusya Vize\",\"description\":\"\",\"potentialAction\":[{\"@type\":\"SearchAction\",\"target\":{\"@type\":\"EntryPoint\",\"urlTemplate\":\"https:\/\/www.myvize.com.tr\/rusya\/?s={search_term_string}\"},\"query-input\":{\"@type\":\"PropertyValueSpecification\",\"valueRequired\":true,\"valueName\":\"search_term_string\"}}],\"inLanguage\":\"tr\"}]}<\/script>\n<!-- \/ Yoast SEO plugin. -->","yoast_head_json":{"title":"Rusya Vizesi Form ve Dilek\u00e7e \u00d6rnekleri Nelerdir? - MyVize","description":"Rusya Vizesi Form ve Dilek\u00e7e Nas\u0131l Haz\u0131rlan\u0131r? Rusya Vize Form ve Dilek\u00e7e \u00d6rnekleri. Bilgi \u0130\u00e7in Vize Uzmanlar\u0131m\u0131z\u0131 Aray\u0131n: 0850 346 84 93","robots":{"index":"index","follow":"follow","max-snippet":"max-snippet:-1","max-image-preview":"max-image-preview:large","max-video-preview":"max-video-preview:-1"},"canonical":"https:\/\/www.myvize.com.tr\/rusya\/form-ve-dilekce\/","og_locale":"tr_TR","og_type":"article","og_title":"Rusya Vizesi Form ve Dilek\u00e7e \u00d6rnekleri Nelerdir? - MyVize","og_description":"Rusya Vizesi Form ve Dilek\u00e7e Nas\u0131l Haz\u0131rlan\u0131r? Rusya Vize Form ve Dilek\u00e7e \u00d6rnekleri. Bilgi \u0130\u00e7in Vize Uzmanlar\u0131m\u0131z\u0131 Aray\u0131n: 0850 346 84 93","og_url":"https:\/\/www.myvize.com.tr\/rusya\/form-ve-dilekce\/","og_site_name":"Rusya Vize","article_modified_time":"2022-04-29T13:27:57+00:00","twitter_card":"summary_large_image","schema":{"@context":"https:\/\/schema.org","@graph":[{"@type":"WebPage","@id":"https:\/\/www.myvize.com.tr\/rusya\/form-ve-dilekce\/","url":"https:\/\/www.myvize.com.tr\/rusya\/form-ve-dilekce\/","name":"Rusya Vizesi Form ve Dilek\u00e7e \u00d6rnekleri Nelerdir? - MyVize","isPartOf":{"@id":"https:\/\/www.myvize.com.tr\/rusya\/#website"},"datePublished":"2020-12-22T10:34:07+00:00","dateModified":"2022-04-29T13:27:57+00:00","description":"Rusya Vizesi Form ve Dilek\u00e7e Nas\u0131l Haz\u0131rlan\u0131r? Rusya Vize Form ve Dilek\u00e7e \u00d6rnekleri. Bilgi \u0130\u00e7in Vize Uzmanlar\u0131m\u0131z\u0131 Aray\u0131n: 0850 346 84 93","breadcrumb":{"@id":"https:\/\/www.myvize.com.tr\/rusya\/form-ve-dilekce\/#breadcrumb"},"inLanguage":"tr","potentialAction":[{"@type":"ReadAction","target":["https:\/\/www.myvize.com.tr\/rusya\/form-ve-dilekce\/"]}]},{"@type":"BreadcrumbList","@id":"https:\/\/www.myvize.com.tr\/rusya\/form-ve-dilekce\/#breadcrumb","itemListElement":[{"@type":"ListItem","position":1,"name":"Anasayfa","item":"https:\/\/www.myvize.com.tr\/rusya\/"},{"@type":"ListItem","position":2,"name":"FORM VE D\u0130LEK\u00c7E"}]},{"@type":"WebSite","@id":"https:\/\/www.myvize.com.tr\/rusya\/#website","url":"https:\/\/www.myvize.com.tr\/rusya\/","name":"Rusya Vize","description":"","potentialAction":[{"@type":"SearchAction","target":{"@type":"EntryPoint","urlTemplate":"https:\/\/www.myvize.com.tr\/rusya\/?s={search_term_string}"},"query-input":{"@type":"PropertyValueSpecification","valueRequired":true,"valueName":"search_term_string"}}],"inLanguage":"tr"}]}},"_links":{"self":[{"href":"https:\/\/www.myvize.com.tr\/rusya\/wp-json\/wp\/v2\/pages\/170","targetHints":{"allow":["GET"]}}],"collection":[{"href":"https:\/\/www.myvize.com.tr\/rusya\/wp-json\/wp\/v2\/pages"}],"about":[{"href":"https:\/\/www.myvize.com.tr\/rusya\/wp-json\/wp\/v2\/types\/page"}],"author":[{"embeddable":true,"href":"https:\/\/www.myvize.com.tr\/rusya\/wp-json\/wp\/v2\/users\/1"}],"replies":[{"embeddable":true,"href":"https:\/\/www.myvize.com.tr\/rusya\/wp-json\/wp\/v2\/comments?post=170"}],"version-history":[{"count":5,"href":"https:\/\/www.myvize.com.tr\/rusya\/wp-json\/wp\/v2\/pages\/170\/revisions"}],"predecessor-version":[{"id":1050,"href":"https:\/\/www.myvize.com.tr\/rusya\/wp-json\/wp\/v2\/pages\/170\/revisions\/1050"}],"wp:attachment":[{"href":"https:\/\/www.myvize.com.tr\/rusya\/wp-json\/wp\/v2\/media?parent=170"}],"curies":[{"name":"wp","href":"https:\/\/api.w.org\/{rel}","templated":true}]}}