{"id":176,"date":"2020-12-22T14:13:37","date_gmt":"2020-12-22T11:13:37","guid":{"rendered":"https:\/\/www.myvize.com.tr\/rusya\/?page_id=176"},"modified":"2022-12-27T20:47:11","modified_gmt":"2022-12-27T17:47:11","slug":"aile-birlesimi","status":"publish","type":"page","link":"https:\/\/www.myvize.com.tr\/rusya\/oturum-2\/aile-birlesimi\/","title":{"rendered":"Rusya Aile Birle\u015fimi"},"content":{"rendered":"<h2><strong><span style=\"font-family: Roboto; font-size: 27px;\">Rusya&#8217;da Aile Birle\u015fimi<\/span><\/strong><\/h2>\n<p><span style=\"font-family: Roboto; font-size: 14px;\">Rusya \u00fclkesinde evlilik ya da aile birle\u015fimi maksad\u0131 ile uzun s\u00fcreli ya\u015famak isteyen vatanda\u015flar\u0131n oturma izni almalar\u0131 laz\u0131md\u0131r.\u00a0<strong>Rusya\u2019da aile birle\u015fimi<\/strong>\u00a0i\u00e7in \u00e7e\u015fitli prosed\u00fcrlerin yerine getirilmesi gerekmektedir. Rus vatanda\u015f\u0131yla evli bulunan ya da Rus anne veya babas\u0131 olan T\u00fcrklerin Rusya aile birle\u015fimi olana\u011f\u0131 ile \u00fclke i\u00e7in oturum izni al\u0131p ya\u015famalar\u0131 s\u00f6z konusu olabilmektedir. Fakat Rusya\u2019da aile birle\u015fiminin yap\u0131labilmesi i\u00e7in \u00e7e\u015fitli belgelerin haz\u0131rlanmas\u0131 laz\u0131md\u0131r. Buna ek olarak Rusya, Rus devleti i\u00e7in belirlenen kota dahilinde oturum izni verir. <strong>Rusya aile birle\u015fimi<\/strong> i\u00e7in sunulan oturum iznini alma olana\u011f\u0131n\u0131z m\u00fcmk\u00fcnse size ilk olarak ge\u00e7ici oturum hakk\u0131 tan\u0131n\u0131r. Kal\u0131c\u0131 oturum hakk\u0131 i\u00e7in yaln\u0131zca belirli bir zamand\u0131r \u00fclkede ya\u015faman\u0131z durumunda Rus devleri taraf\u0131ndan size bu hak verilebilir. Rusya\u2019da evlilik ya da aile birle\u015fimi amac\u0131 ile \u00fclkemizdeyken direkt olarak uzun s\u00fcreli oturum izni alman\u0131z s\u00f6z konusu olmamaktad\u0131r. Rusya \u00fclkesine yasal \u015fekilde giri\u015f ger\u00e7ekle\u015ftirdikten sonra uzun s\u00fcreli oturum i\u00e7in ba\u015fvuru yapman\u0131z laz\u0131md\u0131r.<\/span><\/p>\n<h2><span style=\"font-family: Roboto; font-size: 27px;\"><strong>Rusya Aile Birle\u015fimi Vizesi<\/strong><\/span><\/h2>\n<p><span style=\"font-family: Roboto; font-size: 14px;\"><strong>Rusya aile birle\u015fimi\u00a0<\/strong>vizesi, bir Rus vatanda\u015f\u0131 ile evli olanlar\u0131n ya da Rusya\u2019da ailesinden birilerinin ya\u015f\u0131yor olmas\u0131n\u0131n neticesinde bu \u00fclkede uzun y\u0131llar ya\u015fayabilmek i\u00e7in al\u0131nmas\u0131 gereken bir vize t\u00fcr\u00fcd\u00fcr. Uzun s\u00fcre konaklama hakk\u0131 talep edebilmek i\u00e7in birtak\u0131m gerekli evraklara ihtiya\u00e7 duyulmaktad\u0131r. \u0130lk etapta ge\u00e7ici olarak verilse de bu izin zamanla kal\u0131c\u0131 hale getirilebilmektedir.<\/span><\/p>\n<p><span style=\"font-family: Roboto; font-size: 14px;\">E\u011fer evlenme yolu ile <strong><span style=\"color: #2acec2;\"><a style=\"color: #2acec2;\" href=\"https:\/\/www.myvize.com.tr\/rusya\/vize-islemleri\/rusya-oturum-izni\/\" target=\"_blank\" rel=\"noopener\">Rusya\u2019da oturum izni<\/a><\/span> almak<\/strong> istiyorsan\u0131z evlenme i\u015flemlerinizin resmi bir evlendirme dairesi taraf\u0131ndan tamamlanmal\u0131d\u0131r. Bu nik\u00e2h i\u015flemlerinin sorunsuz bir \u015fekilde tamamlanmas\u0131 i\u00e7in mutlaka Rus vatanda\u015f\u0131 ola ki\u015finin ilgili kurumlara bu evlili\u011fe engel hi\u00e7bir durumun olmad\u0131\u011f\u0131n\u0131 belirtmek durumundad\u0131r.<\/span><\/p>\n<p><span style=\"font-family: Roboto; font-size: 14px;\">Bu belgeler yan\u0131nda pasaport ve vize ile ilgili t\u00fcm evraklar da yetkili makamlara ula\u015ft\u0131r\u0131l\u0131r. Daha \u00f6nceden yap\u0131lan bir evlilik mevcut ise eski e\u015f ve \u00e7ocuklar\u0131n da durumlar\u0131n\u0131 i\u00e7eren belgelerin kurumlara teslim edilmesi gereklidir. E\u011fer Rusya konsoloslu\u011fu bu evlenme \u015fekline bir engel g\u00f6rmez ise T\u00fcrkiye D\u0131\u015fi\u015fleri Bakanl\u0131\u011f\u0131 taraf\u0131ndan da bu evlenme i\u015fleminin onaylanmas\u0131 gerekir. T\u00fcm onaylar al\u0131nd\u0131ktan sonra taraflar evlenme i\u015flemleri i\u00e7in evlendirme dairelerine ba\u015fvurular\u0131n\u0131 ger\u00e7ekle\u015ftirebilirler. Evlendirme daireleri de Rus vatanda\u015f\u0131 olan ki\u015filerden birtak\u0131m evlenme evraklar\u0131 talep etmektedir. Sonras\u0131nda\u00a0<strong>Rusya aile birle\u015fimi<\/strong>\u00a0i\u00e7in gerekli haz\u0131rl\u0131k i\u015flemlerine ba\u015flayabilirsiniz.<\/span><\/p>\n<h2><strong><span style=\"font-family: Roboto; font-size: 27px;\">Rusya Aile Birle\u015fimi \u0130\u015flemleri<\/span><\/strong><\/h2>\n<p><span style=\"font-family: Roboto; font-size: 14px;\">Rusya\u2019da evlilik ya da aile birle\u015fimi i\u00e7in\u00a0<strong>Rusya aile birle\u015fimi i\u015flemleri<\/strong>\u00a0yolu ile oturum izni al\u0131nabilmektedir. T\u00fcm bunlar i\u00e7in \u00fclkemizde gereken i\u015flemleri yap\u0131p \u00fclkeye giri\u015f ger\u00e7ekle\u015ftirdikten sonra aile birle\u015fimi oturum izni i\u00e7in ba\u015fvurmak \u015fartt\u0131r. Bunun i\u00e7in Rusya\u2019daki g\u00f6\u00e7 b\u00fcrosuna m\u00fcracaat edilmesi laz\u0131md\u0131r. Sizden istenen evraklar\u0131 eksiksiz olarak tamamlay\u0131p ba\u015fvurunuzu yapabilirsiniz. Rusya g\u00f6\u00e7 b\u00fcrosu, Rusya aile birle\u015fimi ad\u0131na verilen oturum izni ba\u015fvurunuzu olumlu \u015fekilde sonu\u00e7land\u0131rd\u0131\u011f\u0131 zaman \u00f6ncelikli \u015fekilde ge\u00e7ici oturum izniniz verilir. Aile birle\u015fimi i\u00e7in sunulacak oturum izniniz s\u00fcresi \u00fc\u00e7 sene olmaktad\u0131r. Bundan dolay\u0131 Rusya \u00fclkesinde ka\u00e7ak olmaman\u0131z i\u00e7in s\u00fcrekli oturum izni alman\u0131z m\u00fcmk\u00fcn olana dek her \u00fc\u00e7 senede bir oturum izninizi yenilmeniz istenir.<strong> Rusya ge\u00e7ici oturum<\/strong> iznini pasaportunuza damga vurarak sunar. Rus kurumlar\u0131 vatanda\u015fl\u0131\u011f\u0131 bulunmayan bireyler i\u00e7inse oturum iznini resmi bir belge \u015feklinde verir. \u00dclke, Rusya aile birle\u015fimi i\u00e7in ger\u00e7ekle\u015ftirilecek olan oturum izni ba\u015fvurusu hakk\u0131nda ilgili ki\u015finin vatanda\u015fl\u0131\u011f\u0131na kar\u015f\u0131 uygulam\u0131\u015f oldu\u011fu vize prosed\u00fcrlerine g\u00f6re farkl\u0131 evraklar isteyebilmektedir.<\/span><\/p>\n<h2><strong><span style=\"font-family: Roboto; font-size: 27px;\">Rusya Aile Birle\u015fimi Ba\u015fvurusu<\/span><\/strong><\/h2>\n<p><span style=\"font-family: Roboto; font-size: 14px;\">Rusya \u00fclkesine aile birle\u015fimi ile girmek isteyen bireyler\u00a0<strong>Rusya aile birle\u015fimi ba\u015fvurusu<\/strong>\u00a0yapmal\u0131lar. \u00dclkede evlilik ya da aile birle\u015fimi yolu ile sunulan oturum iznini alabilmek amac\u0131yla T\u00fcrkiye\u2019de \u00e7e\u015fitli i\u015flemleri yap\u0131p Rusya\u2019ya giri\u015f ger\u00e7ekle\u015ftirdikten sonra aile birle\u015fimi oturum izni al\u0131nabilmektedir. Bu iznin al\u0131nabilmesi amac\u0131yla \u00fclkeye vard\u0131ktan sonra g\u00f6\u00e7 b\u00fcrosuna gitmek gerekmektedir. Rusya oturum izni i\u00e7in gerekli olan baz\u0131 evraklar\u0131n eksiksiz olarak haz\u0131rlanmas\u0131 \u00e7ok \u00f6nemlidir. \u00dclkedeki g\u00f6\u00e7 b\u00fcrosu, <strong>Rusya aile birle\u015fimi<\/strong> i\u00e7in sunulan oturum izni talebinizi olumlu sonu\u00e7land\u0131r\u0131r ise size ge\u00e7ici oturum izni tan\u0131mlan\u0131r. Aile birle\u015fimi i\u00e7in verilen oturum izninin s\u00fcresi \u00fc\u00e7 senedir. Bundan dolay\u0131 Rusya\u2019da ka\u00e7ak duruma d\u00fc\u015fmemek maksad\u0131yla her \u00fc\u00e7 senede bir bu izni yenilemeniz \u00e7ok \u00f6nemlidir. Aksi durumda \u00fclkeden \u00e7\u0131k\u0131\u015f\u0131n\u0131z ger\u00e7ekle\u015febilir. Ba\u015fvuru yapmak i\u00e7in sizden talep edilen belgeleri eksiksiz temin etmeniz gerekir. Yoksa ba\u015fvuru s\u00fcreciniz sekteye u\u011frayabilir ve s\u00fcre\u00e7 daha da uzayabilir. Bunun i\u00e7in ba\u015fvuru belgesini tam ve tutarl\u0131 bir \u015fekilde doldurmaya da \u00f6zen g\u00f6stermeniz gerekmektedir.<\/span><\/p>\n<p><span style=\"font-family: Roboto; font-size: 14px;\"><img decoding=\"async\" src=\"https:\/\/www.myvize.com.tr\/rusya\/wp-content\/uploads\/2021\/09\/30.jpg\" \/><\/span><\/p>\n<h3><span style=\"font-family: Roboto; font-size: 24px;\"><strong>Rusya Vatanda\u015f\u0131 ile T\u00fcrkiye\u2019de Evlilik<\/strong><\/span><\/h3>\n<p><span style=\"font-family: Roboto; font-size: 14px;\"><strong>Rusya aile birle\u015fimi vizesi<\/strong>\u00a0alabilmek i\u00e7in ki\u015filer \u00f6ncelikle bir Rus vatanda\u015f\u0131 ile resmen evli olduklar\u0131n\u0131 belgelemek durumundad\u0131rlar. Rusya vatanda\u015f\u0131 ile T\u00fcrkiye\u2019de evlilik konusunda T\u00fcrklerden birtak\u0131m evraklar istenmektedir. Vesikal\u0131k foto\u011fraf, sa\u011fl\u0131k raporu, T\u00fcrkiye Cumhuriyeti n\u00fcfus c\u00fczdan\u0131 fotokopisi gibi evraklar\u0131n \u00f6nceden haz\u0131rlanmas\u0131 gerekmektedir.<\/span><\/p>\n<p><span style=\"font-family: Roboto; font-size: 14px;\">Bu s\u00fcre\u00e7te yabanc\u0131 e\u015ften de istenilen evraklar vard\u0131r. Bu evraklar\u0131n tamam\u0131 haz\u0131rland\u0131ktan sonra evlenme dairelerine ba\u015fvuru yap\u0131labilmektedir. Haz\u0131rlanan belgelerin ge\u00e7erlilik s\u00fcresi en fazla 6 ayd\u0131r.<strong> Rus vatanda\u015f\u0131 ile evlenen ki\u015filer<\/strong> T\u00fcrkiye\u2019de ya\u015famaya devam edeceklerse Rus vatanda\u015f\u0131 olan e\u015f i\u00e7in T\u00fcrkiye\u2019de oturum izni almas\u0131 sa\u011flan\u0131r.<\/span><\/p>\n<p><span style=\"font-family: Roboto; font-size: 14px;\">Ki\u015filer daha sonra Rusya\u2019ya d\u00f6nmek istediklerinde ise ayn\u0131 durum T\u00fcrk olan e\u015f i\u00e7in ge\u00e7erli olmaktad\u0131r.\u00a0<strong>Rusya aile birle\u015fim<\/strong>\u00a0vizesi bir Rus ile evlenerek al\u0131nabilece\u011fi gibi burada ya\u015fayan bir aile akrabalar\u0131n\u0131z arac\u0131l\u0131\u011f\u0131yla da al\u0131nabilecek bir vizedir.<\/span><\/p>\n<p><span style=\"font-family: Roboto; font-size: 14px;\"><img decoding=\"async\" src=\"https:\/\/www.myvize.com.tr\/rusya\/wp-content\/uploads\/2021\/09\/31.jpg\" \/><\/span><\/p>\n<h3><span style=\"font-family: Roboto; font-size: 24px;\"><strong>Rusya Vatanda\u015f\u0131 ile Rusya\u2019da Evlilik<\/strong><\/span><\/h3>\n<p><span style=\"font-family: Roboto; font-size: 14px;\"><strong>Rusya aile birle\u015fim<\/strong>\u00a0vizesi alabilmek i\u00e7in ki\u015filer evlenme i\u015flemini Rusya\u2019da da ger\u00e7ekle\u015ftirebilirler. Ki\u015filerin bu evlenme i\u015flemini ger\u00e7ekle\u015ftirebilmeleri i\u00e7in bir\u00e7ok evrak\u0131n haz\u0131rlanmas\u0131 gereklidir. Rusya\u2019da oturum izni h\u00fck\u00fcmetin verdi\u011fi kontenjana g\u00f6re belirlenmektedir. Bu i\u015flemler s\u0131ras\u0131nda \u00f6ncelikle ki\u015filere ge\u00e7ici bir oturum izni veriliyor. Kal\u0131c\u0131 oturum izni i\u00e7in ki\u015filerin belli bir s\u00fcre beklemesi gerekmektedir. Rusya\u2019da belli bir s\u00fcre sorunsuz bir \u015fekilde ya\u015fad\u0131\u011f\u0131n\u0131zda kal\u0131c\u0131 olarak oturma vizesi alabilme \u015fans\u0131n\u0131z bulunuyor.\u00a0<strong>Rusya aile birle\u015fimi<\/strong>\u00a0konusunda en pratik yol bir Rus vatanda\u015f\u0131 ile evli olmakt\u0131r.<\/span><\/p>\n<p><span style=\"font-family: Roboto; font-size: 14px;\">Ki\u015filer Rusya\u2019da evli durumdayken aile birle\u015fimi vizesi almak istediklerinde T\u00fcrkiye\u2019den ba\u015fvuru yapam\u0131yorlar. Bu ki\u015filerin \u00f6nce Rusya\u2019ya resmi olarak giri\u015f yapmas\u0131 gereklidir. Sonras\u0131nda ise G\u00f6\u00e7menlik Ofisi\u2019ne gitmesi ve oturum izni i\u00e7in ba\u015fvurusunu ger\u00e7ekle\u015ftirmesi gereklidir. <strong>Rusya\u2019da aile birle\u015fimi<\/strong> nedeniyle oturum izni alabilmek i\u00e7in mutlaka T\u00fcrkiye\u2019de ki Rus Konsoloslu\u011fu\u2019na gitmeli ve vize ba\u015fvurusunda bulunman\u0131z gereklidir.<\/span><\/p>\n<p><span style=\"font-family: Roboto; font-size: 14px;\">Vize i\u015flemleri sonras\u0131nda <strong>Rusya Federasyonu G\u00f6\u00e7menlik B\u00fcrosu<\/strong> i\u015flemlerinizi olumlu olarak de\u011ferlendirirse ilk ge\u00e7ici oturum iznini alabilirsiniz. Bu ge\u00e7ici oturum izni 3 y\u0131l olarak verilir. Sonras\u0131nda her 3 y\u0131lda bir izinin yenilenmesi gerekir. Kurumlar ge\u00e7ici oturma iznini pasaporta bir m\u00fch\u00fcr vurarak vermektedir. Evlenme tarihlerinden itibaren herhangi bir sorun ya\u015fanmaz ise resmi olarak ba\u015fvuru yaparak bir y\u0131l sonra Rus vatanda\u015fl\u0131\u011f\u0131na da ge\u00e7ilebilmektedir.<\/span><\/p>\n<p><span style=\"font-family: Roboto; font-size: 14px;\"><img decoding=\"async\" src=\"https:\/\/www.myvize.com.tr\/rusya\/wp-content\/uploads\/2021\/09\/92.jpg\" \/><\/span><\/p>\n<h3><span style=\"font-family: Roboto; font-size: 24px;\"><strong>Rusya Vatanda\u015f\u0131 ile Evlilik \u0130\u00e7in Gerekli Evraklar<\/strong><\/span><\/h3>\n<p><span style=\"font-family: Roboto; font-size: 14px;\">Rusya vatanda\u015f\u0131 ile evlilik i\u00e7in gerekli evraklar konusunda titiz davran\u0131lmas\u0131 gereklidir. \u00c7\u00fcnk\u00fc uluslararas\u0131 alanda yap\u0131lan bu i\u015flemlerde konsolosluklar son derece titiz \u00e7al\u0131\u015fmaktad\u0131r.\u00a0<strong>Rusya aile birle\u015fimi\u00a0<\/strong>vizesi al\u0131nabilmesi i\u00e7in \u00f6ncelikle bir Rus vatanda\u015f\u0131 ile evlenme i\u015fleminin resmi makamlar taraf\u0131ndan ger\u00e7ekle\u015ftirilmesi gereklidir. Bir Rus vatanda\u015f\u0131 ile evlenebilmek i\u00e7in haz\u0131rlaman\u0131z gereken evraklar hem T\u00fcrk vatanda\u015f\u0131 olanlar hem de Rus vatanda\u015f\u0131 olanlar i\u00e7in farkl\u0131l\u0131k arz etmektedir. Rus vatanda\u015f\u0131n\u0131n haz\u0131rlamas\u0131 gereken evraklar aras\u0131nda \u015funlar\u0131 saymak m\u00fcmk\u00fcnd\u00fcr:<\/span><\/p>\n<ul>\n<li><span style=\"font-family: Roboto; font-size: 14px;\">Kimlik ve pasaport<\/span><\/li>\n<li><span style=\"font-family: Roboto; font-size: 14px;\">T\u00fcrkiye\u2019de kalabildi\u011fini g\u00f6steren vize<\/span><\/li>\n<li><span style=\"font-family: Roboto; font-size: 14px;\">Biyometrik foto\u011fraf<\/span><\/li>\n<li><span style=\"font-family: Roboto; font-size: 14px;\">Sa\u011fl\u0131k raporu<\/span><\/li>\n<li><span style=\"font-family: Roboto; font-size: 14px;\">Evlenme i\u00e7in ehliyet<\/span><\/li>\n<li><span style=\"font-family: Roboto; font-size: 14px;\">Bekarl\u0131k belgesi<\/span><\/li>\n<li><span style=\"font-family: Roboto; font-size: 14px;\">Do\u011fum belgesi<\/span><\/li>\n<\/ul>\n<p><span style=\"font-family: Roboto; font-size: 14px;\">Bu belgeler yan\u0131nda T\u00fcrk vatanda\u015f\u0131 olan taraf\u0131n da haz\u0131rlamas\u0131 gereken evraklar vard\u0131r. Bunlar kimlik fotokopisi, belediyenin istedi\u011fi foto\u011fraflar, sa\u011fl\u0131k raporu belgeleridir. Belgelerin g\u00fcncel olmas\u0131 ve eksiksiz olarak kurumlara teslim edilmesi gereklidir. Foto\u011fraf\u0131n mutlaka son 6 ay i\u00e7erisinde \u00e7ekilmi\u015f olmas\u0131na \u00f6zen g\u00f6stermeniz gerekiyor. Sa\u011fl\u0131k raporunda ise herhangi bir kal\u0131tsal ya da bula\u015f\u0131c\u0131 hastal\u0131k ta\u015f\u0131mad\u0131\u011f\u0131n\u0131n belirtilmesi gereklidir. T\u00fcm belgeler eksiksiz olarak haz\u0131rland\u0131\u011f\u0131nda evlendirme dairelerine ba\u015fvuru yap\u0131larak gerekli nikah i\u015flemleri tamamlanabilmektedir.<\/span><\/p>\n","protected":false},"excerpt":{"rendered":"<p>Rusya&#8217;da Aile Birle\u015fimi Rusya \u00fclkesinde evlilik ya da aile birle\u015fimi maksad\u0131 ile uzun s\u00fcreli ya\u015famak isteyen vatanda\u015flar\u0131n oturma izni almalar\u0131 laz\u0131md\u0131r.\u00a0Rusya\u2019da aile birle\u015fimi\u00a0i\u00e7in \u00e7e\u015fitli prosed\u00fcrlerin yerine getirilmesi gerekmektedir. Rus vatanda\u015f\u0131yla evli bulunan ya da Rus anne veya babas\u0131 olan T\u00fcrklerin Rusya aile birle\u015fimi olana\u011f\u0131 ile \u00fclke i\u00e7in oturum izni al\u0131p ya\u015famalar\u0131 s\u00f6z konusu olabilmektedir. Fakat<\/p>\n","protected":false},"author":1,"featured_media":0,"parent":164,"menu_order":0,"comment_status":"open","ping_status":"closed","template":"","meta":{"footnotes":""},"class_list":["post-176","page","type-page","status-publish","hentry"],"yoast_head":"<!-- This site is optimized with the Yoast SEO plugin v24.0 - https:\/\/yoast.com\/wordpress\/plugins\/seo\/ -->\n<title>Rusya Aile Birle\u015fimi Vizesi - Rusya Vizesi - MyVize<\/title>\n<meta name=\"description\" content=\"Rusya Aile Birle\u015fimi Nas\u0131l Yap\u0131l\u0131r? Rusya Aile Birle\u015fimi \u015eartlar\u0131 Nelerdir? Rusya Aile Birle\u015fimi Vizesi \u0130\u00e7in Gerekli Evraklar Nelerdir?\" \/>\n<meta name=\"robots\" content=\"index, follow, max-snippet:-1, max-image-preview:large, max-video-preview:-1\" \/>\n<link rel=\"canonical\" href=\"https:\/\/www.myvize.com.tr\/rusya\/oturum-2\/aile-birlesimi\/\" \/>\n<meta property=\"og:locale\" content=\"tr_TR\" \/>\n<meta property=\"og:type\" content=\"article\" \/>\n<meta property=\"og:title\" content=\"Rusya Aile Birle\u015fimi Vizesi - Rusya Vizesi - MyVize\" \/>\n<meta property=\"og:description\" content=\"Rusya Aile Birle\u015fimi Nas\u0131l Yap\u0131l\u0131r? Rusya Aile Birle\u015fimi \u015eartlar\u0131 Nelerdir? Rusya Aile Birle\u015fimi Vizesi \u0130\u00e7in Gerekli Evraklar Nelerdir?\" \/>\n<meta property=\"og:url\" content=\"https:\/\/www.myvize.com.tr\/rusya\/oturum-2\/aile-birlesimi\/\" \/>\n<meta property=\"og:site_name\" content=\"Rusya Vize\" \/>\n<meta property=\"article:modified_time\" content=\"2022-12-27T17:47:11+00:00\" \/>\n<meta property=\"og:image\" content=\"https:\/\/www.myvize.com.tr\/rusya\/wp-content\/uploads\/2021\/09\/30.jpg\" \/>\n<meta name=\"twitter:card\" content=\"summary_large_image\" \/>\n<meta name=\"twitter:label1\" content=\"Tahmini okuma s\u00fcresi\" \/>\n\t<meta name=\"twitter:data1\" content=\"6 dakika\" \/>\n<script type=\"application\/ld+json\" class=\"yoast-schema-graph\">{\"@context\":\"https:\/\/schema.org\",\"@graph\":[{\"@type\":\"WebPage\",\"@id\":\"https:\/\/www.myvize.com.tr\/rusya\/oturum-2\/aile-birlesimi\/\",\"url\":\"https:\/\/www.myvize.com.tr\/rusya\/oturum-2\/aile-birlesimi\/\",\"name\":\"Rusya Aile Birle\u015fimi Vizesi - Rusya Vizesi - MyVize\",\"isPartOf\":{\"@id\":\"https:\/\/www.myvize.com.tr\/rusya\/#website\"},\"primaryImageOfPage\":{\"@id\":\"https:\/\/www.myvize.com.tr\/rusya\/oturum-2\/aile-birlesimi\/#primaryimage\"},\"image\":{\"@id\":\"https:\/\/www.myvize.com.tr\/rusya\/oturum-2\/aile-birlesimi\/#primaryimage\"},\"thumbnailUrl\":\"https:\/\/www.myvize.com.tr\/rusya\/wp-content\/uploads\/2021\/09\/30.jpg\",\"datePublished\":\"2020-12-22T11:13:37+00:00\",\"dateModified\":\"2022-12-27T17:47:11+00:00\",\"description\":\"Rusya Aile Birle\u015fimi Nas\u0131l Yap\u0131l\u0131r? Rusya Aile Birle\u015fimi \u015eartlar\u0131 Nelerdir? Rusya Aile Birle\u015fimi Vizesi \u0130\u00e7in Gerekli Evraklar Nelerdir?\",\"breadcrumb\":{\"@id\":\"https:\/\/www.myvize.com.tr\/rusya\/oturum-2\/aile-birlesimi\/#breadcrumb\"},\"inLanguage\":\"tr\",\"potentialAction\":[{\"@type\":\"ReadAction\",\"target\":[\"https:\/\/www.myvize.com.tr\/rusya\/oturum-2\/aile-birlesimi\/\"]}]},{\"@type\":\"ImageObject\",\"inLanguage\":\"tr\",\"@id\":\"https:\/\/www.myvize.com.tr\/rusya\/oturum-2\/aile-birlesimi\/#primaryimage\",\"url\":\"https:\/\/www.myvize.com.tr\/rusya\/wp-content\/uploads\/2021\/09\/30.jpg\",\"contentUrl\":\"https:\/\/www.myvize.com.tr\/rusya\/wp-content\/uploads\/2021\/09\/30.jpg\",\"width\":800,\"height\":500,\"caption\":\"Rusya\"},{\"@type\":\"BreadcrumbList\",\"@id\":\"https:\/\/www.myvize.com.tr\/rusya\/oturum-2\/aile-birlesimi\/#breadcrumb\",\"itemListElement\":[{\"@type\":\"ListItem\",\"position\":1,\"name\":\"Anasayfa\",\"item\":\"https:\/\/www.myvize.com.tr\/rusya\/\"},{\"@type\":\"ListItem\",\"position\":2,\"name\":\"RUSYA OTURUM KARTI\",\"item\":\"https:\/\/www.myvize.com.tr\/rusya\/oturum-2\/\"},{\"@type\":\"ListItem\",\"position\":3,\"name\":\"Rusya Aile Birle\u015fimi\"}]},{\"@type\":\"WebSite\",\"@id\":\"https:\/\/www.myvize.com.tr\/rusya\/#website\",\"url\":\"https:\/\/www.myvize.com.tr\/rusya\/\",\"name\":\"Rusya Vize\",\"description\":\"\",\"potentialAction\":[{\"@type\":\"SearchAction\",\"target\":{\"@type\":\"EntryPoint\",\"urlTemplate\":\"https:\/\/www.myvize.com.tr\/rusya\/?s={search_term_string}\"},\"query-input\":{\"@type\":\"PropertyValueSpecification\",\"valueRequired\":true,\"valueName\":\"search_term_string\"}}],\"inLanguage\":\"tr\"}]}<\/script>\n<!-- \/ Yoast SEO plugin. -->","yoast_head_json":{"title":"Rusya Aile Birle\u015fimi Vizesi - Rusya Vizesi - MyVize","description":"Rusya Aile Birle\u015fimi Nas\u0131l Yap\u0131l\u0131r? Rusya Aile Birle\u015fimi \u015eartlar\u0131 Nelerdir? Rusya Aile Birle\u015fimi Vizesi \u0130\u00e7in Gerekli Evraklar Nelerdir?","robots":{"index":"index","follow":"follow","max-snippet":"max-snippet:-1","max-image-preview":"max-image-preview:large","max-video-preview":"max-video-preview:-1"},"canonical":"https:\/\/www.myvize.com.tr\/rusya\/oturum-2\/aile-birlesimi\/","og_locale":"tr_TR","og_type":"article","og_title":"Rusya Aile Birle\u015fimi Vizesi - Rusya Vizesi - MyVize","og_description":"Rusya Aile Birle\u015fimi Nas\u0131l Yap\u0131l\u0131r? Rusya Aile Birle\u015fimi \u015eartlar\u0131 Nelerdir? Rusya Aile Birle\u015fimi Vizesi \u0130\u00e7in Gerekli Evraklar Nelerdir?","og_url":"https:\/\/www.myvize.com.tr\/rusya\/oturum-2\/aile-birlesimi\/","og_site_name":"Rusya Vize","article_modified_time":"2022-12-27T17:47:11+00:00","og_image":[{"url":"https:\/\/www.myvize.com.tr\/rusya\/wp-content\/uploads\/2021\/09\/30.jpg","type":"","width":"","height":""}],"twitter_card":"summary_large_image","twitter_misc":{"Tahmini okuma s\u00fcresi":"6 dakika"},"schema":{"@context":"https:\/\/schema.org","@graph":[{"@type":"WebPage","@id":"https:\/\/www.myvize.com.tr\/rusya\/oturum-2\/aile-birlesimi\/","url":"https:\/\/www.myvize.com.tr\/rusya\/oturum-2\/aile-birlesimi\/","name":"Rusya Aile Birle\u015fimi Vizesi - Rusya Vizesi - MyVize","isPartOf":{"@id":"https:\/\/www.myvize.com.tr\/rusya\/#website"},"primaryImageOfPage":{"@id":"https:\/\/www.myvize.com.tr\/rusya\/oturum-2\/aile-birlesimi\/#primaryimage"},"image":{"@id":"https:\/\/www.myvize.com.tr\/rusya\/oturum-2\/aile-birlesimi\/#primaryimage"},"thumbnailUrl":"https:\/\/www.myvize.com.tr\/rusya\/wp-content\/uploads\/2021\/09\/30.jpg","datePublished":"2020-12-22T11:13:37+00:00","dateModified":"2022-12-27T17:47:11+00:00","description":"Rusya Aile Birle\u015fimi Nas\u0131l Yap\u0131l\u0131r? Rusya Aile Birle\u015fimi \u015eartlar\u0131 Nelerdir? Rusya Aile Birle\u015fimi Vizesi \u0130\u00e7in Gerekli Evraklar Nelerdir?","breadcrumb":{"@id":"https:\/\/www.myvize.com.tr\/rusya\/oturum-2\/aile-birlesimi\/#breadcrumb"},"inLanguage":"tr","potentialAction":[{"@type":"ReadAction","target":["https:\/\/www.myvize.com.tr\/rusya\/oturum-2\/aile-birlesimi\/"]}]},{"@type":"ImageObject","inLanguage":"tr","@id":"https:\/\/www.myvize.com.tr\/rusya\/oturum-2\/aile-birlesimi\/#primaryimage","url":"https:\/\/www.myvize.com.tr\/rusya\/wp-content\/uploads\/2021\/09\/30.jpg","contentUrl":"https:\/\/www.myvize.com.tr\/rusya\/wp-content\/uploads\/2021\/09\/30.jpg","width":800,"height":500,"caption":"Rusya"},{"@type":"BreadcrumbList","@id":"https:\/\/www.myvize.com.tr\/rusya\/oturum-2\/aile-birlesimi\/#breadcrumb","itemListElement":[{"@type":"ListItem","position":1,"name":"Anasayfa","item":"https:\/\/www.myvize.com.tr\/rusya\/"},{"@type":"ListItem","position":2,"name":"RUSYA OTURUM KARTI","item":"https:\/\/www.myvize.com.tr\/rusya\/oturum-2\/"},{"@type":"ListItem","position":3,"name":"Rusya Aile Birle\u015fimi"}]},{"@type":"WebSite","@id":"https:\/\/www.myvize.com.tr\/rusya\/#website","url":"https:\/\/www.myvize.com.tr\/rusya\/","name":"Rusya Vize","description":"","potentialAction":[{"@type":"SearchAction","target":{"@type":"EntryPoint","urlTemplate":"https:\/\/www.myvize.com.tr\/rusya\/?s={search_term_string}"},"query-input":{"@type":"PropertyValueSpecification","valueRequired":true,"valueName":"search_term_string"}}],"inLanguage":"tr"}]}},"_links":{"self":[{"href":"https:\/\/www.myvize.com.tr\/rusya\/wp-json\/wp\/v2\/pages\/176","targetHints":{"allow":["GET"]}}],"collection":[{"href":"https:\/\/www.myvize.com.tr\/rusya\/wp-json\/wp\/v2\/pages"}],"about":[{"href":"https:\/\/www.myvize.com.tr\/rusya\/wp-json\/wp\/v2\/types\/page"}],"author":[{"embeddable":true,"href":"https:\/\/www.myvize.com.tr\/rusya\/wp-json\/wp\/v2\/users\/1"}],"replies":[{"embeddable":true,"href":"https:\/\/www.myvize.com.tr\/rusya\/wp-json\/wp\/v2\/comments?post=176"}],"version-history":[{"count":8,"href":"https:\/\/www.myvize.com.tr\/rusya\/wp-json\/wp\/v2\/pages\/176\/revisions"}],"predecessor-version":[{"id":1172,"href":"https:\/\/www.myvize.com.tr\/rusya\/wp-json\/wp\/v2\/pages\/176\/revisions\/1172"}],"up":[{"embeddable":true,"href":"https:\/\/www.myvize.com.tr\/rusya\/wp-json\/wp\/v2\/pages\/164"}],"wp:attachment":[{"href":"https:\/\/www.myvize.com.tr\/rusya\/wp-json\/wp\/v2\/media?parent=176"}],"curies":[{"name":"wp","href":"https:\/\/api.w.org\/{rel}","templated":true}]}}