{"id":215,"date":"2020-12-28T12:23:09","date_gmt":"2020-12-28T09:23:09","guid":{"rendered":"https:\/\/www.myvize.com.tr\/rusya\/?page_id=215"},"modified":"2022-09-29T15:57:09","modified_gmt":"2022-09-29T12:57:09","slug":"adana","status":"publish","type":"page","link":"https:\/\/www.myvize.com.tr\/rusya\/subelerimiz\/adana\/","title":{"rendered":"Rusya Vizesi , Adana"},"content":{"rendered":"<h2><strong><span style=\"font-size: 27px; font-family: Roboto;\">Rusya Vizesi Adana Ba\u015fvuru \u015eubesi <\/span><\/strong><\/h2>\n<p><img decoding=\"async\" src=\"https:\/\/www.myvize.com.tr\/rusya\/wp-content\/uploads\/2021\/09\/5-2.jpg\" \/><\/p>\n","protected":false},"excerpt":{"rendered":"<p>Rusya Vizesi Adana Ba\u015fvuru \u015eubesi<\/p>\n","protected":false},"author":1,"featured_media":0,"parent":200,"menu_order":0,"comment_status":"open","ping_status":"closed","template":"","meta":{"footnotes":""},"class_list":["post-215","page","type-page","status-publish","hentry"],"yoast_head":"<!-- This site is optimized with the Yoast SEO plugin v24.0 - https:\/\/yoast.com\/wordpress\/plugins\/seo\/ -->\n<title>Rusya Vizesi Adana Ba\u015fvuru Merkezimiz - MyVize<\/title>\n<meta name=\"description\" content=\"Rusya Vizesi Adana Vize Ba\u015fvuru Merkezi. Rusya Vizesi Nas\u0131l Al\u0131n\u0131r? Rusya Vize Randevusu. Bilgi \u0130\u00e7in Hemen Aray\u0131n: 0850 346 84 93\" \/>\n<meta name=\"robots\" content=\"index, follow, max-snippet:-1, max-image-preview:large, max-video-preview:-1\" \/>\n<link rel=\"canonical\" href=\"https:\/\/www.myvize.com.tr\/rusya\/subelerimiz\/adana\/\" \/>\n<meta property=\"og:locale\" content=\"tr_TR\" \/>\n<meta property=\"og:type\" content=\"article\" \/>\n<meta property=\"og:title\" content=\"Rusya Vizesi Adana Ba\u015fvuru Merkezimiz - MyVize\" \/>\n<meta property=\"og:description\" content=\"Rusya Vizesi Adana Vize Ba\u015fvuru Merkezi. Rusya Vizesi Nas\u0131l Al\u0131n\u0131r? Rusya Vize Randevusu. Bilgi \u0130\u00e7in Hemen Aray\u0131n: 0850 346 84 93\" \/>\n<meta property=\"og:url\" content=\"https:\/\/www.myvize.com.tr\/rusya\/subelerimiz\/adana\/\" \/>\n<meta property=\"og:site_name\" content=\"Rusya Vize\" \/>\n<meta property=\"article:modified_time\" content=\"2022-09-29T12:57:09+00:00\" \/>\n<meta property=\"og:image\" content=\"https:\/\/www.myvize.com.tr\/rusya\/wp-content\/uploads\/2021\/09\/5-2.jpg\" \/>\n<meta name=\"twitter:card\" content=\"summary_large_image\" \/>\n<meta name=\"twitter:label1\" content=\"Tahmini okuma s\u00fcresi\" \/>\n\t<meta name=\"twitter:data1\" content=\"1 dakika\" \/>\n<script type=\"application\/ld+json\" class=\"yoast-schema-graph\">{\"@context\":\"https:\/\/schema.org\",\"@graph\":[{\"@type\":\"WebPage\",\"@id\":\"https:\/\/www.myvize.com.tr\/rusya\/subelerimiz\/adana\/\",\"url\":\"https:\/\/www.myvize.com.tr\/rusya\/subelerimiz\/adana\/\",\"name\":\"Rusya Vizesi Adana Ba\u015fvuru Merkezimiz - MyVize\",\"isPartOf\":{\"@id\":\"https:\/\/www.myvize.com.tr\/rusya\/#website\"},\"primaryImageOfPage\":{\"@id\":\"https:\/\/www.myvize.com.tr\/rusya\/subelerimiz\/adana\/#primaryimage\"},\"image\":{\"@id\":\"https:\/\/www.myvize.com.tr\/rusya\/subelerimiz\/adana\/#primaryimage\"},\"thumbnailUrl\":\"https:\/\/www.myvize.com.tr\/rusya\/wp-content\/uploads\/2021\/09\/5-2.jpg\",\"datePublished\":\"2020-12-28T09:23:09+00:00\",\"dateModified\":\"2022-09-29T12:57:09+00:00\",\"description\":\"Rusya Vizesi Adana Vize Ba\u015fvuru Merkezi. Rusya Vizesi Nas\u0131l Al\u0131n\u0131r? Rusya Vize Randevusu. Bilgi \u0130\u00e7in Hemen Aray\u0131n: 0850 346 84 93\",\"breadcrumb\":{\"@id\":\"https:\/\/www.myvize.com.tr\/rusya\/subelerimiz\/adana\/#breadcrumb\"},\"inLanguage\":\"tr\",\"potentialAction\":[{\"@type\":\"ReadAction\",\"target\":[\"https:\/\/www.myvize.com.tr\/rusya\/subelerimiz\/adana\/\"]}]},{\"@type\":\"ImageObject\",\"inLanguage\":\"tr\",\"@id\":\"https:\/\/www.myvize.com.tr\/rusya\/subelerimiz\/adana\/#primaryimage\",\"url\":\"https:\/\/www.myvize.com.tr\/rusya\/wp-content\/uploads\/2021\/09\/5-2.jpg\",\"contentUrl\":\"https:\/\/www.myvize.com.tr\/rusya\/wp-content\/uploads\/2021\/09\/5-2.jpg\",\"width\":800,\"height\":500,\"caption\":\"Rusya \u015eubelerimiz Adana\"},{\"@type\":\"BreadcrumbList\",\"@id\":\"https:\/\/www.myvize.com.tr\/rusya\/subelerimiz\/adana\/#breadcrumb\",\"itemListElement\":[{\"@type\":\"ListItem\",\"position\":1,\"name\":\"Anasayfa\",\"item\":\"https:\/\/www.myvize.com.tr\/rusya\/\"},{\"@type\":\"ListItem\",\"position\":2,\"name\":\"\u015eUBELER\u0130M\u0130Z\",\"item\":\"https:\/\/www.myvize.com.tr\/rusya\/subelerimiz\/\"},{\"@type\":\"ListItem\",\"position\":3,\"name\":\"Rusya Vizesi , Adana\"}]},{\"@type\":\"WebSite\",\"@id\":\"https:\/\/www.myvize.com.tr\/rusya\/#website\",\"url\":\"https:\/\/www.myvize.com.tr\/rusya\/\",\"name\":\"Rusya Vize\",\"description\":\"\",\"potentialAction\":[{\"@type\":\"SearchAction\",\"target\":{\"@type\":\"EntryPoint\",\"urlTemplate\":\"https:\/\/www.myvize.com.tr\/rusya\/?s={search_term_string}\"},\"query-input\":{\"@type\":\"PropertyValueSpecification\",\"valueRequired\":true,\"valueName\":\"search_term_string\"}}],\"inLanguage\":\"tr\"}]}<\/script>\n<!-- \/ Yoast SEO plugin. -->","yoast_head_json":{"title":"Rusya Vizesi Adana Ba\u015fvuru Merkezimiz - MyVize","description":"Rusya Vizesi Adana Vize Ba\u015fvuru Merkezi. Rusya Vizesi Nas\u0131l Al\u0131n\u0131r? Rusya Vize Randevusu. Bilgi \u0130\u00e7in Hemen Aray\u0131n: 0850 346 84 93","robots":{"index":"index","follow":"follow","max-snippet":"max-snippet:-1","max-image-preview":"max-image-preview:large","max-video-preview":"max-video-preview:-1"},"canonical":"https:\/\/www.myvize.com.tr\/rusya\/subelerimiz\/adana\/","og_locale":"tr_TR","og_type":"article","og_title":"Rusya Vizesi Adana Ba\u015fvuru Merkezimiz - MyVize","og_description":"Rusya Vizesi Adana Vize Ba\u015fvuru Merkezi. Rusya Vizesi Nas\u0131l Al\u0131n\u0131r? Rusya Vize Randevusu. Bilgi \u0130\u00e7in Hemen Aray\u0131n: 0850 346 84 93","og_url":"https:\/\/www.myvize.com.tr\/rusya\/subelerimiz\/adana\/","og_site_name":"Rusya Vize","article_modified_time":"2022-09-29T12:57:09+00:00","og_image":[{"url":"https:\/\/www.myvize.com.tr\/rusya\/wp-content\/uploads\/2021\/09\/5-2.jpg","type":"","width":"","height":""}],"twitter_card":"summary_large_image","twitter_misc":{"Tahmini okuma s\u00fcresi":"1 dakika"},"schema":{"@context":"https:\/\/schema.org","@graph":[{"@type":"WebPage","@id":"https:\/\/www.myvize.com.tr\/rusya\/subelerimiz\/adana\/","url":"https:\/\/www.myvize.com.tr\/rusya\/subelerimiz\/adana\/","name":"Rusya Vizesi Adana Ba\u015fvuru Merkezimiz - MyVize","isPartOf":{"@id":"https:\/\/www.myvize.com.tr\/rusya\/#website"},"primaryImageOfPage":{"@id":"https:\/\/www.myvize.com.tr\/rusya\/subelerimiz\/adana\/#primaryimage"},"image":{"@id":"https:\/\/www.myvize.com.tr\/rusya\/subelerimiz\/adana\/#primaryimage"},"thumbnailUrl":"https:\/\/www.myvize.com.tr\/rusya\/wp-content\/uploads\/2021\/09\/5-2.jpg","datePublished":"2020-12-28T09:23:09+00:00","dateModified":"2022-09-29T12:57:09+00:00","description":"Rusya Vizesi Adana Vize Ba\u015fvuru Merkezi. Rusya Vizesi Nas\u0131l Al\u0131n\u0131r? Rusya Vize Randevusu. Bilgi \u0130\u00e7in Hemen Aray\u0131n: 0850 346 84 93","breadcrumb":{"@id":"https:\/\/www.myvize.com.tr\/rusya\/subelerimiz\/adana\/#breadcrumb"},"inLanguage":"tr","potentialAction":[{"@type":"ReadAction","target":["https:\/\/www.myvize.com.tr\/rusya\/subelerimiz\/adana\/"]}]},{"@type":"ImageObject","inLanguage":"tr","@id":"https:\/\/www.myvize.com.tr\/rusya\/subelerimiz\/adana\/#primaryimage","url":"https:\/\/www.myvize.com.tr\/rusya\/wp-content\/uploads\/2021\/09\/5-2.jpg","contentUrl":"https:\/\/www.myvize.com.tr\/rusya\/wp-content\/uploads\/2021\/09\/5-2.jpg","width":800,"height":500,"caption":"Rusya \u015eubelerimiz Adana"},{"@type":"BreadcrumbList","@id":"https:\/\/www.myvize.com.tr\/rusya\/subelerimiz\/adana\/#breadcrumb","itemListElement":[{"@type":"ListItem","position":1,"name":"Anasayfa","item":"https:\/\/www.myvize.com.tr\/rusya\/"},{"@type":"ListItem","position":2,"name":"\u015eUBELER\u0130M\u0130Z","item":"https:\/\/www.myvize.com.tr\/rusya\/subelerimiz\/"},{"@type":"ListItem","position":3,"name":"Rusya Vizesi , Adana"}]},{"@type":"WebSite","@id":"https:\/\/www.myvize.com.tr\/rusya\/#website","url":"https:\/\/www.myvize.com.tr\/rusya\/","name":"Rusya Vize","description":"","potentialAction":[{"@type":"SearchAction","target":{"@type":"EntryPoint","urlTemplate":"https:\/\/www.myvize.com.tr\/rusya\/?s={search_term_string}"},"query-input":{"@type":"PropertyValueSpecification","valueRequired":true,"valueName":"search_term_string"}}],"inLanguage":"tr"}]}},"_links":{"self":[{"href":"https:\/\/www.myvize.com.tr\/rusya\/wp-json\/wp\/v2\/pages\/215","targetHints":{"allow":["GET"]}}],"collection":[{"href":"https:\/\/www.myvize.com.tr\/rusya\/wp-json\/wp\/v2\/pages"}],"about":[{"href":"https:\/\/www.myvize.com.tr\/rusya\/wp-json\/wp\/v2\/types\/page"}],"author":[{"embeddable":true,"href":"https:\/\/www.myvize.com.tr\/rusya\/wp-json\/wp\/v2\/users\/1"}],"replies":[{"embeddable":true,"href":"https:\/\/www.myvize.com.tr\/rusya\/wp-json\/wp\/v2\/comments?post=215"}],"version-history":[{"count":5,"href":"https:\/\/www.myvize.com.tr\/rusya\/wp-json\/wp\/v2\/pages\/215\/revisions"}],"predecessor-version":[{"id":1151,"href":"https:\/\/www.myvize.com.tr\/rusya\/wp-json\/wp\/v2\/pages\/215\/revisions\/1151"}],"up":[{"embeddable":true,"href":"https:\/\/www.myvize.com.tr\/rusya\/wp-json\/wp\/v2\/pages\/200"}],"wp:attachment":[{"href":"https:\/\/www.myvize.com.tr\/rusya\/wp-json\/wp\/v2\/media?parent=215"}],"curies":[{"name":"wp","href":"https:\/\/api.w.org\/{rel}","templated":true}]}}