{"id":225,"date":"2020-12-28T12:24:38","date_gmt":"2020-12-28T09:24:38","guid":{"rendered":"https:\/\/www.myvize.com.tr\/rusya\/?page_id=225"},"modified":"2022-10-10T13:10:17","modified_gmt":"2022-10-10T10:10:17","slug":"corlu","status":"publish","type":"page","link":"https:\/\/www.myvize.com.tr\/rusya\/subelerimiz\/corlu\/","title":{"rendered":"Rusya Vizesi , \u00c7orlu"},"content":{"rendered":"<h2><strong><span style=\"font-size: 27px; font-family: Roboto;\">Rusya Vizesi \u00c7orlu Vize Ba\u015fvuru Merkezi<\/span><\/strong><\/h2>\n<p><img decoding=\"async\" src=\"https:\/\/www.myvize.com.tr\/rusya\/wp-content\/uploads\/2021\/09\/5-10.jpg\" \/><\/p>\n","protected":false},"excerpt":{"rendered":"<p>Rusya Vizesi \u00c7orlu Vize Ba\u015fvuru Merkezi<\/p>\n","protected":false},"author":1,"featured_media":0,"parent":200,"menu_order":0,"comment_status":"open","ping_status":"closed","template":"","meta":{"footnotes":""},"class_list":["post-225","page","type-page","status-publish","hentry"],"yoast_head":"<!-- This site is optimized with the Yoast SEO plugin v24.0 - https:\/\/yoast.com\/wordpress\/plugins\/seo\/ -->\n<title>Rusya Vizesi \u00c7orlu Vize Ba\u015fvuru Merkezimiz - MyVize<\/title>\n<meta name=\"description\" content=\"Rusya Vizesi \u00c7orlu Vize Ba\u015fvuru Merkezi. Rusya Vizesi Nas\u0131l Al\u0131n\u0131r? Rusya Vize \u00dccreti Ne Kadar? Bilgi \u0130\u00e7in Hemen Aray\u0131n: 0850 346 84 93\" \/>\n<meta name=\"robots\" content=\"index, follow, max-snippet:-1, max-image-preview:large, max-video-preview:-1\" \/>\n<link rel=\"canonical\" href=\"https:\/\/www.myvize.com.tr\/rusya\/subelerimiz\/corlu\/\" \/>\n<meta property=\"og:locale\" content=\"tr_TR\" \/>\n<meta property=\"og:type\" content=\"article\" \/>\n<meta property=\"og:title\" content=\"Rusya Vizesi \u00c7orlu Vize Ba\u015fvuru Merkezimiz - MyVize\" \/>\n<meta property=\"og:description\" content=\"Rusya Vizesi \u00c7orlu Vize Ba\u015fvuru Merkezi. Rusya Vizesi Nas\u0131l Al\u0131n\u0131r? Rusya Vize \u00dccreti Ne Kadar? Bilgi \u0130\u00e7in Hemen Aray\u0131n: 0850 346 84 93\" \/>\n<meta property=\"og:url\" content=\"https:\/\/www.myvize.com.tr\/rusya\/subelerimiz\/corlu\/\" \/>\n<meta property=\"og:site_name\" content=\"Rusya Vize\" \/>\n<meta property=\"article:modified_time\" content=\"2022-10-10T10:10:17+00:00\" \/>\n<meta property=\"og:image\" content=\"https:\/\/www.myvize.com.tr\/rusya\/wp-content\/uploads\/2021\/09\/5-10.jpg\" \/>\n<meta name=\"twitter:card\" content=\"summary_large_image\" \/>\n<meta name=\"twitter:label1\" content=\"Tahmini okuma s\u00fcresi\" \/>\n\t<meta name=\"twitter:data1\" content=\"1 dakika\" \/>\n<script type=\"application\/ld+json\" class=\"yoast-schema-graph\">{\"@context\":\"https:\/\/schema.org\",\"@graph\":[{\"@type\":\"WebPage\",\"@id\":\"https:\/\/www.myvize.com.tr\/rusya\/subelerimiz\/corlu\/\",\"url\":\"https:\/\/www.myvize.com.tr\/rusya\/subelerimiz\/corlu\/\",\"name\":\"Rusya Vizesi \u00c7orlu Vize Ba\u015fvuru Merkezimiz - MyVize\",\"isPartOf\":{\"@id\":\"https:\/\/www.myvize.com.tr\/rusya\/#website\"},\"primaryImageOfPage\":{\"@id\":\"https:\/\/www.myvize.com.tr\/rusya\/subelerimiz\/corlu\/#primaryimage\"},\"image\":{\"@id\":\"https:\/\/www.myvize.com.tr\/rusya\/subelerimiz\/corlu\/#primaryimage\"},\"thumbnailUrl\":\"https:\/\/www.myvize.com.tr\/rusya\/wp-content\/uploads\/2021\/09\/5-10.jpg\",\"datePublished\":\"2020-12-28T09:24:38+00:00\",\"dateModified\":\"2022-10-10T10:10:17+00:00\",\"description\":\"Rusya Vizesi \u00c7orlu Vize Ba\u015fvuru Merkezi. Rusya Vizesi Nas\u0131l Al\u0131n\u0131r? Rusya Vize \u00dccreti Ne Kadar? Bilgi \u0130\u00e7in Hemen Aray\u0131n: 0850 346 84 93\",\"breadcrumb\":{\"@id\":\"https:\/\/www.myvize.com.tr\/rusya\/subelerimiz\/corlu\/#breadcrumb\"},\"inLanguage\":\"tr\",\"potentialAction\":[{\"@type\":\"ReadAction\",\"target\":[\"https:\/\/www.myvize.com.tr\/rusya\/subelerimiz\/corlu\/\"]}]},{\"@type\":\"ImageObject\",\"inLanguage\":\"tr\",\"@id\":\"https:\/\/www.myvize.com.tr\/rusya\/subelerimiz\/corlu\/#primaryimage\",\"url\":\"https:\/\/www.myvize.com.tr\/rusya\/wp-content\/uploads\/2021\/09\/5-10.jpg\",\"contentUrl\":\"https:\/\/www.myvize.com.tr\/rusya\/wp-content\/uploads\/2021\/09\/5-10.jpg\",\"width\":800,\"height\":500,\"caption\":\"Rusya \u015eubelerimiz \u00c7orlu\"},{\"@type\":\"BreadcrumbList\",\"@id\":\"https:\/\/www.myvize.com.tr\/rusya\/subelerimiz\/corlu\/#breadcrumb\",\"itemListElement\":[{\"@type\":\"ListItem\",\"position\":1,\"name\":\"Anasayfa\",\"item\":\"https:\/\/www.myvize.com.tr\/rusya\/\"},{\"@type\":\"ListItem\",\"position\":2,\"name\":\"\u015eUBELER\u0130M\u0130Z\",\"item\":\"https:\/\/www.myvize.com.tr\/rusya\/subelerimiz\/\"},{\"@type\":\"ListItem\",\"position\":3,\"name\":\"Rusya Vizesi , \u00c7orlu\"}]},{\"@type\":\"WebSite\",\"@id\":\"https:\/\/www.myvize.com.tr\/rusya\/#website\",\"url\":\"https:\/\/www.myvize.com.tr\/rusya\/\",\"name\":\"Rusya Vize\",\"description\":\"\",\"potentialAction\":[{\"@type\":\"SearchAction\",\"target\":{\"@type\":\"EntryPoint\",\"urlTemplate\":\"https:\/\/www.myvize.com.tr\/rusya\/?s={search_term_string}\"},\"query-input\":{\"@type\":\"PropertyValueSpecification\",\"valueRequired\":true,\"valueName\":\"search_term_string\"}}],\"inLanguage\":\"tr\"}]}<\/script>\n<!-- \/ Yoast SEO plugin. -->","yoast_head_json":{"title":"Rusya Vizesi \u00c7orlu Vize Ba\u015fvuru Merkezimiz - MyVize","description":"Rusya Vizesi \u00c7orlu Vize Ba\u015fvuru Merkezi. Rusya Vizesi Nas\u0131l Al\u0131n\u0131r? Rusya Vize \u00dccreti Ne Kadar? Bilgi \u0130\u00e7in Hemen Aray\u0131n: 0850 346 84 93","robots":{"index":"index","follow":"follow","max-snippet":"max-snippet:-1","max-image-preview":"max-image-preview:large","max-video-preview":"max-video-preview:-1"},"canonical":"https:\/\/www.myvize.com.tr\/rusya\/subelerimiz\/corlu\/","og_locale":"tr_TR","og_type":"article","og_title":"Rusya Vizesi \u00c7orlu Vize Ba\u015fvuru Merkezimiz - MyVize","og_description":"Rusya Vizesi \u00c7orlu Vize Ba\u015fvuru Merkezi. Rusya Vizesi Nas\u0131l Al\u0131n\u0131r? Rusya Vize \u00dccreti Ne Kadar? Bilgi \u0130\u00e7in Hemen Aray\u0131n: 0850 346 84 93","og_url":"https:\/\/www.myvize.com.tr\/rusya\/subelerimiz\/corlu\/","og_site_name":"Rusya Vize","article_modified_time":"2022-10-10T10:10:17+00:00","og_image":[{"url":"https:\/\/www.myvize.com.tr\/rusya\/wp-content\/uploads\/2021\/09\/5-10.jpg","type":"","width":"","height":""}],"twitter_card":"summary_large_image","twitter_misc":{"Tahmini okuma s\u00fcresi":"1 dakika"},"schema":{"@context":"https:\/\/schema.org","@graph":[{"@type":"WebPage","@id":"https:\/\/www.myvize.com.tr\/rusya\/subelerimiz\/corlu\/","url":"https:\/\/www.myvize.com.tr\/rusya\/subelerimiz\/corlu\/","name":"Rusya Vizesi \u00c7orlu Vize Ba\u015fvuru Merkezimiz - MyVize","isPartOf":{"@id":"https:\/\/www.myvize.com.tr\/rusya\/#website"},"primaryImageOfPage":{"@id":"https:\/\/www.myvize.com.tr\/rusya\/subelerimiz\/corlu\/#primaryimage"},"image":{"@id":"https:\/\/www.myvize.com.tr\/rusya\/subelerimiz\/corlu\/#primaryimage"},"thumbnailUrl":"https:\/\/www.myvize.com.tr\/rusya\/wp-content\/uploads\/2021\/09\/5-10.jpg","datePublished":"2020-12-28T09:24:38+00:00","dateModified":"2022-10-10T10:10:17+00:00","description":"Rusya Vizesi \u00c7orlu Vize Ba\u015fvuru Merkezi. Rusya Vizesi Nas\u0131l Al\u0131n\u0131r? Rusya Vize \u00dccreti Ne Kadar? Bilgi \u0130\u00e7in Hemen Aray\u0131n: 0850 346 84 93","breadcrumb":{"@id":"https:\/\/www.myvize.com.tr\/rusya\/subelerimiz\/corlu\/#breadcrumb"},"inLanguage":"tr","potentialAction":[{"@type":"ReadAction","target":["https:\/\/www.myvize.com.tr\/rusya\/subelerimiz\/corlu\/"]}]},{"@type":"ImageObject","inLanguage":"tr","@id":"https:\/\/www.myvize.com.tr\/rusya\/subelerimiz\/corlu\/#primaryimage","url":"https:\/\/www.myvize.com.tr\/rusya\/wp-content\/uploads\/2021\/09\/5-10.jpg","contentUrl":"https:\/\/www.myvize.com.tr\/rusya\/wp-content\/uploads\/2021\/09\/5-10.jpg","width":800,"height":500,"caption":"Rusya \u015eubelerimiz \u00c7orlu"},{"@type":"BreadcrumbList","@id":"https:\/\/www.myvize.com.tr\/rusya\/subelerimiz\/corlu\/#breadcrumb","itemListElement":[{"@type":"ListItem","position":1,"name":"Anasayfa","item":"https:\/\/www.myvize.com.tr\/rusya\/"},{"@type":"ListItem","position":2,"name":"\u015eUBELER\u0130M\u0130Z","item":"https:\/\/www.myvize.com.tr\/rusya\/subelerimiz\/"},{"@type":"ListItem","position":3,"name":"Rusya Vizesi , \u00c7orlu"}]},{"@type":"WebSite","@id":"https:\/\/www.myvize.com.tr\/rusya\/#website","url":"https:\/\/www.myvize.com.tr\/rusya\/","name":"Rusya Vize","description":"","potentialAction":[{"@type":"SearchAction","target":{"@type":"EntryPoint","urlTemplate":"https:\/\/www.myvize.com.tr\/rusya\/?s={search_term_string}"},"query-input":{"@type":"PropertyValueSpecification","valueRequired":true,"valueName":"search_term_string"}}],"inLanguage":"tr"}]}},"_links":{"self":[{"href":"https:\/\/www.myvize.com.tr\/rusya\/wp-json\/wp\/v2\/pages\/225","targetHints":{"allow":["GET"]}}],"collection":[{"href":"https:\/\/www.myvize.com.tr\/rusya\/wp-json\/wp\/v2\/pages"}],"about":[{"href":"https:\/\/www.myvize.com.tr\/rusya\/wp-json\/wp\/v2\/types\/page"}],"author":[{"embeddable":true,"href":"https:\/\/www.myvize.com.tr\/rusya\/wp-json\/wp\/v2\/users\/1"}],"replies":[{"embeddable":true,"href":"https:\/\/www.myvize.com.tr\/rusya\/wp-json\/wp\/v2\/comments?post=225"}],"version-history":[{"count":5,"href":"https:\/\/www.myvize.com.tr\/rusya\/wp-json\/wp\/v2\/pages\/225\/revisions"}],"predecessor-version":[{"id":1161,"href":"https:\/\/www.myvize.com.tr\/rusya\/wp-json\/wp\/v2\/pages\/225\/revisions\/1161"}],"up":[{"embeddable":true,"href":"https:\/\/www.myvize.com.tr\/rusya\/wp-json\/wp\/v2\/pages\/200"}],"wp:attachment":[{"href":"https:\/\/www.myvize.com.tr\/rusya\/wp-json\/wp\/v2\/media?parent=225"}],"curies":[{"name":"wp","href":"https:\/\/api.w.org\/{rel}","templated":true}]}}