{"id":428,"date":"2021-08-09T15:26:20","date_gmt":"2021-08-09T12:26:20","guid":{"rendered":"https:\/\/www.myvize.com.tr\/rusya\/?page_id=428"},"modified":"2022-06-07T12:25:52","modified_gmt":"2022-06-07T09:25:52","slug":"rusya-vize-basvurusu","status":"publish","type":"page","link":"https:\/\/www.myvize.com.tr\/rusya\/vize-islemleri\/rusya-vize-basvurusu\/","title":{"rendered":"Rusya Vize Ba\u015fvurusu"},"content":{"rendered":"<h2><strong><span style=\"font-size: 27px; font-family: Roboto;\">Rusya Vize Ba\u015fvurusu Hakk\u0131nda<\/span><\/strong><\/h2>\n<p><span style=\"font-family: Roboto; font-size: 14px;\"><strong>Rusya Vize<\/strong> ba\u015fvurular\u0131n\u0131z i\u00e7in\u00a0 Rusya Konsoloslu\u011fu, arac\u0131 vize merkezleri ve seyahat acenteleri arac\u0131l\u0131\u011f\u0131 ile ba\u015fvuru yapabilirsiniz.\u00a0 Rusya Federasyonu\u2019na k\u0131sa s\u00fcreli yani 30 g\u00fcnl\u00fck seyahat etmek istiyorsan\u0131z ya da uzun s\u00fcreli seyahat etmek istiyorsan\u0131z ve T\u00fcrkiye Cumhuriyeti vatanda\u015f\u0131ysan\u0131z veya T\u00fcrkiye\u2019de oturum\u00a0 iznine sahip yabanc\u0131 uyruklu vatanda\u015fsan\u0131z\u00a0 Rusya vize i\u015flem ba\u015fvurular\u0131n\u0131z i\u00e7in ,\u00a0<strong>Rusya Konsoloslu\u011fu<\/strong>\u00a0taraf\u0131ndan yetki verilen\u00a0 Rusya Vize Ba\u015fvuru Merkezleri ve arac\u0131 olan\u00a0 acenteler sayesinde ger\u00e7ekle\u015ftirebilirsiniz.<\/span><\/p>\n<p><span style=\"font-family: Roboto; font-size: 14px;\">Rusya ile T\u00fcrkiye Cumhuriyeti kar\u015f\u0131l\u0131kl\u0131 olarak aralar\u0131nda imzalam\u0131\u015f olduklar\u0131 ve 30 g\u00fcnl\u00fck s\u00fcreyi ge\u00e7meme serti konulmas\u0131 ile seyahat etmek isteyenlere seyahat hakk\u0131 tan\u0131n\u0131yordu. Bu anla\u015fma<\/span><br \/>\n<span style=\"font-family: Roboto; font-size: 14px;\">1 Ocak 2021 tarihinden beri\u00a0 Rusya Devleti taraf\u0131ndan ge\u00e7erlili\u011fini yitirdi.\u00a0 Bu sebepten dolay\u0131\u00a0 Rusya Federasyonu T\u00fcrkiye Cumhuriyeti\u00a0 Umuma Mahsus yani Bordo,\u00a0Hususi ve Hizmet pasaportu sahibiyseniz vize \u015fartlar\u0131na tabii tutuluyorsunuz.Sadece diplomatik pasaporta sahipseniz ve\u00a0 T\u00fcrk vatanda\u015f\u0131ysan\u0131z 90 g\u00fcn\u00fc a\u015fmamak kayd\u0131 ile\u00a0 Rusya vizesinden muaf olabiliyorsunuz.<\/span><\/p>\n<p><span style=\"font-family: Roboto; font-size: 14px;\">Bunlar\u0131n haricinde\u00a0 <strong>Rusya\u2019ya e\u011fitim, \u00e7al\u0131\u015fma ve oturum<\/strong> ama\u00e7lar\u0131 dahilinde seyahat edecekseniz ve T\u00fcrkiye Cumhuriyeti vatanda\u015f\u0131ysan\u0131z\u00a0 uzun s\u00fcreli vize\u00a0 ba\u015fvurular\u0131n\u0131z i\u00e7in\u00a0 Rusya Konsoloslu\u011fu&#8217;na ba\u015fvuru yapman\u0131z gerekiyor. Rusya Konsoloslu\u011fu, e\u011fitim vizeniz i\u00e7in,\u00a0 \u00e7al\u0131\u015fma vizeniz i\u00e7in, oturum izniniz i\u00e7in ve bunun gibi vize ba\u015fvurusu yapt\u0131\u011f\u0131n\u0131z zaman Rusya vizelerini uzun s\u00fcreli kalman\u0131z\u0131\u00a0 gerektiren vize dahilinde de\u011ferlendiriyor ve size 90 g\u00fcn kalma\u00a0 s\u00fcresi ve \u00e7ok giri\u015f hakk\u0131 tan\u0131yor.<\/span><\/p>\n<p><span style=\"font-family: Roboto; font-size: 14px;\"><strong>Rus Konsoloslu\u011fu<\/strong> vizeniz i\u00e7in onay verirse Rusya vizenizde; Rus ve Latin harfleri ile soyad\u0131n\u0131z, ad\u0131n\u0131z; do\u011fum tarihiniz, cinsiyetiniz, h\u00fcrriyetinizi belirtiyor olan ana belge numaran\u0131z, vizenin verili\u015f tarihi ve size izin verilmi\u015f olan\u00a0 kal\u0131\u015f s\u00fcreniz; davetiyeniz var ise Rusya Federasyonu\u2019na giri\u015f i\u00e7in kullanaca\u011f\u0131n\u0131z\u00a0 davetiye numaran\u0131z gibi bilgiler yer al\u0131yor.<\/span><\/p>\n<p><span style=\"font-family: Roboto; font-size: 14px;\">Bal\u0131kesir, Bilecik, Bursa, \u00c7anakkale, K\u0131rklareli, Kocaeli, K\u00fctahya, Sakarya, Tekirda\u011f, Yalova ve \u0130stanbul illerinden birinde ya\u015f\u0131yorsan\u0131z ve\u00a0 T\u00fcrkiye Cumhuriyeti vatanda\u015f\u0131ysan\u0131z\u00a0 veya T\u00fcrkiye Cumhuriyeti ikamet iznine sahip yabanc\u0131 \u00fclke vatanda\u015f\u0131ysan\u0131z \u00a0<span style=\"color: #2acec2;\"><strong><a style=\"color: #2acec2;\" href=\"https:\/\/www.myvize.com.tr\/rusya\/vize-islemleri\/rusya-vizesi\/\" target=\"_blank\" rel=\"noopener\">Rusya vizesi<\/a><\/strong><\/span>\u00a0i\u015flemleriniz i\u00e7in\u00a0 vize onay\u0131n\u0131z\u0131 veya reddinizi<strong> Rusya \u0130stanbul Ba\u015fkonsoloslu\u011fu<\/strong> veriyor. Rusya vizesi ba\u015fvurular\u0131n\u0131z i\u00e7in\u00a0 Rus Konsoloslu\u011fu taraf\u0131ndan yetkilendirilmi\u015f olan\u00a0 vize merkezleri sayesinde\u00a0 kabul ediliyor ve\u00a0 Rusya vizenizin\u00a0 sonucu hakk\u0131nda\u00a0 karar yetkisine sahip tek kurum ba\u015fvurular\u0131n iletilmi\u015f oldu\u011fu\u00a0 Rusya Konsoloslu\u011fu, Rusya Ba\u015fkonsoloslu\u011fu veya Rusya B\u00fcy\u00fckel\u00e7ili\u011fidir.<\/span><\/p>\n<h2><span style=\"font-family: Roboto; font-size: 27px;\"><strong>Rusya Vize Ba\u015fvurusu Nas\u0131l Yap\u0131l\u0131\u0131r?<\/strong><\/span><\/h2>\n<p><span style=\"font-family: Roboto; font-size: 14px;\">\u00dclkemizin \u00f6zellikle son y\u0131llarda en yak\u0131n ili\u015fkiler i\u00e7inde oldu\u011fu \u00fclkelerin ba\u015f\u0131nda kom\u015fumuz olan ve eski Sovyet Sosyalist Cumhuriyetler Birli\u011finden ayr\u0131lm\u0131\u015f olan Rusya gelmektedir. \u00d6zellikle insanlar i\u015f ama\u00e7l\u0131 olarak bu \u00fclkeye gitseler de bunun yan\u0131 s\u0131ra Rusya k\u00fclt\u00fcr\u00fcn\u00fc tan\u0131mak i\u00e7in, e\u011fitim g\u00f6rmek i\u00e7in, yak\u0131nlar\u0131n\u0131 ziyaret etmek i\u00e7in gidenler de vard\u0131r. Her ne nedenle gidilecek olursa olsun Rusya T\u00fcrk vatanda\u015flar\u0131ndan vize istemektedir. Bu da beraberinde bir\u00e7ok soruyu beraberinde getirir.\u00a0<strong>Rusya Vize Ba\u015fvurusu nas\u0131l yap\u0131l\u0131r\u00a0<\/strong>sorusunu beraberinde getirir. Burada s\u00fcre\u00e7 ad\u0131m ad\u0131m ilerler. \u00d6ncelikli olarak <strong>Rusya vize ba\u015fvurusu<\/strong> i\u00e7in istenen evraklar\u0131n do\u011fru ve hatas\u0131z bir bi\u00e7imde haz\u0131rlanmas\u0131 gerekir. Bunun yan\u0131 s\u0131ra randevu al\u0131nmas\u0131 gerekir. Sonras\u0131nda ise ilgili kuruma Rusya vize ba\u015fvurusu yap\u0131lmas\u0131 gerekir.Rusya vize kapsam\u0131 di\u011fer \u00fclkelere g\u00f6re \u00e7ok daha kapsaml\u0131 ve geni\u015ftir. \u00c7ok de\u011fi\u015fik ama\u00e7lar i\u00e7in vize al\u0131n\u0131p bu \u00fclkeye gidilebilir.<\/span><\/p>\n<h2><span style=\"font-family: Roboto; font-size: 27px;\"><strong>Rusya Vize Ba\u015fvurusu Nereden Yap\u0131l\u0131r?<\/strong><\/span><\/h2>\n<p><span style=\"font-family: Roboto; font-size: 14px;\">\u00dcstte verilen bu bilgilerden sonra \u015fimdi de art\u0131k\u00a0<strong>Rusya vize ba\u015fvurusu nereden yap\u0131l\u0131r\u00a0<\/strong>sorusunun yan\u0131t\u0131n\u0131 verelim. Ki\u015filerin <span style=\"color: #2acec2;\"><strong><a style=\"color: #2acec2;\" href=\"https:\/\/www.myvize.com.tr\/rusya\/vize-islemleri\/rusya-vize-basvurusu\/\" target=\"_blank\" rel=\"noopener\">Rusya vize ba\u015fvurusu<\/a><\/strong><\/span> yapmak i\u00e7in kar\u015f\u0131lar\u0131na farkl\u0131 se\u00e7enekler \u00e7\u0131kar. Bunlardan bir tanesi Ankara\u2019da yer almakta olan Rusya B\u00fcy\u00fckel\u00e7ili\u011fine ba\u015fvuru yap\u0131lmas\u0131d\u0131r. Bir di\u011fer se\u00e7enek ise Rusya Ba\u015fkonsoloslu\u011fu ve\u00a0 Rusya Konsolosluklar\u0131d\u0131r. Tam da bu noktada bilinmesi gereken en temel husus ki\u015finin ya\u015fad\u0131\u011f\u0131 ilin ba\u011fl\u0131 oldu\u011fu \u00a0konsolosluk ya da b\u00fcy\u00fckel\u00e7ili\u011fe ba\u015fvuru yapmas\u0131 gerekti\u011fidir. Burada bir di\u011fer y\u00f6ntem ise<strong> Rusya H\u00fck\u00fcmeti<\/strong> taraf\u0131ndan onaylanm\u0131\u015f, akredite olmu\u015f Rusya vize ba\u015fvuru merkezleri arac\u0131l\u0131\u011f\u0131 ile b\u00f6ylesi bir ba\u015fvurunun yap\u0131lmas\u0131d\u0131r. E\u011fer ba\u015fvuru merkezleri \u00fczerinden ba\u015fvuru yap\u0131l\u0131r ise \u00f6denen ekstra bir \u00fccret vard\u0131r. Ayr\u0131ca s\u00fcre nadiren de olsa uzayabilir. T\u00fcm bunlar\u0131 bilerek nihai karar\u0131 vermek gerekir. Sonu\u00e7ta nereye vize ba\u015fvurusu yapaca\u011f\u0131 ki\u015finin kendi karar\u0131 dahilindedir. \u00d6nemli olan ki\u015finin i\u015flerinin aksamadan s\u00fcreci ba\u015flatmas\u0131d\u0131r.<\/span><\/p>\n<h2><span style=\"font-family: Roboto; font-size: 27px;\"><strong>Rusya Vize Ba\u015fvuru \u015eartlar\u0131<\/strong><\/span><\/h2>\n<p><span style=\"font-family: Roboto; font-size: 14px;\">\u015eimdi s\u0131rada\u00a0<strong>Rusya vize ba\u015fvuru \u015fartlar\u0131\u00a0<\/strong>hakk\u0131nda bilgi verelim. Rusya H\u00fck\u00fcmeti eski bir Soyvet Devleti oldu\u011fu ve sosyalist bir gelenekten geldi\u011fi i\u00e7in son derece zor \u015fartlar\u0131 olan bir \u00fclkedir. Bu durum vize al\u0131n\u0131r iken de ge\u00e7erli olan bir durumdur. E\u011fer vize ba\u015fvurusu <strong>Rusya B\u00fcy\u00fckel\u00e7ili\u011fi<\/strong> ya da Rusya Konsolosluklar\u0131na yap\u0131lacak ise mutlaka \u00f6nceden randevu al\u0131nmas\u0131 gerekir. Randevu al\u0131nmadan yap\u0131lan ba\u015fvurular hi\u00e7bir \u015fart alt\u0131nda kabul edilmez. Yine al\u0131nan randevu saatinde dakik olarak bulunmak gerekir. Eksik evrak ile yap\u0131lan ba\u015fvurular hi\u00e7bir \u015fart alt\u0131nda kabul edilmez. Yine di\u011fer \u00fclkelerin aksine Rusya vize ba\u015fvurular\u0131nda parmak izi istenmez. Herhangi bir \u00fclkeden \u00e7\u0131k\u0131\u015f yasa\u011f\u0131 olmayan herkes Rusya i\u00e7in vize ba\u015fvurusu yapar. \u0130lk ba\u015fvuru online olarak ger\u00e7ekle\u015fmektedir. Bu ad\u0131m yap\u0131lmadan di\u011fer belgeler tamam olsa bile yine ba\u015fvuru kabul edilmez.<\/span><\/p>\n<h3><span style=\"font-family: Roboto; font-size: 24px;\"><strong>Rusya Vize Ba\u015fvurusu \u0130\u00e7in Gerekli Evraklar<\/strong><\/span><\/h3>\n<p><span style=\"font-family: Roboto; font-size: 14px;\">Son olarak \u015fimdi de\u00a0<strong>Rusya Vize Ba\u015fvurusu i\u00e7in gerekli evraklar\u00a0<\/strong>nelerdir onlar\u0131n\u0131n yan\u0131t\u0131n\u0131 verelim.<\/span><\/p>\n<ul>\n<li><span style=\"font-family: Roboto; font-size: 14px;\">En az alt\u0131 ay ge\u00e7erlili\u011fi olan arka sayfas\u0131 bo\u015f olan pasaport<\/span><\/li>\n<li><span style=\"font-family: Roboto; font-size: 14px;\"><strong>Rusya vize ba\u015fvuru \u00fccreti<\/strong> \u00f6dendi dekontu<\/span><\/li>\n<li><span style=\"font-family: Roboto; font-size: 14px;\">Voucher belgesi<\/span><\/li>\n<li><span style=\"font-family: Roboto; font-size: 14px;\">G\u00fcncel arka zemini beyaz olan <strong>35*45 cm<\/strong> ebatlar\u0131nda olan 2 adet foto\u011fraf<\/span><\/li>\n<li><span style=\"font-family: Roboto; font-size: 14px;\">Vize ba\u015fvuru anketi<\/span><\/li>\n<li><span style=\"font-family: Roboto; font-size: 14px;\">N\u00fcfus c\u00fczdan\u0131 fotokopisi istenen evraklard\u0131r. Kimi durumlarda ve vize t\u00fcr\u00fcne g\u00f6re de\u011fi\u015fik t\u00fcrden istenen evraklar vard\u0131r. Bunlar ise \u015funlard\u0131r:<\/span><\/li>\n<li><span style=\"font-family: Roboto; font-size: 14px;\">Ki\u015fi e\u011fer e\u011fitim almak i\u00e7in gidecek ise e\u011fitim alaca\u011f\u0131 kurumdan gelen davet yaz\u0131s\u0131 ve okula kabul edildi\u011fini g\u00f6steren belge<\/span><\/li>\n<li><span style=\"font-family: Roboto; font-size: 14px;\">Ki\u015finin maddi durumunu g\u00f6steren belge<\/span><\/li>\n<li><span style=\"font-family: Roboto; font-size: 14px;\">Ticari i\u015fler i\u00e7in oldu\u011fu zaman ki\u015finin ticaret yapaca\u011f\u0131 yere ait olan bilgiler gidece\u011fi kurum, fuara gidecek ise fuar\u0131n bilgileri<\/span><\/li>\n<li><span style=\"font-family: Roboto; font-size: 14px;\">Aile ziyareti i\u00e7in gidilecek ise aileden gelen mektup.<\/span><\/li>\n<\/ul>\n","protected":false},"excerpt":{"rendered":"<p>Rusya Vize Ba\u015fvurusu Hakk\u0131nda Rusya Vize ba\u015fvurular\u0131n\u0131z i\u00e7in\u00a0 Rusya Konsoloslu\u011fu, arac\u0131 vize merkezleri ve seyahat acenteleri arac\u0131l\u0131\u011f\u0131 ile ba\u015fvuru yapabilirsiniz.\u00a0 Rusya Federasyonu\u2019na k\u0131sa s\u00fcreli yani 30 g\u00fcnl\u00fck seyahat etmek istiyorsan\u0131z ya da uzun s\u00fcreli seyahat etmek istiyorsan\u0131z ve T\u00fcrkiye Cumhuriyeti vatanda\u015f\u0131ysan\u0131z veya T\u00fcrkiye\u2019de oturum\u00a0 iznine sahip yabanc\u0131 uyruklu vatanda\u015fsan\u0131z\u00a0 Rusya vize i\u015flem ba\u015fvurular\u0131n\u0131z i\u00e7in ,\u00a0Rusya<\/p>\n","protected":false},"author":1,"featured_media":0,"parent":18,"menu_order":0,"comment_status":"open","ping_status":"closed","template":"","meta":{"footnotes":""},"class_list":["post-428","page","type-page","status-publish","hentry"],"yoast_head":"<!-- This site is optimized with the Yoast SEO plugin v24.0 - https:\/\/yoast.com\/wordpress\/plugins\/seo\/ -->\n<title>Rusya Vize Ba\u015fvurusu - Rusya Vize \u0130\u015flemleri - MyVize<\/title>\n<meta name=\"description\" content=\"Rusya Vize Ba\u015fvurusu Nas\u0131l Yap\u0131l\u0131r? Rusya Vize Ba\u015fvurusu 2021 G\u00fcncel Bilgileri. Bilgi \u0130\u00e7in Vize Uzmanlar\u0131m\u0131z\u0131 Aray\u0131n: 0850 346 84 93\" \/>\n<meta name=\"robots\" content=\"index, follow, max-snippet:-1, max-image-preview:large, max-video-preview:-1\" \/>\n<link rel=\"canonical\" href=\"https:\/\/www.myvize.com.tr\/rusya\/vize-islemleri\/rusya-vize-basvurusu\/\" \/>\n<meta property=\"og:locale\" content=\"tr_TR\" \/>\n<meta property=\"og:type\" content=\"article\" \/>\n<meta property=\"og:title\" content=\"Rusya Vize Ba\u015fvurusu - Rusya Vize \u0130\u015flemleri - MyVize\" \/>\n<meta property=\"og:description\" content=\"Rusya Vize Ba\u015fvurusu Nas\u0131l Yap\u0131l\u0131r? Rusya Vize Ba\u015fvurusu 2021 G\u00fcncel Bilgileri. Bilgi \u0130\u00e7in Vize Uzmanlar\u0131m\u0131z\u0131 Aray\u0131n: 0850 346 84 93\" \/>\n<meta property=\"og:url\" content=\"https:\/\/www.myvize.com.tr\/rusya\/vize-islemleri\/rusya-vize-basvurusu\/\" \/>\n<meta property=\"og:site_name\" content=\"Rusya Vize\" \/>\n<meta property=\"article:modified_time\" content=\"2022-06-07T09:25:52+00:00\" \/>\n<meta name=\"twitter:card\" content=\"summary_large_image\" \/>\n<meta name=\"twitter:label1\" content=\"Tahmini okuma s\u00fcresi\" \/>\n\t<meta name=\"twitter:data1\" content=\"4 dakika\" \/>\n<script type=\"application\/ld+json\" class=\"yoast-schema-graph\">{\"@context\":\"https:\/\/schema.org\",\"@graph\":[{\"@type\":\"WebPage\",\"@id\":\"https:\/\/www.myvize.com.tr\/rusya\/vize-islemleri\/rusya-vize-basvurusu\/\",\"url\":\"https:\/\/www.myvize.com.tr\/rusya\/vize-islemleri\/rusya-vize-basvurusu\/\",\"name\":\"Rusya Vize Ba\u015fvurusu - Rusya Vize \u0130\u015flemleri - MyVize\",\"isPartOf\":{\"@id\":\"https:\/\/www.myvize.com.tr\/rusya\/#website\"},\"datePublished\":\"2021-08-09T12:26:20+00:00\",\"dateModified\":\"2022-06-07T09:25:52+00:00\",\"description\":\"Rusya Vize Ba\u015fvurusu Nas\u0131l Yap\u0131l\u0131r? Rusya Vize Ba\u015fvurusu 2021 G\u00fcncel Bilgileri. Bilgi \u0130\u00e7in Vize Uzmanlar\u0131m\u0131z\u0131 Aray\u0131n: 0850 346 84 93\",\"breadcrumb\":{\"@id\":\"https:\/\/www.myvize.com.tr\/rusya\/vize-islemleri\/rusya-vize-basvurusu\/#breadcrumb\"},\"inLanguage\":\"tr\",\"potentialAction\":[{\"@type\":\"ReadAction\",\"target\":[\"https:\/\/www.myvize.com.tr\/rusya\/vize-islemleri\/rusya-vize-basvurusu\/\"]}]},{\"@type\":\"BreadcrumbList\",\"@id\":\"https:\/\/www.myvize.com.tr\/rusya\/vize-islemleri\/rusya-vize-basvurusu\/#breadcrumb\",\"itemListElement\":[{\"@type\":\"ListItem\",\"position\":1,\"name\":\"Anasayfa\",\"item\":\"https:\/\/www.myvize.com.tr\/rusya\/\"},{\"@type\":\"ListItem\",\"position\":2,\"name\":\"V\u0130ZE \u0130\u015eLEMLER\u0130\",\"item\":\"https:\/\/www.myvize.com.tr\/rusya\/vize-islemleri\/\"},{\"@type\":\"ListItem\",\"position\":3,\"name\":\"Rusya Vize Ba\u015fvurusu\"}]},{\"@type\":\"WebSite\",\"@id\":\"https:\/\/www.myvize.com.tr\/rusya\/#website\",\"url\":\"https:\/\/www.myvize.com.tr\/rusya\/\",\"name\":\"Rusya Vize\",\"description\":\"\",\"potentialAction\":[{\"@type\":\"SearchAction\",\"target\":{\"@type\":\"EntryPoint\",\"urlTemplate\":\"https:\/\/www.myvize.com.tr\/rusya\/?s={search_term_string}\"},\"query-input\":{\"@type\":\"PropertyValueSpecification\",\"valueRequired\":true,\"valueName\":\"search_term_string\"}}],\"inLanguage\":\"tr\"}]}<\/script>\n<!-- \/ Yoast SEO plugin. -->","yoast_head_json":{"title":"Rusya Vize Ba\u015fvurusu - Rusya Vize \u0130\u015flemleri - MyVize","description":"Rusya Vize Ba\u015fvurusu Nas\u0131l Yap\u0131l\u0131r? Rusya Vize Ba\u015fvurusu 2021 G\u00fcncel Bilgileri. Bilgi \u0130\u00e7in Vize Uzmanlar\u0131m\u0131z\u0131 Aray\u0131n: 0850 346 84 93","robots":{"index":"index","follow":"follow","max-snippet":"max-snippet:-1","max-image-preview":"max-image-preview:large","max-video-preview":"max-video-preview:-1"},"canonical":"https:\/\/www.myvize.com.tr\/rusya\/vize-islemleri\/rusya-vize-basvurusu\/","og_locale":"tr_TR","og_type":"article","og_title":"Rusya Vize Ba\u015fvurusu - Rusya Vize \u0130\u015flemleri - MyVize","og_description":"Rusya Vize Ba\u015fvurusu Nas\u0131l Yap\u0131l\u0131r? Rusya Vize Ba\u015fvurusu 2021 G\u00fcncel Bilgileri. Bilgi \u0130\u00e7in Vize Uzmanlar\u0131m\u0131z\u0131 Aray\u0131n: 0850 346 84 93","og_url":"https:\/\/www.myvize.com.tr\/rusya\/vize-islemleri\/rusya-vize-basvurusu\/","og_site_name":"Rusya Vize","article_modified_time":"2022-06-07T09:25:52+00:00","twitter_card":"summary_large_image","twitter_misc":{"Tahmini okuma s\u00fcresi":"4 dakika"},"schema":{"@context":"https:\/\/schema.org","@graph":[{"@type":"WebPage","@id":"https:\/\/www.myvize.com.tr\/rusya\/vize-islemleri\/rusya-vize-basvurusu\/","url":"https:\/\/www.myvize.com.tr\/rusya\/vize-islemleri\/rusya-vize-basvurusu\/","name":"Rusya Vize Ba\u015fvurusu - Rusya Vize \u0130\u015flemleri - MyVize","isPartOf":{"@id":"https:\/\/www.myvize.com.tr\/rusya\/#website"},"datePublished":"2021-08-09T12:26:20+00:00","dateModified":"2022-06-07T09:25:52+00:00","description":"Rusya Vize Ba\u015fvurusu Nas\u0131l Yap\u0131l\u0131r? Rusya Vize Ba\u015fvurusu 2021 G\u00fcncel Bilgileri. Bilgi \u0130\u00e7in Vize Uzmanlar\u0131m\u0131z\u0131 Aray\u0131n: 0850 346 84 93","breadcrumb":{"@id":"https:\/\/www.myvize.com.tr\/rusya\/vize-islemleri\/rusya-vize-basvurusu\/#breadcrumb"},"inLanguage":"tr","potentialAction":[{"@type":"ReadAction","target":["https:\/\/www.myvize.com.tr\/rusya\/vize-islemleri\/rusya-vize-basvurusu\/"]}]},{"@type":"BreadcrumbList","@id":"https:\/\/www.myvize.com.tr\/rusya\/vize-islemleri\/rusya-vize-basvurusu\/#breadcrumb","itemListElement":[{"@type":"ListItem","position":1,"name":"Anasayfa","item":"https:\/\/www.myvize.com.tr\/rusya\/"},{"@type":"ListItem","position":2,"name":"V\u0130ZE \u0130\u015eLEMLER\u0130","item":"https:\/\/www.myvize.com.tr\/rusya\/vize-islemleri\/"},{"@type":"ListItem","position":3,"name":"Rusya Vize Ba\u015fvurusu"}]},{"@type":"WebSite","@id":"https:\/\/www.myvize.com.tr\/rusya\/#website","url":"https:\/\/www.myvize.com.tr\/rusya\/","name":"Rusya Vize","description":"","potentialAction":[{"@type":"SearchAction","target":{"@type":"EntryPoint","urlTemplate":"https:\/\/www.myvize.com.tr\/rusya\/?s={search_term_string}"},"query-input":{"@type":"PropertyValueSpecification","valueRequired":true,"valueName":"search_term_string"}}],"inLanguage":"tr"}]}},"_links":{"self":[{"href":"https:\/\/www.myvize.com.tr\/rusya\/wp-json\/wp\/v2\/pages\/428","targetHints":{"allow":["GET"]}}],"collection":[{"href":"https:\/\/www.myvize.com.tr\/rusya\/wp-json\/wp\/v2\/pages"}],"about":[{"href":"https:\/\/www.myvize.com.tr\/rusya\/wp-json\/wp\/v2\/types\/page"}],"author":[{"embeddable":true,"href":"https:\/\/www.myvize.com.tr\/rusya\/wp-json\/wp\/v2\/users\/1"}],"replies":[{"embeddable":true,"href":"https:\/\/www.myvize.com.tr\/rusya\/wp-json\/wp\/v2\/comments?post=428"}],"version-history":[{"count":4,"href":"https:\/\/www.myvize.com.tr\/rusya\/wp-json\/wp\/v2\/pages\/428\/revisions"}],"predecessor-version":[{"id":1115,"href":"https:\/\/www.myvize.com.tr\/rusya\/wp-json\/wp\/v2\/pages\/428\/revisions\/1115"}],"up":[{"embeddable":true,"href":"https:\/\/www.myvize.com.tr\/rusya\/wp-json\/wp\/v2\/pages\/18"}],"wp:attachment":[{"href":"https:\/\/www.myvize.com.tr\/rusya\/wp-json\/wp\/v2\/media?parent=428"}],"curies":[{"name":"wp","href":"https:\/\/api.w.org\/{rel}","templated":true}]}}