{"id":43,"date":"2020-11-30T12:47:27","date_gmt":"2020-11-30T09:47:27","guid":{"rendered":"https:\/\/www.myvize.com.tr\/rusya\/?page_id=43"},"modified":"2022-05-28T20:33:05","modified_gmt":"2022-05-28T17:33:05","slug":"rusya-calisma-izni","status":"publish","type":"page","link":"https:\/\/www.myvize.com.tr\/rusya\/vize-islemleri\/rusya-calisma-izni\/","title":{"rendered":"Rusya \u00c7al\u0131\u015fma \u0130zni"},"content":{"rendered":"<p><span style=\"font-family: Roboto;\"><\/span><\/p>\r\n<h2><span style=\"font-family: Roboto; font-size: 27px;\"><strong>Rusya \u00c7al\u0131\u015fma \u0130zni Nedir?<\/strong><\/span><\/h2>\r\n<p><span style=\"font-family: Roboto; font-size: 14px;\"><strong>Rusya \u00e7al\u0131\u015fma izni nedir<\/strong>\u00a0sorusu bu vizeye almak isteyen ki\u015filerin en \u00e7ok merak etti\u011fi konular aras\u0131nda yer al\u0131r. Rusya&#8217;da \u00e7al\u0131\u015fmak isteyen ki\u015filerin mutlaka Rusya \u00e7al\u0131\u015fma izni almas\u0131 gerekir. Rusya Federasyonu her sene belli say\u0131da T\u00fcrkiye Cumhuriyeti\u2019nden vatanda\u015f istihdam etmektedir. Ki\u015filer Rusya&#8217;da uzun s\u00fcreli bir \u015fekilde \u00e7al\u0131\u015fabilmek hem de oturabilmek i\u00e7in \u00e7al\u0131\u015fma izni almak zorundad\u0131r.<\/span><\/p>\r\n<p><span style=\"font-family: Roboto; font-size: 14px;\">Bu izne al\u0131rken de belirli belgeleri haz\u0131rlayarak vize randevusu tarihinde kurumlara teslim etmelidir. <strong>Rusya \u00e7al\u0131\u015fma vizesi<\/strong> alacak olan ki\u015filerin mutlaka \u00e7ok giri\u015fli vize t\u00fcr\u00fcne ba\u015fvurmas\u0131 gerekir. Bu vize 90 g\u00fcn ile 3 y\u0131l aras\u0131nda farkl\u0131 s\u00fcrelerde verilmektedir. Rusya \u00e7al\u0131\u015fma vizesi ba\u015fvurusunda bulunacak olan ki\u015filerin mutlaka HIV testinin ba\u015far\u0131l\u0131 bir \u015fekilde yap\u0131lm\u0131\u015f olmas\u0131 gerekir<\/span><\/p>\r\n<p><span style=\"font-family: Roboto; font-size: 14px;\">Ayn\u0131 zamanda i\u015fe giri\u015f s\u00f6zle\u015fmenizin de haz\u0131r olmas\u0131 gerekir. H\u0131z testi ayn\u0131 zamanda Rusya&#8217;ya gidildi\u011finde de yetkili kurumlardan da yapt\u0131r\u0131lmas\u0131 ki\u015filerden talep edilen konular aras\u0131ndad\u0131r. \u00c7al\u0131\u015fma izni alarak ki\u015filer Rusya&#8217;da uzun s\u00fcre \u00e7al\u0131\u015fma imkan\u0131 elde edebilme hakk\u0131na sahip olabilmektedir.<\/span><\/p>\r\n<h2><span style=\"font-family: Roboto; font-size: 27px;\"><strong>Rusya \u00c7al\u0131\u015fma \u0130zni Nas\u0131l Al\u0131n\u0131r?<\/strong><\/span><\/h2>\r\n<p><span style=\"font-family: Roboto; font-size: 14px;\"><strong>Rusya \u00e7al\u0131\u015fma izni nas\u0131l al\u0131n\u0131r<\/strong>\u00a0sorusu bu vizeye ba\u015fvuracak olan ki\u015filerin bilmesi gereken bir\u00e7ok \u00f6nemli detay i\u00e7erir. Bu vizeye ba\u015fvuracak olan ki\u015filerin Rusya&#8217;n\u0131n T\u00fcrkiye&#8217;de bulunan diplomatik misyonlar\u0131na ba\u015fvurmalar\u0131 gerekir. Ki\u015filer haz\u0131rlad\u0131klar\u0131 vize ba\u015fvuru belgelerini buraya teslim etmeli ve randevu alarak gerekli t\u00fcm vize \u00e7al\u0131\u015fmalar\u0131n\u0131 yapmal\u0131d\u0131rlar. \u00c7al\u0131\u015fma vizesi i\u00e7in belirli kriterleri yerine getirmi\u015f olman\u0131z gerekir. Bu s\u00fcre\u00e7te sizlerden belli evraklar istenir. Bu evraklar aras\u0131nda en \u00f6nemlileri \u015funlard\u0131r:<\/span><\/p>\r\n<ul>\r\n<li><span style=\"font-family: Roboto; font-size: 14px;\"><span style=\"color: #2acec2;\"><strong><a style=\"color: #2acec2;\" href=\"https:\/\/www.myvize.com.tr\/rusya\/form-ve-dilekce\/rusya-vize-formu\/\" target=\"_blank\" rel=\"noopener\">Rusya Vize ba\u015fvuru formu <\/a><\/strong><\/span>ve dilek\u00e7esi<\/span><\/li>\r\n<li><span style=\"font-family: Roboto; font-size: 14px;\">Davetiye ve kimlik belgesi fotokopisi<\/span><\/li>\r\n<li><span style=\"font-family: Roboto; font-size: 14px;\">Seyahat sa\u011fl\u0131k sigortas\u0131 ve HIV testi sonucu<\/span><\/li>\r\n<li><span style=\"font-family: Roboto; font-size: 14px;\">\u00c7al\u0131\u015fma izni i\u00e7in \u015firket belgeleri<\/span><\/li>\r\n<li><span style=\"font-family: Roboto; font-size: 14px;\">Tam vukuatl\u0131 n\u00fcfus kay\u0131t \u00f6rne\u011fi<\/span><\/li>\r\n<li><span style=\"font-family: Roboto; font-size: 14px;\">Finansal ve meslek durumunuzu g\u00f6steren belgeler<\/span><\/li>\r\n<\/ul>\r\n<p><span style=\"font-family: Roboto; font-size: 14px;\">Bu s\u00fcre\u00e7te gerekli olan evraklar aras\u0131nda yer al\u0131r. Bu belgeleri eksiksiz bir \u015fekilde teslim edebilmek i\u00e7in mutlaka belgelerinizin kusursuz olmas\u0131na dikkat etmelisiniz. Evrak listesinde yer alan her belgenin beklentilerini en iyi \u015fekilde kar\u015f\u0131lam\u0131\u015f olmas\u0131na dikkat etmeniz gerekiyor.<\/span><\/p>\r\n<h2><span style=\"font-family: Roboto; font-size: 27px;\"><strong>Rusya \u00c7al\u0131\u015fma \u0130zni Ne Kadar S\u00fcrede \u00c7\u0131kar?<\/strong><\/span><\/h2>\r\n<p><span style=\"font-family: Roboto; font-size: 14px;\"><strong>Rusya \u00e7al\u0131\u015fma izni ne kadar s\u00fcrede \u00e7\u0131kar\u00a0<\/strong>sorusuna farkl\u0131 a\u00e7\u0131lardan yan\u0131t verilebilir. Bu s\u00fcre\u00e7te bize s\u00fcrecine etkileyen bir\u00e7ok farkl\u0131 unsur bulunur. T\u00fcrkiye&#8217;de bulunan Rusya diplomatik kurumlar\u0131 belirli tarihlerde \u00e7al\u0131\u015fmayabilir. Hafta sonlar\u0131, Y\u0131lba\u015f\u0131 tatili hem Rusya&#8217;da hem de T\u00fcrkiye&#8217;de verilen dini ve milli bayram tatilleri, \u00f6zel tatillerin tamam\u0131 konsolosluklar\u0131n \u00e7al\u0131\u015fmad\u0131\u011f\u0131 zamanlardan baz\u0131lar\u0131d\u0131r. Konsolosluklarda ayn\u0131 zamanda \u00e7ok yo\u011fun bir i\u015f temposu meydana gelebilir.<\/span><\/p>\r\n<p><span style=\"font-family: Roboto; font-size: 14px;\">Bu i\u015f temposunun \u00e7ok fazla olmas\u0131 da bize i\u015flemlerinizin s\u00fcresinin uzamas\u0131na neden olabilmektedir. Bunlara ek olarak \u00e7al\u0131\u015fma izni i\u00e7in haz\u0131rlad\u0131\u011f\u0131n\u0131z belgeler g\u00fcncel de\u011filse ve bu belgelerde herhangi bir eksiklik bulunuyorsa mutlaka vize i\u015flemlerinizin gecikmesine neden olabilir. En \u00f6nemli gecikme nedeni ise <strong>vize reddi<\/strong> durumudur.<\/span><\/p>\r\n<p><span style=\"font-family: Roboto; font-size: 14px;\">Ancak t\u00fcm belgeleriniz haz\u0131r oldu\u011funda ve herhangi bir yasal problem bulunmad\u0131\u011f\u0131nda ortalama 10 i\u015f g\u00fcn\u00fc i\u00e7erisinde vizenizi alabilmektesiniz. Vize s\u00fcreci belgelerin durumuna g\u00f6re de\u011fi\u015febilmektedir.<\/span><\/p>\r\n<h2><span style=\"font-family: Roboto; font-size: 27px;\"><strong>Rusya \u00c7al\u0131\u015fma \u0130zni Ka\u00e7 Ayl\u0131k\/Y\u0131ll\u0131k Verilir?<\/strong><\/span><\/h2>\r\n<p><span style=\"font-family: Roboto; font-size: 14px;\"><strong>Rusya \u00e7al\u0131\u015fma izni ka\u00e7 ayl\u0131k y\u0131ll\u0131k verilir<\/strong>\u00a0sorusu bu vize t\u00fcr\u00fcne ba\u015fvuracak olan ki\u015filerin olduk\u00e7a merak etti\u011fi detaylar aras\u0131ndad\u0131r. Bu izin genellikle ki\u015filere 3 ay ile 3 y\u0131l aras\u0131nda verilmektedir. 3 ayl\u0131k \u00e7al\u0131\u015fma izni alan ki\u015filer bu s\u00fcre doldu\u011funda tekrar uzatma i\u015flemi yapt\u0131rabilirler. Ayn\u0131 durum daha uzun \u00e7al\u0131\u015fma izni s\u00fcresine sahip olan ki\u015filer i\u00e7in de ge\u00e7erli konular aras\u0131ndad\u0131r.<\/span><\/p>\r\n<p><span style=\"font-family: Roboto; font-size: 14px;\">\u00c7al\u0131\u015fma \u0130zninizi iptal edilmemesi i\u00e7in mutlaka \u00fclke i\u00e7erisindeki kurallara uyman\u0131z gerekir. Ayn\u0131 zamanda i\u015fverenlerin izin sizden memnun kalmas\u0131 evraklar\u0131n\u0131z\u0131n tam olmas\u0131 ve Rusya&#8217;daki hayata uyum sa\u011flayabilmeniz olduk\u00e7a \u00f6nemlidir. <strong>Rusya \u00e7al\u0131\u015fma izni<\/strong> alacak olan ki\u015filerin mutlaka yapacaklar\u0131 i\u015fin s\u00fcresine uygun bir \u00e7al\u0131\u015fma izni almalar\u0131 gerekir. 3 aydan fazla s\u00fcrecek olan bir i\u015f i\u00e7in 3 ayl\u0131k \u00e7al\u0131\u015fma izni almak daha sonra yeniden evrak haz\u0131rlayarak kurumlara teslim etme gibi bir problem ortaya \u00e7\u0131karabilir.<\/span><\/p>\r\n<h3 style=\"font-size: 14px;\"><span style=\"font-family: Roboto; font-size: 24px;\"><strong>Rusya \u00c7al\u0131\u015fma \u0130zni Vizesi<\/strong><\/span><\/h3>\r\n<p style=\"font-size: 14px;\"><span style=\"font-family: Roboto;\">Rusya\u2019da yer alan \u015firketler taraf\u0131ndan her y\u0131l belirli bir say\u0131da T\u00fcrkiye vatanda\u015f\u0131 istihdam edilmektedir. T\u00fcrkiye Cumhuriyeti olan vatanda\u015flar\u0131n, Rusya\u2019da uzun s\u00fcre \u00e7al\u0131\u015fabilmeleri amac\u0131yla <strong>\u00e7al\u0131\u015fma izni <\/strong>ba\u015fvurusu yapmalar\u0131 gerekmektedir.\u00a0<a href=\"https:\/\/www.myvize.com.tr\/rusya\/vize-islemleri\/rusya-vizesi\/\" target=\"_blank\" rel=\"noreferrer noopener\"><span class=\"has-inline-color\" style=\"color: #2acec2;\"><strong>Rusya<\/strong>\u00a0<strong>vizesi<\/strong><\/span><\/a><span class=\"has-inline-color\" style=\"color: #2acec2;\">\u00a0<\/span><strong>i\u015flemleri<\/strong>\u00a0<strong>2021<\/strong>\u00a0kapsam\u0131nda hareket edecek olan \u015fah\u0131slar ba\u015fvurular\u0131n\u0131, Rusya\u2019da \u00e7al\u0131\u015fmak istedikleri firma ile koordineli bir \u015fekilde y\u00fcr\u00fct\u00fcp \u00e7al\u0131\u015fma iznine ba\u011fl\u0131 bulunan <strong><a href=\"https:\/\/www.myvize.com.tr\/rusya\/vize-islemleri\/rusya-oturum-izni\/\" target=\"_blank\" rel=\"noreferrer noopener\"><span class=\"has-inline-color\" style=\"color: #2acec2;\">Rusya oturum izni<\/span><\/a><\/strong> de almalar\u0131 laz\u0131md\u0131r. \u00c7\u00fcnk\u00fc Rusya oturum ve \u00e7al\u0131\u015fma izinleri birbiriyle yak\u0131ndan ili\u015fkilidir.\u00a0<\/span><\/p>\r\n<p><span style=\"font-family: Roboto;\">\r\n\r\n<\/span><\/p>\r\n<p style=\"font-size: 14px;\"><span style=\"font-family: Roboto;\">\u00a0<strong>Rusya \u00e7al\u0131\u015fma izni<\/strong> i\u00e7in yap\u0131lacak vize ba\u015fvurular\u0131, Rusya \u0130stanbul Ba\u015fkonsoloslu\u011fu ve<strong> Rusya <span class=\"has-inline-color\"><strong>A<\/strong>nkara B\u00fcy\u00fckel\u00e7ili\u011fi<\/span><\/strong> taraf\u0131ndan y\u00fcr\u00fct\u00fclmektedir. \u0130\u015flem s\u00fcreleri ise konsolosluk birimlerinin yo\u011funlu\u011fu ya da kapal\u0131 olunan g\u00fcnlere g\u00f6re de\u011fi\u015fiklik g\u00f6sterebilmektedir.\u00a0<\/span><\/p>\r\n<p><span style=\"font-family: Roboto;\">\r\n\r\n<\/span><\/p>\r\n<p style=\"font-size: 14px;\"><span style=\"font-family: Roboto;\">\u00a0\u00c7ok giri\u015fli al\u0131nmas\u0131 gereken bir vize t\u00fcr\u00fc olan\u00a0<strong>Rusya<\/strong>\u00a0<strong>\u00e7al\u0131\u015fma<\/strong>\u00a0<strong>vizesi<\/strong>\u00a0s\u00fcresi 90 g\u00fcn ile 3 sene aras\u0131nda farkl\u0131l\u0131k g\u00f6stermektedir. Ba\u015fvuruda bulunurken HIV testinin yapt\u0131r\u0131l\u0131p i\u015fe giri\u015f s\u00f6zle\u015fmesinin haz\u0131r edilmesi unutulmamal\u0131d\u0131r.<\/span><\/p>\r\n<p><span style=\"font-family: Roboto;\">\r\n\r\n<\/span><\/p>\r\n<p style=\"font-size: 14px;\"><span style=\"font-family: Roboto;\">\u00a0Rusya\u2019n\u0131n T\u00fcrkiye\u2019de faaliyet g\u00f6steren diplomatik misyonlar\u0131 taraf\u0131ndan kabul edilen <strong>\u00e7al\u0131\u015fma vizesi <\/strong>ba\u015fvurular\u0131, \u015fahsen olabilece\u011fi gibi dan\u0131\u015fmanl\u0131k hizmeti veren kurumlar arac\u0131l\u0131\u011f\u0131yla da yap\u0131labilmektedir. \u00c7al\u0131\u015fma ba\u015fvurusunda bulunan \u015fah\u0131slar, bula\u015f\u0131c\u0131 hastal\u0131k riskine dair testlerini yapt\u0131rarak anla\u015fma sa\u011flad\u0131\u011f\u0131 i\u015f s\u00f6zle\u015fmesini de evraklar\u0131 aras\u0131nda mutlaka bulundurmal\u0131d\u0131rlar.\u00a0<\/span><\/p>\r\n<p><span style=\"font-family: Roboto;\"><\/span><\/p>\r\n<p><span style=\"font-family: Roboto;\"><img decoding=\"async\" src=\"https:\/\/www.myvize.com.tr\/rusya\/wp-content\/uploads\/2021\/09\/19.jpg\" \/><\/span><\/p>\r\n<p><span style=\"font-family: Roboto;\"><\/span><\/p>\r\n<p style=\"font-size: 14px;\"><span style=\"font-family: Roboto;\">\u00a0Rusya\u2019daki \u00e7al\u0131\u015f\u0131lacak firma, Rusya\u2019daki \u0130\u015f\u00e7i Bulma Kurumuna istihdama y\u00f6nelik ba\u015fvuruda bulunmaktad\u0131r. \u0130\u015f\u00e7i Bulma Kurumuna yap\u0131lan bu ba\u015fvuru, Rusya\u2019daki Yabanc\u0131 \u0130\u015f G\u00fcc\u00fc \u00e7al\u0131\u015fma iznine m\u00fcracaat edilmeden 30 g\u00fcn \u00f6ncesinden yap\u0131lmal\u0131d\u0131r. Yani \u0130\u015f\u00e7i Bulma Kurumuna, Yabanc\u0131 \u0130\u015f\u00e7i \u00c7al\u0131\u015fma \u0130zni ba\u015fvurusu yap\u0131ld\u0131ktan sonra 30 takvim g\u00fcn\u00fc ge\u00e7mesi gerekmektedir. Bu s\u00fcre\u00e7lerin toplam\u0131 60 g\u00fcn\u00fc bulabilmektedir.\u00a0<strong>Rusya<\/strong>\u00a0<strong>\u00e7al\u0131\u015fma<\/strong>\u00a0<strong>izni<\/strong>\u00a0ve <strong>\u00e7al\u0131\u015fma vizesi<\/strong> i\u015flemleri, de\u011ferlendirmeye al\u0131n\u0131p sonu\u00e7land\u0131ktan sonra 10 i\u015f g\u00fcn\u00fc i\u00e7erisinde Rusya\u2019da yer alan vergi dairesine yaz\u0131l\u0131 bildirimde bulunulmaktad\u0131r. Bu bildirimin ard\u0131ndan ki\u015filer art\u0131k istihdam edilmeye ba\u015flanmaktad\u0131r.\u00a0<\/span><\/p>\r\n<p><span style=\"font-family: Roboto;\">\r\n\r\n<\/span><\/p>\r\n<p style=\"font-size: 14px;\"><span style=\"font-family: Roboto;\">Rusya Federasyonun da bulunan \u015firketler her y\u0131l kendi \u015firket b\u00fcnyelerinde belirli say\u0131da istihdam yaratmaktad\u0131r. T\u00fcrkiye Cumhuriyeti vatanda\u015flar\u0131 da e\u011fer ki Rusya da \u00e7al\u0131\u015fmak isterse\u00a0<strong>Rusya \u00e7al\u0131\u015fma izni ve Rusya \u00e7al\u0131\u015fma vizesine\u00a0<\/strong>ba\u015fvuru yapmak durumundad\u0131r. Uzun d\u00f6nem \u00e7al\u0131\u015fabilmeleri i\u00e7in kendilerinin dolay\u0131s\u0131yla oturum izinlerine de ba\u015fvurmalar\u0131 gerekmektedir.\u00a0<strong>Rusya \u00e7al\u0131\u015fma vizesi<\/strong>\u00a0i\u00e7in mutlaka \u00e7ok giri\u015fli olmal\u0131d\u0131r. \u00c7al\u0131\u015fma izni ortalama olarak 90 g\u00fcn ve 3 y\u0131l aras\u0131nda de\u011fi\u015fiklikte g\u00f6stermektedir.<\/span><\/p>\r\n<p><span style=\"font-family: Roboto;\"><\/span><\/p>\r\n<p><span style=\"font-family: Roboto;\"><img decoding=\"async\" src=\"https:\/\/www.myvize.com.tr\/rusya\/wp-content\/uploads\/2021\/09\/85.jpg\" \/><\/span><\/p>\r\n<p><span style=\"font-family: Roboto;\"><\/span><\/p>\r\n<p style=\"font-size: 14px;\"><span style=\"font-family: Roboto;\"><strong>Rusya \u00e7al\u0131\u015fma vizesi\u00a0<\/strong>i\u00e7in ba\u015fvurular \u015fahsen Rusya \u0130stanbul Ba\u015fkonsoloslu\u011funa ya da Rusya Ankara B\u00fcy\u00fckel\u00e7ili\u011fine yap\u0131labilmekte olup, dilenirse de dan\u0131\u015fmanl\u0131k hizmeti veren arac\u0131 kurumlar ile de yap\u0131labilmektedir.\u00a0<strong>Rusya \u00e7al\u0131\u015fma vizesi<\/strong>\u00a0i\u00e7in ba\u015fvuru yapacak adaylar\u0131n mutlaka bula\u015f\u0131c\u0131 hastal\u0131k riski ta\u015f\u0131mad\u0131klar\u0131na dair test yapt\u0131rarak, doktor raporu alma zorunlulu\u011fu vard\u0131r. Bu rapor, Rusya da \u00e7al\u0131\u015f\u0131lacak firma ile imzalanan i\u015f s\u00f6zle\u015fmesi i\u00e7erisine de eklenmek zorundad\u0131r.\u00a0<strong>Rusya \u00e7al\u0131\u015fma vizesine<\/strong>\u00a0ba\u015fvuru yapmadan en az 30 g\u00fcn \u00f6nce yap\u0131lma zorunlulu\u011fu da bulunmaktad\u0131r. Ortalama izin s\u00fcresi 30 g\u00fcnde \u00e7\u0131kmaktad\u0131r. Bu 30 g\u00fcnl\u00fck s\u00fcre\u00e7te haz\u0131rlanmas\u0131 gereken evraklar;<\/span><\/p>\r\n<p><span style=\"font-family: Roboto;\">\r\n\r\n<\/span><\/p>\r\n<ul class=\"wp-block-list\" style=\"font-size: 14px;\">\r\n<li><span style=\"font-family: Roboto;\">Pasaport fotokopisi (noter tasdikli Rus\u00e7a \u00e7evirisi )<\/span><\/li>\r\n<li><span style=\"font-family: Roboto;\">Apostil ile tasdik edilmi\u015f diploma fotokopisi ( Rusya\u2019daki noterce onaylanm\u0131\u015f olmal\u0131d\u0131r.)<\/span><\/li>\r\n<li><span style=\"font-family: Roboto;\">Sa\u011fl\u0131k sigortas\u0131 (zorunlu olmamakla tavsiye edilmektedir.)<\/span><\/li>\r\n<li><span style=\"font-family: Roboto;\">3*4 cm boyutlu foto\u011fraf.<\/span><\/li>\r\n<li><span style=\"font-family: Roboto;\">Davetiye .(Davetiye ba\u015fvurusu,\u00a0<strong>Rusya \u00e7al\u0131\u015fma izni\u00a0<\/strong>ba\u015fvurusunun hemen ard\u0131ndan yap\u0131labilmektedir. Davetiyenin ortalama \u00e7\u0131k\u0131\u015f s\u00fcreci 7- 10 g\u00fcn aras\u0131nda de\u011fi\u015fiklik g\u00f6stermektedir. Bu davetiye 3 ay i\u00e7in \u00e7al\u0131\u015fmaya gidecek olan tek giri\u015fli davetiye t\u00fcr\u00fc olmaktad\u0131r. E\u011fer \u00e7al\u0131\u015fma vizesiyle Rusya\u2019ya gidiliyorsa anla\u015fma yap\u0131lan \u015firketin, ba\u015fvuru yapan ki\u015fiye davetiye g\u00f6ndermesi zorunlu de\u011fildir.)<\/span><\/li>\r\n<\/ul>\r\n<p><span style=\"font-family: Roboto;\"><\/span><\/p>","protected":false},"excerpt":{"rendered":"<p>Rusya \u00c7al\u0131\u015fma \u0130zni Nedir? Rusya \u00e7al\u0131\u015fma izni nedir\u00a0sorusu bu vizeye almak isteyen ki\u015filerin en \u00e7ok merak etti\u011fi konular aras\u0131nda yer al\u0131r. Rusya&#8217;da \u00e7al\u0131\u015fmak isteyen ki\u015filerin mutlaka Rusya \u00e7al\u0131\u015fma izni almas\u0131 gerekir. Rusya Federasyonu her sene belli say\u0131da T\u00fcrkiye Cumhuriyeti\u2019nden vatanda\u015f istihdam etmektedir. Ki\u015filer Rusya&#8217;da uzun s\u00fcreli bir \u015fekilde \u00e7al\u0131\u015fabilmek hem de oturabilmek i\u00e7in \u00e7al\u0131\u015fma izni<\/p>\n","protected":false},"author":1,"featured_media":0,"parent":18,"menu_order":0,"comment_status":"open","ping_status":"closed","template":"","meta":{"footnotes":""},"class_list":["post-43","page","type-page","status-publish","hentry"],"yoast_head":"<!-- This site is optimized with the Yoast SEO plugin v24.0 - https:\/\/yoast.com\/wordpress\/plugins\/seo\/ -->\n<title>Rusya \u00c7al\u0131\u015fma Vize Ba\u015fvuru Nas\u0131l Yap\u0131l\u0131r? - MyVize<\/title>\n<meta name=\"description\" content=\"Rusya \u00c7al\u0131\u015fma Vizesi almak i\u00e7in gerekli t\u00fcm evraklar listesi 2022 hemen t\u0131kla! \u00dccretsiz Rusya Vize Randevusu i\u00e7in hemen ara: 0850 346 84 93\" \/>\n<meta name=\"robots\" content=\"index, follow, max-snippet:-1, max-image-preview:large, max-video-preview:-1\" \/>\n<link rel=\"canonical\" href=\"https:\/\/www.myvize.com.tr\/rusya\/vize-islemleri\/rusya-calisma-izni\/\" \/>\n<meta property=\"og:locale\" content=\"tr_TR\" \/>\n<meta property=\"og:type\" content=\"article\" \/>\n<meta property=\"og:title\" content=\"Rusya \u00c7al\u0131\u015fma Vize Ba\u015fvuru Nas\u0131l Yap\u0131l\u0131r? - MyVize\" \/>\n<meta property=\"og:description\" content=\"Rusya \u00c7al\u0131\u015fma Vizesi almak i\u00e7in gerekli t\u00fcm evraklar listesi 2022 hemen t\u0131kla! \u00dccretsiz Rusya Vize Randevusu i\u00e7in hemen ara: 0850 346 84 93\" \/>\n<meta property=\"og:url\" content=\"https:\/\/www.myvize.com.tr\/rusya\/vize-islemleri\/rusya-calisma-izni\/\" \/>\n<meta property=\"og:site_name\" content=\"Rusya Vize\" \/>\n<meta property=\"article:modified_time\" content=\"2022-05-28T17:33:05+00:00\" \/>\n<meta property=\"og:image\" content=\"https:\/\/www.myvize.com.tr\/rusya\/wp-content\/uploads\/2021\/09\/19.jpg\" \/>\n<meta name=\"twitter:card\" content=\"summary_large_image\" \/>\n<meta name=\"twitter:label1\" content=\"Tahmini okuma s\u00fcresi\" \/>\n\t<meta name=\"twitter:data1\" content=\"5 dakika\" \/>\n<script type=\"application\/ld+json\" class=\"yoast-schema-graph\">{\"@context\":\"https:\/\/schema.org\",\"@graph\":[{\"@type\":\"WebPage\",\"@id\":\"https:\/\/www.myvize.com.tr\/rusya\/vize-islemleri\/rusya-calisma-izni\/\",\"url\":\"https:\/\/www.myvize.com.tr\/rusya\/vize-islemleri\/rusya-calisma-izni\/\",\"name\":\"Rusya \u00c7al\u0131\u015fma Vize Ba\u015fvuru Nas\u0131l Yap\u0131l\u0131r? - MyVize\",\"isPartOf\":{\"@id\":\"https:\/\/www.myvize.com.tr\/rusya\/#website\"},\"primaryImageOfPage\":{\"@id\":\"https:\/\/www.myvize.com.tr\/rusya\/vize-islemleri\/rusya-calisma-izni\/#primaryimage\"},\"image\":{\"@id\":\"https:\/\/www.myvize.com.tr\/rusya\/vize-islemleri\/rusya-calisma-izni\/#primaryimage\"},\"thumbnailUrl\":\"https:\/\/www.myvize.com.tr\/rusya\/wp-content\/uploads\/2021\/09\/19.jpg\",\"datePublished\":\"2020-11-30T09:47:27+00:00\",\"dateModified\":\"2022-05-28T17:33:05+00:00\",\"description\":\"Rusya \u00c7al\u0131\u015fma Vizesi almak i\u00e7in gerekli t\u00fcm evraklar listesi 2022 hemen t\u0131kla! \u00dccretsiz Rusya Vize Randevusu i\u00e7in hemen ara: 0850 346 84 93\",\"breadcrumb\":{\"@id\":\"https:\/\/www.myvize.com.tr\/rusya\/vize-islemleri\/rusya-calisma-izni\/#breadcrumb\"},\"inLanguage\":\"tr\",\"potentialAction\":[{\"@type\":\"ReadAction\",\"target\":[\"https:\/\/www.myvize.com.tr\/rusya\/vize-islemleri\/rusya-calisma-izni\/\"]}]},{\"@type\":\"ImageObject\",\"inLanguage\":\"tr\",\"@id\":\"https:\/\/www.myvize.com.tr\/rusya\/vize-islemleri\/rusya-calisma-izni\/#primaryimage\",\"url\":\"https:\/\/www.myvize.com.tr\/rusya\/wp-content\/uploads\/2021\/09\/19.jpg\",\"contentUrl\":\"https:\/\/www.myvize.com.tr\/rusya\/wp-content\/uploads\/2021\/09\/19.jpg\",\"width\":800,\"height\":500,\"caption\":\"Rusya\"},{\"@type\":\"BreadcrumbList\",\"@id\":\"https:\/\/www.myvize.com.tr\/rusya\/vize-islemleri\/rusya-calisma-izni\/#breadcrumb\",\"itemListElement\":[{\"@type\":\"ListItem\",\"position\":1,\"name\":\"Anasayfa\",\"item\":\"https:\/\/www.myvize.com.tr\/rusya\/\"},{\"@type\":\"ListItem\",\"position\":2,\"name\":\"V\u0130ZE \u0130\u015eLEMLER\u0130\",\"item\":\"https:\/\/www.myvize.com.tr\/rusya\/vize-islemleri\/\"},{\"@type\":\"ListItem\",\"position\":3,\"name\":\"Rusya \u00c7al\u0131\u015fma \u0130zni\"}]},{\"@type\":\"WebSite\",\"@id\":\"https:\/\/www.myvize.com.tr\/rusya\/#website\",\"url\":\"https:\/\/www.myvize.com.tr\/rusya\/\",\"name\":\"Rusya Vize\",\"description\":\"\",\"potentialAction\":[{\"@type\":\"SearchAction\",\"target\":{\"@type\":\"EntryPoint\",\"urlTemplate\":\"https:\/\/www.myvize.com.tr\/rusya\/?s={search_term_string}\"},\"query-input\":{\"@type\":\"PropertyValueSpecification\",\"valueRequired\":true,\"valueName\":\"search_term_string\"}}],\"inLanguage\":\"tr\"}]}<\/script>\n<!-- \/ Yoast SEO plugin. -->","yoast_head_json":{"title":"Rusya \u00c7al\u0131\u015fma Vize Ba\u015fvuru Nas\u0131l Yap\u0131l\u0131r? - MyVize","description":"Rusya \u00c7al\u0131\u015fma Vizesi almak i\u00e7in gerekli t\u00fcm evraklar listesi 2022 hemen t\u0131kla! \u00dccretsiz Rusya Vize Randevusu i\u00e7in hemen ara: 0850 346 84 93","robots":{"index":"index","follow":"follow","max-snippet":"max-snippet:-1","max-image-preview":"max-image-preview:large","max-video-preview":"max-video-preview:-1"},"canonical":"https:\/\/www.myvize.com.tr\/rusya\/vize-islemleri\/rusya-calisma-izni\/","og_locale":"tr_TR","og_type":"article","og_title":"Rusya \u00c7al\u0131\u015fma Vize Ba\u015fvuru Nas\u0131l Yap\u0131l\u0131r? - MyVize","og_description":"Rusya \u00c7al\u0131\u015fma Vizesi almak i\u00e7in gerekli t\u00fcm evraklar listesi 2022 hemen t\u0131kla! \u00dccretsiz Rusya Vize Randevusu i\u00e7in hemen ara: 0850 346 84 93","og_url":"https:\/\/www.myvize.com.tr\/rusya\/vize-islemleri\/rusya-calisma-izni\/","og_site_name":"Rusya Vize","article_modified_time":"2022-05-28T17:33:05+00:00","og_image":[{"url":"https:\/\/www.myvize.com.tr\/rusya\/wp-content\/uploads\/2021\/09\/19.jpg","type":"","width":"","height":""}],"twitter_card":"summary_large_image","twitter_misc":{"Tahmini okuma s\u00fcresi":"5 dakika"},"schema":{"@context":"https:\/\/schema.org","@graph":[{"@type":"WebPage","@id":"https:\/\/www.myvize.com.tr\/rusya\/vize-islemleri\/rusya-calisma-izni\/","url":"https:\/\/www.myvize.com.tr\/rusya\/vize-islemleri\/rusya-calisma-izni\/","name":"Rusya \u00c7al\u0131\u015fma Vize Ba\u015fvuru Nas\u0131l Yap\u0131l\u0131r? - MyVize","isPartOf":{"@id":"https:\/\/www.myvize.com.tr\/rusya\/#website"},"primaryImageOfPage":{"@id":"https:\/\/www.myvize.com.tr\/rusya\/vize-islemleri\/rusya-calisma-izni\/#primaryimage"},"image":{"@id":"https:\/\/www.myvize.com.tr\/rusya\/vize-islemleri\/rusya-calisma-izni\/#primaryimage"},"thumbnailUrl":"https:\/\/www.myvize.com.tr\/rusya\/wp-content\/uploads\/2021\/09\/19.jpg","datePublished":"2020-11-30T09:47:27+00:00","dateModified":"2022-05-28T17:33:05+00:00","description":"Rusya \u00c7al\u0131\u015fma Vizesi almak i\u00e7in gerekli t\u00fcm evraklar listesi 2022 hemen t\u0131kla! \u00dccretsiz Rusya Vize Randevusu i\u00e7in hemen ara: 0850 346 84 93","breadcrumb":{"@id":"https:\/\/www.myvize.com.tr\/rusya\/vize-islemleri\/rusya-calisma-izni\/#breadcrumb"},"inLanguage":"tr","potentialAction":[{"@type":"ReadAction","target":["https:\/\/www.myvize.com.tr\/rusya\/vize-islemleri\/rusya-calisma-izni\/"]}]},{"@type":"ImageObject","inLanguage":"tr","@id":"https:\/\/www.myvize.com.tr\/rusya\/vize-islemleri\/rusya-calisma-izni\/#primaryimage","url":"https:\/\/www.myvize.com.tr\/rusya\/wp-content\/uploads\/2021\/09\/19.jpg","contentUrl":"https:\/\/www.myvize.com.tr\/rusya\/wp-content\/uploads\/2021\/09\/19.jpg","width":800,"height":500,"caption":"Rusya"},{"@type":"BreadcrumbList","@id":"https:\/\/www.myvize.com.tr\/rusya\/vize-islemleri\/rusya-calisma-izni\/#breadcrumb","itemListElement":[{"@type":"ListItem","position":1,"name":"Anasayfa","item":"https:\/\/www.myvize.com.tr\/rusya\/"},{"@type":"ListItem","position":2,"name":"V\u0130ZE \u0130\u015eLEMLER\u0130","item":"https:\/\/www.myvize.com.tr\/rusya\/vize-islemleri\/"},{"@type":"ListItem","position":3,"name":"Rusya \u00c7al\u0131\u015fma \u0130zni"}]},{"@type":"WebSite","@id":"https:\/\/www.myvize.com.tr\/rusya\/#website","url":"https:\/\/www.myvize.com.tr\/rusya\/","name":"Rusya Vize","description":"","potentialAction":[{"@type":"SearchAction","target":{"@type":"EntryPoint","urlTemplate":"https:\/\/www.myvize.com.tr\/rusya\/?s={search_term_string}"},"query-input":{"@type":"PropertyValueSpecification","valueRequired":true,"valueName":"search_term_string"}}],"inLanguage":"tr"}]}},"_links":{"self":[{"href":"https:\/\/www.myvize.com.tr\/rusya\/wp-json\/wp\/v2\/pages\/43","targetHints":{"allow":["GET"]}}],"collection":[{"href":"https:\/\/www.myvize.com.tr\/rusya\/wp-json\/wp\/v2\/pages"}],"about":[{"href":"https:\/\/www.myvize.com.tr\/rusya\/wp-json\/wp\/v2\/types\/page"}],"author":[{"embeddable":true,"href":"https:\/\/www.myvize.com.tr\/rusya\/wp-json\/wp\/v2\/users\/1"}],"replies":[{"embeddable":true,"href":"https:\/\/www.myvize.com.tr\/rusya\/wp-json\/wp\/v2\/comments?post=43"}],"version-history":[{"count":5,"href":"https:\/\/www.myvize.com.tr\/rusya\/wp-json\/wp\/v2\/pages\/43\/revisions"}],"predecessor-version":[{"id":1103,"href":"https:\/\/www.myvize.com.tr\/rusya\/wp-json\/wp\/v2\/pages\/43\/revisions\/1103"}],"up":[{"embeddable":true,"href":"https:\/\/www.myvize.com.tr\/rusya\/wp-json\/wp\/v2\/pages\/18"}],"wp:attachment":[{"href":"https:\/\/www.myvize.com.tr\/rusya\/wp-json\/wp\/v2\/media?parent=43"}],"curies":[{"name":"wp","href":"https:\/\/api.w.org\/{rel}","templated":true}]}}