{"id":442,"date":"2021-08-18T13:50:45","date_gmt":"2021-08-18T10:50:45","guid":{"rendered":"https:\/\/www.myvize.com.tr\/rusya\/?page_id=442"},"modified":"2022-09-07T16:42:44","modified_gmt":"2022-09-07T13:42:44","slug":"rusya-ticari-vize-davet-mektubu","status":"publish","type":"page","link":"https:\/\/www.myvize.com.tr\/rusya\/rusya-ticari-vize-davet-mektubu\/","title":{"rendered":"Rusya Ticari Vize Davet Mektubu"},"content":{"rendered":"<h2><strong><span style=\"font-size: 27px; font-family: Roboto;\">Rusya Ticari Vize Davet Mektubu Hakk\u0131nda<\/span><\/strong><\/h2>\n<p><span style=\"font-family: Roboto; font-size: 14px;\">Avrasya\u2019n\u0131n kuzeyinde yer alan Rusya \u00fclkesi; Norve\u00e7, Finlandiya, Polonya, Estonya, Litvanya, Letonya, Ukrayna, G\u00fcrcistan, Azerbaycan, Kazakistan, \u00c7in, Mo\u011folistan, Kuzey Kora, Japonya ve ABD ile kom\u015fudur. Rusya\u2019dan <strong>ticari vize<\/strong> almak isteyen vatanda\u015flar\u0131n m\u00fcracaat ettiklerinde zorunlu olarak sorumlu tuttuklar\u0131 gerek\u00e7e davet mektubudur. <strong>Rusya \u00fclkesi<\/strong> Fuar i\u00e7in seyahatler haricinde kendi i\u015finizin ortakl\u0131\u011f\u0131n\u0131 kurmak ve bunun dilek\u00e7esini tutmak gibi durumlar\u0131 kabul etmemektedir. Davet mektubu i\u00e7in de Rusya\u2019da bir \u015firket yetkilisinden davet mektubu alman\u0131z gerekmektedir.\u00a0<\/span><\/p>\n<p><img decoding=\"async\" src=\"https:\/\/www.myvize.com.tr\/rusya\/wp-content\/uploads\/2021\/09\/39.jpg\" \/><\/p>\n<p><span style=\"font-size: 16px;\"><strong><span style=\"font-family: Roboto;\">Davetiye mektubu \u00f6rne\u011fi nas\u0131l yaz\u0131l\u0131r:\u00a0<\/span><\/strong><\/span><\/p>\n<ul>\n<li><span style=\"font-family: Roboto; font-size: 14px;\">Mektubun ba\u015f\u0131na tarih atmal\u0131s\u0131n\u0131z\u00a0<\/span><\/li>\n<li><span style=\"font-family: Roboto; font-size: 14px;\">Ard\u0131ndan Rusya B\u00fcy\u00fckel\u00e7ili\u011fine, diye hitap ederek mektuba ba\u015flamal\u0131s\u0131n\u0131z.\u00a0<\/span><\/li>\n<li><span style=\"font-family: Roboto; font-size: 14px;\">Yunanistan\u2019a gidecek ki\u015finin ad\u0131 soyad\u0131 ve pasaport numaras\u0131 yaz\u0131l\u0131r. Sonra bir sonraki paragrafa Rusya\u2019ya gidecek ki\u015finin nerede ya\u015fad\u0131\u011f\u0131, ziyaret eden ki\u015fi ile aralar\u0131ndaki ili\u015fki belirtilir ve ard\u0131ndan neden Rusya&#8217;ya davet edildi\u011fine dair gerek\u00e7e yaz\u0131l\u0131r.\u00a0<\/span><\/li>\n<li><span style=\"font-family: Roboto; font-size: 14px;\">Mektubun bitiminde davet eden ki\u015fi ad\u0131n\u0131, do\u011fum tarihini, adresini, telefon numaras\u0131n\u0131 ve imzas\u0131n\u0131 b\u0131rakmal\u0131d\u0131r.\u00a0\u00a0<\/span><\/li>\n<\/ul>\n<p><span style=\"font-family: Roboto; font-size: 14px;\">\u00a0\u00a0 Mektup onay al\u0131rsa <strong>Konsolosluk<\/strong> taraf\u0131ndan ka\u015fe ve m\u00fch\u00fcrlenerek evraklar\u0131n\u0131z\u0131n aras\u0131na konulup dikkate al\u0131nacakt\u0131r.\u00a0<\/span><\/p>\n<h2><strong><span style=\"font-family: Roboto; font-size: 27px;\">Rusya Ticari Vize \u0130\u015flemleri<\/span><\/strong><\/h2>\n<p><span style=\"font-family: Roboto; font-size: 14px;\"><strong>Rusya ticaret vize ba\u015fvuru i\u015flemi<\/strong> konusunda ki\u015finin i\u015f ehli uzmandan destek almalar\u0131 bu s\u00fcreci k\u0131salmaktad\u0131r. Fakat kendinin vizenizi, kendi i\u015flemlerinizi yaparak almak istiyorsa son derece dikkat etmek gerekir. Rusya ticaret vizesi i\u00e7in gerekli evraklar yan\u0131nda mutlaka ba\u015fvuru \u00fccretlerini de zaman\u0131nda yat\u0131rmal\u0131s\u0131n\u0131z. Ba\u015fvuru i\u00e7in Rusya konsoloslu\u011fu veya\u00a0 b\u00fcy\u00fckel\u00e7ili\u011fe gidebilirsiniz. Yetkilendirilmi\u015f vize merkezi de size ba\u015fvuru konular\u0131nda hizmet vermektedir. Vize ba\u015fvurusu yaparken \u015fu noktaya dikkat etmelisiniz: <strong>Rusya ticaret vizesi i\u015flemi<\/strong> s\u0131ras\u0131nda ba\u015fvuru formu dikkatli doldurmal\u0131s\u0131n\u0131z. Ticaret ba\u015fvuru formunu doldururken b\u00fcy\u00fck harfle istenilen dilde yazmal\u0131s\u0131n\u0131z. Ticaret ba\u015fvuru formunun i\u00e7erisinde yer alan bilginin g\u00fcncel olmas\u0131na \u00f6zen g\u00f6stermelisiniz. Ticari vizesi ba\u015fvurusu talep dilek\u00e7esine \u0131slak imza ve tarihin bulunmas\u0131na dikkat etmelisiniz. Eski kulland\u0131\u011f\u0131n\u0131z pasaportlar var ise mutlaka bu pasaportlarda vize dosyan\u0131za eklemelisiniz.<\/span><\/p>\n<h2><strong><span style=\"font-family: Roboto; font-size: 27px;\">Rusya Ticari Vize Davet Mektubu Nas\u0131l Yaz\u0131l\u0131r?<\/span><\/strong><\/h2>\n<p><span style=\"font-family: Roboto; font-size: 14px;\">Seyahat amac\u0131n\u0131n ticari oldu\u011fu belirtilmesi gerekmekte. Seyahat edilecek \u00fclkeye ili\u015fki i\u00e7erisinde bulunulan \u015firketin bilgisine yer verilmeli. \u015eirket ad\u0131 vs. ayr\u0131nt\u0131l\u0131 bilgi belgelerde yer almal\u0131d\u0131r. Seyahat tarihlerinin sunulan di\u011fer evraktaki ile ayn\u0131 olmas\u0131na dikkat edilmelidir. Ticaret amac\u0131 olarak ger\u00e7ekle\u015ftirecek seyahatlerde masraf\u0131n \u015firket taraf\u0131ndan kar\u015f\u0131lanaca\u011f\u0131n\u0131n belirtilmesi \u00f6nemlidir. Ticari Vizesi talep dilek\u00e7esi, y\u0131pranmam\u0131\u015f, temiz A4 ka\u011f\u0131t \u00fczerinde yaz\u0131lmal\u0131d\u0131r. Bilgisayar \u00fczerine ya da elle yaz\u0131lan dilek\u00e7eler kabul edilir. Ticari vizesi Ba\u015fvuru sahiplerinin \u0131slak imzas\u0131 dilek\u00e7e \u00fczerinde yer almal\u0131d\u0131r. Konsolosluk g\u00f6revlerinin diline hitaben dilek\u00e7elerinin olu\u015fturulmas\u0131 \u00f6nemlidir. Ticari vize ba\u015fvuru yap\u0131lacak \u00fclkeleri kendi dili veya \u0130ngilizce olarak yaz\u0131lan dilek\u00e7eler kabul edilir. Ticari vizesi ba\u015fvuru dilek\u00e7eleri, Rusya konsoloslu\u011funa hitaben resm\u00ee bir dille yaz\u0131lmal\u0131d\u0131r. \u0130ngilizce \u00e7evirisiyle birlikte verilecek olan dilek\u00e7elerde T\u00fcrk\u00e7e belgeler asl\u0131 ve onay\u0131 \u00e7eviriler bulunmal\u0131d\u0131r. \u00a0 Rusya Ticari Vizesi talep dilek\u00e7esinde yer alan bilgi dosyaya konulan evraklarla desteklenmelidir.<\/span><\/p>\n<h2><strong><span style=\"font-family: Roboto; font-size: 27px;\">Rusya Ticari Vize Dilek\u00e7e Haz\u0131rlan\u0131rken Dikkat Edilmesi Gerekenler<\/span><\/strong><\/h2>\n<p><span style=\"font-family: Roboto; font-size: 14px;\">Rusya\u2019ya Ticari ama\u00e7la seyahat eden ki\u015filerin yapaca\u011f\u0131 seyahatler ile ilgili Rusya \u0130stanbul Ba\u015fkonsoloslu\u011funa, Rusya Ticari Vize talep dilek\u00e7esini sunmas\u0131 gereklidir. Rusya Ticari vizesi talep dilek\u00e7esi yazarken a\u015fa\u011f\u0131daki hususlara dikkat edilmelidir. Rusya Ticari Vize talep dilek\u00e7esi personel i\u015f seyahatlerine g\u00f6nderecek \u015firket yetkilisi taraf\u0131ndan \u015firket antet ka\u011f\u0131da yazmas\u0131 ve \u015firket yetkili ka\u015fesi ve imzas\u0131n\u0131 ta\u015f\u0131mal\u0131d\u0131r. <strong>Rusya Ticari Vize talep<\/strong> dilek\u00e7esinde seyahatin ama\u00e7lar\u0131 a\u00e7\u0131k\u00e7a yaz\u0131lmal\u0131d\u0131r. Ticari Vize talep dilek\u00e7esinde seyahatlere \u00e7\u0131kacak ki\u015finin firmadaki g\u00f6revi a\u00e7\u0131k\u00e7a ifade edilmelidir. Rusya\u2019ya seyahat edecek ki\u015finin seyahatlerinin ba\u015flang\u0131\u00e7 ile biti\u015f tarihi ile varsa ek seyahati hakk\u0131nda Rusya Ticari Vize talep dilek\u00e7esine net bilgi verilmelidir. Rusya Konsoloslu\u011funa Ticari Vize talep dilek\u00e7esi haz\u0131rlarken seyahat edecek ki\u015finin seyahat s\u00fcrelerine olu\u015facak masraf\u0131n\u0131n nas\u0131l kar\u015f\u0131lanaca\u011f\u0131 bilgileri yer almal\u0131d\u0131r.<\/span><\/p>\n<h3><strong><span style=\"font-family: Roboto; font-size: 24px;\">Rusya Ticari Vize Dilek\u00e7e \u00d6rne\u011fi 2022<\/span><\/strong><\/h3>\n<p><span style=\"font-family: Roboto; font-size: 14px;\">..\/..\/..\/\u2026\u00a0<\/span><\/p>\n<p><span style=\"font-family: Roboto; font-size: 14px;\">\u2026\u2026\u2026 Ba\u015fkonsoloslu\u011funa\u00a0<\/span><\/p>\n<p><span style=\"font-family: Roboto; font-size: 14px;\">\u0130stanbul Vize B\u00f6l\u00fcm\u00fc \u015eefi Sn:<\/span><\/p>\n<p><span style=\"font-family: Roboto; font-size: 14px;\">\u00a0Vize Merkezi &#8230;.. &#8230;..\u00a0 \u2026\u2026\u00a0 il\u00e7esinde yerle\u015fik, hizmet sekt\u00f6r\u00fc 10 y\u0131ld\u0131r 102 \u00fclkeye vize dan\u0131\u015fmanl\u0131\u011f\u0131 ile turizm organizasyonu yaparak T\u00fcrkiye\u2019de 7 ilde 11 \u015fubesinin bulunan sekt\u00f6rlerde en iyi 4 \u015firketten biridir.\u00a0 \u00dclkede bulunan \u201d\u2026\u2026\u2026.\u201d vize ile dan\u0131\u015fman sekt\u00f6r\u00fcne en ba\u015far\u0131l\u0131 firmadand\u0131r. \u0130\u015fimizi geli\u015ftirmesi i\u00e7in program yaz\u0131l\u0131m\u0131 ve i\u015f takip sistemlerinin en iyisiyle \u00e7al\u0131\u015fmak gerekti\u011fi i\u00e7in s\u00fcrekli toplant\u0131, g\u00f6r\u00fc\u015fmeler ve denetlemeler organize edece\u011fiz.<\/span><\/p>\n<p><span style=\"font-family: Roboto; font-size: 14px;\">\u00a0A\u015fa\u011f\u0131da bilgileri bulunan ve \u00f6ng\u00f6r\u00fclen toplant\u0131 tarihinde Sn: \u2026.. \u00dclkeye yapmas\u0131 gereken i\u015f seyahatleri i\u00e7in kendisi gerekli olan vizelerin verilmesi arz ederiz.\u00a0\u00a0<\/span><\/p>\n<p><span style=\"font-family: Roboto; font-size: 14px;\">\u0130sim \/ soy ismi\u00a0<\/span><\/p>\n<p><span style=\"font-family: Roboto; font-size: 14px;\">Kaza, hasta, vs. gibi durumda maddi &#8211;\u00a0 manev\u00ee t\u00fcm sorumluluk \u015firketimize aittir.\u00a0\u00a0<\/span><\/p>\n<p><span style=\"font-family: Roboto; font-size: 14px;\">\u0130\u00e7indekiler:\u00a0<\/span><\/p>\n<p><span style=\"font-family: Roboto; font-size: 14px;\">\u2022 \u015eirket belgeleri\u00a0<\/span><\/p>\n<p><span style=\"font-family: Roboto; font-size: 14px;\">\u2022 3 ayl\u0131k banka hareketleri\u00a0<\/span><\/p>\n<p><span style=\"font-family: Roboto; font-size: 14px;\">\u2022 3 adet\u00a0 vize fotokopisi\u00a0<\/span><\/p>\n<p><span style=\"font-family: Roboto; font-size: 14px;\">\u2022 Terc\u00fcme edilmi\u015f Dilek\u00e7e\u00a0<\/span><\/p>\n<p><span style=\"font-family: Roboto; font-size: 14px;\">\u2022 \u0130ki y\u0131ll\u0131k seyahat sigortas\u0131<\/span><\/p>\n<p><span style=\"font-family: Roboto; font-size: 14px;\">\u00a0Vize Merkezi\u00a0<\/span><\/p>\n<p><span style=\"font-family: Roboto; font-size: 14px;\">\u015eirket Yetkili \u0130mza<\/span><\/p>\n<p><span style=\"font-family: Roboto; font-size: 14px;\"><span style=\"color: #2acec2;\"><strong><a style=\"color: #2acec2;\" href=\"https:\/\/www.myvize.com.tr\/rusya\/vize-islemleri\/rusya-vizesi\/\" target=\"_blank\" rel=\"noopener\">Rusya Vizesi<\/a><\/strong><\/span> ile ilgili bilgi almak i\u00e7in bizi aray\u0131n.<\/span><\/p>\n","protected":false},"excerpt":{"rendered":"<p>Rusya Ticari Vize Davet Mektubu Hakk\u0131nda Avrasya\u2019n\u0131n kuzeyinde yer alan Rusya \u00fclkesi; Norve\u00e7, Finlandiya, Polonya, Estonya, Litvanya, Letonya, Ukrayna, G\u00fcrcistan, Azerbaycan, Kazakistan, \u00c7in, Mo\u011folistan, Kuzey Kora, Japonya ve ABD ile kom\u015fudur. Rusya\u2019dan ticari vize almak isteyen vatanda\u015flar\u0131n m\u00fcracaat ettiklerinde zorunlu olarak sorumlu tuttuklar\u0131 gerek\u00e7e davet mektubudur. Rusya \u00fclkesi Fuar i\u00e7in seyahatler haricinde kendi i\u015finizin ortakl\u0131\u011f\u0131n\u0131<\/p>\n","protected":false},"author":1,"featured_media":0,"parent":0,"menu_order":0,"comment_status":"open","ping_status":"closed","template":"","meta":{"footnotes":""},"class_list":["post-442","page","type-page","status-publish","hentry"],"yoast_head":"<!-- This site is optimized with the Yoast SEO plugin v24.0 - https:\/\/yoast.com\/wordpress\/plugins\/seo\/ -->\n<title>Rusya Ticari Vize Davet Mektubu Nas\u0131l Yaz\u0131l\u0131r? - MyVize<\/title>\n<meta name=\"description\" content=\"Rusya Ticari Vize Davet Mektubu Nas\u0131l Yaz\u0131l\u0131r? Rusya Ticari Vize Davet Mektubu \u00d6rne\u011fi. Bilgi \u0130\u00e7in Vize Uzmanlar\u0131m\u0131z\u0131 Aray\u0131n: 0850 346 84 93\" \/>\n<meta name=\"robots\" content=\"index, follow, max-snippet:-1, max-image-preview:large, max-video-preview:-1\" \/>\n<link rel=\"canonical\" href=\"https:\/\/www.myvize.com.tr\/rusya\/rusya-ticari-vize-davet-mektubu\/\" \/>\n<meta property=\"og:locale\" content=\"tr_TR\" \/>\n<meta property=\"og:type\" content=\"article\" \/>\n<meta property=\"og:title\" content=\"Rusya Ticari Vize Davet Mektubu Nas\u0131l Yaz\u0131l\u0131r? - MyVize\" \/>\n<meta property=\"og:description\" content=\"Rusya Ticari Vize Davet Mektubu Nas\u0131l Yaz\u0131l\u0131r? Rusya Ticari Vize Davet Mektubu \u00d6rne\u011fi. Bilgi \u0130\u00e7in Vize Uzmanlar\u0131m\u0131z\u0131 Aray\u0131n: 0850 346 84 93\" \/>\n<meta property=\"og:url\" content=\"https:\/\/www.myvize.com.tr\/rusya\/rusya-ticari-vize-davet-mektubu\/\" \/>\n<meta property=\"og:site_name\" content=\"Rusya Vize\" \/>\n<meta property=\"article:modified_time\" content=\"2022-09-07T13:42:44+00:00\" \/>\n<meta property=\"og:image\" content=\"https:\/\/www.myvize.com.tr\/rusya\/wp-content\/uploads\/2021\/09\/39.jpg\" \/>\n<meta name=\"twitter:card\" content=\"summary_large_image\" \/>\n<meta name=\"twitter:label1\" content=\"Tahmini okuma s\u00fcresi\" \/>\n\t<meta name=\"twitter:data1\" content=\"4 dakika\" \/>\n<script type=\"application\/ld+json\" class=\"yoast-schema-graph\">{\"@context\":\"https:\/\/schema.org\",\"@graph\":[{\"@type\":\"WebPage\",\"@id\":\"https:\/\/www.myvize.com.tr\/rusya\/rusya-ticari-vize-davet-mektubu\/\",\"url\":\"https:\/\/www.myvize.com.tr\/rusya\/rusya-ticari-vize-davet-mektubu\/\",\"name\":\"Rusya Ticari Vize Davet Mektubu Nas\u0131l Yaz\u0131l\u0131r? - MyVize\",\"isPartOf\":{\"@id\":\"https:\/\/www.myvize.com.tr\/rusya\/#website\"},\"primaryImageOfPage\":{\"@id\":\"https:\/\/www.myvize.com.tr\/rusya\/rusya-ticari-vize-davet-mektubu\/#primaryimage\"},\"image\":{\"@id\":\"https:\/\/www.myvize.com.tr\/rusya\/rusya-ticari-vize-davet-mektubu\/#primaryimage\"},\"thumbnailUrl\":\"https:\/\/www.myvize.com.tr\/rusya\/wp-content\/uploads\/2021\/09\/39.jpg\",\"datePublished\":\"2021-08-18T10:50:45+00:00\",\"dateModified\":\"2022-09-07T13:42:44+00:00\",\"description\":\"Rusya Ticari Vize Davet Mektubu Nas\u0131l Yaz\u0131l\u0131r? Rusya Ticari Vize Davet Mektubu \u00d6rne\u011fi. Bilgi \u0130\u00e7in Vize Uzmanlar\u0131m\u0131z\u0131 Aray\u0131n: 0850 346 84 93\",\"breadcrumb\":{\"@id\":\"https:\/\/www.myvize.com.tr\/rusya\/rusya-ticari-vize-davet-mektubu\/#breadcrumb\"},\"inLanguage\":\"tr\",\"potentialAction\":[{\"@type\":\"ReadAction\",\"target\":[\"https:\/\/www.myvize.com.tr\/rusya\/rusya-ticari-vize-davet-mektubu\/\"]}]},{\"@type\":\"ImageObject\",\"inLanguage\":\"tr\",\"@id\":\"https:\/\/www.myvize.com.tr\/rusya\/rusya-ticari-vize-davet-mektubu\/#primaryimage\",\"url\":\"https:\/\/www.myvize.com.tr\/rusya\/wp-content\/uploads\/2021\/09\/39.jpg\",\"contentUrl\":\"https:\/\/www.myvize.com.tr\/rusya\/wp-content\/uploads\/2021\/09\/39.jpg\",\"width\":800,\"height\":500,\"caption\":\"Rusya\"},{\"@type\":\"BreadcrumbList\",\"@id\":\"https:\/\/www.myvize.com.tr\/rusya\/rusya-ticari-vize-davet-mektubu\/#breadcrumb\",\"itemListElement\":[{\"@type\":\"ListItem\",\"position\":1,\"name\":\"Anasayfa\",\"item\":\"https:\/\/www.myvize.com.tr\/rusya\/\"},{\"@type\":\"ListItem\",\"position\":2,\"name\":\"Rusya Ticari Vize Davet Mektubu\"}]},{\"@type\":\"WebSite\",\"@id\":\"https:\/\/www.myvize.com.tr\/rusya\/#website\",\"url\":\"https:\/\/www.myvize.com.tr\/rusya\/\",\"name\":\"Rusya Vize\",\"description\":\"\",\"potentialAction\":[{\"@type\":\"SearchAction\",\"target\":{\"@type\":\"EntryPoint\",\"urlTemplate\":\"https:\/\/www.myvize.com.tr\/rusya\/?s={search_term_string}\"},\"query-input\":{\"@type\":\"PropertyValueSpecification\",\"valueRequired\":true,\"valueName\":\"search_term_string\"}}],\"inLanguage\":\"tr\"}]}<\/script>\n<!-- \/ Yoast SEO plugin. -->","yoast_head_json":{"title":"Rusya Ticari Vize Davet Mektubu Nas\u0131l Yaz\u0131l\u0131r? - MyVize","description":"Rusya Ticari Vize Davet Mektubu Nas\u0131l Yaz\u0131l\u0131r? Rusya Ticari Vize Davet Mektubu \u00d6rne\u011fi. Bilgi \u0130\u00e7in Vize Uzmanlar\u0131m\u0131z\u0131 Aray\u0131n: 0850 346 84 93","robots":{"index":"index","follow":"follow","max-snippet":"max-snippet:-1","max-image-preview":"max-image-preview:large","max-video-preview":"max-video-preview:-1"},"canonical":"https:\/\/www.myvize.com.tr\/rusya\/rusya-ticari-vize-davet-mektubu\/","og_locale":"tr_TR","og_type":"article","og_title":"Rusya Ticari Vize Davet Mektubu Nas\u0131l Yaz\u0131l\u0131r? - MyVize","og_description":"Rusya Ticari Vize Davet Mektubu Nas\u0131l Yaz\u0131l\u0131r? Rusya Ticari Vize Davet Mektubu \u00d6rne\u011fi. Bilgi \u0130\u00e7in Vize Uzmanlar\u0131m\u0131z\u0131 Aray\u0131n: 0850 346 84 93","og_url":"https:\/\/www.myvize.com.tr\/rusya\/rusya-ticari-vize-davet-mektubu\/","og_site_name":"Rusya Vize","article_modified_time":"2022-09-07T13:42:44+00:00","og_image":[{"url":"https:\/\/www.myvize.com.tr\/rusya\/wp-content\/uploads\/2021\/09\/39.jpg","type":"","width":"","height":""}],"twitter_card":"summary_large_image","twitter_misc":{"Tahmini okuma s\u00fcresi":"4 dakika"},"schema":{"@context":"https:\/\/schema.org","@graph":[{"@type":"WebPage","@id":"https:\/\/www.myvize.com.tr\/rusya\/rusya-ticari-vize-davet-mektubu\/","url":"https:\/\/www.myvize.com.tr\/rusya\/rusya-ticari-vize-davet-mektubu\/","name":"Rusya Ticari Vize Davet Mektubu Nas\u0131l Yaz\u0131l\u0131r? - MyVize","isPartOf":{"@id":"https:\/\/www.myvize.com.tr\/rusya\/#website"},"primaryImageOfPage":{"@id":"https:\/\/www.myvize.com.tr\/rusya\/rusya-ticari-vize-davet-mektubu\/#primaryimage"},"image":{"@id":"https:\/\/www.myvize.com.tr\/rusya\/rusya-ticari-vize-davet-mektubu\/#primaryimage"},"thumbnailUrl":"https:\/\/www.myvize.com.tr\/rusya\/wp-content\/uploads\/2021\/09\/39.jpg","datePublished":"2021-08-18T10:50:45+00:00","dateModified":"2022-09-07T13:42:44+00:00","description":"Rusya Ticari Vize Davet Mektubu Nas\u0131l Yaz\u0131l\u0131r? Rusya Ticari Vize Davet Mektubu \u00d6rne\u011fi. Bilgi \u0130\u00e7in Vize Uzmanlar\u0131m\u0131z\u0131 Aray\u0131n: 0850 346 84 93","breadcrumb":{"@id":"https:\/\/www.myvize.com.tr\/rusya\/rusya-ticari-vize-davet-mektubu\/#breadcrumb"},"inLanguage":"tr","potentialAction":[{"@type":"ReadAction","target":["https:\/\/www.myvize.com.tr\/rusya\/rusya-ticari-vize-davet-mektubu\/"]}]},{"@type":"ImageObject","inLanguage":"tr","@id":"https:\/\/www.myvize.com.tr\/rusya\/rusya-ticari-vize-davet-mektubu\/#primaryimage","url":"https:\/\/www.myvize.com.tr\/rusya\/wp-content\/uploads\/2021\/09\/39.jpg","contentUrl":"https:\/\/www.myvize.com.tr\/rusya\/wp-content\/uploads\/2021\/09\/39.jpg","width":800,"height":500,"caption":"Rusya"},{"@type":"BreadcrumbList","@id":"https:\/\/www.myvize.com.tr\/rusya\/rusya-ticari-vize-davet-mektubu\/#breadcrumb","itemListElement":[{"@type":"ListItem","position":1,"name":"Anasayfa","item":"https:\/\/www.myvize.com.tr\/rusya\/"},{"@type":"ListItem","position":2,"name":"Rusya Ticari Vize Davet Mektubu"}]},{"@type":"WebSite","@id":"https:\/\/www.myvize.com.tr\/rusya\/#website","url":"https:\/\/www.myvize.com.tr\/rusya\/","name":"Rusya Vize","description":"","potentialAction":[{"@type":"SearchAction","target":{"@type":"EntryPoint","urlTemplate":"https:\/\/www.myvize.com.tr\/rusya\/?s={search_term_string}"},"query-input":{"@type":"PropertyValueSpecification","valueRequired":true,"valueName":"search_term_string"}}],"inLanguage":"tr"}]}},"_links":{"self":[{"href":"https:\/\/www.myvize.com.tr\/rusya\/wp-json\/wp\/v2\/pages\/442","targetHints":{"allow":["GET"]}}],"collection":[{"href":"https:\/\/www.myvize.com.tr\/rusya\/wp-json\/wp\/v2\/pages"}],"about":[{"href":"https:\/\/www.myvize.com.tr\/rusya\/wp-json\/wp\/v2\/types\/page"}],"author":[{"embeddable":true,"href":"https:\/\/www.myvize.com.tr\/rusya\/wp-json\/wp\/v2\/users\/1"}],"replies":[{"embeddable":true,"href":"https:\/\/www.myvize.com.tr\/rusya\/wp-json\/wp\/v2\/comments?post=442"}],"version-history":[{"count":6,"href":"https:\/\/www.myvize.com.tr\/rusya\/wp-json\/wp\/v2\/pages\/442\/revisions"}],"predecessor-version":[{"id":1146,"href":"https:\/\/www.myvize.com.tr\/rusya\/wp-json\/wp\/v2\/pages\/442\/revisions\/1146"}],"wp:attachment":[{"href":"https:\/\/www.myvize.com.tr\/rusya\/wp-json\/wp\/v2\/media?parent=442"}],"curies":[{"name":"wp","href":"https:\/\/api.w.org\/{rel}","templated":true}]}}