{"id":53,"date":"2020-11-30T12:50:00","date_gmt":"2020-11-30T09:50:00","guid":{"rendered":"https:\/\/www.myvize.com.tr\/rusya\/?page_id=53"},"modified":"2022-09-10T13:17:33","modified_gmt":"2022-09-10T10:17:33","slug":"rusya-universite-egitimi","status":"publish","type":"page","link":"https:\/\/www.myvize.com.tr\/rusya\/vize-islemleri\/rusya-universite-egitimi\/","title":{"rendered":"Rusya \u00dcniversite E\u011fitimi"},"content":{"rendered":"<p><span style=\"font-family: Roboto;\"><\/span><\/p>\r\n<h2><span style=\"font-family: Roboto;\"><strong><span style=\"font-size: 27px;\">Rusya \u00dcniversite E\u011fitimi Hakk\u0131nda<\/span><\/strong><\/span><\/h2>\r\n<p style=\"font-size: 14px;\"><span style=\"font-family: Roboto;\">\u00a0D\u00fcnyan\u0131n en e\u011fitimli \u00fclkesi olarak g\u00f6sterilen <strong><span class=\"has-inline-color\">Rusya<\/span><\/strong>, genel e\u011fitim ve mesleki e\u011fitim olmak \u00fczere 2 temel e\u011fitim evresine sahiptir. Genel e\u011fitimin amac\u0131; \u00f6\u011frencilerin fiziksel, duygusal ve ahlaki geli\u015fim temellerini atman\u0131n yan\u0131 s\u0131ra sosyal, entelekt\u00fcel ve k\u00fclt\u00fcrel y\u00f6nlerinin de geli\u015fmesine katk\u0131 sa\u011flamakt\u0131r. \u0130lk genel e\u011fitim, temel e\u011fitim ve ikinci e\u011fitim s\u00fcre\u00e7lerine ayr\u0131lan genel e\u011fitim s\u00fcreleri b\u00f6lgelere g\u00f6re de\u011fi\u015fiklik g\u00f6stermektedir. Mesleki e\u011fitimde ise \u00f6\u011frencilere mesleki alanlarda yeterlilik kazand\u0131r\u0131lmas\u0131 hedeflenmektedir. \u00dcniversite d\u00fczeyinde olmayan y\u00fcksek\u00f6\u011fretim, lisans d\u00fczeyindeki y\u00fcksek\u00f6\u011fretim ile lisans\u00fcst\u00fc d\u00fczeyde olan y\u00fcksek\u00f6\u011fretim \u015feklinde 3 farkl\u0131 s\u00fcre\u00e7te uygulanmaktad\u0131r. \u00dcniversite d\u00fczeyinde olmayan mesleki e\u011fitim programlar\u0131na kat\u0131lan \u00f6\u011frenciler herhangi bir akademik unvan kazanamazlar. Bu e\u011fitim programlar\u0131ndan mezun olanlar meslekleri ile ilgili i\u015flerde \u00e7al\u0131\u015fabilirler. Diledikleri takdirde \u00fcniversite e\u011fitimlerine de devam edebilirler.\u00a0\u00a0<\/span><\/p>\r\n<p><span style=\"font-family: Roboto;\">\r\n\r\n<\/span><\/p>\r\n<p style=\"font-size: 14px;\"><span style=\"font-family: Roboto;\">\u00a0<strong>Rusya\u2019da<\/strong>\u00a0<strong>\u00fcniversite<\/strong>\u00a0<strong>e\u011fitimi<\/strong>\u00a0g\u00f6rmek isteyen \u00f6\u011frenciler, ilk \u00f6nce Rusya\u2019daki \u00fcniversitelerin haz\u0131rl\u0131k b\u00f6l\u00fcmlerinde Rus\u00e7a e\u011fitim almal\u0131d\u0131rlar.\u00a0<strong>Rus<\/strong>\u00a0<strong>\u00fcniversitelerindeki<\/strong>\u00a0<strong>haz\u0131rl\u0131k<\/strong>\u00a0<strong>e\u011fitimi<\/strong>\u00a0eyl\u00fcl, ekim ya da kas\u0131m aylar\u0131nda ba\u015flay\u0131p yakla\u015f\u0131k 10 ay s\u00fcrmektedir. E\u011fitim s\u00fcresince \u00f6\u011frenciler g\u00fcnde 4, 5 saat dil e\u011fitimi al\u0131rlar. Haz\u0131rl\u0131k b\u00f6l\u00fcmlerindeki dil e\u011fitimleri kalabal\u0131k s\u0131n\u0131flarda de\u011fil de 5 ya da 10 ki\u015filik k\u00fc\u00e7\u00fck s\u0131n\u0131flarda yap\u0131lmaktad\u0131r. \u00d6\u011frenciler, haz\u0131rl\u0131k e\u011fitimlerinin 1.d\u00f6nemlerinde lisans d\u00fczeyinde okumak istedikleri b\u00f6l\u00fcm\u00fc \u00fcniversitelerine bildirmelidirler. B\u00f6ylece 2.d\u00f6nemde se\u00e7ilen b\u00f6l\u00fcme y\u00f6nelik dersler e\u011fitim programlar\u0131na eklenmektedir. Haz\u0131rl\u0131k e\u011fitimi bittikten sonra ger\u00e7ekle\u015ftirilen yeterlik s\u0131nav\u0131nda ba\u015far\u0131 sa\u011flayan \u00f6\u011frenciler, alacaklar\u0131 yeterlik belgesiyle lisans e\u011fitimlerine isterlerse kendi \u00fcniversitelerinde isterlerse de Rusya\u2019daki \u00fcniversitenin diledikleri b\u00f6l\u00fcmlerine <strong><span class=\"has-inline-color\">ba\u015fvuru<\/span><\/strong> yaparak devam edebilme hakk\u0131na sahip olmaktad\u0131rlar. Rusya\u2019daki bir \u00fcniversitede lisans e\u011fitimi almak isteyen \u00f6\u011frenciler, T\u00fcrkiye\u2019deki TYT ve AYT s\u0131navlar\u0131na girmek zorunda de\u011fildir. Bu anlamda t\u00fcr\u00fcne bak\u0131lmadan herhangi bir liseden diploma almaya hak kazanan t\u00fcm \u00f6\u011frenciler, Rusya\u2019daki \u00fcniversitelerin istedikleri b\u00f6l\u00fcm\u00fcne m\u00fcracaatta bulunabilirler.\u00a0<\/span><\/p>\r\n<p><span style=\"font-family: Roboto;\"><\/span><\/p>\r\n<p><span style=\"font-family: Roboto;\"><img decoding=\"async\" src=\"https:\/\/www.myvize.com.tr\/rusya\/wp-content\/uploads\/2021\/09\/27.jpg\" \/><\/span><\/p>\r\n<p><span style=\"font-family: Roboto;\"><\/span><\/p>\r\n<p style=\"font-size: 14px;\"><span style=\"font-family: Roboto;\"><strong>Rusya\u2019da \u00fcniversite e\u011fitimi\u00a0<\/strong>g\u00f6rmek isteyen vatanda\u015flar\u0131n T\u00fcrkiye\u2019ye ait herhangi bir Y\u00fcksek \u00d6\u011fretim S\u0131nav\u0131na girmeksizin direk olarak Rusya \u00dcniversitelerine ba\u015fvuru yap\u0131p, kabul g\u00f6rmeleri halinde \u00fcniversite e\u011fitimlerine Rusya\u2019da devam edebilmeleri m\u00fcmk\u00fcnd\u00fcr. Rusya da e\u011fitim dili Rus\u00e7a olaca\u011f\u0131ndan,\u00a0<strong>Rusya da \u00fcniversite e\u011fitimi<\/strong>\u00a0almak isteyen \u00f6\u011frencilerin bir y\u0131l Rus\u00e7a Haz\u0131rl\u0131k s\u0131n\u0131f\u0131 e\u011fitimi de g\u00f6rmeleri zorunludur. Bu e\u011fitim tamamland\u0131ktan sonra \u00f6\u011frenciler taraf\u0131ndan tercih edilen \u00f6n lisans ya da lisans b\u00f6l\u00fcmlerine devam edilmektedir.\u00a0<strong>Rusya \u00fcniversitelerinde al\u0131nan e\u011fitiminde<\/strong>\u00a0\u00fclkemizce de ge\u00e7erli olabilece\u011fi baz\u0131 \u00fcniversiteler bulunmaktad\u0131r.\u00a0<strong>Rusya \u00fcniversiteleri e\u011fitim\u00a0<\/strong>\u00fccretlerine bak\u0131ld\u0131\u011f\u0131nda ise; y\u0131ll\u0131k bedelleri 1200$ ile 3000$ aras\u0131nda farkl\u0131l\u0131k g\u00f6stermektedir. Rusya\u2019ya e\u011fitim i\u00e7in giden \u00f6\u011frencilerin konaklama yerleri de genel olarak yurtlar olarak tercih edilmektedir. Ortalama 2 ya da 3 ki\u015finin payla\u015ft\u0131\u011f\u0131 odalar\u0131 baz\u0131 \u00fcniversiteler de bu payla\u015fan ki\u015fi say\u0131s\u0131n\u0131n 4e \u00e7\u0131kt\u0131\u011f\u0131 da g\u00f6r\u00fclmektedir. Ayl\u0131k ortalama yurt bedelleri de 75$ \u2013 200$ aras\u0131nda de\u011fi\u015fiklik g\u00f6stermektedir.<\/span><\/p>\r\n<p><span style=\"font-family: Roboto;\">\r\n\r\n<\/span><\/p>\r\n<p style=\"font-size: 14px;\"><span style=\"font-family: Roboto; font-size: 16px;\"><strong>Rusya \u00dcniversite e\u011fitimi i\u00e7in gerekli belgeler;<\/strong><\/span><\/p>\r\n<p><span style=\"font-family: Roboto;\">\r\n\r\n<\/span><\/p>\r\n<ul class=\"wp-block-list\" style=\"font-size: 14px;\">\r\n<li><span style=\"font-family: Roboto;\">10 adet 3&#215;4 \u00f6l\u00e7\u00fclerinde, beyaz arka fonda \u00e7ekilmi\u015f vesikal\u0131k foto\u011fraf<\/span><\/li>\r\n<li><span style=\"font-family: Roboto;\">Pasaportun asl\u0131 (Ba\u015fvuru tarihinden itibaren en az 18 ay daha ge\u00e7erli olmas\u0131 gerekmektedir.)<\/span><\/li>\r\n<li><span style=\"font-family: Roboto;\">Aids testi (\u00d6zel hastaneden ayn\u0131 g\u00fcn temin edilmektedir.)<\/span><\/li>\r\n<li><span style=\"font-family: Roboto;\">Diploman\u0131n asl\u0131 (Kaymakaml\u0131ktan apostil yap\u0131lmal\u0131d\u0131r.)<\/span><\/li>\r\n<li><span style=\"font-family: Roboto;\">Transkript asl\u0131, \u0131slak imzal\u0131 ( kaymakaml\u0131ktan apostil yap\u0131lmal\u0131d\u0131r.)<\/span><\/li>\r\n<\/ul>\r\n<p><span style=\"font-family: Roboto;\">\r\n\r\n<\/span><\/p>\r\n<p style=\"font-size: 14px;\"><span style=\"font-family: Roboto;\">Se\u00e7ilecek \u015fehir ve gidilecek \u00fcniversitelerin \u00fccret farkl\u0131l\u0131\u011f\u0131 g\u00f6sterebilece\u011fi hat\u0131rlat\u0131l\u0131r ve yukar\u0131daki verilen rakamlar\u0131n sadece ortalama rakamlar oldu\u011fu tekrar belirtilir. Mutlaka gidilecek \u00fcniversite ve \u015fehir ilgili kurumu internet sitesinden kontrol edilmesi tavsiye edilir.<\/span><\/p>\r\n<p><strong><span style=\"font-family: Roboto;\"><span style=\"color: #2acec2;\"><a style=\"color: #2acec2;\" href=\"https:\/\/www.myvize.com.tr\/rusya\/vize-islemleri\/rusya-dil-okulu-vizesi\/\" target=\"_blank\" rel=\"noopener\">Rusya Dil Okulu Vizesi<\/a><\/span> ile ilgili bilgi almak i\u00e7in aray\u0131n\u0131z.<\/span><\/strong><\/p>\r\n<p><span style=\"font-family: Roboto;\"><\/span><\/p>","protected":false},"excerpt":{"rendered":"<p>Rusya \u00dcniversite E\u011fitimi Hakk\u0131nda \u00a0D\u00fcnyan\u0131n en e\u011fitimli \u00fclkesi olarak g\u00f6sterilen Rusya, genel e\u011fitim ve mesleki e\u011fitim olmak \u00fczere 2 temel e\u011fitim evresine sahiptir. Genel e\u011fitimin amac\u0131; \u00f6\u011frencilerin fiziksel, duygusal ve ahlaki geli\u015fim temellerini atman\u0131n yan\u0131 s\u0131ra sosyal, entelekt\u00fcel ve k\u00fclt\u00fcrel y\u00f6nlerinin de geli\u015fmesine katk\u0131 sa\u011flamakt\u0131r. \u0130lk genel e\u011fitim, temel e\u011fitim ve ikinci e\u011fitim s\u00fcre\u00e7lerine ayr\u0131lan<\/p>\n","protected":false},"author":1,"featured_media":0,"parent":18,"menu_order":0,"comment_status":"open","ping_status":"closed","template":"","meta":{"footnotes":""},"class_list":["post-53","page","type-page","status-publish","hentry"],"yoast_head":"<!-- This site is optimized with the Yoast SEO plugin v24.0 - https:\/\/yoast.com\/wordpress\/plugins\/seo\/ -->\n<title>Rusya \u00dcniversite E\u011fitimi Ba\u015fvuru \u0130\u015flemleri - MyVize<\/title>\n<meta name=\"description\" content=\"Rusya \u00dcniversite E\u011fitimi Ba\u015fvurusu \u0130\u00e7in Gerekli T\u00fcm Evraklar Listesi 2022 Hemen T\u0131kla! Rusya Vize Randevusu i\u00e7in hemen ara: 0850 346 84 93\" \/>\n<meta name=\"robots\" content=\"index, follow, max-snippet:-1, max-image-preview:large, max-video-preview:-1\" \/>\n<link rel=\"canonical\" href=\"https:\/\/www.myvize.com.tr\/rusya\/vize-islemleri\/rusya-universite-egitimi\/\" \/>\n<meta property=\"og:locale\" content=\"tr_TR\" \/>\n<meta property=\"og:type\" content=\"article\" \/>\n<meta property=\"og:title\" content=\"Rusya \u00dcniversite E\u011fitimi Ba\u015fvuru \u0130\u015flemleri - MyVize\" \/>\n<meta property=\"og:description\" content=\"Rusya \u00dcniversite E\u011fitimi Ba\u015fvurusu \u0130\u00e7in Gerekli T\u00fcm Evraklar Listesi 2022 Hemen T\u0131kla! Rusya Vize Randevusu i\u00e7in hemen ara: 0850 346 84 93\" \/>\n<meta property=\"og:url\" content=\"https:\/\/www.myvize.com.tr\/rusya\/vize-islemleri\/rusya-universite-egitimi\/\" \/>\n<meta property=\"og:site_name\" content=\"Rusya Vize\" \/>\n<meta property=\"article:modified_time\" content=\"2022-09-10T10:17:33+00:00\" \/>\n<meta property=\"og:image\" content=\"https:\/\/www.myvize.com.tr\/rusya\/wp-content\/uploads\/2021\/09\/27.jpg\" \/>\n<meta name=\"twitter:card\" content=\"summary_large_image\" \/>\n<meta name=\"twitter:label1\" content=\"Tahmini okuma s\u00fcresi\" \/>\n\t<meta name=\"twitter:data1\" content=\"3 dakika\" \/>\n<script type=\"application\/ld+json\" class=\"yoast-schema-graph\">{\"@context\":\"https:\/\/schema.org\",\"@graph\":[{\"@type\":\"WebPage\",\"@id\":\"https:\/\/www.myvize.com.tr\/rusya\/vize-islemleri\/rusya-universite-egitimi\/\",\"url\":\"https:\/\/www.myvize.com.tr\/rusya\/vize-islemleri\/rusya-universite-egitimi\/\",\"name\":\"Rusya \u00dcniversite E\u011fitimi Ba\u015fvuru \u0130\u015flemleri - MyVize\",\"isPartOf\":{\"@id\":\"https:\/\/www.myvize.com.tr\/rusya\/#website\"},\"primaryImageOfPage\":{\"@id\":\"https:\/\/www.myvize.com.tr\/rusya\/vize-islemleri\/rusya-universite-egitimi\/#primaryimage\"},\"image\":{\"@id\":\"https:\/\/www.myvize.com.tr\/rusya\/vize-islemleri\/rusya-universite-egitimi\/#primaryimage\"},\"thumbnailUrl\":\"https:\/\/www.myvize.com.tr\/rusya\/wp-content\/uploads\/2021\/09\/27.jpg\",\"datePublished\":\"2020-11-30T09:50:00+00:00\",\"dateModified\":\"2022-09-10T10:17:33+00:00\",\"description\":\"Rusya \u00dcniversite E\u011fitimi Ba\u015fvurusu \u0130\u00e7in Gerekli T\u00fcm Evraklar Listesi 2022 Hemen T\u0131kla! Rusya Vize Randevusu i\u00e7in hemen ara: 0850 346 84 93\",\"breadcrumb\":{\"@id\":\"https:\/\/www.myvize.com.tr\/rusya\/vize-islemleri\/rusya-universite-egitimi\/#breadcrumb\"},\"inLanguage\":\"tr\",\"potentialAction\":[{\"@type\":\"ReadAction\",\"target\":[\"https:\/\/www.myvize.com.tr\/rusya\/vize-islemleri\/rusya-universite-egitimi\/\"]}]},{\"@type\":\"ImageObject\",\"inLanguage\":\"tr\",\"@id\":\"https:\/\/www.myvize.com.tr\/rusya\/vize-islemleri\/rusya-universite-egitimi\/#primaryimage\",\"url\":\"https:\/\/www.myvize.com.tr\/rusya\/wp-content\/uploads\/2021\/09\/27.jpg\",\"contentUrl\":\"https:\/\/www.myvize.com.tr\/rusya\/wp-content\/uploads\/2021\/09\/27.jpg\",\"width\":800,\"height\":500,\"caption\":\"Rusya\"},{\"@type\":\"BreadcrumbList\",\"@id\":\"https:\/\/www.myvize.com.tr\/rusya\/vize-islemleri\/rusya-universite-egitimi\/#breadcrumb\",\"itemListElement\":[{\"@type\":\"ListItem\",\"position\":1,\"name\":\"Anasayfa\",\"item\":\"https:\/\/www.myvize.com.tr\/rusya\/\"},{\"@type\":\"ListItem\",\"position\":2,\"name\":\"V\u0130ZE \u0130\u015eLEMLER\u0130\",\"item\":\"https:\/\/www.myvize.com.tr\/rusya\/vize-islemleri\/\"},{\"@type\":\"ListItem\",\"position\":3,\"name\":\"Rusya \u00dcniversite E\u011fitimi\"}]},{\"@type\":\"WebSite\",\"@id\":\"https:\/\/www.myvize.com.tr\/rusya\/#website\",\"url\":\"https:\/\/www.myvize.com.tr\/rusya\/\",\"name\":\"Rusya Vize\",\"description\":\"\",\"potentialAction\":[{\"@type\":\"SearchAction\",\"target\":{\"@type\":\"EntryPoint\",\"urlTemplate\":\"https:\/\/www.myvize.com.tr\/rusya\/?s={search_term_string}\"},\"query-input\":{\"@type\":\"PropertyValueSpecification\",\"valueRequired\":true,\"valueName\":\"search_term_string\"}}],\"inLanguage\":\"tr\"}]}<\/script>\n<!-- \/ Yoast SEO plugin. -->","yoast_head_json":{"title":"Rusya \u00dcniversite E\u011fitimi Ba\u015fvuru \u0130\u015flemleri - MyVize","description":"Rusya \u00dcniversite E\u011fitimi Ba\u015fvurusu \u0130\u00e7in Gerekli T\u00fcm Evraklar Listesi 2022 Hemen T\u0131kla! Rusya Vize Randevusu i\u00e7in hemen ara: 0850 346 84 93","robots":{"index":"index","follow":"follow","max-snippet":"max-snippet:-1","max-image-preview":"max-image-preview:large","max-video-preview":"max-video-preview:-1"},"canonical":"https:\/\/www.myvize.com.tr\/rusya\/vize-islemleri\/rusya-universite-egitimi\/","og_locale":"tr_TR","og_type":"article","og_title":"Rusya \u00dcniversite E\u011fitimi Ba\u015fvuru \u0130\u015flemleri - MyVize","og_description":"Rusya \u00dcniversite E\u011fitimi Ba\u015fvurusu \u0130\u00e7in Gerekli T\u00fcm Evraklar Listesi 2022 Hemen T\u0131kla! Rusya Vize Randevusu i\u00e7in hemen ara: 0850 346 84 93","og_url":"https:\/\/www.myvize.com.tr\/rusya\/vize-islemleri\/rusya-universite-egitimi\/","og_site_name":"Rusya Vize","article_modified_time":"2022-09-10T10:17:33+00:00","og_image":[{"url":"https:\/\/www.myvize.com.tr\/rusya\/wp-content\/uploads\/2021\/09\/27.jpg","type":"","width":"","height":""}],"twitter_card":"summary_large_image","twitter_misc":{"Tahmini okuma s\u00fcresi":"3 dakika"},"schema":{"@context":"https:\/\/schema.org","@graph":[{"@type":"WebPage","@id":"https:\/\/www.myvize.com.tr\/rusya\/vize-islemleri\/rusya-universite-egitimi\/","url":"https:\/\/www.myvize.com.tr\/rusya\/vize-islemleri\/rusya-universite-egitimi\/","name":"Rusya \u00dcniversite E\u011fitimi Ba\u015fvuru \u0130\u015flemleri - MyVize","isPartOf":{"@id":"https:\/\/www.myvize.com.tr\/rusya\/#website"},"primaryImageOfPage":{"@id":"https:\/\/www.myvize.com.tr\/rusya\/vize-islemleri\/rusya-universite-egitimi\/#primaryimage"},"image":{"@id":"https:\/\/www.myvize.com.tr\/rusya\/vize-islemleri\/rusya-universite-egitimi\/#primaryimage"},"thumbnailUrl":"https:\/\/www.myvize.com.tr\/rusya\/wp-content\/uploads\/2021\/09\/27.jpg","datePublished":"2020-11-30T09:50:00+00:00","dateModified":"2022-09-10T10:17:33+00:00","description":"Rusya \u00dcniversite E\u011fitimi Ba\u015fvurusu \u0130\u00e7in Gerekli T\u00fcm Evraklar Listesi 2022 Hemen T\u0131kla! Rusya Vize Randevusu i\u00e7in hemen ara: 0850 346 84 93","breadcrumb":{"@id":"https:\/\/www.myvize.com.tr\/rusya\/vize-islemleri\/rusya-universite-egitimi\/#breadcrumb"},"inLanguage":"tr","potentialAction":[{"@type":"ReadAction","target":["https:\/\/www.myvize.com.tr\/rusya\/vize-islemleri\/rusya-universite-egitimi\/"]}]},{"@type":"ImageObject","inLanguage":"tr","@id":"https:\/\/www.myvize.com.tr\/rusya\/vize-islemleri\/rusya-universite-egitimi\/#primaryimage","url":"https:\/\/www.myvize.com.tr\/rusya\/wp-content\/uploads\/2021\/09\/27.jpg","contentUrl":"https:\/\/www.myvize.com.tr\/rusya\/wp-content\/uploads\/2021\/09\/27.jpg","width":800,"height":500,"caption":"Rusya"},{"@type":"BreadcrumbList","@id":"https:\/\/www.myvize.com.tr\/rusya\/vize-islemleri\/rusya-universite-egitimi\/#breadcrumb","itemListElement":[{"@type":"ListItem","position":1,"name":"Anasayfa","item":"https:\/\/www.myvize.com.tr\/rusya\/"},{"@type":"ListItem","position":2,"name":"V\u0130ZE \u0130\u015eLEMLER\u0130","item":"https:\/\/www.myvize.com.tr\/rusya\/vize-islemleri\/"},{"@type":"ListItem","position":3,"name":"Rusya \u00dcniversite E\u011fitimi"}]},{"@type":"WebSite","@id":"https:\/\/www.myvize.com.tr\/rusya\/#website","url":"https:\/\/www.myvize.com.tr\/rusya\/","name":"Rusya Vize","description":"","potentialAction":[{"@type":"SearchAction","target":{"@type":"EntryPoint","urlTemplate":"https:\/\/www.myvize.com.tr\/rusya\/?s={search_term_string}"},"query-input":{"@type":"PropertyValueSpecification","valueRequired":true,"valueName":"search_term_string"}}],"inLanguage":"tr"}]}},"_links":{"self":[{"href":"https:\/\/www.myvize.com.tr\/rusya\/wp-json\/wp\/v2\/pages\/53","targetHints":{"allow":["GET"]}}],"collection":[{"href":"https:\/\/www.myvize.com.tr\/rusya\/wp-json\/wp\/v2\/pages"}],"about":[{"href":"https:\/\/www.myvize.com.tr\/rusya\/wp-json\/wp\/v2\/types\/page"}],"author":[{"embeddable":true,"href":"https:\/\/www.myvize.com.tr\/rusya\/wp-json\/wp\/v2\/users\/1"}],"replies":[{"embeddable":true,"href":"https:\/\/www.myvize.com.tr\/rusya\/wp-json\/wp\/v2\/comments?post=53"}],"version-history":[{"count":5,"href":"https:\/\/www.myvize.com.tr\/rusya\/wp-json\/wp\/v2\/pages\/53\/revisions"}],"predecessor-version":[{"id":1147,"href":"https:\/\/www.myvize.com.tr\/rusya\/wp-json\/wp\/v2\/pages\/53\/revisions\/1147"}],"up":[{"embeddable":true,"href":"https:\/\/www.myvize.com.tr\/rusya\/wp-json\/wp\/v2\/pages\/18"}],"wp:attachment":[{"href":"https:\/\/www.myvize.com.tr\/rusya\/wp-json\/wp\/v2\/media?parent=53"}],"curies":[{"name":"wp","href":"https:\/\/api.w.org\/{rel}","templated":true}]}}