{"id":55,"date":"2020-11-30T12:50:43","date_gmt":"2020-11-30T09:50:43","guid":{"rendered":"https:\/\/www.myvize.com.tr\/rusya\/?page_id=55"},"modified":"2022-07-23T11:51:57","modified_gmt":"2022-07-23T08:51:57","slug":"turkiyede-oturum-ve-calisma-izni","status":"publish","type":"page","link":"https:\/\/www.myvize.com.tr\/rusya\/vize-islemleri\/turkiyede-oturum-ve-calisma-izni\/","title":{"rendered":"T\u00fcrkiye&#8217;de Oturum ve \u00c7al\u0131\u015fma \u0130zni"},"content":{"rendered":"<p><span style=\"font-family: Roboto;\"><\/span><\/p>\r\n<h2 class=\"wp-block-heading\" style=\"font-size: 27px;\"><span style=\"font-family: Roboto;\"><strong>Rusya Vatanda\u015flar\u0131 \u0130\u00e7in T\u00fcrkiye\u2019de Oturum ve \u00c7al\u0131\u015fma \u0130zni<\/strong><\/span><\/h2>\r\n<p><span style=\"font-family: Roboto;\">\r\n\r\n<\/span><\/p>\r\n<p style=\"font-size: 14px;\"><span style=\"font-family: Roboto;\">\u00a0T\u00fcrkiye\u2019deki yabanc\u0131lar\u0131n <strong>\u00e7al\u0131\u015fma izni <\/strong>hakk\u0131ndaki \u00e7\u0131kar\u0131lan 4817 say\u0131l\u0131 kanuna g\u00f6re, yabanc\u0131 \u00fclke vatanda\u015flar\u0131n\u0131n T\u00fcrkiye\u2019de bir kuruma ba\u011fl\u0131 olarak \u00e7al\u0131\u015fabilmesi i\u00e7in \u00f6ncelikle \u00e7al\u0131\u015fma izni almalar\u0131 gerekmektedir. T\u00fcrkiye\u2019ye \u00e7al\u0131\u015fma amac\u0131 ile gelen <strong><a href=\"https:\/\/www.myvize.com.tr\/rusya\/\" target=\"_blank\" rel=\"noreferrer noopener\"><span class=\"has-inline-color\" style=\"color: #2acec2;\">Rusya<\/span><\/a><\/strong> vatanda\u015flar\u0131, <strong>\u00e7al\u0131\u015fma izin<\/strong> ba\u015fvurular\u0131n\u0131 \u00c7al\u0131\u015fma ve Sosyal G\u00fcvenlik Bakanl\u0131\u011f\u0131 Yabanc\u0131lar\u0131n \u00c7al\u0131\u015fma \u0130zinleri Daire Bakanl\u0131\u011f\u0131\u2019na m\u00fcracaat ederek yapmal\u0131d\u0131rlar.\u00a0<strong>T\u00fcrkiye<\/strong>\u00a0<strong>\u00e7al\u0131\u015fma<\/strong>\u00a0<strong>izni<\/strong>\u00a0al\u0131nabilmesi i\u00e7in \u00f6ncesinde oturum iznine sahip olunmal\u0131d\u0131r.\u00a0<strong>T\u00fcrkiye<\/strong>\u00a0<strong>oturum<\/strong>\u00a0<strong>izni<\/strong>\u00a0ba\u015fvurular\u0131, k\u0131sa d\u00f6nem ve uzun d\u00f6nem olarak kategorilere ayr\u0131lm\u0131\u015ft\u0131r ve buna g\u00f6re yap\u0131labilmektedir. K\u0131sa d\u00f6nem oturum izinleri en fazla 1 y\u0131l s\u00fcre i\u00e7in verilmektedir. Uzun d\u00f6nem oturma izin ba\u015fvurusunda ise T\u00fcrkiye\u2019de en az 8 y\u0131l kesintisiz ikamet etmi\u015f olma \u015fart\u0131 aranmaktad\u0131r. Bu \u015fart\u0131 kar\u015f\u0131layan Rusya vatanda\u015flar\u0131, istenilen belgeleri tamamlay\u0131p ilgili \u0130l G\u00f6\u00e7 \u0130daresi&#8217;ne teslim ederek ba\u015fvurular\u0131n\u0131 yapabilirler.\u00a0<\/span><\/p>\r\n<p><span style=\"font-family: Roboto;\">\r\n\r\n<\/span><\/p>\r\n<p style=\"font-size: 14px;\"><span style=\"font-family: Roboto;\">\u00a0Oturma izninden muaf tutulacak olan yabanc\u0131lar \u015funlard\u0131r:<\/span><\/p>\r\n<p><span style=\"font-family: Roboto;\">\r\n\r\n<\/span><\/p>\r\n<p style=\"font-size: 14px;\"><span style=\"font-family: Roboto;\">*Vize s\u00fcresi ya da vize muafiyeti s\u00fcresi boyunca T\u00fcrkiye\u2019de bulunan ki\u015filer,\u00a0<\/span><\/p>\r\n<p><span style=\"font-family: Roboto;\">\r\n\r\n<\/span><\/p>\r\n<p style=\"font-size: 14px;\"><span style=\"font-family: Roboto;\">*\u00c7\u0131kma izni almak sureti ile T\u00fcrk vatanda\u015fl\u0131\u011f\u0131n\u0131 kaybetmi\u015f olan ki\u015filer,\u00a0<\/span><\/p>\r\n<p><span style=\"font-family: Roboto;\">\r\n\r\n<\/span><\/p>\r\n<p style=\"font-size: 14px;\"><span style=\"font-family: Roboto;\">*Uluslararas\u0131 koruma ba\u015fvurusu kay\u0131t belgesine sahip olan ki\u015filer,\u00a0<\/span><\/p>\r\n<p><span style=\"font-family: Roboto;\">\r\n\r\n<\/span><\/p>\r\n<p style=\"font-size: 14px;\"><span style=\"font-family: Roboto;\">*T\u00fcrkiye Cumhuriyeti\u2019nin taraf oldu\u011fu 2li ya da \u00e7ok tarafl\u0131 anla\u015fmalar neticesinde ikamet izninden muaf tutulan ki\u015filer,\u00a0<\/span><\/p>\r\n<p><span style=\"font-family: Roboto;\">\r\n\r\n<\/span><\/p>\r\n<p style=\"font-size: 14px;\"><span style=\"font-family: Roboto;\">*T\u00fcrkiye\u2019de g\u00f6revli diplomasi ile konsolosluk resmi memurlar\u0131 ve bunlar\u0131n e\u015fleri, bakmakla y\u00fck\u00fcml\u00fc olduklar\u0131 \u00e7ocuklar\u0131 ve ailelerinden D\u0131\u015fi\u015fleri Bakanl\u0131\u011f\u0131nca bildirilen ki\u015filer, (Bu ki\u015filer, T\u00fcrkiye\u2019deki g\u00f6revleri bittikten sonra \u00fclkede kalmaya devam edecekler ise herhangi bir ikamet izin t\u00fcr\u00fc i\u00e7in en ge\u00e7 10 g\u00fcn i\u00e7erisinde Valili\u011fe ba\u015fvuru yapmakla y\u00fck\u00fcml\u00fc tutulmaktad\u0131r.)<\/span><\/p>\r\n<p><span style=\"font-family: Roboto;\">\r\n\r\n<\/span><\/p>\r\n<p style=\"font-size: 14px;\"><span style=\"font-family: Roboto;\">*T\u00fcrkiye\u2019deki temsilciliklerde \u00e7al\u0131\u015fan uluslararas\u0131 kurulu\u015f elemanlar\u0131 ve stat\u00fcleri anla\u015fmalar ile belirlenmi\u015f olan ki\u015filer,\u00a0<\/span><\/p>\r\n<p><span style=\"font-family: Roboto;\">\r\n\r\n<\/span><\/p>\r\n<p style=\"font-size: 14px;\"><span style=\"font-family: Roboto;\">*Uluslararas\u0131 koruma ba\u015fvuru sahibi kimlik belgesi bulunan ki\u015filer,\u00a0<\/span><\/p>\r\n<p><span style=\"font-family: Roboto;\">\r\n\r\n<\/span><\/p>\r\n<p style=\"font-size: 14px;\"><span style=\"font-family: Roboto;\">*Uluslararas\u0131 koruma stat\u00fcs\u00fc sahibi kimlik belgesi bulunan ki\u015filer,\u00a0<\/span><\/p>\r\n<p><span style=\"font-family: Roboto;\">\r\n\r\n<\/span><\/p>\r\n<p style=\"font-size: 14px;\"><span style=\"font-family: Roboto;\">*Vatans\u0131z ki\u015fi kimlik belgesi olan ki\u015filer,\u00a0<\/span><\/p>\r\n<p><span style=\"font-family: Roboto;\">\r\n\r\n<\/span><\/p>\r\n<p style=\"font-size: 14px;\"><span style=\"font-family: Roboto;\">*Ge\u00e7erli \u00e7al\u0131\u015fma iznine sahip olan ki\u015filer.\u00a0<\/span><\/p>\r\n<p><span style=\"font-family: Roboto;\">\r\n\r\n<\/span><\/p>\r\n<p><span style=\"font-family: Roboto;\"><img decoding=\"async\" src=\"https:\/\/www.myvize.com.tr\/rusya\/wp-content\/uploads\/2021\/09\/28.jpg\" \/><\/span><\/p>\r\n<p><span style=\"font-family: Roboto;\"><\/span><\/p>\r\n<p style=\"font-size: 14px;\"><span style=\"font-family: Roboto;\">Rusya Federasyonu vatanda\u015flar\u0131n\u0131n, T\u00fcrkiye de \u00e7al\u0131\u015fabilmesi i\u00e7in\u00a0<strong>\u00e7al\u0131\u015fma izinlerine<\/strong>\u00a0ihtiya\u00e7lar\u0131 bulunmaktad\u0131r. Bunun i\u00e7in de ba\u015fvuruyu Rusya\u2019daki T\u00fcrk temsilciliklerine yapmalar\u0131 gerekmektedir. Bu s\u00fcre\u00e7 i\u015flerken Rus vatanda\u015flar\u0131n T\u00fcrkiye de \u00e7al\u0131\u015facaklar\u0131 kurum yetkilileri de T\u00fcrkiye \u00c7al\u0131\u015fma ve Sosyal G\u00fcvenlik Bakanl\u0131\u011f\u0131na ilgili ki\u015fi i\u00e7in m\u00fcracaat etmeleri gerekmektedir.\u00a0<strong>\u00c7al\u0131\u015fma izin ba\u015fvurular\u0131<\/strong>, olumlu veya olumsuz sonu\u00e7lan\u0131r. <strong><a href=\"https:\/\/www.myvize.com.tr\/rusya\/vize-islemleri\/rusya-calisma-izni\/\" target=\"_blank\" rel=\"noreferrer noopener\"><span class=\"has-inline-color\" style=\"color: #2acec2;\">Rusya\u00a0\u00c7al\u0131\u015fma izni<\/span><\/a><\/strong>\u00a0ayn\u0131 zaman da\u00a0<strong>ikamet izni<\/strong>\u00a0yerine de ge\u00e7mektedir.<\/span><\/p>\r\n<p><span style=\"font-family: Roboto;\">\r\n\r\n<\/span><\/p>\r\n<p style=\"font-size: 14px;\"><span style=\"font-family: Roboto;\"><strong><a href=\"https:\/\/www.myvize.com.tr\/rusya\/vize-islemleri\/rusya-oturum-izni\/\" target=\"_blank\" rel=\"noreferrer noopener\"><span class=\"has-inline-color\" style=\"color: #2acec2;\">Rusya Oturum izni<\/span><\/a><\/strong>;<\/span><\/p>\r\n<p><span style=\"font-family: Roboto;\">\r\n\r\n<\/span><\/p>\r\n<p style=\"font-size: 14px;\"><span style=\"font-family: Roboto;\">T\u00fcrkiye\u2019de k\u0131sa s\u00fcreli, aile birle\u015fimi oturum izni, \u00f6\u011frenci oturum izni, uzun s\u00fcreli oturum izni, insani oturum izni ve insan ticareti ma\u011fduru oturum izni \u015feklinde bir\u00e7ok oturum izni bulunmaktad\u0131r. E\u011fer ki Rus vatanda\u015flar\u0131 90 g\u00fcnden fazla T\u00fcrkiye\u2019de kalacaklarsa mutlaka oturum izni almak zorundad\u0131r.\u00a0<strong>Oturum izni<\/strong>\u00a0i\u00e7in ba\u015fvuru Rusya\u2019daki T\u00fcrk temsilciliklerden ba\u015fvuru yap\u0131l\u0131r. Ancak Rus vatanda\u015flar\u0131 vize ile ya da vize muafiyeti ile T\u00fcrkiye\u2019ye geldilerse T\u00fcrkiye\u2019de bulunan valiliklerce ba\u015fvuru yap\u0131lmaya devam eder. Rusya vatanda\u015flar\u0131n\u0131n talep ettikleri oturum izni s\u00fcresi i\u00e7in 60 g\u00fcnden daha uzun ge\u00e7erlili\u011fi olan pasaportlar\u0131 da olmak zorundad\u0131r.\u00a0<strong>Oturum izinleri<\/strong>\u00a0ortalama 90 g\u00fcn i\u00e7erisinde sonu\u00e7lanmakta olup, ki\u015filerin kal\u0131\u015f ama\u00e7lar\u0131na g\u00f6re ayr\u0131 d\u00fczenlenmektedir. Oturum belgeleri, Rus vatanda\u015flar\u0131n T\u00fcrkiye\u2019deki ikamet adreslerine posta yoluyla g\u00f6nderilmektedir.<\/span><\/p>\r\n<p><span style=\"font-family: Roboto;\"><\/span><\/p>\r\n<p><span style=\"font-family: Roboto;\"><img decoding=\"async\" src=\"https:\/\/www.myvize.com.tr\/rusya\/wp-content\/uploads\/2021\/09\/90.jpg\" \/><\/span><\/p>\r\n<p><span style=\"font-family: Roboto;\"><\/span><\/p>\r\n<p style=\"font-size: 14px;\"><span style=\"font-family: Roboto;\"><strong><em>T\u00fcrkiye\u2019deki oturum iznini uzatma i\u00e7in ba\u015fvuru esnas\u0131nda istenen evraklar;<\/em><\/strong><\/span><\/p>\r\n<p><span style=\"font-family: Roboto;\">\r\n\r\n<\/span><\/p>\r\n<ul class=\"wp-block-list\" style=\"font-size: 14px;\">\r\n<li><span style=\"font-family: Roboto;\"><strong>Oturma izni<\/strong> ba\u015fvuru formu<\/span><\/li>\r\n<li><span style=\"font-family: Roboto;\">Pasaport ya da yerine ge\u00e7en belgenin asl\u0131 ve fotokopisi<\/span><\/li>\r\n<li><span style=\"font-family: Roboto;\">2 adet vesikal\u0131k foto\u011fraf<\/span><\/li>\r\n<li><span style=\"font-family: Roboto;\">Kalaca\u011f\u0131 s\u00fcrede maddi imk\u00e2na sahip oldu\u011funu g\u00f6sterir belge<\/span><\/li>\r\n<li><span style=\"font-family: Roboto;\">Ge\u00e7erli sa\u011fl\u0131k sigortas\u0131<\/span><\/li>\r\n<\/ul>\r\n<p><span style=\"font-family: Roboto;\">\r\n\r\n<\/span><\/p>\r\n<p style=\"font-size: 14px;\"><span style=\"font-family: Roboto;\">\u015eeklinde s\u0131ralanmaktad\u0131r.<\/span><\/p>\r\n<p><span style=\"font-family: Roboto;\"><\/span><\/p>","protected":false},"excerpt":{"rendered":"<p>Rusya Vatanda\u015flar\u0131 \u0130\u00e7in T\u00fcrkiye\u2019de Oturum ve \u00c7al\u0131\u015fma \u0130zni \u00a0T\u00fcrkiye\u2019deki yabanc\u0131lar\u0131n \u00e7al\u0131\u015fma izni hakk\u0131ndaki \u00e7\u0131kar\u0131lan 4817 say\u0131l\u0131 kanuna g\u00f6re, yabanc\u0131 \u00fclke vatanda\u015flar\u0131n\u0131n T\u00fcrkiye\u2019de bir kuruma ba\u011fl\u0131 olarak \u00e7al\u0131\u015fabilmesi i\u00e7in \u00f6ncelikle \u00e7al\u0131\u015fma izni almalar\u0131 gerekmektedir. T\u00fcrkiye\u2019ye \u00e7al\u0131\u015fma amac\u0131 ile gelen Rusya vatanda\u015flar\u0131, \u00e7al\u0131\u015fma izin ba\u015fvurular\u0131n\u0131 \u00c7al\u0131\u015fma ve Sosyal G\u00fcvenlik Bakanl\u0131\u011f\u0131 Yabanc\u0131lar\u0131n \u00c7al\u0131\u015fma \u0130zinleri Daire Bakanl\u0131\u011f\u0131\u2019na m\u00fcracaat ederek<\/p>\n","protected":false},"author":1,"featured_media":0,"parent":18,"menu_order":0,"comment_status":"open","ping_status":"closed","template":"","meta":{"footnotes":""},"class_list":["post-55","page","type-page","status-publish","hentry"],"yoast_head":"<!-- This site is optimized with the Yoast SEO plugin v24.0 - https:\/\/yoast.com\/wordpress\/plugins\/seo\/ -->\n<title>Rusya T\u00fcrkiye\u2019de Oturum ve \u00c7al\u0131\u015fma \u0130zni - MyVize<\/title>\n<meta name=\"description\" content=\"Rusya T\u00fcrkiye\u2019de Oturum ve \u00c7al\u0131\u015fma \u0130zni Ba\u015fvurusu i\u00e7in gerekli evraklar listesi i\u00e7in t\u0131kla! Vize Dan\u0131\u015fman\u0131m\u0131zdan Bilgi Almak \u0130\u00e7in Hemen Ara!\" \/>\n<meta name=\"robots\" content=\"index, follow, max-snippet:-1, max-image-preview:large, max-video-preview:-1\" \/>\n<link rel=\"canonical\" href=\"https:\/\/www.myvize.com.tr\/rusya\/vize-islemleri\/turkiyede-oturum-ve-calisma-izni\/\" \/>\n<meta property=\"og:locale\" content=\"tr_TR\" \/>\n<meta property=\"og:type\" content=\"article\" \/>\n<meta property=\"og:title\" content=\"Rusya T\u00fcrkiye\u2019de Oturum ve \u00c7al\u0131\u015fma \u0130zni - MyVize\" \/>\n<meta property=\"og:description\" content=\"Rusya T\u00fcrkiye\u2019de Oturum ve \u00c7al\u0131\u015fma \u0130zni Ba\u015fvurusu i\u00e7in gerekli evraklar listesi i\u00e7in t\u0131kla! Vize Dan\u0131\u015fman\u0131m\u0131zdan Bilgi Almak \u0130\u00e7in Hemen Ara!\" \/>\n<meta property=\"og:url\" content=\"https:\/\/www.myvize.com.tr\/rusya\/vize-islemleri\/turkiyede-oturum-ve-calisma-izni\/\" \/>\n<meta property=\"og:site_name\" content=\"Rusya Vize\" \/>\n<meta property=\"article:modified_time\" content=\"2022-07-23T08:51:57+00:00\" \/>\n<meta property=\"og:image\" content=\"https:\/\/www.myvize.com.tr\/rusya\/wp-content\/uploads\/2021\/09\/28.jpg\" \/>\n<meta name=\"twitter:card\" content=\"summary_large_image\" \/>\n<meta name=\"twitter:label1\" content=\"Tahmini okuma s\u00fcresi\" \/>\n\t<meta name=\"twitter:data1\" content=\"3 dakika\" \/>\n<script type=\"application\/ld+json\" class=\"yoast-schema-graph\">{\"@context\":\"https:\/\/schema.org\",\"@graph\":[{\"@type\":\"WebPage\",\"@id\":\"https:\/\/www.myvize.com.tr\/rusya\/vize-islemleri\/turkiyede-oturum-ve-calisma-izni\/\",\"url\":\"https:\/\/www.myvize.com.tr\/rusya\/vize-islemleri\/turkiyede-oturum-ve-calisma-izni\/\",\"name\":\"Rusya T\u00fcrkiye\u2019de Oturum ve \u00c7al\u0131\u015fma \u0130zni - MyVize\",\"isPartOf\":{\"@id\":\"https:\/\/www.myvize.com.tr\/rusya\/#website\"},\"primaryImageOfPage\":{\"@id\":\"https:\/\/www.myvize.com.tr\/rusya\/vize-islemleri\/turkiyede-oturum-ve-calisma-izni\/#primaryimage\"},\"image\":{\"@id\":\"https:\/\/www.myvize.com.tr\/rusya\/vize-islemleri\/turkiyede-oturum-ve-calisma-izni\/#primaryimage\"},\"thumbnailUrl\":\"https:\/\/www.myvize.com.tr\/rusya\/wp-content\/uploads\/2021\/09\/28.jpg\",\"datePublished\":\"2020-11-30T09:50:43+00:00\",\"dateModified\":\"2022-07-23T08:51:57+00:00\",\"description\":\"Rusya T\u00fcrkiye\u2019de Oturum ve \u00c7al\u0131\u015fma \u0130zni Ba\u015fvurusu i\u00e7in gerekli evraklar listesi i\u00e7in t\u0131kla! Vize Dan\u0131\u015fman\u0131m\u0131zdan Bilgi Almak \u0130\u00e7in Hemen Ara!\",\"breadcrumb\":{\"@id\":\"https:\/\/www.myvize.com.tr\/rusya\/vize-islemleri\/turkiyede-oturum-ve-calisma-izni\/#breadcrumb\"},\"inLanguage\":\"tr\",\"potentialAction\":[{\"@type\":\"ReadAction\",\"target\":[\"https:\/\/www.myvize.com.tr\/rusya\/vize-islemleri\/turkiyede-oturum-ve-calisma-izni\/\"]}]},{\"@type\":\"ImageObject\",\"inLanguage\":\"tr\",\"@id\":\"https:\/\/www.myvize.com.tr\/rusya\/vize-islemleri\/turkiyede-oturum-ve-calisma-izni\/#primaryimage\",\"url\":\"https:\/\/www.myvize.com.tr\/rusya\/wp-content\/uploads\/2021\/09\/28.jpg\",\"contentUrl\":\"https:\/\/www.myvize.com.tr\/rusya\/wp-content\/uploads\/2021\/09\/28.jpg\",\"width\":800,\"height\":500,\"caption\":\"Rusya\"},{\"@type\":\"BreadcrumbList\",\"@id\":\"https:\/\/www.myvize.com.tr\/rusya\/vize-islemleri\/turkiyede-oturum-ve-calisma-izni\/#breadcrumb\",\"itemListElement\":[{\"@type\":\"ListItem\",\"position\":1,\"name\":\"Anasayfa\",\"item\":\"https:\/\/www.myvize.com.tr\/rusya\/\"},{\"@type\":\"ListItem\",\"position\":2,\"name\":\"V\u0130ZE \u0130\u015eLEMLER\u0130\",\"item\":\"https:\/\/www.myvize.com.tr\/rusya\/vize-islemleri\/\"},{\"@type\":\"ListItem\",\"position\":3,\"name\":\"T\u00fcrkiye&#8217;de Oturum ve \u00c7al\u0131\u015fma \u0130zni\"}]},{\"@type\":\"WebSite\",\"@id\":\"https:\/\/www.myvize.com.tr\/rusya\/#website\",\"url\":\"https:\/\/www.myvize.com.tr\/rusya\/\",\"name\":\"Rusya Vize\",\"description\":\"\",\"potentialAction\":[{\"@type\":\"SearchAction\",\"target\":{\"@type\":\"EntryPoint\",\"urlTemplate\":\"https:\/\/www.myvize.com.tr\/rusya\/?s={search_term_string}\"},\"query-input\":{\"@type\":\"PropertyValueSpecification\",\"valueRequired\":true,\"valueName\":\"search_term_string\"}}],\"inLanguage\":\"tr\"}]}<\/script>\n<!-- \/ Yoast SEO plugin. -->","yoast_head_json":{"title":"Rusya T\u00fcrkiye\u2019de Oturum ve \u00c7al\u0131\u015fma \u0130zni - MyVize","description":"Rusya T\u00fcrkiye\u2019de Oturum ve \u00c7al\u0131\u015fma \u0130zni Ba\u015fvurusu i\u00e7in gerekli evraklar listesi i\u00e7in t\u0131kla! Vize Dan\u0131\u015fman\u0131m\u0131zdan Bilgi Almak \u0130\u00e7in Hemen Ara!","robots":{"index":"index","follow":"follow","max-snippet":"max-snippet:-1","max-image-preview":"max-image-preview:large","max-video-preview":"max-video-preview:-1"},"canonical":"https:\/\/www.myvize.com.tr\/rusya\/vize-islemleri\/turkiyede-oturum-ve-calisma-izni\/","og_locale":"tr_TR","og_type":"article","og_title":"Rusya T\u00fcrkiye\u2019de Oturum ve \u00c7al\u0131\u015fma \u0130zni - MyVize","og_description":"Rusya T\u00fcrkiye\u2019de Oturum ve \u00c7al\u0131\u015fma \u0130zni Ba\u015fvurusu i\u00e7in gerekli evraklar listesi i\u00e7in t\u0131kla! Vize Dan\u0131\u015fman\u0131m\u0131zdan Bilgi Almak \u0130\u00e7in Hemen Ara!","og_url":"https:\/\/www.myvize.com.tr\/rusya\/vize-islemleri\/turkiyede-oturum-ve-calisma-izni\/","og_site_name":"Rusya Vize","article_modified_time":"2022-07-23T08:51:57+00:00","og_image":[{"url":"https:\/\/www.myvize.com.tr\/rusya\/wp-content\/uploads\/2021\/09\/28.jpg","type":"","width":"","height":""}],"twitter_card":"summary_large_image","twitter_misc":{"Tahmini okuma s\u00fcresi":"3 dakika"},"schema":{"@context":"https:\/\/schema.org","@graph":[{"@type":"WebPage","@id":"https:\/\/www.myvize.com.tr\/rusya\/vize-islemleri\/turkiyede-oturum-ve-calisma-izni\/","url":"https:\/\/www.myvize.com.tr\/rusya\/vize-islemleri\/turkiyede-oturum-ve-calisma-izni\/","name":"Rusya T\u00fcrkiye\u2019de Oturum ve \u00c7al\u0131\u015fma \u0130zni - MyVize","isPartOf":{"@id":"https:\/\/www.myvize.com.tr\/rusya\/#website"},"primaryImageOfPage":{"@id":"https:\/\/www.myvize.com.tr\/rusya\/vize-islemleri\/turkiyede-oturum-ve-calisma-izni\/#primaryimage"},"image":{"@id":"https:\/\/www.myvize.com.tr\/rusya\/vize-islemleri\/turkiyede-oturum-ve-calisma-izni\/#primaryimage"},"thumbnailUrl":"https:\/\/www.myvize.com.tr\/rusya\/wp-content\/uploads\/2021\/09\/28.jpg","datePublished":"2020-11-30T09:50:43+00:00","dateModified":"2022-07-23T08:51:57+00:00","description":"Rusya T\u00fcrkiye\u2019de Oturum ve \u00c7al\u0131\u015fma \u0130zni Ba\u015fvurusu i\u00e7in gerekli evraklar listesi i\u00e7in t\u0131kla! Vize Dan\u0131\u015fman\u0131m\u0131zdan Bilgi Almak \u0130\u00e7in Hemen Ara!","breadcrumb":{"@id":"https:\/\/www.myvize.com.tr\/rusya\/vize-islemleri\/turkiyede-oturum-ve-calisma-izni\/#breadcrumb"},"inLanguage":"tr","potentialAction":[{"@type":"ReadAction","target":["https:\/\/www.myvize.com.tr\/rusya\/vize-islemleri\/turkiyede-oturum-ve-calisma-izni\/"]}]},{"@type":"ImageObject","inLanguage":"tr","@id":"https:\/\/www.myvize.com.tr\/rusya\/vize-islemleri\/turkiyede-oturum-ve-calisma-izni\/#primaryimage","url":"https:\/\/www.myvize.com.tr\/rusya\/wp-content\/uploads\/2021\/09\/28.jpg","contentUrl":"https:\/\/www.myvize.com.tr\/rusya\/wp-content\/uploads\/2021\/09\/28.jpg","width":800,"height":500,"caption":"Rusya"},{"@type":"BreadcrumbList","@id":"https:\/\/www.myvize.com.tr\/rusya\/vize-islemleri\/turkiyede-oturum-ve-calisma-izni\/#breadcrumb","itemListElement":[{"@type":"ListItem","position":1,"name":"Anasayfa","item":"https:\/\/www.myvize.com.tr\/rusya\/"},{"@type":"ListItem","position":2,"name":"V\u0130ZE \u0130\u015eLEMLER\u0130","item":"https:\/\/www.myvize.com.tr\/rusya\/vize-islemleri\/"},{"@type":"ListItem","position":3,"name":"T\u00fcrkiye&#8217;de Oturum ve \u00c7al\u0131\u015fma \u0130zni"}]},{"@type":"WebSite","@id":"https:\/\/www.myvize.com.tr\/rusya\/#website","url":"https:\/\/www.myvize.com.tr\/rusya\/","name":"Rusya Vize","description":"","potentialAction":[{"@type":"SearchAction","target":{"@type":"EntryPoint","urlTemplate":"https:\/\/www.myvize.com.tr\/rusya\/?s={search_term_string}"},"query-input":{"@type":"PropertyValueSpecification","valueRequired":true,"valueName":"search_term_string"}}],"inLanguage":"tr"}]}},"_links":{"self":[{"href":"https:\/\/www.myvize.com.tr\/rusya\/wp-json\/wp\/v2\/pages\/55","targetHints":{"allow":["GET"]}}],"collection":[{"href":"https:\/\/www.myvize.com.tr\/rusya\/wp-json\/wp\/v2\/pages"}],"about":[{"href":"https:\/\/www.myvize.com.tr\/rusya\/wp-json\/wp\/v2\/types\/page"}],"author":[{"embeddable":true,"href":"https:\/\/www.myvize.com.tr\/rusya\/wp-json\/wp\/v2\/users\/1"}],"replies":[{"embeddable":true,"href":"https:\/\/www.myvize.com.tr\/rusya\/wp-json\/wp\/v2\/comments?post=55"}],"version-history":[{"count":5,"href":"https:\/\/www.myvize.com.tr\/rusya\/wp-json\/wp\/v2\/pages\/55\/revisions"}],"predecessor-version":[{"id":1132,"href":"https:\/\/www.myvize.com.tr\/rusya\/wp-json\/wp\/v2\/pages\/55\/revisions\/1132"}],"up":[{"embeddable":true,"href":"https:\/\/www.myvize.com.tr\/rusya\/wp-json\/wp\/v2\/pages\/18"}],"wp:attachment":[{"href":"https:\/\/www.myvize.com.tr\/rusya\/wp-json\/wp\/v2\/media?parent=55"}],"curies":[{"name":"wp","href":"https:\/\/api.w.org\/{rel}","templated":true}]}}