{"id":6,"date":"2020-11-30T08:45:13","date_gmt":"2020-11-30T05:45:13","guid":{"rendered":"https:\/\/www.myvize.com.tr\/rusya\/?page_id=6"},"modified":"2022-10-26T16:48:18","modified_gmt":"2022-10-26T13:48:18","slug":"rusya-2","status":"publish","type":"page","link":"https:\/\/www.myvize.com.tr\/rusya\/","title":{"rendered":"RUSYA"},"content":{"rendered":"","protected":false},"excerpt":{"rendered":"","protected":false},"author":1,"featured_media":0,"parent":0,"menu_order":0,"comment_status":"closed","ping_status":"closed","template":"","meta":{"footnotes":""},"class_list":["post-6","page","type-page","status-publish","hentry"],"yoast_head":"<!-- This site is optimized with the Yoast SEO plugin v24.0 - https:\/\/yoast.com\/wordpress\/plugins\/seo\/ -->\n<title>Rusya Vize Ba\u015fvurusu &amp; Rusya Vize \u00dccreti - MyVize<\/title>\n<meta name=\"description\" content=\"Rusya vize ba\u015fvurusu nas\u0131l yap\u0131l\u0131r? Rusya&#039;ya vize ba\u015fvurusu yapmak i\u00e7in vize ba\u015fvuru \u00fccreti ne kadar? Vize ba\u015fvuru \u00fccreti nereye \u00f6denir?\" \/>\n<meta name=\"robots\" content=\"index, follow, max-snippet:-1, max-image-preview:large, max-video-preview:-1\" \/>\n<link rel=\"canonical\" href=\"https:\/\/www.myvize.com.tr\/rusya\/\" \/>\n<meta property=\"og:locale\" content=\"tr_TR\" \/>\n<meta property=\"og:type\" content=\"article\" \/>\n<meta property=\"og:title\" content=\"Rusya Vize Ba\u015fvurusu &amp; Rusya Vize \u00dccreti - MyVize\" \/>\n<meta property=\"og:description\" content=\"Rusya vize ba\u015fvurusu nas\u0131l yap\u0131l\u0131r? Rusya&#039;ya vize ba\u015fvurusu yapmak i\u00e7in vize ba\u015fvuru \u00fccreti ne kadar? Vize ba\u015fvuru \u00fccreti nereye \u00f6denir?\" \/>\n<meta property=\"og:url\" content=\"https:\/\/www.myvize.com.tr\/rusya\/\" \/>\n<meta property=\"og:site_name\" content=\"Rusya Vize\" \/>\n<meta property=\"article:modified_time\" content=\"2022-10-26T13:48:18+00:00\" \/>\n<meta name=\"twitter:card\" content=\"summary_large_image\" \/>\n<script type=\"application\/ld+json\" class=\"yoast-schema-graph\">{\"@context\":\"https:\/\/schema.org\",\"@graph\":[{\"@type\":\"WebPage\",\"@id\":\"https:\/\/www.myvize.com.tr\/rusya\/\",\"url\":\"https:\/\/www.myvize.com.tr\/rusya\/\",\"name\":\"Rusya Vize Ba\u015fvurusu & Rusya Vize \u00dccreti - MyVize\",\"isPartOf\":{\"@id\":\"https:\/\/www.myvize.com.tr\/rusya\/#website\"},\"datePublished\":\"2020-11-30T05:45:13+00:00\",\"dateModified\":\"2022-10-26T13:48:18+00:00\",\"description\":\"Rusya vize ba\u015fvurusu nas\u0131l yap\u0131l\u0131r? Rusya'ya vize ba\u015fvurusu yapmak i\u00e7in vize ba\u015fvuru \u00fccreti ne kadar? Vize ba\u015fvuru \u00fccreti nereye \u00f6denir?\",\"breadcrumb\":{\"@id\":\"https:\/\/www.myvize.com.tr\/rusya\/#breadcrumb\"},\"inLanguage\":\"tr\",\"potentialAction\":[{\"@type\":\"ReadAction\",\"target\":[\"https:\/\/www.myvize.com.tr\/rusya\/\"]}]},{\"@type\":\"BreadcrumbList\",\"@id\":\"https:\/\/www.myvize.com.tr\/rusya\/#breadcrumb\",\"itemListElement\":[{\"@type\":\"ListItem\",\"position\":1,\"name\":\"Anasayfa\",\"item\":\"https:\/\/www.myvize.com.tr\/rusya\/\"},{\"@type\":\"ListItem\",\"position\":2,\"name\":\"RUSYA\"}]},{\"@type\":\"WebSite\",\"@id\":\"https:\/\/www.myvize.com.tr\/rusya\/#website\",\"url\":\"https:\/\/www.myvize.com.tr\/rusya\/\",\"name\":\"Rusya Vize\",\"description\":\"\",\"potentialAction\":[{\"@type\":\"SearchAction\",\"target\":{\"@type\":\"EntryPoint\",\"urlTemplate\":\"https:\/\/www.myvize.com.tr\/rusya\/?s={search_term_string}\"},\"query-input\":{\"@type\":\"PropertyValueSpecification\",\"valueRequired\":true,\"valueName\":\"search_term_string\"}}],\"inLanguage\":\"tr\"}]}<\/script>\n<!-- \/ Yoast SEO plugin. -->","yoast_head_json":{"title":"Rusya Vize Ba\u015fvurusu & Rusya Vize \u00dccreti - MyVize","description":"Rusya vize ba\u015fvurusu nas\u0131l yap\u0131l\u0131r? Rusya'ya vize ba\u015fvurusu yapmak i\u00e7in vize ba\u015fvuru \u00fccreti ne kadar? Vize ba\u015fvuru \u00fccreti nereye \u00f6denir?","robots":{"index":"index","follow":"follow","max-snippet":"max-snippet:-1","max-image-preview":"max-image-preview:large","max-video-preview":"max-video-preview:-1"},"canonical":"https:\/\/www.myvize.com.tr\/rusya\/","og_locale":"tr_TR","og_type":"article","og_title":"Rusya Vize Ba\u015fvurusu & Rusya Vize \u00dccreti - MyVize","og_description":"Rusya vize ba\u015fvurusu nas\u0131l yap\u0131l\u0131r? Rusya'ya vize ba\u015fvurusu yapmak i\u00e7in vize ba\u015fvuru \u00fccreti ne kadar? Vize ba\u015fvuru \u00fccreti nereye \u00f6denir?","og_url":"https:\/\/www.myvize.com.tr\/rusya\/","og_site_name":"Rusya Vize","article_modified_time":"2022-10-26T13:48:18+00:00","twitter_card":"summary_large_image","schema":{"@context":"https:\/\/schema.org","@graph":[{"@type":"WebPage","@id":"https:\/\/www.myvize.com.tr\/rusya\/","url":"https:\/\/www.myvize.com.tr\/rusya\/","name":"Rusya Vize Ba\u015fvurusu & Rusya Vize \u00dccreti - MyVize","isPartOf":{"@id":"https:\/\/www.myvize.com.tr\/rusya\/#website"},"datePublished":"2020-11-30T05:45:13+00:00","dateModified":"2022-10-26T13:48:18+00:00","description":"Rusya vize ba\u015fvurusu nas\u0131l yap\u0131l\u0131r? Rusya'ya vize ba\u015fvurusu yapmak i\u00e7in vize ba\u015fvuru \u00fccreti ne kadar? Vize ba\u015fvuru \u00fccreti nereye \u00f6denir?","breadcrumb":{"@id":"https:\/\/www.myvize.com.tr\/rusya\/#breadcrumb"},"inLanguage":"tr","potentialAction":[{"@type":"ReadAction","target":["https:\/\/www.myvize.com.tr\/rusya\/"]}]},{"@type":"BreadcrumbList","@id":"https:\/\/www.myvize.com.tr\/rusya\/#breadcrumb","itemListElement":[{"@type":"ListItem","position":1,"name":"Anasayfa","item":"https:\/\/www.myvize.com.tr\/rusya\/"},{"@type":"ListItem","position":2,"name":"RUSYA"}]},{"@type":"WebSite","@id":"https:\/\/www.myvize.com.tr\/rusya\/#website","url":"https:\/\/www.myvize.com.tr\/rusya\/","name":"Rusya Vize","description":"","potentialAction":[{"@type":"SearchAction","target":{"@type":"EntryPoint","urlTemplate":"https:\/\/www.myvize.com.tr\/rusya\/?s={search_term_string}"},"query-input":{"@type":"PropertyValueSpecification","valueRequired":true,"valueName":"search_term_string"}}],"inLanguage":"tr"}]}},"_links":{"self":[{"href":"https:\/\/www.myvize.com.tr\/rusya\/wp-json\/wp\/v2\/pages\/6","targetHints":{"allow":["GET"]}}],"collection":[{"href":"https:\/\/www.myvize.com.tr\/rusya\/wp-json\/wp\/v2\/pages"}],"about":[{"href":"https:\/\/www.myvize.com.tr\/rusya\/wp-json\/wp\/v2\/types\/page"}],"author":[{"embeddable":true,"href":"https:\/\/www.myvize.com.tr\/rusya\/wp-json\/wp\/v2\/users\/1"}],"replies":[{"embeddable":true,"href":"https:\/\/www.myvize.com.tr\/rusya\/wp-json\/wp\/v2\/comments?post=6"}],"version-history":[{"count":6,"href":"https:\/\/www.myvize.com.tr\/rusya\/wp-json\/wp\/v2\/pages\/6\/revisions"}],"predecessor-version":[{"id":1166,"href":"https:\/\/www.myvize.com.tr\/rusya\/wp-json\/wp\/v2\/pages\/6\/revisions\/1166"}],"wp:attachment":[{"href":"https:\/\/www.myvize.com.tr\/rusya\/wp-json\/wp\/v2\/media?parent=6"}],"curies":[{"name":"wp","href":"https:\/\/api.w.org\/{rel}","templated":true}]}}