{"id":72,"date":"2020-11-30T12:59:09","date_gmt":"2020-11-30T09:59:09","guid":{"rendered":"https:\/\/www.myvize.com.tr\/rusya\/?page_id=72"},"modified":"2022-08-05T12:54:13","modified_gmt":"2022-08-05T09:54:13","slug":"ankara-buyukelciligi","status":"publish","type":"page","link":"https:\/\/www.myvize.com.tr\/rusya\/konsolosluklar\/ankara-buyukelciligi\/","title":{"rendered":"Rusya Ankara B\u00fcy\u00fckel\u00e7ili\u011fi"},"content":{"rendered":"<p><span style=\"font-family: Roboto;\"><\/span><\/p>\r\n<h2><strong><span style=\"font-size: 27px; font-family: Roboto;\">Rusya Ankara B\u00fcy\u00fckel\u00e7ili\u011fi Hakk\u0131nda<\/span><\/strong><\/h2>\r\n<p><span style=\"font-family: Roboto; font-size: 14px;\">Rusya Ankara Konsoloslu\u011fu, Rus vatanda\u015flar\u0131n\u0131n bir\u00e7ok resmi i\u015flemlerinin yap\u0131lmas\u0131nda etkilidir. Bununla birlikte\u00a0<a><strong>Rusya konsoloslu\u011fu vize<\/strong><\/a>i\u015flemlerinin ba\u015flamas\u0131nda gerekli bir ba\u015fvuru merkezidir. Rus vatanda\u015flar\u0131n\u0131n yan\u0131 s\u0131ra T\u00fcrk vatanda\u015flar\u0131 da Rusya\u2019ya gidebilmek ad\u0131na konsoloslu\u011fa m\u00fcracaat etmesi gerekir. Bilindi\u011fi \u00fczere vize t\u00fcrlerine g\u00f6re vizenin onay almas\u0131 uzun s\u00fcrebilmektedir. Bu s\u00fcre zarf\u0131nda temin edilen evraklar konsoloslu\u011fa teslim edilmelidir. Elbette ki vize i\u015flemlerinin yan\u0131 s\u0131ra T\u00fcrkiye\u2019de ya\u015fayan Rus as\u0131ll\u0131 vatanda\u015flar\u0131n gerek hukuki gerek sosyal her t\u00fcrl\u00fc hakk\u0131n\u0131n korunmas\u0131 konsoloslu\u011fun g\u00f6revlerindendir. Rus vatanda\u015flar\u0131n resmi evrak \u00e7\u0131karabilmesi konsoloslu\u011fun ba\u015f g\u00f6revleri aras\u0131nda yer almaktad\u0131r. Do\u011fum belgesi, \u00f6l\u00fcm bildirimi, evlilik ve bo\u015fanmalarda konsoloslu\u011fun haz\u0131rlayaca\u011f\u0131 belge Rusya ve T\u00fcrkiye olmak \u00fczere her iki \u00fclkede de resmi olarak kay\u0131tlara ge\u00e7mektedir.<\/span><\/p>\r\n<p><span style=\"font-family: Roboto; font-size: 14px;\">\r\n\r\n<\/span><\/p>\r\n<p><span style=\"font-family: Roboto; font-size: 14px;\">Akl\u0131n\u0131za tak\u0131lan her sorunuzun \u00e7\u00f6z\u00fclebilmesini a\u00e7\u0131s\u0131ndan\u00a0<strong>Rusya konsoloslu\u011fu telefon numaras\u0131\u00a0<\/strong>ile ileti\u015fime ge\u00e7ebilirsiniz. Konsolosluk numaralar\u0131 (0312) 440 94 85 ve (0312) 439 21 83 hatlar\u0131ndan olu\u015fmaktad\u0131r. Resmi g\u00f6r\u00fc\u015fmeleriniz i\u00e7in a\u00e7\u0131k\u00a0<strong>Rusya konsoloslu\u011fu adresi\u00a0<\/strong>Aziziye Andrey Karlov Soka\u011f\u0131 No:5 06690 \u00c7ankaya\/Ankara \u015feklindedir.\u00a0 Posta yolu ile evraklar\u0131n\u0131z\u0131 bu adres arac\u0131l\u0131\u011f\u0131 ile ger\u00e7ekle\u015ftirebilirsiniz.<\/span><\/p>\r\n<p><span style=\"font-family: Roboto; font-size: 14px;\"><\/span><\/p>\r\n<p><span style=\"font-family: Roboto; font-size: 14px;\"><img decoding=\"async\" src=\"https:\/\/www.myvize.com.tr\/rusya\/wp-content\/uploads\/2021\/09\/44.jpg\" \/><\/span><\/p>","protected":false},"excerpt":{"rendered":"<p>Rusya Ankara B\u00fcy\u00fckel\u00e7ili\u011fi Hakk\u0131nda Rusya Ankara Konsoloslu\u011fu, Rus vatanda\u015flar\u0131n\u0131n bir\u00e7ok resmi i\u015flemlerinin yap\u0131lmas\u0131nda etkilidir. Bununla birlikte\u00a0Rusya konsoloslu\u011fu vizei\u015flemlerinin ba\u015flamas\u0131nda gerekli bir ba\u015fvuru merkezidir. Rus vatanda\u015flar\u0131n\u0131n yan\u0131 s\u0131ra T\u00fcrk vatanda\u015flar\u0131 da Rusya\u2019ya gidebilmek ad\u0131na konsoloslu\u011fa m\u00fcracaat etmesi gerekir. Bilindi\u011fi \u00fczere vize t\u00fcrlerine g\u00f6re vizenin onay almas\u0131 uzun s\u00fcrebilmektedir. Bu s\u00fcre zarf\u0131nda temin edilen evraklar konsoloslu\u011fa teslim<\/p>\n","protected":false},"author":1,"featured_media":0,"parent":69,"menu_order":0,"comment_status":"open","ping_status":"closed","template":"","meta":{"footnotes":""},"class_list":["post-72","page","type-page","status-publish","hentry"],"yoast_head":"<!-- This site is optimized with the Yoast SEO plugin v24.0 - https:\/\/yoast.com\/wordpress\/plugins\/seo\/ -->\n<title>Rusya Ankara B\u00fcy\u00fckel\u00e7ili\u011fi Vize \u0130\u015flemleri - MyVize<\/title>\n<meta name=\"description\" content=\"Rusya Ankara B\u00fcy\u00fckel\u00e7ili\u011fi Vize \u0130\u015flemleri Nelerdir? Rusya Ankara B\u00fcy\u00fckel\u00e7ili\u011fi Nerededir? Bilgi \u0130\u00e7in Hemen Aray\u0131n: 0850 346 84 93\" \/>\n<meta name=\"robots\" content=\"index, follow, max-snippet:-1, max-image-preview:large, max-video-preview:-1\" \/>\n<link rel=\"canonical\" href=\"https:\/\/www.myvize.com.tr\/rusya\/konsolosluklar\/ankara-buyukelciligi\/\" \/>\n<meta property=\"og:locale\" content=\"tr_TR\" \/>\n<meta property=\"og:type\" content=\"article\" \/>\n<meta property=\"og:title\" content=\"Rusya Ankara B\u00fcy\u00fckel\u00e7ili\u011fi Vize \u0130\u015flemleri - MyVize\" \/>\n<meta property=\"og:description\" content=\"Rusya Ankara B\u00fcy\u00fckel\u00e7ili\u011fi Vize \u0130\u015flemleri Nelerdir? Rusya Ankara B\u00fcy\u00fckel\u00e7ili\u011fi Nerededir? Bilgi \u0130\u00e7in Hemen Aray\u0131n: 0850 346 84 93\" \/>\n<meta property=\"og:url\" content=\"https:\/\/www.myvize.com.tr\/rusya\/konsolosluklar\/ankara-buyukelciligi\/\" \/>\n<meta property=\"og:site_name\" content=\"Rusya Vize\" \/>\n<meta property=\"article:modified_time\" content=\"2022-08-05T09:54:13+00:00\" \/>\n<meta property=\"og:image\" content=\"https:\/\/www.myvize.com.tr\/rusya\/wp-content\/uploads\/2021\/09\/44.jpg\" \/>\n<meta name=\"twitter:card\" content=\"summary_large_image\" \/>\n<meta name=\"twitter:label1\" content=\"Tahmini okuma s\u00fcresi\" \/>\n\t<meta name=\"twitter:data1\" content=\"1 dakika\" \/>\n<script type=\"application\/ld+json\" class=\"yoast-schema-graph\">{\"@context\":\"https:\/\/schema.org\",\"@graph\":[{\"@type\":\"WebPage\",\"@id\":\"https:\/\/www.myvize.com.tr\/rusya\/konsolosluklar\/ankara-buyukelciligi\/\",\"url\":\"https:\/\/www.myvize.com.tr\/rusya\/konsolosluklar\/ankara-buyukelciligi\/\",\"name\":\"Rusya Ankara B\u00fcy\u00fckel\u00e7ili\u011fi Vize \u0130\u015flemleri - MyVize\",\"isPartOf\":{\"@id\":\"https:\/\/www.myvize.com.tr\/rusya\/#website\"},\"primaryImageOfPage\":{\"@id\":\"https:\/\/www.myvize.com.tr\/rusya\/konsolosluklar\/ankara-buyukelciligi\/#primaryimage\"},\"image\":{\"@id\":\"https:\/\/www.myvize.com.tr\/rusya\/konsolosluklar\/ankara-buyukelciligi\/#primaryimage\"},\"thumbnailUrl\":\"https:\/\/www.myvize.com.tr\/rusya\/wp-content\/uploads\/2021\/09\/44.jpg\",\"datePublished\":\"2020-11-30T09:59:09+00:00\",\"dateModified\":\"2022-08-05T09:54:13+00:00\",\"description\":\"Rusya Ankara B\u00fcy\u00fckel\u00e7ili\u011fi Vize \u0130\u015flemleri Nelerdir? Rusya Ankara B\u00fcy\u00fckel\u00e7ili\u011fi Nerededir? Bilgi \u0130\u00e7in Hemen Aray\u0131n: 0850 346 84 93\",\"breadcrumb\":{\"@id\":\"https:\/\/www.myvize.com.tr\/rusya\/konsolosluklar\/ankara-buyukelciligi\/#breadcrumb\"},\"inLanguage\":\"tr\",\"potentialAction\":[{\"@type\":\"ReadAction\",\"target\":[\"https:\/\/www.myvize.com.tr\/rusya\/konsolosluklar\/ankara-buyukelciligi\/\"]}]},{\"@type\":\"ImageObject\",\"inLanguage\":\"tr\",\"@id\":\"https:\/\/www.myvize.com.tr\/rusya\/konsolosluklar\/ankara-buyukelciligi\/#primaryimage\",\"url\":\"https:\/\/www.myvize.com.tr\/rusya\/wp-content\/uploads\/2021\/09\/44.jpg\",\"contentUrl\":\"https:\/\/www.myvize.com.tr\/rusya\/wp-content\/uploads\/2021\/09\/44.jpg\",\"width\":800,\"height\":500,\"caption\":\"Rusya\"},{\"@type\":\"BreadcrumbList\",\"@id\":\"https:\/\/www.myvize.com.tr\/rusya\/konsolosluklar\/ankara-buyukelciligi\/#breadcrumb\",\"itemListElement\":[{\"@type\":\"ListItem\",\"position\":1,\"name\":\"Anasayfa\",\"item\":\"https:\/\/www.myvize.com.tr\/rusya\/\"},{\"@type\":\"ListItem\",\"position\":2,\"name\":\"KONSOLOSLUKLAR\",\"item\":\"https:\/\/www.myvize.com.tr\/rusya\/konsolosluklar\/\"},{\"@type\":\"ListItem\",\"position\":3,\"name\":\"Rusya Ankara B\u00fcy\u00fckel\u00e7ili\u011fi\"}]},{\"@type\":\"WebSite\",\"@id\":\"https:\/\/www.myvize.com.tr\/rusya\/#website\",\"url\":\"https:\/\/www.myvize.com.tr\/rusya\/\",\"name\":\"Rusya Vize\",\"description\":\"\",\"potentialAction\":[{\"@type\":\"SearchAction\",\"target\":{\"@type\":\"EntryPoint\",\"urlTemplate\":\"https:\/\/www.myvize.com.tr\/rusya\/?s={search_term_string}\"},\"query-input\":{\"@type\":\"PropertyValueSpecification\",\"valueRequired\":true,\"valueName\":\"search_term_string\"}}],\"inLanguage\":\"tr\"}]}<\/script>\n<!-- \/ Yoast SEO plugin. -->","yoast_head_json":{"title":"Rusya Ankara B\u00fcy\u00fckel\u00e7ili\u011fi Vize \u0130\u015flemleri - MyVize","description":"Rusya Ankara B\u00fcy\u00fckel\u00e7ili\u011fi Vize \u0130\u015flemleri Nelerdir? Rusya Ankara B\u00fcy\u00fckel\u00e7ili\u011fi Nerededir? Bilgi \u0130\u00e7in Hemen Aray\u0131n: 0850 346 84 93","robots":{"index":"index","follow":"follow","max-snippet":"max-snippet:-1","max-image-preview":"max-image-preview:large","max-video-preview":"max-video-preview:-1"},"canonical":"https:\/\/www.myvize.com.tr\/rusya\/konsolosluklar\/ankara-buyukelciligi\/","og_locale":"tr_TR","og_type":"article","og_title":"Rusya Ankara B\u00fcy\u00fckel\u00e7ili\u011fi Vize \u0130\u015flemleri - MyVize","og_description":"Rusya Ankara B\u00fcy\u00fckel\u00e7ili\u011fi Vize \u0130\u015flemleri Nelerdir? Rusya Ankara B\u00fcy\u00fckel\u00e7ili\u011fi Nerededir? Bilgi \u0130\u00e7in Hemen Aray\u0131n: 0850 346 84 93","og_url":"https:\/\/www.myvize.com.tr\/rusya\/konsolosluklar\/ankara-buyukelciligi\/","og_site_name":"Rusya Vize","article_modified_time":"2022-08-05T09:54:13+00:00","og_image":[{"url":"https:\/\/www.myvize.com.tr\/rusya\/wp-content\/uploads\/2021\/09\/44.jpg","type":"","width":"","height":""}],"twitter_card":"summary_large_image","twitter_misc":{"Tahmini okuma s\u00fcresi":"1 dakika"},"schema":{"@context":"https:\/\/schema.org","@graph":[{"@type":"WebPage","@id":"https:\/\/www.myvize.com.tr\/rusya\/konsolosluklar\/ankara-buyukelciligi\/","url":"https:\/\/www.myvize.com.tr\/rusya\/konsolosluklar\/ankara-buyukelciligi\/","name":"Rusya Ankara B\u00fcy\u00fckel\u00e7ili\u011fi Vize \u0130\u015flemleri - MyVize","isPartOf":{"@id":"https:\/\/www.myvize.com.tr\/rusya\/#website"},"primaryImageOfPage":{"@id":"https:\/\/www.myvize.com.tr\/rusya\/konsolosluklar\/ankara-buyukelciligi\/#primaryimage"},"image":{"@id":"https:\/\/www.myvize.com.tr\/rusya\/konsolosluklar\/ankara-buyukelciligi\/#primaryimage"},"thumbnailUrl":"https:\/\/www.myvize.com.tr\/rusya\/wp-content\/uploads\/2021\/09\/44.jpg","datePublished":"2020-11-30T09:59:09+00:00","dateModified":"2022-08-05T09:54:13+00:00","description":"Rusya Ankara B\u00fcy\u00fckel\u00e7ili\u011fi Vize \u0130\u015flemleri Nelerdir? Rusya Ankara B\u00fcy\u00fckel\u00e7ili\u011fi Nerededir? Bilgi \u0130\u00e7in Hemen Aray\u0131n: 0850 346 84 93","breadcrumb":{"@id":"https:\/\/www.myvize.com.tr\/rusya\/konsolosluklar\/ankara-buyukelciligi\/#breadcrumb"},"inLanguage":"tr","potentialAction":[{"@type":"ReadAction","target":["https:\/\/www.myvize.com.tr\/rusya\/konsolosluklar\/ankara-buyukelciligi\/"]}]},{"@type":"ImageObject","inLanguage":"tr","@id":"https:\/\/www.myvize.com.tr\/rusya\/konsolosluklar\/ankara-buyukelciligi\/#primaryimage","url":"https:\/\/www.myvize.com.tr\/rusya\/wp-content\/uploads\/2021\/09\/44.jpg","contentUrl":"https:\/\/www.myvize.com.tr\/rusya\/wp-content\/uploads\/2021\/09\/44.jpg","width":800,"height":500,"caption":"Rusya"},{"@type":"BreadcrumbList","@id":"https:\/\/www.myvize.com.tr\/rusya\/konsolosluklar\/ankara-buyukelciligi\/#breadcrumb","itemListElement":[{"@type":"ListItem","position":1,"name":"Anasayfa","item":"https:\/\/www.myvize.com.tr\/rusya\/"},{"@type":"ListItem","position":2,"name":"KONSOLOSLUKLAR","item":"https:\/\/www.myvize.com.tr\/rusya\/konsolosluklar\/"},{"@type":"ListItem","position":3,"name":"Rusya Ankara B\u00fcy\u00fckel\u00e7ili\u011fi"}]},{"@type":"WebSite","@id":"https:\/\/www.myvize.com.tr\/rusya\/#website","url":"https:\/\/www.myvize.com.tr\/rusya\/","name":"Rusya Vize","description":"","potentialAction":[{"@type":"SearchAction","target":{"@type":"EntryPoint","urlTemplate":"https:\/\/www.myvize.com.tr\/rusya\/?s={search_term_string}"},"query-input":{"@type":"PropertyValueSpecification","valueRequired":true,"valueName":"search_term_string"}}],"inLanguage":"tr"}]}},"_links":{"self":[{"href":"https:\/\/www.myvize.com.tr\/rusya\/wp-json\/wp\/v2\/pages\/72","targetHints":{"allow":["GET"]}}],"collection":[{"href":"https:\/\/www.myvize.com.tr\/rusya\/wp-json\/wp\/v2\/pages"}],"about":[{"href":"https:\/\/www.myvize.com.tr\/rusya\/wp-json\/wp\/v2\/types\/page"}],"author":[{"embeddable":true,"href":"https:\/\/www.myvize.com.tr\/rusya\/wp-json\/wp\/v2\/users\/1"}],"replies":[{"embeddable":true,"href":"https:\/\/www.myvize.com.tr\/rusya\/wp-json\/wp\/v2\/comments?post=72"}],"version-history":[{"count":5,"href":"https:\/\/www.myvize.com.tr\/rusya\/wp-json\/wp\/v2\/pages\/72\/revisions"}],"predecessor-version":[{"id":1139,"href":"https:\/\/www.myvize.com.tr\/rusya\/wp-json\/wp\/v2\/pages\/72\/revisions\/1139"}],"up":[{"embeddable":true,"href":"https:\/\/www.myvize.com.tr\/rusya\/wp-json\/wp\/v2\/pages\/69"}],"wp:attachment":[{"href":"https:\/\/www.myvize.com.tr\/rusya\/wp-json\/wp\/v2\/media?parent=72"}],"curies":[{"name":"wp","href":"https:\/\/api.w.org\/{rel}","templated":true}]}}