{"id":74,"date":"2020-11-30T13:02:26","date_gmt":"2020-11-30T10:02:26","guid":{"rendered":"https:\/\/www.myvize.com.tr\/rusya\/?page_id=74"},"modified":"2022-09-30T13:34:28","modified_gmt":"2022-09-30T10:34:28","slug":"antalya-konsoloslugu","status":"publish","type":"page","link":"https:\/\/www.myvize.com.tr\/rusya\/konsolosluklar\/antalya-konsoloslugu\/","title":{"rendered":"Rusya Antalya Konsoloslu\u011fu"},"content":{"rendered":"<p><span style=\"font-family: Roboto;\"><\/span><\/p>\r\n<h2><strong><span style=\"font-family: Roboto; font-size: 27px;\">Rusya Antalya Konsoloslu\u011fu Hakk\u0131nda<\/span><\/strong><\/h2>\r\n<p style=\"font-size: 14px;\"><span style=\"font-family: Roboto; font-size: 14px;\"><strong><a href=\"https:\/\/www.myvize.com.tr\/rusya\/subelerimiz\/antalya\/\" target=\"_blank\" rel=\"noreferrer noopener\"><span class=\"has-inline-color\" style=\"color: #2acec2;\">Antalya<\/span>,<\/a><\/strong> Alanya, Belek, Bodrum, Kemer, Mu\u011fla ve Marmaris il ve il\u00e7elerinde ikamet eden T\u00fcrkiye Cumhuriyeti vatanda\u015flar\u0131 ve T\u00fcrkiye\u2019de bulunan ve oturum iznine sahip 3. \u00dclke vatanda\u015flar\u0131 Rusya\u2019ya ait konsolosluk i\u015flemlerini\u00a0<strong>Rusya Antalya Ba\u015fkonsoloslu\u011fundan\u00a0<\/strong>yapabilirler. B\u00f6ylece bu b\u00f6lgede ikamet eden vatanda\u015flar\u0131n <strong><span class=\"has-inline-color\">\u0130stanbul <\/span><\/strong>ya da Ankara gibi daha b\u00fcy\u00fck \u015fehirlere giderek hem zaman hem de ekonomik anlamda kay\u0131p ya\u015famalar\u0131na izin vermeyerek b\u00fct\u00fcn konsolosluk i\u015flemleri\u00a0<strong>Rusya Antalya Ba\u015fkonsoloslu\u011funca\u00a0<\/strong>da kolayca yap\u0131labilmektedir. Burada da vize takribi olarak 4 ile 10 g\u00fcn i\u00e7erisinde sonu\u00e7lanmaktad\u0131r. Ayr\u0131ca herhangi bir acil durum s\u00f6z konusu var ise, ki\u015finin Rusya konsoloslu\u011funa beyan etmesi hainde 3 i\u015f g\u00fcn\u00fc veya daha k\u0131sa s\u00fcrede de sonu\u00e7lanmaktad\u0131r. <strong><a href=\"https:\/\/www.myvize.com.tr\/rusya\/rusya-vize-ucreti\/\" target=\"_blank\" rel=\"noreferrer noopener\"><span class=\"has-inline-color\" style=\"color: #2acec2;\">Rusya Vize \u00fccreti<\/span><\/a><\/strong> ya da formlar\u0131nda herhangi bir de\u011fi\u015fiklik olmamakta olup, e\u011fer ki gerek g\u00f6r\u00fcl\u00fcrse yine\u00a0<strong>Rusya Antalya ba\u015fkonsoloslu\u011fu\u00a0<\/strong>taraf\u0131ndan ek belge talep edilebilir ya da m\u00fclakata \u00e7a\u011fr\u0131lma durumu s\u00f6z konusu olabilmektedir.<\/span><\/p>\r\n<p><span style=\"font-family: Roboto; font-size: 14px;\">\r\n\r\n<\/span><\/p>\r\n<p style=\"font-size: 14px;\"><span style=\"font-family: Roboto; font-size: 14px;\">Hafta i\u00e7i her g\u00fcn saat: 09.00 -18.00 aras\u0131nda hizmet vermekte olup 09.00-12.30 saatleri aras\u0131nda da Rusya vize ba\u015fvurular\u0131n\u0131 kabul etmektedirler.<\/span><\/p>\r\n<p><span style=\"font-family: Roboto; font-size: 14px;\">\r\n\r\n<\/span><\/p>\r\n<p style=\"font-size: 14px;\"><span style=\"font-family: Roboto; font-size: 14px;\"><strong>Rusya Antalya Ba\u015fkonsoloslu\u011fu\u00a0<\/strong>Park son. No: 30,07100 Yenikap\u0131, Antalya adresinde bulunmaktad\u0131r.<\/span><\/p>\r\n<p><span style=\"font-family: Roboto; font-size: 14px;\">\r\n\r\n<\/span><\/p>\r\n<p style=\"font-size: 14px;\"><span style=\"font-family: Roboto; font-size: 14px;\"><strong>Rusya Antalya ba\u015fkonsoloslu\u011fu\u00a0<\/strong>Rusya Federasyonunca tebli\u011f edilen yeni y\u0131l ve Ortodoks noeli, Rusya zafer bayram\u0131, Friday D\u00fcnya kad\u0131nlar g\u00fcn\u00fc, Emek ve dayan\u0131\u015fma g\u00fcn\u00fc, Rusya zafer g\u00fcn\u00fc, Rusya ulusal g\u00fcn\u00fc, Rusya birlik g\u00fcn\u00fc, yeni y\u0131l tatili ve T\u00fcrkiye Cumhuriyeti dini ve milli bayram g\u00fcnlerinde hizmet vermemektedir.<\/span><\/p>\r\n<p><span style=\"font-family: Roboto; font-size: 14px;\"><\/span><\/p>\r\n<p><span style=\"font-family: Roboto; font-size: 14px;\"><img decoding=\"async\" src=\"https:\/\/www.myvize.com.tr\/rusya\/wp-content\/uploads\/2021\/09\/45.jpg\" \/><\/span><\/p>\r\n<h2><strong><span style=\"font-family: Roboto; font-size: 27px;\">Rusya Antalya Konsolosu Kimdir?<\/span><\/strong><\/h2>\r\n<p><span style=\"font-family: Roboto; font-size: 14px;\">Rusya\u2019n\u0131n T\u00fcrkiye\u2019de bulunan temsilcilerinden birisi Rusya Antalya Fahri Konsolosu\u2019dur. Rusya Antalya Fahri Konsolosu\u2019nun kim oldu\u011funu merak eden ki\u015filer bulunmaktad\u0131r. Bu yaz\u0131 da Rusya\u2019n\u0131n Antalya Fahri Konsolosu\u2019nun kim oldu\u011fu merak eden ki\u015fi i\u00e7in \u00a0cevap verilmi\u015ftir. Rusya\u2019n\u0131n Antalya Fahri Konsolosu\u2019nun kim oldu\u011funa dair bilgi bulunmamaktad\u0131r. Ancak Rusya Antalya Fahri Konsolos\u2019nun <strong>Rusya vatanda\u015f<\/strong>\u0131 olmas\u0131 zorunlulu\u011fu bulunmamaktad\u0131r. Bu nedenle <strong>Rusya Antalya Fahri Konsolosu<\/strong> T\u00fcrk olabilmektedir. Rusya Antalya Fahri Konsolosu\u2019nun as\u0131l amac\u0131 b\u00f6lgede ki ticari i\u015fbirliklerini artt\u0131rmak ve Rusya yarar\u0131na yeni yat\u0131r\u0131m alan\u0131 ortaya \u00e7\u0131karmaktad\u0131r. B\u00f6lgedeki Rusya ticareti geli\u015ftirmeyi ama\u00e7lamaktad\u0131r. Rusya Antalya Fahri Konsolosu, Antalya Ankara B\u00fcy\u00fckel\u00e7ili\u011fi\u2019ne ba\u011fl\u0131 olarak \u00e7al\u0131\u015fmakta. Rusya Antalya Fahri Konsolosu\u2019nun diplomat yetkisi bulunmamakla birlikte gerekli g\u00f6r\u00fcld\u00fc\u011f\u00fcne konsolosluk himayesi sa\u011flamakta. Rusya vatanda\u015f\u0131na e\u011fitim, sa\u011fl\u0131k, hukuk gibi alanda destek sa\u011flamaktad\u0131r. Rusya Ankara B\u00fcy\u00fckel\u00e7isinin verdi\u011fi g\u00f6revi yerine getirmektedir.<\/span><\/p>\r\n<h2><strong><span style=\"font-family: Roboto; font-size: 27px;\">Rusya Antalya Konsoloslu\u011fu Vize \u0130\u015flemleri<\/span><\/strong><\/h2>\r\n<p><span style=\"font-family: Roboto; font-size: 14px;\"><strong>Rusya\u2019ya seyahat etmek<\/strong> isteyen ve Antalya \u00e7evresinde ikamet eden ki\u015filer, Rusya\u2019n\u0131n Antalya Fahri Konsoloslu\u011fu\u2019na vize ba\u015fvurusunda bulunabilir. Rusya Antalya Fahri Konsoloslu\u011fu\u2019na vize ba\u015fvurusu yapacak olan ki\u015filer, Rusya Antalya Konsoloslu\u011fu vize i\u015flemlerini merak etmektedir. \u00a0Rusya Antalya Fahri Konsoloslu\u011fu vize i\u015flemleri i\u00e7in \u00f6ncelikle seyahat amac\u0131na uygun olan <strong>Rusya vize t\u00fcr\u00fc<\/strong> se\u00e7melisiniz. Rusya Antalya Fahri Konsoloslu\u011fu vize i\u015flemi i\u00e7in vize t\u00fcr\u00fc belirlendikten sonra Rusya vize ba\u015fvuru formu doldurmal\u0131s\u0131n\u0131z. Rusya vize ba\u015fvuru formu dolduruldukdan sonra Rusya Antalya Fahri Konsoloslu\u011fu vize i\u015flemi i\u00e7in randevu almak gerekmektedir.<\/span><br \/><span style=\"font-family: Roboto; font-size: 14px;\"><span style=\"color: #2acec2;\"><strong><a style=\"color: #2acec2;\" href=\"https:\/\/www.myvize.com.tr\/rusya\/vize-islemleri\/rusya-vize-randevusu\/\" target=\"_blank\" rel=\"noopener\">Rusya vize randevusu<\/a><\/strong><\/span> al\u0131nd\u0131ktan sonra randevu tarihlerine kadar gerekli olan vize evrak\u0131n\u0131n haz\u0131rlanmas\u0131 gerekmektedir. Haz\u0131rlanan evrak Rusya Antalya Fahri Konsoloslu\u011fu\u2019na vize i\u015flemleri randevu tarihinde teslim edilmelidir. Rusya Antalya Fahri Konsoloslu\u011fu vize i\u015flemleri Rusya \u0130stanbul Ba\u015fkonsoloslu\u011fu \u00a0ve Rusya Ankara B\u00fcy\u00fckel\u00e7ili\u011fi taraf\u0131ndan incelenmekde ve de\u011ferlendirilmektedir.<\/span><\/p>\r\n<h2><strong><span style=\"font-family: Roboto; font-size: 27px;\">Rusya Antalya Konsoloslu\u011fu Vize Randevusu<\/span><\/strong><\/h2>\r\n<p><span style=\"font-family: Roboto; font-size: 14px;\">Rusya\u2019n\u0131n Antalya Fahri Konsoloslu\u011funa vize ba\u015fvurusu da bulunacak olan ki\u015fi, vize ba\u015fvurusu i\u00e7in Rusya Antalya Fahri Konsoloslu\u011fu vize randevu hakk\u0131nda ara\u015ft\u0131rma yapmaktad\u0131r. <strong>Rusya Antalya Fahri Konsoloslu\u011fu<\/strong> vize randevusu alacak olan ki\u015filer, randevular\u0131n\u0131 Rusya Antalya Fahri Konsoloslu\u011fu ile ileti\u015fime ge\u00e7erek alabilmektedir. Rusya Antalya Fahri Konsoloslu\u011fu vize randevusu alan ki\u015filer, Antalya Fahri Konsoloslu\u011fu randevu tarihlerinde gerekli olan evraklar\u0131 yetkiliye teslim etmelidir. Rusya Antalya Fahri Konsoloslu\u011fu vize randevu olmadan <strong>Rusya vize ba\u015fvuru<\/strong> kabul etmemektedir. Bu nedenle Rusya Antalya Fahri Konsoloslu\u011fu vize randevusu alan ki\u015filer, Rusya Antalya Fahri Konsoloslu\u011fu randevu tarihlerini ka\u00e7\u0131rmamal\u0131d\u0131r. Randevusuz i\u015flemler yap\u0131lmad\u0131\u011f\u0131ndan dolay\u0131 vize ba\u015fvuru kabul edilmeyebilir. Rusya Antalya Fahri Konsoloslu\u011fu vize randevusu ka\u00e7\u0131ran ki\u015finin yeniden vize randevu almas\u0131 gerekebilir. Rusya Antalya Fahri Konsoloslu\u011fu vize randevusu ka\u00e7\u0131ran ki\u015finin Rusya seyahat planlar\u0131 aksayabilir.<\/span><\/p>\r\n<h3><strong><span style=\"font-family: Roboto; font-size: 24px;\">Rusya Antalya Konsoloslu\u011fu Vize Ba\u015fvurusu<\/span><\/strong><\/h3>\r\n<p><span style=\"font-family: Roboto; font-size: 14px;\">Antalya\u2019da ikamet eden ve <strong>Rusya\u2019ya seyahat etmek<\/strong> isteyen ki\u015fi, Rusya vize ba\u015fvurusuna bulunmal\u0131d\u0131r. Antalya ve \u00e7evresine ikamet eden ki\u015fi vize ba\u015fvurular\u0131n\u0131 Rusya\u2019n\u0131n Antalya Fahri Konsoloslu\u011funa yapabilmektedir. Rusya Antalya Fahri Konsoloslu\u011fu vize ba\u015fvuru i\u00e7in \u00f6ncelikle Rusya seyahat ama\u00e7lar\u0131na uygun Rusya vize evraklar\u0131n\u0131 eksiksiz olarak haz\u0131rlamal\u0131s\u0131n\u0131z. Evraklar haz\u0131rland\u0131ktan sonra Rusya\u2019n\u0131n Antalya Fahri Konsoloslu\u011fu\u2019ndan randevu almal\u0131s\u0131n\u0131z. Rusya Antalya Fahri Konsoloslu\u011fu vize ba\u015fvuru i\u00e7in gerekli olan <strong>Rusya vize evrak<\/strong> yetkililere teslim edilerek Rusya Antalya Fahri Konsoloslu\u011fu vize ba\u015fvuru i\u015flemini yapabilmekte. Rusya Antalya Fahri Konsoloslu\u011fu vize ba\u015fvurusu yapacak olan ki\u015fi, Rusya vize evrak\u0131n\u0131 eksiksiz olarak haz\u0131rlamal\u0131d\u0131r. Rusya seyahat ama\u00e7lar\u0131 gerekli olan vize evraklar\u0131 ile Rusya\u2019n\u0131n Antalya Fahri Konsoloslu\u011funa kan\u0131tlanmal\u0131d\u0131r. Ayr\u0131ca seyahat masraf\u0131n\u0131z\u0131 kan\u0131tlayabilece\u011finizi de Rusya Antalya Fahri Konsoloslu\u011funa kan\u0131tlaman\u0131z gerekmektedir.<\/span><\/p>\r\n<h3><strong><span style=\"font-family: Roboto; font-size: 24px;\">Rusya Antalya Konsoloslu\u011fu Adres ve \u0130leti\u015fim Bilgileri<\/span><\/strong><\/h3>\r\n<p><span style=\"font-family: Roboto; font-size: 14px;\"><strong>Rusya Antalya konsoloslu\u011fu adres ve ileti\u015fim bilgileri<\/strong>\u00a0\u015funlard\u0131r.<\/span><\/p>\r\n<p><span style=\"font-family: Roboto; font-size: 14px;\">Rusya Antalya Konsoloslu\u011fu adresi: Park sokak. No: 30, 07100 Yenikap\u0131\/ Antalya<\/span><\/p>\r\n<p><span style=\"font-family: Roboto; font-size: 14px;\">Rusya Antalya Konsoloslu\u011fu Telefon: 90 242 248 3202<\/span><\/p>\r\n<p><span style=\"font-family: Roboto; font-size: 14px;\">Rusya Antalya Konsoloslu\u011fu E-mail:\u00a0<a href=\"mailto:ruskonsant@yandex.ru\">ruskonsant@yandex.ru<\/a>,\u00a0<a href=\"mailto:rfconsulate@ttnet.net.tr\">rfconsulate@ttnet.net.tr<\/a><\/span><\/p>\r\n<p><span style=\"font-family: Roboto; font-size: 14px;\">Rusya Antalya Konsoloslu\u011fu Rusya\u2019ya seyahat edecek ki\u015filer i\u00e7in Rusya vizesini verecek olan tek yetkili kurumdur. Rusya vizesi alabilmek i\u00e7in en az 6 ayl\u0131k ge\u00e7erli s\u00fcresi olan pasaport, Rusya vize ba\u015fvuru formu, 2 adet biyometrik foto\u011fraf ile T\u00fcrkiye\u2019de oturma iznine sahip yabanc\u0131 \u00fclke ki\u015filerinin vize i\u015flemlerine yard\u0131mc\u0131 olmaktad\u0131r. Rusya Antalya Konsoloslu\u011fu Rusya\u2019n\u0131n ve T\u00fcrkiye\u2019nin resmi tatil g\u00fcnlerinde kapal\u0131 olmas\u0131ndan dolay\u0131 hizmet vermez. Rusya Antalya Konsoloslu\u011fu hafta i\u00e7i 09.00, 13.00 ve 14.00 18.00 saatleri aras\u0131nda konsolosluk hizmeti verir. Rusya vize ba\u015fvurusunda bulunacak T\u00fcrk vatanda\u015flar\u0131 bu tatil g\u00fcnlerine dikkat ederek vize i\u015flemlerini yapmalar\u0131 gerekir. Rusya\u2019ya seyahat edecek T\u00fcrk vatanda\u015flar\u0131 seyahatlerini yapmadan bir ay \u00f6nce vize ba\u015fvuru i\u015flemlerini yapmalar\u0131 uygun olur. Rusya Antalya Konsoloslu\u011fu g\u00f6rev b\u00f6lgesi i\u00e7erisinde Mu\u011fla ve Antalya ili ve il\u00e7eleri yer almaktad\u0131r.<\/span><\/p>\r\n<h3><strong><span style=\"font-family: Roboto; font-size: 24px;\">Rusya Antalya Konsoloslu\u011fu Adres<\/span><\/strong><\/h3>\r\n<p><span style=\"font-family: Roboto; font-size: 14px;\"><strong>Rusya Antalya konsoloslu\u011fu adres<\/strong>\u00a0olarak Park Sokak No 30, 07100 Yenikap\u0131 Antalya olmaktad\u0131r. Rusya Antalya Konsoloslu\u011fu hafta i\u00e7i her g\u00fcn sabah 09.00 ve ak\u015fam 18.00 saatleri aras\u0131nda hizmet verir. Rusya Antalya Konsoloslu\u011fu Antalya ili \u015fehir merkezinde Karaalio\u011flu Park\u0131na giri\u015f yoluna yak\u0131n nokta \u00fczerinde yer almaktad\u0131r. Rusya vizesi ba\u015fvurusunda bulunacak T\u00fcrk vatanda\u015flar\u0131 Rusya ve T\u00fcrkiye\u2019nin resmi tatil g\u00fcnlerinde hizmet vermez. Bu durumda vize ba\u015fvurular\u0131n\u0131 bu resmi tatil g\u00fcnlerini hesaplayarak yapmalar\u0131 gerekir.<\/span><\/p>\r\n<p><span style=\"font-family: Roboto; font-size: 14px;\">Rusya vizesi ba\u015fvuru s\u00fcrecinde resmi tatiller i\u015f g\u00fcn\u00fcnden say\u0131ld\u0131\u011f\u0131 i\u00e7in, Ba\u015fvurular\u0131 tatil \u00f6ncesi veya sonras\u0131 yapmalar\u0131 uygun olur. Resmi tatil g\u00fcnleri \u00f6ncesi yap\u0131lan ba\u015fvurular\u0131n a\u00e7\u0131klanma s\u00fcreleri uzamaktad\u0131r. Rusya Antalya Konsoloslu\u011fu, Rusya Federasyonu\u2019nun T\u00fcrkiye\u2019de bulunan resmi temsilciliklerinden biri olarak hizmet vermektedir. Rusya ve T\u00fcrkiye aras\u0131ndaki ili\u015fkileri d\u00fczenlemek ve geli\u015ftirmek amac\u0131ndad\u0131r. Di\u011fer yandan Rus vatanda\u015flar\u0131n\u0131n Konsolosluk i\u015flemlerini yapmakla g\u00f6revlidir. Bunun haricinde T\u00fcrk vatanda\u015flar\u0131na konsolosluk i\u015flemleri i\u00e7in hizmet vermektedir. Rusya vizesi ba\u015fvuru i\u015flemlerini ele almaktad\u0131r. T\u00fcrk vatanda\u015flar\u0131n\u0131n Rusya\u2019ya yapacaklar\u0131 seyahat t\u00fcrlerine g\u00f6re vize ba\u015fvurular\u0131n\u0131 kabul eder.<\/span><\/p>\r\n<h4><strong><span style=\"font-family: Roboto; font-size: 22px;\">Rusya Antalya Konsoloslu\u011fu Telefon Numaras\u0131<\/span><\/strong><\/h4>\r\n<p><span style=\"font-family: Roboto; font-size: 14px;\"><strong>Rusya Antalya Konsoloslu\u011fu Telefon numaras\u0131<\/strong>, 90.242 248 3202 olmaktad\u0131r. Rusya Antalya Konsoloslu\u011fu e-mail adresi,\u00a0<a href=\"mailto:ruskonsant@yandex.ru\">ruskonsant@yandex.ru<\/a>,\u00a0<a href=\"mailto:rfconsulate@ttnet.net.tr\">rfconsulate@ttnet.net.tr<\/a>\u00a0dir.<\/span><\/p>\r\n<p><span style=\"font-family: Roboto; font-size: 14px;\">Rusya Antalya Konsoloslu\u011fu hafta i\u00e7i her g\u00fcn saat 09.00 ile 13.00 ve 14.00 ile 18.00 hizmetine devam etmektedir.\u00a0 Rusya Antalya Konsoloslu\u011fu T\u00fcrkiye\u2019nin ve Rusya\u2019n\u0131n resmi tatil g\u00fcnlerinde hizmetlerini durdurmaktad\u0131r. <strong>Rusya\u2019ya seyahat<\/strong> edecek T\u00fcrk vatanda\u015flar\u0131 vize ba\u015fvurular\u0131n\u0131 buna g\u00f6re hesaplay\u0131p vize ba\u015fvurusunda bulunmalar\u0131 uygun olur. Rusya Antalya Konsoloslu\u011fu, adres olarak Park Sokak, No 30 07 100 Yenikap\u0131 Antalya\u2019d\u0131r. Rusya Antalya Konsoloslu\u011fu Rusya devletinin T\u00fcrkiye\u2019de bulunan resmi temsilciliklerinden biridir. T\u00fcrk vatanda\u015flar\u0131na vize ba\u015fvurular\u0131nda hizmet verdi\u011fi gibi T\u00fcrkiye\u2019de ikamet eden Rus vatanda\u015flar\u0131na da konsolosluk hizmetlerini vermeye devam etmektedir. Rus vatanda\u015flar\u0131n\u0131n evlilik, \u00f6l\u00fcm, do\u011fum ve pasaport gibi i\u015flemlerinde yard\u0131mc\u0131 olmaktad\u0131r. Di\u011fer yandan Rusya ve T\u00fcrkiye aras\u0131nda ticari geli\u015fmelerinde hizmetlerini yapmaktad\u0131r.<strong> Rusya vizesi<\/strong> ba\u015fvurusunda bulunacak T\u00fcrk vatanda\u015flar\u0131 Rusya seyahatlerinde bulunmadan bir ay \u00f6nce vize ba\u015fvurusunda bulunmalar\u0131 uygun olur. Rusya vize ba\u015fvuru sonu\u00e7lar\u0131 en ge\u00e7 10 g\u00fcn i\u00e7inde sonu\u00e7lanmaktad\u0131r.<\/span><\/p>","protected":false},"excerpt":{"rendered":"<p>Rusya Antalya Konsoloslu\u011fu Hakk\u0131nda Antalya, Alanya, Belek, Bodrum, Kemer, Mu\u011fla ve Marmaris il ve il\u00e7elerinde ikamet eden T\u00fcrkiye Cumhuriyeti vatanda\u015flar\u0131 ve T\u00fcrkiye\u2019de bulunan ve oturum iznine sahip 3. \u00dclke vatanda\u015flar\u0131 Rusya\u2019ya ait konsolosluk i\u015flemlerini\u00a0Rusya Antalya Ba\u015fkonsoloslu\u011fundan\u00a0yapabilirler. B\u00f6ylece bu b\u00f6lgede ikamet eden vatanda\u015flar\u0131n \u0130stanbul ya da Ankara gibi daha b\u00fcy\u00fck \u015fehirlere giderek hem zaman hem de<\/p>\n","protected":false},"author":1,"featured_media":0,"parent":69,"menu_order":0,"comment_status":"open","ping_status":"closed","template":"","meta":{"footnotes":""},"class_list":["post-74","page","type-page","status-publish","hentry"],"yoast_head":"<!-- This site is optimized with the Yoast SEO plugin v24.0 - https:\/\/yoast.com\/wordpress\/plugins\/seo\/ -->\n<title>Rusya Antalya Konsoloslu\u011fu Vize \u0130\u015flemleri - MyVize<\/title>\n<meta name=\"description\" content=\"Rusya Antalya Konsoloslu\u011fu Vize \u0130\u015flemleri Nelerdir? Rusya Antalya Konsoloslu\u011fu Nerededir? Bilgi \u0130\u00e7in Hemen Aray\u0131n: 0850 346 84 93\" \/>\n<meta name=\"robots\" content=\"index, follow, max-snippet:-1, max-image-preview:large, max-video-preview:-1\" \/>\n<link rel=\"canonical\" href=\"https:\/\/www.myvize.com.tr\/rusya\/konsolosluklar\/antalya-konsoloslugu\/\" \/>\n<meta property=\"og:locale\" content=\"tr_TR\" \/>\n<meta property=\"og:type\" content=\"article\" \/>\n<meta property=\"og:title\" content=\"Rusya Antalya Konsoloslu\u011fu Vize \u0130\u015flemleri - MyVize\" \/>\n<meta property=\"og:description\" content=\"Rusya Antalya Konsoloslu\u011fu Vize \u0130\u015flemleri Nelerdir? Rusya Antalya Konsoloslu\u011fu Nerededir? Bilgi \u0130\u00e7in Hemen Aray\u0131n: 0850 346 84 93\" \/>\n<meta property=\"og:url\" content=\"https:\/\/www.myvize.com.tr\/rusya\/konsolosluklar\/antalya-konsoloslugu\/\" \/>\n<meta property=\"og:site_name\" content=\"Rusya Vize\" \/>\n<meta property=\"article:modified_time\" content=\"2022-09-30T10:34:28+00:00\" \/>\n<meta property=\"og:image\" content=\"https:\/\/www.myvize.com.tr\/rusya\/wp-content\/uploads\/2021\/09\/45.jpg\" \/>\n<meta name=\"twitter:card\" content=\"summary_large_image\" \/>\n<meta name=\"twitter:label1\" content=\"Tahmini okuma s\u00fcresi\" \/>\n\t<meta name=\"twitter:data1\" content=\"6 dakika\" \/>\n<script type=\"application\/ld+json\" class=\"yoast-schema-graph\">{\"@context\":\"https:\/\/schema.org\",\"@graph\":[{\"@type\":\"WebPage\",\"@id\":\"https:\/\/www.myvize.com.tr\/rusya\/konsolosluklar\/antalya-konsoloslugu\/\",\"url\":\"https:\/\/www.myvize.com.tr\/rusya\/konsolosluklar\/antalya-konsoloslugu\/\",\"name\":\"Rusya Antalya Konsoloslu\u011fu Vize \u0130\u015flemleri - MyVize\",\"isPartOf\":{\"@id\":\"https:\/\/www.myvize.com.tr\/rusya\/#website\"},\"primaryImageOfPage\":{\"@id\":\"https:\/\/www.myvize.com.tr\/rusya\/konsolosluklar\/antalya-konsoloslugu\/#primaryimage\"},\"image\":{\"@id\":\"https:\/\/www.myvize.com.tr\/rusya\/konsolosluklar\/antalya-konsoloslugu\/#primaryimage\"},\"thumbnailUrl\":\"https:\/\/www.myvize.com.tr\/rusya\/wp-content\/uploads\/2021\/09\/45.jpg\",\"datePublished\":\"2020-11-30T10:02:26+00:00\",\"dateModified\":\"2022-09-30T10:34:28+00:00\",\"description\":\"Rusya Antalya Konsoloslu\u011fu Vize \u0130\u015flemleri Nelerdir? Rusya Antalya Konsoloslu\u011fu Nerededir? Bilgi \u0130\u00e7in Hemen Aray\u0131n: 0850 346 84 93\",\"breadcrumb\":{\"@id\":\"https:\/\/www.myvize.com.tr\/rusya\/konsolosluklar\/antalya-konsoloslugu\/#breadcrumb\"},\"inLanguage\":\"tr\",\"potentialAction\":[{\"@type\":\"ReadAction\",\"target\":[\"https:\/\/www.myvize.com.tr\/rusya\/konsolosluklar\/antalya-konsoloslugu\/\"]}]},{\"@type\":\"ImageObject\",\"inLanguage\":\"tr\",\"@id\":\"https:\/\/www.myvize.com.tr\/rusya\/konsolosluklar\/antalya-konsoloslugu\/#primaryimage\",\"url\":\"https:\/\/www.myvize.com.tr\/rusya\/wp-content\/uploads\/2021\/09\/45.jpg\",\"contentUrl\":\"https:\/\/www.myvize.com.tr\/rusya\/wp-content\/uploads\/2021\/09\/45.jpg\",\"width\":800,\"height\":500,\"caption\":\"Rusya\"},{\"@type\":\"BreadcrumbList\",\"@id\":\"https:\/\/www.myvize.com.tr\/rusya\/konsolosluklar\/antalya-konsoloslugu\/#breadcrumb\",\"itemListElement\":[{\"@type\":\"ListItem\",\"position\":1,\"name\":\"Anasayfa\",\"item\":\"https:\/\/www.myvize.com.tr\/rusya\/\"},{\"@type\":\"ListItem\",\"position\":2,\"name\":\"KONSOLOSLUKLAR\",\"item\":\"https:\/\/www.myvize.com.tr\/rusya\/konsolosluklar\/\"},{\"@type\":\"ListItem\",\"position\":3,\"name\":\"Rusya Antalya Konsoloslu\u011fu\"}]},{\"@type\":\"WebSite\",\"@id\":\"https:\/\/www.myvize.com.tr\/rusya\/#website\",\"url\":\"https:\/\/www.myvize.com.tr\/rusya\/\",\"name\":\"Rusya Vize\",\"description\":\"\",\"potentialAction\":[{\"@type\":\"SearchAction\",\"target\":{\"@type\":\"EntryPoint\",\"urlTemplate\":\"https:\/\/www.myvize.com.tr\/rusya\/?s={search_term_string}\"},\"query-input\":{\"@type\":\"PropertyValueSpecification\",\"valueRequired\":true,\"valueName\":\"search_term_string\"}}],\"inLanguage\":\"tr\"}]}<\/script>\n<!-- \/ Yoast SEO plugin. -->","yoast_head_json":{"title":"Rusya Antalya Konsoloslu\u011fu Vize \u0130\u015flemleri - MyVize","description":"Rusya Antalya Konsoloslu\u011fu Vize \u0130\u015flemleri Nelerdir? Rusya Antalya Konsoloslu\u011fu Nerededir? Bilgi \u0130\u00e7in Hemen Aray\u0131n: 0850 346 84 93","robots":{"index":"index","follow":"follow","max-snippet":"max-snippet:-1","max-image-preview":"max-image-preview:large","max-video-preview":"max-video-preview:-1"},"canonical":"https:\/\/www.myvize.com.tr\/rusya\/konsolosluklar\/antalya-konsoloslugu\/","og_locale":"tr_TR","og_type":"article","og_title":"Rusya Antalya Konsoloslu\u011fu Vize \u0130\u015flemleri - MyVize","og_description":"Rusya Antalya Konsoloslu\u011fu Vize \u0130\u015flemleri Nelerdir? Rusya Antalya Konsoloslu\u011fu Nerededir? Bilgi \u0130\u00e7in Hemen Aray\u0131n: 0850 346 84 93","og_url":"https:\/\/www.myvize.com.tr\/rusya\/konsolosluklar\/antalya-konsoloslugu\/","og_site_name":"Rusya Vize","article_modified_time":"2022-09-30T10:34:28+00:00","og_image":[{"url":"https:\/\/www.myvize.com.tr\/rusya\/wp-content\/uploads\/2021\/09\/45.jpg","type":"","width":"","height":""}],"twitter_card":"summary_large_image","twitter_misc":{"Tahmini okuma s\u00fcresi":"6 dakika"},"schema":{"@context":"https:\/\/schema.org","@graph":[{"@type":"WebPage","@id":"https:\/\/www.myvize.com.tr\/rusya\/konsolosluklar\/antalya-konsoloslugu\/","url":"https:\/\/www.myvize.com.tr\/rusya\/konsolosluklar\/antalya-konsoloslugu\/","name":"Rusya Antalya Konsoloslu\u011fu Vize \u0130\u015flemleri - MyVize","isPartOf":{"@id":"https:\/\/www.myvize.com.tr\/rusya\/#website"},"primaryImageOfPage":{"@id":"https:\/\/www.myvize.com.tr\/rusya\/konsolosluklar\/antalya-konsoloslugu\/#primaryimage"},"image":{"@id":"https:\/\/www.myvize.com.tr\/rusya\/konsolosluklar\/antalya-konsoloslugu\/#primaryimage"},"thumbnailUrl":"https:\/\/www.myvize.com.tr\/rusya\/wp-content\/uploads\/2021\/09\/45.jpg","datePublished":"2020-11-30T10:02:26+00:00","dateModified":"2022-09-30T10:34:28+00:00","description":"Rusya Antalya Konsoloslu\u011fu Vize \u0130\u015flemleri Nelerdir? Rusya Antalya Konsoloslu\u011fu Nerededir? Bilgi \u0130\u00e7in Hemen Aray\u0131n: 0850 346 84 93","breadcrumb":{"@id":"https:\/\/www.myvize.com.tr\/rusya\/konsolosluklar\/antalya-konsoloslugu\/#breadcrumb"},"inLanguage":"tr","potentialAction":[{"@type":"ReadAction","target":["https:\/\/www.myvize.com.tr\/rusya\/konsolosluklar\/antalya-konsoloslugu\/"]}]},{"@type":"ImageObject","inLanguage":"tr","@id":"https:\/\/www.myvize.com.tr\/rusya\/konsolosluklar\/antalya-konsoloslugu\/#primaryimage","url":"https:\/\/www.myvize.com.tr\/rusya\/wp-content\/uploads\/2021\/09\/45.jpg","contentUrl":"https:\/\/www.myvize.com.tr\/rusya\/wp-content\/uploads\/2021\/09\/45.jpg","width":800,"height":500,"caption":"Rusya"},{"@type":"BreadcrumbList","@id":"https:\/\/www.myvize.com.tr\/rusya\/konsolosluklar\/antalya-konsoloslugu\/#breadcrumb","itemListElement":[{"@type":"ListItem","position":1,"name":"Anasayfa","item":"https:\/\/www.myvize.com.tr\/rusya\/"},{"@type":"ListItem","position":2,"name":"KONSOLOSLUKLAR","item":"https:\/\/www.myvize.com.tr\/rusya\/konsolosluklar\/"},{"@type":"ListItem","position":3,"name":"Rusya Antalya Konsoloslu\u011fu"}]},{"@type":"WebSite","@id":"https:\/\/www.myvize.com.tr\/rusya\/#website","url":"https:\/\/www.myvize.com.tr\/rusya\/","name":"Rusya Vize","description":"","potentialAction":[{"@type":"SearchAction","target":{"@type":"EntryPoint","urlTemplate":"https:\/\/www.myvize.com.tr\/rusya\/?s={search_term_string}"},"query-input":{"@type":"PropertyValueSpecification","valueRequired":true,"valueName":"search_term_string"}}],"inLanguage":"tr"}]}},"_links":{"self":[{"href":"https:\/\/www.myvize.com.tr\/rusya\/wp-json\/wp\/v2\/pages\/74","targetHints":{"allow":["GET"]}}],"collection":[{"href":"https:\/\/www.myvize.com.tr\/rusya\/wp-json\/wp\/v2\/pages"}],"about":[{"href":"https:\/\/www.myvize.com.tr\/rusya\/wp-json\/wp\/v2\/types\/page"}],"author":[{"embeddable":true,"href":"https:\/\/www.myvize.com.tr\/rusya\/wp-json\/wp\/v2\/users\/1"}],"replies":[{"embeddable":true,"href":"https:\/\/www.myvize.com.tr\/rusya\/wp-json\/wp\/v2\/comments?post=74"}],"version-history":[{"count":9,"href":"https:\/\/www.myvize.com.tr\/rusya\/wp-json\/wp\/v2\/pages\/74\/revisions"}],"predecessor-version":[{"id":1154,"href":"https:\/\/www.myvize.com.tr\/rusya\/wp-json\/wp\/v2\/pages\/74\/revisions\/1154"}],"up":[{"embeddable":true,"href":"https:\/\/www.myvize.com.tr\/rusya\/wp-json\/wp\/v2\/pages\/69"}],"wp:attachment":[{"href":"https:\/\/www.myvize.com.tr\/rusya\/wp-json\/wp\/v2\/media?parent=74"}],"curies":[{"name":"wp","href":"https:\/\/api.w.org\/{rel}","templated":true}]}}