{"id":80,"date":"2020-11-30T13:04:17","date_gmt":"2020-11-30T10:04:17","guid":{"rendered":"https:\/\/www.myvize.com.tr\/rusya\/?page_id=80"},"modified":"2022-06-10T12:36:09","modified_gmt":"2022-06-10T09:36:09","slug":"kayseri-fahri-konsoloslugu","status":"publish","type":"page","link":"https:\/\/www.myvize.com.tr\/rusya\/konsolosluklar\/kayseri-fahri-konsoloslugu\/","title":{"rendered":"Rusya Kayseri Fahri Konsoloslu\u011fu"},"content":{"rendered":"<h2><strong><span style=\"font-family: Roboto; font-size: 27px;\">Rusya Kayseri Konsolosu Kimdir?<\/span><\/strong><\/h2>\n<p><span style=\"font-family: Roboto; font-size: 14px;\">Rusya\u2019n\u0131n T\u00fcrkiye\u2019de bulunan temsilcilerinden birisi Rusya Kayseri Fahri Konsolosu\u2019dur. Rusya Kayseri Fahri Konsolosu\u2019nun kim oldu\u011funu merak eden ki\u015filer bulunmaktad\u0131r. Bu yaz\u0131 da Rusya\u2019n\u0131n Kayseri Fahri Konsolosu\u2019nun kim oldu\u011fu merak eden ki\u015fi i\u00e7in\u00a0 cevap verilmi\u015ftir. Rusya\u2019n\u0131n Kayseri Fahri Konsolosu\u2019nun kim oldu\u011funa dair bilgi bulunmamaktad\u0131r. Ancak Rusya Kayseri Fahri Konsolos\u2019nun Rusya vatanda\u015f\u0131 olmas\u0131 zorunlulu\u011fu bulunmamaktad\u0131r. Bu nedenle Rusya Kayseri\u00a0 Fahri Konsolosu T\u00fcrk olabilmektedir. Rusya Kayseri Fahri Konsolosu\u2019nun as\u0131l amac\u0131 b\u00f6lgede ki ticari i\u015fbirliklerini artt\u0131rmak ve Rusya yarar\u0131na yeni yat\u0131r\u0131m alan\u0131 ortaya \u00e7\u0131karmaktad\u0131r. B\u00f6lgedeki Rusya ticareti geli\u015ftirmeyi ama\u00e7lamaktad\u0131r.<\/span><\/p>\n<p><span style=\"font-family: Roboto; font-size: 14px;\"><strong>\u00a0Rusya Kayseri Fahri Konsolosu,<\/strong> Kayseri\u00a0 Ankara B\u00fcy\u00fckel\u00e7ili\u011fi\u2019ne ba\u011fl\u0131 olarak \u00e7al\u0131\u015fmakta. Rusya Kayseri Fahri Konsolosu\u2019nun diplomat yetkisi bulunmamakla birlikte gerekli g\u00f6r\u00fcld\u00fc\u011f\u00fcne konsolosluk himayesi sa\u011flamakta. Rusya vatanda\u015f\u0131na e\u011fitim, sa\u011fl\u0131k, hukuk gibi alanda destek sa\u011flamaktad\u0131r. Rusya Ankara B\u00fcy\u00fckel\u00e7isinin verdi\u011fi g\u00f6revi yerine getirmektedir.<\/span><\/p>\n<h2><strong><span style=\"font-family: Roboto; font-size: 27px;\">Rusya Kayseri Konsoloslu\u011fu Vize \u0130\u015flemleri<\/span><\/strong><\/h2>\n<p><span style=\"font-family: Roboto; font-size: 14px;\">Rusya\u2019ya seyahat etmek isteyen ve Kayseri \u00e7evresinde ikamet eden ki\u015filer, Rusya\u2019n\u0131n Kayseri\u00a0 Fahri Konsoloslu\u011fu\u2019na vize ba\u015fvurusunda bulunabilir. Rusya Kayseri Fahri Konsoloslu\u011fu\u2019na vize ba\u015fvurusu yapacak olan ki\u015filer, Rusya Kayseri Konsoloslu\u011fu vize i\u015flemlerini merak etmektedir.\u00a0 Rusya Kayseri\u00a0 Fahri Konsoloslu\u011fu vize i\u015flemleri i\u00e7in \u00f6ncelikle seyahat amac\u0131na uygun olan Rusya vize t\u00fcr\u00fc se\u00e7melisiniz. Rusya Kayseri Fahri Konsoloslu\u011fu vize i\u015flemi i\u00e7in vize t\u00fcr\u00fc belirlendikten sonra <span style=\"color: #2acec2;\"><strong><a style=\"color: #2acec2;\" href=\"https:\/\/www.myvize.com.tr\/rusya\/form-ve-dilekce\/rusya-vize-formu\/\" target=\"_blank\" rel=\"noopener\">Rusya vize ba\u015fvuru formu <\/a><\/strong><\/span>doldurmal\u0131s\u0131n\u0131z.<\/span><\/p>\n<p><span style=\"font-family: Roboto; font-size: 14px;\">Rusya vize ba\u015fvuru formu dolduruldukdan sonra Rusya Kayseri Fahri Konsoloslu\u011fu vize i\u015flemi i\u00e7in randevu almak gerekmektedir.<\/span><\/p>\n<p><span style=\"font-family: Roboto; font-size: 14px;\"><span style=\"color: #2acec2;\"><strong><a style=\"color: #2acec2;\" href=\"https:\/\/www.myvize.com.tr\/rusya\/vize-islemleri\/rusya-vize-randevusu\/\" target=\"_blank\" rel=\"noopener\">Rusya vize randevusu<\/a><\/strong><\/span> al\u0131nd\u0131ktan sonra randevu tarihlerine kadar gerekli olan vize evrak\u0131n\u0131n haz\u0131rlanmas\u0131 gerekmektedir. Haz\u0131rlanan evrak Rusya Kayseri Fahri Konsoloslu\u011fu\u2019na vize i\u015flemleri randevu tarihinde teslim edilmelidir. Rusya Kayseri Fahri Konsoloslu\u011fu vize i\u015flemleri Rusya \u0130stanbul Ba\u015fkonsoloslu\u011fu\u00a0 ve Rusya Ankara B\u00fcy\u00fckel\u00e7ili\u011fi taraf\u0131ndan incelenmekde ve de\u011ferlendirilmektedir.<\/span><\/p>\n<h2><strong><span style=\"font-family: Roboto; font-size: 27px;\">Rusya Kayseri Konsoloslu\u011fu Vize Ba\u015fvurusu<\/span><\/strong><\/h2>\n<p><span style=\"font-family: Roboto; font-size: 14px;\">Kayseri\u2019de ikamet eden ve Rusya\u2019ya seyahat etmek isteyen ki\u015fi, <strong>Rusya vize<\/strong> ba\u015fvurusuna bulunmal\u0131d\u0131r. Kayseri ve \u00e7evresine ikamet eden ki\u015fi vize ba\u015fvurular\u0131n\u0131 Rusya\u2019n\u0131n Kayseri Fahri Konsoloslu\u011funa yapabilmektedir. Rusya Kayseri Fahri Konsoloslu\u011fu vize ba\u015fvuru i\u00e7in \u00f6ncelikle <strong>Rusya seyahat<\/strong> ama\u00e7lar\u0131na uygun Rusya vize evraklar\u0131n\u0131 eksiksiz olarak haz\u0131rlamal\u0131s\u0131n\u0131z. Evraklar haz\u0131rland\u0131ktan sonra Rusya\u2019n\u0131n Kayseri Fahri Konsoloslu\u011fu\u2019ndan randevu almal\u0131s\u0131n\u0131z. Rusya Kayseri Fahri Konsoloslu\u011fu vize ba\u015fvuru i\u00e7in gerekli olan Rusya vize evrak yetkililere teslim edilerek Rusya Kayseri\u00a0 Fahri Konsoloslu\u011fu vize ba\u015fvuru i\u015flemini yapabilmekte. Rusya Kayseri Fahri Konsoloslu\u011fu vize ba\u015fvuru yapacak olan ki\u015filer, Rusya vize evrak\u0131n\u0131 eksiksiz olarak haz\u0131rlamal\u0131dr. Rusya seyahat ama\u00e7lar\u0131 gerekli olan vize evraklar\u0131 ile Rusya\u2019n\u0131n Kayseri Fahri Konsoloslu\u011funa kan\u0131tlanmal\u0131d\u0131r. Ayr\u0131ca seyahat masraf\u0131n\u0131z\u0131 kan\u0131tlayabilece\u011finizi de Rusya Kayseri Fahri Konsoloslu\u011funa kan\u0131tlaman\u0131z gerekmektedir.<\/span><\/p>\n<h3><strong><span style=\"font-family: Roboto; font-size: 24px;\">Rusya Kayseri Konsoloslu\u011fu Vize Randevusu<\/span><\/strong><\/h3>\n<p><span style=\"font-family: Roboto; font-size: 14px;\">Rusya\u2019n\u0131n Kayseri Fahri Konsoloslu\u011funa vize ba\u015fvurusu da bulunacak olan ki\u015fi, vize ba\u015fvurusu i\u00e7in Rusya Kayseri Fahri Konsoloslu\u011fu vize randevu hakk\u0131nda ara\u015ft\u0131rma yapmaktad\u0131r.<strong> Rusya Kayseri\u00a0 Fahri Konsoloslu\u011fu<\/strong> vize randevusu alacak olan ki\u015filer, randevular\u0131n\u0131 Rusya Kayseri Fahri Konsoloslu\u011fu ile ileti\u015fime ge\u00e7erek alabilmektedir. Rusya Kayseri Fahri Konsoloslu\u011fu vize randevusu alan ki\u015filer, Kayseri Fahri Konsoloslu\u011fu randevu tarihlerinde gerekli olan evraklar\u0131 yetkiliye teslim etmelidir. Rusya Kayseri Fahri Konsoloslu\u011fu vize randevu olmadan <strong>Rusya vize ba\u015fvuru<\/strong> kabul etmemektedir. Bu nedenle Rusya Kayseri Fahri Konsoloslu\u011fu vize randevusu alan ki\u015filer, Rusya Kayseri Fahri Konsoloslu\u011fu randevu tarihlerini ka\u00e7\u0131rmamal\u0131d\u0131r. Randevusuz i\u015flemler yap\u0131lmad\u0131\u011f\u0131ndan dolay\u0131 vize ba\u015fvuru kabul edilmeyebilir. Rusya Kayseri Fahri Konsoloslu\u011fu vize randevusu ka\u00e7\u0131ran ki\u015finin yeniden vize randevu almas\u0131 gerekebilir. Rusya Kayseri Fahri Konsoloslu\u011fu vize randevusu ka\u00e7\u0131ran ki\u015finin <strong>Rusya seyahat planlar\u0131<\/strong> aksayabilir.<\/span><\/p>\n<p><span style=\"font-family: Roboto; font-size: 14px;\"><img decoding=\"async\" src=\"https:\/\/www.myvize.com.tr\/rusya\/wp-content\/uploads\/2021\/09\/49.jpg\" \/><\/span><\/p>\n","protected":false},"excerpt":{"rendered":"<p>Rusya Kayseri Konsolosu Kimdir? Rusya\u2019n\u0131n T\u00fcrkiye\u2019de bulunan temsilcilerinden birisi Rusya Kayseri Fahri Konsolosu\u2019dur. Rusya Kayseri Fahri Konsolosu\u2019nun kim oldu\u011funu merak eden ki\u015filer bulunmaktad\u0131r. Bu yaz\u0131 da Rusya\u2019n\u0131n Kayseri Fahri Konsolosu\u2019nun kim oldu\u011fu merak eden ki\u015fi i\u00e7in\u00a0 cevap verilmi\u015ftir. Rusya\u2019n\u0131n Kayseri Fahri Konsolosu\u2019nun kim oldu\u011funa dair bilgi bulunmamaktad\u0131r. Ancak Rusya Kayseri Fahri Konsolos\u2019nun Rusya vatanda\u015f\u0131 olmas\u0131<\/p>\n","protected":false},"author":1,"featured_media":0,"parent":69,"menu_order":0,"comment_status":"open","ping_status":"closed","template":"","meta":{"footnotes":""},"class_list":["post-80","page","type-page","status-publish","hentry"],"yoast_head":"<!-- This site is optimized with the Yoast SEO plugin v24.0 - https:\/\/yoast.com\/wordpress\/plugins\/seo\/ -->\n<title>Rusya Kayseri Konsoloslu\u011fu Vize \u0130\u015flemleri - MyVize<\/title>\n<meta name=\"description\" content=\"Rusya Kayseri Fahri Konsoloslu\u011fu Vize \u0130\u015flemleri Nelerdir? Rusya Kayseri Fahri Konsoloslu\u011fu Nerededir? Bilgi \u0130\u00e7in Hemen Aray\u0131n: 0850 346 84 93\" \/>\n<meta name=\"robots\" content=\"index, follow, max-snippet:-1, max-image-preview:large, max-video-preview:-1\" \/>\n<link rel=\"canonical\" href=\"https:\/\/www.myvize.com.tr\/rusya\/konsolosluklar\/kayseri-fahri-konsoloslugu\/\" \/>\n<meta property=\"og:locale\" content=\"tr_TR\" \/>\n<meta property=\"og:type\" content=\"article\" \/>\n<meta property=\"og:title\" content=\"Rusya Kayseri Konsoloslu\u011fu Vize \u0130\u015flemleri - MyVize\" \/>\n<meta property=\"og:description\" content=\"Rusya Kayseri Fahri Konsoloslu\u011fu Vize \u0130\u015flemleri Nelerdir? Rusya Kayseri Fahri Konsoloslu\u011fu Nerededir? Bilgi \u0130\u00e7in Hemen Aray\u0131n: 0850 346 84 93\" \/>\n<meta property=\"og:url\" content=\"https:\/\/www.myvize.com.tr\/rusya\/konsolosluklar\/kayseri-fahri-konsoloslugu\/\" \/>\n<meta property=\"og:site_name\" content=\"Rusya Vize\" \/>\n<meta property=\"article:modified_time\" content=\"2022-06-10T09:36:09+00:00\" \/>\n<meta property=\"og:image\" content=\"https:\/\/www.myvize.com.tr\/rusya\/wp-content\/uploads\/2021\/09\/49.jpg\" \/>\n<meta name=\"twitter:card\" content=\"summary_large_image\" \/>\n<meta name=\"twitter:label1\" content=\"Tahmini okuma s\u00fcresi\" \/>\n\t<meta name=\"twitter:data1\" content=\"3 dakika\" \/>\n<script type=\"application\/ld+json\" class=\"yoast-schema-graph\">{\"@context\":\"https:\/\/schema.org\",\"@graph\":[{\"@type\":\"WebPage\",\"@id\":\"https:\/\/www.myvize.com.tr\/rusya\/konsolosluklar\/kayseri-fahri-konsoloslugu\/\",\"url\":\"https:\/\/www.myvize.com.tr\/rusya\/konsolosluklar\/kayseri-fahri-konsoloslugu\/\",\"name\":\"Rusya Kayseri Konsoloslu\u011fu Vize \u0130\u015flemleri - MyVize\",\"isPartOf\":{\"@id\":\"https:\/\/www.myvize.com.tr\/rusya\/#website\"},\"primaryImageOfPage\":{\"@id\":\"https:\/\/www.myvize.com.tr\/rusya\/konsolosluklar\/kayseri-fahri-konsoloslugu\/#primaryimage\"},\"image\":{\"@id\":\"https:\/\/www.myvize.com.tr\/rusya\/konsolosluklar\/kayseri-fahri-konsoloslugu\/#primaryimage\"},\"thumbnailUrl\":\"https:\/\/www.myvize.com.tr\/rusya\/wp-content\/uploads\/2021\/09\/49.jpg\",\"datePublished\":\"2020-11-30T10:04:17+00:00\",\"dateModified\":\"2022-06-10T09:36:09+00:00\",\"description\":\"Rusya Kayseri Fahri Konsoloslu\u011fu Vize \u0130\u015flemleri Nelerdir? Rusya Kayseri Fahri Konsoloslu\u011fu Nerededir? Bilgi \u0130\u00e7in Hemen Aray\u0131n: 0850 346 84 93\",\"breadcrumb\":{\"@id\":\"https:\/\/www.myvize.com.tr\/rusya\/konsolosluklar\/kayseri-fahri-konsoloslugu\/#breadcrumb\"},\"inLanguage\":\"tr\",\"potentialAction\":[{\"@type\":\"ReadAction\",\"target\":[\"https:\/\/www.myvize.com.tr\/rusya\/konsolosluklar\/kayseri-fahri-konsoloslugu\/\"]}]},{\"@type\":\"ImageObject\",\"inLanguage\":\"tr\",\"@id\":\"https:\/\/www.myvize.com.tr\/rusya\/konsolosluklar\/kayseri-fahri-konsoloslugu\/#primaryimage\",\"url\":\"https:\/\/www.myvize.com.tr\/rusya\/wp-content\/uploads\/2021\/09\/49.jpg\",\"contentUrl\":\"https:\/\/www.myvize.com.tr\/rusya\/wp-content\/uploads\/2021\/09\/49.jpg\",\"width\":800,\"height\":500,\"caption\":\"Rusya\"},{\"@type\":\"BreadcrumbList\",\"@id\":\"https:\/\/www.myvize.com.tr\/rusya\/konsolosluklar\/kayseri-fahri-konsoloslugu\/#breadcrumb\",\"itemListElement\":[{\"@type\":\"ListItem\",\"position\":1,\"name\":\"Anasayfa\",\"item\":\"https:\/\/www.myvize.com.tr\/rusya\/\"},{\"@type\":\"ListItem\",\"position\":2,\"name\":\"KONSOLOSLUKLAR\",\"item\":\"https:\/\/www.myvize.com.tr\/rusya\/konsolosluklar\/\"},{\"@type\":\"ListItem\",\"position\":3,\"name\":\"Rusya Kayseri Fahri Konsoloslu\u011fu\"}]},{\"@type\":\"WebSite\",\"@id\":\"https:\/\/www.myvize.com.tr\/rusya\/#website\",\"url\":\"https:\/\/www.myvize.com.tr\/rusya\/\",\"name\":\"Rusya Vize\",\"description\":\"\",\"potentialAction\":[{\"@type\":\"SearchAction\",\"target\":{\"@type\":\"EntryPoint\",\"urlTemplate\":\"https:\/\/www.myvize.com.tr\/rusya\/?s={search_term_string}\"},\"query-input\":{\"@type\":\"PropertyValueSpecification\",\"valueRequired\":true,\"valueName\":\"search_term_string\"}}],\"inLanguage\":\"tr\"}]}<\/script>\n<!-- \/ Yoast SEO plugin. -->","yoast_head_json":{"title":"Rusya Kayseri Konsoloslu\u011fu Vize \u0130\u015flemleri - MyVize","description":"Rusya Kayseri Fahri Konsoloslu\u011fu Vize \u0130\u015flemleri Nelerdir? Rusya Kayseri Fahri Konsoloslu\u011fu Nerededir? Bilgi \u0130\u00e7in Hemen Aray\u0131n: 0850 346 84 93","robots":{"index":"index","follow":"follow","max-snippet":"max-snippet:-1","max-image-preview":"max-image-preview:large","max-video-preview":"max-video-preview:-1"},"canonical":"https:\/\/www.myvize.com.tr\/rusya\/konsolosluklar\/kayseri-fahri-konsoloslugu\/","og_locale":"tr_TR","og_type":"article","og_title":"Rusya Kayseri Konsoloslu\u011fu Vize \u0130\u015flemleri - MyVize","og_description":"Rusya Kayseri Fahri Konsoloslu\u011fu Vize \u0130\u015flemleri Nelerdir? Rusya Kayseri Fahri Konsoloslu\u011fu Nerededir? Bilgi \u0130\u00e7in Hemen Aray\u0131n: 0850 346 84 93","og_url":"https:\/\/www.myvize.com.tr\/rusya\/konsolosluklar\/kayseri-fahri-konsoloslugu\/","og_site_name":"Rusya Vize","article_modified_time":"2022-06-10T09:36:09+00:00","og_image":[{"url":"https:\/\/www.myvize.com.tr\/rusya\/wp-content\/uploads\/2021\/09\/49.jpg","type":"","width":"","height":""}],"twitter_card":"summary_large_image","twitter_misc":{"Tahmini okuma s\u00fcresi":"3 dakika"},"schema":{"@context":"https:\/\/schema.org","@graph":[{"@type":"WebPage","@id":"https:\/\/www.myvize.com.tr\/rusya\/konsolosluklar\/kayseri-fahri-konsoloslugu\/","url":"https:\/\/www.myvize.com.tr\/rusya\/konsolosluklar\/kayseri-fahri-konsoloslugu\/","name":"Rusya Kayseri Konsoloslu\u011fu Vize \u0130\u015flemleri - MyVize","isPartOf":{"@id":"https:\/\/www.myvize.com.tr\/rusya\/#website"},"primaryImageOfPage":{"@id":"https:\/\/www.myvize.com.tr\/rusya\/konsolosluklar\/kayseri-fahri-konsoloslugu\/#primaryimage"},"image":{"@id":"https:\/\/www.myvize.com.tr\/rusya\/konsolosluklar\/kayseri-fahri-konsoloslugu\/#primaryimage"},"thumbnailUrl":"https:\/\/www.myvize.com.tr\/rusya\/wp-content\/uploads\/2021\/09\/49.jpg","datePublished":"2020-11-30T10:04:17+00:00","dateModified":"2022-06-10T09:36:09+00:00","description":"Rusya Kayseri Fahri Konsoloslu\u011fu Vize \u0130\u015flemleri Nelerdir? Rusya Kayseri Fahri Konsoloslu\u011fu Nerededir? Bilgi \u0130\u00e7in Hemen Aray\u0131n: 0850 346 84 93","breadcrumb":{"@id":"https:\/\/www.myvize.com.tr\/rusya\/konsolosluklar\/kayseri-fahri-konsoloslugu\/#breadcrumb"},"inLanguage":"tr","potentialAction":[{"@type":"ReadAction","target":["https:\/\/www.myvize.com.tr\/rusya\/konsolosluklar\/kayseri-fahri-konsoloslugu\/"]}]},{"@type":"ImageObject","inLanguage":"tr","@id":"https:\/\/www.myvize.com.tr\/rusya\/konsolosluklar\/kayseri-fahri-konsoloslugu\/#primaryimage","url":"https:\/\/www.myvize.com.tr\/rusya\/wp-content\/uploads\/2021\/09\/49.jpg","contentUrl":"https:\/\/www.myvize.com.tr\/rusya\/wp-content\/uploads\/2021\/09\/49.jpg","width":800,"height":500,"caption":"Rusya"},{"@type":"BreadcrumbList","@id":"https:\/\/www.myvize.com.tr\/rusya\/konsolosluklar\/kayseri-fahri-konsoloslugu\/#breadcrumb","itemListElement":[{"@type":"ListItem","position":1,"name":"Anasayfa","item":"https:\/\/www.myvize.com.tr\/rusya\/"},{"@type":"ListItem","position":2,"name":"KONSOLOSLUKLAR","item":"https:\/\/www.myvize.com.tr\/rusya\/konsolosluklar\/"},{"@type":"ListItem","position":3,"name":"Rusya Kayseri Fahri Konsoloslu\u011fu"}]},{"@type":"WebSite","@id":"https:\/\/www.myvize.com.tr\/rusya\/#website","url":"https:\/\/www.myvize.com.tr\/rusya\/","name":"Rusya Vize","description":"","potentialAction":[{"@type":"SearchAction","target":{"@type":"EntryPoint","urlTemplate":"https:\/\/www.myvize.com.tr\/rusya\/?s={search_term_string}"},"query-input":{"@type":"PropertyValueSpecification","valueRequired":true,"valueName":"search_term_string"}}],"inLanguage":"tr"}]}},"_links":{"self":[{"href":"https:\/\/www.myvize.com.tr\/rusya\/wp-json\/wp\/v2\/pages\/80","targetHints":{"allow":["GET"]}}],"collection":[{"href":"https:\/\/www.myvize.com.tr\/rusya\/wp-json\/wp\/v2\/pages"}],"about":[{"href":"https:\/\/www.myvize.com.tr\/rusya\/wp-json\/wp\/v2\/types\/page"}],"author":[{"embeddable":true,"href":"https:\/\/www.myvize.com.tr\/rusya\/wp-json\/wp\/v2\/users\/1"}],"replies":[{"embeddable":true,"href":"https:\/\/www.myvize.com.tr\/rusya\/wp-json\/wp\/v2\/comments?post=80"}],"version-history":[{"count":6,"href":"https:\/\/www.myvize.com.tr\/rusya\/wp-json\/wp\/v2\/pages\/80\/revisions"}],"predecessor-version":[{"id":1124,"href":"https:\/\/www.myvize.com.tr\/rusya\/wp-json\/wp\/v2\/pages\/80\/revisions\/1124"}],"up":[{"embeddable":true,"href":"https:\/\/www.myvize.com.tr\/rusya\/wp-json\/wp\/v2\/pages\/69"}],"wp:attachment":[{"href":"https:\/\/www.myvize.com.tr\/rusya\/wp-json\/wp\/v2\/media?parent=80"}],"curies":[{"name":"wp","href":"https:\/\/api.w.org\/{rel}","templated":true}]}}