{"id":92,"date":"2020-11-30T13:07:02","date_gmt":"2020-11-30T10:07:02","guid":{"rendered":"https:\/\/www.myvize.com.tr\/rusya\/?page_id=92"},"modified":"2022-06-27T12:04:52","modified_gmt":"2022-06-27T09:04:52","slug":"rusya-konsolosluk-islemleri","status":"publish","type":"page","link":"https:\/\/www.myvize.com.tr\/rusya\/konsolosluklar\/rusya-konsolosluk-islemleri\/","title":{"rendered":"Rusya Konsolosluk \u0130\u015flemleri"},"content":{"rendered":"<h2><strong><span style=\"font-family: Roboto; font-size: 27px;\">Rusya Konsolosluk Departmanlar\u0131<\/span><\/strong><\/h2>\n<p><span style=\"font-family: Roboto; font-size: 14px;\">Pek \u00e7ok farkl\u0131 departmanlara sahip olan <strong>Rusya konsoloslu\u011fu<\/strong> aras\u0131nda yer alan her bir b\u00f6l\u00fcm\u00fcn, kendine has g\u00f6revi sayesinde T\u00fcrk vatanda\u015f\u0131n\u0131n ve Rusya vatanda\u015flar\u0131n\u0131n i\u015flemini kolayl\u0131kla ger\u00e7ekle\u015ftirmesine olanak tan\u0131r. Vize i\u015fleminde, resm\u00ee i\u015flemde ve iki \u00fclkenin ili\u015fkisinin geli\u015ftirilmesinde konsolosluklar b\u00fcy\u00fck bir role sahiptir. <strong>Rusya konsolosluk b\u00f6l\u00fcmleri<\/strong> aras\u0131nda bulunan vize b\u00f6l\u00fcm\u00fc; konsolosluk b\u00f6l\u00fcm\u00fc aras\u0131nda yer al\u0131r ve T\u00fcrk vatanda\u015f\u0131n\u0131n vize ba\u015fvurusunu yapabildi\u011fi, vize temin edebildikleri b\u00f6l\u00fcmd\u00fcr. Konsolosluk i\u015fleri b\u00f6l\u00fcmleri de T\u00fcrkiye\u2019de ikamet etmekte olan Rusya vatanda\u015f\u0131na hizmet vermekte ve Rusya vatanda\u015f\u0131n\u0131n genel resm\u00ee i\u015fleminin ger\u00e7ekle\u015ftirilmesine olanak sa\u011flamaktad\u0131r. Y\u00f6netim b\u00f6l\u00fcm\u00fc, konsoloslu\u011fun genel idaresini sa\u011fland\u0131\u011f\u0131 b\u00f6l\u00fcmd\u00fcr. Ticaret b\u00f6l\u00fcm\u00fc ise Rusya ve T\u00fcrkiye aras\u0131ndaki ticari i\u015flemin ve ili\u015fkilerin geli\u015ftirmesi i\u00e7in \u00e7al\u0131\u015fmaktad\u0131r. Ticari i\u015f birli\u011fi geli\u015fimini sa\u011flayan bu b\u00f6l\u00fcmler, ticari anlamda T\u00fcrkiye ile Rusya ili\u015fkisini ger\u00e7ekle\u015ftiren \u00f6nemli b\u00f6l\u00fcmden biridir.\u00a0\u00a0<\/span><\/p>\n<h2><strong><span style=\"font-family: Roboto; font-size: 27px;\">Rusya Konsoloslu\u011funda Hangi \u0130\u015flemler Yap\u0131l\u0131r?<\/span><\/strong><\/h2>\n<p><span style=\"font-family: Roboto; font-size: 14px;\">Rusya konsoloslu\u011funa i\u015flemlerini yapacak olan ki\u015fi, Rusya konsoloslu\u011funda hangi i\u015flemleri yapaca\u011f\u0131n\u0131 merak etmektedir. Bu yaz\u0131 da Rusya Konsoloslu\u011fu i\u015flemi yapacak olan ki\u015filer i\u00e7in \u201cRusya Konsoloslu\u011funda hangi i\u015flemler yap\u0131l\u0131r?\u201d sorusunun cevab\u0131 verilmi\u015ftir. Rusya Konsoloslu\u011funda Rusya vatanda\u015f\u0131, T\u00fcrkiye Cumhuriyeti vatanda\u015flar\u0131 ve T\u00fcrkiye\u2019de ikamet eden di\u011fer \u00fclke vatanda\u015flar\u0131 i\u015flemlerini Rusya Konsoloslu\u011funa yapabilir. Rusya vatanda\u015f\u0131 kimlik, pasaport, ehliyet i\u015flemlerini, do\u011fum, \u00f6l\u00fcm, evlilik ve bo\u015fanma i\u015flemlerini, vergi, \u00f6l\u00fcm, askerlik ve vatanda\u015fl\u0131k i\u015flemini Rusya Konsolosluklar\u0131na yapabilmektedir. T\u00fcrkiye Cumhuriyeti ve T\u00fcrkiye\u2019de ikamet eden di\u011fer \u00fclke vatanda\u015flar\u0131 i\u015flemlerini Rusya&#8217;ya seyahatleri i\u00e7in vize muafiyeti yoksa vize almal\u0131d\u0131r. Rusya vizesini alacak olan ki\u015filer <strong>Rusya vize<\/strong> i\u015flemini Rusya Konsolosluklar\u0131nda yerine getirebilmektedir. K\u0131sacas\u0131 Rusya Konsoloslu\u011funa i\u015flem yapacak olan ki\u015filer i\u015flemini yerine getirebilmek i\u00e7in Rusya Konsoloslu\u011funda randevu almas\u0131 ve gerekli evraklarla Rusya Konsoloslu\u011funda bulunmal\u0131d\u0131r.\u00a0\u00a0<\/span><\/p>\n<h2><strong><span style=\"font-family: Roboto; font-size: 27px;\">Rusya Konsoloslu\u011fu Vize \u0130\u015flemleri<\/span><\/strong><\/h2>\n<p><span style=\"font-family: Roboto; font-size: 14px;\"><strong>Rusya&#8217;ya seyahat<\/strong> edecek olan ki\u015filer seyahat ama\u00e7lar\u0131na uygun vize almal\u0131d\u0131r. Rusya seyahati i\u00e7in vize alacak olan ki\u015filer vize i\u015flemlerinin nereden yap\u0131laca\u011f\u0131 merak etmektedir. Bu yaz\u0131 da Rusya Konsoloslu\u011fu vize ba\u015fvurusunu yapacak olan ki\u015filer i\u00e7in Rusya Konsoloslu\u011fu vize b\u00f6l\u00fcmleri hakk\u0131nda detayl\u0131 bilgi verilmi\u015ftir. Rusya Konsoloslu\u011fu vize b\u00f6l\u00fcm\u00fc, <strong>Rusya&#8217;ya seyahat edecek<\/strong> olan ki\u015filerin i\u015fleminin yap\u0131ld\u0131\u011f\u0131 Rusya Konsoloslu\u011fu b\u00f6l\u00fcm\u00fcd\u00fcr. Rusya Konsoloslu\u011fu vize b\u00f6l\u00fcm\u00fcnde i\u015flemlerini yapacak olan ki\u015filerin i\u015flemi i\u00e7in randevu almalar\u0131 zorunludur. Randevusuz i\u015flemler yap\u0131lmamaktad\u0131r. Randevu Rusya Konsoloslu\u011fu vize b\u00f6l\u00fcm\u00fc ile ileti\u015fimlere ge\u00e7erek al\u0131nabilir. Rusya Konsoloslu\u011fu vize b\u00f6l\u00fcm\u00fcnde i\u015flemlerini yapacak olan ki\u015filer \u00f6ncelikle Rusya&#8217;ya seyahat etmesi i\u00e7in bir sebebe sahip olmal\u0131d\u0131r. Bu sebeplere uygun <span style=\"color: #2acec2;\"><strong><a style=\"color: #2acec2;\" href=\"https:\/\/www.myvize.com.tr\/rusya\/vize-islemleri\/rusya-vizesi\/\" target=\"_blank\" rel=\"noopener\">Rusya vizesi<\/a><\/strong><\/span> evraklar\u0131n\u0131 eksiksiz olarak haz\u0131rlamal\u0131d\u0131r. Haz\u0131rlanan bu evraklar al\u0131nm\u0131\u015f olan Rusya Konsoloslu\u011fu vize b\u00f6l\u00fcm\u00fc randevu tarihinde yetkiliye teslim edilmelidir.\u00a0\u00a0<\/span><\/p>\n<h3><strong><span style=\"font-family: Roboto; font-size: 24px;\">Rusya Konsolosluk Pasaport \u0130\u015flemleri<\/span><\/strong><\/h3>\n<p><span style=\"font-family: Roboto; font-size: 14px;\">Rusya Konsoloslu\u011funda pasaport i\u015flemini yapacak olan ki\u015filer bu i\u015flemini Rusya konsoloslu\u011fu pasaport b\u00f6l\u00fcm\u00fcne yapabilir. Rusya konsoloslu\u011fu pasaport b\u00f6l\u00fcm\u00fcne i\u015flem yapacak olan ki\u015filer i\u015flemini nas\u0131l yapaca\u011f\u0131n\u0131 merak etmektedir. Bu yaz\u0131 da Rusya Konsoloslu\u011funa pasaport i\u015flemi yapacak olan ki\u015filer i\u00e7in Rusya konsoloslu\u011fu pasaport b\u00f6l\u00fcm hakk\u0131nda bilgiler verilmi\u015ftir.<strong> Rusya konsoloslu\u011fu pasaport<\/strong> b\u00f6l\u00fcm\u00fcne i\u015flemler yapacak olan ki\u015fi a\u015fa\u011f\u0131daki i\u015flemleri yerine getirebilir. Pasaport kaybetmi\u015f ki\u015fi kay\u0131p pasaportunun ba\u015fvurusunu yaparak yeni pasaport alabilir. Pasaport s\u00fcresi dolmu\u015f olan ki\u015filer yeni pasaport ba\u015fvurusunda bulunabilir. Yeni do\u011fmu\u015f ki\u015filer i\u00e7in pasaport ba\u015fvurular\u0131 yap\u0131labilir. Vize ba\u015fvurusunu yapm\u0131\u015f ki\u015filer pasaport teslim alabilir. Rusya konsoloslu\u011fu pasaport b\u00f6l\u00fcm\u00fc randevusuz i\u015flemler yapmamaktad\u0131r. \u0130\u015fleminizi yerine getirmeyi isteyen ki\u015filerin randevu almalar\u0131 zorunludur. Pasaport i\u015flemi i\u00e7in randevu alacak olan ki\u015filer Rusya konsoloslu\u011funun pasaport b\u00f6l\u00fcm\u00fc ile ileti\u015fime ge\u00e7erek randevusunu alabilir.<\/span><\/p>\n<p><span style=\"font-family: Roboto; font-size: 14px;\"><img decoding=\"async\" src=\"https:\/\/www.myvize.com.tr\/rusya\/wp-content\/uploads\/2021\/09\/55.jpg\" \/><\/span><\/p>\n","protected":false},"excerpt":{"rendered":"<p>Rusya Konsolosluk Departmanlar\u0131 Pek \u00e7ok farkl\u0131 departmanlara sahip olan Rusya konsoloslu\u011fu aras\u0131nda yer alan her bir b\u00f6l\u00fcm\u00fcn, kendine has g\u00f6revi sayesinde T\u00fcrk vatanda\u015f\u0131n\u0131n ve Rusya vatanda\u015flar\u0131n\u0131n i\u015flemini kolayl\u0131kla ger\u00e7ekle\u015ftirmesine olanak tan\u0131r. Vize i\u015fleminde, resm\u00ee i\u015flemde ve iki \u00fclkenin ili\u015fkisinin geli\u015ftirilmesinde konsolosluklar b\u00fcy\u00fck bir role sahiptir. Rusya konsolosluk b\u00f6l\u00fcmleri aras\u0131nda bulunan vize b\u00f6l\u00fcm\u00fc; konsolosluk b\u00f6l\u00fcm\u00fc aras\u0131nda<\/p>\n","protected":false},"author":1,"featured_media":0,"parent":69,"menu_order":0,"comment_status":"open","ping_status":"closed","template":"","meta":{"footnotes":""},"class_list":["post-92","page","type-page","status-publish","hentry"],"yoast_head":"<!-- This site is optimized with the Yoast SEO plugin v24.0 - https:\/\/yoast.com\/wordpress\/plugins\/seo\/ -->\n<title>Rusya Konsolosluk \u0130\u015flemleri Nas\u0131l Yap\u0131l\u0131r? - MyVize<\/title>\n<meta name=\"description\" content=\"Rusya Konsolosluk \u0130\u015flemleri Nelerdir? Rusya Konsolosluk \u0130\u015flemleri 2022 G\u00fcncel Bilgiler. Bilgi \u0130\u00e7in Vize Uzmanlar\u0131m\u0131z\u0131 Aray\u0131n: 0850 346 84 93\" \/>\n<meta name=\"robots\" content=\"index, follow, max-snippet:-1, max-image-preview:large, max-video-preview:-1\" \/>\n<link rel=\"canonical\" href=\"https:\/\/www.myvize.com.tr\/rusya\/konsolosluklar\/rusya-konsolosluk-islemleri\/\" \/>\n<meta property=\"og:locale\" content=\"tr_TR\" \/>\n<meta property=\"og:type\" content=\"article\" \/>\n<meta property=\"og:title\" content=\"Rusya Konsolosluk \u0130\u015flemleri Nas\u0131l Yap\u0131l\u0131r? - MyVize\" \/>\n<meta property=\"og:description\" content=\"Rusya Konsolosluk \u0130\u015flemleri Nelerdir? Rusya Konsolosluk \u0130\u015flemleri 2022 G\u00fcncel Bilgiler. Bilgi \u0130\u00e7in Vize Uzmanlar\u0131m\u0131z\u0131 Aray\u0131n: 0850 346 84 93\" \/>\n<meta property=\"og:url\" content=\"https:\/\/www.myvize.com.tr\/rusya\/konsolosluklar\/rusya-konsolosluk-islemleri\/\" \/>\n<meta property=\"og:site_name\" content=\"Rusya Vize\" \/>\n<meta property=\"article:modified_time\" content=\"2022-06-27T09:04:52+00:00\" \/>\n<meta property=\"og:image\" content=\"https:\/\/www.myvize.com.tr\/rusya\/wp-content\/uploads\/2021\/09\/55.jpg\" \/>\n<meta name=\"twitter:card\" content=\"summary_large_image\" \/>\n<meta name=\"twitter:label1\" content=\"Tahmini okuma s\u00fcresi\" \/>\n\t<meta name=\"twitter:data1\" content=\"3 dakika\" \/>\n<script type=\"application\/ld+json\" class=\"yoast-schema-graph\">{\"@context\":\"https:\/\/schema.org\",\"@graph\":[{\"@type\":\"WebPage\",\"@id\":\"https:\/\/www.myvize.com.tr\/rusya\/konsolosluklar\/rusya-konsolosluk-islemleri\/\",\"url\":\"https:\/\/www.myvize.com.tr\/rusya\/konsolosluklar\/rusya-konsolosluk-islemleri\/\",\"name\":\"Rusya Konsolosluk \u0130\u015flemleri Nas\u0131l Yap\u0131l\u0131r? - MyVize\",\"isPartOf\":{\"@id\":\"https:\/\/www.myvize.com.tr\/rusya\/#website\"},\"primaryImageOfPage\":{\"@id\":\"https:\/\/www.myvize.com.tr\/rusya\/konsolosluklar\/rusya-konsolosluk-islemleri\/#primaryimage\"},\"image\":{\"@id\":\"https:\/\/www.myvize.com.tr\/rusya\/konsolosluklar\/rusya-konsolosluk-islemleri\/#primaryimage\"},\"thumbnailUrl\":\"https:\/\/www.myvize.com.tr\/rusya\/wp-content\/uploads\/2021\/09\/55.jpg\",\"datePublished\":\"2020-11-30T10:07:02+00:00\",\"dateModified\":\"2022-06-27T09:04:52+00:00\",\"description\":\"Rusya Konsolosluk \u0130\u015flemleri Nelerdir? Rusya Konsolosluk \u0130\u015flemleri 2022 G\u00fcncel Bilgiler. Bilgi \u0130\u00e7in Vize Uzmanlar\u0131m\u0131z\u0131 Aray\u0131n: 0850 346 84 93\",\"breadcrumb\":{\"@id\":\"https:\/\/www.myvize.com.tr\/rusya\/konsolosluklar\/rusya-konsolosluk-islemleri\/#breadcrumb\"},\"inLanguage\":\"tr\",\"potentialAction\":[{\"@type\":\"ReadAction\",\"target\":[\"https:\/\/www.myvize.com.tr\/rusya\/konsolosluklar\/rusya-konsolosluk-islemleri\/\"]}]},{\"@type\":\"ImageObject\",\"inLanguage\":\"tr\",\"@id\":\"https:\/\/www.myvize.com.tr\/rusya\/konsolosluklar\/rusya-konsolosluk-islemleri\/#primaryimage\",\"url\":\"https:\/\/www.myvize.com.tr\/rusya\/wp-content\/uploads\/2021\/09\/55.jpg\",\"contentUrl\":\"https:\/\/www.myvize.com.tr\/rusya\/wp-content\/uploads\/2021\/09\/55.jpg\",\"width\":800,\"height\":500,\"caption\":\"Rusya\"},{\"@type\":\"BreadcrumbList\",\"@id\":\"https:\/\/www.myvize.com.tr\/rusya\/konsolosluklar\/rusya-konsolosluk-islemleri\/#breadcrumb\",\"itemListElement\":[{\"@type\":\"ListItem\",\"position\":1,\"name\":\"Anasayfa\",\"item\":\"https:\/\/www.myvize.com.tr\/rusya\/\"},{\"@type\":\"ListItem\",\"position\":2,\"name\":\"KONSOLOSLUKLAR\",\"item\":\"https:\/\/www.myvize.com.tr\/rusya\/konsolosluklar\/\"},{\"@type\":\"ListItem\",\"position\":3,\"name\":\"Rusya Konsolosluk \u0130\u015flemleri\"}]},{\"@type\":\"WebSite\",\"@id\":\"https:\/\/www.myvize.com.tr\/rusya\/#website\",\"url\":\"https:\/\/www.myvize.com.tr\/rusya\/\",\"name\":\"Rusya Vize\",\"description\":\"\",\"potentialAction\":[{\"@type\":\"SearchAction\",\"target\":{\"@type\":\"EntryPoint\",\"urlTemplate\":\"https:\/\/www.myvize.com.tr\/rusya\/?s={search_term_string}\"},\"query-input\":{\"@type\":\"PropertyValueSpecification\",\"valueRequired\":true,\"valueName\":\"search_term_string\"}}],\"inLanguage\":\"tr\"}]}<\/script>\n<!-- \/ Yoast SEO plugin. -->","yoast_head_json":{"title":"Rusya Konsolosluk \u0130\u015flemleri Nas\u0131l Yap\u0131l\u0131r? - MyVize","description":"Rusya Konsolosluk \u0130\u015flemleri Nelerdir? Rusya Konsolosluk \u0130\u015flemleri 2022 G\u00fcncel Bilgiler. Bilgi \u0130\u00e7in Vize Uzmanlar\u0131m\u0131z\u0131 Aray\u0131n: 0850 346 84 93","robots":{"index":"index","follow":"follow","max-snippet":"max-snippet:-1","max-image-preview":"max-image-preview:large","max-video-preview":"max-video-preview:-1"},"canonical":"https:\/\/www.myvize.com.tr\/rusya\/konsolosluklar\/rusya-konsolosluk-islemleri\/","og_locale":"tr_TR","og_type":"article","og_title":"Rusya Konsolosluk \u0130\u015flemleri Nas\u0131l Yap\u0131l\u0131r? - MyVize","og_description":"Rusya Konsolosluk \u0130\u015flemleri Nelerdir? Rusya Konsolosluk \u0130\u015flemleri 2022 G\u00fcncel Bilgiler. Bilgi \u0130\u00e7in Vize Uzmanlar\u0131m\u0131z\u0131 Aray\u0131n: 0850 346 84 93","og_url":"https:\/\/www.myvize.com.tr\/rusya\/konsolosluklar\/rusya-konsolosluk-islemleri\/","og_site_name":"Rusya Vize","article_modified_time":"2022-06-27T09:04:52+00:00","og_image":[{"url":"https:\/\/www.myvize.com.tr\/rusya\/wp-content\/uploads\/2021\/09\/55.jpg","type":"","width":"","height":""}],"twitter_card":"summary_large_image","twitter_misc":{"Tahmini okuma s\u00fcresi":"3 dakika"},"schema":{"@context":"https:\/\/schema.org","@graph":[{"@type":"WebPage","@id":"https:\/\/www.myvize.com.tr\/rusya\/konsolosluklar\/rusya-konsolosluk-islemleri\/","url":"https:\/\/www.myvize.com.tr\/rusya\/konsolosluklar\/rusya-konsolosluk-islemleri\/","name":"Rusya Konsolosluk \u0130\u015flemleri Nas\u0131l Yap\u0131l\u0131r? - MyVize","isPartOf":{"@id":"https:\/\/www.myvize.com.tr\/rusya\/#website"},"primaryImageOfPage":{"@id":"https:\/\/www.myvize.com.tr\/rusya\/konsolosluklar\/rusya-konsolosluk-islemleri\/#primaryimage"},"image":{"@id":"https:\/\/www.myvize.com.tr\/rusya\/konsolosluklar\/rusya-konsolosluk-islemleri\/#primaryimage"},"thumbnailUrl":"https:\/\/www.myvize.com.tr\/rusya\/wp-content\/uploads\/2021\/09\/55.jpg","datePublished":"2020-11-30T10:07:02+00:00","dateModified":"2022-06-27T09:04:52+00:00","description":"Rusya Konsolosluk \u0130\u015flemleri Nelerdir? Rusya Konsolosluk \u0130\u015flemleri 2022 G\u00fcncel Bilgiler. Bilgi \u0130\u00e7in Vize Uzmanlar\u0131m\u0131z\u0131 Aray\u0131n: 0850 346 84 93","breadcrumb":{"@id":"https:\/\/www.myvize.com.tr\/rusya\/konsolosluklar\/rusya-konsolosluk-islemleri\/#breadcrumb"},"inLanguage":"tr","potentialAction":[{"@type":"ReadAction","target":["https:\/\/www.myvize.com.tr\/rusya\/konsolosluklar\/rusya-konsolosluk-islemleri\/"]}]},{"@type":"ImageObject","inLanguage":"tr","@id":"https:\/\/www.myvize.com.tr\/rusya\/konsolosluklar\/rusya-konsolosluk-islemleri\/#primaryimage","url":"https:\/\/www.myvize.com.tr\/rusya\/wp-content\/uploads\/2021\/09\/55.jpg","contentUrl":"https:\/\/www.myvize.com.tr\/rusya\/wp-content\/uploads\/2021\/09\/55.jpg","width":800,"height":500,"caption":"Rusya"},{"@type":"BreadcrumbList","@id":"https:\/\/www.myvize.com.tr\/rusya\/konsolosluklar\/rusya-konsolosluk-islemleri\/#breadcrumb","itemListElement":[{"@type":"ListItem","position":1,"name":"Anasayfa","item":"https:\/\/www.myvize.com.tr\/rusya\/"},{"@type":"ListItem","position":2,"name":"KONSOLOSLUKLAR","item":"https:\/\/www.myvize.com.tr\/rusya\/konsolosluklar\/"},{"@type":"ListItem","position":3,"name":"Rusya Konsolosluk \u0130\u015flemleri"}]},{"@type":"WebSite","@id":"https:\/\/www.myvize.com.tr\/rusya\/#website","url":"https:\/\/www.myvize.com.tr\/rusya\/","name":"Rusya Vize","description":"","potentialAction":[{"@type":"SearchAction","target":{"@type":"EntryPoint","urlTemplate":"https:\/\/www.myvize.com.tr\/rusya\/?s={search_term_string}"},"query-input":{"@type":"PropertyValueSpecification","valueRequired":true,"valueName":"search_term_string"}}],"inLanguage":"tr"}]}},"_links":{"self":[{"href":"https:\/\/www.myvize.com.tr\/rusya\/wp-json\/wp\/v2\/pages\/92","targetHints":{"allow":["GET"]}}],"collection":[{"href":"https:\/\/www.myvize.com.tr\/rusya\/wp-json\/wp\/v2\/pages"}],"about":[{"href":"https:\/\/www.myvize.com.tr\/rusya\/wp-json\/wp\/v2\/types\/page"}],"author":[{"embeddable":true,"href":"https:\/\/www.myvize.com.tr\/rusya\/wp-json\/wp\/v2\/users\/1"}],"replies":[{"embeddable":true,"href":"https:\/\/www.myvize.com.tr\/rusya\/wp-json\/wp\/v2\/comments?post=92"}],"version-history":[{"count":6,"href":"https:\/\/www.myvize.com.tr\/rusya\/wp-json\/wp\/v2\/pages\/92\/revisions"}],"predecessor-version":[{"id":741,"href":"https:\/\/www.myvize.com.tr\/rusya\/wp-json\/wp\/v2\/pages\/92\/revisions\/741"}],"up":[{"embeddable":true,"href":"https:\/\/www.myvize.com.tr\/rusya\/wp-json\/wp\/v2\/pages\/69"}],"wp:attachment":[{"href":"https:\/\/www.myvize.com.tr\/rusya\/wp-json\/wp\/v2\/media?parent=92"}],"curies":[{"name":"wp","href":"https:\/\/api.w.org\/{rel}","templated":true}]}}