{"id":18,"date":"2020-11-30T08:50:13","date_gmt":"2020-11-30T05:50:13","guid":{"rendered":"https:\/\/www.myvize.com.tr\/vietnam\/?page_id=18"},"modified":"2022-06-18T11:17:25","modified_gmt":"2022-06-18T08:17:25","slug":"vize-islemleri","status":"publish","type":"page","link":"https:\/\/www.myvize.com.tr\/vietnam\/vize-islemleri\/","title":{"rendered":"V\u0130ZE \u0130\u015eLEMLER\u0130"},"content":{"rendered":"<p><span style=\"font-family: Roboto;\"><\/span><\/p>\r\n<p><span style=\"font-family: Roboto; font-size: 14px;\">Vietnam \u00c7inhindi Yar\u0131madas\u0131\u2019n\u0131n do\u011fusunda bulunuyor. Ayn\u0131 zamanda G\u00fcney Asya\u2019da yer alan \u00fclkenin en b\u00fcy\u00fck \u015fehri Ho Chi Minh\u2019dir. Etkileyici bir do\u011fas\u0131 olan Vietnam farkl\u0131 \u00fclkelerden her sene ziyaret ediliyor. T\u00fcrkiye\u2019den Vietnam\u2019a gitmek i\u00e7in vize prosed\u00fcrlerinin yerine getirilmesi gerekiyor. Hususi, Hizmet ve Diplomatik pasaportlara vize muafiyeti sa\u011flansa da Bordo yani Umuma Mahsus pasaport sahiplerinin mecbur surette vize almas\u0131 \u015fart\u0131 vard\u0131r. \u00dclkeye seyahat edecek olan ki\u015filer \u015fu kategorilerde ki vize ba\u015fvurular\u0131 yapabilirler:<\/span><\/p>\r\n<p><span style=\"font-family: Roboto; font-size: 14px;\">\r\n\r\n<\/span><\/p>\r\n<p><span style=\"font-family: Roboto; font-size: 14px;\">l <span style=\"color: #2acec2;\"><strong><a style=\"color: #2acec2;\" href=\"https:\/\/www.myvize.com.tr\/vietnam\/vize-islemleri\/vietnam-turistik-vize\/\" target=\"_blank\" rel=\"noopener\">Vietnam Turistik Vize<\/a><\/strong><\/span><\/span><\/p>\r\n<p><span style=\"font-family: Roboto; font-size: 14px;\">\r\n\r\n<\/span><\/p>\r\n<p><span style=\"font-family: Roboto; font-size: 14px;\">l Ticari Vize<\/span><\/p>\r\n<p><span style=\"font-family: Roboto; font-size: 14px;\">\r\n\r\n<\/span><\/p>\r\n<p><span style=\"font-family: Roboto; font-size: 14px;\">l Aile Ziyareti vizesi<\/span><\/p>\r\n<p><span style=\"font-family: Roboto; font-size: 14px;\">\r\n\r\n<\/span><\/p>\r\n<p><span style=\"font-family: Roboto; font-size: 14px;\">Bu vize t\u00fcrleri i\u00e7erisinde \u00f6zel evrak talebinde bulunabilmesi durumu vard\u0131r. Standart evraklar\u0131n\u0131z\u0131 haz\u0131rlad\u0131ktan sonra mutlaka hangi vize t\u00fcr\u00fcne ba\u015fvuru yapacaksan\u0131z o vizenin evraklar\u0131n\u0131 da temin etmeniz gereklidir.<\/span><\/p>\r\n<p><span style=\"font-family: Roboto; font-size: 14px;\">\r\n\r\n<\/span><\/p>\r\n<h2><span style=\"font-family: Roboto; font-size: 27px;\"><strong>Vietnam Vize Ba\u015fvurusu Nereye Yap\u0131l\u0131r?<\/strong><\/span><\/h2>\r\n<p><span style=\"font-family: Roboto; font-size: 14px;\">\r\n\r\n<\/span><\/p>\r\n<p><span style=\"font-family: Roboto; font-size: 14px;\">Vize i\u015flemleri i\u00e7in gereken her t\u00fcrden evrak\u0131 haz\u0131rlayan ve vize \u00fccretini yat\u0131ran ki\u015filer Ankara Vietnam Sosyalist Cumhuriyeti B\u00fcy\u00fckel\u00e7ili\u011fi\u2019ne \u015fahsen ba\u015fvuru yapabilirler. Ba\u015fka \u015fehirlerde ya\u015fayan T\u00fcrk vatanda\u015flar\u0131 ise kurum taraf\u0131ndan yetki verilen vize ba\u015fvuru merkezleri arac\u0131l\u0131\u011f\u0131 ile i\u015flemlerini ger\u00e7ekle\u015ftirebilirler. <span style=\"color: #2acec2;\"><strong><a style=\"color: #2acec2;\" href=\"https:\/\/www.myvize.com.tr\/vietnam\/vize-islemleri\/vietnam-vizesi\/\" target=\"_blank\" rel=\"noopener\">Vietnam vizesi<\/a><\/strong><\/span> i\u00e7in istenilen evraklarda g\u00fcncellik, do\u011fruluk ve eksiksizlik esas konulard\u0131r.<\/span><\/p>\r\n<p><span style=\"font-family: Roboto; font-size: 14px;\"> <img decoding=\"async\" src=\"https:\/\/www.myvize.com.tr\/vietnam\/wp-content\/uploads\/2021\/10\/1.jpg\" \/> <\/span><\/p>\r\n<h2><span style=\"font-family: Roboto; font-size: 27px;\"><strong>Vietnam Vize Form ve Dilek\u00e7eleri<\/strong><\/span><\/h2>\r\n<p><span style=\"font-family: Roboto; font-size: 14px;\">\r\n\r\n<\/span><\/p>\r\n<p><span style=\"font-family: Roboto; font-size: 14px;\"><strong>Vietnam vizesi<\/strong> al\u0131rken pasaport kadar \u00f6nemli olan bir\u00e7ok belge vard\u0131r. Bunlardan birisi de ba\u015fvuru formudur. Ba\u015fvuru formunda seyahatinizin tarihlerini, konaklama bilgilerini, finansal ve \u00e7al\u0131\u015fma bilgilerinizi, pasaport bilgilerini ve kimlik bilgilerini detayl\u0131 olarak belirtmelisiniz. Ayn\u0131 zamanda <strong>Vietnam vizesi<\/strong> i\u00e7in mutlaka vize t\u00fcr\u00fcn\u00fc de formda i\u015faretlemeniz gerekiyor.<\/span><\/p>\r\n<p><span style=\"font-family: Roboto; font-size: 14px;\">\r\n\r\n<\/span><\/p>\r\n<p><span style=\"font-family: Roboto; font-size: 14px;\">Dilek\u00e7enizde seyahatiniz ile ilgili t\u00fcm detaylara yer vermelisiniz. Dilek\u00e7enizde seyahat tarihlerinizi net \u015fekilde belirtmeniz gereklidir. Ayn\u0131 zamanda \u00fclkede neler yapaca\u011f\u0131n\u0131za de\u011finmeli ve daha \u00f6nceden vize alm\u0131\u015fsan\u0131z bununla ilgili de bilgiler vermelisiniz. Vietnam vize dilek\u00e7enizi mutlaka \u0131slak imzal\u0131 olarak dosyaya eklemeniz gerekiyor. 15-20 i\u015f g\u00fcn\u00fc i\u00e7erisinde vizeniz sizlere veriliyor.<\/span><\/p>\r\n<h2><span style=\"font-family: Roboto; font-size: 27px;\"><strong>Vietnam Vizesi \u0130\u00e7in Gereken Belgeler\u00a0<\/strong><\/span><\/h2>\r\n<p><span style=\"font-family: Roboto; font-size: 14px;\">\u00a0\u00a0<strong>Vietnam<\/strong>\u00a0<strong>vize<\/strong>\u00a0t\u00fcrleri i\u00e7in ba\u015fvuru yapacak olan ki\u015filerden, istenen evraklar\u0131n tamamlanarak teslim edilmesi i\u015flemi eksiksiz olarak uygulanmas\u0131 gereken bir prosed\u00fcrd\u00fcr.<strong> Vietnam vizesi<\/strong> onay\u0131 al\u0131nmas\u0131 i\u00e7in talep edilen evraklar, vize t\u00fcr\u00fcne g\u00f6re de\u011fi\u015fiklik g\u00f6stermektedir. \u00d6ncelikle m\u00fcracaatta bulunulacak\u00a0<strong>Vietnam<\/strong>\u00a0<strong>vizesi<\/strong>\u00a0i\u00e7in haz\u0131rlanmas\u0131 gereken belgeler aras\u0131nda bir davetiye ve dilek\u00e7enin olmas\u0131 gereklidir. Bu belgelerin dili ise \u0130ngilizce olarak doldurulmal\u0131d\u0131r. <span style=\"color: #2acec2;\"><strong><a style=\"color: #2acec2;\" href=\"https:\/\/www.myvize.com.tr\/vietnam\/vize-islemleri\/vietnam-ticari-vize\/\" target=\"_blank\" rel=\"noopener\">Vietnam ticari vize<\/a><\/strong><\/span> ve turistik vizesi i\u00e7in pasaport, seyahat sa\u011fl\u0131k sigortas\u0131, biyometrik foto\u011fraf, otel ve u\u00e7ak rezervasyonu gibi belgeler talep edilmektedir. Ayr\u0131ca <strong>Vietnam turistik vize<\/strong> i\u00e7in C1 belgesi, <strong>Vietnam ticari vize<\/strong> i\u00e7in ise B1 belgesi al\u0131nmas\u0131 zorunlu tutulmaktad\u0131r. Bu 2 evrak birbirinden tamamen farkl\u0131 evraklard\u0131r ve bu evraklar i\u00e7in uygulanan prosed\u00fcrler de farkl\u0131la\u015fmaktad\u0131r. Yine<strong> ticari vize<\/strong> i\u00e7in \u00fclkede ziyaret edilecek olan firman\u0131n ba\u015fvuru sahibine bir davet mektubu g\u00f6ndermesi gerekmektedir. G\u00f6r\u00fcld\u00fc\u011f\u00fc \u00fczere farkl\u0131 vize t\u00fcrleri i\u00e7in istenen evraklar da de\u011fi\u015fmektedir. Bu nedenden \u00f6t\u00fcr\u00fc seyahat amac\u0131na uygun olan Vietnam vizesi i\u00e7in hangi belgeler isteniyorsa ona dikkat ederek ba\u015fvuruda bulunulmal\u0131d\u0131r.\u00a0<strong>Vietnam<\/strong>\u00a0<strong>vizesi<\/strong>\u00a0<strong>i\u00e7in<\/strong>\u00a0<strong>gereken<\/strong>\u00a0<strong>belgeler<\/strong>\u00a0listesine, website adresi \u00fczerinden vize t\u00fcrleri i\u00e7in haz\u0131rlanm\u0131\u015f olan k\u0131s\u0131m ziyaret edilerek ula\u015fmak m\u00fcmk\u00fcnd\u00fcr.\u00a0<\/span><\/p>\r\n<p>&nbsp;<\/p>\r\n<p><span style=\"font-family: Roboto;\"><\/span><\/p>","protected":false},"excerpt":{"rendered":"<p>Vietnam \u00c7inhindi Yar\u0131madas\u0131\u2019n\u0131n do\u011fusunda bulunuyor. Ayn\u0131 zamanda G\u00fcney Asya\u2019da yer alan \u00fclkenin en b\u00fcy\u00fck \u015fehri Ho Chi Minh\u2019dir. Etkileyici bir do\u011fas\u0131 olan Vietnam farkl\u0131 \u00fclkelerden her sene ziyaret ediliyor. T\u00fcrkiye\u2019den Vietnam\u2019a gitmek i\u00e7in vize prosed\u00fcrlerinin yerine getirilmesi gerekiyor. Hususi, Hizmet ve Diplomatik pasaportlara vize muafiyeti sa\u011flansa da Bordo yani Umuma Mahsus pasaport sahiplerinin mecbur surette<\/p>\n","protected":false},"author":1,"featured_media":0,"parent":0,"menu_order":0,"comment_status":"open","ping_status":"closed","template":"","meta":{"footnotes":""},"class_list":["post-18","page","type-page","status-publish","hentry"],"yoast_head":"<!-- This site is optimized with the Yoast SEO plugin v24.0 - https:\/\/yoast.com\/wordpress\/plugins\/seo\/ -->\n<title>Vietnam Vize i\u015flemleri - Vietnam Vize Ba\u015fvuru - MyVize<\/title>\n<meta name=\"description\" content=\"Vietnam vize i\u015flemleri gerekli evraklar g\u00fcncel. Vietnam vize i\u015flemleri randevu al\u0131m\u0131 ve i\u015flem s\u00fcreci g\u00f6rsel anlat\u0131m.\" \/>\n<meta name=\"robots\" content=\"index, follow, max-snippet:-1, max-image-preview:large, max-video-preview:-1\" \/>\n<link rel=\"canonical\" href=\"https:\/\/www.myvize.com.tr\/vietnam\/vize-islemleri\/\" \/>\n<meta property=\"og:locale\" content=\"tr_TR\" \/>\n<meta property=\"og:type\" content=\"article\" \/>\n<meta property=\"og:title\" content=\"Vietnam Vize i\u015flemleri - Vietnam Vize Ba\u015fvuru - MyVize\" \/>\n<meta property=\"og:description\" content=\"Vietnam vize i\u015flemleri gerekli evraklar g\u00fcncel. Vietnam vize i\u015flemleri randevu al\u0131m\u0131 ve i\u015flem s\u00fcreci g\u00f6rsel anlat\u0131m.\" \/>\n<meta property=\"og:url\" content=\"https:\/\/www.myvize.com.tr\/vietnam\/vize-islemleri\/\" \/>\n<meta property=\"og:site_name\" content=\"Vietnam Vizesi\" \/>\n<meta property=\"article:modified_time\" content=\"2022-06-18T08:17:25+00:00\" \/>\n<meta property=\"og:image\" content=\"https:\/\/www.myvize.com.tr\/vietnam\/wp-content\/uploads\/2021\/10\/1.jpg\" \/>\n<meta name=\"twitter:card\" content=\"summary_large_image\" \/>\n<meta name=\"twitter:label1\" content=\"Tahmini okuma s\u00fcresi\" \/>\n\t<meta name=\"twitter:data1\" content=\"3 dakika\" \/>\n<script type=\"application\/ld+json\" class=\"yoast-schema-graph\">{\"@context\":\"https:\/\/schema.org\",\"@graph\":[{\"@type\":\"WebPage\",\"@id\":\"https:\/\/www.myvize.com.tr\/vietnam\/vize-islemleri\/\",\"url\":\"https:\/\/www.myvize.com.tr\/vietnam\/vize-islemleri\/\",\"name\":\"Vietnam Vize i\u015flemleri - Vietnam Vize Ba\u015fvuru - MyVize\",\"isPartOf\":{\"@id\":\"https:\/\/www.myvize.com.tr\/vietnam\/#website\"},\"primaryImageOfPage\":{\"@id\":\"https:\/\/www.myvize.com.tr\/vietnam\/vize-islemleri\/#primaryimage\"},\"image\":{\"@id\":\"https:\/\/www.myvize.com.tr\/vietnam\/vize-islemleri\/#primaryimage\"},\"thumbnailUrl\":\"https:\/\/www.myvize.com.tr\/vietnam\/wp-content\/uploads\/2021\/10\/1.jpg\",\"datePublished\":\"2020-11-30T05:50:13+00:00\",\"dateModified\":\"2022-06-18T08:17:25+00:00\",\"description\":\"Vietnam vize i\u015flemleri gerekli evraklar g\u00fcncel. Vietnam vize i\u015flemleri randevu al\u0131m\u0131 ve i\u015flem s\u00fcreci g\u00f6rsel anlat\u0131m.\",\"breadcrumb\":{\"@id\":\"https:\/\/www.myvize.com.tr\/vietnam\/vize-islemleri\/#breadcrumb\"},\"inLanguage\":\"tr\",\"potentialAction\":[{\"@type\":\"ReadAction\",\"target\":[\"https:\/\/www.myvize.com.tr\/vietnam\/vize-islemleri\/\"]}]},{\"@type\":\"ImageObject\",\"inLanguage\":\"tr\",\"@id\":\"https:\/\/www.myvize.com.tr\/vietnam\/vize-islemleri\/#primaryimage\",\"url\":\"https:\/\/www.myvize.com.tr\/vietnam\/wp-content\/uploads\/2021\/10\/1.jpg\",\"contentUrl\":\"https:\/\/www.myvize.com.tr\/vietnam\/wp-content\/uploads\/2021\/10\/1.jpg\",\"width\":800,\"height\":500,\"caption\":\"Vietnam Vize \u0130\u015flemleri\"},{\"@type\":\"BreadcrumbList\",\"@id\":\"https:\/\/www.myvize.com.tr\/vietnam\/vize-islemleri\/#breadcrumb\",\"itemListElement\":[{\"@type\":\"ListItem\",\"position\":1,\"name\":\"Anasayfa\",\"item\":\"https:\/\/www.myvize.com.tr\/vietnam\/\"},{\"@type\":\"ListItem\",\"position\":2,\"name\":\"V\u0130ZE \u0130\u015eLEMLER\u0130\"}]},{\"@type\":\"WebSite\",\"@id\":\"https:\/\/www.myvize.com.tr\/vietnam\/#website\",\"url\":\"https:\/\/www.myvize.com.tr\/vietnam\/\",\"name\":\"Vietnam Vizesi\",\"description\":\"\",\"potentialAction\":[{\"@type\":\"SearchAction\",\"target\":{\"@type\":\"EntryPoint\",\"urlTemplate\":\"https:\/\/www.myvize.com.tr\/vietnam\/?s={search_term_string}\"},\"query-input\":{\"@type\":\"PropertyValueSpecification\",\"valueRequired\":true,\"valueName\":\"search_term_string\"}}],\"inLanguage\":\"tr\"}]}<\/script>\n<!-- \/ Yoast SEO plugin. -->","yoast_head_json":{"title":"Vietnam Vize i\u015flemleri - Vietnam Vize Ba\u015fvuru - MyVize","description":"Vietnam vize i\u015flemleri gerekli evraklar g\u00fcncel. Vietnam vize i\u015flemleri randevu al\u0131m\u0131 ve i\u015flem s\u00fcreci g\u00f6rsel anlat\u0131m.","robots":{"index":"index","follow":"follow","max-snippet":"max-snippet:-1","max-image-preview":"max-image-preview:large","max-video-preview":"max-video-preview:-1"},"canonical":"https:\/\/www.myvize.com.tr\/vietnam\/vize-islemleri\/","og_locale":"tr_TR","og_type":"article","og_title":"Vietnam Vize i\u015flemleri - Vietnam Vize Ba\u015fvuru - MyVize","og_description":"Vietnam vize i\u015flemleri gerekli evraklar g\u00fcncel. Vietnam vize i\u015flemleri randevu al\u0131m\u0131 ve i\u015flem s\u00fcreci g\u00f6rsel anlat\u0131m.","og_url":"https:\/\/www.myvize.com.tr\/vietnam\/vize-islemleri\/","og_site_name":"Vietnam Vizesi","article_modified_time":"2022-06-18T08:17:25+00:00","og_image":[{"url":"https:\/\/www.myvize.com.tr\/vietnam\/wp-content\/uploads\/2021\/10\/1.jpg","type":"","width":"","height":""}],"twitter_card":"summary_large_image","twitter_misc":{"Tahmini okuma s\u00fcresi":"3 dakika"},"schema":{"@context":"https:\/\/schema.org","@graph":[{"@type":"WebPage","@id":"https:\/\/www.myvize.com.tr\/vietnam\/vize-islemleri\/","url":"https:\/\/www.myvize.com.tr\/vietnam\/vize-islemleri\/","name":"Vietnam Vize i\u015flemleri - Vietnam Vize Ba\u015fvuru - MyVize","isPartOf":{"@id":"https:\/\/www.myvize.com.tr\/vietnam\/#website"},"primaryImageOfPage":{"@id":"https:\/\/www.myvize.com.tr\/vietnam\/vize-islemleri\/#primaryimage"},"image":{"@id":"https:\/\/www.myvize.com.tr\/vietnam\/vize-islemleri\/#primaryimage"},"thumbnailUrl":"https:\/\/www.myvize.com.tr\/vietnam\/wp-content\/uploads\/2021\/10\/1.jpg","datePublished":"2020-11-30T05:50:13+00:00","dateModified":"2022-06-18T08:17:25+00:00","description":"Vietnam vize i\u015flemleri gerekli evraklar g\u00fcncel. Vietnam vize i\u015flemleri randevu al\u0131m\u0131 ve i\u015flem s\u00fcreci g\u00f6rsel anlat\u0131m.","breadcrumb":{"@id":"https:\/\/www.myvize.com.tr\/vietnam\/vize-islemleri\/#breadcrumb"},"inLanguage":"tr","potentialAction":[{"@type":"ReadAction","target":["https:\/\/www.myvize.com.tr\/vietnam\/vize-islemleri\/"]}]},{"@type":"ImageObject","inLanguage":"tr","@id":"https:\/\/www.myvize.com.tr\/vietnam\/vize-islemleri\/#primaryimage","url":"https:\/\/www.myvize.com.tr\/vietnam\/wp-content\/uploads\/2021\/10\/1.jpg","contentUrl":"https:\/\/www.myvize.com.tr\/vietnam\/wp-content\/uploads\/2021\/10\/1.jpg","width":800,"height":500,"caption":"Vietnam Vize \u0130\u015flemleri"},{"@type":"BreadcrumbList","@id":"https:\/\/www.myvize.com.tr\/vietnam\/vize-islemleri\/#breadcrumb","itemListElement":[{"@type":"ListItem","position":1,"name":"Anasayfa","item":"https:\/\/www.myvize.com.tr\/vietnam\/"},{"@type":"ListItem","position":2,"name":"V\u0130ZE \u0130\u015eLEMLER\u0130"}]},{"@type":"WebSite","@id":"https:\/\/www.myvize.com.tr\/vietnam\/#website","url":"https:\/\/www.myvize.com.tr\/vietnam\/","name":"Vietnam Vizesi","description":"","potentialAction":[{"@type":"SearchAction","target":{"@type":"EntryPoint","urlTemplate":"https:\/\/www.myvize.com.tr\/vietnam\/?s={search_term_string}"},"query-input":{"@type":"PropertyValueSpecification","valueRequired":true,"valueName":"search_term_string"}}],"inLanguage":"tr"}]}},"_links":{"self":[{"href":"https:\/\/www.myvize.com.tr\/vietnam\/wp-json\/wp\/v2\/pages\/18","targetHints":{"allow":["GET"]}}],"collection":[{"href":"https:\/\/www.myvize.com.tr\/vietnam\/wp-json\/wp\/v2\/pages"}],"about":[{"href":"https:\/\/www.myvize.com.tr\/vietnam\/wp-json\/wp\/v2\/types\/page"}],"author":[{"embeddable":true,"href":"https:\/\/www.myvize.com.tr\/vietnam\/wp-json\/wp\/v2\/users\/1"}],"replies":[{"embeddable":true,"href":"https:\/\/www.myvize.com.tr\/vietnam\/wp-json\/wp\/v2\/comments?post=18"}],"version-history":[{"count":5,"href":"https:\/\/www.myvize.com.tr\/vietnam\/wp-json\/wp\/v2\/pages\/18\/revisions"}],"predecessor-version":[{"id":691,"href":"https:\/\/www.myvize.com.tr\/vietnam\/wp-json\/wp\/v2\/pages\/18\/revisions\/691"}],"wp:attachment":[{"href":"https:\/\/www.myvize.com.tr\/vietnam\/wp-json\/wp\/v2\/media?parent=18"}],"curies":[{"name":"wp","href":"https:\/\/api.w.org\/{rel}","templated":true}]}}