{"id":37,"date":"2020-11-30T12:45:46","date_gmt":"2020-11-30T09:45:46","guid":{"rendered":"https:\/\/www.myvize.com.tr\/vietnam\/?page_id=37"},"modified":"2022-05-06T14:36:59","modified_gmt":"2022-05-06T11:36:59","slug":"vietnam-aile-birlesimi-vizesi","status":"publish","type":"page","link":"https:\/\/www.myvize.com.tr\/vietnam\/vize-islemleri\/vietnam-aile-birlesimi-vizesi\/","title":{"rendered":"Vietnam Aile Birle\u015fimi Vizesi"},"content":{"rendered":"<p><span style=\"font-family: Roboto; font-size: 14px;\"><strong>Vietnam aile birle\u015fimi vizesi<\/strong> talebinde bulunabilmek i\u00e7in \u00f6ncelikle vatanda\u015flar\u0131n Vietnam\u2019a giri\u015f yapmas\u0131 ve Vietnam\u2019da aile birle\u015fimi y\u00f6n\u00fcnden yasala\u015fma ger\u00e7ekle\u015ftirecek bir \u015fekilde evrak talep etmeleri laz\u0131md\u0131r. Bu kapsamda verilecek olan evrak, \u00fclkede yasal olarak ikamet edebilmek a\u00e7\u0131s\u0131ndan \u00f6nem arz etmektedir.\u00a0<\/span><\/p>\n<p><span style=\"font-family: Roboto; font-size: 14px;\">\u00a0<strong>Vietnam<\/strong>\u00a0<strong>aile<\/strong>\u00a0<strong>birle\u015fimi<\/strong>\u00a0<strong>vizesi<\/strong> almak i\u00e7in istenen belgeler ise \u015fu \u015fekildedir: Islak imzal\u0131 <a href=\"https:\/\/www.myvize.com.tr\/vietnam\/vize-islemleri\/vietnam-vize-basvuru-formu\/\" target=\"_blank\" rel=\"noopener\"><span style=\"color: #2acec2;\"><strong>Vietnam vize ba\u015fvuru formu<\/strong><\/span><\/a>, n\u00fcfus c\u00fczdan\u0131 fotokopisi, <strong>vize ba\u015fvurusu<\/strong> har\u00e7 dekontlar\u0131, en az 1 y\u0131l ge\u00e7erli olacak \u015fekilde pasaport ve fotokopisi, 2 adet g\u00fcncel biyometrik foto\u011fraf, Vietnam\u2019da bulunan <strong>oturma izni<\/strong> ve oturma kart\u0131n\u0131n bir fotokopisi, yabanc\u0131 dil bilgisini g\u00f6steren belgeler, evli olan ki\u015filer i\u00e7in evlilik c\u00fczdan\u0131 ile \u00e7iftler aras\u0131ndaki ba\u011f\u0131 g\u00f6steren bir n\u00fcfus kay\u0131t \u00f6rne\u011fi,18 ya\u015f\u0131n alt\u0131ndaki ba\u015fvuru sahipleri i\u00e7in ebeveynleri taraf\u0131ndan haz\u0131rlanacak olan muvafakat name belgesi, Vietnam&#8217;dan davet mektubu g\u00f6nderecek olan \u015fahs\u0131n, en az son 6 ayda d\u00fczenli bir bi\u00e7imde gelir elde etti\u011fini g\u00f6steren belgeler ile sa\u011fl\u0131k sigortas\u0131 belgesi, <strong>vize ba\u015fvurusu<\/strong> yapacak olan ki\u015fiye sponsor olacak ki\u015finin i\u015f s\u00f6zle\u015fmesi, <span style=\"color: #2acec2;\"><strong><a style=\"color: #2acec2;\" href=\"https:\/\/www.myvize.com.tr\/vietnam\/vize-islemleri\/vietnam-oturum-izni\/\" target=\"_blank\" rel=\"noopener\">Vietnam oturum izni<\/a><\/strong><\/span> belgeleri ve kira belgeleri.\u00a0<\/span><\/p>\n<p><img decoding=\"async\" src=\"https:\/\/www.myvize.com.tr\/vietnam\/wp-content\/uploads\/2021\/10\/16.jpg\" \/><\/p>\n<h2><strong><span style=\"font-family: Roboto; font-size: 27px;\">Vietnam Aile Birle\u015fimi Vizesi Hakk\u0131nda<\/span><\/strong><\/h2>\n<p><span style=\"font-family: Roboto; font-size: 14px;\">Vietnam\u2019da bulunan aile \u00fcyeleri ile beraber Vietnam\u2019da ya\u015famak isteyen T\u00fcrk vatanda\u015flar\u0131n\u0131n <strong>Vietnam aile birle\u015fimi vizesi<\/strong> almal\u0131d\u0131r. Vietnam aile birle\u015fimi vizesi alacak olan ki\u015filerin aile \u00fcyelerinin birinci derecede yak\u0131n ya da e\u015f olmas\u0131 gerekmektedir.<\/span><\/p>\n<p><span style=\"font-family: Roboto; font-size: 14px;\"><strong>Vietnam aile birle\u015fimi vizesi<\/strong> alacak olan T\u00fcrk vatanda\u015flar\u0131n\u0131n yak\u0131nlar\u0131n\u0131n Vietnam vatanda\u015f\u0131 ya da <strong>Vietnam oturum izni<\/strong> olmas\u0131 gerekmektedir. Ayr\u0131ca Vietnam aile birle\u015fimi vizesi alacak ki\u015filerin bu yak\u0131n\u0131ndan davetiye almas\u0131 gerekmektedir.<\/span><\/p>\n<p><span style=\"font-family: Roboto; font-size: 14px;\"><strong>Vietnam aile birle\u015fimi vizesi<\/strong> ba\u015fvurusunda bulunan ki\u015filerin Vietnam resmi dili olan Vietnamcay\u0131 iyi derecede bilmesi gerekmektedir. Bunun yan\u0131nda Vietnam\u2019da masraflar\u0131n\u0131 kar\u015f\u0131layacak geliri olmal\u0131d\u0131r. Ayr\u0131ca sab\u0131kas\u0131n\u0131n iyi olmas\u0131 gerekmektedir. Vietnam sosyal ya\u015fam\u0131na, anayasas\u0131na, kamu d\u00fczenine uygun ya\u015fayaca\u011f\u0131n\u0131 kan\u0131tlamal\u0131d\u0131r. Vietnam tarihi, k\u00fclt\u00fcr\u00fc, yasalar\u0131 hakk\u0131nda bilgi sahibi olmal\u0131d\u0131r.<\/span><\/p>\n<p><span style=\"font-family: Roboto; font-size: 14px;\"><strong>Vietnam aile ziyareti vizesi ba\u015fvurular\u0131<\/strong>, Vietnam Ankara B\u00fcy\u00fckel\u00e7ili\u011fi\u2019ne yap\u0131lmal\u0131d\u0131r. Ankara B\u00fcy\u00fckel\u00e7ili\u011fi\u2019ne yap\u0131lacak ba\u015fvurularda randevu al\u0131nmal\u0131d\u0131r. Ba\u015fvuru i\u00e7in \u00f6ncelikle <strong>Vietnam vize ba\u015fvuru formu<\/strong> doldurulmal\u0131d\u0131r. Form doldurulduktan sonra<strong> Vietnam aile birle\u015fimi<\/strong> i\u00e7in gerekli olan belgeleri haz\u0131rlanmal\u0131 ve Vietnam Ankara B\u00fcy\u00fckel\u00e7ili\u011fi\u2019nden randevu al\u0131nmal\u0131d\u0131r. Randevu tarihinde gerekli belgeler yetkililere teslim edilmelidir.<\/span><\/p>\n","protected":false},"excerpt":{"rendered":"<p>Vietnam aile birle\u015fimi vizesi talebinde bulunabilmek i\u00e7in \u00f6ncelikle vatanda\u015flar\u0131n Vietnam\u2019a giri\u015f yapmas\u0131 ve Vietnam\u2019da aile birle\u015fimi y\u00f6n\u00fcnden yasala\u015fma ger\u00e7ekle\u015ftirecek bir \u015fekilde evrak talep etmeleri laz\u0131md\u0131r. Bu kapsamda verilecek olan evrak, \u00fclkede yasal olarak ikamet edebilmek a\u00e7\u0131s\u0131ndan \u00f6nem arz etmektedir.\u00a0 \u00a0Vietnam\u00a0aile\u00a0birle\u015fimi\u00a0vizesi almak i\u00e7in istenen belgeler ise \u015fu \u015fekildedir: Islak imzal\u0131 Vietnam vize ba\u015fvuru formu, n\u00fcfus c\u00fczdan\u0131<\/p>\n","protected":false},"author":1,"featured_media":0,"parent":18,"menu_order":0,"comment_status":"open","ping_status":"closed","template":"","meta":{"footnotes":""},"class_list":["post-37","page","type-page","status-publish","hentry"],"yoast_head":"<!-- This site is optimized with the Yoast SEO plugin v24.0 - https:\/\/yoast.com\/wordpress\/plugins\/seo\/ -->\n<title>Vietnam Aile Birle\u015fimi Vizesi - Vietnam Vize - MyVize<\/title>\n<meta name=\"description\" content=\"Vietnam aile birle\u015fimi vizesi i\u00e7in gerekli evraklar g\u00fcnceldir. Vietnam aile birle\u015fimi vizesi i\u00e7in neler gerekli ve \u015fartlar\u0131 nelerdir?\" \/>\n<meta name=\"robots\" content=\"index, follow, max-snippet:-1, max-image-preview:large, max-video-preview:-1\" \/>\n<link rel=\"canonical\" href=\"https:\/\/www.myvize.com.tr\/vietnam\/vize-islemleri\/vietnam-aile-birlesimi-vizesi\/\" \/>\n<meta property=\"og:locale\" content=\"tr_TR\" \/>\n<meta property=\"og:type\" content=\"article\" \/>\n<meta property=\"og:title\" content=\"Vietnam Aile Birle\u015fimi Vizesi - Vietnam Vize - MyVize\" \/>\n<meta property=\"og:description\" content=\"Vietnam aile birle\u015fimi vizesi i\u00e7in gerekli evraklar g\u00fcnceldir. Vietnam aile birle\u015fimi vizesi i\u00e7in neler gerekli ve \u015fartlar\u0131 nelerdir?\" \/>\n<meta property=\"og:url\" content=\"https:\/\/www.myvize.com.tr\/vietnam\/vize-islemleri\/vietnam-aile-birlesimi-vizesi\/\" \/>\n<meta property=\"og:site_name\" content=\"Vietnam Vizesi\" \/>\n<meta property=\"article:modified_time\" content=\"2022-05-06T11:36:59+00:00\" \/>\n<meta property=\"og:image\" content=\"https:\/\/www.myvize.com.tr\/vietnam\/wp-content\/uploads\/2021\/10\/16.jpg\" \/>\n<meta name=\"twitter:card\" content=\"summary_large_image\" \/>\n<meta name=\"twitter:label1\" content=\"Tahmini okuma s\u00fcresi\" \/>\n\t<meta name=\"twitter:data1\" content=\"2 dakika\" \/>\n<script type=\"application\/ld+json\" class=\"yoast-schema-graph\">{\"@context\":\"https:\/\/schema.org\",\"@graph\":[{\"@type\":\"WebPage\",\"@id\":\"https:\/\/www.myvize.com.tr\/vietnam\/vize-islemleri\/vietnam-aile-birlesimi-vizesi\/\",\"url\":\"https:\/\/www.myvize.com.tr\/vietnam\/vize-islemleri\/vietnam-aile-birlesimi-vizesi\/\",\"name\":\"Vietnam Aile Birle\u015fimi Vizesi - Vietnam Vize - MyVize\",\"isPartOf\":{\"@id\":\"https:\/\/www.myvize.com.tr\/vietnam\/#website\"},\"primaryImageOfPage\":{\"@id\":\"https:\/\/www.myvize.com.tr\/vietnam\/vize-islemleri\/vietnam-aile-birlesimi-vizesi\/#primaryimage\"},\"image\":{\"@id\":\"https:\/\/www.myvize.com.tr\/vietnam\/vize-islemleri\/vietnam-aile-birlesimi-vizesi\/#primaryimage\"},\"thumbnailUrl\":\"https:\/\/www.myvize.com.tr\/vietnam\/wp-content\/uploads\/2021\/10\/16.jpg\",\"datePublished\":\"2020-11-30T09:45:46+00:00\",\"dateModified\":\"2022-05-06T11:36:59+00:00\",\"description\":\"Vietnam aile birle\u015fimi vizesi i\u00e7in gerekli evraklar g\u00fcnceldir. Vietnam aile birle\u015fimi vizesi i\u00e7in neler gerekli ve \u015fartlar\u0131 nelerdir?\",\"breadcrumb\":{\"@id\":\"https:\/\/www.myvize.com.tr\/vietnam\/vize-islemleri\/vietnam-aile-birlesimi-vizesi\/#breadcrumb\"},\"inLanguage\":\"tr\",\"potentialAction\":[{\"@type\":\"ReadAction\",\"target\":[\"https:\/\/www.myvize.com.tr\/vietnam\/vize-islemleri\/vietnam-aile-birlesimi-vizesi\/\"]}]},{\"@type\":\"ImageObject\",\"inLanguage\":\"tr\",\"@id\":\"https:\/\/www.myvize.com.tr\/vietnam\/vize-islemleri\/vietnam-aile-birlesimi-vizesi\/#primaryimage\",\"url\":\"https:\/\/www.myvize.com.tr\/vietnam\/wp-content\/uploads\/2021\/10\/16.jpg\",\"contentUrl\":\"https:\/\/www.myvize.com.tr\/vietnam\/wp-content\/uploads\/2021\/10\/16.jpg\",\"width\":800,\"height\":500,\"caption\":\"Vietnam Aile Birle\u015fimi Vizesi\"},{\"@type\":\"BreadcrumbList\",\"@id\":\"https:\/\/www.myvize.com.tr\/vietnam\/vize-islemleri\/vietnam-aile-birlesimi-vizesi\/#breadcrumb\",\"itemListElement\":[{\"@type\":\"ListItem\",\"position\":1,\"name\":\"Anasayfa\",\"item\":\"https:\/\/www.myvize.com.tr\/vietnam\/\"},{\"@type\":\"ListItem\",\"position\":2,\"name\":\"V\u0130ZE \u0130\u015eLEMLER\u0130\",\"item\":\"https:\/\/www.myvize.com.tr\/vietnam\/vize-islemleri\/\"},{\"@type\":\"ListItem\",\"position\":3,\"name\":\"Vietnam Aile Birle\u015fimi Vizesi\"}]},{\"@type\":\"WebSite\",\"@id\":\"https:\/\/www.myvize.com.tr\/vietnam\/#website\",\"url\":\"https:\/\/www.myvize.com.tr\/vietnam\/\",\"name\":\"Vietnam Vizesi\",\"description\":\"\",\"potentialAction\":[{\"@type\":\"SearchAction\",\"target\":{\"@type\":\"EntryPoint\",\"urlTemplate\":\"https:\/\/www.myvize.com.tr\/vietnam\/?s={search_term_string}\"},\"query-input\":{\"@type\":\"PropertyValueSpecification\",\"valueRequired\":true,\"valueName\":\"search_term_string\"}}],\"inLanguage\":\"tr\"}]}<\/script>\n<!-- \/ Yoast SEO plugin. -->","yoast_head_json":{"title":"Vietnam Aile Birle\u015fimi Vizesi - Vietnam Vize - MyVize","description":"Vietnam aile birle\u015fimi vizesi i\u00e7in gerekli evraklar g\u00fcnceldir. Vietnam aile birle\u015fimi vizesi i\u00e7in neler gerekli ve \u015fartlar\u0131 nelerdir?","robots":{"index":"index","follow":"follow","max-snippet":"max-snippet:-1","max-image-preview":"max-image-preview:large","max-video-preview":"max-video-preview:-1"},"canonical":"https:\/\/www.myvize.com.tr\/vietnam\/vize-islemleri\/vietnam-aile-birlesimi-vizesi\/","og_locale":"tr_TR","og_type":"article","og_title":"Vietnam Aile Birle\u015fimi Vizesi - Vietnam Vize - MyVize","og_description":"Vietnam aile birle\u015fimi vizesi i\u00e7in gerekli evraklar g\u00fcnceldir. Vietnam aile birle\u015fimi vizesi i\u00e7in neler gerekli ve \u015fartlar\u0131 nelerdir?","og_url":"https:\/\/www.myvize.com.tr\/vietnam\/vize-islemleri\/vietnam-aile-birlesimi-vizesi\/","og_site_name":"Vietnam Vizesi","article_modified_time":"2022-05-06T11:36:59+00:00","og_image":[{"url":"https:\/\/www.myvize.com.tr\/vietnam\/wp-content\/uploads\/2021\/10\/16.jpg","type":"","width":"","height":""}],"twitter_card":"summary_large_image","twitter_misc":{"Tahmini okuma s\u00fcresi":"2 dakika"},"schema":{"@context":"https:\/\/schema.org","@graph":[{"@type":"WebPage","@id":"https:\/\/www.myvize.com.tr\/vietnam\/vize-islemleri\/vietnam-aile-birlesimi-vizesi\/","url":"https:\/\/www.myvize.com.tr\/vietnam\/vize-islemleri\/vietnam-aile-birlesimi-vizesi\/","name":"Vietnam Aile Birle\u015fimi Vizesi - Vietnam Vize - MyVize","isPartOf":{"@id":"https:\/\/www.myvize.com.tr\/vietnam\/#website"},"primaryImageOfPage":{"@id":"https:\/\/www.myvize.com.tr\/vietnam\/vize-islemleri\/vietnam-aile-birlesimi-vizesi\/#primaryimage"},"image":{"@id":"https:\/\/www.myvize.com.tr\/vietnam\/vize-islemleri\/vietnam-aile-birlesimi-vizesi\/#primaryimage"},"thumbnailUrl":"https:\/\/www.myvize.com.tr\/vietnam\/wp-content\/uploads\/2021\/10\/16.jpg","datePublished":"2020-11-30T09:45:46+00:00","dateModified":"2022-05-06T11:36:59+00:00","description":"Vietnam aile birle\u015fimi vizesi i\u00e7in gerekli evraklar g\u00fcnceldir. Vietnam aile birle\u015fimi vizesi i\u00e7in neler gerekli ve \u015fartlar\u0131 nelerdir?","breadcrumb":{"@id":"https:\/\/www.myvize.com.tr\/vietnam\/vize-islemleri\/vietnam-aile-birlesimi-vizesi\/#breadcrumb"},"inLanguage":"tr","potentialAction":[{"@type":"ReadAction","target":["https:\/\/www.myvize.com.tr\/vietnam\/vize-islemleri\/vietnam-aile-birlesimi-vizesi\/"]}]},{"@type":"ImageObject","inLanguage":"tr","@id":"https:\/\/www.myvize.com.tr\/vietnam\/vize-islemleri\/vietnam-aile-birlesimi-vizesi\/#primaryimage","url":"https:\/\/www.myvize.com.tr\/vietnam\/wp-content\/uploads\/2021\/10\/16.jpg","contentUrl":"https:\/\/www.myvize.com.tr\/vietnam\/wp-content\/uploads\/2021\/10\/16.jpg","width":800,"height":500,"caption":"Vietnam Aile Birle\u015fimi Vizesi"},{"@type":"BreadcrumbList","@id":"https:\/\/www.myvize.com.tr\/vietnam\/vize-islemleri\/vietnam-aile-birlesimi-vizesi\/#breadcrumb","itemListElement":[{"@type":"ListItem","position":1,"name":"Anasayfa","item":"https:\/\/www.myvize.com.tr\/vietnam\/"},{"@type":"ListItem","position":2,"name":"V\u0130ZE \u0130\u015eLEMLER\u0130","item":"https:\/\/www.myvize.com.tr\/vietnam\/vize-islemleri\/"},{"@type":"ListItem","position":3,"name":"Vietnam Aile Birle\u015fimi Vizesi"}]},{"@type":"WebSite","@id":"https:\/\/www.myvize.com.tr\/vietnam\/#website","url":"https:\/\/www.myvize.com.tr\/vietnam\/","name":"Vietnam Vizesi","description":"","potentialAction":[{"@type":"SearchAction","target":{"@type":"EntryPoint","urlTemplate":"https:\/\/www.myvize.com.tr\/vietnam\/?s={search_term_string}"},"query-input":{"@type":"PropertyValueSpecification","valueRequired":true,"valueName":"search_term_string"}}],"inLanguage":"tr"}]}},"_links":{"self":[{"href":"https:\/\/www.myvize.com.tr\/vietnam\/wp-json\/wp\/v2\/pages\/37","targetHints":{"allow":["GET"]}}],"collection":[{"href":"https:\/\/www.myvize.com.tr\/vietnam\/wp-json\/wp\/v2\/pages"}],"about":[{"href":"https:\/\/www.myvize.com.tr\/vietnam\/wp-json\/wp\/v2\/types\/page"}],"author":[{"embeddable":true,"href":"https:\/\/www.myvize.com.tr\/vietnam\/wp-json\/wp\/v2\/users\/1"}],"replies":[{"embeddable":true,"href":"https:\/\/www.myvize.com.tr\/vietnam\/wp-json\/wp\/v2\/comments?post=37"}],"version-history":[{"count":6,"href":"https:\/\/www.myvize.com.tr\/vietnam\/wp-json\/wp\/v2\/pages\/37\/revisions"}],"predecessor-version":[{"id":652,"href":"https:\/\/www.myvize.com.tr\/vietnam\/wp-json\/wp\/v2\/pages\/37\/revisions\/652"}],"up":[{"embeddable":true,"href":"https:\/\/www.myvize.com.tr\/vietnam\/wp-json\/wp\/v2\/pages\/18"}],"wp:attachment":[{"href":"https:\/\/www.myvize.com.tr\/vietnam\/wp-json\/wp\/v2\/media?parent=37"}],"curies":[{"name":"wp","href":"https:\/\/api.w.org\/{rel}","templated":true}]}}