{"id":39,"date":"2020-11-30T12:46:14","date_gmt":"2020-11-30T09:46:14","guid":{"rendered":"https:\/\/www.myvize.com.tr\/vietnam\/?page_id=39"},"modified":"2022-08-11T11:34:00","modified_gmt":"2022-08-11T08:34:00","slug":"vietnam-vize-randevusu","status":"publish","type":"page","link":"https:\/\/www.myvize.com.tr\/vietnam\/vize-islemleri\/vietnam-vize-randevusu\/","title":{"rendered":"Vietnam Vize Randevusu"},"content":{"rendered":"<p><span style=\"font-family: Roboto; font-size: 14px;\"><strong>Vietnam vize randevusu<\/strong>, Vietnam Ankara B\u00fcy\u00fckel\u00e7isi taraf\u0131ndan y\u00fcr\u00fct\u00fclen resmi bir i\u015flemdir.\u00a0<strong>Vietnam vize randevusu<\/strong>\u00a0almadan \u00f6nce <span style=\"color: #2acec2;\"><strong><a style=\"color: #2acec2;\" href=\"https:\/\/www.myvize.com.tr\/vietnam\/vize-islemleri\/vietnam-vizesi\/\" target=\"_blank\" rel=\"noopener\">Vietnam vizesi<\/a><\/strong><\/span> tipi aras\u0131nda se\u00e7im yapman\u0131z gerekmektedir.<\/span><\/p>\n<p><span style=\"font-family: Roboto; font-size: 14px;\">1 Ayl\u0131k Tek Giri\u015fli Vietnam Vizesi: \u00a0Vietnam\u2019da en fazla 1 ay kalacaksan\u0131z ve Vietnam\u2019a sadece bir kez giri\u015f yapacaksan\u0131z ba\u015fvurman\u0131z gereken vize tipidir.<\/span><\/p>\n<p><span style=\"font-family: Roboto; font-size: 14px;\">1 Ayl\u0131k \u00c7ok Giri\u015fli Vietnam Vizesi: Vietnam\u2019da en fazla 1 ay kalacaksan\u0131z ve Vietnam\u2019a birden fazla giri\u015f yapacaksan\u0131z ba\u015fvurman\u0131z gereken vize tipidir.<\/span><\/p>\n<p><span style=\"font-family: Roboto; font-size: 14px;\">3 Ayl\u0131k Tek Giri\u015fli Vietnam Vizesi: Vietnam\u2019da en fazla 3 ay kalacaksan\u0131z ve Vietnam\u2019a sadece bir kez giri\u015f yapacaksan\u0131z ba\u015fvurman\u0131z gereken vize tipidir.<\/span><\/p>\n<p><span style=\"font-family: Roboto; font-size: 14px;\">3 Ayl\u0131k \u00c7ok Giri\u015fli Vietnam Vizesi: Vietnam\u2019da en fazla 3 ay kalacaksan\u0131z ve Vietnam\u2019a birden fazla giri\u015f yapacaksan\u0131z ba\u015fvurman\u0131z gereken vize tipidir.<\/span><\/p>\n<p><span style=\"font-family: Roboto; font-size: 14px;\">6 Ayl\u0131k \u00c7ok Giri\u015fli Vietnam Vizesi: Vietnam\u2019da en fazla 6 ay kalacaksan\u0131z ve Vietnam\u2019a birden fazla giri\u015f yapacaksan\u0131z ba\u015fvurman\u0131z gereken vize tipidir.<\/span><\/p>\n<p><span style=\"font-family: Roboto; font-size: 14px;\">1 Y\u0131ll\u0131k \u00c7ok Giri\u015fli Vietnam Vizesi: Vietnam\u2019da 6 ay ve 1 y\u0131l aras\u0131 kalacaksan\u0131z ve Vietnam\u2019a birden fazla giri\u015f yapacaksan\u0131z ba\u015fvurman\u0131z gereken vize tipidir.<\/span><\/p>\n<p><img decoding=\"async\" src=\"https:\/\/www.myvize.com.tr\/vietnam\/wp-content\/uploads\/2021\/10\/17.jpg\" \/><\/p>\n<h2><strong><span style=\"font-family: Roboto; font-size: 27px;\">Vietnam Vize Randevusu Hakk\u0131nda<\/span><\/strong><\/h2>\n<p><span style=\"font-family: Roboto; font-size: 14px;\">Vietnam\u2019a seyahat edecek olan T\u00fcrk vatanda\u015flar\u0131n\u0131n vize almas\u0131 gerekmektedir. Ancak k\u0131sa s\u00fcreli vize alacak olan Diplomatik, Hizmet ve Hususi Pasaport sahipleri Vietnam vizesinden muaft\u0131r. Uzun s\u00fcreli vize ba\u015fvurusu yapacak olan her pasaport sahibi ba\u015fvuruda bulunmal\u0131d\u0131r.<\/span><\/p>\n<p><span style=\"font-family: Roboto; font-size: 14px;\">Vietnam\u2019a seyahat edecek olan T\u00fcrk vatanda\u015flar\u0131n\u0131n seyahatleri \u00f6ncesinde <strong>Vietnam vize ba\u015fvurusu<\/strong> i\u00e7in randevu almas\u0131 gerekmektedir. Ba\u015fvuru i\u00e7in randevular <strong>Vietnam vize ba\u015fvuru<\/strong> merkezinden ya da Vietnam\u2019\u0131n diplomatik temsilcili\u011finden al\u0131nabilir. Ankara B\u00fcy\u00fckel\u00e7ili\u011fi\u2019ne yap\u0131lacak vize ba\u015fvurular\u0131nda randevu al\u0131nmas\u0131 zorunludur. Vize ba\u015fvuru merkezlerine yap\u0131lacak ba\u015fvurular i\u00e7in randevu gereklili\u011fi vize ba\u015fvuru merkezine ba\u011fl\u0131d\u0131r.<\/span><\/p>\n<p><span style=\"font-family: Roboto; font-size: 14px;\">Vietnam\u2019a seyahat edecek olan ki\u015filer \u00f6ncelikle Vietnam vize ba\u015fvuru formunu doldurmas\u0131 gerekmektedir. Ard\u0131ndan ise <strong>Vietnam vize ba\u015fvurusu<\/strong> i\u00e7in randevu al\u0131nmal\u0131d\u0131r. Randevu al\u0131nd\u0131ktan sonra <strong>Vietnam vize randevu<\/strong> tarihine kadar gerekli olan belgeleri haz\u0131rlamal\u0131d\u0131r. Bu belgeler randevu tarihinde yetkililere teslim edilmelidir.<\/span><\/p>\n<p><span style=\"font-family: Roboto; font-size: 14px;\"><strong>Vietnam Ankara B\u00fcy\u00fckel\u00e7ili\u011fi<\/strong>, randevu tarihini ka\u00e7\u0131rmamal\u0131d\u0131r. Ba\u015fvurular randevusuz olarak kabul edilmedi\u011finden dolay\u0131 randevu tarihinin ka\u00e7\u0131r\u0131lmamas\u0131 \u00e7ok \u00f6nemlidir. Her ba\u015fvuru sahibi i\u00e7in ayr\u0131 ayr\u0131 randevu al\u0131nmal\u0131d\u0131r. Randevu tarihine kadar vize har\u00e7 \u00fccreti \u00f6denmelidir.<\/span><\/p>\n<h2><span style=\"font-family: Roboto; font-size: 27px;\"><strong>Vietnam Vize Randevusu Nas\u0131l Al\u0131n\u0131r?<\/strong><\/span><\/h2>\n<p><span style=\"font-family: Roboto; font-size: 14px;\"><strong>Vietnam vize randevusu,<\/strong>\u00a0Vietnam\u2019a seyahat etmek isteyen ki\u015filerin parmak izlerinin al\u0131nmas\u0131 ve biometrik i\u015flemlerinin tamamlanmas\u0131 amac\u0131yla d\u00fczenlenmektedir. <strong>Vietnam vize randevusu<\/strong> almadan \u00f6nce Vietnam Ankara B\u00fcy\u00fckel\u00e7ili\u011finin resmi web sitesi \u00fczerindeki <span style=\"color: #2acec2;\"><strong><a style=\"color: #2acec2;\" href=\"https:\/\/www.myvize.com.tr\/vietnam\/vize-islemleri\/vietnam-vize-basvuru-formu\/\" target=\"_blank\" rel=\"noopener\">Vietnam vize ba\u015fvuru formu <\/a><\/strong><\/span>doldurulmal\u0131d\u0131r. Vietnam vize ba\u015fvuru formu, eksiksizce ve do\u011fru beyanlarla doldurulmal\u0131d\u0131r.\u00a0<strong>Vietnam vize randevusu<\/strong>\u00a0almak i\u00e7in <strong>Vietnam vize ba\u015fvuru formu<\/strong> doldurulduktan sonra Vietnam Ankara B\u00fcy\u00fckel\u00e7ili\u011finin resmi web sitesindeki \u00f6deme i\u015flemine devam edilerek Vietnam vize ba\u015fvuru \u00fccreti \u00f6denmelidir. Vietnam vize randevunuzu \u015fahsen <strong>Vietnam Ankara B\u00fcy\u00fckel\u00e7ili\u011fine<\/strong> giderek veya <span style=\"color: #2acec2;\"><strong><a style=\"color: #2acec2;\" href=\"https:\/\/www.myvize.com.tr\/vietnam\/konsolosluklar\/ankara-buyukelciligi\/\" target=\"_blank\" rel=\"noopener\">Vietnam Ankara B\u00fcy\u00fckel\u00e7ili\u011fi<\/a><\/strong><\/span> 09:00 \u2013 17:00 saatleri aras\u0131nda telefonla arayarak alabilirsiniz. Randevunuza tam zaman\u0131nda gitmeyi ve gerekli t\u00fcm evrak ve belgelerinizi yan\u0131n\u0131zda g\u00f6t\u00fcrmeyi unutmay\u0131n\u0131z.<\/span><\/p>\n<h2><strong><span style=\"font-family: Roboto; font-size: 27px;\">Vietnam Vize Randevusu Nereden Al\u0131n\u0131r?<\/span><\/strong><\/h2>\n<p><span style=\"font-family: Roboto; font-size: 14px;\">Vietnam&#8217;a planlad\u0131\u011f\u0131n\u0131z seyahatleri ger\u00e7ekle\u015ftirebilmek i\u00e7in seyahat \u00f6ncesi Vietnam vizesini alman\u0131z gerekmektedir. Vietnam vizesini T\u00fcrkiye&#8217;den sadece Vietnam Ankara B\u00fcy\u00fckel\u00e7ili\u011finden al\u0131nmaktad\u0131r. T\u00fcrkiye&#8217;nin ba\u015fka \u015fehirlerinde Vietnam vizesi vermekle yetkili Vietnam makaml\u0131klar\u0131 bulunmamaktad\u0131r. <strong>Vietnam vizeleri<\/strong> i\u00e7in Ankara&#8217;ya gidip B\u00fcy\u00fckel\u00e7ilik konsolosluk b\u00f6l\u00fcmlerine \u015fahsen ba\u015fvuru yapmak vize ba\u015fvurusu i\u00e7in olan se\u00e7enekden biridir. Vietnam vize ba\u015fvurusu i\u00e7in bir di\u011fer se\u00e7enekler ise \u015fahsi ba\u015fvurular i\u00e7in Vietnam vize konusunda faaliyet g\u00f6steren temsilcilik arac\u0131l\u0131\u011f\u0131yla yap\u0131lacak ba\u015fvurulard\u0131r. Bu temsilcili\u011fe evrak\u0131n\u0131z\u0131 vermeniz durumlar\u0131nda Ankara&#8217;da bulunan b\u00fcy\u00fckel\u00e7ili\u011fe gerek kalmada Vietnam vize ba\u015fvurusunda bulunmu\u015f olabilirsiniz. Vietnam vize randevusu alm\u0131\u015f olan ki\u015fiye<strong> Vietnam vize<\/strong> randevusuna gitmeyecekse randevusunu ertelemesini tavsiye etmekteyiz. Bu durumlarda yasal olarak bir yapt\u0131r\u0131m bulunmasada sonraki vize ba\u015fvurunuz olumsuz etkilenebilmektedir. Vietnam vize randevusu alm\u0131\u015f olan ve randevuya gidemeyecek olan ki\u015filer, randevusunu iptal etmezse sonra ki Vietnam vizesi ba\u015fvurusu incelenirken bu durumlar dikkate al\u0131n\u0131r. Bu durumlar da haneye eksi olarak yaz\u0131lmaktad\u0131r. Sonraki Vietnam vizesi ba\u015fvurunuz olumsuz bir bi\u00e7imde etkilenebilir.<\/span><\/p>\n<h2><strong><span style=\"font-family: Roboto; font-size: 27px;\">Vietnam Vize Randevusu Nas\u0131l Sorgulan\u0131r?<\/span><\/strong><\/h2>\n<p><span style=\"font-family: Roboto; font-size: 14px;\">Vietnam\u2019a seyahatlerde bulunacak olan ki\u015filerin seyahat edebilmesi i\u00e7in<strong> Vietnam seyahat<\/strong> ama\u00e7lar\u0131na uygun olarak vize almas\u0131 gerekmekte. Vietnam vizesi ba\u015fvurusu i\u00e7in randevu almas\u0131 zorunludur. Vietnam vizesi ba\u015fvurular\u0131 seyahat ama\u00e7lar\u0131na g\u00f6re farkl\u0131 yerlere yap\u0131lmaktad\u0131r. <strong>K\u0131sa s\u00fcre Vietnam vize ba\u015fvuru<\/strong> Vietnam\u2019\u0131n T\u00fcrkiye\u2019de bulunan, yetkilendirmi\u015f olan vize ba\u015fvuru merkezlerine yap\u0131lmal\u0131d\u0131r. Uzun s\u00fcreli ba\u015fvuru ise Vietnam konsoloslu\u011funa yap\u0131lmal\u0131d\u0131r. Randevular da ba\u015fvuru yapacak olan yerlerden al\u0131nmal\u0131d\u0131r. Vietnam vizesi randevusunu alm\u0131\u015f ve randevuyu sorgulamak isteyen ki\u015filer a\u015fa\u011f\u0131daki gibi sorgulama i\u015flemi yapabilir. K\u0131sa s\u00fcreli ba\u015fvuru; <strong>Vietnam k\u0131sa s\u00fcreli vize<\/strong> merkezlerine yap\u0131lmal\u0131 ve randevu da bu \u015firketlerin internet site \u00fczerinde yap\u0131lmal\u0131d\u0131r. Sorgulama i\u015flemi ise internet sitesi \u00fczerinden yap\u0131lmal\u0131d\u0131r. Sorgulamak i\u00e7in randevuyu al\u0131rken kay\u0131tl\u0131 oldu\u011funuz hesaplar\u0131 kullanmal\u0131s\u0131n\u0131z. Uzun s\u00fcreli vize ba\u015fvurusu i\u00e7in randevular Vietnam temsilcili\u011fi ile ileti\u015fime ge\u00e7ilerek al\u0131nabilir.<\/span><\/p>\n<p><strong><span style=\"font-family: Roboto; font-size: 24px;\">Vietnam Vize Randevusuna Gecikirsem\u2026<\/span><\/strong><\/p>\n<p><span style=\"font-family: Roboto; font-size: 14px;\">Vietnam\u00a0 vize randevusunu alm\u0131\u015f olan ki\u015filer ve randevu tarihlerine gecikme durumlar\u0131 olan ya da gecikirse ne olaca\u011f\u0131n\u0131 merak eden ki\u015fi bulunmaktad\u0131r. Vietnam\u00a0 vizesi randevusunu alm\u0131\u015f olan ki\u015fi randevuya gecikirse vize i\u015flemi kabul edilmeyebilir. Bunun nedenle sizden sonra ba\u015fka ki\u015finin randevusu al\u0131nmaktad\u0131r ve randevuyu ka\u00e7\u0131ran ki\u015finin araya al\u0131nmas\u0131 nedeni ile i\u015flemlerde aksama ya\u015fanmas\u0131 olu\u015fabilece\u011finden dolay\u0131 gecikmemeniz gerekmektedir. Bu sebeple <strong>Vietnam vizesi<\/strong> ba\u015fvurusunu yapacak olan ki\u015filerin yeniden <strong>Vietnam vize randevusu<\/strong> almas\u0131 gerekebilir. Bu durumlarda daha uzun s\u00fcreli bekleme s\u00fcresi anlam\u0131na gelmektedir. T\u00fcm bunlara ba\u011fl\u0131 olarak seyahat planlar\u0131 aksamaktad\u0131r. Ayr\u0131ca baz\u0131 Vietnam vize evraklar\u0131n\u0131n ge\u00e7erlilik s\u00fcreleri bitebilir. Bu sebeplerle evraklar\u0131 yeniden haz\u0131rlamak gerekebilir. Vietnam vize randevusunu ka\u00e7\u0131rma durumu olan ki\u015filerin Vietnam vizesi randevu tarihleri erteleme hakk\u0131 bulunmaktad\u0131r. Vietnam vizesi randevusu erteleme i\u015flemi randevunun al\u0131nd\u0131\u011f\u0131 yerle ileti\u015fimlere ge\u00e7ilerek yap\u0131labilmektedir.<\/span><\/p>\n<h3><strong><span style=\"font-family: Roboto; font-size: 24px;\">Vietnam Vize Randevuma Gitmezsem Ne Olur?<\/span><\/strong><\/h3>\n<p><span style=\"font-family: Roboto; font-size: 14px;\">Vietnam\u2019a seyahat etmeyi isteyen ki\u015filerin seyahatlerini ger\u00e7ekle\u015ftirebilmesi i\u00e7in vize almalar\u0131 gerekmektedir. Vietnam vize ba\u015fvurular\u0131 i\u00e7in ise randevu almalar\u0131 zorunludur. Vietnam vize ba\u015fvurular\u0131 i\u00e7in randevu alacak olan ki\u015filer, Vietnam vize randevusunu nereden al\u0131naca\u011f\u0131n\u0131 merak etmektedir.\u00a0<\/span><\/p>\n<p><span style=\"font-family: Roboto; font-size: 14px;\"><strong>Vietnam vize ba\u015fvurusu<\/strong>, randevu vize t\u00fcrlerine g\u00f6re farkl\u0131 yerlerden al\u0131nabilmektedir. Vietnam vizesi ba\u015fvuru a\u015fa\u011f\u0131da ki yerden al\u0131nabilmektedir. K\u0131sa s\u00fcre Vietnam vize randevusu, Vietnam vize ba\u015fvuru merkezlerinden al\u0131nmal\u0131d\u0131r. Uzun s\u00fcre olan <strong>Vietnam seyahati<\/strong> i\u00e7in randevular ise ba\u015fvuru yap\u0131lacak olan Vietnam temsilcili\u011fi ile ileti\u015fim ge\u00e7ilmelidir. Randevu alacak olan ki\u015filer Vietnam temsilcili\u011fi ile irtibat kurarak randevu almal\u0131d\u0131r. K\u0131saca Vietnam vizesi ba\u015fvurular\u0131, randevuya gitmeyen ki\u015filer i\u00e7in herhangi bir yasal yapt\u0131rmalar bulunmamaktad\u0131r ve uygulanamamaktad\u0131r. Ancak Vietnam vizesi ba\u015fvurular\u0131 incelenirken \u00e7e\u015fitli yapt\u0131r\u0131mlar uygulanabilir. Bu sebeple\u00a0 Vietnam vize randevular\u0131n\u0131z\u0131 iptal etmeniz \u00f6nerilmektedir. Bu durumlar s\u00fcrekli ya\u015fan\u0131l\u0131rsa belirli\u00a0 s\u00fcre Vietnam vizesi alamayabilirsiniz.<\/span><\/p>\n<h4><span style=\"font-family: Roboto; font-size: 22px;\"><strong>Vietnam Vize Randevusu Al\u0131rken Nelere Dikkat Edilmeli?<\/strong><\/span><\/h4>\n<p><span style=\"font-family: Roboto; font-size: 14px;\"><strong>Vietnam\u2019a seyahat edecek<\/strong> olan ve vize muafiyeti bulunmayan t\u00fcm bordo pasaport sahipleri i\u00e7in\u00a0<strong>Vietnam<\/strong>\u00a0<strong>vizesi<\/strong>\u00a0m\u00fcracaat\u0131nda bulunmalar\u0131 zorunludur.<strong> Vize ba\u015fvurusu<\/strong> yapacak olan vatanda\u015flar\u0131n \u00f6ncelikle seyahat sebeplerini belirleyip buna uygun i\u015flem ba\u015flatarak evraklar\u0131n\u0131 tamamlamas\u0131 gereklidir. Seyahat sebebi belirlendikten sonra <strong>Vietnam B\u00fcy\u00fckel\u00e7ili\u011fi<\/strong> taraf\u0131ndan talep edilen evraklar\u0131n, ba\u015fvuru formunda yer alan bilgilerin birbiri ile uyumlu ve do\u011fru bilgiler olmas\u0131na \u00f6zen g\u00f6sterilmesi gerekmektedir. \u0130braz edilen belgelerde yer alan herhangi bir yanl\u0131\u015f bilgi, vize ba\u015fvurusunun olumsuz y\u00f6nde sonu\u00e7lanmas\u0131 gibi bir duruma yol a\u00e7acakt\u0131r.\u00a0<strong>Vietnam<\/strong>\u00a0<strong>vize<\/strong>\u00a0ba\u015fvurular\u0131n\u0131n olumlu olarak sonu\u00e7lanabilmesi i\u00e7in belgelerin do\u011frulu\u011funa dikkat etmek, bu konuda yap\u0131lmas\u0131 gereken en \u00f6nemli i\u015flemlerin ba\u015f\u0131nda yer almaktad\u0131r. \u00d6zen g\u00f6sterilmesi gereken bir di\u011fer husus da g\u00fcncel bir pasaporta sahip olunmas\u0131d\u0131r. Ge\u00e7erlilik s\u00fcresi ge\u00e7mi\u015f ya da seyahat d\u00f6nemini kapsamayan bir pasaport ile <strong>vize s\u00fcreci<\/strong> s\u0131k\u0131nt\u0131ya girebilmektedir. Son olarak\u00a0<strong>Vietnam<\/strong>\u00a0<strong>vize<\/strong>\u00a0<strong>i\u015flemleri<\/strong>\u00a0i\u00e7in belli bir b\u00fct\u00e7e ay\u0131rmak gerekmektedir. <strong>Vize har\u00e7<\/strong> \u00fccretlerinin yat\u0131r\u0131lmas\u0131 ve \u00fclkeye giri\u015f sa\u011flanabilmesi i\u00e7in ayr\u0131lacak olan b\u00fct\u00e7e ki\u015filerin \u00e7ok i\u015fine yarayacakt\u0131r.<\/span><\/p>\n<p><img decoding=\"async\" src=\"https:\/\/www.myvize.com.tr\/vietnam\/wp-content\/uploads\/2021\/10\/18.jpg\" \/><\/p>\n","protected":false},"excerpt":{"rendered":"<p>Vietnam vize randevusu, Vietnam Ankara B\u00fcy\u00fckel\u00e7isi taraf\u0131ndan y\u00fcr\u00fct\u00fclen resmi bir i\u015flemdir.\u00a0Vietnam vize randevusu\u00a0almadan \u00f6nce Vietnam vizesi tipi aras\u0131nda se\u00e7im yapman\u0131z gerekmektedir. 1 Ayl\u0131k Tek Giri\u015fli Vietnam Vizesi: \u00a0Vietnam\u2019da en fazla 1 ay kalacaksan\u0131z ve Vietnam\u2019a sadece bir kez giri\u015f yapacaksan\u0131z ba\u015fvurman\u0131z gereken vize tipidir. 1 Ayl\u0131k \u00c7ok Giri\u015fli Vietnam Vizesi: Vietnam\u2019da en fazla 1 ay<\/p>\n","protected":false},"author":1,"featured_media":0,"parent":18,"menu_order":0,"comment_status":"open","ping_status":"closed","template":"","meta":{"footnotes":""},"class_list":["post-39","page","type-page","status-publish","hentry"],"yoast_head":"<!-- This site is optimized with the Yoast SEO plugin v24.0 - https:\/\/yoast.com\/wordpress\/plugins\/seo\/ -->\n<title>Vietnam Vize Randevusu - Vietnam Vizesi - MyVize<\/title>\n<meta name=\"description\" content=\"Vietnam vize randevusu i\u00e7in ileti\u015fim. Vietnam vize randevusu i\u00e7in g\u00f6rsel anlat\u0131m ve detayl\u0131 bilgiler i\u00e7in sayfam\u0131z\u0131 ziyaret edebilirsiniz.\" \/>\n<meta name=\"robots\" content=\"index, follow, max-snippet:-1, max-image-preview:large, max-video-preview:-1\" \/>\n<link rel=\"canonical\" href=\"https:\/\/www.myvize.com.tr\/vietnam\/vize-islemleri\/vietnam-vize-randevusu\/\" \/>\n<meta property=\"og:locale\" content=\"tr_TR\" \/>\n<meta property=\"og:type\" content=\"article\" \/>\n<meta property=\"og:title\" content=\"Vietnam Vize Randevusu - Vietnam Vizesi - MyVize\" \/>\n<meta property=\"og:description\" content=\"Vietnam vize randevusu i\u00e7in ileti\u015fim. Vietnam vize randevusu i\u00e7in g\u00f6rsel anlat\u0131m ve detayl\u0131 bilgiler i\u00e7in sayfam\u0131z\u0131 ziyaret edebilirsiniz.\" \/>\n<meta property=\"og:url\" content=\"https:\/\/www.myvize.com.tr\/vietnam\/vize-islemleri\/vietnam-vize-randevusu\/\" \/>\n<meta property=\"og:site_name\" content=\"Vietnam Vizesi\" \/>\n<meta property=\"article:modified_time\" content=\"2022-08-11T08:34:00+00:00\" \/>\n<meta property=\"og:image\" content=\"https:\/\/www.myvize.com.tr\/vietnam\/wp-content\/uploads\/2021\/10\/17.jpg\" \/>\n<meta name=\"twitter:card\" content=\"summary_large_image\" \/>\n<meta name=\"twitter:label1\" content=\"Tahmini okuma s\u00fcresi\" \/>\n\t<meta name=\"twitter:data1\" content=\"6 dakika\" \/>\n<script type=\"application\/ld+json\" class=\"yoast-schema-graph\">{\"@context\":\"https:\/\/schema.org\",\"@graph\":[{\"@type\":\"WebPage\",\"@id\":\"https:\/\/www.myvize.com.tr\/vietnam\/vize-islemleri\/vietnam-vize-randevusu\/\",\"url\":\"https:\/\/www.myvize.com.tr\/vietnam\/vize-islemleri\/vietnam-vize-randevusu\/\",\"name\":\"Vietnam Vize Randevusu - Vietnam Vizesi - MyVize\",\"isPartOf\":{\"@id\":\"https:\/\/www.myvize.com.tr\/vietnam\/#website\"},\"primaryImageOfPage\":{\"@id\":\"https:\/\/www.myvize.com.tr\/vietnam\/vize-islemleri\/vietnam-vize-randevusu\/#primaryimage\"},\"image\":{\"@id\":\"https:\/\/www.myvize.com.tr\/vietnam\/vize-islemleri\/vietnam-vize-randevusu\/#primaryimage\"},\"thumbnailUrl\":\"https:\/\/www.myvize.com.tr\/vietnam\/wp-content\/uploads\/2021\/10\/17.jpg\",\"datePublished\":\"2020-11-30T09:46:14+00:00\",\"dateModified\":\"2022-08-11T08:34:00+00:00\",\"description\":\"Vietnam vize randevusu i\u00e7in ileti\u015fim. Vietnam vize randevusu i\u00e7in g\u00f6rsel anlat\u0131m ve detayl\u0131 bilgiler i\u00e7in sayfam\u0131z\u0131 ziyaret edebilirsiniz.\",\"breadcrumb\":{\"@id\":\"https:\/\/www.myvize.com.tr\/vietnam\/vize-islemleri\/vietnam-vize-randevusu\/#breadcrumb\"},\"inLanguage\":\"tr\",\"potentialAction\":[{\"@type\":\"ReadAction\",\"target\":[\"https:\/\/www.myvize.com.tr\/vietnam\/vize-islemleri\/vietnam-vize-randevusu\/\"]}]},{\"@type\":\"ImageObject\",\"inLanguage\":\"tr\",\"@id\":\"https:\/\/www.myvize.com.tr\/vietnam\/vize-islemleri\/vietnam-vize-randevusu\/#primaryimage\",\"url\":\"https:\/\/www.myvize.com.tr\/vietnam\/wp-content\/uploads\/2021\/10\/17.jpg\",\"contentUrl\":\"https:\/\/www.myvize.com.tr\/vietnam\/wp-content\/uploads\/2021\/10\/17.jpg\",\"width\":800,\"height\":500,\"caption\":\"Vietnam Vize Randevusu\"},{\"@type\":\"BreadcrumbList\",\"@id\":\"https:\/\/www.myvize.com.tr\/vietnam\/vize-islemleri\/vietnam-vize-randevusu\/#breadcrumb\",\"itemListElement\":[{\"@type\":\"ListItem\",\"position\":1,\"name\":\"Anasayfa\",\"item\":\"https:\/\/www.myvize.com.tr\/vietnam\/\"},{\"@type\":\"ListItem\",\"position\":2,\"name\":\"V\u0130ZE \u0130\u015eLEMLER\u0130\",\"item\":\"https:\/\/www.myvize.com.tr\/vietnam\/vize-islemleri\/\"},{\"@type\":\"ListItem\",\"position\":3,\"name\":\"Vietnam Vize Randevusu\"}]},{\"@type\":\"WebSite\",\"@id\":\"https:\/\/www.myvize.com.tr\/vietnam\/#website\",\"url\":\"https:\/\/www.myvize.com.tr\/vietnam\/\",\"name\":\"Vietnam Vizesi\",\"description\":\"\",\"potentialAction\":[{\"@type\":\"SearchAction\",\"target\":{\"@type\":\"EntryPoint\",\"urlTemplate\":\"https:\/\/www.myvize.com.tr\/vietnam\/?s={search_term_string}\"},\"query-input\":{\"@type\":\"PropertyValueSpecification\",\"valueRequired\":true,\"valueName\":\"search_term_string\"}}],\"inLanguage\":\"tr\"}]}<\/script>\n<!-- \/ Yoast SEO plugin. -->","yoast_head_json":{"title":"Vietnam Vize Randevusu - Vietnam Vizesi - MyVize","description":"Vietnam vize randevusu i\u00e7in ileti\u015fim. Vietnam vize randevusu i\u00e7in g\u00f6rsel anlat\u0131m ve detayl\u0131 bilgiler i\u00e7in sayfam\u0131z\u0131 ziyaret edebilirsiniz.","robots":{"index":"index","follow":"follow","max-snippet":"max-snippet:-1","max-image-preview":"max-image-preview:large","max-video-preview":"max-video-preview:-1"},"canonical":"https:\/\/www.myvize.com.tr\/vietnam\/vize-islemleri\/vietnam-vize-randevusu\/","og_locale":"tr_TR","og_type":"article","og_title":"Vietnam Vize Randevusu - Vietnam Vizesi - MyVize","og_description":"Vietnam vize randevusu i\u00e7in ileti\u015fim. Vietnam vize randevusu i\u00e7in g\u00f6rsel anlat\u0131m ve detayl\u0131 bilgiler i\u00e7in sayfam\u0131z\u0131 ziyaret edebilirsiniz.","og_url":"https:\/\/www.myvize.com.tr\/vietnam\/vize-islemleri\/vietnam-vize-randevusu\/","og_site_name":"Vietnam Vizesi","article_modified_time":"2022-08-11T08:34:00+00:00","og_image":[{"url":"https:\/\/www.myvize.com.tr\/vietnam\/wp-content\/uploads\/2021\/10\/17.jpg","type":"","width":"","height":""}],"twitter_card":"summary_large_image","twitter_misc":{"Tahmini okuma s\u00fcresi":"6 dakika"},"schema":{"@context":"https:\/\/schema.org","@graph":[{"@type":"WebPage","@id":"https:\/\/www.myvize.com.tr\/vietnam\/vize-islemleri\/vietnam-vize-randevusu\/","url":"https:\/\/www.myvize.com.tr\/vietnam\/vize-islemleri\/vietnam-vize-randevusu\/","name":"Vietnam Vize Randevusu - Vietnam Vizesi - MyVize","isPartOf":{"@id":"https:\/\/www.myvize.com.tr\/vietnam\/#website"},"primaryImageOfPage":{"@id":"https:\/\/www.myvize.com.tr\/vietnam\/vize-islemleri\/vietnam-vize-randevusu\/#primaryimage"},"image":{"@id":"https:\/\/www.myvize.com.tr\/vietnam\/vize-islemleri\/vietnam-vize-randevusu\/#primaryimage"},"thumbnailUrl":"https:\/\/www.myvize.com.tr\/vietnam\/wp-content\/uploads\/2021\/10\/17.jpg","datePublished":"2020-11-30T09:46:14+00:00","dateModified":"2022-08-11T08:34:00+00:00","description":"Vietnam vize randevusu i\u00e7in ileti\u015fim. Vietnam vize randevusu i\u00e7in g\u00f6rsel anlat\u0131m ve detayl\u0131 bilgiler i\u00e7in sayfam\u0131z\u0131 ziyaret edebilirsiniz.","breadcrumb":{"@id":"https:\/\/www.myvize.com.tr\/vietnam\/vize-islemleri\/vietnam-vize-randevusu\/#breadcrumb"},"inLanguage":"tr","potentialAction":[{"@type":"ReadAction","target":["https:\/\/www.myvize.com.tr\/vietnam\/vize-islemleri\/vietnam-vize-randevusu\/"]}]},{"@type":"ImageObject","inLanguage":"tr","@id":"https:\/\/www.myvize.com.tr\/vietnam\/vize-islemleri\/vietnam-vize-randevusu\/#primaryimage","url":"https:\/\/www.myvize.com.tr\/vietnam\/wp-content\/uploads\/2021\/10\/17.jpg","contentUrl":"https:\/\/www.myvize.com.tr\/vietnam\/wp-content\/uploads\/2021\/10\/17.jpg","width":800,"height":500,"caption":"Vietnam Vize Randevusu"},{"@type":"BreadcrumbList","@id":"https:\/\/www.myvize.com.tr\/vietnam\/vize-islemleri\/vietnam-vize-randevusu\/#breadcrumb","itemListElement":[{"@type":"ListItem","position":1,"name":"Anasayfa","item":"https:\/\/www.myvize.com.tr\/vietnam\/"},{"@type":"ListItem","position":2,"name":"V\u0130ZE \u0130\u015eLEMLER\u0130","item":"https:\/\/www.myvize.com.tr\/vietnam\/vize-islemleri\/"},{"@type":"ListItem","position":3,"name":"Vietnam Vize Randevusu"}]},{"@type":"WebSite","@id":"https:\/\/www.myvize.com.tr\/vietnam\/#website","url":"https:\/\/www.myvize.com.tr\/vietnam\/","name":"Vietnam Vizesi","description":"","potentialAction":[{"@type":"SearchAction","target":{"@type":"EntryPoint","urlTemplate":"https:\/\/www.myvize.com.tr\/vietnam\/?s={search_term_string}"},"query-input":{"@type":"PropertyValueSpecification","valueRequired":true,"valueName":"search_term_string"}}],"inLanguage":"tr"}]}},"_links":{"self":[{"href":"https:\/\/www.myvize.com.tr\/vietnam\/wp-json\/wp\/v2\/pages\/39","targetHints":{"allow":["GET"]}}],"collection":[{"href":"https:\/\/www.myvize.com.tr\/vietnam\/wp-json\/wp\/v2\/pages"}],"about":[{"href":"https:\/\/www.myvize.com.tr\/vietnam\/wp-json\/wp\/v2\/types\/page"}],"author":[{"embeddable":true,"href":"https:\/\/www.myvize.com.tr\/vietnam\/wp-json\/wp\/v2\/users\/1"}],"replies":[{"embeddable":true,"href":"https:\/\/www.myvize.com.tr\/vietnam\/wp-json\/wp\/v2\/comments?post=39"}],"version-history":[{"count":9,"href":"https:\/\/www.myvize.com.tr\/vietnam\/wp-json\/wp\/v2\/pages\/39\/revisions"}],"predecessor-version":[{"id":485,"href":"https:\/\/www.myvize.com.tr\/vietnam\/wp-json\/wp\/v2\/pages\/39\/revisions\/485"}],"up":[{"embeddable":true,"href":"https:\/\/www.myvize.com.tr\/vietnam\/wp-json\/wp\/v2\/pages\/18"}],"wp:attachment":[{"href":"https:\/\/www.myvize.com.tr\/vietnam\/wp-json\/wp\/v2\/media?parent=39"}],"curies":[{"name":"wp","href":"https:\/\/api.w.org\/{rel}","templated":true}]}}